{"id":24830,"date":"2024-01-09T16:09:53","date_gmt":"2024-01-09T16:09:53","guid":{"rendered":"http:\/\/rucashk.com\/?post_type=product&#038;p=24830"},"modified":"2025-06-22T07:42:45","modified_gmt":"2025-06-22T07:42:45","slug":"xiaomi-mi-electric-scooter-pro2-wholesale","status":"publish","type":"product","link":"https:\/\/www.rucashk.com\/es\/producto\/xiaomi-mi-electric-scooter-pro2-wholesale\/","title":{"rendered":"Xiaomi Mi Scooter El\u00e9ctrico Pro2 Al Por Mayor"},"content":{"rendered":"<h2 style=\"text-align: center\"><strong>Patinete el\u00e9ctrico Xiaomi Mi Pro2<\/strong><\/h2>\n<h2 style=\"text-align: center\"><img fetchpriority=\"high\" decoding=\"async\" class=\"js-descLazyload lazy-loaded alignnone\" src=\"\/wp-content\/uploads\/replace\/a3ac7e2ef296353d819111bcaa70716c.jpeg\" alt=\"Xiaomi Mi Electric Scooter Pro2 Wholesale\" width=\"1000\" height=\"1000\" data-lazy=\"\/wp-content\/uploads\/replace\/a3ac7e2ef296353d819111bcaa70716c.jpeg\" data-was-processed=\"true\" \/><\/h2>\n<p><img decoding=\"async\" class=\"js-descLazyload lazy-loaded alignnone\" src=\"\/wp-content\/uploads\/replace\/59f5daf2ddc3432cb489a9856e3b56f9.jpeg\" alt=\"Xiaomi Mi Electric Scooter Pro2 Wholesale\" width=\"1905\" height=\"627\" data-lazy=\"\/wp-content\/uploads\/replace\/59f5daf2ddc3432cb489a9856e3b56f9.jpeg\" data-was-processed=\"true\" \/><\/p>\n<p><img decoding=\"async\" class=\"js-descLazyload lazy-loaded alignnone\" src=\"\/wp-content\/uploads\/replace\/9afc19c624376f7b2a6e2ea795a8b223.jpeg\" alt=\"Xiaomi Mi Electric Scooter Pro2 Wholesale\" width=\"1906\" height=\"830\" data-lazy=\"\/wp-content\/uploads\/replace\/9afc19c624376f7b2a6e2ea795a8b223.jpeg\" data-was-processed=\"true\" \/><\/p>\n<p><img loading=\"lazy\" decoding=\"async\" class=\"js-descLazyload lazy-loaded alignnone\" src=\"\/wp-content\/uploads\/replace\/7674fdd61aa6e825f28362914d7158f4.jpeg\" alt=\"Xiaomi Mi Electric Scooter Pro2 Wholesale\" width=\"1905\" height=\"802\" data-lazy=\"\/wp-content\/uploads\/replace\/7674fdd61aa6e825f28362914d7158f4.jpeg\" data-was-processed=\"true\" \/><\/p>\n<p><img loading=\"lazy\" decoding=\"async\" class=\"js-descLazyload lazy-loaded alignnone\" src=\"\/wp-content\/uploads\/replace\/3f3b88a2d33978de686312901f00e7c4.jpeg\" alt=\"Xiaomi Mi Electric Scooter Pro2 Wholesale\" width=\"1905\" height=\"831\" data-lazy=\"\/wp-content\/uploads\/replace\/3f3b88a2d33978de686312901f00e7c4.jpeg\" data-was-processed=\"true\" \/><\/p>\n<p><img loading=\"lazy\" decoding=\"async\" class=\"js-descLazyload lazy-loaded alignnone\" src=\"\/wp-content\/uploads\/replace\/6a4ce732fd88f3a45fc3197d5666e773.jpeg\" alt=\"Xiaomi Mi Electric Scooter Pro2 Wholesale\" width=\"1905\" height=\"831\" data-lazy=\"\/wp-content\/uploads\/replace\/6a4ce732fd88f3a45fc3197d5666e773.jpeg\" data-was-processed=\"true\" \/><\/p>\n<p><img loading=\"lazy\" decoding=\"async\" class=\"js-descLazyload lazy-loaded alignnone\" src=\"\/wp-content\/uploads\/replace\/8961e6046a0c97042e56b2dd66cbbc1f.jpeg\" alt=\"Xiaomi Mi Electric Scooter Pro2 Wholesale\" width=\"1905\" height=\"830\" data-lazy=\"\/wp-content\/uploads\/replace\/8961e6046a0c97042e56b2dd66cbbc1f.jpeg\" data-was-processed=\"true\" \/><\/p>\n<p><img decoding=\"async\" alt=\"Xiaomi Mi Electric Scooter Pro2 Wholesale\" class=\"js-descLazyload lazy-loaded\" src=\"\/wp-content\/uploads\/replace\/d9869747ca9c832fd60ef7598e834d76.jpeg\" data-lazy=\"\/wp-content\/uploads\/replace\/d9869747ca9c832fd60ef7598e834d76.jpeg\" data-was-processed=\"true\" \/><\/p>\n<p><img loading=\"lazy\" decoding=\"async\" class=\"js-descLazyload lazy-loaded alignnone\" src=\"\/wp-content\/uploads\/replace\/3588a611f1f8d7a4b0b8683d9302899d.jpeg\" alt=\"Xiaomi Mi Electric Scooter Pro2 Wholesale\" width=\"1905\" height=\"746\" data-lazy=\"\/wp-content\/uploads\/replace\/3588a611f1f8d7a4b0b8683d9302899d.jpeg\" data-was-processed=\"true\" \/><\/p>\n<p><img loading=\"lazy\" decoding=\"async\" class=\"js-descLazyload lazy-loaded alignnone\" src=\"\/wp-content\/uploads\/replace\/19867c2b38ed853a57df6aabdb0d5d5a.jpeg\" alt=\"Xiaomi Mi Electric Scooter Pro2 Wholesale\" width=\"1905\" height=\"451\" data-lazy=\"\/wp-content\/uploads\/replace\/19867c2b38ed853a57df6aabdb0d5d5a.jpeg\" data-was-processed=\"true\" \/><\/p>\n<p><img decoding=\"async\" alt=\"Xiaomi Mi Electric Scooter Pro2 Wholesale\" class=\"js-descLazyload lazy-loaded\" src=\"\/wp-content\/uploads\/replace\/91041a24316a8727feefdf8d6bb03693.jpeg\" data-lazy=\"\/wp-content\/uploads\/replace\/91041a24316a8727feefdf8d6bb03693.jpeg\" data-was-processed=\"true\" \/><\/p>\n<p><img decoding=\"async\" alt=\"Xiaomi Mi Electric Scooter Pro2 Wholesale\" class=\"js-descLazyload lazy-loaded\" src=\"\/wp-content\/uploads\/replace\/509368af6cbdaee17991a27f5ff976c3.jpeg\" data-lazy=\"\/wp-content\/uploads\/replace\/509368af6cbdaee17991a27f5ff976c3.jpeg\" data-was-processed=\"true\" \/><\/p>\n<p><img loading=\"lazy\" decoding=\"async\" class=\"js-descLazyload lazy-loaded alignnone\" src=\"\/wp-content\/uploads\/replace\/0791c3d699b9a63f427e9b0732409f53.jpeg\" alt=\"Xiaomi Mi Electric Scooter Pro2 Wholesale\" width=\"1905\" height=\"639\" data-lazy=\"\/wp-content\/uploads\/replace\/0791c3d699b9a63f427e9b0732409f53.jpeg\" data-was-processed=\"true\" \/><\/p>\n<p><img loading=\"lazy\" decoding=\"async\" class=\"js-descLazyload lazy-loaded alignnone\" src=\"\/wp-content\/uploads\/replace\/1da75a8a9ec9b04bddf0c1dac2b01f00.jpeg\" alt=\"Xiaomi Mi Electric Scooter Pro2 Wholesale\" width=\"1906\" height=\"821\" data-lazy=\"\/wp-content\/uploads\/replace\/1da75a8a9ec9b04bddf0c1dac2b01f00.jpeg\" data-was-processed=\"true\" \/><\/p>\n<p><img loading=\"lazy\" decoding=\"async\" class=\"js-descLazyload lazy-loaded alignnone\" src=\"\/wp-content\/uploads\/replace\/5c85acb3fe99aa7a0e3bd3f475bcb3bb.jpeg\" alt=\"Xiaomi Mi Electric Scooter Pro2 Wholesale\" width=\"1903\" height=\"829\" data-lazy=\"\/wp-content\/uploads\/replace\/5c85acb3fe99aa7a0e3bd3f475bcb3bb.jpeg\" data-was-processed=\"true\" \/><\/p>\n<p><img decoding=\"async\" alt=\"Xiaomi Mi Electric Scooter Pro2 Wholesale\" class=\"js-descLazyload lazy-loaded\" src=\"\/wp-content\/uploads\/replace\/647dcc9c78571c56622a898bb028ee6f.jpeg\" data-lazy=\"\/wp-content\/uploads\/replace\/647dcc9c78571c56622a898bb028ee6f.jpeg\" data-was-processed=\"true\" \/><\/p>\n<p>&nbsp;<\/p>\n<p>&nbsp;<\/p>\n<p><strong>Especificaci\u00f3n<\/strong><\/p>\n<p>Marca: Xiaomi<br \/>\nModelo:Pro 2<br \/>\nTipo: Patinete el\u00e9ctrico<br \/>\nPara: adultos, trabajadores de oficina, adolescentes<br \/>\nPlegable: S\u00ed<br \/>\nN\u00famero de rueda: 2 ruedas<br \/>\nTipo de asiento: sin asiento<br \/>\nTipo de plegado: plegable<\/p>\n<p>&nbsp;<\/p>","protected":false},"excerpt":{"rendered":"<h3>Principales caracter\u00edsticas:<\/h3>\n<ul>\n<li>Elegante y elegante, port\u00e1til y seguro Dise\u00f1o minimalista, aleaci\u00f3n de aluminio de calidad aeron\u00e1utica para el cuerpo principal. Solo toma 3 segundos plegarlo y listo. 14,2 kilogramos.<\/li>\n<li>Las bater\u00edas de alta calidad garantizan una distancia de conducci\u00f3n de hasta 45 km.<\/li>\n<li>Neum\u00e1ticos antideslizantes y amortiguadores.<\/li>\n<li>Sofisticado control de crucero y sistema de recuperaci\u00f3n de energ\u00eda cin\u00e9tica (KERS)<\/li>\n<li>Sistema de frenado doble<\/li>\n<\/ul>","protected":false},"featured_media":24934,"template":"","meta":[],"product_brand":[1363],"product_cat":[1314,1305],"product_tag":[1162],"class_list":{"0":"post-24830","1":"product","2":"type-product","3":"status-publish","4":"has-post-thumbnail","6":"product_brand-xiaomi","7":"product_cat-mi-scooter","8":"product_cat-xiaomi-eco","9":"product_tag-xiaomi-mi-electric-scooter-pro2","11":"first","12":"instock","13":"shipping-taxable","14":"product-type-external"},"aioseo_notices":[],"aioseo_head":"\n\t\t<!-- All in One SEO Pro 4.5.9.2 - aioseo.com -->\n\t\t<meta name=\"description\" content=\"Main Features\uff1a Sleek and elegant, portable and safe Minimalist design, aircraft-grade aluminum alloy for the main body. Takes only 3 seconds to fold and go. 14.2 kg. High quality batteries guarantee a riding distance up to 45km Skid-resistant and shock-absorbing pneumatic tires Sophisticated cruise control and kinetic energy recovery system (KERS) Dual braking system\" \/>\n\t\t<meta name=\"robots\" content=\"max-image-preview:large\" \/>\n\t\t<link rel=\"canonical\" href=\"https:\/\/www.rucashk.com\/es\/producto\/xiaomi-mi-electric-scooter-pro2-wholesale\/\" \/>\n\t\t<meta name=\"generator\" content=\"All in One SEO Pro (AIOSEO) 4.5.9.2\" \/>\n\t\t<meta property=\"og:locale\" content=\"es_ES\" \/>\n\t\t<meta property=\"og:site_name\" content=\"Rucas - One-stop AIoT Distribution Worldwide\" \/>\n\t\t<meta property=\"og:type\" content=\"article\" \/>\n\t\t<meta property=\"og:title\" content=\"Xiaomi Mi Electric Scooter Pro2 Wholesale - Rucas - Wholesale and Distribution\" \/>\n\t\t<meta property=\"og:description\" content=\"Main Features\uff1a Sleek and elegant, portable and safe Minimalist design, aircraft-grade aluminum alloy for the main body. Takes only 3 seconds to fold and go. 14.2 kg. High quality batteries guarantee a riding distance up to 45km Skid-resistant and shock-absorbing pneumatic tires Sophisticated cruise control and kinetic energy recovery system (KERS) Dual braking system\" \/>\n\t\t<meta property=\"og:url\" content=\"https:\/\/www.rucashk.com\/es\/producto\/xiaomi-mi-electric-scooter-pro2-wholesale\/\" \/>\n\t\t<meta property=\"og:image\" content=\"https:\/\/www.rucashk.com\/wp-content\/uploads\/replace\/503b8e645f128a97ccde2b6290747646.jpeg\" \/>\n\t\t<meta property=\"og:image:secure_url\" content=\"https:\/\/www.rucashk.com\/wp-content\/uploads\/replace\/503b8e645f128a97ccde2b6290747646.jpeg\" \/>\n\t\t<meta property=\"og:image:width\" content=\"1456\" \/>\n\t\t<meta property=\"og:image:height\" content=\"816\" \/>\n\t\t<meta property=\"article:published_time\" content=\"2024-01-09T16:09:53+00:00\" \/>\n\t\t<meta property=\"article:modified_time\" content=\"2025-06-22T07:42:45+00:00\" \/>\n\t\t<meta name=\"twitter:card\" content=\"summary_large_image\" \/>\n\t\t<meta name=\"twitter:title\" content=\"Xiaomi Mi Electric Scooter Pro2 Wholesale - Rucas - Wholesale and Distribution\" \/>\n\t\t<meta name=\"twitter:description\" content=\"Main Features\uff1a Sleek and elegant, portable and safe Minimalist design, aircraft-grade aluminum alloy for the main body. Takes only 3 seconds to fold and go. 14.2 kg. High quality batteries guarantee a riding distance up to 45km Skid-resistant and shock-absorbing pneumatic tires Sophisticated cruise control and kinetic energy recovery system (KERS) Dual braking system\" \/>\n\t\t<meta name=\"twitter:image\" content=\"https:\/\/www.rucashk.com\/wp-content\/uploads\/replace\/503b8e645f128a97ccde2b6290747646.jpeg\" \/>\n\t\t<script type=\"application\/ld+json\" class=\"aioseo-schema\">\n\t\t\t{\"@context\":\"https:\\\/\\\/schema.org\",\"@graph\":[{\"@type\":\"BreadcrumbList\",\"@id\":\"https:\\\/\\\/www.rucashk.com\\\/es\\\/producto\\\/xiaomi-mi-electric-scooter-pro2-wholesale\\\/#breadcrumblist\",\"itemListElement\":[{\"@type\":\"ListItem\",\"@id\":\"https:\\\/\\\/www.rucashk.com\\\/es\\\/#listItem\",\"position\":1,\"name\":\"Home\",\"item\":\"https:\\\/\\\/www.rucashk.com\\\/es\\\/\",\"nextItem\":\"https:\\\/\\\/www.rucashk.com\\\/es\\\/producto\\\/xiaomi-mi-electric-scooter-pro2-wholesale\\\/#listItem\"},{\"@type\":\"ListItem\",\"@id\":\"https:\\\/\\\/www.rucashk.com\\\/es\\\/producto\\\/xiaomi-mi-electric-scooter-pro2-wholesale\\\/#listItem\",\"position\":2,\"name\":\"Xiaomi Mi Electric Scooter Pro2 Wholesale\",\"previousItem\":\"https:\\\/\\\/www.rucashk.com\\\/es\\\/#listItem\"}]},{\"@type\":\"Organization\",\"@id\":\"https:\\\/\\\/www.rucashk.com\\\/es\\\/#organization\",\"name\":\"Rucas\",\"url\":\"https:\\\/\\\/www.rucashk.com\\\/es\\\/\",\"logo\":{\"@type\":\"ImageObject\",\"url\":\"https:\\\/\\\/www.rucashk.com\\\/wp-content\\\/uploads\\\/2023\\\/12\\\/Rucas_campany_logo.png\",\"@id\":\"https:\\\/\\\/www.rucashk.com\\\/es\\\/producto\\\/xiaomi-mi-electric-scooter-pro2-wholesale\\\/#organizationLogo\",\"width\":221,\"height\":65},\"image\":{\"@id\":\"https:\\\/\\\/www.rucashk.com\\\/es\\\/#organizationLogo\"}},{\"@type\":\"Person\",\"@id\":\"https:\\\/\\\/www.rucashk.com\\\/es\\\/author\\\/admin\\\/#author\",\"url\":\"https:\\\/\\\/www.rucashk.com\\\/es\\\/author\\\/admin\\\/\",\"name\":\"admin\",\"image\":{\"@type\":\"ImageObject\",\"@id\":\"https:\\\/\\\/www.rucashk.com\\\/es\\\/producto\\\/xiaomi-mi-electric-scooter-pro2-wholesale\\\/#authorImage\",\"url\":\"https:\\\/\\\/secure.gravatar.com\\\/avatar\\\/b7c8925b09a27e72b30232f8ecaadbd5af0f70a38c78096863fe51b64f031c24?s=96&d=mm&r=g\",\"width\":96,\"height\":96,\"caption\":\"admin\"}},{\"@type\":\"WebPage\",\"@id\":\"https:\\\/\\\/www.rucashk.com\\\/es\\\/producto\\\/xiaomi-mi-electric-scooter-pro2-wholesale\\\/#webpage\",\"url\":\"https:\\\/\\\/www.rucashk.com\\\/es\\\/producto\\\/xiaomi-mi-electric-scooter-pro2-wholesale\\\/\",\"name\":\"Xiaomi Mi Electric Scooter Pro2 Wholesale - Rucas - Wholesale and Distribution\",\"description\":\"Main Features\\uff1a Sleek and elegant, portable and safe Minimalist design, aircraft-grade aluminum alloy for the main body. Takes only 3 seconds to fold and go. 14.2 kg. High quality batteries guarantee a riding distance up to 45km Skid-resistant and shock-absorbing pneumatic tires Sophisticated cruise control and kinetic energy recovery system (KERS) Dual braking system\",\"inLanguage\":\"es-ES\",\"isPartOf\":{\"@id\":\"https:\\\/\\\/www.rucashk.com\\\/es\\\/#website\"},\"breadcrumb\":{\"@id\":\"https:\\\/\\\/www.rucashk.com\\\/es\\\/producto\\\/xiaomi-mi-electric-scooter-pro2-wholesale\\\/#breadcrumblist\"},\"author\":{\"@id\":\"https:\\\/\\\/www.rucashk.com\\\/es\\\/author\\\/admin\\\/#author\"},\"creator\":{\"@id\":\"https:\\\/\\\/www.rucashk.com\\\/es\\\/author\\\/admin\\\/#author\"},\"image\":{\"@type\":\"ImageObject\",\"url\":\"https:\\\/\\\/www.rucashk.com\\\/wp-content\\\/uploads\\\/2024\\\/01\\\/a1e6d2e5-9b03-405a-ab9d-b6ce8d930d02.png\",\"@id\":\"https:\\\/\\\/www.rucashk.com\\\/es\\\/producto\\\/xiaomi-mi-electric-scooter-pro2-wholesale\\\/#mainImage\",\"width\":800,\"height\":800},\"primaryImageOfPage\":{\"@id\":\"https:\\\/\\\/www.rucashk.com\\\/es\\\/producto\\\/xiaomi-mi-electric-scooter-pro2-wholesale\\\/#mainImage\"},\"datePublished\":\"2024-01-09T16:09:53+00:00\",\"dateModified\":\"2025-06-22T07:42:45+00:00\"},{\"@type\":\"WebSite\",\"@id\":\"https:\\\/\\\/www.rucashk.com\\\/es\\\/#website\",\"url\":\"https:\\\/\\\/www.rucashk.com\\\/es\\\/\",\"name\":\"Rucas - Wholesale and distribution worldwide\",\"alternateName\":\"Rucas - One-stop AIoT Distribution Worldwide\",\"description\":\"One-stop AIoT Distribution Worldwide\",\"inLanguage\":\"es-ES\",\"publisher\":{\"@id\":\"https:\\\/\\\/www.rucashk.com\\\/es\\\/#organization\"}}]}\n\t\t<\/script>\n\t\t<!-- All in One SEO Pro -->\r\n\t\t<title>Xiaomi Mi Electric Scooter Pro2 Wholesale - Rucas - Wholesale and Distribution<\/title>\n\n","aioseo_head_json":{"title":"Xiaomi Mi Electric Scooter Pro2 Wholesale - Rucas - Wholesale and Distribution","description":"Main Features\uff1a Sleek and elegant, portable and safe Minimalist design, aircraft-grade aluminum alloy for the main body. Takes only 3 seconds to fold and go. 14.2 kg. High quality batteries guarantee a riding distance up to 45km Skid-resistant and shock-absorbing pneumatic tires Sophisticated cruise control and kinetic energy recovery system (KERS) Dual braking system","canonical_url":"https:\/\/www.rucashk.com\/es\/producto\/xiaomi-mi-electric-scooter-pro2-wholesale\/","robots":"max-image-preview:large","keywords":"","webmasterTools":{"miscellaneous":""},"og:locale":"es_ES","og:site_name":"Rucas - One-stop AIoT Distribution Worldwide","og:type":"article","og:title":"Xiaomi Mi Electric Scooter Pro2 Wholesale - Rucas - Wholesale and Distribution","og:description":"Main Features\uff1a Sleek and elegant, portable and safe Minimalist design, aircraft-grade aluminum alloy for the main body. Takes only 3 seconds to fold and go. 14.2 kg. High quality batteries guarantee a riding distance up to 45km Skid-resistant and shock-absorbing pneumatic tires Sophisticated cruise control and kinetic energy recovery system (KERS) Dual braking system","og:url":"https:\/\/www.rucashk.com\/es\/producto\/xiaomi-mi-electric-scooter-pro2-wholesale\/","og:image":"https:\/\/www.rucashk.com\/wp-content\/uploads\/replace\/503b8e645f128a97ccde2b6290747646.jpeg","og:image:secure_url":"https:\/\/www.rucashk.com\/wp-content\/uploads\/replace\/503b8e645f128a97ccde2b6290747646.jpeg","og:image:width":1456,"og:image:height":816,"article:published_time":"2024-01-09T16:09:53+00:00","article:modified_time":"2025-06-22T07:42:45+00:00","twitter:card":"summary_large_image","twitter:title":"Xiaomi Mi Electric Scooter Pro2 Wholesale - Rucas - Wholesale and Distribution","twitter:description":"Main Features\uff1a Sleek and elegant, portable and safe Minimalist design, aircraft-grade aluminum alloy for the main body. Takes only 3 seconds to fold and go. 14.2 kg. High quality batteries guarantee a riding distance up to 45km Skid-resistant and shock-absorbing pneumatic tires Sophisticated cruise control and kinetic energy recovery system (KERS) Dual braking system","twitter:image":"https:\/\/www.rucashk.com\/wp-content\/uploads\/replace\/503b8e645f128a97ccde2b6290747646.jpeg","schema":{"@context":"https:\/\/schema.org","@graph":[{"@type":"BreadcrumbList","@id":"https:\/\/www.rucashk.com\/es\/producto\/xiaomi-mi-electric-scooter-pro2-wholesale\/#breadcrumblist","itemListElement":[{"@type":"ListItem","@id":"https:\/\/www.rucashk.com\/es\/#listItem","position":1,"name":"Home","item":"https:\/\/www.rucashk.com\/es\/","nextItem":"https:\/\/www.rucashk.com\/es\/producto\/xiaomi-mi-electric-scooter-pro2-wholesale\/#listItem"},{"@type":"ListItem","@id":"https:\/\/www.rucashk.com\/es\/producto\/xiaomi-mi-electric-scooter-pro2-wholesale\/#listItem","position":2,"name":"Xiaomi Mi Electric Scooter Pro2 Wholesale","previousItem":"https:\/\/www.rucashk.com\/es\/#listItem"}]},{"@type":"Organization","@id":"https:\/\/www.rucashk.com\/es\/#organization","name":"Rucas","url":"https:\/\/www.rucashk.com\/es\/","logo":{"@type":"ImageObject","url":"https:\/\/www.rucashk.com\/wp-content\/uploads\/2023\/12\/Rucas_campany_logo.png","@id":"https:\/\/www.rucashk.com\/es\/producto\/xiaomi-mi-electric-scooter-pro2-wholesale\/#organizationLogo","width":221,"height":65},"image":{"@id":"https:\/\/www.rucashk.com\/es\/#organizationLogo"}},{"@type":"Person","@id":"https:\/\/www.rucashk.com\/es\/author\/admin\/#author","url":"https:\/\/www.rucashk.com\/es\/author\/admin\/","name":"admin","image":{"@type":"ImageObject","@id":"https:\/\/www.rucashk.com\/es\/producto\/xiaomi-mi-electric-scooter-pro2-wholesale\/#authorImage","url":"https:\/\/secure.gravatar.com\/avatar\/b7c8925b09a27e72b30232f8ecaadbd5af0f70a38c78096863fe51b64f031c24?s=96&d=mm&r=g","width":96,"height":96,"caption":"admin"}},{"@type":"WebPage","@id":"https:\/\/www.rucashk.com\/es\/producto\/xiaomi-mi-electric-scooter-pro2-wholesale\/#webpage","url":"https:\/\/www.rucashk.com\/es\/producto\/xiaomi-mi-electric-scooter-pro2-wholesale\/","name":"Xiaomi Mi Electric Scooter Pro2 Wholesale - Rucas - Wholesale and Distribution","description":"Main Features\uff1a Sleek and elegant, portable and safe Minimalist design, aircraft-grade aluminum alloy for the main body. Takes only 3 seconds to fold and go. 14.2 kg. High quality batteries guarantee a riding distance up to 45km Skid-resistant and shock-absorbing pneumatic tires Sophisticated cruise control and kinetic energy recovery system (KERS) Dual braking system","inLanguage":"es-ES","isPartOf":{"@id":"https:\/\/www.rucashk.com\/es\/#website"},"breadcrumb":{"@id":"https:\/\/www.rucashk.com\/es\/producto\/xiaomi-mi-electric-scooter-pro2-wholesale\/#breadcrumblist"},"author":{"@id":"https:\/\/www.rucashk.com\/es\/author\/admin\/#author"},"creator":{"@id":"https:\/\/www.rucashk.com\/es\/author\/admin\/#author"},"image":{"@type":"ImageObject","url":"https:\/\/www.rucashk.com\/wp-content\/uploads\/2024\/01\/a1e6d2e5-9b03-405a-ab9d-b6ce8d930d02.png","@id":"https:\/\/www.rucashk.com\/es\/producto\/xiaomi-mi-electric-scooter-pro2-wholesale\/#mainImage","width":800,"height":800},"primaryImageOfPage":{"@id":"https:\/\/www.rucashk.com\/es\/producto\/xiaomi-mi-electric-scooter-pro2-wholesale\/#mainImage"},"datePublished":"2024-01-09T16:09:53+00:00","dateModified":"2025-06-22T07:42:45+00:00"},{"@type":"WebSite","@id":"https:\/\/www.rucashk.com\/es\/#website","url":"https:\/\/www.rucashk.com\/es\/","name":"Rucas - Wholesale and distribution worldwide","alternateName":"Rucas - One-stop AIoT Distribution Worldwide","description":"One-stop AIoT Distribution Worldwide","inLanguage":"es-ES","publisher":{"@id":"https:\/\/www.rucashk.com\/es\/#organization"}}]}},"aioseo_meta_data":{"post_id":"24830","title":null,"description":null,"keywords":null,"keyphrases":null,"primary_term":null,"canonical_url":null,"og_title":null,"og_description":null,"og_object_type":"default","og_image_type":"default","og_image_url":null,"og_image_width":null,"og_image_height":null,"og_image_custom_url":null,"og_image_custom_fields":null,"og_video":null,"og_custom_url":null,"og_article_section":null,"og_article_tags":null,"twitter_use_og":false,"twitter_card":"default","twitter_image_type":"default","twitter_image_url":null,"twitter_image_custom_url":null,"twitter_image_custom_fields":null,"twitter_title":null,"twitter_description":null,"schema":{"blockGraphs":[],"customGraphs":[],"default":{"data":{"Article":[],"Course":[],"Dataset":[],"FAQPage":[],"Movie":[],"Person":[],"Product":[],"Recipe":[],"Service":[],"SoftwareApplication":[],"WebPage":[]},"graphName":"","isEnabled":true},"graphs":[]},"schema_type":"default","schema_type_options":null,"pillar_content":false,"robots_default":true,"robots_noindex":false,"robots_noarchive":false,"robots_nosnippet":false,"robots_nofollow":false,"robots_noimageindex":false,"robots_noodp":false,"robots_notranslate":false,"robots_max_snippet":null,"robots_max_videopreview":null,"robots_max_imagepreview":"large","priority":null,"frequency":null,"local_seo":null,"breadcrumb_settings":null,"limit_modified_date":false,"created":"2024-04-11 01:57:15","updated":"2025-06-22 17:41:02"},"aioseo_breadcrumb":"<div class=\"aioseo-breadcrumbs\"><span class=\"aioseo-breadcrumb\">\n\t<a href=\"https:\/\/www.rucashk.com\/es\" title=\"Home\">Home<\/a>\n<\/span><span class=\"aioseo-breadcrumb-separator\">&raquo;<\/span><span class=\"aioseo-breadcrumb\">\n\t<a href=\"https:\/\/www.rucashk.com\/es\/products\/\" title=\"Productos\">Productos<\/a>\n<\/span><span class=\"aioseo-breadcrumb-separator\">&raquo;<\/span><span class=\"aioseo-breadcrumb\">\n\t<a href=\"https:\/\/www.rucashk.com\/es\/marca\/xiaomi\/\" title=\"Xiaomi\">Xiaomi<\/a>\n<\/span><span class=\"aioseo-breadcrumb-separator\">&raquo;<\/span><span class=\"aioseo-breadcrumb\">\n\tXiaomi Mi Electric Scooter Pro2 Wholesale\n<\/span><\/div>","aioseo_breadcrumb_json":[{"label":"Home","link":"https:\/\/www.rucashk.com\/es"},{"label":"Productos","link":"https:\/\/www.rucashk.com\/es\/products\/"},{"label":"Xiaomi","link":"https:\/\/www.rucashk.com\/es\/marca\/xiaomi\/"},{"label":"Xiaomi Mi Electric Scooter Pro2 Wholesale","link":"https:\/\/www.rucashk.com\/es\/producto\/xiaomi-mi-electric-scooter-pro2-wholesale\/"}],"_links":{"self":[{"href":"https:\/\/www.rucashk.com\/es\/wp-json\/wp\/v2\/product\/24830","targetHints":{"allow":["GET"]}}],"collection":[{"href":"https:\/\/www.rucashk.com\/es\/wp-json\/wp\/v2\/product"}],"about":[{"href":"https:\/\/www.rucashk.com\/es\/wp-json\/wp\/v2\/types\/product"}],"wp:featuredmedia":[{"embeddable":true,"href":"https:\/\/www.rucashk.com\/es\/wp-json\/wp\/v2\/media\/24934"}],"wp:attachment":[{"href":"https:\/\/www.rucashk.com\/es\/wp-json\/wp\/v2\/media?parent=24830"}],"wp:term":[{"taxonomy":"product_brand","embeddable":true,"href":"https:\/\/www.rucashk.com\/es\/wp-json\/wp\/v2\/product_brand?post=24830"},{"taxonomy":"product_cat","embeddable":true,"href":"https:\/\/www.rucashk.com\/es\/wp-json\/wp\/v2\/product_cat?post=24830"},{"taxonomy":"product_tag","embeddable":true,"href":"https:\/\/www.rucashk.com\/es\/wp-json\/wp\/v2\/product_tag?post=24830"}],"curies":[{"name":"wp","href":"https:\/\/api.w.org\/{rel}","templated":true}]}}