{"id":24806,"date":"2024-01-09T16:09:29","date_gmt":"2024-01-09T16:09:29","guid":{"rendered":"http:\/\/rucashk.com\/?post_type=product&#038;p=24806"},"modified":"2024-03-13T06:31:30","modified_gmt":"2024-03-13T06:31:30","slug":"realme-band-1-wholesale","status":"publish","type":"product","link":"https:\/\/www.rucashk.com\/es\/producto\/realme-band-1-wholesale\/","title":{"rendered":"Realme banda 1 al por mayor"},"content":{"rendered":"<div class=\"sec-remark-row\">\n<div class=\"sec-remark-col\">\n<h2 style=\"text-align: center\">Realme banda 1<\/h2>\n<h2 style=\"text-align: center\"><img fetchpriority=\"high\" decoding=\"async\" class=\"alignnone wp-image-22598 size-full\" src=\"\/wp-content\/uploads\/replace\/f505729b520e2b4d135cdbd83d0e108a.png\" alt=\"Realme Band 1 Wholesale\" width=\"1330\" height=\"668\" \/><img decoding=\"async\" class=\"alignnone wp-image-22599 size-full\" src=\"\/wp-content\/uploads\/replace\/d928c1c2e7b6d0863a643bf6ae9d203d.png\" alt=\"Realme Band 1 Wholesale\" width=\"1330\" height=\"620\" \/><img decoding=\"async\" class=\"alignnone wp-image-22600 size-full\" src=\"\/wp-content\/uploads\/replace\/a34a11f6504866cc848649016a1ebb23.png\" alt=\"Realme Band 1 Wholesale\" width=\"1330\" height=\"607\" \/><img loading=\"lazy\" decoding=\"async\" class=\"alignnone wp-image-22601 size-full\" src=\"\/wp-content\/uploads\/replace\/b283bdb4d25cd0ae740c0af10ee243a2.png\" alt=\"Realme Band 1 Wholesale\" width=\"1330\" height=\"597\" \/><img loading=\"lazy\" decoding=\"async\" class=\"alignnone wp-image-22602 size-full\" src=\"\/wp-content\/uploads\/replace\/707da5d8710a84610ff4f238e8ffe21e.png\" alt=\"Realme Band 1 Wholesale\" width=\"1330\" height=\"606\" \/><img loading=\"lazy\" decoding=\"async\" class=\"alignnone wp-image-22603 size-full\" src=\"\/wp-content\/uploads\/replace\/f1dc21117219155a498d39c55af88855.png\" alt=\"Realme Band 1 Wholesale\" width=\"1330\" height=\"607\" \/><img loading=\"lazy\" decoding=\"async\" class=\"alignnone wp-image-22604 size-full\" src=\"\/wp-content\/uploads\/replace\/b190c678dfddc0377572865fe464f65d.png\" alt=\"Realme Band 1 Wholesale\" width=\"1330\" height=\"567\" \/><\/h2>\n<h3 class=\"sec-spec-title opensans-semibold\">Apariencia<\/h3>\n<p>Color: negro, verde, amarillo<\/p>\n<p>Tama\u00f1o: 19,6*11,9*240mm (ancho x alto x largo)<\/p>\n<p>Peso: 20g<\/p>\n<\/div>\n<div class=\"sec-remark-col\">\n<h3 class=\"sec-spec-title opensans-semibold\">Correa para la mu\u00f1eca<\/h3>\n<p>Tipo: correa de mu\u00f1eca extra\u00edble<\/p>\n<p>Ancho: 16 mm<\/p>\n<p>Longitud ajustable: 152-227 mm<\/p>\n<\/div>\n<div class=\"sec-remark-col\">\n<h3 class=\"sec-spec-title opensans-semibold\">Bater\u00eda<\/h3>\n<p>Capacidad de la bater\u00eda: carga de 90 mAh (BIS)<\/p>\n<p>Tiempo de trabajo te\u00f3rico: 10 d\u00edas<\/p>\n<p class=\"sec-spec-ext\">* 7 a 10 d\u00edas con monitor de frecuencia card\u00edaca encendido<\/p>\n<\/div>\n<div class=\"sec-remark-col\">\n<h3 class=\"sec-spec-title opensans-semibold\">Pantalla<\/h3>\n<p>Tama\u00f1o de pantalla: 2,4 cm (0,96\u201d)<\/p>\n<p>Resoluci\u00f3n: 80*160<\/p>\n<p>Un solo bot\u00f3n virtual<\/p>\n<\/div>\n<div class=\"sec-remark-col\">\n<h3 class=\"sec-spec-title opensans-semibold\">Sensor<\/h3>\n<p>Aceler\u00f3metro de 3 ejes<\/p>\n<p>sensor de frecuencia cardiaca<\/p>\n<p>Motor de vibraci\u00f3n del rotor<\/p>\n<p>Clasificaci\u00f3n de resistencia al agua IP68 (1,5 m)<\/p>\n<\/div>\n<div class=\"sec-remark-col\">\n<h3 class=\"sec-spec-title opensans-semibold\">Conectividad<\/h3>\n<p>bluetooth 4.2<\/p>\n<p>Aplicaci\u00f3n de enlace realme<\/p>\n<p>Androide 5.0+<\/p>\n<\/div>\n<div class=\"sec-remark-col\">\n<h3 class=\"sec-spec-title opensans-semibold\">monitor de salud<\/h3>\n<p>Medici\u00f3n automatizada de frecuencia card\u00edaca, frecuencia card\u00edaca en tiempo real las 24 horas, frecuencia card\u00edaca en reposo, frecuencia card\u00edaca de ejercicio, detecci\u00f3n de sue\u00f1o, pasos a lo largo del d\u00eda, calor\u00edas, distancia, recordatorio de agua, recordatorio de sedentarismo<\/p>\n<\/div>\n<div class=\"sec-remark-col\">\n<h3 class=\"sec-spec-title opensans-semibold\">Modo deportivo<\/h3>\n<p>Cricket, yoga, correr, caminar, hacer senderismo, escalar, andar en bicicleta, spinning, fitness<\/p>\n<\/div>\n<\/div>\n<div class=\"sec-remark-other\">\n<h3 class=\"sec-spec-title opensans-semibold\">Otra funci\u00f3n<\/h3>\n<p>Reloj, visualizaci\u00f3n de fecha, pantalla horizontal y vertical, dial, multidial en la nube, actualizaci\u00f3n OTA, fuente multiling\u00fce en la nube, almacenamiento de datos, datos de todo el d\u00eda, reconocimiento autom\u00e1tico de movimiento, notificaci\u00f3n de llamadas, recordatorio de mensajes, recordatorio de alarma, recordatorio de cumplimiento de objetivos , recordatorio de confirmaci\u00f3n vinculante, recordatorio de bater\u00eda baja, ajuste de brillo, reducci\u00f3n autom\u00e1tica de brillo por la noche, desbloqueo de aproximaci\u00f3n, pron\u00f3stico del tiempo, monitoreo de desgaste<\/p>\n<p class=\"sec-spec-ext\">* OTA pronto incluir\u00e1 funciones de pron\u00f3stico del tiempo, fuente en varios idiomas y dial m\u00faltiple en la nube.<\/p>\n<\/div>\n<p>&nbsp;<\/p>","protected":false},"excerpt":{"rendered":"<div class=\"sec-remark-col\">\n<p><strong>Principales caracter\u00edsticas<\/strong><\/p>\n<\/div>\n<div class=\"sec-remark-col\">\n<p>Correa de mu\u00f1eca extra\u00edble<\/p>\n<\/div>\n<div class=\"sec-remark-col\">\n<p class=\"sec-spec-title opensans-semibold\">Bater\u00eda de larga duraci\u00f3n<\/p>\n<\/div>\n<div class=\"sec-remark-col\">\n<p class=\"sec-spec-title opensans-semibold\">Monitor de salud<\/p>\n<\/div>\n<div class=\"sec-remark-col\">\n<p class=\"sec-spec-title opensans-semibold\">9 modos deportivos<\/p>\n<p>&nbsp;<\/p>\n<\/div>","protected":false},"featured_media":24914,"template":"","meta":[],"product_brand":[],"product_cat":[1349,1305],"product_tag":[1157],"class_list":{"0":"post-24806","1":"product","2":"type-product","3":"status-publish","4":"has-post-thumbnail","6":"product_cat-realme-earphone-xiaomi-eco","7":"product_cat-xiaomi-eco","8":"product_tag-realme-band-1","10":"first","11":"instock","12":"shipping-taxable","13":"product-type-external"},"aioseo_notices":[],"aioseo_head":"\n\t\t<!-- All in One SEO Pro 4.5.9.2 - aioseo.com -->\n\t\t<meta name=\"description\" content=\"Main Features Removable wrist strap Long Battery Life Health Monitor 9 Sport modes\" \/>\n\t\t<meta name=\"robots\" content=\"max-image-preview:large\" \/>\n\t\t<link rel=\"canonical\" href=\"https:\/\/www.rucashk.com\/es\/producto\/realme-band-1-wholesale\/\" \/>\n\t\t<meta name=\"generator\" content=\"All in One SEO Pro (AIOSEO) 4.5.9.2\" \/>\n\t\t<meta property=\"og:locale\" content=\"es_ES\" \/>\n\t\t<meta property=\"og:site_name\" content=\"Rucas - One-stop AIoT Distribution Worldwide\" \/>\n\t\t<meta property=\"og:type\" content=\"article\" \/>\n\t\t<meta property=\"og:title\" content=\"Realme Band 1 Wholesale - Rucas - Wholesale and Distribution\" \/>\n\t\t<meta property=\"og:description\" content=\"Main Features Removable wrist strap Long Battery Life Health Monitor 9 Sport modes\" \/>\n\t\t<meta property=\"og:url\" content=\"https:\/\/www.rucashk.com\/es\/producto\/realme-band-1-wholesale\/\" \/>\n\t\t<meta property=\"og:image\" content=\"https:\/\/www.rucashk.com\/wp-content\/uploads\/replace\/503b8e645f128a97ccde2b6290747646.jpeg\" \/>\n\t\t<meta property=\"og:image:secure_url\" content=\"https:\/\/www.rucashk.com\/wp-content\/uploads\/replace\/503b8e645f128a97ccde2b6290747646.jpeg\" \/>\n\t\t<meta property=\"og:image:width\" content=\"1456\" \/>\n\t\t<meta property=\"og:image:height\" content=\"816\" \/>\n\t\t<meta property=\"article:published_time\" content=\"2024-01-09T16:09:29+00:00\" \/>\n\t\t<meta property=\"article:modified_time\" content=\"2024-03-13T06:31:30+00:00\" \/>\n\t\t<meta name=\"twitter:card\" content=\"summary_large_image\" \/>\n\t\t<meta name=\"twitter:title\" content=\"Realme Band 1 Wholesale - Rucas - Wholesale and Distribution\" \/>\n\t\t<meta name=\"twitter:description\" content=\"Main Features Removable wrist strap Long Battery Life Health Monitor 9 Sport modes\" \/>\n\t\t<meta name=\"twitter:image\" content=\"https:\/\/www.rucashk.com\/wp-content\/uploads\/replace\/503b8e645f128a97ccde2b6290747646.jpeg\" \/>\n\t\t<script type=\"application\/ld+json\" class=\"aioseo-schema\">\n\t\t\t{\"@context\":\"https:\\\/\\\/schema.org\",\"@graph\":[{\"@type\":\"BreadcrumbList\",\"@id\":\"https:\\\/\\\/www.rucashk.com\\\/es\\\/producto\\\/realme-band-1-wholesale\\\/#breadcrumblist\",\"itemListElement\":[{\"@type\":\"ListItem\",\"@id\":\"https:\\\/\\\/www.rucashk.com\\\/es\\\/#listItem\",\"position\":1,\"name\":\"Home\",\"item\":\"https:\\\/\\\/www.rucashk.com\\\/es\\\/\",\"nextItem\":\"https:\\\/\\\/www.rucashk.com\\\/es\\\/producto\\\/realme-band-1-wholesale\\\/#listItem\"},{\"@type\":\"ListItem\",\"@id\":\"https:\\\/\\\/www.rucashk.com\\\/es\\\/producto\\\/realme-band-1-wholesale\\\/#listItem\",\"position\":2,\"name\":\"Realme Band 1 Wholesale\",\"previousItem\":\"https:\\\/\\\/www.rucashk.com\\\/es\\\/#listItem\"}]},{\"@type\":\"Organization\",\"@id\":\"https:\\\/\\\/www.rucashk.com\\\/es\\\/#organization\",\"name\":\"Rucas\",\"url\":\"https:\\\/\\\/www.rucashk.com\\\/es\\\/\",\"logo\":{\"@type\":\"ImageObject\",\"url\":\"https:\\\/\\\/www.rucashk.com\\\/wp-content\\\/uploads\\\/2023\\\/12\\\/Rucas_campany_logo.png\",\"@id\":\"https:\\\/\\\/www.rucashk.com\\\/es\\\/producto\\\/realme-band-1-wholesale\\\/#organizationLogo\",\"width\":221,\"height\":65},\"image\":{\"@id\":\"https:\\\/\\\/www.rucashk.com\\\/es\\\/#organizationLogo\"}},{\"@type\":\"Person\",\"@id\":\"https:\\\/\\\/www.rucashk.com\\\/es\\\/author\\\/admin\\\/#author\",\"url\":\"https:\\\/\\\/www.rucashk.com\\\/es\\\/author\\\/admin\\\/\",\"name\":\"admin\",\"image\":{\"@type\":\"ImageObject\",\"@id\":\"https:\\\/\\\/www.rucashk.com\\\/es\\\/producto\\\/realme-band-1-wholesale\\\/#authorImage\",\"url\":\"https:\\\/\\\/secure.gravatar.com\\\/avatar\\\/b7c8925b09a27e72b30232f8ecaadbd5af0f70a38c78096863fe51b64f031c24?s=96&d=mm&r=g\",\"width\":96,\"height\":96,\"caption\":\"admin\"}},{\"@type\":\"WebPage\",\"@id\":\"https:\\\/\\\/www.rucashk.com\\\/es\\\/producto\\\/realme-band-1-wholesale\\\/#webpage\",\"url\":\"https:\\\/\\\/www.rucashk.com\\\/es\\\/producto\\\/realme-band-1-wholesale\\\/\",\"name\":\"Realme Band 1 Wholesale - Rucas - Wholesale and Distribution\",\"description\":\"Main Features Removable wrist strap Long Battery Life Health Monitor 9 Sport modes\",\"inLanguage\":\"es-ES\",\"isPartOf\":{\"@id\":\"https:\\\/\\\/www.rucashk.com\\\/es\\\/#website\"},\"breadcrumb\":{\"@id\":\"https:\\\/\\\/www.rucashk.com\\\/es\\\/producto\\\/realme-band-1-wholesale\\\/#breadcrumblist\"},\"author\":{\"@id\":\"https:\\\/\\\/www.rucashk.com\\\/es\\\/author\\\/admin\\\/#author\"},\"creator\":{\"@id\":\"https:\\\/\\\/www.rucashk.com\\\/es\\\/author\\\/admin\\\/#author\"},\"image\":{\"@type\":\"ImageObject\",\"url\":\"https:\\\/\\\/www.rucashk.com\\\/wp-content\\\/uploads\\\/2024\\\/01\\\/\\u5fae\\u4fe1\\u622a\\u56fe_20200815114008.png\",\"@id\":\"https:\\\/\\\/www.rucashk.com\\\/es\\\/producto\\\/realme-band-1-wholesale\\\/#mainImage\",\"width\":800,\"height\":800},\"primaryImageOfPage\":{\"@id\":\"https:\\\/\\\/www.rucashk.com\\\/es\\\/producto\\\/realme-band-1-wholesale\\\/#mainImage\"},\"datePublished\":\"2024-01-09T16:09:29+00:00\",\"dateModified\":\"2024-03-13T06:31:30+00:00\"},{\"@type\":\"WebSite\",\"@id\":\"https:\\\/\\\/www.rucashk.com\\\/es\\\/#website\",\"url\":\"https:\\\/\\\/www.rucashk.com\\\/es\\\/\",\"name\":\"Rucas - Wholesale and distribution worldwide\",\"alternateName\":\"Rucas - One-stop AIoT Distribution Worldwide\",\"description\":\"One-stop AIoT Distribution Worldwide\",\"inLanguage\":\"es-ES\",\"publisher\":{\"@id\":\"https:\\\/\\\/www.rucashk.com\\\/es\\\/#organization\"}}]}\n\t\t<\/script>\n\t\t<!-- All in One SEO Pro -->\r\n\t\t<title>Realme Band 1 Wholesale - Rucas - Wholesale and Distribution<\/title>\n\n","aioseo_head_json":{"title":"Realme Band 1 Wholesale - Rucas - Wholesale and Distribution","description":"Main Features Removable wrist strap Long Battery Life Health Monitor 9 Sport modes","canonical_url":"https:\/\/www.rucashk.com\/es\/producto\/realme-band-1-wholesale\/","robots":"max-image-preview:large","keywords":"","webmasterTools":{"miscellaneous":""},"og:locale":"es_ES","og:site_name":"Rucas - One-stop AIoT Distribution Worldwide","og:type":"article","og:title":"Realme Band 1 Wholesale - Rucas - Wholesale and Distribution","og:description":"Main Features Removable wrist strap Long Battery Life Health Monitor 9 Sport modes","og:url":"https:\/\/www.rucashk.com\/es\/producto\/realme-band-1-wholesale\/","og:image":"https:\/\/www.rucashk.com\/wp-content\/uploads\/replace\/503b8e645f128a97ccde2b6290747646.jpeg","og:image:secure_url":"https:\/\/www.rucashk.com\/wp-content\/uploads\/replace\/503b8e645f128a97ccde2b6290747646.jpeg","og:image:width":1456,"og:image:height":816,"article:published_time":"2024-01-09T16:09:29+00:00","article:modified_time":"2024-03-13T06:31:30+00:00","twitter:card":"summary_large_image","twitter:title":"Realme Band 1 Wholesale - Rucas - Wholesale and Distribution","twitter:description":"Main Features Removable wrist strap Long Battery Life Health Monitor 9 Sport modes","twitter:image":"https:\/\/www.rucashk.com\/wp-content\/uploads\/replace\/503b8e645f128a97ccde2b6290747646.jpeg","schema":{"@context":"https:\/\/schema.org","@graph":[{"@type":"BreadcrumbList","@id":"https:\/\/www.rucashk.com\/es\/producto\/realme-band-1-wholesale\/#breadcrumblist","itemListElement":[{"@type":"ListItem","@id":"https:\/\/www.rucashk.com\/es\/#listItem","position":1,"name":"Home","item":"https:\/\/www.rucashk.com\/es\/","nextItem":"https:\/\/www.rucashk.com\/es\/producto\/realme-band-1-wholesale\/#listItem"},{"@type":"ListItem","@id":"https:\/\/www.rucashk.com\/es\/producto\/realme-band-1-wholesale\/#listItem","position":2,"name":"Realme Band 1 Wholesale","previousItem":"https:\/\/www.rucashk.com\/es\/#listItem"}]},{"@type":"Organization","@id":"https:\/\/www.rucashk.com\/es\/#organization","name":"Rucas","url":"https:\/\/www.rucashk.com\/es\/","logo":{"@type":"ImageObject","url":"https:\/\/www.rucashk.com\/wp-content\/uploads\/2023\/12\/Rucas_campany_logo.png","@id":"https:\/\/www.rucashk.com\/es\/producto\/realme-band-1-wholesale\/#organizationLogo","width":221,"height":65},"image":{"@id":"https:\/\/www.rucashk.com\/es\/#organizationLogo"}},{"@type":"Person","@id":"https:\/\/www.rucashk.com\/es\/author\/admin\/#author","url":"https:\/\/www.rucashk.com\/es\/author\/admin\/","name":"admin","image":{"@type":"ImageObject","@id":"https:\/\/www.rucashk.com\/es\/producto\/realme-band-1-wholesale\/#authorImage","url":"https:\/\/secure.gravatar.com\/avatar\/b7c8925b09a27e72b30232f8ecaadbd5af0f70a38c78096863fe51b64f031c24?s=96&d=mm&r=g","width":96,"height":96,"caption":"admin"}},{"@type":"WebPage","@id":"https:\/\/www.rucashk.com\/es\/producto\/realme-band-1-wholesale\/#webpage","url":"https:\/\/www.rucashk.com\/es\/producto\/realme-band-1-wholesale\/","name":"Realme Band 1 Wholesale - Rucas - Wholesale and Distribution","description":"Main Features Removable wrist strap Long Battery Life Health Monitor 9 Sport modes","inLanguage":"es-ES","isPartOf":{"@id":"https:\/\/www.rucashk.com\/es\/#website"},"breadcrumb":{"@id":"https:\/\/www.rucashk.com\/es\/producto\/realme-band-1-wholesale\/#breadcrumblist"},"author":{"@id":"https:\/\/www.rucashk.com\/es\/author\/admin\/#author"},"creator":{"@id":"https:\/\/www.rucashk.com\/es\/author\/admin\/#author"},"image":{"@type":"ImageObject","url":"https:\/\/www.rucashk.com\/wp-content\/uploads\/2024\/01\/\u5fae\u4fe1\u622a\u56fe_20200815114008.png","@id":"https:\/\/www.rucashk.com\/es\/producto\/realme-band-1-wholesale\/#mainImage","width":800,"height":800},"primaryImageOfPage":{"@id":"https:\/\/www.rucashk.com\/es\/producto\/realme-band-1-wholesale\/#mainImage"},"datePublished":"2024-01-09T16:09:29+00:00","dateModified":"2024-03-13T06:31:30+00:00"},{"@type":"WebSite","@id":"https:\/\/www.rucashk.com\/es\/#website","url":"https:\/\/www.rucashk.com\/es\/","name":"Rucas - Wholesale and distribution worldwide","alternateName":"Rucas - One-stop AIoT Distribution Worldwide","description":"One-stop AIoT Distribution Worldwide","inLanguage":"es-ES","publisher":{"@id":"https:\/\/www.rucashk.com\/es\/#organization"}}]}},"aioseo_meta_data":{"post_id":"24806","title":null,"description":null,"keywords":null,"keyphrases":null,"primary_term":null,"canonical_url":null,"og_title":null,"og_description":null,"og_object_type":"default","og_image_type":"default","og_image_url":null,"og_image_width":null,"og_image_height":null,"og_image_custom_url":null,"og_image_custom_fields":null,"og_video":null,"og_custom_url":null,"og_article_section":null,"og_article_tags":null,"twitter_use_og":false,"twitter_card":"default","twitter_image_type":"default","twitter_image_url":null,"twitter_image_custom_url":null,"twitter_image_custom_fields":null,"twitter_title":null,"twitter_description":null,"schema":{"blockGraphs":[],"customGraphs":[],"default":{"data":{"Article":[],"Course":[],"Dataset":[],"FAQPage":[],"Movie":[],"Person":[],"Product":[],"Recipe":[],"Service":[],"SoftwareApplication":[],"WebPage":[]},"graphName":"","isEnabled":true},"graphs":[]},"schema_type":"default","schema_type_options":null,"pillar_content":false,"robots_default":true,"robots_noindex":false,"robots_noarchive":false,"robots_nosnippet":false,"robots_nofollow":false,"robots_noimageindex":false,"robots_noodp":false,"robots_notranslate":false,"robots_max_snippet":null,"robots_max_videopreview":null,"robots_max_imagepreview":"large","priority":null,"frequency":null,"local_seo":null,"breadcrumb_settings":null,"limit_modified_date":false,"created":"2024-04-11 01:57:14","updated":"2025-06-22 17:40:06"},"aioseo_breadcrumb":"<div class=\"aioseo-breadcrumbs\"><span class=\"aioseo-breadcrumb\">\n\t<a href=\"https:\/\/www.rucashk.com\/es\" title=\"Home\">Home<\/a>\n<\/span><span class=\"aioseo-breadcrumb-separator\">&raquo;<\/span><span class=\"aioseo-breadcrumb\">\n\t<a href=\"https:\/\/www.rucashk.com\/es\/products\/\" title=\"Productos\">Productos<\/a>\n<\/span><span class=\"aioseo-breadcrumb-separator\">&raquo;<\/span><span class=\"aioseo-breadcrumb\">\n\t<a href=\"https:\/\/www.rucashk.com\/es\/categoria-producto\/xiaomi-eco\/\" title=\"Xiaomi Eco\">Xiaomi Eco<\/a>\n<\/span><span class=\"aioseo-breadcrumb-separator\">&raquo;<\/span><span class=\"aioseo-breadcrumb\">\n\t<a href=\"https:\/\/www.rucashk.com\/es\/categoria-producto\/xiaomi-eco\/realme-earphone-xiaomi-eco\/\" title=\"Realme Earphone\">Realme Earphone<\/a>\n<\/span><span class=\"aioseo-breadcrumb-separator\">&raquo;<\/span><span class=\"aioseo-breadcrumb\">\n\tRealme Band 1 Wholesale\n<\/span><\/div>","aioseo_breadcrumb_json":[{"label":"Home","link":"https:\/\/www.rucashk.com\/es"},{"label":"Productos","link":"https:\/\/www.rucashk.com\/es\/products\/"},{"label":"Xiaomi Eco","link":"https:\/\/www.rucashk.com\/es\/categoria-producto\/xiaomi-eco\/"},{"label":"Realme Earphone","link":"https:\/\/www.rucashk.com\/es\/categoria-producto\/xiaomi-eco\/realme-earphone-xiaomi-eco\/"},{"label":"Realme Band 1 Wholesale","link":"https:\/\/www.rucashk.com\/es\/producto\/realme-band-1-wholesale\/"}],"_links":{"self":[{"href":"https:\/\/www.rucashk.com\/es\/wp-json\/wp\/v2\/product\/24806","targetHints":{"allow":["GET"]}}],"collection":[{"href":"https:\/\/www.rucashk.com\/es\/wp-json\/wp\/v2\/product"}],"about":[{"href":"https:\/\/www.rucashk.com\/es\/wp-json\/wp\/v2\/types\/product"}],"wp:featuredmedia":[{"embeddable":true,"href":"https:\/\/www.rucashk.com\/es\/wp-json\/wp\/v2\/media\/24914"}],"wp:attachment":[{"href":"https:\/\/www.rucashk.com\/es\/wp-json\/wp\/v2\/media?parent=24806"}],"wp:term":[{"taxonomy":"product_brand","embeddable":true,"href":"https:\/\/www.rucashk.com\/es\/wp-json\/wp\/v2\/product_brand?post=24806"},{"taxonomy":"product_cat","embeddable":true,"href":"https:\/\/www.rucashk.com\/es\/wp-json\/wp\/v2\/product_cat?post=24806"},{"taxonomy":"product_tag","embeddable":true,"href":"https:\/\/www.rucashk.com\/es\/wp-json\/wp\/v2\/product_tag?post=24806"}],"curies":[{"name":"wp","href":"https:\/\/api.w.org\/{rel}","templated":true}]}}