{"id":24781,"date":"2024-01-09T16:09:01","date_gmt":"2024-01-09T16:09:01","guid":{"rendered":"http:\/\/rucashk.com\/?post_type=product&#038;p=24781"},"modified":"2025-06-22T07:42:46","modified_gmt":"2025-06-22T07:42:46","slug":"xiaomi-xiaoai-bluetooth-smart-mouse-wholesale","status":"publish","type":"product","link":"https:\/\/www.rucashk.com\/es\/producto\/xiaomi-xiaoai-bluetooth-smart-mouse-wholesale\/","title":{"rendered":"Rat\u00f3n inteligente Bluetooth Xiaomi Xiaoai al por mayor"},"content":{"rendered":"<p><img fetchpriority=\"high\" decoding=\"async\" class=\"js-descLazyload lazy-loaded aligncenter\" src=\"\/wp-content\/uploads\/replace\/69adb4e820850f5602a24f2c291b88dc.jpeg\" alt=\"Xiaomi Xiaoai Bluetooth Smart Mouse Wholesale\" width=\"800\" height=\"1200\" data-lazy=\"\/wp-content\/uploads\/replace\/69adb4e820850f5602a24f2c291b88dc.jpeg\" data-was-processed=\"true\" \/><\/p>\n<p><img decoding=\"async\" class=\"js-descLazyload lazy-loaded aligncenter\" src=\"\/wp-content\/uploads\/replace\/f6a3518643c1d6d84946c7d4dadfded6.jpeg\" alt=\"Xiaomi Xiaoai Bluetooth Smart Mouse Wholesale\" width=\"800\" height=\"815\" data-lazy=\"\/wp-content\/uploads\/replace\/f6a3518643c1d6d84946c7d4dadfded6.jpeg\" data-was-processed=\"true\" \/><\/p>\n<p><img decoding=\"async\" class=\"js-descLazyload lazy-loaded aligncenter\" src=\"\/wp-content\/uploads\/replace\/637db4f9d966ba15da734e2f725c1c7b.jpeg\" alt=\"Xiaomi Xiaoai Bluetooth Smart Mouse Wholesale\" width=\"800\" height=\"800\" data-lazy=\"\/wp-content\/uploads\/replace\/637db4f9d966ba15da734e2f725c1c7b.jpeg\" data-was-processed=\"true\" \/><\/p>\n<p><img loading=\"lazy\" decoding=\"async\" class=\"js-descLazyload lazy-loaded aligncenter\" src=\"\/wp-content\/uploads\/replace\/af088953a3a6a89672dd2b4ea87eca89.jpeg\" alt=\"Xiaomi Xiaoai Bluetooth Smart Mouse Wholesale\" width=\"800\" height=\"800\" data-lazy=\"\/wp-content\/uploads\/replace\/af088953a3a6a89672dd2b4ea87eca89.jpeg\" data-was-processed=\"true\" \/><\/p>\n<p><img loading=\"lazy\" decoding=\"async\" class=\"js-descLazyload lazy-loaded aligncenter\" src=\"\/wp-content\/uploads\/replace\/ed204e8030bff2fa8a0b5535e2e7ea45.jpeg\" alt=\"Xiaomi Xiaoai Bluetooth Smart Mouse Wholesale\" width=\"800\" height=\"800\" data-lazy=\"\/wp-content\/uploads\/replace\/ed204e8030bff2fa8a0b5535e2e7ea45.jpeg\" data-was-processed=\"true\" \/><\/p>\n<p><img loading=\"lazy\" decoding=\"async\" class=\"js-descLazyload lazy-loaded aligncenter\" src=\"\/wp-content\/uploads\/replace\/8c74776298010170f54ddfbd05368786.jpeg\" alt=\"Xiaomi Xiaoai Bluetooth Smart Mouse Wholesale\" width=\"800\" height=\"800\" data-lazy=\"\/wp-content\/uploads\/replace\/8c74776298010170f54ddfbd05368786.jpeg\" data-was-processed=\"true\" \/><\/p>\n<p><img loading=\"lazy\" decoding=\"async\" class=\"js-descLazyload lazy-loaded aligncenter\" src=\"\/wp-content\/uploads\/replace\/b3b2f98e0b3b3fe5d8e006be7d0faa24.jpeg\" alt=\"Xiaomi Xiaoai Bluetooth Smart Mouse\" width=\"800\" height=\"1564\" data-lazy=\"\/wp-content\/uploads\/replace\/b3b2f98e0b3b3fe5d8e006be7d0faa24.jpeg\" data-was-processed=\"true\" \/><\/p>\n<p><img loading=\"lazy\" decoding=\"async\" class=\"js-descLazyload lazy-loaded aligncenter\" src=\"\/wp-content\/uploads\/replace\/2490e26193bf73fe2f3dd0bcd3e70caf.jpeg\" alt=\"Xiaomi Xiaoai Bluetooth Smart Mouse Wholesale\" width=\"800\" height=\"800\" data-lazy=\"\/wp-content\/uploads\/replace\/2490e26193bf73fe2f3dd0bcd3e70caf.jpeg\" data-was-processed=\"true\" \/><\/p>\n<p><img loading=\"lazy\" decoding=\"async\" class=\"js-descLazyload lazy-loaded aligncenter\" src=\"\/wp-content\/uploads\/replace\/bc4579eae0f44aea625d4ebab1372c20.jpeg\" alt=\"Xiaomi Xiaoai Bluetooth Smart Mouse Wholesale\" width=\"800\" height=\"800\" data-lazy=\"\/wp-content\/uploads\/replace\/bc4579eae0f44aea625d4ebab1372c20.jpeg\" data-was-processed=\"true\" \/><\/p>\n<p><img loading=\"lazy\" decoding=\"async\" class=\"js-descLazyload lazy-loaded aligncenter\" src=\"\/wp-content\/uploads\/replace\/27d9b65b27b190d05566b99c4794c071.jpeg\" alt=\"Xiaomi Xiaoai Bluetooth Smart Mouse Wholesale\" width=\"800\" height=\"969\" data-lazy=\"\/wp-content\/uploads\/replace\/27d9b65b27b190d05566b99c4794c071.jpeg\" data-was-processed=\"true\" \/><\/p>\n<p class=\"sizeDescTitle\"><strong>Especificaci\u00f3n<\/strong><\/p>\n<div class=\"sizeDescTable\">\n<div class=\"sizeDescCate topBorder\">\n<div class=\"sizeDescCateContent\">-Modelo<\/div>\n<\/div>\n<div class=\"sizeDescDetail topBorder\">\n<div class=\"sizeDescContent\">Rat\u00f3n inal\u00e1mbrico Xiaoai<\/div>\n<\/div>\n<\/div>\n<div class=\"sizeDescTable\">\n<div class=\"sizeDescCate\">\n<div class=\"sizeDescCateContent\">-Marca<\/div>\n<\/div>\n<div class=\"sizeDescDetail\">\n<div class=\"sizeDescContent\">Xiaomi<\/div>\n<\/div>\n<\/div>\n<div class=\"sizeDescTable\">\n<div class=\"sizeDescCate\">\n<div class=\"sizeDescCateContent\">-Tipo<\/div>\n<\/div>\n<div class=\"sizeDescDetail\">\n<div class=\"sizeDescContent\">Rat\u00f3n<\/div>\n<\/div>\n<\/div>\n<div class=\"sizeDescTable\">\n<div class=\"sizeDescCate\">\n<div class=\"sizeDescCateContent\">-Caracter\u00edsticas<\/div>\n<\/div>\n<div class=\"sizeDescDetail\">\n<div class=\"sizeDescContent\">Novedad<\/div>\n<\/div>\n<div>\n<p>Traducci\u00f3n de voz: chino a ingl\u00e9s, chino a japon\u00e9s\/coreano<\/p>\n<p><strong>Sistema de apoyo:<\/strong><br \/>\nWindows 7 y versiones posteriores (Windows 8 y versiones anteriores solo admiten el modo Receptor USB)<br \/>\nmacOS 10.13 y superior (solo admite funciones b\u00e1sicas)<\/p>\n<p><strong>Idioma de entrada de voz: chino (mandar\u00edn)<\/strong><br \/>\nIdioma de traducci\u00f3n de voz: chino a ingl\u00e9s\/japon\u00e9s\/coreano<br \/>\nIdioma de traducci\u00f3n de palabras: traducci\u00f3n chino-ingl\u00e9s, traducci\u00f3n chino\/japon\u00e9s\/coreano<br \/>\nCaracter\u00edsticas: compa\u00f1eros de clase Xiaoai integrados, compatibles con el control del hogar inteligente Xiaomi<\/p>\n<p><strong>parametros del producto<\/strong><br \/>\nModelo de producto: XASB01 ME<br \/>\nTama\u00f1o del producto: 115x62x35mm<br \/>\nColor del producto: negro<br \/>\nModo de funcionamiento del sensor: fotoel\u00e9ctrico<br \/>\nResoluci\u00f3n del sensor: 1200-4000DPI ajustable en varias paradas<br \/>\nMaterial del producto: aleaci\u00f3n de aluminio ABS PC (las teclas de voz y las ruedas est\u00e1n anodizadas)<br \/>\nN\u00famero de teclas: 7 teclas, teclas izquierda\/derecha, teclas de voz, teclas de traducci\u00f3n, rueda de desplazamiento, teclas de alternancia izquierda\/derecha, tecla central de desplazamiento<br \/>\nDistancia de radio recomendada: dentro de 65 cm<br \/>\nConexi\u00f3n inal\u00e1mbrica: Bluetooth 5.0<br \/>\nInterfaz de carga: USB Type-C (se puede utilizar normalmente durante la carga)<br \/>\nCapacidad de la bater\u00eda: bater\u00eda de iones de litio recargable de 750 mAh<br \/>\nTiempo de vida: alrededor de 30 d\u00edas (uso continuo de la funci\u00f3n de voz todos los d\u00edas<br \/>\n4 horas)<br \/>\nTiempo en espera: alrededor de 180 d\u00edas<\/p>\n<p><strong>Lista de embalaje:\u00a0<\/strong><br \/>\n1 rat\u00f3n Xiaomi AI<br \/>\nCable de carga USB tipo C x 1<br \/>\nReceptor USB x 1<br \/>\nManual chino x 1<\/p>\n<\/div>\n<\/div>","protected":false},"excerpt":{"rendered":"<p><strong>Sistema de apoyo:<\/strong><br \/>\nWindows 7 y versiones posteriores (Windows 8 y versiones anteriores solo admiten el modo Receptor USB)<br \/>\nmacOS 10.13 y superior (solo admite funciones b\u00e1sicas)<\/p>\n<p><strong>Idioma de entrada de voz: chino (mandar\u00edn)<\/strong><br \/>\nIdioma de traducci\u00f3n de voz: chino a ingl\u00e9s\/japon\u00e9s\/coreano<br \/>\nIdioma de traducci\u00f3n de palabras: traducci\u00f3n chino-ingl\u00e9s, traducci\u00f3n chino\/japon\u00e9s\/coreano<br \/>\nCaracter\u00edsticas: compa\u00f1eros de clase Xiaoai integrados, compatibles con el control del hogar inteligente Xiaomi<\/p>\n<p><strong>Lista de embalaje:\u00a0<\/strong><br \/>\n1 rat\u00f3n Xiaomi AI<br \/>\nCable de carga USB tipo C x 1<br \/>\nReceptor USB x 1<br \/>\nManual chino x 1<\/p>","protected":false},"featured_media":24883,"template":"","meta":[],"product_brand":[1363],"product_cat":[1318,1305],"product_tag":[1152],"class_list":{"0":"post-24781","1":"product","2":"type-product","3":"status-publish","4":"has-post-thumbnail","6":"product_brand-xiaomi","7":"product_cat-gadgets","8":"product_cat-xiaomi-eco","9":"product_tag-xiaomi-xiaoai-bluetooth-smart-mouse","11":"first","12":"instock","13":"shipping-taxable","14":"product-type-external"},"aioseo_notices":[],"aioseo_head":"\n\t\t<!-- All in One SEO Pro 4.5.9.2 - aioseo.com -->\n\t\t<meta name=\"description\" content=\"Support system: Windows 7 and above (Windows 8 and below only support USB Receiver mode) macOS 10.13 and above (only Support basic functions) Voice input language: Chinese (Mandarin) Voice translation language: Chinese to English\/Japanese\/Korean Language of word translation: Chinese-English translation, Chinese\/Japanese\/Korean translation Features: Built-in Xiaoai classmates, support Xiaomi smart home control Packing List: Xiaomi AI Mouse x 1 USB Type-C charging cable x 1 USB receiver x 1 Chinese Manual x 1\" \/>\n\t\t<meta name=\"robots\" content=\"max-image-preview:large\" \/>\n\t\t<link rel=\"canonical\" href=\"https:\/\/www.rucashk.com\/es\/producto\/xiaomi-xiaoai-bluetooth-smart-mouse-wholesale\/\" \/>\n\t\t<meta name=\"generator\" content=\"All in One SEO Pro (AIOSEO) 4.5.9.2\" \/>\n\t\t<meta property=\"og:locale\" content=\"es_ES\" \/>\n\t\t<meta property=\"og:site_name\" content=\"Rucas - One-stop AIoT Distribution Worldwide\" \/>\n\t\t<meta property=\"og:type\" content=\"article\" \/>\n\t\t<meta property=\"og:title\" content=\"Xiaomi Xiaoai Bluetooth Smart Mouse Wholesale - Rucas - Wholesale and Distribution\" \/>\n\t\t<meta property=\"og:description\" content=\"Support system: Windows 7 and above (Windows 8 and below only support USB Receiver mode) macOS 10.13 and above (only Support basic functions) Voice input language: Chinese (Mandarin) Voice translation language: Chinese to English\/Japanese\/Korean Language of word translation: Chinese-English translation, Chinese\/Japanese\/Korean translation Features: Built-in Xiaoai classmates, support Xiaomi smart home control Packing List: Xiaomi AI Mouse x 1 USB Type-C charging cable x 1 USB receiver x 1 Chinese Manual x 1\" \/>\n\t\t<meta property=\"og:url\" content=\"https:\/\/www.rucashk.com\/es\/producto\/xiaomi-xiaoai-bluetooth-smart-mouse-wholesale\/\" \/>\n\t\t<meta property=\"og:image\" content=\"https:\/\/www.rucashk.com\/wp-content\/uploads\/replace\/503b8e645f128a97ccde2b6290747646.jpeg\" \/>\n\t\t<meta property=\"og:image:secure_url\" content=\"https:\/\/www.rucashk.com\/wp-content\/uploads\/replace\/503b8e645f128a97ccde2b6290747646.jpeg\" \/>\n\t\t<meta property=\"og:image:width\" content=\"1456\" \/>\n\t\t<meta property=\"og:image:height\" content=\"816\" \/>\n\t\t<meta property=\"article:published_time\" content=\"2024-01-09T16:09:01+00:00\" \/>\n\t\t<meta property=\"article:modified_time\" content=\"2025-06-22T07:42:46+00:00\" \/>\n\t\t<meta name=\"twitter:card\" content=\"summary_large_image\" \/>\n\t\t<meta name=\"twitter:title\" content=\"Xiaomi Xiaoai Bluetooth Smart Mouse Wholesale - Rucas - Wholesale and Distribution\" \/>\n\t\t<meta name=\"twitter:description\" content=\"Support system: Windows 7 and above (Windows 8 and below only support USB Receiver mode) macOS 10.13 and above (only Support basic functions) Voice input language: Chinese (Mandarin) Voice translation language: Chinese to English\/Japanese\/Korean Language of word translation: Chinese-English translation, Chinese\/Japanese\/Korean translation Features: Built-in Xiaoai classmates, support Xiaomi smart home control Packing List: Xiaomi AI Mouse x 1 USB Type-C charging cable x 1 USB receiver x 1 Chinese Manual x 1\" \/>\n\t\t<meta name=\"twitter:image\" content=\"https:\/\/www.rucashk.com\/wp-content\/uploads\/replace\/503b8e645f128a97ccde2b6290747646.jpeg\" \/>\n\t\t<script type=\"application\/ld+json\" class=\"aioseo-schema\">\n\t\t\t{\"@context\":\"https:\\\/\\\/schema.org\",\"@graph\":[{\"@type\":\"BreadcrumbList\",\"@id\":\"https:\\\/\\\/www.rucashk.com\\\/es\\\/producto\\\/xiaomi-xiaoai-bluetooth-smart-mouse-wholesale\\\/#breadcrumblist\",\"itemListElement\":[{\"@type\":\"ListItem\",\"@id\":\"https:\\\/\\\/www.rucashk.com\\\/es\\\/#listItem\",\"position\":1,\"name\":\"Home\",\"item\":\"https:\\\/\\\/www.rucashk.com\\\/es\\\/\",\"nextItem\":\"https:\\\/\\\/www.rucashk.com\\\/es\\\/producto\\\/xiaomi-xiaoai-bluetooth-smart-mouse-wholesale\\\/#listItem\"},{\"@type\":\"ListItem\",\"@id\":\"https:\\\/\\\/www.rucashk.com\\\/es\\\/producto\\\/xiaomi-xiaoai-bluetooth-smart-mouse-wholesale\\\/#listItem\",\"position\":2,\"name\":\"Xiaomi Xiaoai Bluetooth Smart Mouse Wholesale\",\"previousItem\":\"https:\\\/\\\/www.rucashk.com\\\/es\\\/#listItem\"}]},{\"@type\":\"Organization\",\"@id\":\"https:\\\/\\\/www.rucashk.com\\\/es\\\/#organization\",\"name\":\"Rucas\",\"url\":\"https:\\\/\\\/www.rucashk.com\\\/es\\\/\",\"logo\":{\"@type\":\"ImageObject\",\"url\":\"https:\\\/\\\/www.rucashk.com\\\/wp-content\\\/uploads\\\/2023\\\/12\\\/Rucas_campany_logo.png\",\"@id\":\"https:\\\/\\\/www.rucashk.com\\\/es\\\/producto\\\/xiaomi-xiaoai-bluetooth-smart-mouse-wholesale\\\/#organizationLogo\",\"width\":221,\"height\":65},\"image\":{\"@id\":\"https:\\\/\\\/www.rucashk.com\\\/es\\\/#organizationLogo\"}},{\"@type\":\"Person\",\"@id\":\"https:\\\/\\\/www.rucashk.com\\\/es\\\/author\\\/admin\\\/#author\",\"url\":\"https:\\\/\\\/www.rucashk.com\\\/es\\\/author\\\/admin\\\/\",\"name\":\"admin\",\"image\":{\"@type\":\"ImageObject\",\"@id\":\"https:\\\/\\\/www.rucashk.com\\\/es\\\/producto\\\/xiaomi-xiaoai-bluetooth-smart-mouse-wholesale\\\/#authorImage\",\"url\":\"https:\\\/\\\/secure.gravatar.com\\\/avatar\\\/b7c8925b09a27e72b30232f8ecaadbd5af0f70a38c78096863fe51b64f031c24?s=96&d=mm&r=g\",\"width\":96,\"height\":96,\"caption\":\"admin\"}},{\"@type\":\"WebPage\",\"@id\":\"https:\\\/\\\/www.rucashk.com\\\/es\\\/producto\\\/xiaomi-xiaoai-bluetooth-smart-mouse-wholesale\\\/#webpage\",\"url\":\"https:\\\/\\\/www.rucashk.com\\\/es\\\/producto\\\/xiaomi-xiaoai-bluetooth-smart-mouse-wholesale\\\/\",\"name\":\"Xiaomi Xiaoai Bluetooth Smart Mouse Wholesale - Rucas - Wholesale and Distribution\",\"description\":\"Support system: Windows 7 and above (Windows 8 and below only support USB Receiver mode) macOS 10.13 and above (only Support basic functions) Voice input language: Chinese (Mandarin) Voice translation language: Chinese to English\\\/Japanese\\\/Korean Language of word translation: Chinese-English translation, Chinese\\\/Japanese\\\/Korean translation Features: Built-in Xiaoai classmates, support Xiaomi smart home control Packing List: Xiaomi AI Mouse x 1 USB Type-C charging cable x 1 USB receiver x 1 Chinese Manual x 1\",\"inLanguage\":\"es-ES\",\"isPartOf\":{\"@id\":\"https:\\\/\\\/www.rucashk.com\\\/es\\\/#website\"},\"breadcrumb\":{\"@id\":\"https:\\\/\\\/www.rucashk.com\\\/es\\\/producto\\\/xiaomi-xiaoai-bluetooth-smart-mouse-wholesale\\\/#breadcrumblist\"},\"author\":{\"@id\":\"https:\\\/\\\/www.rucashk.com\\\/es\\\/author\\\/admin\\\/#author\"},\"creator\":{\"@id\":\"https:\\\/\\\/www.rucashk.com\\\/es\\\/author\\\/admin\\\/#author\"},\"image\":{\"@type\":\"ImageObject\",\"url\":\"https:\\\/\\\/www.rucashk.com\\\/wp-content\\\/uploads\\\/2024\\\/01\\\/4d294566-2fd7-425c-92c7-e6b4942a9f63.png\",\"@id\":\"https:\\\/\\\/www.rucashk.com\\\/es\\\/producto\\\/xiaomi-xiaoai-bluetooth-smart-mouse-wholesale\\\/#mainImage\",\"width\":800,\"height\":800},\"primaryImageOfPage\":{\"@id\":\"https:\\\/\\\/www.rucashk.com\\\/es\\\/producto\\\/xiaomi-xiaoai-bluetooth-smart-mouse-wholesale\\\/#mainImage\"},\"datePublished\":\"2024-01-09T16:09:01+00:00\",\"dateModified\":\"2025-06-22T07:42:46+00:00\"},{\"@type\":\"WebSite\",\"@id\":\"https:\\\/\\\/www.rucashk.com\\\/es\\\/#website\",\"url\":\"https:\\\/\\\/www.rucashk.com\\\/es\\\/\",\"name\":\"Rucas - Wholesale and distribution worldwide\",\"alternateName\":\"Rucas - One-stop AIoT Distribution Worldwide\",\"description\":\"One-stop AIoT Distribution Worldwide\",\"inLanguage\":\"es-ES\",\"publisher\":{\"@id\":\"https:\\\/\\\/www.rucashk.com\\\/es\\\/#organization\"}}]}\n\t\t<\/script>\n\t\t<!-- All in One SEO Pro -->\r\n\t\t<title>Xiaomi Xiaoai Bluetooth Smart Mouse Wholesale - Rucas - Wholesale and Distribution<\/title>\n\n","aioseo_head_json":{"title":"Xiaomi Xiaoai Bluetooth Smart Mouse Wholesale - Rucas - Wholesale and Distribution","description":"Support system: Windows 7 and above (Windows 8 and below only support USB Receiver mode) macOS 10.13 and above (only Support basic functions) Voice input language: Chinese (Mandarin) Voice translation language: Chinese to English\/Japanese\/Korean Language of word translation: Chinese-English translation, Chinese\/Japanese\/Korean translation Features: Built-in Xiaoai classmates, support Xiaomi smart home control Packing List: Xiaomi AI Mouse x 1 USB Type-C charging cable x 1 USB receiver x 1 Chinese Manual x 1","canonical_url":"https:\/\/www.rucashk.com\/es\/producto\/xiaomi-xiaoai-bluetooth-smart-mouse-wholesale\/","robots":"max-image-preview:large","keywords":"","webmasterTools":{"miscellaneous":""},"og:locale":"es_ES","og:site_name":"Rucas - One-stop AIoT Distribution Worldwide","og:type":"article","og:title":"Xiaomi Xiaoai Bluetooth Smart Mouse Wholesale - Rucas - Wholesale and Distribution","og:description":"Support system: Windows 7 and above (Windows 8 and below only support USB Receiver mode) macOS 10.13 and above (only Support basic functions) Voice input language: Chinese (Mandarin) Voice translation language: Chinese to English\/Japanese\/Korean Language of word translation: Chinese-English translation, Chinese\/Japanese\/Korean translation Features: Built-in Xiaoai classmates, support Xiaomi smart home control Packing List: Xiaomi AI Mouse x 1 USB Type-C charging cable x 1 USB receiver x 1 Chinese Manual x 1","og:url":"https:\/\/www.rucashk.com\/es\/producto\/xiaomi-xiaoai-bluetooth-smart-mouse-wholesale\/","og:image":"https:\/\/www.rucashk.com\/wp-content\/uploads\/replace\/503b8e645f128a97ccde2b6290747646.jpeg","og:image:secure_url":"https:\/\/www.rucashk.com\/wp-content\/uploads\/replace\/503b8e645f128a97ccde2b6290747646.jpeg","og:image:width":1456,"og:image:height":816,"article:published_time":"2024-01-09T16:09:01+00:00","article:modified_time":"2025-06-22T07:42:46+00:00","twitter:card":"summary_large_image","twitter:title":"Xiaomi Xiaoai Bluetooth Smart Mouse Wholesale - Rucas - Wholesale and Distribution","twitter:description":"Support system: Windows 7 and above (Windows 8 and below only support USB Receiver mode) macOS 10.13 and above (only Support basic functions) Voice input language: Chinese (Mandarin) Voice translation language: Chinese to English\/Japanese\/Korean Language of word translation: Chinese-English translation, Chinese\/Japanese\/Korean translation Features: Built-in Xiaoai classmates, support Xiaomi smart home control Packing List: Xiaomi AI Mouse x 1 USB Type-C charging cable x 1 USB receiver x 1 Chinese Manual x 1","twitter:image":"https:\/\/www.rucashk.com\/wp-content\/uploads\/replace\/503b8e645f128a97ccde2b6290747646.jpeg","schema":{"@context":"https:\/\/schema.org","@graph":[{"@type":"BreadcrumbList","@id":"https:\/\/www.rucashk.com\/es\/producto\/xiaomi-xiaoai-bluetooth-smart-mouse-wholesale\/#breadcrumblist","itemListElement":[{"@type":"ListItem","@id":"https:\/\/www.rucashk.com\/es\/#listItem","position":1,"name":"Home","item":"https:\/\/www.rucashk.com\/es\/","nextItem":"https:\/\/www.rucashk.com\/es\/producto\/xiaomi-xiaoai-bluetooth-smart-mouse-wholesale\/#listItem"},{"@type":"ListItem","@id":"https:\/\/www.rucashk.com\/es\/producto\/xiaomi-xiaoai-bluetooth-smart-mouse-wholesale\/#listItem","position":2,"name":"Xiaomi Xiaoai Bluetooth Smart Mouse Wholesale","previousItem":"https:\/\/www.rucashk.com\/es\/#listItem"}]},{"@type":"Organization","@id":"https:\/\/www.rucashk.com\/es\/#organization","name":"Rucas","url":"https:\/\/www.rucashk.com\/es\/","logo":{"@type":"ImageObject","url":"https:\/\/www.rucashk.com\/wp-content\/uploads\/2023\/12\/Rucas_campany_logo.png","@id":"https:\/\/www.rucashk.com\/es\/producto\/xiaomi-xiaoai-bluetooth-smart-mouse-wholesale\/#organizationLogo","width":221,"height":65},"image":{"@id":"https:\/\/www.rucashk.com\/es\/#organizationLogo"}},{"@type":"Person","@id":"https:\/\/www.rucashk.com\/es\/author\/admin\/#author","url":"https:\/\/www.rucashk.com\/es\/author\/admin\/","name":"admin","image":{"@type":"ImageObject","@id":"https:\/\/www.rucashk.com\/es\/producto\/xiaomi-xiaoai-bluetooth-smart-mouse-wholesale\/#authorImage","url":"https:\/\/secure.gravatar.com\/avatar\/b7c8925b09a27e72b30232f8ecaadbd5af0f70a38c78096863fe51b64f031c24?s=96&d=mm&r=g","width":96,"height":96,"caption":"admin"}},{"@type":"WebPage","@id":"https:\/\/www.rucashk.com\/es\/producto\/xiaomi-xiaoai-bluetooth-smart-mouse-wholesale\/#webpage","url":"https:\/\/www.rucashk.com\/es\/producto\/xiaomi-xiaoai-bluetooth-smart-mouse-wholesale\/","name":"Xiaomi Xiaoai Bluetooth Smart Mouse Wholesale - Rucas - Wholesale and Distribution","description":"Support system: Windows 7 and above (Windows 8 and below only support USB Receiver mode) macOS 10.13 and above (only Support basic functions) Voice input language: Chinese (Mandarin) Voice translation language: Chinese to English\/Japanese\/Korean Language of word translation: Chinese-English translation, Chinese\/Japanese\/Korean translation Features: Built-in Xiaoai classmates, support Xiaomi smart home control Packing List: Xiaomi AI Mouse x 1 USB Type-C charging cable x 1 USB receiver x 1 Chinese Manual x 1","inLanguage":"es-ES","isPartOf":{"@id":"https:\/\/www.rucashk.com\/es\/#website"},"breadcrumb":{"@id":"https:\/\/www.rucashk.com\/es\/producto\/xiaomi-xiaoai-bluetooth-smart-mouse-wholesale\/#breadcrumblist"},"author":{"@id":"https:\/\/www.rucashk.com\/es\/author\/admin\/#author"},"creator":{"@id":"https:\/\/www.rucashk.com\/es\/author\/admin\/#author"},"image":{"@type":"ImageObject","url":"https:\/\/www.rucashk.com\/wp-content\/uploads\/2024\/01\/4d294566-2fd7-425c-92c7-e6b4942a9f63.png","@id":"https:\/\/www.rucashk.com\/es\/producto\/xiaomi-xiaoai-bluetooth-smart-mouse-wholesale\/#mainImage","width":800,"height":800},"primaryImageOfPage":{"@id":"https:\/\/www.rucashk.com\/es\/producto\/xiaomi-xiaoai-bluetooth-smart-mouse-wholesale\/#mainImage"},"datePublished":"2024-01-09T16:09:01+00:00","dateModified":"2025-06-22T07:42:46+00:00"},{"@type":"WebSite","@id":"https:\/\/www.rucashk.com\/es\/#website","url":"https:\/\/www.rucashk.com\/es\/","name":"Rucas - Wholesale and distribution worldwide","alternateName":"Rucas - One-stop AIoT Distribution Worldwide","description":"One-stop AIoT Distribution Worldwide","inLanguage":"es-ES","publisher":{"@id":"https:\/\/www.rucashk.com\/es\/#organization"}}]}},"aioseo_meta_data":{"post_id":"24781","title":null,"description":null,"keywords":null,"keyphrases":null,"primary_term":null,"canonical_url":null,"og_title":null,"og_description":null,"og_object_type":"default","og_image_type":"default","og_image_url":null,"og_image_width":null,"og_image_height":null,"og_image_custom_url":null,"og_image_custom_fields":null,"og_video":null,"og_custom_url":null,"og_article_section":null,"og_article_tags":null,"twitter_use_og":false,"twitter_card":"default","twitter_image_type":"default","twitter_image_url":null,"twitter_image_custom_url":null,"twitter_image_custom_fields":null,"twitter_title":null,"twitter_description":null,"schema":{"blockGraphs":[],"customGraphs":[],"default":{"data":{"Article":[],"Course":[],"Dataset":[],"FAQPage":[],"Movie":[],"Person":[],"Product":[],"Recipe":[],"Service":[],"SoftwareApplication":[],"WebPage":[]},"graphName":"","isEnabled":true},"graphs":[]},"schema_type":"default","schema_type_options":null,"pillar_content":false,"robots_default":true,"robots_noindex":false,"robots_noarchive":false,"robots_nosnippet":false,"robots_nofollow":false,"robots_noimageindex":false,"robots_noodp":false,"robots_notranslate":false,"robots_max_snippet":null,"robots_max_videopreview":null,"robots_max_imagepreview":"large","priority":null,"frequency":null,"local_seo":null,"breadcrumb_settings":null,"limit_modified_date":false,"created":"2024-04-11 01:57:14","updated":"2025-06-22 17:40:04"},"aioseo_breadcrumb":"<div class=\"aioseo-breadcrumbs\"><span class=\"aioseo-breadcrumb\">\n\t<a href=\"https:\/\/www.rucashk.com\/es\" title=\"Home\">Home<\/a>\n<\/span><span class=\"aioseo-breadcrumb-separator\">&raquo;<\/span><span class=\"aioseo-breadcrumb\">\n\t<a href=\"https:\/\/www.rucashk.com\/es\/products\/\" title=\"Productos\">Productos<\/a>\n<\/span><span class=\"aioseo-breadcrumb-separator\">&raquo;<\/span><span class=\"aioseo-breadcrumb\">\n\t<a href=\"https:\/\/www.rucashk.com\/es\/marca\/xiaomi\/\" title=\"Xiaomi\">Xiaomi<\/a>\n<\/span><span class=\"aioseo-breadcrumb-separator\">&raquo;<\/span><span class=\"aioseo-breadcrumb\">\n\tXiaomi Xiaoai Bluetooth Smart Mouse Wholesale\n<\/span><\/div>","aioseo_breadcrumb_json":[{"label":"Home","link":"https:\/\/www.rucashk.com\/es"},{"label":"Productos","link":"https:\/\/www.rucashk.com\/es\/products\/"},{"label":"Xiaomi","link":"https:\/\/www.rucashk.com\/es\/marca\/xiaomi\/"},{"label":"Xiaomi Xiaoai Bluetooth Smart Mouse Wholesale","link":"https:\/\/www.rucashk.com\/es\/producto\/xiaomi-xiaoai-bluetooth-smart-mouse-wholesale\/"}],"_links":{"self":[{"href":"https:\/\/www.rucashk.com\/es\/wp-json\/wp\/v2\/product\/24781","targetHints":{"allow":["GET"]}}],"collection":[{"href":"https:\/\/www.rucashk.com\/es\/wp-json\/wp\/v2\/product"}],"about":[{"href":"https:\/\/www.rucashk.com\/es\/wp-json\/wp\/v2\/types\/product"}],"wp:featuredmedia":[{"embeddable":true,"href":"https:\/\/www.rucashk.com\/es\/wp-json\/wp\/v2\/media\/24883"}],"wp:attachment":[{"href":"https:\/\/www.rucashk.com\/es\/wp-json\/wp\/v2\/media?parent=24781"}],"wp:term":[{"taxonomy":"product_brand","embeddable":true,"href":"https:\/\/www.rucashk.com\/es\/wp-json\/wp\/v2\/product_brand?post=24781"},{"taxonomy":"product_cat","embeddable":true,"href":"https:\/\/www.rucashk.com\/es\/wp-json\/wp\/v2\/product_cat?post=24781"},{"taxonomy":"product_tag","embeddable":true,"href":"https:\/\/www.rucashk.com\/es\/wp-json\/wp\/v2\/product_tag?post=24781"}],"curies":[{"name":"wp","href":"https:\/\/api.w.org\/{rel}","templated":true}]}}