{"id":24735,"date":"2024-01-09T16:08:16","date_gmt":"2024-01-09T16:08:16","guid":{"rendered":"http:\/\/rucashk.com\/?post_type=product&#038;p=24735"},"modified":"2025-06-22T07:42:48","modified_gmt":"2025-06-22T07:42:48","slug":"xiaomi-lux-transparent-oled-tv-wholesale","status":"publish","type":"product","link":"https:\/\/www.rucashk.com\/es\/producto\/xiaomi-lux-transparent-oled-tv-wholesale\/","title":{"rendered":"Xiaomi LUX transparente OLED TV al por mayor"},"content":{"rendered":"<h2 style=\"text-align: center\">Televisor OLED transparente Xiaomi LUX<\/h2>\n<h2 style=\"text-align: center\"><img fetchpriority=\"high\" decoding=\"async\" class=\"aligncenter wp-image-22249 size-full\" src=\"\/wp-content\/uploads\/replace\/fe8a6ea4d595298299384a2abb546ad3.png\" alt=\"Xiaomi TV Master 2 Transparent OLED TV 55&quot; Wholesale\" width=\"1344\" height=\"606\" \/><\/h2>\n<p><img decoding=\"async\" class=\"aligncenter wp-image-22252 size-full\" src=\"\/wp-content\/uploads\/replace\/579470786b9a87864a54ae25ff978607.png\" alt=\"Xiaomi TV Master 2 Transparent OLED TV 55&quot; Wholesale\" width=\"1344\" height=\"606\" \/><\/p>\n<p><img decoding=\"async\" class=\"aligncenter wp-image-22253 size-full\" src=\"\/wp-content\/uploads\/replace\/adf7f135545b96ccca33bdd1a87f5bfe.png\" alt=\"Xiaomi TV Master 2 Transparent OLED TV 55&quot; Wholesale\" width=\"1344\" height=\"606\" \/><\/p>\n<p><img loading=\"lazy\" decoding=\"async\" class=\"aligncenter wp-image-22254 size-full\" src=\"\/wp-content\/uploads\/replace\/63dfcc7e6f7e254cc755f8022a9cc421.png\" alt=\"aXiaomi TV Master 2 Transparent OLED TV 55&quot; Wholesale\" width=\"1344\" height=\"606\" \/><\/p>\n<p><img loading=\"lazy\" decoding=\"async\" class=\"aligncenter wp-image-22239 size-full\" src=\"\/wp-content\/uploads\/replace\/97869ead9cad9c479c603f19bd9251d1.png\" alt=\"Xiaomi TV Master 2 Transparent OLED TV 55&quot; Wholesale\" width=\"841\" height=\"473\" \/><\/p>\n<p><img loading=\"lazy\" decoding=\"async\" class=\"aligncenter wp-image-22238 size-full\" src=\"\/wp-content\/uploads\/replace\/c1b69baceac5e04f9f6c69192f23b2cb.png\" alt=\"Xiaomi TV Master 2 Transparent OLED TV 55&quot; Wholesale\" width=\"837\" height=\"473\" \/><\/p>\n<p><img loading=\"lazy\" decoding=\"async\" class=\"aligncenter wp-image-22240 size-full\" src=\"\/wp-content\/uploads\/replace\/aadaa7ea8f79c4eba3cc2e4dbf989d48.png\" alt=\"Xiaomi TV Master 2 Transparent OLED TV 55&quot; Wholesale\" width=\"1346\" height=\"562\" \/><\/p>\n<p><img loading=\"lazy\" decoding=\"async\" class=\"aligncenter wp-image-22241 size-full\" src=\"\/wp-content\/uploads\/replace\/fe7fb98587e7406df7204df2b176d4ac.png\" alt=\"Xiaomi TV Master 2 Transparent OLED TV 55&quot; Wholesale\" width=\"1344\" height=\"564\" \/><\/p>\n<p><img loading=\"lazy\" decoding=\"async\" class=\"aligncenter wp-image-22242 size-full\" src=\"\/wp-content\/uploads\/replace\/e66bfe95d56d9682da500e241ab91e7d.png\" alt=\"Xiaomi TV Master 2 Transparent OLED TV 55&quot; Wholesale\" width=\"1345\" height=\"565\" \/><\/p>\n<p><img loading=\"lazy\" decoding=\"async\" class=\"aligncenter wp-image-22244 size-full\" src=\"\/wp-content\/uploads\/replace\/65e80bafc80abe59e883b127b69b1265.png\" alt=\"Xiaomi TV Master 2 Transparent OLED TV 55&quot; Wholesale\" width=\"1345\" height=\"556\" \/><\/p>\n<p><img loading=\"lazy\" decoding=\"async\" class=\"aligncenter wp-image-22243 size-full\" src=\"\/wp-content\/uploads\/replace\/e77488d8a215c7c5c27ae0119caa5cb3.png\" alt=\"Xiaomi TV Master 2 Transparent OLED TV 55&quot; Wholesale\" width=\"1343\" height=\"559\" \/><img loading=\"lazy\" decoding=\"async\" class=\"aligncenter wp-image-22246 size-full\" src=\"\/wp-content\/uploads\/replace\/24c8ace8c63e74bd608c2661d7689467.png\" alt=\"Xiaomi TV Master 2 Transparent OLED TV 55&quot; Wholesale\" width=\"1338\" height=\"563\" \/><\/p>\n<p><img loading=\"lazy\" decoding=\"async\" class=\"aligncenter wp-image-22245 size-full\" src=\"\/wp-content\/uploads\/replace\/392ac0c84dfc857c9a5800a1074eb53d.png\" alt=\"Xiaomi TV Master 2 Transparent OLED TV 55&quot; Wholesale\" width=\"1325\" height=\"538\" \/><\/p>\n<p><img loading=\"lazy\" decoding=\"async\" class=\"aligncenter wp-image-22247 size-full\" src=\"\/wp-content\/uploads\/replace\/329d6429d342750fe00c0530e0da09ad.png\" alt=\"Xiaomi TV Master 2 Transparent OLED TV 55&quot; Wholesale\" width=\"1341\" height=\"565\" \/><\/p>\n<p><img loading=\"lazy\" decoding=\"async\" class=\"aligncenter wp-image-22248 size-full\" src=\"\/wp-content\/uploads\/replace\/7f60335803b60beb74f9038b8ef4d619.png\" alt=\"Xiaomi TV Master 2 Transparent OLED TV 55&quot; Wholesale\" width=\"1338\" height=\"564\" \/><\/p>\n<p>&nbsp;<\/p>\n<h3><strong><b>Par\u00e1metros de visualizaci\u00f3n<\/b><\/strong><\/h3>\n<p>\u2014Resoluci\u00f3n: 1920\u00d71080<\/p>\n<p>\u2014\u00c1ngulo de visi\u00f3n de brillo: 178\u00b0<\/p>\n<p>\u2014Retroiluminaci\u00f3n: Ninguna (p\u00edxel autoluminoso)<\/p>\n<p>\u2013\u00c1ngulo de visi\u00f3n de cromaticidad: 120\u00b0<\/p>\n<p>\u2014Amplia gama de colores: compatible con DCI-P3 93%<\/p>\n<p>\u2014Frecuencia de actualizaci\u00f3n: 120 Hz<\/p>\n<h3><strong>Procesador y almacenamiento<\/strong><\/h3>\n<p>\u2014CPU: Cortex A73 de cuatro n\u00facleos<\/p>\n<p>\u2014GPU: Mali-G52 MC1<\/p>\n<p>\u2014Memoria: 3GB<\/p>\n<p>\u2014Memoria flash: 32 GB<\/p>\n<p>Configuraci\u00f3n inal\u00e1mbrica<\/p>\n<p>\u2014WiFi: Frecuencia dual 2,4 GHz\/5 GHz<\/p>\n<p>\u2014Bluetooth: compatible con Bluetooth 5,0<\/p>\n<p>\u2014Infrarrojos: soporte<\/p>\n<h3><strong><b>I<\/b><\/strong><strong><b>interfaz y cantidad<\/b><\/strong><\/h3>\n<ul>\n<li>HDMI: 3<\/li>\n<li>AV: 1<\/li>\n<li>Se\u00f1al anal\u00f3gica DTMB: 1<\/li>\n<li>USB: 2<\/li>\n<li>Ethernet: 1<\/li>\n<li>Fibra \u00f3ptica: 1<\/li>\n<\/ul>\n<h3><strong><b>Rendimiento de reproducci\u00f3n de v\u00eddeo<\/b><\/strong><\/h3>\n<ul>\n<li>Reproductor incorporado: reproductor Mi-Player incorporado<\/li>\n<li>Admite formatos convencionales como RM, FLV, MOV, AVI, MKV, TS, MP4, etc.<\/li>\n<li>Decodificaci\u00f3n de v\u00eddeo: compatible con MPEG1\/2\/4, H.264, H.265, etc.<\/li>\n<li>Decodificaci\u00f3n de audio: Dolby Digital Plus, DOLBY ATMOS, DTS-HD y otros m\u00e9todos de decodificaci\u00f3n de audio<\/li>\n<\/ul>\n<h3><strong><b>S<\/b><\/strong><strong><b>pico<\/b><\/strong><\/h3>\n<ul>\n<li>Potencia de entrada del altavoz: 2\u00d78W, compatible con Dolby Atmos<\/li>\n<\/ul>\n<h3><strong><b>Tama\u00f1o y peso del televisor<\/b><\/strong><\/h3>\n<p>Televisor desnudo con un peso base aproximado de 24,96 kg<br \/>\n*La imagen de arriba es s\u00f3lo como referencia, la apariencia del producto est\u00e1 sujeta al producto real;<\/p>\n<p>* Se recomienda colocar el televisor en un plano horizontal mayor que el ancho del televisor cuando est\u00e9 sentado y considerar plenamente la capacidad de carga;<\/p>\n<p>* Par\u00e1metros como el tama\u00f1o y el peso pueden variar debido a los diferentes entornos de prueba, m\u00e9todos de prueba y equipos de prueba. Para obtener informaci\u00f3n espec\u00edfica, consulte las medidas reales.;<\/p>\n<h3><strong><b>Fuente de alimentaci\u00f3n y entorno operativo.<\/b><\/strong><\/h3>\n<ul>\n<li>Voltaje: 100~240V<\/li>\n<li>Temperatura de trabajo: 0 \u2103 ~ 40 \u2103<\/li>\n<li>En espera: \u22640,5 W<\/li>\n<li>Humedad: 20%\uff5e80%<\/li>\n<li>Consumo de energ\u00eda: 190W<\/li>\n<li>Temperatura de almacenamiento: -15 \u2103 ~ 45 \u2103<\/li>\n<li>Humedad relativa: &lt;80%<\/li>\n<\/ul>\n<h3><strong>Sistema operativo<\/strong><\/h3>\n<p><img loading=\"lazy\" decoding=\"async\" class=\"alignnone size-medium wp-image-22256\" src=\"\/wp-content\/uploads\/replace\/06a54bd95091691eb46eb20df72c83db.png\" alt=\"Xiaomi LUX Transparent OLED TV Wholesale\" width=\"120\" height=\"63\" \/><\/p>\n<p>&nbsp;<\/p>\n<h3><strong><b>t<\/b><\/strong><strong><b>Los datos muestran:<\/b><\/strong><\/h3>\n<h6>* DCI-P3 93% es un valor t\u00edpico. Los datos provienen del laboratorio Xiaomi. Puede haber desviaciones debido a diferentes m\u00e9todos de medici\u00f3n. Consulte el producto real;<\/h6>\n<h6>* Almacenamiento grande de 3 GB + 32 GB: la capacidad utilizable real se reducir\u00e1 y ser\u00e1 diferente debido a muchos factores. Debido a que el sistema operativo ocupa parte de la memoria (RAM), el espacio real disponible es menor que la capacidad de memoria marcada, debido a la instalaci\u00f3n del sistema operativo y los programas preinstalados. Ocupa parte de la memoria flash (ROM), y el el espacio de almacenamiento disponible real es menor que la capacidad de la memoria flash marcada;<\/h6>\n<h6>* En la \u00faltima versi\u00f3n, puede optar por desactivar la funci\u00f3n &quot;actualizaci\u00f3n inteligente&quot; (recomendada) para cancelar la actualizaci\u00f3n autom\u00e1tica de la ROM. Para brindarte mejores servicios, el sistema de inteligencia artificial que te entiende mejor actualizar\u00e1 autom\u00e1ticamente algunas de las aplicaciones instaladas;<\/h6>\n<h6>* La secci\u00f3n de introducci\u00f3n a la calidad del sonido muestra solo diagramas esquem\u00e1ticos, solo como referencia;<\/h6>\n<h6>* 252 millones de conexiones de dispositivos inteligentes se refieren a la cantidad de dispositivos inteligentes integrados en el televisor que Xiao Ai puede controlar de forma remota. Los datos provienen de la plataforma de estad\u00edsticas de datos de Xiaomi y la fecha l\u00edmite es el 30 de junio de 2019. La plataforma AIoT controlable est\u00e1 sujeta a la aplicaci\u00f3n Mijia;<\/h6>\n<h6>* Conexi\u00f3n inteligente de toda la casa, el equipo de soporte espec\u00edfico est\u00e1 sujeto a la situaci\u00f3n real;<\/h6>\n<h6>* La interfaz de funcionamiento del purificador de aire es solo de referencia y prevalecer\u00e1 la pantalla de visualizaci\u00f3n real.<\/h6>\n<h6>* Se recomienda colocar el televisor en un plano horizontal mayor que el ancho del televisor cuando est\u00e9 sentado y considerar plenamente la capacidad de carga;<\/h6>\n<h6>* La imagen del producto y el contenido de la pantalla en la p\u00e1gina del sitio del producto son solo como referencia, el efecto real del producto (incluido, entre otros, la apariencia, el color, el tama\u00f1o, etc.) y el contenido de la pantalla (incluido, entre otros, el fondo del fondo de pantalla, gr\u00e1ficos, dise\u00f1o de interfaz de usuario, etc.) Puede haber ligeras diferencias, consulte el producto real;<\/h6>\n<h6>* El sitio del producto no se\u00f1ala espec\u00edficamente que se trata de los datos de valor t\u00edpicos, los par\u00e1metros t\u00e9cnicos de dise\u00f1o y los proveedores proporcionados por Xiaomi Labs. Los datos reales de todo el sitio ser\u00e1n ligeramente diferentes debido a las diferentes versiones del software de prueba, entornos de prueba espec\u00edficos y versiones espec\u00edficas.<\/h6>\n<h6><\/h6>\n<p>&nbsp;<\/p>","protected":false},"excerpt":{"rendered":"<p><strong>Principales caracter\u00edsticas:<\/strong><\/p>\n<p>1. 55&#8243;transparent OLED.<br \/>\n2. Floating image.<br \/>\n3. 1.07 billion primary colors display.<br \/>\n4. 5.7mm ultra-thin screen.<br \/>\n5. 120Hz refresh rate.<br \/>\n6. MEMC motion compensation.<br \/>\n7. Dolby Atmos.<br \/>\n8. Quad-core A73 processor.<\/p>","protected":false},"featured_media":24867,"template":"","meta":[],"product_brand":[1363],"product_cat":[1315,1305],"product_tag":[1145],"class_list":{"0":"post-24735","1":"product","2":"type-product","3":"status-publish","4":"has-post-thumbnail","6":"product_brand-xiaomi","7":"product_cat-tv-accessories","8":"product_cat-xiaomi-eco","9":"product_tag-xiaomi-tv-master-2-transparent-oled-tv-55","11":"first","12":"instock","13":"shipping-taxable","14":"product-type-external"},"aioseo_notices":[],"aioseo_head":"\n\t\t<!-- All in One SEO Pro 4.5.9.2 - aioseo.com -->\n\t\t<meta name=\"description\" content=\"Main Features: 1. 55&quot;transparent OLED. 2. Floating image. 3. 1.07 billion primary colors display. 4. 5.7mm ultra-thin screen. 5. 120Hz refresh rate. 6. MEMC motion compensation. 7. Dolby Atmos. 8. Quad-core A73 processor.\" \/>\n\t\t<meta name=\"robots\" content=\"max-image-preview:large\" \/>\n\t\t<link rel=\"canonical\" href=\"https:\/\/www.rucashk.com\/es\/producto\/xiaomi-lux-transparent-oled-tv-wholesale\/\" \/>\n\t\t<meta name=\"generator\" content=\"All in One SEO Pro (AIOSEO) 4.5.9.2\" \/>\n\t\t<meta property=\"og:locale\" content=\"es_ES\" \/>\n\t\t<meta property=\"og:site_name\" content=\"Rucas - One-stop AIoT Distribution Worldwide\" \/>\n\t\t<meta property=\"og:type\" content=\"article\" \/>\n\t\t<meta property=\"og:title\" content=\"Xiaomi LUX Transparent OLED TV Wholesale - Rucas - Wholesale and Distribution\" \/>\n\t\t<meta property=\"og:description\" content=\"Main Features: 1. 55&quot;transparent OLED. 2. Floating image. 3. 1.07 billion primary colors display. 4. 5.7mm ultra-thin screen. 5. 120Hz refresh rate. 6. MEMC motion compensation. 7. Dolby Atmos. 8. Quad-core A73 processor.\" \/>\n\t\t<meta property=\"og:url\" content=\"https:\/\/www.rucashk.com\/es\/producto\/xiaomi-lux-transparent-oled-tv-wholesale\/\" \/>\n\t\t<meta property=\"og:image\" content=\"https:\/\/www.rucashk.com\/wp-content\/uploads\/replace\/503b8e645f128a97ccde2b6290747646.jpeg\" \/>\n\t\t<meta property=\"og:image:secure_url\" content=\"https:\/\/www.rucashk.com\/wp-content\/uploads\/replace\/503b8e645f128a97ccde2b6290747646.jpeg\" \/>\n\t\t<meta property=\"og:image:width\" content=\"1456\" \/>\n\t\t<meta property=\"og:image:height\" content=\"816\" \/>\n\t\t<meta property=\"article:published_time\" content=\"2024-01-09T16:08:16+00:00\" \/>\n\t\t<meta property=\"article:modified_time\" content=\"2025-06-22T07:42:48+00:00\" \/>\n\t\t<meta name=\"twitter:card\" content=\"summary_large_image\" \/>\n\t\t<meta name=\"twitter:title\" content=\"Xiaomi LUX Transparent OLED TV Wholesale - Rucas - Wholesale and Distribution\" \/>\n\t\t<meta name=\"twitter:description\" content=\"Main Features: 1. 55&quot;transparent OLED. 2. Floating image. 3. 1.07 billion primary colors display. 4. 5.7mm ultra-thin screen. 5. 120Hz refresh rate. 6. MEMC motion compensation. 7. Dolby Atmos. 8. Quad-core A73 processor.\" \/>\n\t\t<meta name=\"twitter:image\" content=\"https:\/\/www.rucashk.com\/wp-content\/uploads\/replace\/503b8e645f128a97ccde2b6290747646.jpeg\" \/>\n\t\t<script type=\"application\/ld+json\" class=\"aioseo-schema\">\n\t\t\t{\"@context\":\"https:\\\/\\\/schema.org\",\"@graph\":[{\"@type\":\"BreadcrumbList\",\"@id\":\"https:\\\/\\\/www.rucashk.com\\\/es\\\/producto\\\/xiaomi-lux-transparent-oled-tv-wholesale\\\/#breadcrumblist\",\"itemListElement\":[{\"@type\":\"ListItem\",\"@id\":\"https:\\\/\\\/www.rucashk.com\\\/es\\\/#listItem\",\"position\":1,\"name\":\"Home\",\"item\":\"https:\\\/\\\/www.rucashk.com\\\/es\\\/\",\"nextItem\":\"https:\\\/\\\/www.rucashk.com\\\/es\\\/producto\\\/xiaomi-lux-transparent-oled-tv-wholesale\\\/#listItem\"},{\"@type\":\"ListItem\",\"@id\":\"https:\\\/\\\/www.rucashk.com\\\/es\\\/producto\\\/xiaomi-lux-transparent-oled-tv-wholesale\\\/#listItem\",\"position\":2,\"name\":\"Xiaomi LUX Transparent OLED TV Wholesale\",\"previousItem\":\"https:\\\/\\\/www.rucashk.com\\\/es\\\/#listItem\"}]},{\"@type\":\"Organization\",\"@id\":\"https:\\\/\\\/www.rucashk.com\\\/es\\\/#organization\",\"name\":\"Rucas\",\"url\":\"https:\\\/\\\/www.rucashk.com\\\/es\\\/\",\"logo\":{\"@type\":\"ImageObject\",\"url\":\"https:\\\/\\\/www.rucashk.com\\\/wp-content\\\/uploads\\\/2023\\\/12\\\/Rucas_campany_logo.png\",\"@id\":\"https:\\\/\\\/www.rucashk.com\\\/es\\\/producto\\\/xiaomi-lux-transparent-oled-tv-wholesale\\\/#organizationLogo\",\"width\":221,\"height\":65},\"image\":{\"@id\":\"https:\\\/\\\/www.rucashk.com\\\/es\\\/#organizationLogo\"}},{\"@type\":\"Person\",\"@id\":\"https:\\\/\\\/www.rucashk.com\\\/es\\\/author\\\/admin\\\/#author\",\"url\":\"https:\\\/\\\/www.rucashk.com\\\/es\\\/author\\\/admin\\\/\",\"name\":\"admin\",\"image\":{\"@type\":\"ImageObject\",\"@id\":\"https:\\\/\\\/www.rucashk.com\\\/es\\\/producto\\\/xiaomi-lux-transparent-oled-tv-wholesale\\\/#authorImage\",\"url\":\"https:\\\/\\\/secure.gravatar.com\\\/avatar\\\/b7c8925b09a27e72b30232f8ecaadbd5af0f70a38c78096863fe51b64f031c24?s=96&d=mm&r=g\",\"width\":96,\"height\":96,\"caption\":\"admin\"}},{\"@type\":\"WebPage\",\"@id\":\"https:\\\/\\\/www.rucashk.com\\\/es\\\/producto\\\/xiaomi-lux-transparent-oled-tv-wholesale\\\/#webpage\",\"url\":\"https:\\\/\\\/www.rucashk.com\\\/es\\\/producto\\\/xiaomi-lux-transparent-oled-tv-wholesale\\\/\",\"name\":\"Xiaomi LUX Transparent OLED TV Wholesale - Rucas - Wholesale and Distribution\",\"description\":\"Main Features: 1. 55\\\"transparent OLED. 2. Floating image. 3. 1.07 billion primary colors display. 4. 5.7mm ultra-thin screen. 5. 120Hz refresh rate. 6. MEMC motion compensation. 7. Dolby Atmos. 8. Quad-core A73 processor.\",\"inLanguage\":\"es-ES\",\"isPartOf\":{\"@id\":\"https:\\\/\\\/www.rucashk.com\\\/es\\\/#website\"},\"breadcrumb\":{\"@id\":\"https:\\\/\\\/www.rucashk.com\\\/es\\\/producto\\\/xiaomi-lux-transparent-oled-tv-wholesale\\\/#breadcrumblist\"},\"author\":{\"@id\":\"https:\\\/\\\/www.rucashk.com\\\/es\\\/author\\\/admin\\\/#author\"},\"creator\":{\"@id\":\"https:\\\/\\\/www.rucashk.com\\\/es\\\/author\\\/admin\\\/#author\"},\"image\":{\"@type\":\"ImageObject\",\"url\":\"https:\\\/\\\/www.rucashk.com\\\/wp-content\\\/uploads\\\/2024\\\/01\\\/15972889851.png\",\"@id\":\"https:\\\/\\\/www.rucashk.com\\\/es\\\/producto\\\/xiaomi-lux-transparent-oled-tv-wholesale\\\/#mainImage\",\"width\":800,\"height\":800},\"primaryImageOfPage\":{\"@id\":\"https:\\\/\\\/www.rucashk.com\\\/es\\\/producto\\\/xiaomi-lux-transparent-oled-tv-wholesale\\\/#mainImage\"},\"datePublished\":\"2024-01-09T16:08:16+00:00\",\"dateModified\":\"2025-06-22T07:42:48+00:00\"},{\"@type\":\"WebSite\",\"@id\":\"https:\\\/\\\/www.rucashk.com\\\/es\\\/#website\",\"url\":\"https:\\\/\\\/www.rucashk.com\\\/es\\\/\",\"name\":\"Rucas - Wholesale and distribution worldwide\",\"alternateName\":\"Rucas - One-stop AIoT Distribution Worldwide\",\"description\":\"One-stop AIoT Distribution Worldwide\",\"inLanguage\":\"es-ES\",\"publisher\":{\"@id\":\"https:\\\/\\\/www.rucashk.com\\\/es\\\/#organization\"}}]}\n\t\t<\/script>\n\t\t<!-- All in One SEO Pro -->\r\n\t\t<title>Xiaomi LUX Transparent OLED TV Wholesale - Rucas - Wholesale and Distribution<\/title>\n\n","aioseo_head_json":{"title":"Xiaomi LUX Transparent OLED TV Wholesale - Rucas - Wholesale and Distribution","description":"Main Features: 1. 55\"transparent OLED. 2. Floating image. 3. 1.07 billion primary colors display. 4. 5.7mm ultra-thin screen. 5. 120Hz refresh rate. 6. MEMC motion compensation. 7. Dolby Atmos. 8. Quad-core A73 processor.","canonical_url":"https:\/\/www.rucashk.com\/es\/producto\/xiaomi-lux-transparent-oled-tv-wholesale\/","robots":"max-image-preview:large","keywords":"","webmasterTools":{"miscellaneous":""},"og:locale":"es_ES","og:site_name":"Rucas - One-stop AIoT Distribution Worldwide","og:type":"article","og:title":"Xiaomi LUX Transparent OLED TV Wholesale - Rucas - Wholesale and Distribution","og:description":"Main Features: 1. 55&quot;transparent OLED. 2. Floating image. 3. 1.07 billion primary colors display. 4. 5.7mm ultra-thin screen. 5. 120Hz refresh rate. 6. MEMC motion compensation. 7. Dolby Atmos. 8. Quad-core A73 processor.","og:url":"https:\/\/www.rucashk.com\/es\/producto\/xiaomi-lux-transparent-oled-tv-wholesale\/","og:image":"https:\/\/www.rucashk.com\/wp-content\/uploads\/replace\/503b8e645f128a97ccde2b6290747646.jpeg","og:image:secure_url":"https:\/\/www.rucashk.com\/wp-content\/uploads\/replace\/503b8e645f128a97ccde2b6290747646.jpeg","og:image:width":1456,"og:image:height":816,"article:published_time":"2024-01-09T16:08:16+00:00","article:modified_time":"2025-06-22T07:42:48+00:00","twitter:card":"summary_large_image","twitter:title":"Xiaomi LUX Transparent OLED TV Wholesale - Rucas - Wholesale and Distribution","twitter:description":"Main Features: 1. 55&quot;transparent OLED. 2. Floating image. 3. 1.07 billion primary colors display. 4. 5.7mm ultra-thin screen. 5. 120Hz refresh rate. 6. MEMC motion compensation. 7. Dolby Atmos. 8. Quad-core A73 processor.","twitter:image":"https:\/\/www.rucashk.com\/wp-content\/uploads\/replace\/503b8e645f128a97ccde2b6290747646.jpeg","schema":{"@context":"https:\/\/schema.org","@graph":[{"@type":"BreadcrumbList","@id":"https:\/\/www.rucashk.com\/es\/producto\/xiaomi-lux-transparent-oled-tv-wholesale\/#breadcrumblist","itemListElement":[{"@type":"ListItem","@id":"https:\/\/www.rucashk.com\/es\/#listItem","position":1,"name":"Home","item":"https:\/\/www.rucashk.com\/es\/","nextItem":"https:\/\/www.rucashk.com\/es\/producto\/xiaomi-lux-transparent-oled-tv-wholesale\/#listItem"},{"@type":"ListItem","@id":"https:\/\/www.rucashk.com\/es\/producto\/xiaomi-lux-transparent-oled-tv-wholesale\/#listItem","position":2,"name":"Xiaomi LUX Transparent OLED TV Wholesale","previousItem":"https:\/\/www.rucashk.com\/es\/#listItem"}]},{"@type":"Organization","@id":"https:\/\/www.rucashk.com\/es\/#organization","name":"Rucas","url":"https:\/\/www.rucashk.com\/es\/","logo":{"@type":"ImageObject","url":"https:\/\/www.rucashk.com\/wp-content\/uploads\/2023\/12\/Rucas_campany_logo.png","@id":"https:\/\/www.rucashk.com\/es\/producto\/xiaomi-lux-transparent-oled-tv-wholesale\/#organizationLogo","width":221,"height":65},"image":{"@id":"https:\/\/www.rucashk.com\/es\/#organizationLogo"}},{"@type":"Person","@id":"https:\/\/www.rucashk.com\/es\/author\/admin\/#author","url":"https:\/\/www.rucashk.com\/es\/author\/admin\/","name":"admin","image":{"@type":"ImageObject","@id":"https:\/\/www.rucashk.com\/es\/producto\/xiaomi-lux-transparent-oled-tv-wholesale\/#authorImage","url":"https:\/\/secure.gravatar.com\/avatar\/b7c8925b09a27e72b30232f8ecaadbd5af0f70a38c78096863fe51b64f031c24?s=96&d=mm&r=g","width":96,"height":96,"caption":"admin"}},{"@type":"WebPage","@id":"https:\/\/www.rucashk.com\/es\/producto\/xiaomi-lux-transparent-oled-tv-wholesale\/#webpage","url":"https:\/\/www.rucashk.com\/es\/producto\/xiaomi-lux-transparent-oled-tv-wholesale\/","name":"Xiaomi LUX Transparent OLED TV Wholesale - Rucas - Wholesale and Distribution","description":"Main Features: 1. 55\"transparent OLED. 2. Floating image. 3. 1.07 billion primary colors display. 4. 5.7mm ultra-thin screen. 5. 120Hz refresh rate. 6. MEMC motion compensation. 7. Dolby Atmos. 8. Quad-core A73 processor.","inLanguage":"es-ES","isPartOf":{"@id":"https:\/\/www.rucashk.com\/es\/#website"},"breadcrumb":{"@id":"https:\/\/www.rucashk.com\/es\/producto\/xiaomi-lux-transparent-oled-tv-wholesale\/#breadcrumblist"},"author":{"@id":"https:\/\/www.rucashk.com\/es\/author\/admin\/#author"},"creator":{"@id":"https:\/\/www.rucashk.com\/es\/author\/admin\/#author"},"image":{"@type":"ImageObject","url":"https:\/\/www.rucashk.com\/wp-content\/uploads\/2024\/01\/15972889851.png","@id":"https:\/\/www.rucashk.com\/es\/producto\/xiaomi-lux-transparent-oled-tv-wholesale\/#mainImage","width":800,"height":800},"primaryImageOfPage":{"@id":"https:\/\/www.rucashk.com\/es\/producto\/xiaomi-lux-transparent-oled-tv-wholesale\/#mainImage"},"datePublished":"2024-01-09T16:08:16+00:00","dateModified":"2025-06-22T07:42:48+00:00"},{"@type":"WebSite","@id":"https:\/\/www.rucashk.com\/es\/#website","url":"https:\/\/www.rucashk.com\/es\/","name":"Rucas - Wholesale and distribution worldwide","alternateName":"Rucas - One-stop AIoT Distribution Worldwide","description":"One-stop AIoT Distribution Worldwide","inLanguage":"es-ES","publisher":{"@id":"https:\/\/www.rucashk.com\/es\/#organization"}}]}},"aioseo_meta_data":{"post_id":"24735","title":null,"description":null,"keywords":null,"keyphrases":null,"primary_term":null,"canonical_url":null,"og_title":null,"og_description":null,"og_object_type":"default","og_image_type":"default","og_image_url":null,"og_image_width":null,"og_image_height":null,"og_image_custom_url":null,"og_image_custom_fields":null,"og_video":null,"og_custom_url":null,"og_article_section":null,"og_article_tags":null,"twitter_use_og":false,"twitter_card":"default","twitter_image_type":"default","twitter_image_url":null,"twitter_image_custom_url":null,"twitter_image_custom_fields":null,"twitter_title":null,"twitter_description":null,"schema":{"blockGraphs":[],"customGraphs":[],"default":{"data":{"Article":[],"Course":[],"Dataset":[],"FAQPage":[],"Movie":[],"Person":[],"Product":[],"Recipe":[],"Service":[],"SoftwareApplication":[],"WebPage":[]},"graphName":"","isEnabled":true},"graphs":[]},"schema_type":"default","schema_type_options":null,"pillar_content":false,"robots_default":true,"robots_noindex":false,"robots_noarchive":false,"robots_nosnippet":false,"robots_nofollow":false,"robots_noimageindex":false,"robots_noodp":false,"robots_notranslate":false,"robots_max_snippet":null,"robots_max_videopreview":null,"robots_max_imagepreview":"large","priority":null,"frequency":null,"local_seo":null,"breadcrumb_settings":null,"limit_modified_date":false,"created":"2024-04-11 01:57:14","updated":"2025-06-22 17:39:19"},"aioseo_breadcrumb":"<div class=\"aioseo-breadcrumbs\"><span class=\"aioseo-breadcrumb\">\n\t<a href=\"https:\/\/www.rucashk.com\/es\" title=\"Home\">Home<\/a>\n<\/span><span class=\"aioseo-breadcrumb-separator\">&raquo;<\/span><span class=\"aioseo-breadcrumb\">\n\t<a href=\"https:\/\/www.rucashk.com\/es\/products\/\" title=\"Productos\">Productos<\/a>\n<\/span><span class=\"aioseo-breadcrumb-separator\">&raquo;<\/span><span class=\"aioseo-breadcrumb\">\n\t<a href=\"https:\/\/www.rucashk.com\/es\/marca\/xiaomi\/\" title=\"Xiaomi\">Xiaomi<\/a>\n<\/span><span class=\"aioseo-breadcrumb-separator\">&raquo;<\/span><span class=\"aioseo-breadcrumb\">\n\tXiaomi LUX Transparent OLED TV Wholesale\n<\/span><\/div>","aioseo_breadcrumb_json":[{"label":"Home","link":"https:\/\/www.rucashk.com\/es"},{"label":"Productos","link":"https:\/\/www.rucashk.com\/es\/products\/"},{"label":"Xiaomi","link":"https:\/\/www.rucashk.com\/es\/marca\/xiaomi\/"},{"label":"Xiaomi LUX Transparent OLED TV Wholesale","link":"https:\/\/www.rucashk.com\/es\/producto\/xiaomi-lux-transparent-oled-tv-wholesale\/"}],"_links":{"self":[{"href":"https:\/\/www.rucashk.com\/es\/wp-json\/wp\/v2\/product\/24735","targetHints":{"allow":["GET"]}}],"collection":[{"href":"https:\/\/www.rucashk.com\/es\/wp-json\/wp\/v2\/product"}],"about":[{"href":"https:\/\/www.rucashk.com\/es\/wp-json\/wp\/v2\/types\/product"}],"wp:featuredmedia":[{"embeddable":true,"href":"https:\/\/www.rucashk.com\/es\/wp-json\/wp\/v2\/media\/24867"}],"wp:attachment":[{"href":"https:\/\/www.rucashk.com\/es\/wp-json\/wp\/v2\/media?parent=24735"}],"wp:term":[{"taxonomy":"product_brand","embeddable":true,"href":"https:\/\/www.rucashk.com\/es\/wp-json\/wp\/v2\/product_brand?post=24735"},{"taxonomy":"product_cat","embeddable":true,"href":"https:\/\/www.rucashk.com\/es\/wp-json\/wp\/v2\/product_cat?post=24735"},{"taxonomy":"product_tag","embeddable":true,"href":"https:\/\/www.rucashk.com\/es\/wp-json\/wp\/v2\/product_tag?post=24735"}],"curies":[{"name":"wp","href":"https:\/\/api.w.org\/{rel}","templated":true}]}}