{"id":24708,"date":"2024-01-09T16:07:52","date_gmt":"2024-01-09T16:07:52","guid":{"rendered":"http:\/\/rucashk.com\/?post_type=product&#038;p=24708"},"modified":"2025-06-22T07:42:49","modified_gmt":"2025-06-22T07:42:49","slug":"xiaomi-mi-aiot-router-ac2350-wholesale","status":"publish","type":"product","link":"https:\/\/www.rucashk.com\/es\/producto\/xiaomi-mi-aiot-router-ac2350-wholesale\/","title":{"rendered":"Enrutador Xiaomi Mi AIoT AC2350 al por mayor"},"content":{"rendered":"<h4 class=\"product-title-text\" style=\"text-align: center\" data-spm-anchor-id=\"a2g0o.detail.1000016.i1.a65f47a2EMlIpG\">Nuevo enrutador Xiaomi Mi AIoT AC2350 Gigabit 2183Mbps 128MB enrutador inal\u00e1mbrico WiFi de doble banda repetidor Wifi 7 antenas de alta ganancia m\u00e1s amplia<\/h4>\n<p><img fetchpriority=\"high\" decoding=\"async\" class=\"detail-desc-decorate-image aligncenter\" src=\"https:\/\/www.rucashk.com\/wp-content\/uploads\/2020\/07\/Hdc0740db7f6d4be5a9821d0cd2385fadu.jpg\" alt=\"Xiaomi Mi AIoT Router AC2350 Wholesale\" width=\"944\" height=\"7942\" \/><\/p>\n<h4 class=\"expand_en_name\">Especificaci\u00f3n<\/h4>\n<div class=\"product_pz_info product_pz_style2\">\n<table>\n<tbody>\n<tr>\n<th>General<\/th>\n<td>Marca: Xiaomi<br \/>\nModelo: AC2350<br \/>\nTipo: Enrutador<br \/>\nInterfaz: WAN\/LAN<br \/>\nTipo de conectividad del enrutador: inal\u00e1mbrico<br \/>\nVelocidad de transmisi\u00f3n: 2100Mbps<br \/>\nVelocidad del puerto Ethernet: 1000Mbps<br \/>\nProtocolos de red: IEEE 802.11a,IEEE 802.11ac,IEEE 802.11b,IEEE 802.11g,IEEE 802.11n,IEEE 802.3,IEEE 802.3ab,IEEE 802.3U<br \/>\nEst\u00e1ndar inal\u00e1mbrico: AC inal\u00e1mbrico, G inal\u00e1mbrico, N inal\u00e1mbrico<br \/>\nSeguridad inal\u00e1mbrica: WPA\/WPA2-PSK<br \/>\nPuertos LAN: 3 puertos<br \/>\nM\u00e1x. Velocidad de datos LAN: 1000 Mbps<br \/>\nUso: Juegos, Uso dom\u00e9stico<\/td>\n<\/tr>\n<tr>\n<th>Detalle del producto<\/th>\n<td>Puerto CC: S\u00ed<br \/>\nIdioma: chino, ingl\u00e9s<\/td>\n<\/tr>\n<tr>\n<th>Dimensiones y peso<\/th>\n<td>Peso del producto: 0,8000 kg<br \/>\nPeso del paquete: 1.0000 kg<br \/>\nTama\u00f1o del producto (largo x ancho x alto): 26,80 x 17,70 x 17,90 cm \/ 10,55 x 6,97 x 7,05 pulgadas<br \/>\nTama\u00f1o del paquete (largo x ancho x alto): 40,00 x 25,00 x 25,00 cm \/ 15,75 x 9,84 x 9,84 pulgadas<\/td>\n<\/tr>\n<tr>\n<th>contenidos del paquete<\/th>\n<td>Lista de embalaje: 1 enrutador, 1 cable de red, 1 fuente de alimentaci\u00f3n (12 V\/1,5 A), 1 manual<\/td>\n<\/tr>\n<\/tbody>\n<\/table>\n<p>&nbsp;<\/p>\n<\/div>","protected":false},"excerpt":{"rendered":"<p><strong>Principales caracter\u00edsticas:<\/strong><br \/>\nThe wireless theoretical rate is up to 2183Mbps, watching videos and playing games is a step ahead.<br \/>\nQualcomm chip, more stable operation and smoother experience.<br \/>\n7-channel high-performance independent signal amplifier, no fear of going through the wall, strong signal.<br \/>\nIndependent AloT smart antenna, quickly discover Xiaomi smart devices, one-click access to the network.<br \/>\n128MB large memory, stable connection to 128 devices.<br \/>\nMU-MIMO technology, more people surfing the Internet more smoothly.<br \/>\nFull Gigabit Ethernet port, giving full play to the performance of each trillion bandwidth.<br \/>\nSmart experience, easy to use.<br \/>\nPowerful heat dissipation to ensure stable operation.<br \/>\nStrict testing and pursuit of excellent quality.<\/p>","protected":false},"featured_media":24826,"template":"","meta":[],"product_brand":[1363],"product_cat":[1315,1305],"product_tag":[1136],"class_list":{"0":"post-24708","1":"product","2":"type-product","3":"status-publish","4":"has-post-thumbnail","6":"product_brand-xiaomi","7":"product_cat-tv-accessories","8":"product_cat-xiaomi-eco","9":"product_tag-xiaomi-ac2350-router","11":"first","12":"instock","13":"featured","14":"shipping-taxable","15":"product-type-external"},"aioseo_notices":[],"aioseo_head":"\n\t\t<!-- All in One SEO Pro 4.5.9.2 - aioseo.com -->\n\t\t<meta name=\"description\" content=\"Main Features: The wireless theoretical rate is up to 2183Mbps, watching videos and playing games is a step ahead. Qualcomm chip, more stable operation and smoother experience. 7-channel high-performance independent signal amplifier, no fear of going through the wall, strong signal. Independent AloT smart antenna, quickly discover Xiaomi smart devices, one-click access to the network. 128MB large memory, stable connection to 128 devices. MU-MIMO technology, more people surfing the Internet more smoothly. Full Gigabit Ethernet port, giving full play to the performance of each trillion bandwidth. Smart experience, easy to use. Powerful heat dissipation to ensure stable operation. Strict testing and pursuit of excellent quality.\" \/>\n\t\t<meta name=\"robots\" content=\"max-image-preview:large\" \/>\n\t\t<link rel=\"canonical\" href=\"https:\/\/www.rucashk.com\/es\/producto\/xiaomi-mi-aiot-router-ac2350-wholesale\/\" \/>\n\t\t<meta name=\"generator\" content=\"All in One SEO Pro (AIOSEO) 4.5.9.2\" \/>\n\t\t<meta property=\"og:locale\" content=\"es_ES\" \/>\n\t\t<meta property=\"og:site_name\" content=\"Rucas - One-stop AIoT Distribution Worldwide\" \/>\n\t\t<meta property=\"og:type\" content=\"article\" \/>\n\t\t<meta property=\"og:title\" content=\"Xiaomi Mi AIoT Router AC2350 Wholesale - Rucas - Wholesale and Distribution\" \/>\n\t\t<meta property=\"og:description\" content=\"Main Features: The wireless theoretical rate is up to 2183Mbps, watching videos and playing games is a step ahead. Qualcomm chip, more stable operation and smoother experience. 7-channel high-performance independent signal amplifier, no fear of going through the wall, strong signal. Independent AloT smart antenna, quickly discover Xiaomi smart devices, one-click access to the network. 128MB large memory, stable connection to 128 devices. MU-MIMO technology, more people surfing the Internet more smoothly. Full Gigabit Ethernet port, giving full play to the performance of each trillion bandwidth. Smart experience, easy to use. Powerful heat dissipation to ensure stable operation. Strict testing and pursuit of excellent quality.\" \/>\n\t\t<meta property=\"og:url\" content=\"https:\/\/www.rucashk.com\/es\/producto\/xiaomi-mi-aiot-router-ac2350-wholesale\/\" \/>\n\t\t<meta property=\"og:image\" content=\"https:\/\/www.rucashk.com\/wp-content\/uploads\/replace\/503b8e645f128a97ccde2b6290747646.jpeg\" \/>\n\t\t<meta property=\"og:image:secure_url\" content=\"https:\/\/www.rucashk.com\/wp-content\/uploads\/replace\/503b8e645f128a97ccde2b6290747646.jpeg\" \/>\n\t\t<meta property=\"og:image:width\" content=\"1456\" \/>\n\t\t<meta property=\"og:image:height\" content=\"816\" \/>\n\t\t<meta property=\"article:published_time\" content=\"2024-01-09T16:07:52+00:00\" \/>\n\t\t<meta property=\"article:modified_time\" content=\"2025-06-22T07:42:49+00:00\" \/>\n\t\t<meta name=\"twitter:card\" content=\"summary_large_image\" \/>\n\t\t<meta name=\"twitter:title\" content=\"Xiaomi Mi AIoT Router AC2350 Wholesale - Rucas - Wholesale and Distribution\" \/>\n\t\t<meta name=\"twitter:description\" content=\"Main Features: The wireless theoretical rate is up to 2183Mbps, watching videos and playing games is a step ahead. Qualcomm chip, more stable operation and smoother experience. 7-channel high-performance independent signal amplifier, no fear of going through the wall, strong signal. Independent AloT smart antenna, quickly discover Xiaomi smart devices, one-click access to the network. 128MB large memory, stable connection to 128 devices. MU-MIMO technology, more people surfing the Internet more smoothly. Full Gigabit Ethernet port, giving full play to the performance of each trillion bandwidth. Smart experience, easy to use. Powerful heat dissipation to ensure stable operation. Strict testing and pursuit of excellent quality.\" \/>\n\t\t<meta name=\"twitter:image\" content=\"https:\/\/www.rucashk.com\/wp-content\/uploads\/replace\/503b8e645f128a97ccde2b6290747646.jpeg\" \/>\n\t\t<script type=\"application\/ld+json\" class=\"aioseo-schema\">\n\t\t\t{\"@context\":\"https:\\\/\\\/schema.org\",\"@graph\":[{\"@type\":\"BreadcrumbList\",\"@id\":\"https:\\\/\\\/www.rucashk.com\\\/es\\\/producto\\\/xiaomi-mi-aiot-router-ac2350-wholesale\\\/#breadcrumblist\",\"itemListElement\":[{\"@type\":\"ListItem\",\"@id\":\"https:\\\/\\\/www.rucashk.com\\\/es\\\/#listItem\",\"position\":1,\"name\":\"Home\",\"item\":\"https:\\\/\\\/www.rucashk.com\\\/es\\\/\",\"nextItem\":\"https:\\\/\\\/www.rucashk.com\\\/es\\\/producto\\\/xiaomi-mi-aiot-router-ac2350-wholesale\\\/#listItem\"},{\"@type\":\"ListItem\",\"@id\":\"https:\\\/\\\/www.rucashk.com\\\/es\\\/producto\\\/xiaomi-mi-aiot-router-ac2350-wholesale\\\/#listItem\",\"position\":2,\"name\":\"Xiaomi Mi AIoT Router AC2350 Wholesale\",\"previousItem\":\"https:\\\/\\\/www.rucashk.com\\\/es\\\/#listItem\"}]},{\"@type\":\"Organization\",\"@id\":\"https:\\\/\\\/www.rucashk.com\\\/es\\\/#organization\",\"name\":\"Rucas\",\"url\":\"https:\\\/\\\/www.rucashk.com\\\/es\\\/\",\"logo\":{\"@type\":\"ImageObject\",\"url\":\"https:\\\/\\\/www.rucashk.com\\\/wp-content\\\/uploads\\\/2023\\\/12\\\/Rucas_campany_logo.png\",\"@id\":\"https:\\\/\\\/www.rucashk.com\\\/es\\\/producto\\\/xiaomi-mi-aiot-router-ac2350-wholesale\\\/#organizationLogo\",\"width\":221,\"height\":65},\"image\":{\"@id\":\"https:\\\/\\\/www.rucashk.com\\\/es\\\/#organizationLogo\"}},{\"@type\":\"Person\",\"@id\":\"https:\\\/\\\/www.rucashk.com\\\/es\\\/author\\\/admin\\\/#author\",\"url\":\"https:\\\/\\\/www.rucashk.com\\\/es\\\/author\\\/admin\\\/\",\"name\":\"admin\",\"image\":{\"@type\":\"ImageObject\",\"@id\":\"https:\\\/\\\/www.rucashk.com\\\/es\\\/producto\\\/xiaomi-mi-aiot-router-ac2350-wholesale\\\/#authorImage\",\"url\":\"https:\\\/\\\/secure.gravatar.com\\\/avatar\\\/b7c8925b09a27e72b30232f8ecaadbd5af0f70a38c78096863fe51b64f031c24?s=96&d=mm&r=g\",\"width\":96,\"height\":96,\"caption\":\"admin\"}},{\"@type\":\"WebPage\",\"@id\":\"https:\\\/\\\/www.rucashk.com\\\/es\\\/producto\\\/xiaomi-mi-aiot-router-ac2350-wholesale\\\/#webpage\",\"url\":\"https:\\\/\\\/www.rucashk.com\\\/es\\\/producto\\\/xiaomi-mi-aiot-router-ac2350-wholesale\\\/\",\"name\":\"Xiaomi Mi AIoT Router AC2350 Wholesale - Rucas - Wholesale and Distribution\",\"description\":\"Main Features: The wireless theoretical rate is up to 2183Mbps, watching videos and playing games is a step ahead. Qualcomm chip, more stable operation and smoother experience. 7-channel high-performance independent signal amplifier, no fear of going through the wall, strong signal. Independent AloT smart antenna, quickly discover Xiaomi smart devices, one-click access to the network. 128MB large memory, stable connection to 128 devices. MU-MIMO technology, more people surfing the Internet more smoothly. Full Gigabit Ethernet port, giving full play to the performance of each trillion bandwidth. Smart experience, easy to use. Powerful heat dissipation to ensure stable operation. Strict testing and pursuit of excellent quality.\",\"inLanguage\":\"es-ES\",\"isPartOf\":{\"@id\":\"https:\\\/\\\/www.rucashk.com\\\/es\\\/#website\"},\"breadcrumb\":{\"@id\":\"https:\\\/\\\/www.rucashk.com\\\/es\\\/producto\\\/xiaomi-mi-aiot-router-ac2350-wholesale\\\/#breadcrumblist\"},\"author\":{\"@id\":\"https:\\\/\\\/www.rucashk.com\\\/es\\\/author\\\/admin\\\/#author\"},\"creator\":{\"@id\":\"https:\\\/\\\/www.rucashk.com\\\/es\\\/author\\\/admin\\\/#author\"},\"image\":{\"@type\":\"ImageObject\",\"url\":\"https:\\\/\\\/www.rucashk.com\\\/wp-content\\\/uploads\\\/2024\\\/01\\\/Xiaomi-Mi-AIoT-Router-AC2350.jpg\",\"@id\":\"https:\\\/\\\/www.rucashk.com\\\/es\\\/producto\\\/xiaomi-mi-aiot-router-ac2350-wholesale\\\/#mainImage\",\"width\":800,\"height\":800},\"primaryImageOfPage\":{\"@id\":\"https:\\\/\\\/www.rucashk.com\\\/es\\\/producto\\\/xiaomi-mi-aiot-router-ac2350-wholesale\\\/#mainImage\"},\"datePublished\":\"2024-01-09T16:07:52+00:00\",\"dateModified\":\"2025-06-22T07:42:49+00:00\"},{\"@type\":\"WebSite\",\"@id\":\"https:\\\/\\\/www.rucashk.com\\\/es\\\/#website\",\"url\":\"https:\\\/\\\/www.rucashk.com\\\/es\\\/\",\"name\":\"Rucas - Wholesale and distribution worldwide\",\"alternateName\":\"Rucas - One-stop AIoT Distribution Worldwide\",\"description\":\"One-stop AIoT Distribution Worldwide\",\"inLanguage\":\"es-ES\",\"publisher\":{\"@id\":\"https:\\\/\\\/www.rucashk.com\\\/es\\\/#organization\"}}]}\n\t\t<\/script>\n\t\t<!-- All in One SEO Pro -->\r\n\t\t<title>Xiaomi Mi AIoT Router AC2350 Wholesale - Rucas - Wholesale and Distribution<\/title>\n\n","aioseo_head_json":{"title":"Xiaomi Mi AIoT Router AC2350 Wholesale - Rucas - Wholesale and Distribution","description":"Main Features: The wireless theoretical rate is up to 2183Mbps, watching videos and playing games is a step ahead. Qualcomm chip, more stable operation and smoother experience. 7-channel high-performance independent signal amplifier, no fear of going through the wall, strong signal. Independent AloT smart antenna, quickly discover Xiaomi smart devices, one-click access to the network. 128MB large memory, stable connection to 128 devices. MU-MIMO technology, more people surfing the Internet more smoothly. Full Gigabit Ethernet port, giving full play to the performance of each trillion bandwidth. Smart experience, easy to use. Powerful heat dissipation to ensure stable operation. Strict testing and pursuit of excellent quality.","canonical_url":"https:\/\/www.rucashk.com\/es\/producto\/xiaomi-mi-aiot-router-ac2350-wholesale\/","robots":"max-image-preview:large","keywords":"","webmasterTools":{"miscellaneous":""},"og:locale":"es_ES","og:site_name":"Rucas - One-stop AIoT Distribution Worldwide","og:type":"article","og:title":"Xiaomi Mi AIoT Router AC2350 Wholesale - Rucas - Wholesale and Distribution","og:description":"Main Features: The wireless theoretical rate is up to 2183Mbps, watching videos and playing games is a step ahead. Qualcomm chip, more stable operation and smoother experience. 7-channel high-performance independent signal amplifier, no fear of going through the wall, strong signal. Independent AloT smart antenna, quickly discover Xiaomi smart devices, one-click access to the network. 128MB large memory, stable connection to 128 devices. MU-MIMO technology, more people surfing the Internet more smoothly. Full Gigabit Ethernet port, giving full play to the performance of each trillion bandwidth. Smart experience, easy to use. Powerful heat dissipation to ensure stable operation. Strict testing and pursuit of excellent quality.","og:url":"https:\/\/www.rucashk.com\/es\/producto\/xiaomi-mi-aiot-router-ac2350-wholesale\/","og:image":"https:\/\/www.rucashk.com\/wp-content\/uploads\/replace\/503b8e645f128a97ccde2b6290747646.jpeg","og:image:secure_url":"https:\/\/www.rucashk.com\/wp-content\/uploads\/replace\/503b8e645f128a97ccde2b6290747646.jpeg","og:image:width":1456,"og:image:height":816,"article:published_time":"2024-01-09T16:07:52+00:00","article:modified_time":"2025-06-22T07:42:49+00:00","twitter:card":"summary_large_image","twitter:title":"Xiaomi Mi AIoT Router AC2350 Wholesale - Rucas - Wholesale and Distribution","twitter:description":"Main Features: The wireless theoretical rate is up to 2183Mbps, watching videos and playing games is a step ahead. Qualcomm chip, more stable operation and smoother experience. 7-channel high-performance independent signal amplifier, no fear of going through the wall, strong signal. Independent AloT smart antenna, quickly discover Xiaomi smart devices, one-click access to the network. 128MB large memory, stable connection to 128 devices. MU-MIMO technology, more people surfing the Internet more smoothly. Full Gigabit Ethernet port, giving full play to the performance of each trillion bandwidth. Smart experience, easy to use. Powerful heat dissipation to ensure stable operation. Strict testing and pursuit of excellent quality.","twitter:image":"https:\/\/www.rucashk.com\/wp-content\/uploads\/replace\/503b8e645f128a97ccde2b6290747646.jpeg","schema":{"@context":"https:\/\/schema.org","@graph":[{"@type":"BreadcrumbList","@id":"https:\/\/www.rucashk.com\/es\/producto\/xiaomi-mi-aiot-router-ac2350-wholesale\/#breadcrumblist","itemListElement":[{"@type":"ListItem","@id":"https:\/\/www.rucashk.com\/es\/#listItem","position":1,"name":"Home","item":"https:\/\/www.rucashk.com\/es\/","nextItem":"https:\/\/www.rucashk.com\/es\/producto\/xiaomi-mi-aiot-router-ac2350-wholesale\/#listItem"},{"@type":"ListItem","@id":"https:\/\/www.rucashk.com\/es\/producto\/xiaomi-mi-aiot-router-ac2350-wholesale\/#listItem","position":2,"name":"Xiaomi Mi AIoT Router AC2350 Wholesale","previousItem":"https:\/\/www.rucashk.com\/es\/#listItem"}]},{"@type":"Organization","@id":"https:\/\/www.rucashk.com\/es\/#organization","name":"Rucas","url":"https:\/\/www.rucashk.com\/es\/","logo":{"@type":"ImageObject","url":"https:\/\/www.rucashk.com\/wp-content\/uploads\/2023\/12\/Rucas_campany_logo.png","@id":"https:\/\/www.rucashk.com\/es\/producto\/xiaomi-mi-aiot-router-ac2350-wholesale\/#organizationLogo","width":221,"height":65},"image":{"@id":"https:\/\/www.rucashk.com\/es\/#organizationLogo"}},{"@type":"Person","@id":"https:\/\/www.rucashk.com\/es\/author\/admin\/#author","url":"https:\/\/www.rucashk.com\/es\/author\/admin\/","name":"admin","image":{"@type":"ImageObject","@id":"https:\/\/www.rucashk.com\/es\/producto\/xiaomi-mi-aiot-router-ac2350-wholesale\/#authorImage","url":"https:\/\/secure.gravatar.com\/avatar\/b7c8925b09a27e72b30232f8ecaadbd5af0f70a38c78096863fe51b64f031c24?s=96&d=mm&r=g","width":96,"height":96,"caption":"admin"}},{"@type":"WebPage","@id":"https:\/\/www.rucashk.com\/es\/producto\/xiaomi-mi-aiot-router-ac2350-wholesale\/#webpage","url":"https:\/\/www.rucashk.com\/es\/producto\/xiaomi-mi-aiot-router-ac2350-wholesale\/","name":"Xiaomi Mi AIoT Router AC2350 Wholesale - Rucas - Wholesale and Distribution","description":"Main Features: The wireless theoretical rate is up to 2183Mbps, watching videos and playing games is a step ahead. Qualcomm chip, more stable operation and smoother experience. 7-channel high-performance independent signal amplifier, no fear of going through the wall, strong signal. Independent AloT smart antenna, quickly discover Xiaomi smart devices, one-click access to the network. 128MB large memory, stable connection to 128 devices. MU-MIMO technology, more people surfing the Internet more smoothly. Full Gigabit Ethernet port, giving full play to the performance of each trillion bandwidth. Smart experience, easy to use. Powerful heat dissipation to ensure stable operation. Strict testing and pursuit of excellent quality.","inLanguage":"es-ES","isPartOf":{"@id":"https:\/\/www.rucashk.com\/es\/#website"},"breadcrumb":{"@id":"https:\/\/www.rucashk.com\/es\/producto\/xiaomi-mi-aiot-router-ac2350-wholesale\/#breadcrumblist"},"author":{"@id":"https:\/\/www.rucashk.com\/es\/author\/admin\/#author"},"creator":{"@id":"https:\/\/www.rucashk.com\/es\/author\/admin\/#author"},"image":{"@type":"ImageObject","url":"https:\/\/www.rucashk.com\/wp-content\/uploads\/2024\/01\/Xiaomi-Mi-AIoT-Router-AC2350.jpg","@id":"https:\/\/www.rucashk.com\/es\/producto\/xiaomi-mi-aiot-router-ac2350-wholesale\/#mainImage","width":800,"height":800},"primaryImageOfPage":{"@id":"https:\/\/www.rucashk.com\/es\/producto\/xiaomi-mi-aiot-router-ac2350-wholesale\/#mainImage"},"datePublished":"2024-01-09T16:07:52+00:00","dateModified":"2025-06-22T07:42:49+00:00"},{"@type":"WebSite","@id":"https:\/\/www.rucashk.com\/es\/#website","url":"https:\/\/www.rucashk.com\/es\/","name":"Rucas - Wholesale and distribution worldwide","alternateName":"Rucas - One-stop AIoT Distribution Worldwide","description":"One-stop AIoT Distribution Worldwide","inLanguage":"es-ES","publisher":{"@id":"https:\/\/www.rucashk.com\/es\/#organization"}}]}},"aioseo_meta_data":{"post_id":"24708","title":null,"description":null,"keywords":null,"keyphrases":null,"primary_term":null,"canonical_url":null,"og_title":null,"og_description":null,"og_object_type":"default","og_image_type":"default","og_image_url":null,"og_image_width":null,"og_image_height":null,"og_image_custom_url":null,"og_image_custom_fields":null,"og_video":null,"og_custom_url":null,"og_article_section":null,"og_article_tags":null,"twitter_use_og":false,"twitter_card":"default","twitter_image_type":"default","twitter_image_url":null,"twitter_image_custom_url":null,"twitter_image_custom_fields":null,"twitter_title":null,"twitter_description":null,"schema":{"blockGraphs":[],"customGraphs":[],"default":{"data":{"Article":[],"Course":[],"Dataset":[],"FAQPage":[],"Movie":[],"Person":[],"Product":[],"Recipe":[],"Service":[],"SoftwareApplication":[],"WebPage":[]},"graphName":"","isEnabled":true},"graphs":[]},"schema_type":"default","schema_type_options":null,"pillar_content":false,"robots_default":true,"robots_noindex":false,"robots_noarchive":false,"robots_nosnippet":false,"robots_nofollow":false,"robots_noimageindex":false,"robots_noodp":false,"robots_notranslate":false,"robots_max_snippet":null,"robots_max_videopreview":null,"robots_max_imagepreview":"large","priority":null,"frequency":null,"local_seo":null,"breadcrumb_settings":null,"limit_modified_date":false,"created":"2024-04-11 01:57:14","updated":"2025-06-22 17:38:15"},"aioseo_breadcrumb":"<div class=\"aioseo-breadcrumbs\"><span class=\"aioseo-breadcrumb\">\n\t<a href=\"https:\/\/www.rucashk.com\/es\" title=\"Home\">Home<\/a>\n<\/span><span class=\"aioseo-breadcrumb-separator\">&raquo;<\/span><span class=\"aioseo-breadcrumb\">\n\t<a href=\"https:\/\/www.rucashk.com\/es\/products\/\" title=\"Productos\">Productos<\/a>\n<\/span><span class=\"aioseo-breadcrumb-separator\">&raquo;<\/span><span class=\"aioseo-breadcrumb\">\n\t<a href=\"https:\/\/www.rucashk.com\/es\/marca\/xiaomi\/\" title=\"Xiaomi\">Xiaomi<\/a>\n<\/span><span class=\"aioseo-breadcrumb-separator\">&raquo;<\/span><span class=\"aioseo-breadcrumb\">\n\tXiaomi Mi AIoT Router AC2350 Wholesale\n<\/span><\/div>","aioseo_breadcrumb_json":[{"label":"Home","link":"https:\/\/www.rucashk.com\/es"},{"label":"Productos","link":"https:\/\/www.rucashk.com\/es\/products\/"},{"label":"Xiaomi","link":"https:\/\/www.rucashk.com\/es\/marca\/xiaomi\/"},{"label":"Xiaomi Mi AIoT Router AC2350 Wholesale","link":"https:\/\/www.rucashk.com\/es\/producto\/xiaomi-mi-aiot-router-ac2350-wholesale\/"}],"_links":{"self":[{"href":"https:\/\/www.rucashk.com\/es\/wp-json\/wp\/v2\/product\/24708","targetHints":{"allow":["GET"]}}],"collection":[{"href":"https:\/\/www.rucashk.com\/es\/wp-json\/wp\/v2\/product"}],"about":[{"href":"https:\/\/www.rucashk.com\/es\/wp-json\/wp\/v2\/types\/product"}],"wp:featuredmedia":[{"embeddable":true,"href":"https:\/\/www.rucashk.com\/es\/wp-json\/wp\/v2\/media\/24826"}],"wp:attachment":[{"href":"https:\/\/www.rucashk.com\/es\/wp-json\/wp\/v2\/media?parent=24708"}],"wp:term":[{"taxonomy":"product_brand","embeddable":true,"href":"https:\/\/www.rucashk.com\/es\/wp-json\/wp\/v2\/product_brand?post=24708"},{"taxonomy":"product_cat","embeddable":true,"href":"https:\/\/www.rucashk.com\/es\/wp-json\/wp\/v2\/product_cat?post=24708"},{"taxonomy":"product_tag","embeddable":true,"href":"https:\/\/www.rucashk.com\/es\/wp-json\/wp\/v2\/product_tag?post=24708"}],"curies":[{"name":"wp","href":"https:\/\/api.w.org\/{rel}","templated":true}]}}