{"id":24687,"date":"2024-01-09T16:07:31","date_gmt":"2024-01-09T16:07:31","guid":{"rendered":"http:\/\/rucashk.com\/?post_type=product&#038;p=24687"},"modified":"2024-03-13T06:37:27","modified_gmt":"2024-03-13T06:37:27","slug":"motini-folding-electric-bike-wholesale","status":"publish","type":"product","link":"https:\/\/www.rucashk.com\/es\/producto\/motini-folding-electric-bike-wholesale\/","title":{"rendered":"Bicicleta el\u00e9ctrica plegable MOTINI al por mayor"},"content":{"rendered":"<p><img fetchpriority=\"high\" decoding=\"async\" class=\"aligncenter\" src=\"\/wp-content\/uploads\/replace\/88c658b7531444b0a138e14946d6bc98.jpeg\" alt=\"MOTINI Folding Electric Bike\" width=\"1000\" height=\"775\" \/><img decoding=\"async\" class=\"aligncenter\" src=\"\/wp-content\/uploads\/replace\/004d4186ee76fa2d35f0ea3ae94d8b21.jpeg\" alt=\"MOTINI Folding Electric Bike\" width=\"1000\" height=\"1120\" \/><img decoding=\"async\" class=\"aligncenter\" src=\"\/wp-content\/uploads\/replace\/1cd7c0a901d00731b12bc53b3f57500d.jpeg\" alt=\"MOTINI Folding Electric Bike\" width=\"1000\" height=\"829\" \/><img loading=\"lazy\" decoding=\"async\" class=\"aligncenter\" src=\"\/wp-content\/uploads\/replace\/92eaffcd45e17d096f4187b0bfbcbfef.jpeg\" alt=\"MOTINI Folding Electric Bike\" width=\"1000\" height=\"825\" \/><img loading=\"lazy\" decoding=\"async\" class=\"aligncenter\" src=\"\/wp-content\/uploads\/replace\/dc71c8085dd9a01037851eefe8c3a97c.jpeg\" alt=\"MOTINI Folding Electric Bike\" width=\"1000\" height=\"805\" \/><img loading=\"lazy\" decoding=\"async\" class=\"aligncenter\" src=\"\/wp-content\/uploads\/replace\/8d6b69f3d8ca1f2c94403501a2468d34.jpeg\" alt=\"MOTINI Folding Electric Bike\" width=\"1000\" height=\"719\" \/><img loading=\"lazy\" decoding=\"async\" class=\"aligncenter\" src=\"\/wp-content\/uploads\/replace\/e1aa8c2c478e37f1b090942f520cd288.jpeg\" alt=\"MOTINI Folding Electric Bike\" width=\"1000\" height=\"653\" \/><img loading=\"lazy\" decoding=\"async\" class=\"aligncenter\" src=\"\/wp-content\/uploads\/replace\/da9609c021343dde250779ee680e5397.jpeg\" alt=\"MOTINI Folding Electric Bike\" width=\"1000\" height=\"822\" \/><\/p>","protected":false},"excerpt":{"rendered":"<p><strong><span style=\"color: #666666;font-family: Arial;font-size: small\">Principales caracter\u00edsticas:<br \/>\n<\/span><\/strong>\u25cf La forma ergon\u00f3mica, la conducci\u00f3n c\u00f3moda, el plegado r\u00e1pido,\u00a0<b>Se puede transportar en el ba\u00fal de 28 pulgadas y llevarse en el avi\u00f3n que viaja con usted.<\/b><br \/>\n\u25cf M\u00e9todo de carga innovador,\u00a0<b>Se puede cargar directamente o puedes desmontar la bater\u00eda y cargarla de forma independiente.<\/b><br \/>\n\u25cf LED sensor lights in front and rear, safer riding at night<br \/>\n\u25cf 250W powerful motor, the motor torque is greater, the magnetic assistance is smaller, the power-off riding is as easy as riding<br \/>\n\u25cf Tire: 7 inch<br \/>\n\u25cf Battery: 130Wh, 2.6Ah<br \/>\n\u25cf Charging time: 1.5h<br \/>\n\u25cf Bearing capacity: 90KG<br \/>\n\u25cf Top speed: 20km \/ h<\/p>","protected":false},"featured_media":24799,"template":"","meta":[],"product_brand":[],"product_cat":[1322],"product_tag":[933,1133],"class_list":{"0":"post-24687","1":"product","2":"type-product","3":"status-publish","4":"has-post-thumbnail","6":"product_cat-other-a-brands","7":"product_tag-electric-scooter","8":"product_tag-motini-folding-electric-bike","10":"first","11":"instock","12":"shipping-taxable","13":"product-type-external"},"aioseo_notices":[],"aioseo_head":"\n\t\t<!-- All in One SEO Pro 4.5.9.2 - aioseo.com -->\n\t\t<meta name=\"description\" content=\"Main Features: \u25cf The ergonomic shape, comfortable ride, fast folding, can be carried in the 28 inch trunk and taken on the plane traveled with you \u25cf Innovative charging method, can be directly charged, or you can disassemble the battery and charge it independently \u25cf LED sensor lights in front and rear, safer riding at night \u25cf 250W powerful motor, the motor torque is greater, the magnetic assistance is smaller, the power-off riding is as easy as riding \u25cf Tire: 7 inch \u25cf Battery: 130Wh, 2.6Ah \u25cf Charging time: 1.5h \u25cf Bearing capacity: 90KG \u25cf Top speed: 20km \/ h\" \/>\n\t\t<meta name=\"robots\" content=\"max-image-preview:large\" \/>\n\t\t<link rel=\"canonical\" href=\"https:\/\/www.rucashk.com\/es\/producto\/motini-folding-electric-bike-wholesale\/\" \/>\n\t\t<meta name=\"generator\" content=\"All in One SEO Pro (AIOSEO) 4.5.9.2\" \/>\n\t\t<meta property=\"og:locale\" content=\"es_ES\" \/>\n\t\t<meta property=\"og:site_name\" content=\"Rucas - One-stop AIoT Distribution Worldwide\" \/>\n\t\t<meta property=\"og:type\" content=\"article\" \/>\n\t\t<meta property=\"og:title\" content=\"MOTINI Folding Electric Bike Wholesale - Rucas - Wholesale and Distribution\" \/>\n\t\t<meta property=\"og:description\" content=\"Main Features: \u25cf The ergonomic shape, comfortable ride, fast folding, can be carried in the 28 inch trunk and taken on the plane traveled with you \u25cf Innovative charging method, can be directly charged, or you can disassemble the battery and charge it independently \u25cf LED sensor lights in front and rear, safer riding at night \u25cf 250W powerful motor, the motor torque is greater, the magnetic assistance is smaller, the power-off riding is as easy as riding \u25cf Tire: 7 inch \u25cf Battery: 130Wh, 2.6Ah \u25cf Charging time: 1.5h \u25cf Bearing capacity: 90KG \u25cf Top speed: 20km \/ h\" \/>\n\t\t<meta property=\"og:url\" content=\"https:\/\/www.rucashk.com\/es\/producto\/motini-folding-electric-bike-wholesale\/\" \/>\n\t\t<meta property=\"og:image\" content=\"https:\/\/www.rucashk.com\/wp-content\/uploads\/replace\/503b8e645f128a97ccde2b6290747646.jpeg\" \/>\n\t\t<meta property=\"og:image:secure_url\" content=\"https:\/\/www.rucashk.com\/wp-content\/uploads\/replace\/503b8e645f128a97ccde2b6290747646.jpeg\" \/>\n\t\t<meta property=\"og:image:width\" content=\"1456\" \/>\n\t\t<meta property=\"og:image:height\" content=\"816\" \/>\n\t\t<meta property=\"article:published_time\" content=\"2024-01-09T16:07:31+00:00\" \/>\n\t\t<meta property=\"article:modified_time\" content=\"2024-03-13T06:37:27+00:00\" \/>\n\t\t<meta name=\"twitter:card\" content=\"summary_large_image\" \/>\n\t\t<meta name=\"twitter:title\" content=\"MOTINI Folding Electric Bike Wholesale - Rucas - Wholesale and Distribution\" \/>\n\t\t<meta name=\"twitter:description\" content=\"Main Features: \u25cf The ergonomic shape, comfortable ride, fast folding, can be carried in the 28 inch trunk and taken on the plane traveled with you \u25cf Innovative charging method, can be directly charged, or you can disassemble the battery and charge it independently \u25cf LED sensor lights in front and rear, safer riding at night \u25cf 250W powerful motor, the motor torque is greater, the magnetic assistance is smaller, the power-off riding is as easy as riding \u25cf Tire: 7 inch \u25cf Battery: 130Wh, 2.6Ah \u25cf Charging time: 1.5h \u25cf Bearing capacity: 90KG \u25cf Top speed: 20km \/ h\" \/>\n\t\t<meta name=\"twitter:image\" content=\"https:\/\/www.rucashk.com\/wp-content\/uploads\/replace\/503b8e645f128a97ccde2b6290747646.jpeg\" \/>\n\t\t<script type=\"application\/ld+json\" class=\"aioseo-schema\">\n\t\t\t{\"@context\":\"https:\\\/\\\/schema.org\",\"@graph\":[{\"@type\":\"BreadcrumbList\",\"@id\":\"https:\\\/\\\/www.rucashk.com\\\/es\\\/producto\\\/motini-folding-electric-bike-wholesale\\\/#breadcrumblist\",\"itemListElement\":[{\"@type\":\"ListItem\",\"@id\":\"https:\\\/\\\/www.rucashk.com\\\/es\\\/#listItem\",\"position\":1,\"name\":\"Home\",\"item\":\"https:\\\/\\\/www.rucashk.com\\\/es\\\/\",\"nextItem\":\"https:\\\/\\\/www.rucashk.com\\\/es\\\/producto\\\/motini-folding-electric-bike-wholesale\\\/#listItem\"},{\"@type\":\"ListItem\",\"@id\":\"https:\\\/\\\/www.rucashk.com\\\/es\\\/producto\\\/motini-folding-electric-bike-wholesale\\\/#listItem\",\"position\":2,\"name\":\"MOTINI Folding Electric Bike Wholesale\",\"previousItem\":\"https:\\\/\\\/www.rucashk.com\\\/es\\\/#listItem\"}]},{\"@type\":\"Organization\",\"@id\":\"https:\\\/\\\/www.rucashk.com\\\/es\\\/#organization\",\"name\":\"Rucas\",\"url\":\"https:\\\/\\\/www.rucashk.com\\\/es\\\/\",\"logo\":{\"@type\":\"ImageObject\",\"url\":\"https:\\\/\\\/www.rucashk.com\\\/wp-content\\\/uploads\\\/2023\\\/12\\\/Rucas_campany_logo.png\",\"@id\":\"https:\\\/\\\/www.rucashk.com\\\/es\\\/producto\\\/motini-folding-electric-bike-wholesale\\\/#organizationLogo\",\"width\":221,\"height\":65},\"image\":{\"@id\":\"https:\\\/\\\/www.rucashk.com\\\/es\\\/#organizationLogo\"}},{\"@type\":\"Person\",\"@id\":\"https:\\\/\\\/www.rucashk.com\\\/es\\\/author\\\/admin\\\/#author\",\"url\":\"https:\\\/\\\/www.rucashk.com\\\/es\\\/author\\\/admin\\\/\",\"name\":\"admin\",\"image\":{\"@type\":\"ImageObject\",\"@id\":\"https:\\\/\\\/www.rucashk.com\\\/es\\\/producto\\\/motini-folding-electric-bike-wholesale\\\/#authorImage\",\"url\":\"https:\\\/\\\/secure.gravatar.com\\\/avatar\\\/b7c8925b09a27e72b30232f8ecaadbd5af0f70a38c78096863fe51b64f031c24?s=96&d=mm&r=g\",\"width\":96,\"height\":96,\"caption\":\"admin\"}},{\"@type\":\"WebPage\",\"@id\":\"https:\\\/\\\/www.rucashk.com\\\/es\\\/producto\\\/motini-folding-electric-bike-wholesale\\\/#webpage\",\"url\":\"https:\\\/\\\/www.rucashk.com\\\/es\\\/producto\\\/motini-folding-electric-bike-wholesale\\\/\",\"name\":\"MOTINI Folding Electric Bike Wholesale - Rucas - Wholesale and Distribution\",\"description\":\"Main Features: \\u25cf The ergonomic shape, comfortable ride, fast folding, can be carried in the 28 inch trunk and taken on the plane traveled with you \\u25cf Innovative charging method, can be directly charged, or you can disassemble the battery and charge it independently \\u25cf LED sensor lights in front and rear, safer riding at night \\u25cf 250W powerful motor, the motor torque is greater, the magnetic assistance is smaller, the power-off riding is as easy as riding \\u25cf Tire: 7 inch \\u25cf Battery: 130Wh, 2.6Ah \\u25cf Charging time: 1.5h \\u25cf Bearing capacity: 90KG \\u25cf Top speed: 20km \\\/ h\",\"inLanguage\":\"es-ES\",\"isPartOf\":{\"@id\":\"https:\\\/\\\/www.rucashk.com\\\/es\\\/#website\"},\"breadcrumb\":{\"@id\":\"https:\\\/\\\/www.rucashk.com\\\/es\\\/producto\\\/motini-folding-electric-bike-wholesale\\\/#breadcrumblist\"},\"author\":{\"@id\":\"https:\\\/\\\/www.rucashk.com\\\/es\\\/author\\\/admin\\\/#author\"},\"creator\":{\"@id\":\"https:\\\/\\\/www.rucashk.com\\\/es\\\/author\\\/admin\\\/#author\"},\"image\":{\"@type\":\"ImageObject\",\"url\":\"https:\\\/\\\/www.rucashk.com\\\/wp-content\\\/uploads\\\/2024\\\/01\\\/1_\\u526f\\u672c-40.png\",\"@id\":\"https:\\\/\\\/www.rucashk.com\\\/es\\\/producto\\\/motini-folding-electric-bike-wholesale\\\/#mainImage\",\"width\":800,\"height\":800},\"primaryImageOfPage\":{\"@id\":\"https:\\\/\\\/www.rucashk.com\\\/es\\\/producto\\\/motini-folding-electric-bike-wholesale\\\/#mainImage\"},\"datePublished\":\"2024-01-09T16:07:31+00:00\",\"dateModified\":\"2024-03-13T06:37:27+00:00\"},{\"@type\":\"WebSite\",\"@id\":\"https:\\\/\\\/www.rucashk.com\\\/es\\\/#website\",\"url\":\"https:\\\/\\\/www.rucashk.com\\\/es\\\/\",\"name\":\"Rucas - Wholesale and distribution worldwide\",\"alternateName\":\"Rucas - One-stop AIoT Distribution Worldwide\",\"description\":\"One-stop AIoT Distribution Worldwide\",\"inLanguage\":\"es-ES\",\"publisher\":{\"@id\":\"https:\\\/\\\/www.rucashk.com\\\/es\\\/#organization\"}}]}\n\t\t<\/script>\n\t\t<!-- All in One SEO Pro -->\r\n\t\t<title>MOTINI Folding Electric Bike Wholesale - Rucas - Wholesale and Distribution<\/title>\n\n","aioseo_head_json":{"title":"MOTINI Folding Electric Bike Wholesale - Rucas - Wholesale and Distribution","description":"Main Features: \u25cf The ergonomic shape, comfortable ride, fast folding, can be carried in the 28 inch trunk and taken on the plane traveled with you \u25cf Innovative charging method, can be directly charged, or you can disassemble the battery and charge it independently \u25cf LED sensor lights in front and rear, safer riding at night \u25cf 250W powerful motor, the motor torque is greater, the magnetic assistance is smaller, the power-off riding is as easy as riding \u25cf Tire: 7 inch \u25cf Battery: 130Wh, 2.6Ah \u25cf Charging time: 1.5h \u25cf Bearing capacity: 90KG \u25cf Top speed: 20km \/ h","canonical_url":"https:\/\/www.rucashk.com\/es\/producto\/motini-folding-electric-bike-wholesale\/","robots":"max-image-preview:large","keywords":"","webmasterTools":{"miscellaneous":""},"og:locale":"es_ES","og:site_name":"Rucas - One-stop AIoT Distribution Worldwide","og:type":"article","og:title":"MOTINI Folding Electric Bike Wholesale - Rucas - Wholesale and Distribution","og:description":"Main Features: \u25cf The ergonomic shape, comfortable ride, fast folding, can be carried in the 28 inch trunk and taken on the plane traveled with you \u25cf Innovative charging method, can be directly charged, or you can disassemble the battery and charge it independently \u25cf LED sensor lights in front and rear, safer riding at night \u25cf 250W powerful motor, the motor torque is greater, the magnetic assistance is smaller, the power-off riding is as easy as riding \u25cf Tire: 7 inch \u25cf Battery: 130Wh, 2.6Ah \u25cf Charging time: 1.5h \u25cf Bearing capacity: 90KG \u25cf Top speed: 20km \/ h","og:url":"https:\/\/www.rucashk.com\/es\/producto\/motini-folding-electric-bike-wholesale\/","og:image":"https:\/\/www.rucashk.com\/wp-content\/uploads\/replace\/503b8e645f128a97ccde2b6290747646.jpeg","og:image:secure_url":"https:\/\/www.rucashk.com\/wp-content\/uploads\/replace\/503b8e645f128a97ccde2b6290747646.jpeg","og:image:width":1456,"og:image:height":816,"article:published_time":"2024-01-09T16:07:31+00:00","article:modified_time":"2024-03-13T06:37:27+00:00","twitter:card":"summary_large_image","twitter:title":"MOTINI Folding Electric Bike Wholesale - Rucas - Wholesale and Distribution","twitter:description":"Main Features: \u25cf The ergonomic shape, comfortable ride, fast folding, can be carried in the 28 inch trunk and taken on the plane traveled with you \u25cf Innovative charging method, can be directly charged, or you can disassemble the battery and charge it independently \u25cf LED sensor lights in front and rear, safer riding at night \u25cf 250W powerful motor, the motor torque is greater, the magnetic assistance is smaller, the power-off riding is as easy as riding \u25cf Tire: 7 inch \u25cf Battery: 130Wh, 2.6Ah \u25cf Charging time: 1.5h \u25cf Bearing capacity: 90KG \u25cf Top speed: 20km \/ h","twitter:image":"https:\/\/www.rucashk.com\/wp-content\/uploads\/replace\/503b8e645f128a97ccde2b6290747646.jpeg","schema":{"@context":"https:\/\/schema.org","@graph":[{"@type":"BreadcrumbList","@id":"https:\/\/www.rucashk.com\/es\/producto\/motini-folding-electric-bike-wholesale\/#breadcrumblist","itemListElement":[{"@type":"ListItem","@id":"https:\/\/www.rucashk.com\/es\/#listItem","position":1,"name":"Home","item":"https:\/\/www.rucashk.com\/es\/","nextItem":"https:\/\/www.rucashk.com\/es\/producto\/motini-folding-electric-bike-wholesale\/#listItem"},{"@type":"ListItem","@id":"https:\/\/www.rucashk.com\/es\/producto\/motini-folding-electric-bike-wholesale\/#listItem","position":2,"name":"MOTINI Folding Electric Bike Wholesale","previousItem":"https:\/\/www.rucashk.com\/es\/#listItem"}]},{"@type":"Organization","@id":"https:\/\/www.rucashk.com\/es\/#organization","name":"Rucas","url":"https:\/\/www.rucashk.com\/es\/","logo":{"@type":"ImageObject","url":"https:\/\/www.rucashk.com\/wp-content\/uploads\/2023\/12\/Rucas_campany_logo.png","@id":"https:\/\/www.rucashk.com\/es\/producto\/motini-folding-electric-bike-wholesale\/#organizationLogo","width":221,"height":65},"image":{"@id":"https:\/\/www.rucashk.com\/es\/#organizationLogo"}},{"@type":"Person","@id":"https:\/\/www.rucashk.com\/es\/author\/admin\/#author","url":"https:\/\/www.rucashk.com\/es\/author\/admin\/","name":"admin","image":{"@type":"ImageObject","@id":"https:\/\/www.rucashk.com\/es\/producto\/motini-folding-electric-bike-wholesale\/#authorImage","url":"https:\/\/secure.gravatar.com\/avatar\/b7c8925b09a27e72b30232f8ecaadbd5af0f70a38c78096863fe51b64f031c24?s=96&d=mm&r=g","width":96,"height":96,"caption":"admin"}},{"@type":"WebPage","@id":"https:\/\/www.rucashk.com\/es\/producto\/motini-folding-electric-bike-wholesale\/#webpage","url":"https:\/\/www.rucashk.com\/es\/producto\/motini-folding-electric-bike-wholesale\/","name":"MOTINI Folding Electric Bike Wholesale - Rucas - Wholesale and Distribution","description":"Main Features: \u25cf The ergonomic shape, comfortable ride, fast folding, can be carried in the 28 inch trunk and taken on the plane traveled with you \u25cf Innovative charging method, can be directly charged, or you can disassemble the battery and charge it independently \u25cf LED sensor lights in front and rear, safer riding at night \u25cf 250W powerful motor, the motor torque is greater, the magnetic assistance is smaller, the power-off riding is as easy as riding \u25cf Tire: 7 inch \u25cf Battery: 130Wh, 2.6Ah \u25cf Charging time: 1.5h \u25cf Bearing capacity: 90KG \u25cf Top speed: 20km \/ h","inLanguage":"es-ES","isPartOf":{"@id":"https:\/\/www.rucashk.com\/es\/#website"},"breadcrumb":{"@id":"https:\/\/www.rucashk.com\/es\/producto\/motini-folding-electric-bike-wholesale\/#breadcrumblist"},"author":{"@id":"https:\/\/www.rucashk.com\/es\/author\/admin\/#author"},"creator":{"@id":"https:\/\/www.rucashk.com\/es\/author\/admin\/#author"},"image":{"@type":"ImageObject","url":"https:\/\/www.rucashk.com\/wp-content\/uploads\/2024\/01\/1_\u526f\u672c-40.png","@id":"https:\/\/www.rucashk.com\/es\/producto\/motini-folding-electric-bike-wholesale\/#mainImage","width":800,"height":800},"primaryImageOfPage":{"@id":"https:\/\/www.rucashk.com\/es\/producto\/motini-folding-electric-bike-wholesale\/#mainImage"},"datePublished":"2024-01-09T16:07:31+00:00","dateModified":"2024-03-13T06:37:27+00:00"},{"@type":"WebSite","@id":"https:\/\/www.rucashk.com\/es\/#website","url":"https:\/\/www.rucashk.com\/es\/","name":"Rucas - Wholesale and distribution worldwide","alternateName":"Rucas - One-stop AIoT Distribution Worldwide","description":"One-stop AIoT Distribution Worldwide","inLanguage":"es-ES","publisher":{"@id":"https:\/\/www.rucashk.com\/es\/#organization"}}]}},"aioseo_meta_data":{"post_id":"24687","title":null,"description":null,"keywords":null,"keyphrases":null,"primary_term":null,"canonical_url":null,"og_title":null,"og_description":null,"og_object_type":"default","og_image_type":"default","og_image_url":null,"og_image_width":null,"og_image_height":null,"og_image_custom_url":null,"og_image_custom_fields":null,"og_video":null,"og_custom_url":null,"og_article_section":null,"og_article_tags":null,"twitter_use_og":false,"twitter_card":"default","twitter_image_type":"default","twitter_image_url":null,"twitter_image_custom_url":null,"twitter_image_custom_fields":null,"twitter_title":null,"twitter_description":null,"schema":{"blockGraphs":[],"customGraphs":[],"default":{"data":{"Article":[],"Course":[],"Dataset":[],"FAQPage":[],"Movie":[],"Person":[],"Product":[],"Recipe":[],"Service":[],"SoftwareApplication":[],"WebPage":[]},"graphName":"","isEnabled":true},"graphs":[]},"schema_type":"default","schema_type_options":null,"pillar_content":false,"robots_default":true,"robots_noindex":false,"robots_noarchive":false,"robots_nosnippet":false,"robots_nofollow":false,"robots_noimageindex":false,"robots_noodp":false,"robots_notranslate":false,"robots_max_snippet":null,"robots_max_videopreview":null,"robots_max_imagepreview":"large","priority":null,"frequency":null,"local_seo":null,"breadcrumb_settings":null,"limit_modified_date":false,"created":"2024-04-11 01:57:13","updated":"2025-06-22 17:38:14"},"aioseo_breadcrumb":"<div class=\"aioseo-breadcrumbs\"><span class=\"aioseo-breadcrumb\">\n\t<a href=\"https:\/\/www.rucashk.com\/es\" title=\"Home\">Home<\/a>\n<\/span><span class=\"aioseo-breadcrumb-separator\">&raquo;<\/span><span class=\"aioseo-breadcrumb\">\n\t<a href=\"https:\/\/www.rucashk.com\/es\/products\/\" title=\"Productos\">Productos<\/a>\n<\/span><span class=\"aioseo-breadcrumb-separator\">&raquo;<\/span><span class=\"aioseo-breadcrumb\">\n\t<a href=\"https:\/\/www.rucashk.com\/es\/categoria-producto\/other-a-brands\/\" title=\"Other A-Brands\">Other A-Brands<\/a>\n<\/span><span class=\"aioseo-breadcrumb-separator\">&raquo;<\/span><span class=\"aioseo-breadcrumb\">\n\tMOTINI Folding Electric Bike Wholesale\n<\/span><\/div>","aioseo_breadcrumb_json":[{"label":"Home","link":"https:\/\/www.rucashk.com\/es"},{"label":"Productos","link":"https:\/\/www.rucashk.com\/es\/products\/"},{"label":"Other A-Brands","link":"https:\/\/www.rucashk.com\/es\/categoria-producto\/other-a-brands\/"},{"label":"MOTINI Folding Electric Bike Wholesale","link":"https:\/\/www.rucashk.com\/es\/producto\/motini-folding-electric-bike-wholesale\/"}],"_links":{"self":[{"href":"https:\/\/www.rucashk.com\/es\/wp-json\/wp\/v2\/product\/24687","targetHints":{"allow":["GET"]}}],"collection":[{"href":"https:\/\/www.rucashk.com\/es\/wp-json\/wp\/v2\/product"}],"about":[{"href":"https:\/\/www.rucashk.com\/es\/wp-json\/wp\/v2\/types\/product"}],"wp:featuredmedia":[{"embeddable":true,"href":"https:\/\/www.rucashk.com\/es\/wp-json\/wp\/v2\/media\/24799"}],"wp:attachment":[{"href":"https:\/\/www.rucashk.com\/es\/wp-json\/wp\/v2\/media?parent=24687"}],"wp:term":[{"taxonomy":"product_brand","embeddable":true,"href":"https:\/\/www.rucashk.com\/es\/wp-json\/wp\/v2\/product_brand?post=24687"},{"taxonomy":"product_cat","embeddable":true,"href":"https:\/\/www.rucashk.com\/es\/wp-json\/wp\/v2\/product_cat?post=24687"},{"taxonomy":"product_tag","embeddable":true,"href":"https:\/\/www.rucashk.com\/es\/wp-json\/wp\/v2\/product_tag?post=24687"}],"curies":[{"name":"wp","href":"https:\/\/api.w.org\/{rel}","templated":true}]}}