{"id":24683,"date":"2024-01-09T16:07:30","date_gmt":"2024-01-09T16:07:30","guid":{"rendered":"http:\/\/rucashk.com\/?post_type=product&#038;p=24683"},"modified":"2024-03-13T04:27:24","modified_gmt":"2024-03-13T04:27:24","slug":"conair-double-sided-lighted-makeup-mirror-wholesale-2","status":"publish","type":"product","link":"https:\/\/www.rucashk.com\/es\/producto\/conair-double-sided-lighted-makeup-mirror-wholesale-2\/","title":{"rendered":"Espejo de maquillaje iluminado de doble cara Conair al por mayor"},"content":{"rendered":"<p><img fetchpriority=\"high\" decoding=\"async\" class=\"alignnone wp-image-21469 size-full aligncenter\" src=\"\/wp-content\/uploads\/replace\/8ef1269af004472b08ccc6b6cd20ed75.png\" alt=\"Conair Double-Sided Lighted Makeup Mirror Wholesale\" width=\"1698\" height=\"1698\" \/><img decoding=\"async\" class=\"alignnone wp-image-21468 size-full aligncenter\" src=\"\/wp-content\/uploads\/replace\/95e47036fe1082d9908a18ae52901103.png\" alt=\"Conair Double-Sided Lighted Makeup Mirror Wholesale\" width=\"1698\" height=\"1698\" \/><img decoding=\"async\" class=\"alignnone wp-image-21467 size-full aligncenter\" src=\"\/wp-content\/uploads\/replace\/7763ca13d73fdaa61aad391a6d152a6f.png\" alt=\"Conair Double-Sided Lighted Makeup Mirror Wholesale\" width=\"1698\" height=\"1698\" \/><\/p>","protected":false},"excerpt":{"rendered":"<div class=\"h-margin-l-default\" style=\"color: #333333;text-transform: none;text-indent: 0px;letter-spacing: normal;font-family: Targetica, 'Helvetica Neue', Helvetica, Arial, sans-serif;font-size: 14px;font-style: normal;font-weight: 400;margin-left: 16px !important\" data-test=\"productDetailsTabs-shippingReturnsTab-shippingDetails\">\n<h4 class=\"Heading__StyledHeading-sc-1m9kw5a-0 jDpOpN h-margin-t-tight\" style=\"color: #333333;text-transform: none;line-height: 1.25;text-indent: 0px;letter-spacing: 0px;font-family: 'Helvetica for Target', HelveticaForTarget, Targetica, 'HelveticaNeue for Target', 'Helvetica Neue', Helvetica, Arial, sans-serif;font-size: 16px;font-style: normal;font-weight: bold;vertical-align: baseline;margin: 12px !important 0px 8px 0px\">Detalles de env\u00edo<\/h4>\n<div data-test=\"estimatedShipDimensions\">Dimensiones estimadas del barco: 15,8 pulgadas de largo x 8,7 pulgadas de ancho x 5,7 pulgadas de alto<\/div>\n<div data-test=\"estimatedShipWeight\">Peso estimado del barco: 2,9321 libras<\/div>\n<div data-test=\"poBoxProhibitedMessage\"><\/div>\n<\/div>\n<div class=\"h-margin-l-default\" style=\"color: #333333;text-transform: none;text-indent: 0px;letter-spacing: normal;font-family: Targetica, 'Helvetica Neue', Helvetica, Arial, sans-serif;font-size: 14px;font-style: normal;font-weight: 400;margin-left: 16px !important\" data-test=\"productDetailsTabs-shippingReturnsTab-returnDetails\">\n<h4 class=\"Heading__StyledHeading-sc-1m9kw5a-0 jDpOpN h-margin-t-tight\" style=\"color: #333333;text-transform: none;line-height: 1.25;text-indent: 0px;letter-spacing: 0px;font-family: 'Helvetica for Target', HelveticaForTarget, Targetica, 'HelveticaNeue for Target', 'Helvetica Neue', Helvetica, Arial, sans-serif;font-size: 16px;font-style: normal;font-weight: bold;vertical-align: baseline;margin: 12px !important 0px 8px 0px\">Detalles de devoluci\u00f3n<\/h4>\n<div>Este art\u00edculo se puede devolver en cualquier tienda Target o en Target.com.<\/div>\n<div>Este art\u00edculo debe devolverse dentro de los 90 d\u00edas posteriores a la compra en la tienda, la fecha de env\u00edo o la recogida del pedido en l\u00ednea. Consulte la pol\u00edtica de devoluciones para obtener m\u00e1s detalles.<\/div>\n<div>Ver el\u00a0<a class=\"Link-sc-1khjl8b-0 gnMfNm\" href=\"http:\/\/help.target.com\/help\/subcategoryarticle?childcat=Return+policy&amp;parentcat=Returns+%26+Exchanges&amp;searchQuery=search+help\" data-test=\"returnPolicy\">pol\u00edtica de devoluciones<\/a>\u00a0para informaci\u00f3n completa.<\/div>\n<\/div>","protected":false},"featured_media":24787,"template":"","meta":[],"product_brand":[],"product_cat":[1320,1305],"product_tag":[1101],"class_list":{"0":"post-24683","1":"product","2":"type-product","3":"status-publish","4":"has-post-thumbnail","6":"product_cat-personal-care","7":"product_cat-xiaomi-eco","8":"product_tag-conair-double-sided-lighted-makeup-mirror","10":"first","11":"instock","12":"shipping-taxable","13":"product-type-external"},"aioseo_notices":[],"aioseo_head":"\n\t\t<!-- All in One SEO Pro 4.5.9.2 - aioseo.com -->\n\t\t<meta name=\"description\" content=\"Shipping details Estimated ship dimensions: 15.8 inches length x 8.7 inches width x 5.7 inches height Estimated ship weight: 2.9321 pounds Return details This item can be returned to any Target store or Target.com. This item must be returned within 90 days of the in-store purchase, ship date, or online order pickup. See return policy for details. See the return policy for complete information.\" \/>\n\t\t<meta name=\"robots\" content=\"max-image-preview:large\" \/>\n\t\t<link rel=\"canonical\" href=\"https:\/\/www.rucashk.com\/es\/producto\/conair-double-sided-lighted-makeup-mirror-wholesale-2\/\" \/>\n\t\t<meta name=\"generator\" content=\"All in One SEO Pro (AIOSEO) 4.5.9.2\" \/>\n\t\t<meta property=\"og:locale\" content=\"es_ES\" \/>\n\t\t<meta property=\"og:site_name\" content=\"Rucas - One-stop AIoT Distribution Worldwide\" \/>\n\t\t<meta property=\"og:type\" content=\"article\" \/>\n\t\t<meta property=\"og:title\" content=\"Conair Double-Sided Lighted Makeup Mirror Wholesale - Rucas - Wholesale and Distribution\" \/>\n\t\t<meta property=\"og:description\" content=\"Shipping details Estimated ship dimensions: 15.8 inches length x 8.7 inches width x 5.7 inches height Estimated ship weight: 2.9321 pounds Return details This item can be returned to any Target store or Target.com. This item must be returned within 90 days of the in-store purchase, ship date, or online order pickup. See return policy for details. See the return policy for complete information.\" \/>\n\t\t<meta property=\"og:url\" content=\"https:\/\/www.rucashk.com\/es\/producto\/conair-double-sided-lighted-makeup-mirror-wholesale-2\/\" \/>\n\t\t<meta property=\"og:image\" content=\"https:\/\/www.rucashk.com\/wp-content\/uploads\/replace\/503b8e645f128a97ccde2b6290747646.jpeg\" \/>\n\t\t<meta property=\"og:image:secure_url\" content=\"https:\/\/www.rucashk.com\/wp-content\/uploads\/replace\/503b8e645f128a97ccde2b6290747646.jpeg\" \/>\n\t\t<meta property=\"og:image:width\" content=\"1456\" \/>\n\t\t<meta property=\"og:image:height\" content=\"816\" \/>\n\t\t<meta property=\"article:published_time\" content=\"2024-01-09T16:07:30+00:00\" \/>\n\t\t<meta property=\"article:modified_time\" content=\"2024-03-13T04:27:24+00:00\" \/>\n\t\t<meta name=\"twitter:card\" content=\"summary_large_image\" \/>\n\t\t<meta name=\"twitter:title\" content=\"Conair Double-Sided Lighted Makeup Mirror Wholesale - Rucas - Wholesale and Distribution\" \/>\n\t\t<meta name=\"twitter:description\" content=\"Shipping details Estimated ship dimensions: 15.8 inches length x 8.7 inches width x 5.7 inches height Estimated ship weight: 2.9321 pounds Return details This item can be returned to any Target store or Target.com. This item must be returned within 90 days of the in-store purchase, ship date, or online order pickup. See return policy for details. See the return policy for complete information.\" \/>\n\t\t<meta name=\"twitter:image\" content=\"https:\/\/www.rucashk.com\/wp-content\/uploads\/replace\/503b8e645f128a97ccde2b6290747646.jpeg\" \/>\n\t\t<script type=\"application\/ld+json\" class=\"aioseo-schema\">\n\t\t\t{\"@context\":\"https:\\\/\\\/schema.org\",\"@graph\":[{\"@type\":\"BreadcrumbList\",\"@id\":\"https:\\\/\\\/www.rucashk.com\\\/es\\\/producto\\\/conair-double-sided-lighted-makeup-mirror-wholesale-2\\\/#breadcrumblist\",\"itemListElement\":[{\"@type\":\"ListItem\",\"@id\":\"https:\\\/\\\/www.rucashk.com\\\/es\\\/#listItem\",\"position\":1,\"name\":\"Home\",\"item\":\"https:\\\/\\\/www.rucashk.com\\\/es\\\/\",\"nextItem\":\"https:\\\/\\\/www.rucashk.com\\\/es\\\/producto\\\/conair-double-sided-lighted-makeup-mirror-wholesale-2\\\/#listItem\"},{\"@type\":\"ListItem\",\"@id\":\"https:\\\/\\\/www.rucashk.com\\\/es\\\/producto\\\/conair-double-sided-lighted-makeup-mirror-wholesale-2\\\/#listItem\",\"position\":2,\"name\":\"Conair Double-Sided Lighted Makeup Mirror Wholesale\",\"previousItem\":\"https:\\\/\\\/www.rucashk.com\\\/es\\\/#listItem\"}]},{\"@type\":\"Organization\",\"@id\":\"https:\\\/\\\/www.rucashk.com\\\/es\\\/#organization\",\"name\":\"Rucas\",\"url\":\"https:\\\/\\\/www.rucashk.com\\\/es\\\/\",\"logo\":{\"@type\":\"ImageObject\",\"url\":\"https:\\\/\\\/www.rucashk.com\\\/wp-content\\\/uploads\\\/2023\\\/12\\\/Rucas_campany_logo.png\",\"@id\":\"https:\\\/\\\/www.rucashk.com\\\/es\\\/producto\\\/conair-double-sided-lighted-makeup-mirror-wholesale-2\\\/#organizationLogo\",\"width\":221,\"height\":65},\"image\":{\"@id\":\"https:\\\/\\\/www.rucashk.com\\\/es\\\/#organizationLogo\"}},{\"@type\":\"Person\",\"@id\":\"https:\\\/\\\/www.rucashk.com\\\/es\\\/author\\\/admin\\\/#author\",\"url\":\"https:\\\/\\\/www.rucashk.com\\\/es\\\/author\\\/admin\\\/\",\"name\":\"admin\",\"image\":{\"@type\":\"ImageObject\",\"@id\":\"https:\\\/\\\/www.rucashk.com\\\/es\\\/producto\\\/conair-double-sided-lighted-makeup-mirror-wholesale-2\\\/#authorImage\",\"url\":\"https:\\\/\\\/secure.gravatar.com\\\/avatar\\\/b7c8925b09a27e72b30232f8ecaadbd5af0f70a38c78096863fe51b64f031c24?s=96&d=mm&r=g\",\"width\":96,\"height\":96,\"caption\":\"admin\"}},{\"@type\":\"WebPage\",\"@id\":\"https:\\\/\\\/www.rucashk.com\\\/es\\\/producto\\\/conair-double-sided-lighted-makeup-mirror-wholesale-2\\\/#webpage\",\"url\":\"https:\\\/\\\/www.rucashk.com\\\/es\\\/producto\\\/conair-double-sided-lighted-makeup-mirror-wholesale-2\\\/\",\"name\":\"Conair Double-Sided Lighted Makeup Mirror Wholesale - Rucas - Wholesale and Distribution\",\"description\":\"Shipping details Estimated ship dimensions: 15.8 inches length x 8.7 inches width x 5.7 inches height Estimated ship weight: 2.9321 pounds Return details This item can be returned to any Target store or Target.com. This item must be returned within 90 days of the in-store purchase, ship date, or online order pickup. See return policy for details. See the return policy for complete information.\",\"inLanguage\":\"es-ES\",\"isPartOf\":{\"@id\":\"https:\\\/\\\/www.rucashk.com\\\/es\\\/#website\"},\"breadcrumb\":{\"@id\":\"https:\\\/\\\/www.rucashk.com\\\/es\\\/producto\\\/conair-double-sided-lighted-makeup-mirror-wholesale-2\\\/#breadcrumblist\"},\"author\":{\"@id\":\"https:\\\/\\\/www.rucashk.com\\\/es\\\/author\\\/admin\\\/#author\"},\"creator\":{\"@id\":\"https:\\\/\\\/www.rucashk.com\\\/es\\\/author\\\/admin\\\/#author\"},\"image\":{\"@type\":\"ImageObject\",\"url\":\"https:\\\/\\\/www.rucashk.com\\\/wp-content\\\/uploads\\\/2024\\\/01\\\/d_\\u526f\\u672c-5.png\",\"@id\":\"https:\\\/\\\/www.rucashk.com\\\/es\\\/producto\\\/conair-double-sided-lighted-makeup-mirror-wholesale-2\\\/#mainImage\",\"width\":800,\"height\":800},\"primaryImageOfPage\":{\"@id\":\"https:\\\/\\\/www.rucashk.com\\\/es\\\/producto\\\/conair-double-sided-lighted-makeup-mirror-wholesale-2\\\/#mainImage\"},\"datePublished\":\"2024-01-09T16:07:30+00:00\",\"dateModified\":\"2024-03-13T04:27:24+00:00\"},{\"@type\":\"WebSite\",\"@id\":\"https:\\\/\\\/www.rucashk.com\\\/es\\\/#website\",\"url\":\"https:\\\/\\\/www.rucashk.com\\\/es\\\/\",\"name\":\"Rucas - Wholesale and distribution worldwide\",\"alternateName\":\"Rucas - One-stop AIoT Distribution Worldwide\",\"description\":\"One-stop AIoT Distribution Worldwide\",\"inLanguage\":\"es-ES\",\"publisher\":{\"@id\":\"https:\\\/\\\/www.rucashk.com\\\/es\\\/#organization\"}}]}\n\t\t<\/script>\n\t\t<!-- All in One SEO Pro -->\r\n\t\t<title>Conair Double-Sided Lighted Makeup Mirror Wholesale - Rucas - Wholesale and Distribution<\/title>\n\n","aioseo_head_json":{"title":"Conair Double-Sided Lighted Makeup Mirror Wholesale - Rucas - Wholesale and Distribution","description":"Shipping details Estimated ship dimensions: 15.8 inches length x 8.7 inches width x 5.7 inches height Estimated ship weight: 2.9321 pounds Return details This item can be returned to any Target store or Target.com. This item must be returned within 90 days of the in-store purchase, ship date, or online order pickup. See return policy for details. See the return policy for complete information.","canonical_url":"https:\/\/www.rucashk.com\/es\/producto\/conair-double-sided-lighted-makeup-mirror-wholesale-2\/","robots":"max-image-preview:large","keywords":"","webmasterTools":{"miscellaneous":""},"og:locale":"es_ES","og:site_name":"Rucas - One-stop AIoT Distribution Worldwide","og:type":"article","og:title":"Conair Double-Sided Lighted Makeup Mirror Wholesale - Rucas - Wholesale and Distribution","og:description":"Shipping details Estimated ship dimensions: 15.8 inches length x 8.7 inches width x 5.7 inches height Estimated ship weight: 2.9321 pounds Return details This item can be returned to any Target store or Target.com. This item must be returned within 90 days of the in-store purchase, ship date, or online order pickup. See return policy for details. See the return policy for complete information.","og:url":"https:\/\/www.rucashk.com\/es\/producto\/conair-double-sided-lighted-makeup-mirror-wholesale-2\/","og:image":"https:\/\/www.rucashk.com\/wp-content\/uploads\/replace\/503b8e645f128a97ccde2b6290747646.jpeg","og:image:secure_url":"https:\/\/www.rucashk.com\/wp-content\/uploads\/replace\/503b8e645f128a97ccde2b6290747646.jpeg","og:image:width":1456,"og:image:height":816,"article:published_time":"2024-01-09T16:07:30+00:00","article:modified_time":"2024-03-13T04:27:24+00:00","twitter:card":"summary_large_image","twitter:title":"Conair Double-Sided Lighted Makeup Mirror Wholesale - Rucas - Wholesale and Distribution","twitter:description":"Shipping details Estimated ship dimensions: 15.8 inches length x 8.7 inches width x 5.7 inches height Estimated ship weight: 2.9321 pounds Return details This item can be returned to any Target store or Target.com. This item must be returned within 90 days of the in-store purchase, ship date, or online order pickup. See return policy for details. See the return policy for complete information.","twitter:image":"https:\/\/www.rucashk.com\/wp-content\/uploads\/replace\/503b8e645f128a97ccde2b6290747646.jpeg","schema":{"@context":"https:\/\/schema.org","@graph":[{"@type":"BreadcrumbList","@id":"https:\/\/www.rucashk.com\/es\/producto\/conair-double-sided-lighted-makeup-mirror-wholesale-2\/#breadcrumblist","itemListElement":[{"@type":"ListItem","@id":"https:\/\/www.rucashk.com\/es\/#listItem","position":1,"name":"Home","item":"https:\/\/www.rucashk.com\/es\/","nextItem":"https:\/\/www.rucashk.com\/es\/producto\/conair-double-sided-lighted-makeup-mirror-wholesale-2\/#listItem"},{"@type":"ListItem","@id":"https:\/\/www.rucashk.com\/es\/producto\/conair-double-sided-lighted-makeup-mirror-wholesale-2\/#listItem","position":2,"name":"Conair Double-Sided Lighted Makeup Mirror Wholesale","previousItem":"https:\/\/www.rucashk.com\/es\/#listItem"}]},{"@type":"Organization","@id":"https:\/\/www.rucashk.com\/es\/#organization","name":"Rucas","url":"https:\/\/www.rucashk.com\/es\/","logo":{"@type":"ImageObject","url":"https:\/\/www.rucashk.com\/wp-content\/uploads\/2023\/12\/Rucas_campany_logo.png","@id":"https:\/\/www.rucashk.com\/es\/producto\/conair-double-sided-lighted-makeup-mirror-wholesale-2\/#organizationLogo","width":221,"height":65},"image":{"@id":"https:\/\/www.rucashk.com\/es\/#organizationLogo"}},{"@type":"Person","@id":"https:\/\/www.rucashk.com\/es\/author\/admin\/#author","url":"https:\/\/www.rucashk.com\/es\/author\/admin\/","name":"admin","image":{"@type":"ImageObject","@id":"https:\/\/www.rucashk.com\/es\/producto\/conair-double-sided-lighted-makeup-mirror-wholesale-2\/#authorImage","url":"https:\/\/secure.gravatar.com\/avatar\/b7c8925b09a27e72b30232f8ecaadbd5af0f70a38c78096863fe51b64f031c24?s=96&d=mm&r=g","width":96,"height":96,"caption":"admin"}},{"@type":"WebPage","@id":"https:\/\/www.rucashk.com\/es\/producto\/conair-double-sided-lighted-makeup-mirror-wholesale-2\/#webpage","url":"https:\/\/www.rucashk.com\/es\/producto\/conair-double-sided-lighted-makeup-mirror-wholesale-2\/","name":"Conair Double-Sided Lighted Makeup Mirror Wholesale - Rucas - Wholesale and Distribution","description":"Shipping details Estimated ship dimensions: 15.8 inches length x 8.7 inches width x 5.7 inches height Estimated ship weight: 2.9321 pounds Return details This item can be returned to any Target store or Target.com. This item must be returned within 90 days of the in-store purchase, ship date, or online order pickup. See return policy for details. See the return policy for complete information.","inLanguage":"es-ES","isPartOf":{"@id":"https:\/\/www.rucashk.com\/es\/#website"},"breadcrumb":{"@id":"https:\/\/www.rucashk.com\/es\/producto\/conair-double-sided-lighted-makeup-mirror-wholesale-2\/#breadcrumblist"},"author":{"@id":"https:\/\/www.rucashk.com\/es\/author\/admin\/#author"},"creator":{"@id":"https:\/\/www.rucashk.com\/es\/author\/admin\/#author"},"image":{"@type":"ImageObject","url":"https:\/\/www.rucashk.com\/wp-content\/uploads\/2024\/01\/d_\u526f\u672c-5.png","@id":"https:\/\/www.rucashk.com\/es\/producto\/conair-double-sided-lighted-makeup-mirror-wholesale-2\/#mainImage","width":800,"height":800},"primaryImageOfPage":{"@id":"https:\/\/www.rucashk.com\/es\/producto\/conair-double-sided-lighted-makeup-mirror-wholesale-2\/#mainImage"},"datePublished":"2024-01-09T16:07:30+00:00","dateModified":"2024-03-13T04:27:24+00:00"},{"@type":"WebSite","@id":"https:\/\/www.rucashk.com\/es\/#website","url":"https:\/\/www.rucashk.com\/es\/","name":"Rucas - Wholesale and distribution worldwide","alternateName":"Rucas - One-stop AIoT Distribution Worldwide","description":"One-stop AIoT Distribution Worldwide","inLanguage":"es-ES","publisher":{"@id":"https:\/\/www.rucashk.com\/es\/#organization"}}]}},"aioseo_meta_data":{"post_id":"24683","title":null,"description":null,"keywords":null,"keyphrases":null,"primary_term":null,"canonical_url":null,"og_title":null,"og_description":null,"og_object_type":"default","og_image_type":"default","og_image_url":null,"og_image_width":null,"og_image_height":null,"og_image_custom_url":null,"og_image_custom_fields":null,"og_video":null,"og_custom_url":null,"og_article_section":null,"og_article_tags":null,"twitter_use_og":false,"twitter_card":"default","twitter_image_type":"default","twitter_image_url":null,"twitter_image_custom_url":null,"twitter_image_custom_fields":null,"twitter_title":null,"twitter_description":null,"schema":{"blockGraphs":[],"customGraphs":[],"default":{"data":{"Article":[],"Course":[],"Dataset":[],"FAQPage":[],"Movie":[],"Person":[],"Product":[],"Recipe":[],"Service":[],"SoftwareApplication":[],"WebPage":[]},"graphName":"","isEnabled":true},"graphs":[]},"schema_type":"default","schema_type_options":null,"pillar_content":false,"robots_default":true,"robots_noindex":false,"robots_noarchive":false,"robots_nosnippet":false,"robots_nofollow":false,"robots_noimageindex":false,"robots_noodp":false,"robots_notranslate":false,"robots_max_snippet":null,"robots_max_videopreview":null,"robots_max_imagepreview":"large","priority":null,"frequency":null,"local_seo":null,"breadcrumb_settings":null,"limit_modified_date":false,"created":"2024-04-11 01:57:13","updated":"2025-06-22 17:36:56"},"aioseo_breadcrumb":"<div class=\"aioseo-breadcrumbs\"><span class=\"aioseo-breadcrumb\">\n\t<a href=\"https:\/\/www.rucashk.com\/es\" title=\"Home\">Home<\/a>\n<\/span><span class=\"aioseo-breadcrumb-separator\">&raquo;<\/span><span class=\"aioseo-breadcrumb\">\n\t<a href=\"https:\/\/www.rucashk.com\/es\/products\/\" title=\"Productos\">Productos<\/a>\n<\/span><span class=\"aioseo-breadcrumb-separator\">&raquo;<\/span><span class=\"aioseo-breadcrumb\">\n\t<a href=\"https:\/\/www.rucashk.com\/es\/categoria-producto\/xiaomi-eco\/\" title=\"Xiaomi Eco\">Xiaomi Eco<\/a>\n<\/span><span class=\"aioseo-breadcrumb-separator\">&raquo;<\/span><span class=\"aioseo-breadcrumb\">\n\t<a href=\"https:\/\/www.rucashk.com\/es\/categoria-producto\/xiaomi-eco\/personal-care\/\" title=\"Personal Care\">Personal Care<\/a>\n<\/span><span class=\"aioseo-breadcrumb-separator\">&raquo;<\/span><span class=\"aioseo-breadcrumb\">\n\tConair Double-Sided Lighted Makeup Mirror Wholesale\n<\/span><\/div>","aioseo_breadcrumb_json":[{"label":"Home","link":"https:\/\/www.rucashk.com\/es"},{"label":"Productos","link":"https:\/\/www.rucashk.com\/es\/products\/"},{"label":"Xiaomi Eco","link":"https:\/\/www.rucashk.com\/es\/categoria-producto\/xiaomi-eco\/"},{"label":"Personal Care","link":"https:\/\/www.rucashk.com\/es\/categoria-producto\/xiaomi-eco\/personal-care\/"},{"label":"Conair Double-Sided Lighted Makeup Mirror Wholesale","link":"https:\/\/www.rucashk.com\/es\/producto\/conair-double-sided-lighted-makeup-mirror-wholesale-2\/"}],"_links":{"self":[{"href":"https:\/\/www.rucashk.com\/es\/wp-json\/wp\/v2\/product\/24683","targetHints":{"allow":["GET"]}}],"collection":[{"href":"https:\/\/www.rucashk.com\/es\/wp-json\/wp\/v2\/product"}],"about":[{"href":"https:\/\/www.rucashk.com\/es\/wp-json\/wp\/v2\/types\/product"}],"wp:featuredmedia":[{"embeddable":true,"href":"https:\/\/www.rucashk.com\/es\/wp-json\/wp\/v2\/media\/24787"}],"wp:attachment":[{"href":"https:\/\/www.rucashk.com\/es\/wp-json\/wp\/v2\/media?parent=24683"}],"wp:term":[{"taxonomy":"product_brand","embeddable":true,"href":"https:\/\/www.rucashk.com\/es\/wp-json\/wp\/v2\/product_brand?post=24683"},{"taxonomy":"product_cat","embeddable":true,"href":"https:\/\/www.rucashk.com\/es\/wp-json\/wp\/v2\/product_cat?post=24683"},{"taxonomy":"product_tag","embeddable":true,"href":"https:\/\/www.rucashk.com\/es\/wp-json\/wp\/v2\/product_tag?post=24683"}],"curies":[{"name":"wp","href":"https:\/\/api.w.org\/{rel}","templated":true}]}}