{"id":24622,"date":"2024-01-09T16:06:40","date_gmt":"2024-01-09T16:06:40","guid":{"rendered":"http:\/\/rucashk.com\/?post_type=product&#038;p=24622"},"modified":"2024-03-13T04:32:33","modified_gmt":"2024-03-13T04:32:33","slug":"philips-sonicare-airfloss-wholesale","status":"publish","type":"product","link":"https:\/\/www.rucashk.com\/es\/producto\/philips-sonicare-airfloss-wholesale\/","title":{"rendered":"Philips Sonicare Airfloss al por mayor"},"content":{"rendered":"<p><img fetchpriority=\"high\" decoding=\"async\" class=\"alignnone wp-image-21324 size-full aligncenter\" src=\"\/wp-content\/uploads\/replace\/75e9d8793f82eacce14bd370ee1ce75f.png\" alt=\"Philips Sonicare Airfloss\" width=\"1529\" height=\"670\" \/><img decoding=\"async\" class=\"alignnone size-full wp-image-21326 aligncenter\" src=\"\/wp-content\/uploads\/replace\/48ff34eb2558224dfcc52e2d57589df9.png\" alt=\"Philips Sonicare Airfloss Wholesale\" width=\"1581\" height=\"430\" \/><img decoding=\"async\" class=\"alignnone size-full wp-image-21327 aligncenter\" src=\"\/wp-content\/uploads\/replace\/023fea8edc81257743611fd913ebc94c.png\" alt=\"Philips Sonicare Airfloss Wholesale\" width=\"1516\" height=\"537\" \/><img loading=\"lazy\" decoding=\"async\" class=\"alignnone wp-image-21328 size-full aligncenter\" src=\"\/wp-content\/uploads\/replace\/3a7c052337cc2809dd6dba8ca1b42a10.png\" alt=\"Philips Sonicare Airfloss\" width=\"1414\" height=\"487\" \/><img loading=\"lazy\" decoding=\"async\" class=\"alignnone size-full wp-image-21329 aligncenter\" src=\"\/wp-content\/uploads\/replace\/8550906a591b656543ac62060dad227a.png\" alt=\"Philips Sonicare Airfloss Wholesale\" width=\"1387\" height=\"488\" \/><img loading=\"lazy\" decoding=\"async\" class=\"alignnone wp-image-21330 size-full aligncenter\" src=\"\/wp-content\/uploads\/replace\/4effadd3be8c5c41e88c5a06b36d0f95.png\" alt=\"Philips Sonicare Airfloss\" width=\"1389\" height=\"489\" \/><img loading=\"lazy\" decoding=\"async\" class=\"alignnone wp-image-21331 size-full aligncenter\" src=\"\/wp-content\/uploads\/replace\/5ba83a31b335d5f488a287d13a7a846b.png\" alt=\"Philips Sonicare Airfloss\" width=\"1412\" height=\"490\" \/><img loading=\"lazy\" decoding=\"async\" class=\"alignnone wp-image-21332 size-full aligncenter\" src=\"\/wp-content\/uploads\/replace\/1519213ee004b6665c2a334b5e008994.png\" alt=\"Philips Sonicare Airfloss\" width=\"1393\" height=\"490\" \/><img loading=\"lazy\" decoding=\"async\" class=\"alignnone wp-image-21333 size-full aligncenter\" src=\"\/wp-content\/uploads\/replace\/d5c006ffa531db9a1b26d429ece83a09.png\" alt=\"Philips Sonicare Airfloss\" width=\"1524\" height=\"303\" \/><\/p>","protected":false},"excerpt":{"rendered":"<ul class=\"a-unordered-list a-vertical a-spacing-mini\" style=\"margin: 0px 0px 0px 18px;padding: 0px;color: #111111;text-transform: none;text-indent: 0px;letter-spacing: normal;font-family: 'Amazon Ember', Arial, sans-serif;font-size: 14px;font-style: normal;font-weight: 400;background-color: #ffffff\">\n<li><span class=\"a-list-item\">De los fabricantes de la marca de cepillos de dientes el\u00e9ctricos recomendados por profesionales dentales #1.<\/span><\/li>\n<li><span class=\"a-list-item\">Elimina hasta 5 veces m\u00e1s placa entre los dientes que el cepillado manual solo. La duraci\u00f3n de la bater\u00eda es de hasta 3 semanas cuando est\u00e1 completamente cargada. El tiempo de funcionamiento es reemplazar la boquilla cada 6 meses.<\/span><\/li>\n<li><span class=\"a-list-item\">Ayuda a mejorar la salud de las enc\u00edas en tan solo 2 semanas. Tiempo de carga 24 horas para carga completa.<\/span><\/li>\n<li><span class=\"a-list-item\">Ll\u00e9nelo con agua o enjuague bucal, apunte y limpie para una sencilla rutina de limpieza de 30 segundos.<\/span><\/li>\n<li><span class=\"a-list-item\">Seguro y suave para los dientes y las enc\u00edas, y seguro para usar con implantes, carillas y ortodoncia. Nota: consulte el PDF adjunto a continuaci\u00f3n en Especificaciones t\u00e9cnicas para el manual del usuario y otro PDF de contenido para conocer los pasos para la soluci\u00f3n de problemas.<\/span><\/li>\n<li><span class=\"a-list-item\">Aseg\u00farese de que el hilo dental est\u00e9 completamente cargado 24 horas antes de su uso.<\/span><\/li>\n<\/ul>","protected":false},"featured_media":24724,"template":"","meta":[],"product_brand":[],"product_cat":[1322,1335],"product_tag":[1119],"class_list":{"0":"post-24622","1":"product","2":"type-product","3":"status-publish","4":"has-post-thumbnail","6":"product_cat-other-a-brands","7":"product_cat-philips","8":"product_tag-philips-sonicare-airfloss","10":"first","11":"instock","12":"shipping-taxable","13":"product-type-external"},"aioseo_notices":[],"aioseo_head":"\n\t\t<!-- All in One SEO Pro 4.5.9.2 - aioseo.com -->\n\t\t<meta name=\"description\" content=\"From the makers of the #1 dental professional recommended electric toothbrush brand Removes up to 5x more plaque between teeth than manual tooth brushing alone. Battery life is up to 3 weeks when fully charged. Operating time is replace nozzle every 6 months Helps improve gum health in as little as 2 weeks. Charge time 24 hours to full charge. Fill with water or mouthwash, point, and clean for an easy 30 second cleaning routine Safe and gentle on teeth and gums, and safe to use with implants, veneers, and orthodontics. Note : Refer to the PDF attached below in Technical Specification for User Manual and Other Content PDF for Troubleshooting Steps Ensure flosser is fully charged to 24 hours before use\" \/>\n\t\t<meta name=\"robots\" content=\"max-image-preview:large\" \/>\n\t\t<link rel=\"canonical\" href=\"https:\/\/www.rucashk.com\/es\/producto\/philips-sonicare-airfloss-wholesale\/\" \/>\n\t\t<meta name=\"generator\" content=\"All in One SEO Pro (AIOSEO) 4.5.9.2\" \/>\n\t\t<meta property=\"og:locale\" content=\"es_ES\" \/>\n\t\t<meta property=\"og:site_name\" content=\"Rucas - One-stop AIoT Distribution Worldwide\" \/>\n\t\t<meta property=\"og:type\" content=\"article\" \/>\n\t\t<meta property=\"og:title\" content=\"Philips Sonicare Airfloss Wholesale - Rucas - Wholesale and Distribution\" \/>\n\t\t<meta property=\"og:description\" content=\"From the makers of the #1 dental professional recommended electric toothbrush brand Removes up to 5x more plaque between teeth than manual tooth brushing alone. Battery life is up to 3 weeks when fully charged. Operating time is replace nozzle every 6 months Helps improve gum health in as little as 2 weeks. Charge time 24 hours to full charge. Fill with water or mouthwash, point, and clean for an easy 30 second cleaning routine Safe and gentle on teeth and gums, and safe to use with implants, veneers, and orthodontics. Note : Refer to the PDF attached below in Technical Specification for User Manual and Other Content PDF for Troubleshooting Steps Ensure flosser is fully charged to 24 hours before use\" \/>\n\t\t<meta property=\"og:url\" content=\"https:\/\/www.rucashk.com\/es\/producto\/philips-sonicare-airfloss-wholesale\/\" \/>\n\t\t<meta property=\"og:image\" content=\"https:\/\/www.rucashk.com\/wp-content\/uploads\/replace\/503b8e645f128a97ccde2b6290747646.jpeg\" \/>\n\t\t<meta property=\"og:image:secure_url\" content=\"https:\/\/www.rucashk.com\/wp-content\/uploads\/replace\/503b8e645f128a97ccde2b6290747646.jpeg\" \/>\n\t\t<meta property=\"og:image:width\" content=\"1456\" \/>\n\t\t<meta property=\"og:image:height\" content=\"816\" \/>\n\t\t<meta property=\"article:published_time\" content=\"2024-01-09T16:06:40+00:00\" \/>\n\t\t<meta property=\"article:modified_time\" content=\"2024-03-13T04:32:33+00:00\" \/>\n\t\t<meta name=\"twitter:card\" content=\"summary_large_image\" \/>\n\t\t<meta name=\"twitter:title\" content=\"Philips Sonicare Airfloss Wholesale - Rucas - Wholesale and Distribution\" \/>\n\t\t<meta name=\"twitter:description\" content=\"From the makers of the #1 dental professional recommended electric toothbrush brand Removes up to 5x more plaque between teeth than manual tooth brushing alone. Battery life is up to 3 weeks when fully charged. Operating time is replace nozzle every 6 months Helps improve gum health in as little as 2 weeks. Charge time 24 hours to full charge. Fill with water or mouthwash, point, and clean for an easy 30 second cleaning routine Safe and gentle on teeth and gums, and safe to use with implants, veneers, and orthodontics. Note : Refer to the PDF attached below in Technical Specification for User Manual and Other Content PDF for Troubleshooting Steps Ensure flosser is fully charged to 24 hours before use\" \/>\n\t\t<meta name=\"twitter:image\" content=\"https:\/\/www.rucashk.com\/wp-content\/uploads\/replace\/503b8e645f128a97ccde2b6290747646.jpeg\" \/>\n\t\t<script type=\"application\/ld+json\" class=\"aioseo-schema\">\n\t\t\t{\"@context\":\"https:\\\/\\\/schema.org\",\"@graph\":[{\"@type\":\"BreadcrumbList\",\"@id\":\"https:\\\/\\\/www.rucashk.com\\\/es\\\/producto\\\/philips-sonicare-airfloss-wholesale\\\/#breadcrumblist\",\"itemListElement\":[{\"@type\":\"ListItem\",\"@id\":\"https:\\\/\\\/www.rucashk.com\\\/es\\\/#listItem\",\"position\":1,\"name\":\"Home\",\"item\":\"https:\\\/\\\/www.rucashk.com\\\/es\\\/\",\"nextItem\":\"https:\\\/\\\/www.rucashk.com\\\/es\\\/producto\\\/philips-sonicare-airfloss-wholesale\\\/#listItem\"},{\"@type\":\"ListItem\",\"@id\":\"https:\\\/\\\/www.rucashk.com\\\/es\\\/producto\\\/philips-sonicare-airfloss-wholesale\\\/#listItem\",\"position\":2,\"name\":\"Philips Sonicare Airfloss Wholesale\",\"previousItem\":\"https:\\\/\\\/www.rucashk.com\\\/es\\\/#listItem\"}]},{\"@type\":\"Organization\",\"@id\":\"https:\\\/\\\/www.rucashk.com\\\/es\\\/#organization\",\"name\":\"Rucas\",\"url\":\"https:\\\/\\\/www.rucashk.com\\\/es\\\/\",\"logo\":{\"@type\":\"ImageObject\",\"url\":\"https:\\\/\\\/www.rucashk.com\\\/wp-content\\\/uploads\\\/2023\\\/12\\\/Rucas_campany_logo.png\",\"@id\":\"https:\\\/\\\/www.rucashk.com\\\/es\\\/producto\\\/philips-sonicare-airfloss-wholesale\\\/#organizationLogo\",\"width\":221,\"height\":65},\"image\":{\"@id\":\"https:\\\/\\\/www.rucashk.com\\\/es\\\/#organizationLogo\"}},{\"@type\":\"Person\",\"@id\":\"https:\\\/\\\/www.rucashk.com\\\/es\\\/author\\\/admin\\\/#author\",\"url\":\"https:\\\/\\\/www.rucashk.com\\\/es\\\/author\\\/admin\\\/\",\"name\":\"admin\",\"image\":{\"@type\":\"ImageObject\",\"@id\":\"https:\\\/\\\/www.rucashk.com\\\/es\\\/producto\\\/philips-sonicare-airfloss-wholesale\\\/#authorImage\",\"url\":\"https:\\\/\\\/secure.gravatar.com\\\/avatar\\\/b7c8925b09a27e72b30232f8ecaadbd5af0f70a38c78096863fe51b64f031c24?s=96&d=mm&r=g\",\"width\":96,\"height\":96,\"caption\":\"admin\"}},{\"@type\":\"WebPage\",\"@id\":\"https:\\\/\\\/www.rucashk.com\\\/es\\\/producto\\\/philips-sonicare-airfloss-wholesale\\\/#webpage\",\"url\":\"https:\\\/\\\/www.rucashk.com\\\/es\\\/producto\\\/philips-sonicare-airfloss-wholesale\\\/\",\"name\":\"Philips Sonicare Airfloss Wholesale - Rucas - Wholesale and Distribution\",\"description\":\"From the makers of the #1 dental professional recommended electric toothbrush brand Removes up to 5x more plaque between teeth than manual tooth brushing alone. Battery life is up to 3 weeks when fully charged. Operating time is replace nozzle every 6 months Helps improve gum health in as little as 2 weeks. Charge time 24 hours to full charge. Fill with water or mouthwash, point, and clean for an easy 30 second cleaning routine Safe and gentle on teeth and gums, and safe to use with implants, veneers, and orthodontics. Note : Refer to the PDF attached below in Technical Specification for User Manual and Other Content PDF for Troubleshooting Steps Ensure flosser is fully charged to 24 hours before use\",\"inLanguage\":\"es-ES\",\"isPartOf\":{\"@id\":\"https:\\\/\\\/www.rucashk.com\\\/es\\\/#website\"},\"breadcrumb\":{\"@id\":\"https:\\\/\\\/www.rucashk.com\\\/es\\\/producto\\\/philips-sonicare-airfloss-wholesale\\\/#breadcrumblist\"},\"author\":{\"@id\":\"https:\\\/\\\/www.rucashk.com\\\/es\\\/author\\\/admin\\\/#author\"},\"creator\":{\"@id\":\"https:\\\/\\\/www.rucashk.com\\\/es\\\/author\\\/admin\\\/#author\"},\"image\":{\"@type\":\"ImageObject\",\"url\":\"https:\\\/\\\/www.rucashk.com\\\/wp-content\\\/uploads\\\/2024\\\/01\\\/1_\\u526f\\u672c-31.png\",\"@id\":\"https:\\\/\\\/www.rucashk.com\\\/es\\\/producto\\\/philips-sonicare-airfloss-wholesale\\\/#mainImage\",\"width\":800,\"height\":800},\"primaryImageOfPage\":{\"@id\":\"https:\\\/\\\/www.rucashk.com\\\/es\\\/producto\\\/philips-sonicare-airfloss-wholesale\\\/#mainImage\"},\"datePublished\":\"2024-01-09T16:06:40+00:00\",\"dateModified\":\"2024-03-13T04:32:33+00:00\"},{\"@type\":\"WebSite\",\"@id\":\"https:\\\/\\\/www.rucashk.com\\\/es\\\/#website\",\"url\":\"https:\\\/\\\/www.rucashk.com\\\/es\\\/\",\"name\":\"Rucas - Wholesale and distribution worldwide\",\"alternateName\":\"Rucas - One-stop AIoT Distribution Worldwide\",\"description\":\"One-stop AIoT Distribution Worldwide\",\"inLanguage\":\"es-ES\",\"publisher\":{\"@id\":\"https:\\\/\\\/www.rucashk.com\\\/es\\\/#organization\"}}]}\n\t\t<\/script>\n\t\t<!-- All in One SEO Pro -->\r\n\t\t<title>Philips Sonicare Airfloss Wholesale - Rucas - Wholesale and Distribution<\/title>\n\n","aioseo_head_json":{"title":"Philips Sonicare Airfloss Wholesale - Rucas - Wholesale and Distribution","description":"From the makers of the #1 dental professional recommended electric toothbrush brand Removes up to 5x more plaque between teeth than manual tooth brushing alone. Battery life is up to 3 weeks when fully charged. Operating time is replace nozzle every 6 months Helps improve gum health in as little as 2 weeks. Charge time 24 hours to full charge. Fill with water or mouthwash, point, and clean for an easy 30 second cleaning routine Safe and gentle on teeth and gums, and safe to use with implants, veneers, and orthodontics. Note : Refer to the PDF attached below in Technical Specification for User Manual and Other Content PDF for Troubleshooting Steps Ensure flosser is fully charged to 24 hours before use","canonical_url":"https:\/\/www.rucashk.com\/es\/producto\/philips-sonicare-airfloss-wholesale\/","robots":"max-image-preview:large","keywords":"","webmasterTools":{"miscellaneous":""},"og:locale":"es_ES","og:site_name":"Rucas - One-stop AIoT Distribution Worldwide","og:type":"article","og:title":"Philips Sonicare Airfloss Wholesale - Rucas - Wholesale and Distribution","og:description":"From the makers of the #1 dental professional recommended electric toothbrush brand Removes up to 5x more plaque between teeth than manual tooth brushing alone. Battery life is up to 3 weeks when fully charged. Operating time is replace nozzle every 6 months Helps improve gum health in as little as 2 weeks. Charge time 24 hours to full charge. Fill with water or mouthwash, point, and clean for an easy 30 second cleaning routine Safe and gentle on teeth and gums, and safe to use with implants, veneers, and orthodontics. Note : Refer to the PDF attached below in Technical Specification for User Manual and Other Content PDF for Troubleshooting Steps Ensure flosser is fully charged to 24 hours before use","og:url":"https:\/\/www.rucashk.com\/es\/producto\/philips-sonicare-airfloss-wholesale\/","og:image":"https:\/\/www.rucashk.com\/wp-content\/uploads\/replace\/503b8e645f128a97ccde2b6290747646.jpeg","og:image:secure_url":"https:\/\/www.rucashk.com\/wp-content\/uploads\/replace\/503b8e645f128a97ccde2b6290747646.jpeg","og:image:width":1456,"og:image:height":816,"article:published_time":"2024-01-09T16:06:40+00:00","article:modified_time":"2024-03-13T04:32:33+00:00","twitter:card":"summary_large_image","twitter:title":"Philips Sonicare Airfloss Wholesale - Rucas - Wholesale and Distribution","twitter:description":"From the makers of the #1 dental professional recommended electric toothbrush brand Removes up to 5x more plaque between teeth than manual tooth brushing alone. Battery life is up to 3 weeks when fully charged. Operating time is replace nozzle every 6 months Helps improve gum health in as little as 2 weeks. Charge time 24 hours to full charge. Fill with water or mouthwash, point, and clean for an easy 30 second cleaning routine Safe and gentle on teeth and gums, and safe to use with implants, veneers, and orthodontics. Note : Refer to the PDF attached below in Technical Specification for User Manual and Other Content PDF for Troubleshooting Steps Ensure flosser is fully charged to 24 hours before use","twitter:image":"https:\/\/www.rucashk.com\/wp-content\/uploads\/replace\/503b8e645f128a97ccde2b6290747646.jpeg","schema":{"@context":"https:\/\/schema.org","@graph":[{"@type":"BreadcrumbList","@id":"https:\/\/www.rucashk.com\/es\/producto\/philips-sonicare-airfloss-wholesale\/#breadcrumblist","itemListElement":[{"@type":"ListItem","@id":"https:\/\/www.rucashk.com\/es\/#listItem","position":1,"name":"Home","item":"https:\/\/www.rucashk.com\/es\/","nextItem":"https:\/\/www.rucashk.com\/es\/producto\/philips-sonicare-airfloss-wholesale\/#listItem"},{"@type":"ListItem","@id":"https:\/\/www.rucashk.com\/es\/producto\/philips-sonicare-airfloss-wholesale\/#listItem","position":2,"name":"Philips Sonicare Airfloss Wholesale","previousItem":"https:\/\/www.rucashk.com\/es\/#listItem"}]},{"@type":"Organization","@id":"https:\/\/www.rucashk.com\/es\/#organization","name":"Rucas","url":"https:\/\/www.rucashk.com\/es\/","logo":{"@type":"ImageObject","url":"https:\/\/www.rucashk.com\/wp-content\/uploads\/2023\/12\/Rucas_campany_logo.png","@id":"https:\/\/www.rucashk.com\/es\/producto\/philips-sonicare-airfloss-wholesale\/#organizationLogo","width":221,"height":65},"image":{"@id":"https:\/\/www.rucashk.com\/es\/#organizationLogo"}},{"@type":"Person","@id":"https:\/\/www.rucashk.com\/es\/author\/admin\/#author","url":"https:\/\/www.rucashk.com\/es\/author\/admin\/","name":"admin","image":{"@type":"ImageObject","@id":"https:\/\/www.rucashk.com\/es\/producto\/philips-sonicare-airfloss-wholesale\/#authorImage","url":"https:\/\/secure.gravatar.com\/avatar\/b7c8925b09a27e72b30232f8ecaadbd5af0f70a38c78096863fe51b64f031c24?s=96&d=mm&r=g","width":96,"height":96,"caption":"admin"}},{"@type":"WebPage","@id":"https:\/\/www.rucashk.com\/es\/producto\/philips-sonicare-airfloss-wholesale\/#webpage","url":"https:\/\/www.rucashk.com\/es\/producto\/philips-sonicare-airfloss-wholesale\/","name":"Philips Sonicare Airfloss Wholesale - Rucas - Wholesale and Distribution","description":"From the makers of the #1 dental professional recommended electric toothbrush brand Removes up to 5x more plaque between teeth than manual tooth brushing alone. Battery life is up to 3 weeks when fully charged. Operating time is replace nozzle every 6 months Helps improve gum health in as little as 2 weeks. Charge time 24 hours to full charge. Fill with water or mouthwash, point, and clean for an easy 30 second cleaning routine Safe and gentle on teeth and gums, and safe to use with implants, veneers, and orthodontics. Note : Refer to the PDF attached below in Technical Specification for User Manual and Other Content PDF for Troubleshooting Steps Ensure flosser is fully charged to 24 hours before use","inLanguage":"es-ES","isPartOf":{"@id":"https:\/\/www.rucashk.com\/es\/#website"},"breadcrumb":{"@id":"https:\/\/www.rucashk.com\/es\/producto\/philips-sonicare-airfloss-wholesale\/#breadcrumblist"},"author":{"@id":"https:\/\/www.rucashk.com\/es\/author\/admin\/#author"},"creator":{"@id":"https:\/\/www.rucashk.com\/es\/author\/admin\/#author"},"image":{"@type":"ImageObject","url":"https:\/\/www.rucashk.com\/wp-content\/uploads\/2024\/01\/1_\u526f\u672c-31.png","@id":"https:\/\/www.rucashk.com\/es\/producto\/philips-sonicare-airfloss-wholesale\/#mainImage","width":800,"height":800},"primaryImageOfPage":{"@id":"https:\/\/www.rucashk.com\/es\/producto\/philips-sonicare-airfloss-wholesale\/#mainImage"},"datePublished":"2024-01-09T16:06:40+00:00","dateModified":"2024-03-13T04:32:33+00:00"},{"@type":"WebSite","@id":"https:\/\/www.rucashk.com\/es\/#website","url":"https:\/\/www.rucashk.com\/es\/","name":"Rucas - Wholesale and distribution worldwide","alternateName":"Rucas - One-stop AIoT Distribution Worldwide","description":"One-stop AIoT Distribution Worldwide","inLanguage":"es-ES","publisher":{"@id":"https:\/\/www.rucashk.com\/es\/#organization"}}]}},"aioseo_meta_data":{"post_id":"24622","title":null,"description":null,"keywords":null,"keyphrases":null,"primary_term":null,"canonical_url":null,"og_title":null,"og_description":null,"og_object_type":"default","og_image_type":"default","og_image_url":null,"og_image_width":null,"og_image_height":null,"og_image_custom_url":null,"og_image_custom_fields":null,"og_video":null,"og_custom_url":null,"og_article_section":null,"og_article_tags":null,"twitter_use_og":false,"twitter_card":"default","twitter_image_type":"default","twitter_image_url":null,"twitter_image_custom_url":null,"twitter_image_custom_fields":null,"twitter_title":null,"twitter_description":null,"schema":{"blockGraphs":[],"customGraphs":[],"default":{"data":{"Article":[],"Course":[],"Dataset":[],"FAQPage":[],"Movie":[],"Person":[],"Product":[],"Recipe":[],"Service":[],"SoftwareApplication":[],"WebPage":[]},"graphName":"","isEnabled":true},"graphs":[]},"schema_type":"default","schema_type_options":null,"pillar_content":false,"robots_default":true,"robots_noindex":false,"robots_noarchive":false,"robots_nosnippet":false,"robots_nofollow":false,"robots_noimageindex":false,"robots_noodp":false,"robots_notranslate":false,"robots_max_snippet":null,"robots_max_videopreview":null,"robots_max_imagepreview":"large","priority":null,"frequency":null,"local_seo":null,"breadcrumb_settings":null,"limit_modified_date":false,"created":"2024-04-11 01:57:13","updated":"2025-06-22 17:35:04"},"aioseo_breadcrumb":"<div class=\"aioseo-breadcrumbs\"><span class=\"aioseo-breadcrumb\">\n\t<a href=\"https:\/\/www.rucashk.com\/es\" title=\"Home\">Home<\/a>\n<\/span><span class=\"aioseo-breadcrumb-separator\">&raquo;<\/span><span class=\"aioseo-breadcrumb\">\n\t<a href=\"https:\/\/www.rucashk.com\/es\/products\/\" title=\"Productos\">Productos<\/a>\n<\/span><span class=\"aioseo-breadcrumb-separator\">&raquo;<\/span><span class=\"aioseo-breadcrumb\">\n\t<a href=\"https:\/\/www.rucashk.com\/es\/categoria-producto\/other-a-brands\/\" title=\"Other A-Brands\">Other A-Brands<\/a>\n<\/span><span class=\"aioseo-breadcrumb-separator\">&raquo;<\/span><span class=\"aioseo-breadcrumb\">\n\t<a href=\"https:\/\/www.rucashk.com\/es\/categoria-producto\/other-a-brands\/philips\/\" title=\"Philips\">Philips<\/a>\n<\/span><span class=\"aioseo-breadcrumb-separator\">&raquo;<\/span><span class=\"aioseo-breadcrumb\">\n\tPhilips Sonicare Airfloss Wholesale\n<\/span><\/div>","aioseo_breadcrumb_json":[{"label":"Home","link":"https:\/\/www.rucashk.com\/es"},{"label":"Productos","link":"https:\/\/www.rucashk.com\/es\/products\/"},{"label":"Other A-Brands","link":"https:\/\/www.rucashk.com\/es\/categoria-producto\/other-a-brands\/"},{"label":"Philips","link":"https:\/\/www.rucashk.com\/es\/categoria-producto\/other-a-brands\/philips\/"},{"label":"Philips Sonicare Airfloss Wholesale","link":"https:\/\/www.rucashk.com\/es\/producto\/philips-sonicare-airfloss-wholesale\/"}],"_links":{"self":[{"href":"https:\/\/www.rucashk.com\/es\/wp-json\/wp\/v2\/product\/24622","targetHints":{"allow":["GET"]}}],"collection":[{"href":"https:\/\/www.rucashk.com\/es\/wp-json\/wp\/v2\/product"}],"about":[{"href":"https:\/\/www.rucashk.com\/es\/wp-json\/wp\/v2\/types\/product"}],"wp:featuredmedia":[{"embeddable":true,"href":"https:\/\/www.rucashk.com\/es\/wp-json\/wp\/v2\/media\/24724"}],"wp:attachment":[{"href":"https:\/\/www.rucashk.com\/es\/wp-json\/wp\/v2\/media?parent=24622"}],"wp:term":[{"taxonomy":"product_brand","embeddable":true,"href":"https:\/\/www.rucashk.com\/es\/wp-json\/wp\/v2\/product_brand?post=24622"},{"taxonomy":"product_cat","embeddable":true,"href":"https:\/\/www.rucashk.com\/es\/wp-json\/wp\/v2\/product_cat?post=24622"},{"taxonomy":"product_tag","embeddable":true,"href":"https:\/\/www.rucashk.com\/es\/wp-json\/wp\/v2\/product_tag?post=24622"}],"curies":[{"name":"wp","href":"https:\/\/api.w.org\/{rel}","templated":true}]}}