{"id":24599,"date":"2024-01-09T16:06:18","date_gmt":"2024-01-09T16:06:18","guid":{"rendered":"http:\/\/rucashk.com\/?post_type=product&#038;p=24599"},"modified":"2024-03-13T06:25:27","modified_gmt":"2024-03-13T06:25:27","slug":"philips-sonicare-diamondclean-smart-9500-toothbrush-wholesale","status":"publish","type":"product","link":"https:\/\/www.rucashk.com\/es\/producto\/philips-sonicare-diamondclean-smart-9500-toothbrush-wholesale\/","title":{"rendered":"Cepillo De Dientes PHILIPS Sonicare DiamondClean Smart 9500 Al Por Mayor"},"content":{"rendered":"<p><img fetchpriority=\"high\" decoding=\"async\" class=\"alignnone wp-image-21292 aligncenter\" src=\"\/wp-content\/uploads\/replace\/ec98de8dafa378f9df6d1b159821c34f.png\" alt=\"PHILIPS Sonicare DiamondClean Smart 9500 Toothbrush\" width=\"879\" height=\"493\" \/><img decoding=\"async\" class=\"alignnone wp-image-21293 aligncenter\" src=\"\/wp-content\/uploads\/replace\/0e9935c4edaa4fc9c3d84aa2a80c5c13.png\" alt=\"PHILIPS Sonicare DiamondClean Smart 9500 Toothbrush\" width=\"879\" height=\"703\" \/><\/p>\n<p><img decoding=\"async\" class=\"alignnone wp-image-21294 aligncenter\" src=\"\/wp-content\/uploads\/replace\/8718c6207ba458755b099d3096d68e16.png\" alt=\"PHILIPS Sonicare DiamondClean Smart 9500 Toothbrush\" width=\"879\" height=\"879\" \/><img loading=\"lazy\" decoding=\"async\" class=\"alignnone wp-image-21295 aligncenter\" src=\"\/wp-content\/uploads\/replace\/5f6027c684963f781d66b76559c13ab4.png\" alt=\"PHILIPS Sonicare DiamondClean Smart 9500 Toothbrush\" width=\"879\" height=\"879\" \/><img loading=\"lazy\" decoding=\"async\" class=\"alignnone wp-image-21300 aligncenter\" src=\"\/wp-content\/uploads\/replace\/6098491851165d09c6c02814feaa64e8.png\" alt=\"PHILIPS Sonicare DiamondClean Smart 9500 Toothbrush\" width=\"879\" height=\"879\" \/><\/p>","protected":false},"excerpt":{"rendered":"<ul class=\"a-unordered-list a-vertical a-spacing-mini\" style=\"margin: 0px 0px 0px 18px;padding: 0px;color: #111111;text-transform: none;text-indent: 0px;letter-spacing: normal;font-family: 'Amazon Ember', Arial, sans-serif;font-size: 13px;font-style: normal;font-weight: 400;background-color: #ffffff\">\n<li><span class=\"a-list-item\">Nuestro mejor cepillo de dientes para el cuidado limpio y completo m\u00e1s excepcional<\/span><\/li>\n<li><span class=\"a-list-item\">Best-in-class clean &#8212; Removes up to 10x more plaque and improves gum health up to 7x in just 2 weeks in Gum Health mode vs. a manual toothbrush<\/span><\/li>\n<li><span class=\"a-list-item\">Ilumina tu sonrisa con el modo White+ para eliminar hasta 100% m\u00e1s manchas en solo 3 d\u00edas en comparaci\u00f3n con un cepillo de dientes manual y personaliza tu cepillado con 3 intensidades y 5 modos: Clean, White+, Gum Health, DeepClean+ y TongueCare+.<\/span><\/li>\n<li><span class=\"a-list-item\">Obtenga los mejores resultados con comentarios en tiempo real, informe de progreso automatizado y emparejamiento de modo autom\u00e1tico que sincroniza sus 4 cabezales de cepillo premium con el modo de cepillado \u00f3ptimo.<\/span><\/li>\n<li><span class=\"a-list-item\">Nuestro estuche de viaje con carga premium le permite guardar y cargar su cepillo de dientes mientras viaja. Para evitar que la bater\u00eda se agote, siempre puedes dejar tu cepillo de dientes en el cargador entre cepillados.<\/span><\/li>\n<li><span class=\"a-list-item\">Con Amazon Dash Replenishment, puedes configurar entregas autom\u00e1ticas para que nunca m\u00e1s te quedes sin cabezales de cepillo<\/span><\/li>\n<\/ul>","protected":false},"featured_media":24716,"template":"","meta":[],"product_brand":[],"product_cat":[1322,1335],"product_tag":[1116],"class_list":{"0":"post-24599","1":"product","2":"type-product","3":"status-publish","4":"has-post-thumbnail","6":"product_cat-other-a-brands","7":"product_cat-philips","8":"product_tag-philips-sonicare-diamondclean-smart-9500-toothbrush","10":"first","11":"instock","12":"shipping-taxable","13":"product-type-external"},"aioseo_notices":[],"aioseo_head":"\n\t\t<!-- All in One SEO Pro 4.5.9.2 - aioseo.com -->\n\t\t<meta name=\"description\" content=\"Our best toothbrush ever for the most exceptional clean and complete care Best-in-class clean -- Removes up to 10x more plaque and improves gum health up to 7x in just 2 weeks in Gum Health mode vs. a manual toothbrush Brighten your smile with White+ mode to remove up to 100% more stains in just 3 days vs. a manual toothbrush and personalize your brushing with 3 intensities and 5 modes: Clean, White+, Gum Health, DeepClean+ and TongueCare+ Get the best results with real-time feedback, automated progress report, and automatic mode pairing that syncs your 4 premium brush heads to the optimal brushing mode Our premium charging travel case lets you store and charge your toothbrush while on the go. To avoid an empty battery, you can always leave your toothbrush on the charger between brushings. With Amazon Dash Replenishment, you can set up automatic deliveries so you never run out of brush heads again\" \/>\n\t\t<meta name=\"robots\" content=\"max-image-preview:large\" \/>\n\t\t<link rel=\"canonical\" href=\"https:\/\/www.rucashk.com\/es\/producto\/philips-sonicare-diamondclean-smart-9500-toothbrush-wholesale\/\" \/>\n\t\t<meta name=\"generator\" content=\"All in One SEO Pro (AIOSEO) 4.5.9.2\" \/>\n\t\t<meta property=\"og:locale\" content=\"es_ES\" \/>\n\t\t<meta property=\"og:site_name\" content=\"Rucas - One-stop AIoT Distribution Worldwide\" \/>\n\t\t<meta property=\"og:type\" content=\"article\" \/>\n\t\t<meta property=\"og:title\" content=\"PHILIPS Sonicare DiamondClean Smart 9500 Toothbrush Wholesale - Rucas - Wholesale and Distribution\" \/>\n\t\t<meta property=\"og:description\" content=\"Our best toothbrush ever for the most exceptional clean and complete care Best-in-class clean -- Removes up to 10x more plaque and improves gum health up to 7x in just 2 weeks in Gum Health mode vs. a manual toothbrush Brighten your smile with White+ mode to remove up to 100% more stains in just 3 days vs. a manual toothbrush and personalize your brushing with 3 intensities and 5 modes: Clean, White+, Gum Health, DeepClean+ and TongueCare+ Get the best results with real-time feedback, automated progress report, and automatic mode pairing that syncs your 4 premium brush heads to the optimal brushing mode Our premium charging travel case lets you store and charge your toothbrush while on the go. To avoid an empty battery, you can always leave your toothbrush on the charger between brushings. With Amazon Dash Replenishment, you can set up automatic deliveries so you never run out of brush heads again\" \/>\n\t\t<meta property=\"og:url\" content=\"https:\/\/www.rucashk.com\/es\/producto\/philips-sonicare-diamondclean-smart-9500-toothbrush-wholesale\/\" \/>\n\t\t<meta property=\"og:image\" content=\"https:\/\/www.rucashk.com\/wp-content\/uploads\/replace\/503b8e645f128a97ccde2b6290747646.jpeg\" \/>\n\t\t<meta property=\"og:image:secure_url\" content=\"https:\/\/www.rucashk.com\/wp-content\/uploads\/replace\/503b8e645f128a97ccde2b6290747646.jpeg\" \/>\n\t\t<meta property=\"og:image:width\" content=\"1456\" \/>\n\t\t<meta property=\"og:image:height\" content=\"816\" \/>\n\t\t<meta property=\"article:published_time\" content=\"2024-01-09T16:06:18+00:00\" \/>\n\t\t<meta property=\"article:modified_time\" content=\"2024-03-13T06:25:27+00:00\" \/>\n\t\t<meta name=\"twitter:card\" content=\"summary_large_image\" \/>\n\t\t<meta name=\"twitter:title\" content=\"PHILIPS Sonicare DiamondClean Smart 9500 Toothbrush Wholesale - Rucas - Wholesale and Distribution\" \/>\n\t\t<meta name=\"twitter:description\" content=\"Our best toothbrush ever for the most exceptional clean and complete care Best-in-class clean -- Removes up to 10x more plaque and improves gum health up to 7x in just 2 weeks in Gum Health mode vs. a manual toothbrush Brighten your smile with White+ mode to remove up to 100% more stains in just 3 days vs. a manual toothbrush and personalize your brushing with 3 intensities and 5 modes: Clean, White+, Gum Health, DeepClean+ and TongueCare+ Get the best results with real-time feedback, automated progress report, and automatic mode pairing that syncs your 4 premium brush heads to the optimal brushing mode Our premium charging travel case lets you store and charge your toothbrush while on the go. To avoid an empty battery, you can always leave your toothbrush on the charger between brushings. With Amazon Dash Replenishment, you can set up automatic deliveries so you never run out of brush heads again\" \/>\n\t\t<meta name=\"twitter:image\" content=\"https:\/\/www.rucashk.com\/wp-content\/uploads\/replace\/503b8e645f128a97ccde2b6290747646.jpeg\" \/>\n\t\t<script type=\"application\/ld+json\" class=\"aioseo-schema\">\n\t\t\t{\"@context\":\"https:\\\/\\\/schema.org\",\"@graph\":[{\"@type\":\"BreadcrumbList\",\"@id\":\"https:\\\/\\\/www.rucashk.com\\\/es\\\/producto\\\/philips-sonicare-diamondclean-smart-9500-toothbrush-wholesale\\\/#breadcrumblist\",\"itemListElement\":[{\"@type\":\"ListItem\",\"@id\":\"https:\\\/\\\/www.rucashk.com\\\/es\\\/#listItem\",\"position\":1,\"name\":\"Home\",\"item\":\"https:\\\/\\\/www.rucashk.com\\\/es\\\/\",\"nextItem\":\"https:\\\/\\\/www.rucashk.com\\\/es\\\/producto\\\/philips-sonicare-diamondclean-smart-9500-toothbrush-wholesale\\\/#listItem\"},{\"@type\":\"ListItem\",\"@id\":\"https:\\\/\\\/www.rucashk.com\\\/es\\\/producto\\\/philips-sonicare-diamondclean-smart-9500-toothbrush-wholesale\\\/#listItem\",\"position\":2,\"name\":\"PHILIPS Sonicare DiamondClean Smart 9500 Toothbrush Wholesale\",\"previousItem\":\"https:\\\/\\\/www.rucashk.com\\\/es\\\/#listItem\"}]},{\"@type\":\"Organization\",\"@id\":\"https:\\\/\\\/www.rucashk.com\\\/es\\\/#organization\",\"name\":\"Rucas\",\"url\":\"https:\\\/\\\/www.rucashk.com\\\/es\\\/\",\"logo\":{\"@type\":\"ImageObject\",\"url\":\"https:\\\/\\\/www.rucashk.com\\\/wp-content\\\/uploads\\\/2023\\\/12\\\/Rucas_campany_logo.png\",\"@id\":\"https:\\\/\\\/www.rucashk.com\\\/es\\\/producto\\\/philips-sonicare-diamondclean-smart-9500-toothbrush-wholesale\\\/#organizationLogo\",\"width\":221,\"height\":65},\"image\":{\"@id\":\"https:\\\/\\\/www.rucashk.com\\\/es\\\/#organizationLogo\"}},{\"@type\":\"Person\",\"@id\":\"https:\\\/\\\/www.rucashk.com\\\/es\\\/author\\\/admin\\\/#author\",\"url\":\"https:\\\/\\\/www.rucashk.com\\\/es\\\/author\\\/admin\\\/\",\"name\":\"admin\",\"image\":{\"@type\":\"ImageObject\",\"@id\":\"https:\\\/\\\/www.rucashk.com\\\/es\\\/producto\\\/philips-sonicare-diamondclean-smart-9500-toothbrush-wholesale\\\/#authorImage\",\"url\":\"https:\\\/\\\/secure.gravatar.com\\\/avatar\\\/b7c8925b09a27e72b30232f8ecaadbd5af0f70a38c78096863fe51b64f031c24?s=96&d=mm&r=g\",\"width\":96,\"height\":96,\"caption\":\"admin\"}},{\"@type\":\"WebPage\",\"@id\":\"https:\\\/\\\/www.rucashk.com\\\/es\\\/producto\\\/philips-sonicare-diamondclean-smart-9500-toothbrush-wholesale\\\/#webpage\",\"url\":\"https:\\\/\\\/www.rucashk.com\\\/es\\\/producto\\\/philips-sonicare-diamondclean-smart-9500-toothbrush-wholesale\\\/\",\"name\":\"PHILIPS Sonicare DiamondClean Smart 9500 Toothbrush Wholesale - Rucas - Wholesale and Distribution\",\"description\":\"Our best toothbrush ever for the most exceptional clean and complete care Best-in-class clean -- Removes up to 10x more plaque and improves gum health up to 7x in just 2 weeks in Gum Health mode vs. a manual toothbrush Brighten your smile with White+ mode to remove up to 100% more stains in just 3 days vs. a manual toothbrush and personalize your brushing with 3 intensities and 5 modes: Clean, White+, Gum Health, DeepClean+ and TongueCare+ Get the best results with real-time feedback, automated progress report, and automatic mode pairing that syncs your 4 premium brush heads to the optimal brushing mode Our premium charging travel case lets you store and charge your toothbrush while on the go. To avoid an empty battery, you can always leave your toothbrush on the charger between brushings. With Amazon Dash Replenishment, you can set up automatic deliveries so you never run out of brush heads again\",\"inLanguage\":\"es-ES\",\"isPartOf\":{\"@id\":\"https:\\\/\\\/www.rucashk.com\\\/es\\\/#website\"},\"breadcrumb\":{\"@id\":\"https:\\\/\\\/www.rucashk.com\\\/es\\\/producto\\\/philips-sonicare-diamondclean-smart-9500-toothbrush-wholesale\\\/#breadcrumblist\"},\"author\":{\"@id\":\"https:\\\/\\\/www.rucashk.com\\\/es\\\/author\\\/admin\\\/#author\"},\"creator\":{\"@id\":\"https:\\\/\\\/www.rucashk.com\\\/es\\\/author\\\/admin\\\/#author\"},\"image\":{\"@type\":\"ImageObject\",\"url\":\"https:\\\/\\\/www.rucashk.com\\\/wp-content\\\/uploads\\\/2024\\\/01\\\/b_\\u526f\\u672c-4.png\",\"@id\":\"https:\\\/\\\/www.rucashk.com\\\/es\\\/producto\\\/philips-sonicare-diamondclean-smart-9500-toothbrush-wholesale\\\/#mainImage\",\"width\":800,\"height\":800},\"primaryImageOfPage\":{\"@id\":\"https:\\\/\\\/www.rucashk.com\\\/es\\\/producto\\\/philips-sonicare-diamondclean-smart-9500-toothbrush-wholesale\\\/#mainImage\"},\"datePublished\":\"2024-01-09T16:06:18+00:00\",\"dateModified\":\"2024-03-13T06:25:27+00:00\"},{\"@type\":\"WebSite\",\"@id\":\"https:\\\/\\\/www.rucashk.com\\\/es\\\/#website\",\"url\":\"https:\\\/\\\/www.rucashk.com\\\/es\\\/\",\"name\":\"Rucas - Wholesale and distribution worldwide\",\"alternateName\":\"Rucas - One-stop AIoT Distribution Worldwide\",\"description\":\"One-stop AIoT Distribution Worldwide\",\"inLanguage\":\"es-ES\",\"publisher\":{\"@id\":\"https:\\\/\\\/www.rucashk.com\\\/es\\\/#organization\"}}]}\n\t\t<\/script>\n\t\t<!-- All in One SEO Pro -->\r\n\t\t<title>PHILIPS Sonicare DiamondClean Smart 9500 Toothbrush Wholesale - Rucas - Wholesale and Distribution<\/title>\n\n","aioseo_head_json":{"title":"PHILIPS Sonicare DiamondClean Smart 9500 Toothbrush Wholesale - Rucas - Wholesale and Distribution","description":"Our best toothbrush ever for the most exceptional clean and complete care Best-in-class clean -- Removes up to 10x more plaque and improves gum health up to 7x in just 2 weeks in Gum Health mode vs. a manual toothbrush Brighten your smile with White+ mode to remove up to 100% more stains in just 3 days vs. a manual toothbrush and personalize your brushing with 3 intensities and 5 modes: Clean, White+, Gum Health, DeepClean+ and TongueCare+ Get the best results with real-time feedback, automated progress report, and automatic mode pairing that syncs your 4 premium brush heads to the optimal brushing mode Our premium charging travel case lets you store and charge your toothbrush while on the go. To avoid an empty battery, you can always leave your toothbrush on the charger between brushings. With Amazon Dash Replenishment, you can set up automatic deliveries so you never run out of brush heads again","canonical_url":"https:\/\/www.rucashk.com\/es\/producto\/philips-sonicare-diamondclean-smart-9500-toothbrush-wholesale\/","robots":"max-image-preview:large","keywords":"","webmasterTools":{"miscellaneous":""},"og:locale":"es_ES","og:site_name":"Rucas - One-stop AIoT Distribution Worldwide","og:type":"article","og:title":"PHILIPS Sonicare DiamondClean Smart 9500 Toothbrush Wholesale - Rucas - Wholesale and Distribution","og:description":"Our best toothbrush ever for the most exceptional clean and complete care Best-in-class clean -- Removes up to 10x more plaque and improves gum health up to 7x in just 2 weeks in Gum Health mode vs. a manual toothbrush Brighten your smile with White+ mode to remove up to 100% more stains in just 3 days vs. a manual toothbrush and personalize your brushing with 3 intensities and 5 modes: Clean, White+, Gum Health, DeepClean+ and TongueCare+ Get the best results with real-time feedback, automated progress report, and automatic mode pairing that syncs your 4 premium brush heads to the optimal brushing mode Our premium charging travel case lets you store and charge your toothbrush while on the go. To avoid an empty battery, you can always leave your toothbrush on the charger between brushings. With Amazon Dash Replenishment, you can set up automatic deliveries so you never run out of brush heads again","og:url":"https:\/\/www.rucashk.com\/es\/producto\/philips-sonicare-diamondclean-smart-9500-toothbrush-wholesale\/","og:image":"https:\/\/www.rucashk.com\/wp-content\/uploads\/replace\/503b8e645f128a97ccde2b6290747646.jpeg","og:image:secure_url":"https:\/\/www.rucashk.com\/wp-content\/uploads\/replace\/503b8e645f128a97ccde2b6290747646.jpeg","og:image:width":1456,"og:image:height":816,"article:published_time":"2024-01-09T16:06:18+00:00","article:modified_time":"2024-03-13T06:25:27+00:00","twitter:card":"summary_large_image","twitter:title":"PHILIPS Sonicare DiamondClean Smart 9500 Toothbrush Wholesale - Rucas - Wholesale and Distribution","twitter:description":"Our best toothbrush ever for the most exceptional clean and complete care Best-in-class clean -- Removes up to 10x more plaque and improves gum health up to 7x in just 2 weeks in Gum Health mode vs. a manual toothbrush Brighten your smile with White+ mode to remove up to 100% more stains in just 3 days vs. a manual toothbrush and personalize your brushing with 3 intensities and 5 modes: Clean, White+, Gum Health, DeepClean+ and TongueCare+ Get the best results with real-time feedback, automated progress report, and automatic mode pairing that syncs your 4 premium brush heads to the optimal brushing mode Our premium charging travel case lets you store and charge your toothbrush while on the go. To avoid an empty battery, you can always leave your toothbrush on the charger between brushings. With Amazon Dash Replenishment, you can set up automatic deliveries so you never run out of brush heads again","twitter:image":"https:\/\/www.rucashk.com\/wp-content\/uploads\/replace\/503b8e645f128a97ccde2b6290747646.jpeg","schema":{"@context":"https:\/\/schema.org","@graph":[{"@type":"BreadcrumbList","@id":"https:\/\/www.rucashk.com\/es\/producto\/philips-sonicare-diamondclean-smart-9500-toothbrush-wholesale\/#breadcrumblist","itemListElement":[{"@type":"ListItem","@id":"https:\/\/www.rucashk.com\/es\/#listItem","position":1,"name":"Home","item":"https:\/\/www.rucashk.com\/es\/","nextItem":"https:\/\/www.rucashk.com\/es\/producto\/philips-sonicare-diamondclean-smart-9500-toothbrush-wholesale\/#listItem"},{"@type":"ListItem","@id":"https:\/\/www.rucashk.com\/es\/producto\/philips-sonicare-diamondclean-smart-9500-toothbrush-wholesale\/#listItem","position":2,"name":"PHILIPS Sonicare DiamondClean Smart 9500 Toothbrush Wholesale","previousItem":"https:\/\/www.rucashk.com\/es\/#listItem"}]},{"@type":"Organization","@id":"https:\/\/www.rucashk.com\/es\/#organization","name":"Rucas","url":"https:\/\/www.rucashk.com\/es\/","logo":{"@type":"ImageObject","url":"https:\/\/www.rucashk.com\/wp-content\/uploads\/2023\/12\/Rucas_campany_logo.png","@id":"https:\/\/www.rucashk.com\/es\/producto\/philips-sonicare-diamondclean-smart-9500-toothbrush-wholesale\/#organizationLogo","width":221,"height":65},"image":{"@id":"https:\/\/www.rucashk.com\/es\/#organizationLogo"}},{"@type":"Person","@id":"https:\/\/www.rucashk.com\/es\/author\/admin\/#author","url":"https:\/\/www.rucashk.com\/es\/author\/admin\/","name":"admin","image":{"@type":"ImageObject","@id":"https:\/\/www.rucashk.com\/es\/producto\/philips-sonicare-diamondclean-smart-9500-toothbrush-wholesale\/#authorImage","url":"https:\/\/secure.gravatar.com\/avatar\/b7c8925b09a27e72b30232f8ecaadbd5af0f70a38c78096863fe51b64f031c24?s=96&d=mm&r=g","width":96,"height":96,"caption":"admin"}},{"@type":"WebPage","@id":"https:\/\/www.rucashk.com\/es\/producto\/philips-sonicare-diamondclean-smart-9500-toothbrush-wholesale\/#webpage","url":"https:\/\/www.rucashk.com\/es\/producto\/philips-sonicare-diamondclean-smart-9500-toothbrush-wholesale\/","name":"PHILIPS Sonicare DiamondClean Smart 9500 Toothbrush Wholesale - Rucas - Wholesale and Distribution","description":"Our best toothbrush ever for the most exceptional clean and complete care Best-in-class clean -- Removes up to 10x more plaque and improves gum health up to 7x in just 2 weeks in Gum Health mode vs. a manual toothbrush Brighten your smile with White+ mode to remove up to 100% more stains in just 3 days vs. a manual toothbrush and personalize your brushing with 3 intensities and 5 modes: Clean, White+, Gum Health, DeepClean+ and TongueCare+ Get the best results with real-time feedback, automated progress report, and automatic mode pairing that syncs your 4 premium brush heads to the optimal brushing mode Our premium charging travel case lets you store and charge your toothbrush while on the go. To avoid an empty battery, you can always leave your toothbrush on the charger between brushings. With Amazon Dash Replenishment, you can set up automatic deliveries so you never run out of brush heads again","inLanguage":"es-ES","isPartOf":{"@id":"https:\/\/www.rucashk.com\/es\/#website"},"breadcrumb":{"@id":"https:\/\/www.rucashk.com\/es\/producto\/philips-sonicare-diamondclean-smart-9500-toothbrush-wholesale\/#breadcrumblist"},"author":{"@id":"https:\/\/www.rucashk.com\/es\/author\/admin\/#author"},"creator":{"@id":"https:\/\/www.rucashk.com\/es\/author\/admin\/#author"},"image":{"@type":"ImageObject","url":"https:\/\/www.rucashk.com\/wp-content\/uploads\/2024\/01\/b_\u526f\u672c-4.png","@id":"https:\/\/www.rucashk.com\/es\/producto\/philips-sonicare-diamondclean-smart-9500-toothbrush-wholesale\/#mainImage","width":800,"height":800},"primaryImageOfPage":{"@id":"https:\/\/www.rucashk.com\/es\/producto\/philips-sonicare-diamondclean-smart-9500-toothbrush-wholesale\/#mainImage"},"datePublished":"2024-01-09T16:06:18+00:00","dateModified":"2024-03-13T06:25:27+00:00"},{"@type":"WebSite","@id":"https:\/\/www.rucashk.com\/es\/#website","url":"https:\/\/www.rucashk.com\/es\/","name":"Rucas - Wholesale and distribution worldwide","alternateName":"Rucas - One-stop AIoT Distribution Worldwide","description":"One-stop AIoT Distribution Worldwide","inLanguage":"es-ES","publisher":{"@id":"https:\/\/www.rucashk.com\/es\/#organization"}}]}},"aioseo_meta_data":{"post_id":"24599","title":null,"description":null,"keywords":null,"keyphrases":null,"primary_term":null,"canonical_url":null,"og_title":null,"og_description":null,"og_object_type":"default","og_image_type":"default","og_image_url":null,"og_image_width":null,"og_image_height":null,"og_image_custom_url":null,"og_image_custom_fields":null,"og_video":null,"og_custom_url":null,"og_article_section":null,"og_article_tags":null,"twitter_use_og":false,"twitter_card":"default","twitter_image_type":"default","twitter_image_url":null,"twitter_image_custom_url":null,"twitter_image_custom_fields":null,"twitter_title":null,"twitter_description":null,"schema":{"blockGraphs":[],"customGraphs":[],"default":{"data":{"Article":[],"Course":[],"Dataset":[],"FAQPage":[],"Movie":[],"Person":[],"Product":[],"Recipe":[],"Service":[],"SoftwareApplication":[],"WebPage":[]},"graphName":"","isEnabled":true},"graphs":[]},"schema_type":"default","schema_type_options":null,"pillar_content":false,"robots_default":true,"robots_noindex":false,"robots_noarchive":false,"robots_nosnippet":false,"robots_nofollow":false,"robots_noimageindex":false,"robots_noodp":false,"robots_notranslate":false,"robots_max_snippet":null,"robots_max_videopreview":null,"robots_max_imagepreview":"large","priority":null,"frequency":null,"local_seo":null,"breadcrumb_settings":null,"limit_modified_date":false,"created":"2024-04-11 01:57:12","updated":"2025-06-22 17:35:03"},"aioseo_breadcrumb":"<div class=\"aioseo-breadcrumbs\"><span class=\"aioseo-breadcrumb\">\n\t<a href=\"https:\/\/www.rucashk.com\/es\" title=\"Home\">Home<\/a>\n<\/span><span class=\"aioseo-breadcrumb-separator\">&raquo;<\/span><span class=\"aioseo-breadcrumb\">\n\t<a href=\"https:\/\/www.rucashk.com\/es\/products\/\" title=\"Productos\">Productos<\/a>\n<\/span><span class=\"aioseo-breadcrumb-separator\">&raquo;<\/span><span class=\"aioseo-breadcrumb\">\n\t<a href=\"https:\/\/www.rucashk.com\/es\/categoria-producto\/other-a-brands\/\" title=\"Other A-Brands\">Other A-Brands<\/a>\n<\/span><span class=\"aioseo-breadcrumb-separator\">&raquo;<\/span><span class=\"aioseo-breadcrumb\">\n\t<a href=\"https:\/\/www.rucashk.com\/es\/categoria-producto\/other-a-brands\/philips\/\" title=\"Philips\">Philips<\/a>\n<\/span><span class=\"aioseo-breadcrumb-separator\">&raquo;<\/span><span class=\"aioseo-breadcrumb\">\n\tPHILIPS Sonicare DiamondClean Smart 9500 Toothbrush Wholesale\n<\/span><\/div>","aioseo_breadcrumb_json":[{"label":"Home","link":"https:\/\/www.rucashk.com\/es"},{"label":"Productos","link":"https:\/\/www.rucashk.com\/es\/products\/"},{"label":"Other A-Brands","link":"https:\/\/www.rucashk.com\/es\/categoria-producto\/other-a-brands\/"},{"label":"Philips","link":"https:\/\/www.rucashk.com\/es\/categoria-producto\/other-a-brands\/philips\/"},{"label":"PHILIPS Sonicare DiamondClean Smart 9500 Toothbrush Wholesale","link":"https:\/\/www.rucashk.com\/es\/producto\/philips-sonicare-diamondclean-smart-9500-toothbrush-wholesale\/"}],"_links":{"self":[{"href":"https:\/\/www.rucashk.com\/es\/wp-json\/wp\/v2\/product\/24599","targetHints":{"allow":["GET"]}}],"collection":[{"href":"https:\/\/www.rucashk.com\/es\/wp-json\/wp\/v2\/product"}],"about":[{"href":"https:\/\/www.rucashk.com\/es\/wp-json\/wp\/v2\/types\/product"}],"wp:featuredmedia":[{"embeddable":true,"href":"https:\/\/www.rucashk.com\/es\/wp-json\/wp\/v2\/media\/24716"}],"wp:attachment":[{"href":"https:\/\/www.rucashk.com\/es\/wp-json\/wp\/v2\/media?parent=24599"}],"wp:term":[{"taxonomy":"product_brand","embeddable":true,"href":"https:\/\/www.rucashk.com\/es\/wp-json\/wp\/v2\/product_brand?post=24599"},{"taxonomy":"product_cat","embeddable":true,"href":"https:\/\/www.rucashk.com\/es\/wp-json\/wp\/v2\/product_cat?post=24599"},{"taxonomy":"product_tag","embeddable":true,"href":"https:\/\/www.rucashk.com\/es\/wp-json\/wp\/v2\/product_tag?post=24599"}],"curies":[{"name":"wp","href":"https:\/\/api.w.org\/{rel}","templated":true}]}}