{"id":24597,"date":"2024-01-09T16:06:18","date_gmt":"2024-01-09T16:06:18","guid":{"rendered":"http:\/\/rucashk.com\/?post_type=product&#038;p=24597"},"modified":"2024-03-13T06:22:35","modified_gmt":"2024-03-13T06:22:35","slug":"philips-norelco-multigroom-5000-trimmer-wholesale","status":"publish","type":"product","link":"https:\/\/www.rucashk.com\/es\/producto\/philips-norelco-multigroom-5000-trimmer-wholesale\/","title":{"rendered":"Recortadora Philips Norelco Multigroom 5000 al por mayor"},"content":{"rendered":"<p><img fetchpriority=\"high\" decoding=\"async\" class=\"alignnone wp-image-21270 aligncenter\" src=\"\/wp-content\/uploads\/replace\/973e6765981468fe262cf86a6d948509.png\" alt=\"Philips Norelco Multigroom 5000 Trimmer\" width=\"800\" height=\"452\" \/><img decoding=\"async\" class=\"alignnone wp-image-21263 aligncenter\" src=\"\/wp-content\/uploads\/replace\/8b98301881bfa973105bc35bf659a2d7.png\" alt=\"Philips Norelco Multigroom 5000 Trimmer\" width=\"800\" height=\"800\" \/><img decoding=\"async\" class=\"alignnone wp-image-21264 aligncenter\" src=\"\/wp-content\/uploads\/replace\/c1143e90759e16c9ba41481366d9c23e.png\" alt=\"Philips Norelco Multigroom 5000 Trimmer\" width=\"800\" height=\"800\" \/><img loading=\"lazy\" decoding=\"async\" class=\"alignnone wp-image-21265 aligncenter\" src=\"\/wp-content\/uploads\/replace\/ed1dc505fe48bc3a3402809788e69966.png\" alt=\"Philips Norelco Multigroom 5000 Trimmer\" width=\"800\" height=\"800\" \/><img loading=\"lazy\" decoding=\"async\" class=\"alignnone wp-image-21266 aligncenter\" src=\"\/wp-content\/uploads\/replace\/834f0bee8bbbf09759749cb8dc7f5f48.png\" alt=\"Philips Norelco Multigroom 5000 Trimmer\" width=\"800\" height=\"800\" \/><img loading=\"lazy\" decoding=\"async\" class=\"alignnone wp-image-21267 aligncenter\" src=\"\/wp-content\/uploads\/replace\/558abbc1dc771a27c6868b6b02dd4035.png\" alt=\"Philips Norelco Multigroom 5000 Trimmer\" width=\"800\" height=\"800\" \/><img loading=\"lazy\" decoding=\"async\" class=\"alignnone wp-image-21268 aligncenter\" src=\"\/wp-content\/uploads\/replace\/eab3238ca641f9ae6358f4884a2b162a.png\" alt=\"Philips Norelco Multigroom 5000 Trimmer\" width=\"800\" height=\"800\" \/><img loading=\"lazy\" decoding=\"async\" class=\"alignnone wp-image-21269 aligncenter\" src=\"\/wp-content\/uploads\/replace\/ce9542d9dcc1a81ae971da6699083412.png\" alt=\"Philips Norelco Multigroom 5000 Trimmer\" width=\"800\" height=\"800\" \/><\/p>","protected":false},"excerpt":{"rendered":"<ul class=\"a-unordered-list a-vertical a-spacing-mini\" style=\"margin: 0px 0px 0px 18px;padding: 0px;color: #111111;text-transform: none;text-indent: 0px;letter-spacing: normal;font-family: 'Amazon Ember', Arial, sans-serif;font-size: 13px;font-style: normal;font-weight: 400;background-color: #ffffff\">\n<li><span class=\"a-list-item\">Recortadora todo en uno para peinar el rostro, la cabeza y el cuerpo: 18 piezas para todas tus necesidades de recorte: una recortadora de metal, una recortadora de metal para detalles, una recortadora para nariz y orejas, una cortadora de pelo extra ancha, 6 protectores para recortar el pelo, 3 protectores para recortar la barba, 2 protectores para recortar la barba incipiente, 2 protectores para recortar el cuerpo, una bolsa de almacenamiento y un cepillo de limpieza<\/span><\/li>\n<li><span class=\"a-list-item\">Disfrute de la m\u00e1xima precisi\u00f3n con la tecnolog\u00eda DualCut, que incluye el doble de hojas. Las hojas de acero se rozan ligeramente entre s\u00ed y se afilan mientras trabajan. Esto da como resultado hojas afiladas como el d\u00eda 1 despu\u00e9s de 4 a\u00f1os de uso.<\/span><\/li>\n<li><span class=\"a-list-item\">Potente bater\u00eda de litio que ofrece 3 horas de funcionamiento inal\u00e1mbrico o uso mientras est\u00e1 enchufado para uso continuo<\/span><\/li>\n<li><span class=\"a-list-item\">To deliver maximum torque and power, the trimmer includes a full-metal motor and a drive train that&#8217;s been reinforced with tempered steel<\/span><\/li>\n<li><span class=\"a-list-item\">Nuestras exclusivas protecciones de corte est\u00e1n reforzadas con material de fibra de vidrio ultrarresistente para evitar que se doblen y pandeen, lo que garantiza un corte uniforme en todo momento.<\/span><\/li>\n<\/ul>","protected":false},"featured_media":24704,"template":"","meta":[],"product_brand":[],"product_cat":[1322,1335],"product_tag":[1114],"class_list":{"0":"post-24597","1":"product","2":"type-product","3":"status-publish","4":"has-post-thumbnail","6":"product_cat-other-a-brands","7":"product_cat-philips","8":"product_tag-philips-norelco-multigroom-5000-trimmer","10":"first","11":"instock","12":"shipping-taxable","13":"product-type-external"},"aioseo_notices":[],"aioseo_head":"\n\t\t<!-- All in One SEO Pro 4.5.9.2 - aioseo.com -->\n\t\t<meta name=\"description\" content=\"All-in-one trimmer for face, head and body styling: 18 pieces for all your trimming needs: a metal trimmer, a detail metal trimmer, a nose and ear trimmer, an extra-wide hair trimmer, 6 hair trimming guards, 3 beard trimming guards, 2 stubble trimming guards, 2 body trimming guards, a storage bag and a cleaning brush Enjoy maximum precision with DualCut technology, which includes 2x more blades. The steel blades lightly brush against one another \u2013 sharpening themselves as they work. This results in blades that are sharp as day 1 after 4 years of use Powerful lithium battery delivering 3 hours of cordless run time, or use while plugged in for continuous use To deliver maximum torque and power, the trimmer includes a full-metal motor and a drive train that&#039;s been reinforced with tempered steel Our unique cutting guards are reinforced with ultra-strong fiberglass material to prevent bending and buckling, ensuring an even trim every time\" \/>\n\t\t<meta name=\"robots\" content=\"max-image-preview:large\" \/>\n\t\t<link rel=\"canonical\" href=\"https:\/\/www.rucashk.com\/es\/producto\/philips-norelco-multigroom-5000-trimmer-wholesale\/\" \/>\n\t\t<meta name=\"generator\" content=\"All in One SEO Pro (AIOSEO) 4.5.9.2\" \/>\n\t\t<meta property=\"og:locale\" content=\"es_ES\" \/>\n\t\t<meta property=\"og:site_name\" content=\"Rucas - One-stop AIoT Distribution Worldwide\" \/>\n\t\t<meta property=\"og:type\" content=\"article\" \/>\n\t\t<meta property=\"og:title\" content=\"Philips Norelco Multigroom 5000 Trimmer Wholesale - Rucas - Wholesale and Distribution\" \/>\n\t\t<meta property=\"og:description\" content=\"All-in-one trimmer for face, head and body styling: 18 pieces for all your trimming needs: a metal trimmer, a detail metal trimmer, a nose and ear trimmer, an extra-wide hair trimmer, 6 hair trimming guards, 3 beard trimming guards, 2 stubble trimming guards, 2 body trimming guards, a storage bag and a cleaning brush Enjoy maximum precision with DualCut technology, which includes 2x more blades. The steel blades lightly brush against one another \u2013 sharpening themselves as they work. This results in blades that are sharp as day 1 after 4 years of use Powerful lithium battery delivering 3 hours of cordless run time, or use while plugged in for continuous use To deliver maximum torque and power, the trimmer includes a full-metal motor and a drive train that&#039;s been reinforced with tempered steel Our unique cutting guards are reinforced with ultra-strong fiberglass material to prevent bending and buckling, ensuring an even trim every time\" \/>\n\t\t<meta property=\"og:url\" content=\"https:\/\/www.rucashk.com\/es\/producto\/philips-norelco-multigroom-5000-trimmer-wholesale\/\" \/>\n\t\t<meta property=\"og:image\" content=\"https:\/\/www.rucashk.com\/wp-content\/uploads\/replace\/503b8e645f128a97ccde2b6290747646.jpeg\" \/>\n\t\t<meta property=\"og:image:secure_url\" content=\"https:\/\/www.rucashk.com\/wp-content\/uploads\/replace\/503b8e645f128a97ccde2b6290747646.jpeg\" \/>\n\t\t<meta property=\"og:image:width\" content=\"1456\" \/>\n\t\t<meta property=\"og:image:height\" content=\"816\" \/>\n\t\t<meta property=\"article:published_time\" content=\"2024-01-09T16:06:18+00:00\" \/>\n\t\t<meta property=\"article:modified_time\" content=\"2024-03-13T06:22:35+00:00\" \/>\n\t\t<meta name=\"twitter:card\" content=\"summary_large_image\" \/>\n\t\t<meta name=\"twitter:title\" content=\"Philips Norelco Multigroom 5000 Trimmer Wholesale - Rucas - Wholesale and Distribution\" \/>\n\t\t<meta name=\"twitter:description\" content=\"All-in-one trimmer for face, head and body styling: 18 pieces for all your trimming needs: a metal trimmer, a detail metal trimmer, a nose and ear trimmer, an extra-wide hair trimmer, 6 hair trimming guards, 3 beard trimming guards, 2 stubble trimming guards, 2 body trimming guards, a storage bag and a cleaning brush Enjoy maximum precision with DualCut technology, which includes 2x more blades. The steel blades lightly brush against one another \u2013 sharpening themselves as they work. This results in blades that are sharp as day 1 after 4 years of use Powerful lithium battery delivering 3 hours of cordless run time, or use while plugged in for continuous use To deliver maximum torque and power, the trimmer includes a full-metal motor and a drive train that&#039;s been reinforced with tempered steel Our unique cutting guards are reinforced with ultra-strong fiberglass material to prevent bending and buckling, ensuring an even trim every time\" \/>\n\t\t<meta name=\"twitter:image\" content=\"https:\/\/www.rucashk.com\/wp-content\/uploads\/replace\/503b8e645f128a97ccde2b6290747646.jpeg\" \/>\n\t\t<script type=\"application\/ld+json\" class=\"aioseo-schema\">\n\t\t\t{\"@context\":\"https:\\\/\\\/schema.org\",\"@graph\":[{\"@type\":\"BreadcrumbList\",\"@id\":\"https:\\\/\\\/www.rucashk.com\\\/es\\\/producto\\\/philips-norelco-multigroom-5000-trimmer-wholesale\\\/#breadcrumblist\",\"itemListElement\":[{\"@type\":\"ListItem\",\"@id\":\"https:\\\/\\\/www.rucashk.com\\\/es\\\/#listItem\",\"position\":1,\"name\":\"Home\",\"item\":\"https:\\\/\\\/www.rucashk.com\\\/es\\\/\",\"nextItem\":\"https:\\\/\\\/www.rucashk.com\\\/es\\\/producto\\\/philips-norelco-multigroom-5000-trimmer-wholesale\\\/#listItem\"},{\"@type\":\"ListItem\",\"@id\":\"https:\\\/\\\/www.rucashk.com\\\/es\\\/producto\\\/philips-norelco-multigroom-5000-trimmer-wholesale\\\/#listItem\",\"position\":2,\"name\":\"Philips Norelco Multigroom 5000 Trimmer Wholesale\",\"previousItem\":\"https:\\\/\\\/www.rucashk.com\\\/es\\\/#listItem\"}]},{\"@type\":\"Organization\",\"@id\":\"https:\\\/\\\/www.rucashk.com\\\/es\\\/#organization\",\"name\":\"Rucas\",\"url\":\"https:\\\/\\\/www.rucashk.com\\\/es\\\/\",\"logo\":{\"@type\":\"ImageObject\",\"url\":\"https:\\\/\\\/www.rucashk.com\\\/wp-content\\\/uploads\\\/2023\\\/12\\\/Rucas_campany_logo.png\",\"@id\":\"https:\\\/\\\/www.rucashk.com\\\/es\\\/producto\\\/philips-norelco-multigroom-5000-trimmer-wholesale\\\/#organizationLogo\",\"width\":221,\"height\":65},\"image\":{\"@id\":\"https:\\\/\\\/www.rucashk.com\\\/es\\\/#organizationLogo\"}},{\"@type\":\"Person\",\"@id\":\"https:\\\/\\\/www.rucashk.com\\\/es\\\/author\\\/admin\\\/#author\",\"url\":\"https:\\\/\\\/www.rucashk.com\\\/es\\\/author\\\/admin\\\/\",\"name\":\"admin\",\"image\":{\"@type\":\"ImageObject\",\"@id\":\"https:\\\/\\\/www.rucashk.com\\\/es\\\/producto\\\/philips-norelco-multigroom-5000-trimmer-wholesale\\\/#authorImage\",\"url\":\"https:\\\/\\\/secure.gravatar.com\\\/avatar\\\/b7c8925b09a27e72b30232f8ecaadbd5af0f70a38c78096863fe51b64f031c24?s=96&d=mm&r=g\",\"width\":96,\"height\":96,\"caption\":\"admin\"}},{\"@type\":\"WebPage\",\"@id\":\"https:\\\/\\\/www.rucashk.com\\\/es\\\/producto\\\/philips-norelco-multigroom-5000-trimmer-wholesale\\\/#webpage\",\"url\":\"https:\\\/\\\/www.rucashk.com\\\/es\\\/producto\\\/philips-norelco-multigroom-5000-trimmer-wholesale\\\/\",\"name\":\"Philips Norelco Multigroom 5000 Trimmer Wholesale - Rucas - Wholesale and Distribution\",\"description\":\"All-in-one trimmer for face, head and body styling: 18 pieces for all your trimming needs: a metal trimmer, a detail metal trimmer, a nose and ear trimmer, an extra-wide hair trimmer, 6 hair trimming guards, 3 beard trimming guards, 2 stubble trimming guards, 2 body trimming guards, a storage bag and a cleaning brush Enjoy maximum precision with DualCut technology, which includes 2x more blades. The steel blades lightly brush against one another \\u2013 sharpening themselves as they work. This results in blades that are sharp as day 1 after 4 years of use Powerful lithium battery delivering 3 hours of cordless run time, or use while plugged in for continuous use To deliver maximum torque and power, the trimmer includes a full-metal motor and a drive train that's been reinforced with tempered steel Our unique cutting guards are reinforced with ultra-strong fiberglass material to prevent bending and buckling, ensuring an even trim every time\",\"inLanguage\":\"es-ES\",\"isPartOf\":{\"@id\":\"https:\\\/\\\/www.rucashk.com\\\/es\\\/#website\"},\"breadcrumb\":{\"@id\":\"https:\\\/\\\/www.rucashk.com\\\/es\\\/producto\\\/philips-norelco-multigroom-5000-trimmer-wholesale\\\/#breadcrumblist\"},\"author\":{\"@id\":\"https:\\\/\\\/www.rucashk.com\\\/es\\\/author\\\/admin\\\/#author\"},\"creator\":{\"@id\":\"https:\\\/\\\/www.rucashk.com\\\/es\\\/author\\\/admin\\\/#author\"},\"image\":{\"@type\":\"ImageObject\",\"url\":\"https:\\\/\\\/www.rucashk.com\\\/wp-content\\\/uploads\\\/2024\\\/01\\\/a_\\u526f\\u672c-3.png\",\"@id\":\"https:\\\/\\\/www.rucashk.com\\\/es\\\/producto\\\/philips-norelco-multigroom-5000-trimmer-wholesale\\\/#mainImage\",\"width\":800,\"height\":800},\"primaryImageOfPage\":{\"@id\":\"https:\\\/\\\/www.rucashk.com\\\/es\\\/producto\\\/philips-norelco-multigroom-5000-trimmer-wholesale\\\/#mainImage\"},\"datePublished\":\"2024-01-09T16:06:18+00:00\",\"dateModified\":\"2024-03-13T06:22:35+00:00\"},{\"@type\":\"WebSite\",\"@id\":\"https:\\\/\\\/www.rucashk.com\\\/es\\\/#website\",\"url\":\"https:\\\/\\\/www.rucashk.com\\\/es\\\/\",\"name\":\"Rucas - Wholesale and distribution worldwide\",\"alternateName\":\"Rucas - One-stop AIoT Distribution Worldwide\",\"description\":\"One-stop AIoT Distribution Worldwide\",\"inLanguage\":\"es-ES\",\"publisher\":{\"@id\":\"https:\\\/\\\/www.rucashk.com\\\/es\\\/#organization\"}}]}\n\t\t<\/script>\n\t\t<!-- All in One SEO Pro -->\r\n\t\t<title>Philips Norelco Multigroom 5000 Trimmer Wholesale - Rucas - Wholesale and Distribution<\/title>\n\n","aioseo_head_json":{"title":"Philips Norelco Multigroom 5000 Trimmer Wholesale - Rucas - Wholesale and Distribution","description":"All-in-one trimmer for face, head and body styling: 18 pieces for all your trimming needs: a metal trimmer, a detail metal trimmer, a nose and ear trimmer, an extra-wide hair trimmer, 6 hair trimming guards, 3 beard trimming guards, 2 stubble trimming guards, 2 body trimming guards, a storage bag and a cleaning brush Enjoy maximum precision with DualCut technology, which includes 2x more blades. The steel blades lightly brush against one another \u2013 sharpening themselves as they work. This results in blades that are sharp as day 1 after 4 years of use Powerful lithium battery delivering 3 hours of cordless run time, or use while plugged in for continuous use To deliver maximum torque and power, the trimmer includes a full-metal motor and a drive train that's been reinforced with tempered steel Our unique cutting guards are reinforced with ultra-strong fiberglass material to prevent bending and buckling, ensuring an even trim every time","canonical_url":"https:\/\/www.rucashk.com\/es\/producto\/philips-norelco-multigroom-5000-trimmer-wholesale\/","robots":"max-image-preview:large","keywords":"","webmasterTools":{"miscellaneous":""},"og:locale":"es_ES","og:site_name":"Rucas - One-stop AIoT Distribution Worldwide","og:type":"article","og:title":"Philips Norelco Multigroom 5000 Trimmer Wholesale - Rucas - Wholesale and Distribution","og:description":"All-in-one trimmer for face, head and body styling: 18 pieces for all your trimming needs: a metal trimmer, a detail metal trimmer, a nose and ear trimmer, an extra-wide hair trimmer, 6 hair trimming guards, 3 beard trimming guards, 2 stubble trimming guards, 2 body trimming guards, a storage bag and a cleaning brush Enjoy maximum precision with DualCut technology, which includes 2x more blades. The steel blades lightly brush against one another \u2013 sharpening themselves as they work. This results in blades that are sharp as day 1 after 4 years of use Powerful lithium battery delivering 3 hours of cordless run time, or use while plugged in for continuous use To deliver maximum torque and power, the trimmer includes a full-metal motor and a drive train that's been reinforced with tempered steel Our unique cutting guards are reinforced with ultra-strong fiberglass material to prevent bending and buckling, ensuring an even trim every time","og:url":"https:\/\/www.rucashk.com\/es\/producto\/philips-norelco-multigroom-5000-trimmer-wholesale\/","og:image":"https:\/\/www.rucashk.com\/wp-content\/uploads\/replace\/503b8e645f128a97ccde2b6290747646.jpeg","og:image:secure_url":"https:\/\/www.rucashk.com\/wp-content\/uploads\/replace\/503b8e645f128a97ccde2b6290747646.jpeg","og:image:width":1456,"og:image:height":816,"article:published_time":"2024-01-09T16:06:18+00:00","article:modified_time":"2024-03-13T06:22:35+00:00","twitter:card":"summary_large_image","twitter:title":"Philips Norelco Multigroom 5000 Trimmer Wholesale - Rucas - Wholesale and Distribution","twitter:description":"All-in-one trimmer for face, head and body styling: 18 pieces for all your trimming needs: a metal trimmer, a detail metal trimmer, a nose and ear trimmer, an extra-wide hair trimmer, 6 hair trimming guards, 3 beard trimming guards, 2 stubble trimming guards, 2 body trimming guards, a storage bag and a cleaning brush Enjoy maximum precision with DualCut technology, which includes 2x more blades. The steel blades lightly brush against one another \u2013 sharpening themselves as they work. This results in blades that are sharp as day 1 after 4 years of use Powerful lithium battery delivering 3 hours of cordless run time, or use while plugged in for continuous use To deliver maximum torque and power, the trimmer includes a full-metal motor and a drive train that's been reinforced with tempered steel Our unique cutting guards are reinforced with ultra-strong fiberglass material to prevent bending and buckling, ensuring an even trim every time","twitter:image":"https:\/\/www.rucashk.com\/wp-content\/uploads\/replace\/503b8e645f128a97ccde2b6290747646.jpeg","schema":{"@context":"https:\/\/schema.org","@graph":[{"@type":"BreadcrumbList","@id":"https:\/\/www.rucashk.com\/es\/producto\/philips-norelco-multigroom-5000-trimmer-wholesale\/#breadcrumblist","itemListElement":[{"@type":"ListItem","@id":"https:\/\/www.rucashk.com\/es\/#listItem","position":1,"name":"Home","item":"https:\/\/www.rucashk.com\/es\/","nextItem":"https:\/\/www.rucashk.com\/es\/producto\/philips-norelco-multigroom-5000-trimmer-wholesale\/#listItem"},{"@type":"ListItem","@id":"https:\/\/www.rucashk.com\/es\/producto\/philips-norelco-multigroom-5000-trimmer-wholesale\/#listItem","position":2,"name":"Philips Norelco Multigroom 5000 Trimmer Wholesale","previousItem":"https:\/\/www.rucashk.com\/es\/#listItem"}]},{"@type":"Organization","@id":"https:\/\/www.rucashk.com\/es\/#organization","name":"Rucas","url":"https:\/\/www.rucashk.com\/es\/","logo":{"@type":"ImageObject","url":"https:\/\/www.rucashk.com\/wp-content\/uploads\/2023\/12\/Rucas_campany_logo.png","@id":"https:\/\/www.rucashk.com\/es\/producto\/philips-norelco-multigroom-5000-trimmer-wholesale\/#organizationLogo","width":221,"height":65},"image":{"@id":"https:\/\/www.rucashk.com\/es\/#organizationLogo"}},{"@type":"Person","@id":"https:\/\/www.rucashk.com\/es\/author\/admin\/#author","url":"https:\/\/www.rucashk.com\/es\/author\/admin\/","name":"admin","image":{"@type":"ImageObject","@id":"https:\/\/www.rucashk.com\/es\/producto\/philips-norelco-multigroom-5000-trimmer-wholesale\/#authorImage","url":"https:\/\/secure.gravatar.com\/avatar\/b7c8925b09a27e72b30232f8ecaadbd5af0f70a38c78096863fe51b64f031c24?s=96&d=mm&r=g","width":96,"height":96,"caption":"admin"}},{"@type":"WebPage","@id":"https:\/\/www.rucashk.com\/es\/producto\/philips-norelco-multigroom-5000-trimmer-wholesale\/#webpage","url":"https:\/\/www.rucashk.com\/es\/producto\/philips-norelco-multigroom-5000-trimmer-wholesale\/","name":"Philips Norelco Multigroom 5000 Trimmer Wholesale - Rucas - Wholesale and Distribution","description":"All-in-one trimmer for face, head and body styling: 18 pieces for all your trimming needs: a metal trimmer, a detail metal trimmer, a nose and ear trimmer, an extra-wide hair trimmer, 6 hair trimming guards, 3 beard trimming guards, 2 stubble trimming guards, 2 body trimming guards, a storage bag and a cleaning brush Enjoy maximum precision with DualCut technology, which includes 2x more blades. The steel blades lightly brush against one another \u2013 sharpening themselves as they work. This results in blades that are sharp as day 1 after 4 years of use Powerful lithium battery delivering 3 hours of cordless run time, or use while plugged in for continuous use To deliver maximum torque and power, the trimmer includes a full-metal motor and a drive train that's been reinforced with tempered steel Our unique cutting guards are reinforced with ultra-strong fiberglass material to prevent bending and buckling, ensuring an even trim every time","inLanguage":"es-ES","isPartOf":{"@id":"https:\/\/www.rucashk.com\/es\/#website"},"breadcrumb":{"@id":"https:\/\/www.rucashk.com\/es\/producto\/philips-norelco-multigroom-5000-trimmer-wholesale\/#breadcrumblist"},"author":{"@id":"https:\/\/www.rucashk.com\/es\/author\/admin\/#author"},"creator":{"@id":"https:\/\/www.rucashk.com\/es\/author\/admin\/#author"},"image":{"@type":"ImageObject","url":"https:\/\/www.rucashk.com\/wp-content\/uploads\/2024\/01\/a_\u526f\u672c-3.png","@id":"https:\/\/www.rucashk.com\/es\/producto\/philips-norelco-multigroom-5000-trimmer-wholesale\/#mainImage","width":800,"height":800},"primaryImageOfPage":{"@id":"https:\/\/www.rucashk.com\/es\/producto\/philips-norelco-multigroom-5000-trimmer-wholesale\/#mainImage"},"datePublished":"2024-01-09T16:06:18+00:00","dateModified":"2024-03-13T06:22:35+00:00"},{"@type":"WebSite","@id":"https:\/\/www.rucashk.com\/es\/#website","url":"https:\/\/www.rucashk.com\/es\/","name":"Rucas - Wholesale and distribution worldwide","alternateName":"Rucas - One-stop AIoT Distribution Worldwide","description":"One-stop AIoT Distribution Worldwide","inLanguage":"es-ES","publisher":{"@id":"https:\/\/www.rucashk.com\/es\/#organization"}}]}},"aioseo_meta_data":{"post_id":"24597","title":null,"description":null,"keywords":null,"keyphrases":null,"primary_term":null,"canonical_url":null,"og_title":null,"og_description":null,"og_object_type":"default","og_image_type":"default","og_image_url":null,"og_image_width":null,"og_image_height":null,"og_image_custom_url":null,"og_image_custom_fields":null,"og_video":null,"og_custom_url":null,"og_article_section":null,"og_article_tags":null,"twitter_use_og":false,"twitter_card":"default","twitter_image_type":"default","twitter_image_url":null,"twitter_image_custom_url":null,"twitter_image_custom_fields":null,"twitter_title":null,"twitter_description":null,"schema":{"blockGraphs":[],"customGraphs":[],"default":{"data":{"Article":[],"Course":[],"Dataset":[],"FAQPage":[],"Movie":[],"Person":[],"Product":[],"Recipe":[],"Service":[],"SoftwareApplication":[],"WebPage":[]},"graphName":"","isEnabled":true},"graphs":[]},"schema_type":"default","schema_type_options":null,"pillar_content":false,"robots_default":true,"robots_noindex":false,"robots_noarchive":false,"robots_nosnippet":false,"robots_nofollow":false,"robots_noimageindex":false,"robots_noodp":false,"robots_notranslate":false,"robots_max_snippet":null,"robots_max_videopreview":null,"robots_max_imagepreview":"large","priority":null,"frequency":null,"local_seo":null,"breadcrumb_settings":null,"limit_modified_date":false,"created":"2024-04-11 01:57:12","updated":"2025-06-22 17:34:09"},"aioseo_breadcrumb":"<div class=\"aioseo-breadcrumbs\"><span class=\"aioseo-breadcrumb\">\n\t<a href=\"https:\/\/www.rucashk.com\/es\" title=\"Home\">Home<\/a>\n<\/span><span class=\"aioseo-breadcrumb-separator\">&raquo;<\/span><span class=\"aioseo-breadcrumb\">\n\t<a href=\"https:\/\/www.rucashk.com\/es\/products\/\" title=\"Productos\">Productos<\/a>\n<\/span><span class=\"aioseo-breadcrumb-separator\">&raquo;<\/span><span class=\"aioseo-breadcrumb\">\n\t<a href=\"https:\/\/www.rucashk.com\/es\/categoria-producto\/other-a-brands\/\" title=\"Other A-Brands\">Other A-Brands<\/a>\n<\/span><span class=\"aioseo-breadcrumb-separator\">&raquo;<\/span><span class=\"aioseo-breadcrumb\">\n\t<a href=\"https:\/\/www.rucashk.com\/es\/categoria-producto\/other-a-brands\/philips\/\" title=\"Philips\">Philips<\/a>\n<\/span><span class=\"aioseo-breadcrumb-separator\">&raquo;<\/span><span class=\"aioseo-breadcrumb\">\n\tPhilips Norelco Multigroom 5000 Trimmer Wholesale\n<\/span><\/div>","aioseo_breadcrumb_json":[{"label":"Home","link":"https:\/\/www.rucashk.com\/es"},{"label":"Productos","link":"https:\/\/www.rucashk.com\/es\/products\/"},{"label":"Other A-Brands","link":"https:\/\/www.rucashk.com\/es\/categoria-producto\/other-a-brands\/"},{"label":"Philips","link":"https:\/\/www.rucashk.com\/es\/categoria-producto\/other-a-brands\/philips\/"},{"label":"Philips Norelco Multigroom 5000 Trimmer Wholesale","link":"https:\/\/www.rucashk.com\/es\/producto\/philips-norelco-multigroom-5000-trimmer-wholesale\/"}],"_links":{"self":[{"href":"https:\/\/www.rucashk.com\/es\/wp-json\/wp\/v2\/product\/24597","targetHints":{"allow":["GET"]}}],"collection":[{"href":"https:\/\/www.rucashk.com\/es\/wp-json\/wp\/v2\/product"}],"about":[{"href":"https:\/\/www.rucashk.com\/es\/wp-json\/wp\/v2\/types\/product"}],"wp:featuredmedia":[{"embeddable":true,"href":"https:\/\/www.rucashk.com\/es\/wp-json\/wp\/v2\/media\/24704"}],"wp:attachment":[{"href":"https:\/\/www.rucashk.com\/es\/wp-json\/wp\/v2\/media?parent=24597"}],"wp:term":[{"taxonomy":"product_brand","embeddable":true,"href":"https:\/\/www.rucashk.com\/es\/wp-json\/wp\/v2\/product_brand?post=24597"},{"taxonomy":"product_cat","embeddable":true,"href":"https:\/\/www.rucashk.com\/es\/wp-json\/wp\/v2\/product_cat?post=24597"},{"taxonomy":"product_tag","embeddable":true,"href":"https:\/\/www.rucashk.com\/es\/wp-json\/wp\/v2\/product_tag?post=24597"}],"curies":[{"name":"wp","href":"https:\/\/api.w.org\/{rel}","templated":true}]}}