{"id":24539,"date":"2024-01-09T16:05:30","date_gmt":"2024-01-09T16:05:30","guid":{"rendered":"http:\/\/rucashk.com\/?post_type=product&#038;p=24539"},"modified":"2024-03-13T06:28:42","modified_gmt":"2024-03-13T06:28:42","slug":"oral-b-pro-1000-electric-toothbrush-wholesale","status":"publish","type":"product","link":"https:\/\/www.rucashk.com\/es\/producto\/oral-b-pro-1000-electric-toothbrush-wholesale\/","title":{"rendered":"Oral-B Pro 1000 Cepillo De Dientes El\u00e9ctrico Al Por Mayor"},"content":{"rendered":"<p><img fetchpriority=\"high\" decoding=\"async\" class=\"alignnone wp-image-21082 size-full\" src=\"\/wp-content\/uploads\/replace\/dfe1ef4ae6b2d699ab2a555fa52d803b.png\" alt=\"Oral-B\u00a0Pro 1000 Electric Toothbrush Wholesale\" width=\"1005\" height=\"402\" \/><img decoding=\"async\" class=\"alignnone wp-image-21083 size-full\" src=\"\/wp-content\/uploads\/replace\/2697e5c5520d19ccba9985705aac622a.png\" alt=\"Oral-B\u00a0Pro 1000 Electric Toothbrush Wholesale\" width=\"1004\" height=\"512\" \/><img decoding=\"async\" class=\"alignnone wp-image-21085 size-full\" src=\"\/wp-content\/uploads\/replace\/c7d81868b3051d15c09f4f9abdfe4c15.png\" alt=\"Oral-B\u00a0Pro 1000 Electric Toothbrush Wholesale\" width=\"1014\" height=\"367\" \/><img loading=\"lazy\" decoding=\"async\" class=\"alignnone wp-image-21084 size-full\" src=\"\/wp-content\/uploads\/replace\/69810d5beb7e49225411a0216078cc06.png\" alt=\"Oral-B\u00a0Pro 1000 Electric Toothbrush Wholesale\" width=\"994\" height=\"455\" \/><\/p>","protected":false},"excerpt":{"rendered":"<ul style=\"margin: 0px 0px 8px;text-align: left;color: #000000;text-transform: none;text-indent: 0px;letter-spacing: normal;padding-left: 15px;font-family: BogleWeb, 'Helvetica Neue', Helvetica, Arial, sans-serif;font-size: 14px;font-style: normal;font-weight: 400\">\n<li>Cepillo de dientes el\u00e9ctrico Oral-B 1000 Crossaction, blanco, con tecnolog\u00eda Braun, 1 recambio: elimina 300% m\u00e1s placa a lo largo de la l\u00ednea de las enc\u00edas que un cepillo de dientes manual normal<\/li>\n<li>Detecta cuando te cepillas demasiado fuerte con un sensor de presi\u00f3n<\/li>\n<li>El temporizador en el mango pulsa cada 30 segundos para informarle cu\u00e1ndo cambiar de \u00e1rea de la boca.<\/li>\n<li>Rechargeable battery toothbrush with 1 mode &#8211; Daily Clean<\/li>\n<li>Compatible con los cabezales de cepillo Oral-B para cada necesidad de cuidado bucal: CrossAction, FlossAction, Precision Clean, 3D White, Sensitive Gum Care, Deep Sweep, Dual Clean<\/li>\n<li>Oral-B es la marca de cepillos de dientes #1 recomendada por dentistas en todo el mundo<\/li>\n<li>Oral-B recomienda cepillarse los dientes con la pasta de dientes Crest para obtener resultados \u00f3ptimos<\/li>\n<\/ul>","protected":false},"featured_media":24646,"template":"","meta":[],"product_brand":[],"product_cat":[1322],"product_tag":[1099],"class_list":{"0":"post-24539","1":"product","2":"type-product","3":"status-publish","4":"has-post-thumbnail","6":"product_cat-other-a-brands","7":"product_tag-oral-b-pro-1000","9":"first","10":"instock","11":"shipping-taxable","12":"product-type-external"},"aioseo_notices":[],"aioseo_head":"\n\t\t<!-- All in One SEO Pro 4.5.9.2 - aioseo.com -->\n\t\t<meta name=\"description\" content=\"Oral-B 1000 Crossaction Electric Toothbrush, White, Powered By Braun, 1 Refill: Removes 300% more plaque along the gum line than a regular manual toothbrush Senses when you brush too hard with pressure sensor In-handle timer pulses every 30 seconds to let you know when to switch areas of the mouth Rechargeable battery toothbrush with 1 mode - Daily Clean Compatible with Oral-B brush heads for every oral care need: CrossAction, FlossAction, Precision Clean, 3D White, Sensitive Gum Care, Deep Sweep, Dual Clean Oral-B is the #1 dentist-recommended toothbrush brand worldwide Oral-B recommends brushing with Crest Toothpaste for optimal results\" \/>\n\t\t<meta name=\"robots\" content=\"max-image-preview:large\" \/>\n\t\t<link rel=\"canonical\" href=\"https:\/\/www.rucashk.com\/es\/producto\/oral-b-pro-1000-electric-toothbrush-wholesale\/\" \/>\n\t\t<meta name=\"generator\" content=\"All in One SEO Pro (AIOSEO) 4.5.9.2\" \/>\n\t\t<meta property=\"og:locale\" content=\"es_ES\" \/>\n\t\t<meta property=\"og:site_name\" content=\"Rucas - One-stop AIoT Distribution Worldwide\" \/>\n\t\t<meta property=\"og:type\" content=\"article\" \/>\n\t\t<meta property=\"og:title\" content=\"Oral-B Pro 1000 Electric Toothbrush Wholesale - Rucas - Wholesale and Distribution\" \/>\n\t\t<meta property=\"og:description\" content=\"Oral-B 1000 Crossaction Electric Toothbrush, White, Powered By Braun, 1 Refill: Removes 300% more plaque along the gum line than a regular manual toothbrush Senses when you brush too hard with pressure sensor In-handle timer pulses every 30 seconds to let you know when to switch areas of the mouth Rechargeable battery toothbrush with 1 mode - Daily Clean Compatible with Oral-B brush heads for every oral care need: CrossAction, FlossAction, Precision Clean, 3D White, Sensitive Gum Care, Deep Sweep, Dual Clean Oral-B is the #1 dentist-recommended toothbrush brand worldwide Oral-B recommends brushing with Crest Toothpaste for optimal results\" \/>\n\t\t<meta property=\"og:url\" content=\"https:\/\/www.rucashk.com\/es\/producto\/oral-b-pro-1000-electric-toothbrush-wholesale\/\" \/>\n\t\t<meta property=\"og:image\" content=\"https:\/\/www.rucashk.com\/wp-content\/uploads\/replace\/503b8e645f128a97ccde2b6290747646.jpeg\" \/>\n\t\t<meta property=\"og:image:secure_url\" content=\"https:\/\/www.rucashk.com\/wp-content\/uploads\/replace\/503b8e645f128a97ccde2b6290747646.jpeg\" \/>\n\t\t<meta property=\"og:image:width\" content=\"1456\" \/>\n\t\t<meta property=\"og:image:height\" content=\"816\" \/>\n\t\t<meta property=\"article:published_time\" content=\"2024-01-09T16:05:30+00:00\" \/>\n\t\t<meta property=\"article:modified_time\" content=\"2024-03-13T06:28:42+00:00\" \/>\n\t\t<meta name=\"twitter:card\" content=\"summary_large_image\" \/>\n\t\t<meta name=\"twitter:title\" content=\"Oral-B Pro 1000 Electric Toothbrush Wholesale - Rucas - Wholesale and Distribution\" \/>\n\t\t<meta name=\"twitter:description\" content=\"Oral-B 1000 Crossaction Electric Toothbrush, White, Powered By Braun, 1 Refill: Removes 300% more plaque along the gum line than a regular manual toothbrush Senses when you brush too hard with pressure sensor In-handle timer pulses every 30 seconds to let you know when to switch areas of the mouth Rechargeable battery toothbrush with 1 mode - Daily Clean Compatible with Oral-B brush heads for every oral care need: CrossAction, FlossAction, Precision Clean, 3D White, Sensitive Gum Care, Deep Sweep, Dual Clean Oral-B is the #1 dentist-recommended toothbrush brand worldwide Oral-B recommends brushing with Crest Toothpaste for optimal results\" \/>\n\t\t<meta name=\"twitter:image\" content=\"https:\/\/www.rucashk.com\/wp-content\/uploads\/replace\/503b8e645f128a97ccde2b6290747646.jpeg\" \/>\n\t\t<script type=\"application\/ld+json\" class=\"aioseo-schema\">\n\t\t\t{\"@context\":\"https:\\\/\\\/schema.org\",\"@graph\":[{\"@type\":\"BreadcrumbList\",\"@id\":\"https:\\\/\\\/www.rucashk.com\\\/es\\\/producto\\\/oral-b-pro-1000-electric-toothbrush-wholesale\\\/#breadcrumblist\",\"itemListElement\":[{\"@type\":\"ListItem\",\"@id\":\"https:\\\/\\\/www.rucashk.com\\\/es\\\/#listItem\",\"position\":1,\"name\":\"Home\",\"item\":\"https:\\\/\\\/www.rucashk.com\\\/es\\\/\",\"nextItem\":\"https:\\\/\\\/www.rucashk.com\\\/es\\\/producto\\\/oral-b-pro-1000-electric-toothbrush-wholesale\\\/#listItem\"},{\"@type\":\"ListItem\",\"@id\":\"https:\\\/\\\/www.rucashk.com\\\/es\\\/producto\\\/oral-b-pro-1000-electric-toothbrush-wholesale\\\/#listItem\",\"position\":2,\"name\":\"Oral-B\\u00a0Pro 1000 Electric Toothbrush Wholesale\",\"previousItem\":\"https:\\\/\\\/www.rucashk.com\\\/es\\\/#listItem\"}]},{\"@type\":\"Organization\",\"@id\":\"https:\\\/\\\/www.rucashk.com\\\/es\\\/#organization\",\"name\":\"Rucas\",\"url\":\"https:\\\/\\\/www.rucashk.com\\\/es\\\/\",\"logo\":{\"@type\":\"ImageObject\",\"url\":\"https:\\\/\\\/www.rucashk.com\\\/wp-content\\\/uploads\\\/2023\\\/12\\\/Rucas_campany_logo.png\",\"@id\":\"https:\\\/\\\/www.rucashk.com\\\/es\\\/producto\\\/oral-b-pro-1000-electric-toothbrush-wholesale\\\/#organizationLogo\",\"width\":221,\"height\":65},\"image\":{\"@id\":\"https:\\\/\\\/www.rucashk.com\\\/es\\\/#organizationLogo\"}},{\"@type\":\"Person\",\"@id\":\"https:\\\/\\\/www.rucashk.com\\\/es\\\/author\\\/admin\\\/#author\",\"url\":\"https:\\\/\\\/www.rucashk.com\\\/es\\\/author\\\/admin\\\/\",\"name\":\"admin\",\"image\":{\"@type\":\"ImageObject\",\"@id\":\"https:\\\/\\\/www.rucashk.com\\\/es\\\/producto\\\/oral-b-pro-1000-electric-toothbrush-wholesale\\\/#authorImage\",\"url\":\"https:\\\/\\\/secure.gravatar.com\\\/avatar\\\/b7c8925b09a27e72b30232f8ecaadbd5af0f70a38c78096863fe51b64f031c24?s=96&d=mm&r=g\",\"width\":96,\"height\":96,\"caption\":\"admin\"}},{\"@type\":\"WebPage\",\"@id\":\"https:\\\/\\\/www.rucashk.com\\\/es\\\/producto\\\/oral-b-pro-1000-electric-toothbrush-wholesale\\\/#webpage\",\"url\":\"https:\\\/\\\/www.rucashk.com\\\/es\\\/producto\\\/oral-b-pro-1000-electric-toothbrush-wholesale\\\/\",\"name\":\"Oral-B Pro 1000 Electric Toothbrush Wholesale - Rucas - Wholesale and Distribution\",\"description\":\"Oral-B 1000 Crossaction Electric Toothbrush, White, Powered By Braun, 1 Refill: Removes 300% more plaque along the gum line than a regular manual toothbrush Senses when you brush too hard with pressure sensor In-handle timer pulses every 30 seconds to let you know when to switch areas of the mouth Rechargeable battery toothbrush with 1 mode - Daily Clean Compatible with Oral-B brush heads for every oral care need: CrossAction, FlossAction, Precision Clean, 3D White, Sensitive Gum Care, Deep Sweep, Dual Clean Oral-B is the #1 dentist-recommended toothbrush brand worldwide Oral-B recommends brushing with Crest Toothpaste for optimal results\",\"inLanguage\":\"es-ES\",\"isPartOf\":{\"@id\":\"https:\\\/\\\/www.rucashk.com\\\/es\\\/#website\"},\"breadcrumb\":{\"@id\":\"https:\\\/\\\/www.rucashk.com\\\/es\\\/producto\\\/oral-b-pro-1000-electric-toothbrush-wholesale\\\/#breadcrumblist\"},\"author\":{\"@id\":\"https:\\\/\\\/www.rucashk.com\\\/es\\\/author\\\/admin\\\/#author\"},\"creator\":{\"@id\":\"https:\\\/\\\/www.rucashk.com\\\/es\\\/author\\\/admin\\\/#author\"},\"image\":{\"@type\":\"ImageObject\",\"url\":\"https:\\\/\\\/www.rucashk.com\\\/wp-content\\\/uploads\\\/2024\\\/01\\\/1_\\u526f\\u672c-26.png\",\"@id\":\"https:\\\/\\\/www.rucashk.com\\\/es\\\/producto\\\/oral-b-pro-1000-electric-toothbrush-wholesale\\\/#mainImage\",\"width\":800,\"height\":800},\"primaryImageOfPage\":{\"@id\":\"https:\\\/\\\/www.rucashk.com\\\/es\\\/producto\\\/oral-b-pro-1000-electric-toothbrush-wholesale\\\/#mainImage\"},\"datePublished\":\"2024-01-09T16:05:30+00:00\",\"dateModified\":\"2024-03-13T06:28:42+00:00\"},{\"@type\":\"WebSite\",\"@id\":\"https:\\\/\\\/www.rucashk.com\\\/es\\\/#website\",\"url\":\"https:\\\/\\\/www.rucashk.com\\\/es\\\/\",\"name\":\"Rucas - Wholesale and distribution worldwide\",\"alternateName\":\"Rucas - One-stop AIoT Distribution Worldwide\",\"description\":\"One-stop AIoT Distribution Worldwide\",\"inLanguage\":\"es-ES\",\"publisher\":{\"@id\":\"https:\\\/\\\/www.rucashk.com\\\/es\\\/#organization\"}}]}\n\t\t<\/script>\n\t\t<!-- All in One SEO Pro -->\r\n\t\t<title>Oral-B Pro 1000 Electric Toothbrush Wholesale - Rucas - Wholesale and Distribution<\/title>\n\n","aioseo_head_json":{"title":"Oral-B Pro 1000 Electric Toothbrush Wholesale - Rucas - Wholesale and Distribution","description":"Oral-B 1000 Crossaction Electric Toothbrush, White, Powered By Braun, 1 Refill: Removes 300% more plaque along the gum line than a regular manual toothbrush Senses when you brush too hard with pressure sensor In-handle timer pulses every 30 seconds to let you know when to switch areas of the mouth Rechargeable battery toothbrush with 1 mode - Daily Clean Compatible with Oral-B brush heads for every oral care need: CrossAction, FlossAction, Precision Clean, 3D White, Sensitive Gum Care, Deep Sweep, Dual Clean Oral-B is the #1 dentist-recommended toothbrush brand worldwide Oral-B recommends brushing with Crest Toothpaste for optimal results","canonical_url":"https:\/\/www.rucashk.com\/es\/producto\/oral-b-pro-1000-electric-toothbrush-wholesale\/","robots":"max-image-preview:large","keywords":"","webmasterTools":{"miscellaneous":""},"og:locale":"es_ES","og:site_name":"Rucas - One-stop AIoT Distribution Worldwide","og:type":"article","og:title":"Oral-B Pro 1000 Electric Toothbrush Wholesale - Rucas - Wholesale and Distribution","og:description":"Oral-B 1000 Crossaction Electric Toothbrush, White, Powered By Braun, 1 Refill: Removes 300% more plaque along the gum line than a regular manual toothbrush Senses when you brush too hard with pressure sensor In-handle timer pulses every 30 seconds to let you know when to switch areas of the mouth Rechargeable battery toothbrush with 1 mode - Daily Clean Compatible with Oral-B brush heads for every oral care need: CrossAction, FlossAction, Precision Clean, 3D White, Sensitive Gum Care, Deep Sweep, Dual Clean Oral-B is the #1 dentist-recommended toothbrush brand worldwide Oral-B recommends brushing with Crest Toothpaste for optimal results","og:url":"https:\/\/www.rucashk.com\/es\/producto\/oral-b-pro-1000-electric-toothbrush-wholesale\/","og:image":"https:\/\/www.rucashk.com\/wp-content\/uploads\/replace\/503b8e645f128a97ccde2b6290747646.jpeg","og:image:secure_url":"https:\/\/www.rucashk.com\/wp-content\/uploads\/replace\/503b8e645f128a97ccde2b6290747646.jpeg","og:image:width":1456,"og:image:height":816,"article:published_time":"2024-01-09T16:05:30+00:00","article:modified_time":"2024-03-13T06:28:42+00:00","twitter:card":"summary_large_image","twitter:title":"Oral-B Pro 1000 Electric Toothbrush Wholesale - Rucas - Wholesale and Distribution","twitter:description":"Oral-B 1000 Crossaction Electric Toothbrush, White, Powered By Braun, 1 Refill: Removes 300% more plaque along the gum line than a regular manual toothbrush Senses when you brush too hard with pressure sensor In-handle timer pulses every 30 seconds to let you know when to switch areas of the mouth Rechargeable battery toothbrush with 1 mode - Daily Clean Compatible with Oral-B brush heads for every oral care need: CrossAction, FlossAction, Precision Clean, 3D White, Sensitive Gum Care, Deep Sweep, Dual Clean Oral-B is the #1 dentist-recommended toothbrush brand worldwide Oral-B recommends brushing with Crest Toothpaste for optimal results","twitter:image":"https:\/\/www.rucashk.com\/wp-content\/uploads\/replace\/503b8e645f128a97ccde2b6290747646.jpeg","schema":{"@context":"https:\/\/schema.org","@graph":[{"@type":"BreadcrumbList","@id":"https:\/\/www.rucashk.com\/es\/producto\/oral-b-pro-1000-electric-toothbrush-wholesale\/#breadcrumblist","itemListElement":[{"@type":"ListItem","@id":"https:\/\/www.rucashk.com\/es\/#listItem","position":1,"name":"Home","item":"https:\/\/www.rucashk.com\/es\/","nextItem":"https:\/\/www.rucashk.com\/es\/producto\/oral-b-pro-1000-electric-toothbrush-wholesale\/#listItem"},{"@type":"ListItem","@id":"https:\/\/www.rucashk.com\/es\/producto\/oral-b-pro-1000-electric-toothbrush-wholesale\/#listItem","position":2,"name":"Oral-B\u00a0Pro 1000 Electric Toothbrush Wholesale","previousItem":"https:\/\/www.rucashk.com\/es\/#listItem"}]},{"@type":"Organization","@id":"https:\/\/www.rucashk.com\/es\/#organization","name":"Rucas","url":"https:\/\/www.rucashk.com\/es\/","logo":{"@type":"ImageObject","url":"https:\/\/www.rucashk.com\/wp-content\/uploads\/2023\/12\/Rucas_campany_logo.png","@id":"https:\/\/www.rucashk.com\/es\/producto\/oral-b-pro-1000-electric-toothbrush-wholesale\/#organizationLogo","width":221,"height":65},"image":{"@id":"https:\/\/www.rucashk.com\/es\/#organizationLogo"}},{"@type":"Person","@id":"https:\/\/www.rucashk.com\/es\/author\/admin\/#author","url":"https:\/\/www.rucashk.com\/es\/author\/admin\/","name":"admin","image":{"@type":"ImageObject","@id":"https:\/\/www.rucashk.com\/es\/producto\/oral-b-pro-1000-electric-toothbrush-wholesale\/#authorImage","url":"https:\/\/secure.gravatar.com\/avatar\/b7c8925b09a27e72b30232f8ecaadbd5af0f70a38c78096863fe51b64f031c24?s=96&d=mm&r=g","width":96,"height":96,"caption":"admin"}},{"@type":"WebPage","@id":"https:\/\/www.rucashk.com\/es\/producto\/oral-b-pro-1000-electric-toothbrush-wholesale\/#webpage","url":"https:\/\/www.rucashk.com\/es\/producto\/oral-b-pro-1000-electric-toothbrush-wholesale\/","name":"Oral-B Pro 1000 Electric Toothbrush Wholesale - Rucas - Wholesale and Distribution","description":"Oral-B 1000 Crossaction Electric Toothbrush, White, Powered By Braun, 1 Refill: Removes 300% more plaque along the gum line than a regular manual toothbrush Senses when you brush too hard with pressure sensor In-handle timer pulses every 30 seconds to let you know when to switch areas of the mouth Rechargeable battery toothbrush with 1 mode - Daily Clean Compatible with Oral-B brush heads for every oral care need: CrossAction, FlossAction, Precision Clean, 3D White, Sensitive Gum Care, Deep Sweep, Dual Clean Oral-B is the #1 dentist-recommended toothbrush brand worldwide Oral-B recommends brushing with Crest Toothpaste for optimal results","inLanguage":"es-ES","isPartOf":{"@id":"https:\/\/www.rucashk.com\/es\/#website"},"breadcrumb":{"@id":"https:\/\/www.rucashk.com\/es\/producto\/oral-b-pro-1000-electric-toothbrush-wholesale\/#breadcrumblist"},"author":{"@id":"https:\/\/www.rucashk.com\/es\/author\/admin\/#author"},"creator":{"@id":"https:\/\/www.rucashk.com\/es\/author\/admin\/#author"},"image":{"@type":"ImageObject","url":"https:\/\/www.rucashk.com\/wp-content\/uploads\/2024\/01\/1_\u526f\u672c-26.png","@id":"https:\/\/www.rucashk.com\/es\/producto\/oral-b-pro-1000-electric-toothbrush-wholesale\/#mainImage","width":800,"height":800},"primaryImageOfPage":{"@id":"https:\/\/www.rucashk.com\/es\/producto\/oral-b-pro-1000-electric-toothbrush-wholesale\/#mainImage"},"datePublished":"2024-01-09T16:05:30+00:00","dateModified":"2024-03-13T06:28:42+00:00"},{"@type":"WebSite","@id":"https:\/\/www.rucashk.com\/es\/#website","url":"https:\/\/www.rucashk.com\/es\/","name":"Rucas - Wholesale and distribution worldwide","alternateName":"Rucas - One-stop AIoT Distribution Worldwide","description":"One-stop AIoT Distribution Worldwide","inLanguage":"es-ES","publisher":{"@id":"https:\/\/www.rucashk.com\/es\/#organization"}}]}},"aioseo_meta_data":{"post_id":"24539","title":null,"description":null,"keywords":null,"keyphrases":null,"primary_term":null,"canonical_url":null,"og_title":null,"og_description":null,"og_object_type":"default","og_image_type":"default","og_image_url":null,"og_image_width":null,"og_image_height":null,"og_image_custom_url":null,"og_image_custom_fields":null,"og_video":null,"og_custom_url":null,"og_article_section":null,"og_article_tags":null,"twitter_use_og":false,"twitter_card":"default","twitter_image_type":"default","twitter_image_url":null,"twitter_image_custom_url":null,"twitter_image_custom_fields":null,"twitter_title":null,"twitter_description":null,"schema":{"blockGraphs":[],"customGraphs":[],"default":{"data":{"Article":[],"Course":[],"Dataset":[],"FAQPage":[],"Movie":[],"Person":[],"Product":[],"Recipe":[],"Service":[],"SoftwareApplication":[],"WebPage":[]},"graphName":"","isEnabled":true},"graphs":[]},"schema_type":"default","schema_type_options":null,"pillar_content":false,"robots_default":true,"robots_noindex":false,"robots_noarchive":false,"robots_nosnippet":false,"robots_nofollow":false,"robots_noimageindex":false,"robots_noodp":false,"robots_notranslate":false,"robots_max_snippet":null,"robots_max_videopreview":null,"robots_max_imagepreview":"large","priority":null,"frequency":null,"local_seo":null,"breadcrumb_settings":null,"limit_modified_date":false,"created":"2024-04-11 01:57:12","updated":"2025-06-22 17:32:59"},"aioseo_breadcrumb":"<div class=\"aioseo-breadcrumbs\"><span class=\"aioseo-breadcrumb\">\n\t<a href=\"https:\/\/www.rucashk.com\/es\" title=\"Home\">Home<\/a>\n<\/span><span class=\"aioseo-breadcrumb-separator\">&raquo;<\/span><span class=\"aioseo-breadcrumb\">\n\t<a href=\"https:\/\/www.rucashk.com\/es\/products\/\" title=\"Productos\">Productos<\/a>\n<\/span><span class=\"aioseo-breadcrumb-separator\">&raquo;<\/span><span class=\"aioseo-breadcrumb\">\n\t<a href=\"https:\/\/www.rucashk.com\/es\/categoria-producto\/other-a-brands\/\" title=\"Other A-Brands\">Other A-Brands<\/a>\n<\/span><span class=\"aioseo-breadcrumb-separator\">&raquo;<\/span><span class=\"aioseo-breadcrumb\">\n\tOral-B\u00a0Pro 1000 Electric Toothbrush Wholesale\n<\/span><\/div>","aioseo_breadcrumb_json":[{"label":"Home","link":"https:\/\/www.rucashk.com\/es"},{"label":"Productos","link":"https:\/\/www.rucashk.com\/es\/products\/"},{"label":"Other A-Brands","link":"https:\/\/www.rucashk.com\/es\/categoria-producto\/other-a-brands\/"},{"label":"Oral-B\u00a0Pro 1000 Electric Toothbrush Wholesale","link":"https:\/\/www.rucashk.com\/es\/producto\/oral-b-pro-1000-electric-toothbrush-wholesale\/"}],"_links":{"self":[{"href":"https:\/\/www.rucashk.com\/es\/wp-json\/wp\/v2\/product\/24539","targetHints":{"allow":["GET"]}}],"collection":[{"href":"https:\/\/www.rucashk.com\/es\/wp-json\/wp\/v2\/product"}],"about":[{"href":"https:\/\/www.rucashk.com\/es\/wp-json\/wp\/v2\/types\/product"}],"wp:featuredmedia":[{"embeddable":true,"href":"https:\/\/www.rucashk.com\/es\/wp-json\/wp\/v2\/media\/24646"}],"wp:attachment":[{"href":"https:\/\/www.rucashk.com\/es\/wp-json\/wp\/v2\/media?parent=24539"}],"wp:term":[{"taxonomy":"product_brand","embeddable":true,"href":"https:\/\/www.rucashk.com\/es\/wp-json\/wp\/v2\/product_brand?post=24539"},{"taxonomy":"product_cat","embeddable":true,"href":"https:\/\/www.rucashk.com\/es\/wp-json\/wp\/v2\/product_cat?post=24539"},{"taxonomy":"product_tag","embeddable":true,"href":"https:\/\/www.rucashk.com\/es\/wp-json\/wp\/v2\/product_tag?post=24539"}],"curies":[{"name":"wp","href":"https:\/\/api.w.org\/{rel}","templated":true}]}}