{"id":24500,"date":"2024-01-09T16:05:07","date_gmt":"2024-01-09T16:05:07","guid":{"rendered":"http:\/\/rucashk.com\/?post_type=product&#038;p=24500"},"modified":"2024-03-13T06:13:19","modified_gmt":"2024-03-13T06:13:19","slug":"oral-b-clic-electric-toothbrush-wholesale","status":"publish","type":"product","link":"https:\/\/www.rucashk.com\/es\/producto\/oral-b-clic-electric-toothbrush-wholesale\/","title":{"rendered":"Cepillo De Dientes El\u00e9ctrico Oral-B Clic Al Por Mayor"},"content":{"rendered":"<p><img fetchpriority=\"high\" decoding=\"async\" class=\"aligncenter wp-image-21040 size-full\" src=\"\/wp-content\/uploads\/replace\/1ab7c03a598a43d7b55d440f07e94c00.png\" alt=\"Oral-B\u00a0Clic Electric Toothbrush\" width=\"1239\" height=\"760\" \/><img decoding=\"async\" class=\"aligncenter wp-image-21041\" src=\"\/wp-content\/uploads\/replace\/f43b514c3844ea76f0eff6b855376745.png\" alt=\"Oral-B\u00a0Clic Electric Toothbrush\" width=\"1239\" height=\"705\" \/><img decoding=\"async\" class=\"aligncenter wp-image-21042\" src=\"\/wp-content\/uploads\/replace\/0efb3aff593b7103169f8719d8df0cae.png\" alt=\"Oral-B\u00a0Clic Electric Toothbrush\" width=\"1239\" height=\"414\" \/><img loading=\"lazy\" decoding=\"async\" class=\"aligncenter wp-image-21043\" src=\"\/wp-content\/uploads\/replace\/3f6377e1de31e2b6c55c78dca4d5ad5c.png\" alt=\"Oral-B\u00a0Clic Electric Toothbrush\" width=\"1239\" height=\"421\" \/><img loading=\"lazy\" decoding=\"async\" class=\"aligncenter wp-image-21044\" src=\"\/wp-content\/uploads\/replace\/f9a3341d4191c6844470c04db2966308.png\" alt=\"Oral-B\u00a0Clic Electric Toothbrush\" width=\"1239\" height=\"564\" \/><\/p>","protected":false},"excerpt":{"rendered":"<p>El nuevo cepillo de dientes manual Oral-B Clic combina un dise\u00f1o ic\u00f3nico y distintivo con nuestro rendimiento de limpieza de \u00faltima generaci\u00f3n. Todos los cabezales de cepillo est\u00e1n dise\u00f1ados con dentistas y cuentan con m\u00faltiples tecnolog\u00edas patentadas, lo que le brinda un rendimiento de limpieza notable y una experiencia de cepillado verdaderamente c\u00f3moda. El cabezal de cepillo reemplazable utiliza hasta 60% menos de pl\u00e1stico que el cepillo manual normal; el dentista lo recomienda cada 3 meses.<\/p>\n<p><strong>Mango premium de larga duraci\u00f3n<\/strong><\/p>\n<p><strong>CrissCross de pr\u00f3xima generaci\u00f3n<\/strong><br \/>\nLas cerdas en \u00e1ngulo proporcionan un alcance excepcional entre los dientes.<\/p>\n<p><strong>Tecnolog\u00eda de filamento X<\/strong><br \/>\nLos filamentos avanzados de Oral-B para la eliminaci\u00f3n de la placa<\/p>\n<p><strong>Cerdas perfectamente anguladas<\/strong><br \/>\nProporciona un alcance y una cobertura de limpieza excepcionales por pasada<\/p>\n<p><strong>Portaescobillas magn\u00e9tico<\/strong><br \/>\nUna soluci\u00f3n elegante, moderna e higi\u00e9nica que muestra tu cepillo de dientes manual. El portaescobillas magn\u00e9tico se adhiere a cualquier superficie.<\/p>","protected":false},"featured_media":24633,"template":"","meta":[],"product_brand":[],"product_cat":[1322],"product_tag":[1096],"class_list":{"0":"post-24500","1":"product","2":"type-product","3":"status-publish","4":"has-post-thumbnail","6":"product_cat-other-a-brands","7":"product_tag-oral-b-clic-electric-toothbrush","9":"first","10":"instock","11":"shipping-taxable","12":"product-type-external"},"aioseo_notices":[],"aioseo_head":"\n\t\t<!-- All in One SEO Pro 4.5.9.2 - aioseo.com -->\n\t\t<meta name=\"description\" content=\"The New Oral-B Clic manual toothbrush combines distinctive iconic design with our next-gen cleaning performance. All brush heads are designed with Dentists and feature multiple patented technologies, giving you a remarkable cleaning performance and a truly comfortable brushing experience. Replaceable brush head uses up to 60% less plastic vs regular manual brush with dentist recommended every 3-month usage Long lasting premium handle Next-Gen CrissCross Angled bristles provide exceptional reach between teeth X-Filament Technology Oral-B\u2019s advanced filaments for plaque removal Perfectly Angled Bristles Providing outstanding reach and cleaning coverage per stroke Magnetic Brush Holder A sleek, modern and hygienic solution that displays your manual toothbrush. The magnetic brush holder will stick to any surface.\" \/>\n\t\t<meta name=\"robots\" content=\"max-image-preview:large\" \/>\n\t\t<link rel=\"canonical\" href=\"https:\/\/www.rucashk.com\/es\/producto\/oral-b-clic-electric-toothbrush-wholesale\/\" \/>\n\t\t<meta name=\"generator\" content=\"All in One SEO Pro (AIOSEO) 4.5.9.2\" \/>\n\t\t<meta property=\"og:locale\" content=\"es_ES\" \/>\n\t\t<meta property=\"og:site_name\" content=\"Rucas - One-stop AIoT Distribution Worldwide\" \/>\n\t\t<meta property=\"og:type\" content=\"article\" \/>\n\t\t<meta property=\"og:title\" content=\"Oral-B Clic Electric Toothbrush Wholesale - Rucas - Wholesale and Distribution\" \/>\n\t\t<meta property=\"og:description\" content=\"The New Oral-B Clic manual toothbrush combines distinctive iconic design with our next-gen cleaning performance. All brush heads are designed with Dentists and feature multiple patented technologies, giving you a remarkable cleaning performance and a truly comfortable brushing experience. Replaceable brush head uses up to 60% less plastic vs regular manual brush with dentist recommended every 3-month usage Long lasting premium handle Next-Gen CrissCross Angled bristles provide exceptional reach between teeth X-Filament Technology Oral-B\u2019s advanced filaments for plaque removal Perfectly Angled Bristles Providing outstanding reach and cleaning coverage per stroke Magnetic Brush Holder A sleek, modern and hygienic solution that displays your manual toothbrush. The magnetic brush holder will stick to any surface.\" \/>\n\t\t<meta property=\"og:url\" content=\"https:\/\/www.rucashk.com\/es\/producto\/oral-b-clic-electric-toothbrush-wholesale\/\" \/>\n\t\t<meta property=\"og:image\" content=\"https:\/\/www.rucashk.com\/wp-content\/uploads\/replace\/503b8e645f128a97ccde2b6290747646.jpeg\" \/>\n\t\t<meta property=\"og:image:secure_url\" content=\"https:\/\/www.rucashk.com\/wp-content\/uploads\/replace\/503b8e645f128a97ccde2b6290747646.jpeg\" \/>\n\t\t<meta property=\"og:image:width\" content=\"1456\" \/>\n\t\t<meta property=\"og:image:height\" content=\"816\" \/>\n\t\t<meta property=\"article:published_time\" content=\"2024-01-09T16:05:07+00:00\" \/>\n\t\t<meta property=\"article:modified_time\" content=\"2024-03-13T06:13:19+00:00\" \/>\n\t\t<meta name=\"twitter:card\" content=\"summary_large_image\" \/>\n\t\t<meta name=\"twitter:title\" content=\"Oral-B Clic Electric Toothbrush Wholesale - Rucas - Wholesale and Distribution\" \/>\n\t\t<meta name=\"twitter:description\" content=\"The New Oral-B Clic manual toothbrush combines distinctive iconic design with our next-gen cleaning performance. All brush heads are designed with Dentists and feature multiple patented technologies, giving you a remarkable cleaning performance and a truly comfortable brushing experience. Replaceable brush head uses up to 60% less plastic vs regular manual brush with dentist recommended every 3-month usage Long lasting premium handle Next-Gen CrissCross Angled bristles provide exceptional reach between teeth X-Filament Technology Oral-B\u2019s advanced filaments for plaque removal Perfectly Angled Bristles Providing outstanding reach and cleaning coverage per stroke Magnetic Brush Holder A sleek, modern and hygienic solution that displays your manual toothbrush. The magnetic brush holder will stick to any surface.\" \/>\n\t\t<meta name=\"twitter:image\" content=\"https:\/\/www.rucashk.com\/wp-content\/uploads\/replace\/503b8e645f128a97ccde2b6290747646.jpeg\" \/>\n\t\t<script type=\"application\/ld+json\" class=\"aioseo-schema\">\n\t\t\t{\"@context\":\"https:\\\/\\\/schema.org\",\"@graph\":[{\"@type\":\"BreadcrumbList\",\"@id\":\"https:\\\/\\\/www.rucashk.com\\\/es\\\/producto\\\/oral-b-clic-electric-toothbrush-wholesale\\\/#breadcrumblist\",\"itemListElement\":[{\"@type\":\"ListItem\",\"@id\":\"https:\\\/\\\/www.rucashk.com\\\/es\\\/#listItem\",\"position\":1,\"name\":\"Home\",\"item\":\"https:\\\/\\\/www.rucashk.com\\\/es\\\/\",\"nextItem\":\"https:\\\/\\\/www.rucashk.com\\\/es\\\/producto\\\/oral-b-clic-electric-toothbrush-wholesale\\\/#listItem\"},{\"@type\":\"ListItem\",\"@id\":\"https:\\\/\\\/www.rucashk.com\\\/es\\\/producto\\\/oral-b-clic-electric-toothbrush-wholesale\\\/#listItem\",\"position\":2,\"name\":\"Oral-B\\u00a0Clic Electric Toothbrush Wholesale\",\"previousItem\":\"https:\\\/\\\/www.rucashk.com\\\/es\\\/#listItem\"}]},{\"@type\":\"Organization\",\"@id\":\"https:\\\/\\\/www.rucashk.com\\\/es\\\/#organization\",\"name\":\"Rucas\",\"url\":\"https:\\\/\\\/www.rucashk.com\\\/es\\\/\",\"logo\":{\"@type\":\"ImageObject\",\"url\":\"https:\\\/\\\/www.rucashk.com\\\/wp-content\\\/uploads\\\/2023\\\/12\\\/Rucas_campany_logo.png\",\"@id\":\"https:\\\/\\\/www.rucashk.com\\\/es\\\/producto\\\/oral-b-clic-electric-toothbrush-wholesale\\\/#organizationLogo\",\"width\":221,\"height\":65},\"image\":{\"@id\":\"https:\\\/\\\/www.rucashk.com\\\/es\\\/#organizationLogo\"}},{\"@type\":\"Person\",\"@id\":\"https:\\\/\\\/www.rucashk.com\\\/es\\\/author\\\/admin\\\/#author\",\"url\":\"https:\\\/\\\/www.rucashk.com\\\/es\\\/author\\\/admin\\\/\",\"name\":\"admin\",\"image\":{\"@type\":\"ImageObject\",\"@id\":\"https:\\\/\\\/www.rucashk.com\\\/es\\\/producto\\\/oral-b-clic-electric-toothbrush-wholesale\\\/#authorImage\",\"url\":\"https:\\\/\\\/secure.gravatar.com\\\/avatar\\\/b7c8925b09a27e72b30232f8ecaadbd5af0f70a38c78096863fe51b64f031c24?s=96&d=mm&r=g\",\"width\":96,\"height\":96,\"caption\":\"admin\"}},{\"@type\":\"WebPage\",\"@id\":\"https:\\\/\\\/www.rucashk.com\\\/es\\\/producto\\\/oral-b-clic-electric-toothbrush-wholesale\\\/#webpage\",\"url\":\"https:\\\/\\\/www.rucashk.com\\\/es\\\/producto\\\/oral-b-clic-electric-toothbrush-wholesale\\\/\",\"name\":\"Oral-B Clic Electric Toothbrush Wholesale - Rucas - Wholesale and Distribution\",\"description\":\"The New Oral-B Clic manual toothbrush combines distinctive iconic design with our next-gen cleaning performance. All brush heads are designed with Dentists and feature multiple patented technologies, giving you a remarkable cleaning performance and a truly comfortable brushing experience. Replaceable brush head uses up to 60% less plastic vs regular manual brush with dentist recommended every 3-month usage Long lasting premium handle Next-Gen CrissCross Angled bristles provide exceptional reach between teeth X-Filament Technology Oral-B\\u2019s advanced filaments for plaque removal Perfectly Angled Bristles Providing outstanding reach and cleaning coverage per stroke Magnetic Brush Holder A sleek, modern and hygienic solution that displays your manual toothbrush. The magnetic brush holder will stick to any surface.\",\"inLanguage\":\"es-ES\",\"isPartOf\":{\"@id\":\"https:\\\/\\\/www.rucashk.com\\\/es\\\/#website\"},\"breadcrumb\":{\"@id\":\"https:\\\/\\\/www.rucashk.com\\\/es\\\/producto\\\/oral-b-clic-electric-toothbrush-wholesale\\\/#breadcrumblist\"},\"author\":{\"@id\":\"https:\\\/\\\/www.rucashk.com\\\/es\\\/author\\\/admin\\\/#author\"},\"creator\":{\"@id\":\"https:\\\/\\\/www.rucashk.com\\\/es\\\/author\\\/admin\\\/#author\"},\"image\":{\"@type\":\"ImageObject\",\"url\":\"https:\\\/\\\/www.rucashk.com\\\/wp-content\\\/uploads\\\/2024\\\/01\\\/1_\\u526f\\u672c-25.png\",\"@id\":\"https:\\\/\\\/www.rucashk.com\\\/es\\\/producto\\\/oral-b-clic-electric-toothbrush-wholesale\\\/#mainImage\",\"width\":800,\"height\":800},\"primaryImageOfPage\":{\"@id\":\"https:\\\/\\\/www.rucashk.com\\\/es\\\/producto\\\/oral-b-clic-electric-toothbrush-wholesale\\\/#mainImage\"},\"datePublished\":\"2024-01-09T16:05:07+00:00\",\"dateModified\":\"2024-03-13T06:13:19+00:00\"},{\"@type\":\"WebSite\",\"@id\":\"https:\\\/\\\/www.rucashk.com\\\/es\\\/#website\",\"url\":\"https:\\\/\\\/www.rucashk.com\\\/es\\\/\",\"name\":\"Rucas - Wholesale and distribution worldwide\",\"alternateName\":\"Rucas - One-stop AIoT Distribution Worldwide\",\"description\":\"One-stop AIoT Distribution Worldwide\",\"inLanguage\":\"es-ES\",\"publisher\":{\"@id\":\"https:\\\/\\\/www.rucashk.com\\\/es\\\/#organization\"}}]}\n\t\t<\/script>\n\t\t<!-- All in One SEO Pro -->\r\n\t\t<title>Oral-B Clic Electric Toothbrush Wholesale - Rucas - Wholesale and Distribution<\/title>\n\n","aioseo_head_json":{"title":"Oral-B Clic Electric Toothbrush Wholesale - Rucas - Wholesale and Distribution","description":"The New Oral-B Clic manual toothbrush combines distinctive iconic design with our next-gen cleaning performance. All brush heads are designed with Dentists and feature multiple patented technologies, giving you a remarkable cleaning performance and a truly comfortable brushing experience. Replaceable brush head uses up to 60% less plastic vs regular manual brush with dentist recommended every 3-month usage Long lasting premium handle Next-Gen CrissCross Angled bristles provide exceptional reach between teeth X-Filament Technology Oral-B\u2019s advanced filaments for plaque removal Perfectly Angled Bristles Providing outstanding reach and cleaning coverage per stroke Magnetic Brush Holder A sleek, modern and hygienic solution that displays your manual toothbrush. The magnetic brush holder will stick to any surface.","canonical_url":"https:\/\/www.rucashk.com\/es\/producto\/oral-b-clic-electric-toothbrush-wholesale\/","robots":"max-image-preview:large","keywords":"","webmasterTools":{"miscellaneous":""},"og:locale":"es_ES","og:site_name":"Rucas - One-stop AIoT Distribution Worldwide","og:type":"article","og:title":"Oral-B Clic Electric Toothbrush Wholesale - Rucas - Wholesale and Distribution","og:description":"The New Oral-B Clic manual toothbrush combines distinctive iconic design with our next-gen cleaning performance. All brush heads are designed with Dentists and feature multiple patented technologies, giving you a remarkable cleaning performance and a truly comfortable brushing experience. Replaceable brush head uses up to 60% less plastic vs regular manual brush with dentist recommended every 3-month usage Long lasting premium handle Next-Gen CrissCross Angled bristles provide exceptional reach between teeth X-Filament Technology Oral-B\u2019s advanced filaments for plaque removal Perfectly Angled Bristles Providing outstanding reach and cleaning coverage per stroke Magnetic Brush Holder A sleek, modern and hygienic solution that displays your manual toothbrush. The magnetic brush holder will stick to any surface.","og:url":"https:\/\/www.rucashk.com\/es\/producto\/oral-b-clic-electric-toothbrush-wholesale\/","og:image":"https:\/\/www.rucashk.com\/wp-content\/uploads\/replace\/503b8e645f128a97ccde2b6290747646.jpeg","og:image:secure_url":"https:\/\/www.rucashk.com\/wp-content\/uploads\/replace\/503b8e645f128a97ccde2b6290747646.jpeg","og:image:width":1456,"og:image:height":816,"article:published_time":"2024-01-09T16:05:07+00:00","article:modified_time":"2024-03-13T06:13:19+00:00","twitter:card":"summary_large_image","twitter:title":"Oral-B Clic Electric Toothbrush Wholesale - Rucas - Wholesale and Distribution","twitter:description":"The New Oral-B Clic manual toothbrush combines distinctive iconic design with our next-gen cleaning performance. All brush heads are designed with Dentists and feature multiple patented technologies, giving you a remarkable cleaning performance and a truly comfortable brushing experience. Replaceable brush head uses up to 60% less plastic vs regular manual brush with dentist recommended every 3-month usage Long lasting premium handle Next-Gen CrissCross Angled bristles provide exceptional reach between teeth X-Filament Technology Oral-B\u2019s advanced filaments for plaque removal Perfectly Angled Bristles Providing outstanding reach and cleaning coverage per stroke Magnetic Brush Holder A sleek, modern and hygienic solution that displays your manual toothbrush. The magnetic brush holder will stick to any surface.","twitter:image":"https:\/\/www.rucashk.com\/wp-content\/uploads\/replace\/503b8e645f128a97ccde2b6290747646.jpeg","schema":{"@context":"https:\/\/schema.org","@graph":[{"@type":"BreadcrumbList","@id":"https:\/\/www.rucashk.com\/es\/producto\/oral-b-clic-electric-toothbrush-wholesale\/#breadcrumblist","itemListElement":[{"@type":"ListItem","@id":"https:\/\/www.rucashk.com\/es\/#listItem","position":1,"name":"Home","item":"https:\/\/www.rucashk.com\/es\/","nextItem":"https:\/\/www.rucashk.com\/es\/producto\/oral-b-clic-electric-toothbrush-wholesale\/#listItem"},{"@type":"ListItem","@id":"https:\/\/www.rucashk.com\/es\/producto\/oral-b-clic-electric-toothbrush-wholesale\/#listItem","position":2,"name":"Oral-B\u00a0Clic Electric Toothbrush Wholesale","previousItem":"https:\/\/www.rucashk.com\/es\/#listItem"}]},{"@type":"Organization","@id":"https:\/\/www.rucashk.com\/es\/#organization","name":"Rucas","url":"https:\/\/www.rucashk.com\/es\/","logo":{"@type":"ImageObject","url":"https:\/\/www.rucashk.com\/wp-content\/uploads\/2023\/12\/Rucas_campany_logo.png","@id":"https:\/\/www.rucashk.com\/es\/producto\/oral-b-clic-electric-toothbrush-wholesale\/#organizationLogo","width":221,"height":65},"image":{"@id":"https:\/\/www.rucashk.com\/es\/#organizationLogo"}},{"@type":"Person","@id":"https:\/\/www.rucashk.com\/es\/author\/admin\/#author","url":"https:\/\/www.rucashk.com\/es\/author\/admin\/","name":"admin","image":{"@type":"ImageObject","@id":"https:\/\/www.rucashk.com\/es\/producto\/oral-b-clic-electric-toothbrush-wholesale\/#authorImage","url":"https:\/\/secure.gravatar.com\/avatar\/b7c8925b09a27e72b30232f8ecaadbd5af0f70a38c78096863fe51b64f031c24?s=96&d=mm&r=g","width":96,"height":96,"caption":"admin"}},{"@type":"WebPage","@id":"https:\/\/www.rucashk.com\/es\/producto\/oral-b-clic-electric-toothbrush-wholesale\/#webpage","url":"https:\/\/www.rucashk.com\/es\/producto\/oral-b-clic-electric-toothbrush-wholesale\/","name":"Oral-B Clic Electric Toothbrush Wholesale - Rucas - Wholesale and Distribution","description":"The New Oral-B Clic manual toothbrush combines distinctive iconic design with our next-gen cleaning performance. All brush heads are designed with Dentists and feature multiple patented technologies, giving you a remarkable cleaning performance and a truly comfortable brushing experience. Replaceable brush head uses up to 60% less plastic vs regular manual brush with dentist recommended every 3-month usage Long lasting premium handle Next-Gen CrissCross Angled bristles provide exceptional reach between teeth X-Filament Technology Oral-B\u2019s advanced filaments for plaque removal Perfectly Angled Bristles Providing outstanding reach and cleaning coverage per stroke Magnetic Brush Holder A sleek, modern and hygienic solution that displays your manual toothbrush. The magnetic brush holder will stick to any surface.","inLanguage":"es-ES","isPartOf":{"@id":"https:\/\/www.rucashk.com\/es\/#website"},"breadcrumb":{"@id":"https:\/\/www.rucashk.com\/es\/producto\/oral-b-clic-electric-toothbrush-wholesale\/#breadcrumblist"},"author":{"@id":"https:\/\/www.rucashk.com\/es\/author\/admin\/#author"},"creator":{"@id":"https:\/\/www.rucashk.com\/es\/author\/admin\/#author"},"image":{"@type":"ImageObject","url":"https:\/\/www.rucashk.com\/wp-content\/uploads\/2024\/01\/1_\u526f\u672c-25.png","@id":"https:\/\/www.rucashk.com\/es\/producto\/oral-b-clic-electric-toothbrush-wholesale\/#mainImage","width":800,"height":800},"primaryImageOfPage":{"@id":"https:\/\/www.rucashk.com\/es\/producto\/oral-b-clic-electric-toothbrush-wholesale\/#mainImage"},"datePublished":"2024-01-09T16:05:07+00:00","dateModified":"2024-03-13T06:13:19+00:00"},{"@type":"WebSite","@id":"https:\/\/www.rucashk.com\/es\/#website","url":"https:\/\/www.rucashk.com\/es\/","name":"Rucas - Wholesale and distribution worldwide","alternateName":"Rucas - One-stop AIoT Distribution Worldwide","description":"One-stop AIoT Distribution Worldwide","inLanguage":"es-ES","publisher":{"@id":"https:\/\/www.rucashk.com\/es\/#organization"}}]}},"aioseo_meta_data":{"post_id":"24500","title":null,"description":null,"keywords":null,"keyphrases":null,"primary_term":null,"canonical_url":null,"og_title":null,"og_description":null,"og_object_type":"default","og_image_type":"default","og_image_url":null,"og_image_width":null,"og_image_height":null,"og_image_custom_url":null,"og_image_custom_fields":null,"og_video":null,"og_custom_url":null,"og_article_section":null,"og_article_tags":null,"twitter_use_og":false,"twitter_card":"default","twitter_image_type":"default","twitter_image_url":null,"twitter_image_custom_url":null,"twitter_image_custom_fields":null,"twitter_title":null,"twitter_description":null,"schema":{"blockGraphs":[],"customGraphs":[],"default":{"data":{"Article":[],"Course":[],"Dataset":[],"FAQPage":[],"Movie":[],"Person":[],"Product":[],"Recipe":[],"Service":[],"SoftwareApplication":[],"WebPage":[]},"graphName":"","isEnabled":true},"graphs":[]},"schema_type":"default","schema_type_options":null,"pillar_content":false,"robots_default":true,"robots_noindex":false,"robots_noarchive":false,"robots_nosnippet":false,"robots_nofollow":false,"robots_noimageindex":false,"robots_noodp":false,"robots_notranslate":false,"robots_max_snippet":null,"robots_max_videopreview":null,"robots_max_imagepreview":"large","priority":null,"frequency":null,"local_seo":null,"breadcrumb_settings":null,"limit_modified_date":false,"created":"2024-04-11 01:57:12","updated":"2025-06-22 17:32:58"},"aioseo_breadcrumb":"<div class=\"aioseo-breadcrumbs\"><span class=\"aioseo-breadcrumb\">\n\t<a href=\"https:\/\/www.rucashk.com\/es\" title=\"Home\">Home<\/a>\n<\/span><span class=\"aioseo-breadcrumb-separator\">&raquo;<\/span><span class=\"aioseo-breadcrumb\">\n\t<a href=\"https:\/\/www.rucashk.com\/es\/products\/\" title=\"Productos\">Productos<\/a>\n<\/span><span class=\"aioseo-breadcrumb-separator\">&raquo;<\/span><span class=\"aioseo-breadcrumb\">\n\t<a href=\"https:\/\/www.rucashk.com\/es\/categoria-producto\/other-a-brands\/\" title=\"Other A-Brands\">Other A-Brands<\/a>\n<\/span><span class=\"aioseo-breadcrumb-separator\">&raquo;<\/span><span class=\"aioseo-breadcrumb\">\n\tOral-B\u00a0Clic Electric Toothbrush Wholesale\n<\/span><\/div>","aioseo_breadcrumb_json":[{"label":"Home","link":"https:\/\/www.rucashk.com\/es"},{"label":"Productos","link":"https:\/\/www.rucashk.com\/es\/products\/"},{"label":"Other A-Brands","link":"https:\/\/www.rucashk.com\/es\/categoria-producto\/other-a-brands\/"},{"label":"Oral-B\u00a0Clic Electric Toothbrush Wholesale","link":"https:\/\/www.rucashk.com\/es\/producto\/oral-b-clic-electric-toothbrush-wholesale\/"}],"_links":{"self":[{"href":"https:\/\/www.rucashk.com\/es\/wp-json\/wp\/v2\/product\/24500","targetHints":{"allow":["GET"]}}],"collection":[{"href":"https:\/\/www.rucashk.com\/es\/wp-json\/wp\/v2\/product"}],"about":[{"href":"https:\/\/www.rucashk.com\/es\/wp-json\/wp\/v2\/types\/product"}],"wp:featuredmedia":[{"embeddable":true,"href":"https:\/\/www.rucashk.com\/es\/wp-json\/wp\/v2\/media\/24633"}],"wp:attachment":[{"href":"https:\/\/www.rucashk.com\/es\/wp-json\/wp\/v2\/media?parent=24500"}],"wp:term":[{"taxonomy":"product_brand","embeddable":true,"href":"https:\/\/www.rucashk.com\/es\/wp-json\/wp\/v2\/product_brand?post=24500"},{"taxonomy":"product_cat","embeddable":true,"href":"https:\/\/www.rucashk.com\/es\/wp-json\/wp\/v2\/product_cat?post=24500"},{"taxonomy":"product_tag","embeddable":true,"href":"https:\/\/www.rucashk.com\/es\/wp-json\/wp\/v2\/product_tag?post=24500"}],"curies":[{"name":"wp","href":"https:\/\/api.w.org\/{rel}","templated":true}]}}