{"id":24499,"date":"2024-01-09T16:05:07","date_gmt":"2024-01-09T16:05:07","guid":{"rendered":"http:\/\/rucashk.com\/?post_type=product&#038;p=24499"},"modified":"2024-03-13T06:30:08","modified_gmt":"2024-03-13T06:30:08","slug":"1more-piston-fit-in-ear-headphones-gray-blue-pink-silver-wholesale","status":"publish","type":"product","link":"https:\/\/www.rucashk.com\/es\/producto\/1more-piston-fit-in-ear-headphones-gray-blue-pink-silver-wholesale\/","title":{"rendered":"1MORE Piston Fit In-Ear Auriculares Gris\/Azul\/Rosa\/Plata"},"content":{"rendered":"<div class=\"boost-row boost-product-story\">\n<div class=\"boost-col-mbl-12 boost-col-tblt-push-1 boost-col-tblt-4 boost-vertical-middle-tblt\">\n<h2 style=\"text-align: center\">1MORE Piston Fit Auriculares Intrauditivos Gris\/Azul\/Rosa\/Plata<\/h2>\n<div class=\"image boost-text-left-tblt\" style=\"text-align: center\">\u00a0\u00a0 <img fetchpriority=\"high\" decoding=\"async\" class=\"aligncenter wp-image-21014 size-full\" src=\"\/wp-content\/uploads\/replace\/754b0ae9371a52af1ab1a1679a3bf910.jpeg\" alt=\"1MORE Piston Fit In-Ear Headphones Gray\/Blue\/Pink\/Silver\" width=\"1010\" height=\"1010\" \/><\/div>\n<\/div>\n<div class=\"boost-col-mbl-12 boost-col-tblt-push-1 boost-col-tblt-6 boost-vertical-middle-tblt\" style=\"text-align: center\">\n<div class=\"title boost-text-left-tblt\">Durabilidad duradera<\/div>\n<div class=\"description\">\n<p>Las superficies anodizadas de colores del iPhone son resistentes a las huellas dactilares y est\u00e1n hechas para durar. El cuerpo con forma de pist\u00f3n es extremadamente ligero y duradero. El cable consta de cobre esmaltado interior envuelto alrededor de fibra de Kevlar para aumentar considerablemente la durabilidad y est\u00e1 recubierto con TPE para brindar suavidad y comodidad.<\/p>\n<\/div>\n<\/div>\n<\/div>\n<div class=\"boost-row boost-product-story\" style=\"text-align: center\">\n<div class=\"boost-col-mbl-12 boost-col-tblt-pull-3 boost-col-tblt-6 boost-vertical-middle-tblt\">\n<div class=\"title boost-text-left-tblt\">Equilibrio s\u00f3nico<\/div>\n<div class=\"description\">\n<p>M\u00e1s all\u00e1 de la comodidad, el ajuste c\u00f3modo aumenta el aislamiento del ruido, la plenitud y los graves. El compromiso de 1MORE con un sonido naturalmente equilibrado, sin los fuertes graves y agudos que prevalecen en otras marcas, produce una experiencia auditiva totalmente satisfactoria sin la necesidad de niveles de volumen poco saludables.<\/p>\n<\/div>\n<\/div>\n<\/div>\n<hr \/>\n<div class=\"boost-row boost-product-story small\" style=\"text-align: center\">\n<div class=\"boost-col-mbl-12 boost-col-tblt-4\">\n<div class=\"image\"><img decoding=\"async\" class=\"aligncenter wp-image-21015\" src=\"\/wp-content\/uploads\/replace\/f129b7a1b22b7d45dfd57279d0c38f46.jpeg\" alt=\"1MORE Piston Fit In-Ear Headphones Gray\/Blue\/Pink\/Silver\" width=\"1010\" height=\"1010\" \/><\/div>\n<div class=\"title\">Colores combinados del iPhone<\/div>\n<div class=\"description\">\n<p>Lo retro se combina con el dise\u00f1o moderno con los colores combinados del iPhone en un cuerpo de aleaci\u00f3n de aluminio. El Piston Fit se ofrece en 4 colores \u00fanicos que combinan una est\u00e9tica atemporal con su dispositivo.<\/p>\n<\/div>\n<\/div>\n<div class=\"boost-col-mbl-12 boost-col-tblt-4\">\n<div class=\"image\"><img decoding=\"async\" class=\"aligncenter wp-image-21016\" src=\"\/wp-content\/uploads\/replace\/58ae26aa79c3b75f8e76dd938396b265.jpeg\" alt=\"1MORE Piston Fit In-Ear Headphones Gray\/Blue\/Pink\/Silver\" width=\"931\" height=\"805\" \/> <img loading=\"lazy\" decoding=\"async\" class=\"aligncenter wp-image-21017 size-full\" src=\"\/wp-content\/uploads\/replace\/ca908cfdb7c92313c2f4346339d9fad0.jpeg\" alt=\"1MORE Piston Fit In-Ear Headphones Gray\/Blue\/Pink\/Silver\" width=\"931\" height=\"686\" \/> <img loading=\"lazy\" decoding=\"async\" class=\"aligncenter wp-image-21018\" src=\"\/wp-content\/uploads\/replace\/18210a42e50832118839d5c994e3b177.jpeg\" alt=\"1MORE Piston Fit In-Ear Headphones Gray\/Blue\/Pink\/Silver\" width=\"931\" height=\"644\" \/><\/div>\n<div class=\"title\">Controlador de doble capa<\/div>\n<div class=\"description\">\n<p>Nuestro controlador patentado de doble capa est\u00e1 compuesto de titanio y PET. El diafragma de PET proporciona graves profundos, mientras que el diafragma de titanio proporciona un tiempo de respuesta mejorado, medios presentes y agudos chisporroteantes.<\/p>\n<\/div>\n<\/div>\n<div class=\"boost-col-mbl-12 boost-col-tblt-4\">\n<div class=\"image\"><img loading=\"lazy\" decoding=\"async\" class=\"aligncenter wp-image-21019\" src=\"\/wp-content\/uploads\/replace\/d5b7fdf4431e440363a7876201095320.jpeg\" alt=\"1MORE Piston Fit In-Ear Headphones Gray\/Blue\/Pink\/Silver\" width=\"931\" height=\"619\" \/><\/div>\n<div class=\"title\">Ergonom\u00eda superior<\/div>\n<div class=\"description\">\n<p>Nuestro dise\u00f1o liviano Piston Fit se ajusta de forma segura a sus o\u00eddos. La comodidad se perfecciona con \u00e1ngulos oblicuos de 45\u00b0 para adaptarse perfectamente a sus canales auditivos. Los 3 juegos de almohadillas incluidas garantizan un ajuste adecuado para todos.<\/p>\n<\/div>\n<\/div>\n<\/div>\n<hr \/>\n<div class=\"boost-row boost-product-story large\">\n<div class=\"boost-col-mbl-12 boost-col-tblt-push-1 boost-col-tblt-10\" style=\"text-align: center\">\n<div class=\"image\"><img loading=\"lazy\" decoding=\"async\" class=\"aligncenter\" src=\"\/wp-content\/uploads\/replace\/c3ebd8908041f423695f443127774718.jpeg\" alt=\"1MORE Piston Fit In-Ear Headphones Gray\/Blue\/Pink\/Silver\" width=\"970\" height=\"200\" \/><\/div>\n<\/div>\n<div class=\"boost-col-mbl-12 boost-col-tblt-push-1 boost-col-tblt-10\" style=\"text-align: center\">\n<div class=\"title\">Colores a juego para tu dispositivo<\/div>\n<\/div>\n<div class=\"boost-col-mbl-12 boost-col-tblt-push-1 boost-col-tblt-10\">\n<div class=\"description\">\n<p style=\"text-align: center\">Opciones de colores a juego para combinar con cualquier dispositivo<\/p>\n<\/div>\n<\/div>\n<\/div>","protected":false},"excerpt":{"rendered":"<ul class=\"a-unordered-list a-vertical a-spacing-mini\">\n<li><span class=\"a-list-item\">Sonido vibrante desde un cuerpo compacto. El diafragma de titanio de nivel aeroespacial alcanza todos los detalles de audio que exige el audi\u00f3filo.<\/span><\/li>\n<li><span class=\"a-list-item\">3 pares diferentes de almohadillas para los o\u00eddos proporcionan un ajuste c\u00f3modo y ce\u00f1ido. Dise\u00f1o en \u00e1ngulo de 45\u00b0 para escuchar durante todo el d\u00eda.<\/span><\/li>\n<li><span class=\"a-list-item\">Negro gris\u00e1ceo, azul crepuscular, plateado brillante y rosa intenso. 4 opciones de color funcionan en total armon\u00eda con tu estilo de vida.<\/span><\/li>\n<li><span class=\"a-list-item\">Cuerpo de aleaci\u00f3n de aluminio 80% con cable trenzado con n\u00facleo de Kevlar de solo 14 g, liviano pero duradero.<\/span><\/li>\n<li><span class=\"a-list-item\">Responda llamadas y controle la reproducci\u00f3n con la punta de un dedo, solo con un pr\u00e1ctico control remoto en l\u00ednea y un micr\u00f3fono integrado.<\/span><\/li>\n<\/ul>","protected":false},"featured_media":24629,"template":"","meta":[],"product_brand":[],"product_cat":[1341,1305],"product_tag":[1095],"class_list":{"0":"post-24499","1":"product","2":"type-product","3":"status-publish","4":"has-post-thumbnail","6":"product_cat-others","7":"product_cat-xiaomi-eco","8":"product_tag-1more-piston-fit-in-ear-headphones-gray-blue-pink-silver","10":"first","11":"instock","12":"shipping-taxable","13":"product-type-external"},"aioseo_notices":[],"aioseo_head":"\n\t\t<!-- All in One SEO Pro 4.5.9.2 - aioseo.com -->\n\t\t<meta name=\"description\" content=\"Vibrant sound from a compact body. Aerospace-level titanium diaphragm hits all audio details demanded by audiophile. 3 different pairs of ear tips provide snug and comfortable fit. 45\u00b0 angled design for all-day long listening. Grayish black, twilight blue, shimmering silver and hot pink. 4 color options work in full harmony with your lifestyle. 80% aluminum alloy body with Kevlar core braided cable at 14 g only, lightweight yet durable. Take calls and control playback at a fingertip only with handy in-line remote and integrated microphone.\" \/>\n\t\t<meta name=\"robots\" content=\"max-image-preview:large\" \/>\n\t\t<link rel=\"canonical\" href=\"https:\/\/www.rucashk.com\/es\/producto\/1more-piston-fit-in-ear-headphones-gray-blue-pink-silver-wholesale\/\" \/>\n\t\t<meta name=\"generator\" content=\"All in One SEO Pro (AIOSEO) 4.5.9.2\" \/>\n\t\t<meta property=\"og:locale\" content=\"es_ES\" \/>\n\t\t<meta property=\"og:site_name\" content=\"Rucas - One-stop AIoT Distribution Worldwide\" \/>\n\t\t<meta property=\"og:type\" content=\"article\" \/>\n\t\t<meta property=\"og:title\" content=\"1MORE Piston Fit In-Ear Headphones Gray\/Blue\/Pink\/Silver Wholesale - Rucas - Wholesale and Distribution\" \/>\n\t\t<meta property=\"og:description\" content=\"Vibrant sound from a compact body. Aerospace-level titanium diaphragm hits all audio details demanded by audiophile. 3 different pairs of ear tips provide snug and comfortable fit. 45\u00b0 angled design for all-day long listening. Grayish black, twilight blue, shimmering silver and hot pink. 4 color options work in full harmony with your lifestyle. 80% aluminum alloy body with Kevlar core braided cable at 14 g only, lightweight yet durable. Take calls and control playback at a fingertip only with handy in-line remote and integrated microphone.\" \/>\n\t\t<meta property=\"og:url\" content=\"https:\/\/www.rucashk.com\/es\/producto\/1more-piston-fit-in-ear-headphones-gray-blue-pink-silver-wholesale\/\" \/>\n\t\t<meta property=\"og:image\" content=\"https:\/\/www.rucashk.com\/wp-content\/uploads\/replace\/503b8e645f128a97ccde2b6290747646.jpeg\" \/>\n\t\t<meta property=\"og:image:secure_url\" content=\"https:\/\/www.rucashk.com\/wp-content\/uploads\/replace\/503b8e645f128a97ccde2b6290747646.jpeg\" \/>\n\t\t<meta property=\"og:image:width\" content=\"1456\" \/>\n\t\t<meta property=\"og:image:height\" content=\"816\" \/>\n\t\t<meta property=\"article:published_time\" content=\"2024-01-09T16:05:07+00:00\" \/>\n\t\t<meta property=\"article:modified_time\" content=\"2024-03-13T06:30:08+00:00\" \/>\n\t\t<meta name=\"twitter:card\" content=\"summary_large_image\" \/>\n\t\t<meta name=\"twitter:title\" content=\"1MORE Piston Fit In-Ear Headphones Gray\/Blue\/Pink\/Silver Wholesale - Rucas - Wholesale and Distribution\" \/>\n\t\t<meta name=\"twitter:description\" content=\"Vibrant sound from a compact body. Aerospace-level titanium diaphragm hits all audio details demanded by audiophile. 3 different pairs of ear tips provide snug and comfortable fit. 45\u00b0 angled design for all-day long listening. Grayish black, twilight blue, shimmering silver and hot pink. 4 color options work in full harmony with your lifestyle. 80% aluminum alloy body with Kevlar core braided cable at 14 g only, lightweight yet durable. Take calls and control playback at a fingertip only with handy in-line remote and integrated microphone.\" \/>\n\t\t<meta name=\"twitter:image\" content=\"https:\/\/www.rucashk.com\/wp-content\/uploads\/replace\/503b8e645f128a97ccde2b6290747646.jpeg\" \/>\n\t\t<script type=\"application\/ld+json\" class=\"aioseo-schema\">\n\t\t\t{\"@context\":\"https:\\\/\\\/schema.org\",\"@graph\":[{\"@type\":\"BreadcrumbList\",\"@id\":\"https:\\\/\\\/www.rucashk.com\\\/es\\\/producto\\\/1more-piston-fit-in-ear-headphones-gray-blue-pink-silver-wholesale\\\/#breadcrumblist\",\"itemListElement\":[{\"@type\":\"ListItem\",\"@id\":\"https:\\\/\\\/www.rucashk.com\\\/es\\\/#listItem\",\"position\":1,\"name\":\"Home\",\"item\":\"https:\\\/\\\/www.rucashk.com\\\/es\\\/\",\"nextItem\":\"https:\\\/\\\/www.rucashk.com\\\/es\\\/producto\\\/1more-piston-fit-in-ear-headphones-gray-blue-pink-silver-wholesale\\\/#listItem\"},{\"@type\":\"ListItem\",\"@id\":\"https:\\\/\\\/www.rucashk.com\\\/es\\\/producto\\\/1more-piston-fit-in-ear-headphones-gray-blue-pink-silver-wholesale\\\/#listItem\",\"position\":2,\"name\":\"1MORE Piston Fit In-Ear Headphones Gray\\\/Blue\\\/Pink\\\/Silver Wholesale\",\"previousItem\":\"https:\\\/\\\/www.rucashk.com\\\/es\\\/#listItem\"}]},{\"@type\":\"Organization\",\"@id\":\"https:\\\/\\\/www.rucashk.com\\\/es\\\/#organization\",\"name\":\"Rucas\",\"url\":\"https:\\\/\\\/www.rucashk.com\\\/es\\\/\",\"logo\":{\"@type\":\"ImageObject\",\"url\":\"https:\\\/\\\/www.rucashk.com\\\/wp-content\\\/uploads\\\/2023\\\/12\\\/Rucas_campany_logo.png\",\"@id\":\"https:\\\/\\\/www.rucashk.com\\\/es\\\/producto\\\/1more-piston-fit-in-ear-headphones-gray-blue-pink-silver-wholesale\\\/#organizationLogo\",\"width\":221,\"height\":65},\"image\":{\"@id\":\"https:\\\/\\\/www.rucashk.com\\\/es\\\/#organizationLogo\"}},{\"@type\":\"Person\",\"@id\":\"https:\\\/\\\/www.rucashk.com\\\/es\\\/author\\\/admin\\\/#author\",\"url\":\"https:\\\/\\\/www.rucashk.com\\\/es\\\/author\\\/admin\\\/\",\"name\":\"admin\",\"image\":{\"@type\":\"ImageObject\",\"@id\":\"https:\\\/\\\/www.rucashk.com\\\/es\\\/producto\\\/1more-piston-fit-in-ear-headphones-gray-blue-pink-silver-wholesale\\\/#authorImage\",\"url\":\"https:\\\/\\\/secure.gravatar.com\\\/avatar\\\/b7c8925b09a27e72b30232f8ecaadbd5af0f70a38c78096863fe51b64f031c24?s=96&d=mm&r=g\",\"width\":96,\"height\":96,\"caption\":\"admin\"}},{\"@type\":\"WebPage\",\"@id\":\"https:\\\/\\\/www.rucashk.com\\\/es\\\/producto\\\/1more-piston-fit-in-ear-headphones-gray-blue-pink-silver-wholesale\\\/#webpage\",\"url\":\"https:\\\/\\\/www.rucashk.com\\\/es\\\/producto\\\/1more-piston-fit-in-ear-headphones-gray-blue-pink-silver-wholesale\\\/\",\"name\":\"1MORE Piston Fit In-Ear Headphones Gray\\\/Blue\\\/Pink\\\/Silver Wholesale - Rucas - Wholesale and Distribution\",\"description\":\"Vibrant sound from a compact body. Aerospace-level titanium diaphragm hits all audio details demanded by audiophile. 3 different pairs of ear tips provide snug and comfortable fit. 45\\u00b0 angled design for all-day long listening. Grayish black, twilight blue, shimmering silver and hot pink. 4 color options work in full harmony with your lifestyle. 80% aluminum alloy body with Kevlar core braided cable at 14 g only, lightweight yet durable. Take calls and control playback at a fingertip only with handy in-line remote and integrated microphone.\",\"inLanguage\":\"es-ES\",\"isPartOf\":{\"@id\":\"https:\\\/\\\/www.rucashk.com\\\/es\\\/#website\"},\"breadcrumb\":{\"@id\":\"https:\\\/\\\/www.rucashk.com\\\/es\\\/producto\\\/1more-piston-fit-in-ear-headphones-gray-blue-pink-silver-wholesale\\\/#breadcrumblist\"},\"author\":{\"@id\":\"https:\\\/\\\/www.rucashk.com\\\/es\\\/author\\\/admin\\\/#author\"},\"creator\":{\"@id\":\"https:\\\/\\\/www.rucashk.com\\\/es\\\/author\\\/admin\\\/#author\"},\"image\":{\"@type\":\"ImageObject\",\"url\":\"https:\\\/\\\/www.rucashk.com\\\/wp-content\\\/uploads\\\/2024\\\/01\\\/1MORE-Piston-Fit-In-Ear-Headphones-4.jpg\",\"@id\":\"https:\\\/\\\/www.rucashk.com\\\/es\\\/producto\\\/1more-piston-fit-in-ear-headphones-gray-blue-pink-silver-wholesale\\\/#mainImage\",\"width\":800,\"height\":800},\"primaryImageOfPage\":{\"@id\":\"https:\\\/\\\/www.rucashk.com\\\/es\\\/producto\\\/1more-piston-fit-in-ear-headphones-gray-blue-pink-silver-wholesale\\\/#mainImage\"},\"datePublished\":\"2024-01-09T16:05:07+00:00\",\"dateModified\":\"2024-03-13T06:30:08+00:00\"},{\"@type\":\"WebSite\",\"@id\":\"https:\\\/\\\/www.rucashk.com\\\/es\\\/#website\",\"url\":\"https:\\\/\\\/www.rucashk.com\\\/es\\\/\",\"name\":\"Rucas - Wholesale and distribution worldwide\",\"alternateName\":\"Rucas - One-stop AIoT Distribution Worldwide\",\"description\":\"One-stop AIoT Distribution Worldwide\",\"inLanguage\":\"es-ES\",\"publisher\":{\"@id\":\"https:\\\/\\\/www.rucashk.com\\\/es\\\/#organization\"}}]}\n\t\t<\/script>\n\t\t<!-- All in One SEO Pro -->\r\n\t\t<title>1MORE Piston Fit In-Ear Headphones Gray\/Blue\/Pink\/Silver Wholesale - Rucas - Wholesale and Distribution<\/title>\n\n","aioseo_head_json":{"title":"1MORE Piston Fit In-Ear Headphones Gray\/Blue\/Pink\/Silver Wholesale - Rucas - Wholesale and Distribution","description":"Vibrant sound from a compact body. Aerospace-level titanium diaphragm hits all audio details demanded by audiophile. 3 different pairs of ear tips provide snug and comfortable fit. 45\u00b0 angled design for all-day long listening. Grayish black, twilight blue, shimmering silver and hot pink. 4 color options work in full harmony with your lifestyle. 80% aluminum alloy body with Kevlar core braided cable at 14 g only, lightweight yet durable. Take calls and control playback at a fingertip only with handy in-line remote and integrated microphone.","canonical_url":"https:\/\/www.rucashk.com\/es\/producto\/1more-piston-fit-in-ear-headphones-gray-blue-pink-silver-wholesale\/","robots":"max-image-preview:large","keywords":"","webmasterTools":{"miscellaneous":""},"og:locale":"es_ES","og:site_name":"Rucas - One-stop AIoT Distribution Worldwide","og:type":"article","og:title":"1MORE Piston Fit In-Ear Headphones Gray\/Blue\/Pink\/Silver Wholesale - Rucas - Wholesale and Distribution","og:description":"Vibrant sound from a compact body. Aerospace-level titanium diaphragm hits all audio details demanded by audiophile. 3 different pairs of ear tips provide snug and comfortable fit. 45\u00b0 angled design for all-day long listening. Grayish black, twilight blue, shimmering silver and hot pink. 4 color options work in full harmony with your lifestyle. 80% aluminum alloy body with Kevlar core braided cable at 14 g only, lightweight yet durable. Take calls and control playback at a fingertip only with handy in-line remote and integrated microphone.","og:url":"https:\/\/www.rucashk.com\/es\/producto\/1more-piston-fit-in-ear-headphones-gray-blue-pink-silver-wholesale\/","og:image":"https:\/\/www.rucashk.com\/wp-content\/uploads\/replace\/503b8e645f128a97ccde2b6290747646.jpeg","og:image:secure_url":"https:\/\/www.rucashk.com\/wp-content\/uploads\/replace\/503b8e645f128a97ccde2b6290747646.jpeg","og:image:width":1456,"og:image:height":816,"article:published_time":"2024-01-09T16:05:07+00:00","article:modified_time":"2024-03-13T06:30:08+00:00","twitter:card":"summary_large_image","twitter:title":"1MORE Piston Fit In-Ear Headphones Gray\/Blue\/Pink\/Silver Wholesale - Rucas - Wholesale and Distribution","twitter:description":"Vibrant sound from a compact body. Aerospace-level titanium diaphragm hits all audio details demanded by audiophile. 3 different pairs of ear tips provide snug and comfortable fit. 45\u00b0 angled design for all-day long listening. Grayish black, twilight blue, shimmering silver and hot pink. 4 color options work in full harmony with your lifestyle. 80% aluminum alloy body with Kevlar core braided cable at 14 g only, lightweight yet durable. Take calls and control playback at a fingertip only with handy in-line remote and integrated microphone.","twitter:image":"https:\/\/www.rucashk.com\/wp-content\/uploads\/replace\/503b8e645f128a97ccde2b6290747646.jpeg","schema":{"@context":"https:\/\/schema.org","@graph":[{"@type":"BreadcrumbList","@id":"https:\/\/www.rucashk.com\/es\/producto\/1more-piston-fit-in-ear-headphones-gray-blue-pink-silver-wholesale\/#breadcrumblist","itemListElement":[{"@type":"ListItem","@id":"https:\/\/www.rucashk.com\/es\/#listItem","position":1,"name":"Home","item":"https:\/\/www.rucashk.com\/es\/","nextItem":"https:\/\/www.rucashk.com\/es\/producto\/1more-piston-fit-in-ear-headphones-gray-blue-pink-silver-wholesale\/#listItem"},{"@type":"ListItem","@id":"https:\/\/www.rucashk.com\/es\/producto\/1more-piston-fit-in-ear-headphones-gray-blue-pink-silver-wholesale\/#listItem","position":2,"name":"1MORE Piston Fit In-Ear Headphones Gray\/Blue\/Pink\/Silver Wholesale","previousItem":"https:\/\/www.rucashk.com\/es\/#listItem"}]},{"@type":"Organization","@id":"https:\/\/www.rucashk.com\/es\/#organization","name":"Rucas","url":"https:\/\/www.rucashk.com\/es\/","logo":{"@type":"ImageObject","url":"https:\/\/www.rucashk.com\/wp-content\/uploads\/2023\/12\/Rucas_campany_logo.png","@id":"https:\/\/www.rucashk.com\/es\/producto\/1more-piston-fit-in-ear-headphones-gray-blue-pink-silver-wholesale\/#organizationLogo","width":221,"height":65},"image":{"@id":"https:\/\/www.rucashk.com\/es\/#organizationLogo"}},{"@type":"Person","@id":"https:\/\/www.rucashk.com\/es\/author\/admin\/#author","url":"https:\/\/www.rucashk.com\/es\/author\/admin\/","name":"admin","image":{"@type":"ImageObject","@id":"https:\/\/www.rucashk.com\/es\/producto\/1more-piston-fit-in-ear-headphones-gray-blue-pink-silver-wholesale\/#authorImage","url":"https:\/\/secure.gravatar.com\/avatar\/b7c8925b09a27e72b30232f8ecaadbd5af0f70a38c78096863fe51b64f031c24?s=96&d=mm&r=g","width":96,"height":96,"caption":"admin"}},{"@type":"WebPage","@id":"https:\/\/www.rucashk.com\/es\/producto\/1more-piston-fit-in-ear-headphones-gray-blue-pink-silver-wholesale\/#webpage","url":"https:\/\/www.rucashk.com\/es\/producto\/1more-piston-fit-in-ear-headphones-gray-blue-pink-silver-wholesale\/","name":"1MORE Piston Fit In-Ear Headphones Gray\/Blue\/Pink\/Silver Wholesale - Rucas - Wholesale and Distribution","description":"Vibrant sound from a compact body. Aerospace-level titanium diaphragm hits all audio details demanded by audiophile. 3 different pairs of ear tips provide snug and comfortable fit. 45\u00b0 angled design for all-day long listening. Grayish black, twilight blue, shimmering silver and hot pink. 4 color options work in full harmony with your lifestyle. 80% aluminum alloy body with Kevlar core braided cable at 14 g only, lightweight yet durable. Take calls and control playback at a fingertip only with handy in-line remote and integrated microphone.","inLanguage":"es-ES","isPartOf":{"@id":"https:\/\/www.rucashk.com\/es\/#website"},"breadcrumb":{"@id":"https:\/\/www.rucashk.com\/es\/producto\/1more-piston-fit-in-ear-headphones-gray-blue-pink-silver-wholesale\/#breadcrumblist"},"author":{"@id":"https:\/\/www.rucashk.com\/es\/author\/admin\/#author"},"creator":{"@id":"https:\/\/www.rucashk.com\/es\/author\/admin\/#author"},"image":{"@type":"ImageObject","url":"https:\/\/www.rucashk.com\/wp-content\/uploads\/2024\/01\/1MORE-Piston-Fit-In-Ear-Headphones-4.jpg","@id":"https:\/\/www.rucashk.com\/es\/producto\/1more-piston-fit-in-ear-headphones-gray-blue-pink-silver-wholesale\/#mainImage","width":800,"height":800},"primaryImageOfPage":{"@id":"https:\/\/www.rucashk.com\/es\/producto\/1more-piston-fit-in-ear-headphones-gray-blue-pink-silver-wholesale\/#mainImage"},"datePublished":"2024-01-09T16:05:07+00:00","dateModified":"2024-03-13T06:30:08+00:00"},{"@type":"WebSite","@id":"https:\/\/www.rucashk.com\/es\/#website","url":"https:\/\/www.rucashk.com\/es\/","name":"Rucas - Wholesale and distribution worldwide","alternateName":"Rucas - One-stop AIoT Distribution Worldwide","description":"One-stop AIoT Distribution Worldwide","inLanguage":"es-ES","publisher":{"@id":"https:\/\/www.rucashk.com\/es\/#organization"}}]}},"aioseo_meta_data":{"post_id":"24499","title":null,"description":null,"keywords":null,"keyphrases":null,"primary_term":null,"canonical_url":null,"og_title":null,"og_description":null,"og_object_type":"default","og_image_type":"default","og_image_url":null,"og_image_width":null,"og_image_height":null,"og_image_custom_url":null,"og_image_custom_fields":null,"og_video":null,"og_custom_url":null,"og_article_section":null,"og_article_tags":null,"twitter_use_og":false,"twitter_card":"default","twitter_image_type":"default","twitter_image_url":null,"twitter_image_custom_url":null,"twitter_image_custom_fields":null,"twitter_title":null,"twitter_description":null,"schema":{"blockGraphs":[],"customGraphs":[],"default":{"data":{"Article":[],"Course":[],"Dataset":[],"FAQPage":[],"Movie":[],"Person":[],"Product":[],"Recipe":[],"Service":[],"SoftwareApplication":[],"WebPage":[]},"graphName":"","isEnabled":true},"graphs":[]},"schema_type":"default","schema_type_options":null,"pillar_content":false,"robots_default":true,"robots_noindex":false,"robots_noarchive":false,"robots_nosnippet":false,"robots_nofollow":false,"robots_noimageindex":false,"robots_noodp":false,"robots_notranslate":false,"robots_max_snippet":null,"robots_max_videopreview":null,"robots_max_imagepreview":"large","priority":null,"frequency":null,"local_seo":null,"breadcrumb_settings":null,"limit_modified_date":false,"created":"2024-04-11 01:57:12","updated":"2025-06-22 17:32:05"},"aioseo_breadcrumb":"<div class=\"aioseo-breadcrumbs\"><span class=\"aioseo-breadcrumb\">\n\t<a href=\"https:\/\/www.rucashk.com\/es\" title=\"Home\">Home<\/a>\n<\/span><span class=\"aioseo-breadcrumb-separator\">&raquo;<\/span><span class=\"aioseo-breadcrumb\">\n\t<a href=\"https:\/\/www.rucashk.com\/es\/products\/\" title=\"Productos\">Productos<\/a>\n<\/span><span class=\"aioseo-breadcrumb-separator\">&raquo;<\/span><span class=\"aioseo-breadcrumb\">\n\t<a href=\"https:\/\/www.rucashk.com\/es\/categoria-producto\/xiaomi-eco\/\" title=\"Xiaomi Eco\">Xiaomi Eco<\/a>\n<\/span><span class=\"aioseo-breadcrumb-separator\">&raquo;<\/span><span class=\"aioseo-breadcrumb\">\n\t<a href=\"https:\/\/www.rucashk.com\/es\/categoria-producto\/xiaomi-eco\/others\/\" title=\"Others\">Others<\/a>\n<\/span><span class=\"aioseo-breadcrumb-separator\">&raquo;<\/span><span class=\"aioseo-breadcrumb\">\n\t1MORE Piston Fit In-Ear Headphones Gray\/Blue\/Pink\/Silver Wholesale\n<\/span><\/div>","aioseo_breadcrumb_json":[{"label":"Home","link":"https:\/\/www.rucashk.com\/es"},{"label":"Productos","link":"https:\/\/www.rucashk.com\/es\/products\/"},{"label":"Xiaomi Eco","link":"https:\/\/www.rucashk.com\/es\/categoria-producto\/xiaomi-eco\/"},{"label":"Others","link":"https:\/\/www.rucashk.com\/es\/categoria-producto\/xiaomi-eco\/others\/"},{"label":"1MORE Piston Fit In-Ear Headphones Gray\/Blue\/Pink\/Silver Wholesale","link":"https:\/\/www.rucashk.com\/es\/producto\/1more-piston-fit-in-ear-headphones-gray-blue-pink-silver-wholesale\/"}],"_links":{"self":[{"href":"https:\/\/www.rucashk.com\/es\/wp-json\/wp\/v2\/product\/24499","targetHints":{"allow":["GET"]}}],"collection":[{"href":"https:\/\/www.rucashk.com\/es\/wp-json\/wp\/v2\/product"}],"about":[{"href":"https:\/\/www.rucashk.com\/es\/wp-json\/wp\/v2\/types\/product"}],"wp:featuredmedia":[{"embeddable":true,"href":"https:\/\/www.rucashk.com\/es\/wp-json\/wp\/v2\/media\/24629"}],"wp:attachment":[{"href":"https:\/\/www.rucashk.com\/es\/wp-json\/wp\/v2\/media?parent=24499"}],"wp:term":[{"taxonomy":"product_brand","embeddable":true,"href":"https:\/\/www.rucashk.com\/es\/wp-json\/wp\/v2\/product_brand?post=24499"},{"taxonomy":"product_cat","embeddable":true,"href":"https:\/\/www.rucashk.com\/es\/wp-json\/wp\/v2\/product_cat?post=24499"},{"taxonomy":"product_tag","embeddable":true,"href":"https:\/\/www.rucashk.com\/es\/wp-json\/wp\/v2\/product_tag?post=24499"}],"curies":[{"name":"wp","href":"https:\/\/api.w.org\/{rel}","templated":true}]}}