{"id":24456,"date":"2024-01-09T16:04:42","date_gmt":"2024-01-09T16:04:42","guid":{"rendered":"http:\/\/rucashk.com\/?post_type=product&#038;p=24456"},"modified":"2024-03-13T13:00:22","modified_gmt":"2024-03-13T13:00:22","slug":"olay-regenerist-face-cleansing-device-wholesale","status":"publish","type":"product","link":"https:\/\/www.rucashk.com\/es\/producto\/olay-regenerist-face-cleansing-device-wholesale\/","title":{"rendered":"Dispositivo de limpieza facial Olay Regenerist al por mayor"},"content":{"rendered":"<h2><img fetchpriority=\"high\" decoding=\"async\" class=\"aligncenter\" style=\"font-size: 16px\" src=\"\/wp-content\/uploads\/replace\/e27df63c765ac224e92f8f7cc251412a.jpeg\" alt=\"Olay Regenerist Face Cleansing Device\" width=\"970\" height=\"300\" data-src=\"\/wp-content\/uploads\/replace\/e27df63c765ac224e92f8f7cc251412a.jpeg\" \/><\/h2>\n<div class=\"aplus-v2 desktop celwidget\" data-csa-c-id=\"d5d50v-rm2ds4-k34jqu-h0o6aa\" data-cel-widget=\"aplus\">\n<div class=\"celwidget aplus-module module-11\" data-csa-c-id=\"6zmsp4-t9d5e5-toorav-uechcr\" data-cel-widget=\"aplus-module-11\">\n<div class=\"a-expander-collapsed-height a-row a-expander-container a-expander-partial-collapse-container\" data-a-expander-name=\"aplus-module-expander\" data-a-expander-collapsed-height=\"360\">\n<div class=\"a-expander-content a-expander-partial-collapse-content\">\n<div class=\"aplus-module-wrapper apm-spacing apm-floatnone\">\n<div><\/div>\n<\/div>\n<\/div>\n<\/div>\n<\/div>\n<div class=\"celwidget aplus-module module-4\" data-csa-c-id=\"yxyey7-j4t8dr-m655w3-kn0ubm\" data-cel-widget=\"aplus-module-4\">\n<div class=\"a-expander-collapsed-height a-row a-expander-container a-expander-partial-collapse-container\" data-a-expander-name=\"aplus-module-expander\" data-a-expander-collapsed-height=\"700\">\n<div class=\"a-expander-content a-expander-partial-collapse-content\">\n<div class=\"aplus-module-wrapper\">\n<div class=\"apm-spacing\">\n<div class=\"apm-floatleft apm-fixed-width\">\n<div class=\"apm-spacing\">\n<table class=\"apm-fixed-width apm-fourthcol-table\">\n<tbody>\n<tr>\n<th class=\"apm-center\">\n<div class=\"apm-fourthcol\">\n<p><img decoding=\"async\" class=\"alignnone\" src=\"\/wp-content\/uploads\/replace\/7f341f5ef27fd172940663a225f2307a.jpeg\" alt=\"Olay Regenerist Face Cleansing Device\" width=\"220\" height=\"220\" data-src=\"\/wp-content\/uploads\/replace\/7f341f5ef27fd172940663a225f2307a.jpeg\" \/><\/p>\n<\/div>\n<\/th>\n<th class=\"apm-center\">\n<div class=\"apm-fourthcol\">\n<p><img decoding=\"async\" class=\"alignnone\" src=\"\/wp-content\/uploads\/replace\/4d10c8f2598b165b1e7486ce320ccc4f.jpeg\" alt=\"Olay Regenerist Face Cleansing Device\" width=\"220\" height=\"220\" data-src=\"\/wp-content\/uploads\/replace\/4d10c8f2598b165b1e7486ce320ccc4f.jpeg\" \/><\/p>\n<\/div>\n<\/th>\n<th class=\"apm-center\">\n<div class=\"apm-fourthcol\">\n<p><img loading=\"lazy\" decoding=\"async\" class=\"alignnone\" src=\"\/wp-content\/uploads\/replace\/fb09856d5d371de820c833e953a16c30.jpeg\" alt=\"Olay Regenerist Face Cleansing Device\" width=\"220\" height=\"220\" data-src=\"\/wp-content\/uploads\/replace\/fb09856d5d371de820c833e953a16c30.jpeg\" \/><\/p>\n<\/div>\n<\/th>\n<th class=\"apm-center\">\n<div class=\"apm-fourthcol\">\n<p><img loading=\"lazy\" decoding=\"async\" class=\"alignnone\" src=\"\/wp-content\/uploads\/replace\/8eb15fdac6c13ada006d80dcf632ad54.jpeg\" alt=\"Olay Regenerist Face Cleansing Device\" width=\"220\" height=\"220\" data-src=\"\/wp-content\/uploads\/replace\/8eb15fdac6c13ada006d80dcf632ad54.jpeg\" \/><\/p>\n<\/div>\n<\/th>\n<\/tr>\n<tr>\n<td class=\"apm-top\">\n<div class=\"apm-fourthcol\">\n<h4 class=\"a-spacing-mini\">Cepillo facial exfoliante<\/h4>\n<p class=\"a-size-small\">Nuestro cepillo limpiador facial dise\u00f1ado por dermat\u00f3logos est\u00e1 hecho para brindar una limpieza superior del maquillaje dif\u00edcil de quitar o simplemente para ayudarte a despertar. Para usarlo, humedece tu rostro, aplica tu limpiador Olay favorito, humedece el cabezal del cepillo y exfolia suavemente tu rostro durante 60 segundos para eliminar esas c\u00e9lulas superficiales opacas. Enjuague para una piel suave y fresca.<\/p>\n<\/div>\n<\/td>\n<td class=\"apm-top\">\n<div class=\"apm-fourthcol\">\n<h4 class=\"a-spacing-mini\">Combinando con su limpiador<\/h4>\n<p class=\"a-size-small\">Nuestro cepillo facial prepara la piel para su rutina completa de cuidado personal: limpia, prepara, trata e hidrata. Combinado con cualquier limpiador Olay, nuestro cepillo maximiza los beneficios hidratantes inmediatos de su humectante Olay y prepara su piel para absorber mejor los ingredientes que desaf\u00edan la edad.<\/p>\n<\/div>\n<\/td>\n<td class=\"apm-top\">\n<div class=\"apm-fourthcol\">\n<h4 class=\"a-spacing-mini\">C\u00f3mo utilizar<\/h4>\n<p class=\"a-size-small\">Las cerdas suaves y delicadas de nuestro cepillo, dise\u00f1adas por dermat\u00f3logos, son seguras para el uso diario: dejan su piel con una sensaci\u00f3n de limpieza y frescura instant\u00e1neamente despu\u00e9s de un solo uso y ayudan a que su piel luzca m\u00e1s saludable y joven con el tiempo. Nuestro cepillo para lavado de cara viene con dos cabezales de cepillo y dos bater\u00edas AA y ofrece dos configuraciones de velocidad: limpieza profunda diaria o exfoliaci\u00f3n suave. S\u00f3lo recuerda cambiar el cabezal del cepillo cada tres meses para obtener mejores resultados.<\/p>\n<\/div>\n<\/td>\n<td class=\"apm-top\">\n<div class=\"apm-fourthcol\">\n<h4 class=\"a-spacing-mini\">Rutinas de limpieza personalizadas<\/h4>\n<p class=\"a-size-small\">Si buscas comenzar cada ma\u00f1ana con una limpieza, prueba nuestra configuraci\u00f3n de limpieza profunda diaria con un limpiador ligero como Regenerist Whip Cleanser. Si est\u00e1 buscando una limpieza m\u00e1s profunda y que refina los poros, pruebe nuestra configuraci\u00f3n de exfoliaci\u00f3n suave de mayor velocidad con un limpiador exfoliante como Regenerist Detoxifying Pore Scrub.<\/p>\n<\/div>\n<\/td>\n<\/tr>\n<\/tbody>\n<\/table>\n<\/div>\n<\/div>\n<\/div>\n<\/div>\n<\/div>\n<\/div>\n<\/div>\n<\/div>","protected":false},"excerpt":{"rendered":"<ul class=\"a-unordered-list a-vertical a-spacing-mini\">\n<li><span class=\"a-list-item\">DISPOSITIVO DE LIMPIEZA FACIAL: Este cepillo facial exfoliante dise\u00f1ado por dermat\u00f3logos aumenta el rendimiento de su limpiador para una limpieza profunda.<\/span><\/li>\n<li><span class=\"a-list-item\">MAXIMIZA TU HIDRATANTE: prepara la piel para maximizar el efecto hidratante de tu humectante, como Olay Regenerist Whip.<\/span><\/li>\n<li><span class=\"a-list-item\">2 VELOCIDADES PARA 2 LIMPIEZAS: Elige entre una limpieza profunda diaria o una exfoliaci\u00f3n suave<\/span><\/li>\n<li><span class=\"a-list-item\">NO M\u00c1S MAQUILLAJE: Nuestro cepillo de limpieza facial brinda una limpieza superior en maquillaje dif\u00edcil de quitar.<\/span><\/li>\n<li><span class=\"a-list-item\">RESISTENTE AL AGUA: Seguro para uso en la ducha<\/span><\/li>\n<\/ul>","protected":false},"featured_media":24591,"template":"","meta":[],"product_brand":[],"product_cat":[1320,1305],"product_tag":[754],"class_list":{"0":"post-24456","1":"product","2":"type-product","3":"status-publish","4":"has-post-thumbnail","6":"product_cat-personal-care","7":"product_cat-xiaomi-eco","8":"product_tag-olay-regenerist-face-cleansing-device","10":"first","11":"instock","12":"shipping-taxable","13":"product-type-external"},"aioseo_notices":[],"aioseo_head":"\n\t\t<!-- All in One SEO Pro 4.5.9.2 - aioseo.com -->\n\t\t<meta name=\"description\" content=\"FACE CLEANSING DEVICE: This dermatologist-designed exfoliating facial brush boosts the performance of your cleanser for a deep clean MAXIMIZE YOUR MOISTURIZER: Prime skin to maximize the hydrating effect of your moisturizer \u2014 like Olay Regenerist Whip 2 SPEEDS FOR 2 CLEANS: Choose between a daily deep clean or gentle exfoliation MAKEUP NO MORE: Our facial cleansing brush delivers superior cleansing on hard-to-remove makeup WATER RESISTANT: Safe for in-shower use\" \/>\n\t\t<meta name=\"robots\" content=\"max-image-preview:large\" \/>\n\t\t<link rel=\"canonical\" href=\"https:\/\/www.rucashk.com\/es\/producto\/olay-regenerist-face-cleansing-device-wholesale\/\" \/>\n\t\t<meta name=\"generator\" content=\"All in One SEO Pro (AIOSEO) 4.5.9.2\" \/>\n\t\t<meta property=\"og:locale\" content=\"es_ES\" \/>\n\t\t<meta property=\"og:site_name\" content=\"Rucas - One-stop AIoT Distribution Worldwide\" \/>\n\t\t<meta property=\"og:type\" content=\"article\" \/>\n\t\t<meta property=\"og:title\" content=\"Olay Regenerist Face Cleansing Device Wholesale - Rucas - Wholesale and Distribution\" \/>\n\t\t<meta property=\"og:description\" content=\"FACE CLEANSING DEVICE: This dermatologist-designed exfoliating facial brush boosts the performance of your cleanser for a deep clean MAXIMIZE YOUR MOISTURIZER: Prime skin to maximize the hydrating effect of your moisturizer \u2014 like Olay Regenerist Whip 2 SPEEDS FOR 2 CLEANS: Choose between a daily deep clean or gentle exfoliation MAKEUP NO MORE: Our facial cleansing brush delivers superior cleansing on hard-to-remove makeup WATER RESISTANT: Safe for in-shower use\" \/>\n\t\t<meta property=\"og:url\" content=\"https:\/\/www.rucashk.com\/es\/producto\/olay-regenerist-face-cleansing-device-wholesale\/\" \/>\n\t\t<meta property=\"og:image\" content=\"https:\/\/www.rucashk.com\/wp-content\/uploads\/replace\/503b8e645f128a97ccde2b6290747646.jpeg\" \/>\n\t\t<meta property=\"og:image:secure_url\" content=\"https:\/\/www.rucashk.com\/wp-content\/uploads\/replace\/503b8e645f128a97ccde2b6290747646.jpeg\" \/>\n\t\t<meta property=\"og:image:width\" content=\"1456\" \/>\n\t\t<meta property=\"og:image:height\" content=\"816\" \/>\n\t\t<meta property=\"article:published_time\" content=\"2024-01-09T16:04:42+00:00\" \/>\n\t\t<meta property=\"article:modified_time\" content=\"2024-03-13T13:00:22+00:00\" \/>\n\t\t<meta name=\"twitter:card\" content=\"summary_large_image\" \/>\n\t\t<meta name=\"twitter:title\" content=\"Olay Regenerist Face Cleansing Device Wholesale - Rucas - Wholesale and Distribution\" \/>\n\t\t<meta name=\"twitter:description\" content=\"FACE CLEANSING DEVICE: This dermatologist-designed exfoliating facial brush boosts the performance of your cleanser for a deep clean MAXIMIZE YOUR MOISTURIZER: Prime skin to maximize the hydrating effect of your moisturizer \u2014 like Olay Regenerist Whip 2 SPEEDS FOR 2 CLEANS: Choose between a daily deep clean or gentle exfoliation MAKEUP NO MORE: Our facial cleansing brush delivers superior cleansing on hard-to-remove makeup WATER RESISTANT: Safe for in-shower use\" \/>\n\t\t<meta name=\"twitter:image\" content=\"https:\/\/www.rucashk.com\/wp-content\/uploads\/replace\/503b8e645f128a97ccde2b6290747646.jpeg\" \/>\n\t\t<script type=\"application\/ld+json\" class=\"aioseo-schema\">\n\t\t\t{\"@context\":\"https:\\\/\\\/schema.org\",\"@graph\":[{\"@type\":\"BreadcrumbList\",\"@id\":\"https:\\\/\\\/www.rucashk.com\\\/es\\\/producto\\\/olay-regenerist-face-cleansing-device-wholesale\\\/#breadcrumblist\",\"itemListElement\":[{\"@type\":\"ListItem\",\"@id\":\"https:\\\/\\\/www.rucashk.com\\\/es\\\/#listItem\",\"position\":1,\"name\":\"Home\",\"item\":\"https:\\\/\\\/www.rucashk.com\\\/es\\\/\",\"nextItem\":\"https:\\\/\\\/www.rucashk.com\\\/es\\\/producto\\\/olay-regenerist-face-cleansing-device-wholesale\\\/#listItem\"},{\"@type\":\"ListItem\",\"@id\":\"https:\\\/\\\/www.rucashk.com\\\/es\\\/producto\\\/olay-regenerist-face-cleansing-device-wholesale\\\/#listItem\",\"position\":2,\"name\":\"Olay Regenerist Face Cleansing Device Wholesale\",\"previousItem\":\"https:\\\/\\\/www.rucashk.com\\\/es\\\/#listItem\"}]},{\"@type\":\"Organization\",\"@id\":\"https:\\\/\\\/www.rucashk.com\\\/es\\\/#organization\",\"name\":\"Rucas\",\"url\":\"https:\\\/\\\/www.rucashk.com\\\/es\\\/\",\"logo\":{\"@type\":\"ImageObject\",\"url\":\"https:\\\/\\\/www.rucashk.com\\\/wp-content\\\/uploads\\\/2023\\\/12\\\/Rucas_campany_logo.png\",\"@id\":\"https:\\\/\\\/www.rucashk.com\\\/es\\\/producto\\\/olay-regenerist-face-cleansing-device-wholesale\\\/#organizationLogo\",\"width\":221,\"height\":65},\"image\":{\"@id\":\"https:\\\/\\\/www.rucashk.com\\\/es\\\/#organizationLogo\"}},{\"@type\":\"Person\",\"@id\":\"https:\\\/\\\/www.rucashk.com\\\/es\\\/author\\\/admin\\\/#author\",\"url\":\"https:\\\/\\\/www.rucashk.com\\\/es\\\/author\\\/admin\\\/\",\"name\":\"admin\",\"image\":{\"@type\":\"ImageObject\",\"@id\":\"https:\\\/\\\/www.rucashk.com\\\/es\\\/producto\\\/olay-regenerist-face-cleansing-device-wholesale\\\/#authorImage\",\"url\":\"https:\\\/\\\/secure.gravatar.com\\\/avatar\\\/b7c8925b09a27e72b30232f8ecaadbd5af0f70a38c78096863fe51b64f031c24?s=96&d=mm&r=g\",\"width\":96,\"height\":96,\"caption\":\"admin\"}},{\"@type\":\"WebPage\",\"@id\":\"https:\\\/\\\/www.rucashk.com\\\/es\\\/producto\\\/olay-regenerist-face-cleansing-device-wholesale\\\/#webpage\",\"url\":\"https:\\\/\\\/www.rucashk.com\\\/es\\\/producto\\\/olay-regenerist-face-cleansing-device-wholesale\\\/\",\"name\":\"Olay Regenerist Face Cleansing Device Wholesale - Rucas - Wholesale and Distribution\",\"description\":\"FACE CLEANSING DEVICE: This dermatologist-designed exfoliating facial brush boosts the performance of your cleanser for a deep clean MAXIMIZE YOUR MOISTURIZER: Prime skin to maximize the hydrating effect of your moisturizer \\u2014 like Olay Regenerist Whip 2 SPEEDS FOR 2 CLEANS: Choose between a daily deep clean or gentle exfoliation MAKEUP NO MORE: Our facial cleansing brush delivers superior cleansing on hard-to-remove makeup WATER RESISTANT: Safe for in-shower use\",\"inLanguage\":\"es-ES\",\"isPartOf\":{\"@id\":\"https:\\\/\\\/www.rucashk.com\\\/es\\\/#website\"},\"breadcrumb\":{\"@id\":\"https:\\\/\\\/www.rucashk.com\\\/es\\\/producto\\\/olay-regenerist-face-cleansing-device-wholesale\\\/#breadcrumblist\"},\"author\":{\"@id\":\"https:\\\/\\\/www.rucashk.com\\\/es\\\/author\\\/admin\\\/#author\"},\"creator\":{\"@id\":\"https:\\\/\\\/www.rucashk.com\\\/es\\\/author\\\/admin\\\/#author\"},\"image\":{\"@type\":\"ImageObject\",\"url\":\"https:\\\/\\\/www.rucashk.com\\\/wp-content\\\/uploads\\\/2024\\\/01\\\/81mnrXNykTL._SL1500__\\u526f\\u672c.jpg\",\"@id\":\"https:\\\/\\\/www.rucashk.com\\\/es\\\/producto\\\/olay-regenerist-face-cleansing-device-wholesale\\\/#mainImage\",\"width\":800,\"height\":800},\"primaryImageOfPage\":{\"@id\":\"https:\\\/\\\/www.rucashk.com\\\/es\\\/producto\\\/olay-regenerist-face-cleansing-device-wholesale\\\/#mainImage\"},\"datePublished\":\"2024-01-09T16:04:42+00:00\",\"dateModified\":\"2024-03-13T13:00:22+00:00\"},{\"@type\":\"WebSite\",\"@id\":\"https:\\\/\\\/www.rucashk.com\\\/es\\\/#website\",\"url\":\"https:\\\/\\\/www.rucashk.com\\\/es\\\/\",\"name\":\"Rucas - Wholesale and distribution worldwide\",\"alternateName\":\"Rucas - One-stop AIoT Distribution Worldwide\",\"description\":\"One-stop AIoT Distribution Worldwide\",\"inLanguage\":\"es-ES\",\"publisher\":{\"@id\":\"https:\\\/\\\/www.rucashk.com\\\/es\\\/#organization\"}}]}\n\t\t<\/script>\n\t\t<!-- All in One SEO Pro -->\r\n\t\t<title>Olay Regenerist Face Cleansing Device Wholesale - Rucas - Wholesale and Distribution<\/title>\n\n","aioseo_head_json":{"title":"Olay Regenerist Face Cleansing Device Wholesale - Rucas - Wholesale and Distribution","description":"FACE CLEANSING DEVICE: This dermatologist-designed exfoliating facial brush boosts the performance of your cleanser for a deep clean MAXIMIZE YOUR MOISTURIZER: Prime skin to maximize the hydrating effect of your moisturizer \u2014 like Olay Regenerist Whip 2 SPEEDS FOR 2 CLEANS: Choose between a daily deep clean or gentle exfoliation MAKEUP NO MORE: Our facial cleansing brush delivers superior cleansing on hard-to-remove makeup WATER RESISTANT: Safe for in-shower use","canonical_url":"https:\/\/www.rucashk.com\/es\/producto\/olay-regenerist-face-cleansing-device-wholesale\/","robots":"max-image-preview:large","keywords":"","webmasterTools":{"miscellaneous":""},"og:locale":"es_ES","og:site_name":"Rucas - One-stop AIoT Distribution Worldwide","og:type":"article","og:title":"Olay Regenerist Face Cleansing Device Wholesale - Rucas - Wholesale and Distribution","og:description":"FACE CLEANSING DEVICE: This dermatologist-designed exfoliating facial brush boosts the performance of your cleanser for a deep clean MAXIMIZE YOUR MOISTURIZER: Prime skin to maximize the hydrating effect of your moisturizer \u2014 like Olay Regenerist Whip 2 SPEEDS FOR 2 CLEANS: Choose between a daily deep clean or gentle exfoliation MAKEUP NO MORE: Our facial cleansing brush delivers superior cleansing on hard-to-remove makeup WATER RESISTANT: Safe for in-shower use","og:url":"https:\/\/www.rucashk.com\/es\/producto\/olay-regenerist-face-cleansing-device-wholesale\/","og:image":"https:\/\/www.rucashk.com\/wp-content\/uploads\/replace\/503b8e645f128a97ccde2b6290747646.jpeg","og:image:secure_url":"https:\/\/www.rucashk.com\/wp-content\/uploads\/replace\/503b8e645f128a97ccde2b6290747646.jpeg","og:image:width":1456,"og:image:height":816,"article:published_time":"2024-01-09T16:04:42+00:00","article:modified_time":"2024-03-13T13:00:22+00:00","twitter:card":"summary_large_image","twitter:title":"Olay Regenerist Face Cleansing Device Wholesale - Rucas - Wholesale and Distribution","twitter:description":"FACE CLEANSING DEVICE: This dermatologist-designed exfoliating facial brush boosts the performance of your cleanser for a deep clean MAXIMIZE YOUR MOISTURIZER: Prime skin to maximize the hydrating effect of your moisturizer \u2014 like Olay Regenerist Whip 2 SPEEDS FOR 2 CLEANS: Choose between a daily deep clean or gentle exfoliation MAKEUP NO MORE: Our facial cleansing brush delivers superior cleansing on hard-to-remove makeup WATER RESISTANT: Safe for in-shower use","twitter:image":"https:\/\/www.rucashk.com\/wp-content\/uploads\/replace\/503b8e645f128a97ccde2b6290747646.jpeg","schema":{"@context":"https:\/\/schema.org","@graph":[{"@type":"BreadcrumbList","@id":"https:\/\/www.rucashk.com\/es\/producto\/olay-regenerist-face-cleansing-device-wholesale\/#breadcrumblist","itemListElement":[{"@type":"ListItem","@id":"https:\/\/www.rucashk.com\/es\/#listItem","position":1,"name":"Home","item":"https:\/\/www.rucashk.com\/es\/","nextItem":"https:\/\/www.rucashk.com\/es\/producto\/olay-regenerist-face-cleansing-device-wholesale\/#listItem"},{"@type":"ListItem","@id":"https:\/\/www.rucashk.com\/es\/producto\/olay-regenerist-face-cleansing-device-wholesale\/#listItem","position":2,"name":"Olay Regenerist Face Cleansing Device Wholesale","previousItem":"https:\/\/www.rucashk.com\/es\/#listItem"}]},{"@type":"Organization","@id":"https:\/\/www.rucashk.com\/es\/#organization","name":"Rucas","url":"https:\/\/www.rucashk.com\/es\/","logo":{"@type":"ImageObject","url":"https:\/\/www.rucashk.com\/wp-content\/uploads\/2023\/12\/Rucas_campany_logo.png","@id":"https:\/\/www.rucashk.com\/es\/producto\/olay-regenerist-face-cleansing-device-wholesale\/#organizationLogo","width":221,"height":65},"image":{"@id":"https:\/\/www.rucashk.com\/es\/#organizationLogo"}},{"@type":"Person","@id":"https:\/\/www.rucashk.com\/es\/author\/admin\/#author","url":"https:\/\/www.rucashk.com\/es\/author\/admin\/","name":"admin","image":{"@type":"ImageObject","@id":"https:\/\/www.rucashk.com\/es\/producto\/olay-regenerist-face-cleansing-device-wholesale\/#authorImage","url":"https:\/\/secure.gravatar.com\/avatar\/b7c8925b09a27e72b30232f8ecaadbd5af0f70a38c78096863fe51b64f031c24?s=96&d=mm&r=g","width":96,"height":96,"caption":"admin"}},{"@type":"WebPage","@id":"https:\/\/www.rucashk.com\/es\/producto\/olay-regenerist-face-cleansing-device-wholesale\/#webpage","url":"https:\/\/www.rucashk.com\/es\/producto\/olay-regenerist-face-cleansing-device-wholesale\/","name":"Olay Regenerist Face Cleansing Device Wholesale - Rucas - Wholesale and Distribution","description":"FACE CLEANSING DEVICE: This dermatologist-designed exfoliating facial brush boosts the performance of your cleanser for a deep clean MAXIMIZE YOUR MOISTURIZER: Prime skin to maximize the hydrating effect of your moisturizer \u2014 like Olay Regenerist Whip 2 SPEEDS FOR 2 CLEANS: Choose between a daily deep clean or gentle exfoliation MAKEUP NO MORE: Our facial cleansing brush delivers superior cleansing on hard-to-remove makeup WATER RESISTANT: Safe for in-shower use","inLanguage":"es-ES","isPartOf":{"@id":"https:\/\/www.rucashk.com\/es\/#website"},"breadcrumb":{"@id":"https:\/\/www.rucashk.com\/es\/producto\/olay-regenerist-face-cleansing-device-wholesale\/#breadcrumblist"},"author":{"@id":"https:\/\/www.rucashk.com\/es\/author\/admin\/#author"},"creator":{"@id":"https:\/\/www.rucashk.com\/es\/author\/admin\/#author"},"image":{"@type":"ImageObject","url":"https:\/\/www.rucashk.com\/wp-content\/uploads\/2024\/01\/81mnrXNykTL._SL1500__\u526f\u672c.jpg","@id":"https:\/\/www.rucashk.com\/es\/producto\/olay-regenerist-face-cleansing-device-wholesale\/#mainImage","width":800,"height":800},"primaryImageOfPage":{"@id":"https:\/\/www.rucashk.com\/es\/producto\/olay-regenerist-face-cleansing-device-wholesale\/#mainImage"},"datePublished":"2024-01-09T16:04:42+00:00","dateModified":"2024-03-13T13:00:22+00:00"},{"@type":"WebSite","@id":"https:\/\/www.rucashk.com\/es\/#website","url":"https:\/\/www.rucashk.com\/es\/","name":"Rucas - Wholesale and distribution worldwide","alternateName":"Rucas - One-stop AIoT Distribution Worldwide","description":"One-stop AIoT Distribution Worldwide","inLanguage":"es-ES","publisher":{"@id":"https:\/\/www.rucashk.com\/es\/#organization"}}]}},"aioseo_meta_data":{"post_id":"24456","title":null,"description":null,"keywords":null,"keyphrases":null,"primary_term":null,"canonical_url":null,"og_title":null,"og_description":null,"og_object_type":"default","og_image_type":"default","og_image_url":null,"og_image_width":null,"og_image_height":null,"og_image_custom_url":null,"og_image_custom_fields":null,"og_video":null,"og_custom_url":null,"og_article_section":null,"og_article_tags":null,"twitter_use_og":false,"twitter_card":"default","twitter_image_type":"default","twitter_image_url":null,"twitter_image_custom_url":null,"twitter_image_custom_fields":null,"twitter_title":null,"twitter_description":null,"schema":{"blockGraphs":[],"customGraphs":[],"default":{"data":{"Article":[],"Course":[],"Dataset":[],"FAQPage":[],"Movie":[],"Person":[],"Product":[],"Recipe":[],"Service":[],"SoftwareApplication":[],"WebPage":[]},"graphName":"","isEnabled":true},"graphs":[]},"schema_type":"default","schema_type_options":null,"pillar_content":false,"robots_default":true,"robots_noindex":false,"robots_noarchive":false,"robots_nosnippet":false,"robots_nofollow":false,"robots_noimageindex":false,"robots_noodp":false,"robots_notranslate":false,"robots_max_snippet":null,"robots_max_videopreview":null,"robots_max_imagepreview":"large","priority":null,"frequency":null,"local_seo":null,"breadcrumb_settings":null,"limit_modified_date":false,"created":"2024-04-11 01:57:12","updated":"2025-06-22 17:32:03"},"aioseo_breadcrumb":"<div class=\"aioseo-breadcrumbs\"><span class=\"aioseo-breadcrumb\">\n\t<a href=\"https:\/\/www.rucashk.com\/es\" title=\"Home\">Home<\/a>\n<\/span><span class=\"aioseo-breadcrumb-separator\">&raquo;<\/span><span class=\"aioseo-breadcrumb\">\n\t<a href=\"https:\/\/www.rucashk.com\/es\/products\/\" title=\"Productos\">Productos<\/a>\n<\/span><span class=\"aioseo-breadcrumb-separator\">&raquo;<\/span><span class=\"aioseo-breadcrumb\">\n\t<a href=\"https:\/\/www.rucashk.com\/es\/categoria-producto\/xiaomi-eco\/\" title=\"Xiaomi Eco\">Xiaomi Eco<\/a>\n<\/span><span class=\"aioseo-breadcrumb-separator\">&raquo;<\/span><span class=\"aioseo-breadcrumb\">\n\t<a href=\"https:\/\/www.rucashk.com\/es\/categoria-producto\/xiaomi-eco\/personal-care\/\" title=\"Personal Care\">Personal Care<\/a>\n<\/span><span class=\"aioseo-breadcrumb-separator\">&raquo;<\/span><span class=\"aioseo-breadcrumb\">\n\tOlay Regenerist Face Cleansing Device Wholesale\n<\/span><\/div>","aioseo_breadcrumb_json":[{"label":"Home","link":"https:\/\/www.rucashk.com\/es"},{"label":"Productos","link":"https:\/\/www.rucashk.com\/es\/products\/"},{"label":"Xiaomi Eco","link":"https:\/\/www.rucashk.com\/es\/categoria-producto\/xiaomi-eco\/"},{"label":"Personal Care","link":"https:\/\/www.rucashk.com\/es\/categoria-producto\/xiaomi-eco\/personal-care\/"},{"label":"Olay Regenerist Face Cleansing Device Wholesale","link":"https:\/\/www.rucashk.com\/es\/producto\/olay-regenerist-face-cleansing-device-wholesale\/"}],"_links":{"self":[{"href":"https:\/\/www.rucashk.com\/es\/wp-json\/wp\/v2\/product\/24456","targetHints":{"allow":["GET"]}}],"collection":[{"href":"https:\/\/www.rucashk.com\/es\/wp-json\/wp\/v2\/product"}],"about":[{"href":"https:\/\/www.rucashk.com\/es\/wp-json\/wp\/v2\/types\/product"}],"wp:featuredmedia":[{"embeddable":true,"href":"https:\/\/www.rucashk.com\/es\/wp-json\/wp\/v2\/media\/24591"}],"wp:attachment":[{"href":"https:\/\/www.rucashk.com\/es\/wp-json\/wp\/v2\/media?parent=24456"}],"wp:term":[{"taxonomy":"product_brand","embeddable":true,"href":"https:\/\/www.rucashk.com\/es\/wp-json\/wp\/v2\/product_brand?post=24456"},{"taxonomy":"product_cat","embeddable":true,"href":"https:\/\/www.rucashk.com\/es\/wp-json\/wp\/v2\/product_cat?post=24456"},{"taxonomy":"product_tag","embeddable":true,"href":"https:\/\/www.rucashk.com\/es\/wp-json\/wp\/v2\/product_tag?post=24456"}],"curies":[{"name":"wp","href":"https:\/\/api.w.org\/{rel}","templated":true}]}}