{"id":24420,"date":"2024-01-09T16:04:15","date_gmt":"2024-01-09T16:04:15","guid":{"rendered":"http:\/\/rucashk.com\/?post_type=product&#038;p=24420"},"modified":"2024-03-13T13:00:58","modified_gmt":"2024-03-13T13:00:58","slug":"foreo-luna-mini-2-facial-cleansing-devices-wholesale","status":"publish","type":"product","link":"https:\/\/www.rucashk.com\/es\/producto\/foreo-luna-mini-2-facial-cleansing-devices-wholesale\/","title":{"rendered":"Dispositivos de limpieza facial FOREO LUNA mini 2 al por mayor"},"content":{"rendered":"<h2><img fetchpriority=\"high\" decoding=\"async\" class=\"aligncenter\" style=\"font-size: 16px\" src=\"\/wp-content\/uploads\/replace\/499697b677fcd856a650fad45131ddc9.jpeg\" alt=\"FOREO LUNA mini 2 Facial Cleansing Devices\" width=\"970\" height=\"300\" data-src=\"\/wp-content\/uploads\/replace\/499697b677fcd856a650fad45131ddc9.jpeg\" \/><\/h2>\n<div class=\"aplus-v2 desktop celwidget\" data-cel-widget=\"aplus\" data-csa-c-id=\"wckgiz-vusfey-y53soq-cfqgcr\">\n<div class=\"celwidget aplus-module module-8\" data-cel-widget=\"aplus-module-8\" data-csa-c-id=\"naabp0-ri0q5e-56h4qs-wril0w\">\n<div class=\"a-expander-collapsed-height a-row a-expander-container a-expander-partial-collapse-container\" data-a-expander-name=\"aplus-module-expander\" data-a-expander-collapsed-height=\"700\">\n<div class=\"a-expander-content a-expander-partial-collapse-content\">\n<div class=\"aplus-module-wrapper\">\n<div class=\"apm-spacing\">\n<div class=\"apm-lefttwothirdswrap apm-floatleft\">\n<div class=\"apm-leftimage\"><img decoding=\"async\" class=\"a-spacing-mini aligncenter\" src=\"\/wp-content\/uploads\/replace\/36ee5726b587486cf1c5e52defdff4fb.jpeg\" alt=\"FOREO LUNA mini 2 Facial Cleansing Devices\" width=\"648\" height=\"648\" data-src=\"\/wp-content\/uploads\/replace\/36ee5726b587486cf1c5e52defdff4fb.jpeg\" \/><\/div>\n<div class=\"apm-centerthirdcol\">\n<h3 class=\"a-spacing-mini\" style=\"text-align: center\">Un masaje profesional tipo spa en casa<\/h3>\n<p class=\"a-spacing-base\" style=\"text-align: center\">\u00bfQui\u00e9n necesita el spa cuando puedes recrearlo en casa? LUNA mini 2 es un cepillo de limpieza facial compacto T-Sonic mejorado con 8 intensidades ajustables y resultados brillantes e inconfundibles. Una forma f\u00e1cil y ultrahigi\u00e9nica de darle a tu rostro una limpieza profunda y un masaje facial relajante, este dispositivo transformar\u00e1 tu piel con su ritual de un minuto. Perfecto para todo tipo de piel, este cepillo facial sueco ayuda a lograr una piel clara, tersa y suave.<\/p>\n<\/div>\n<\/div>\n<div class=\"apm-rightthirdcol\">\n<div class=\"apm-rightthirdcol-inner\">\n<div class=\"a-box a-spacing-small a-color-alternate-background apm-listbox\">\n<div class=\"a-box-inner\">\n<p style=\"text-align: center\"><span class=\"a-list-item\"><span class=\"a-size-base\">Se adapta a todo tipo de piel<\/span><\/span><\/p>\n<p style=\"text-align: center\"><span class=\"a-list-item\"><span class=\"a-size-base\">Elimina puntos negros, reduce la visibilidad de los poros.<\/span><\/span><\/p>\n<p style=\"text-align: center\"><span class=\"a-list-item\"><span class=\"a-size-base\">97% piel m\u00e1s limpia en profundidad<\/span><\/span><\/p>\n<p style=\"text-align: center\"><span class=\"a-list-item\"><span class=\"a-size-base\">97% Piel m\u00e1s suave y tersa<\/span><\/span><\/p>\n<p style=\"text-align: center\"><span class=\"a-list-item\"><span class=\"a-size-base\">87% piel con un aspecto m\u00e1s saludable<\/span><\/span><\/p>\n<\/div>\n<\/div>\n<\/div>\n<\/div>\n<\/div>\n<\/div>\n<div><\/div>\n<\/div>\n<\/div>\n<\/div>\n<div class=\"celwidget aplus-module module-6\" data-cel-widget=\"aplus-module-6\" data-csa-c-id=\"e74evk-vzcixv-wojjai-5v0ni\">\n<div class=\"aplus-module-wrapper\">\n<div id=\"aplus-module-6-2\" class=\"aplus-module-content\">\n<div class=\"apm-hovermodule\">\n<div>\n<div class=\"apm-hovermodule-slides\">\n<div class=\"apm-hovermodule-image\"><img decoding=\"async\" class=\"a-spacing-mini aligncenter\" src=\"\/wp-content\/uploads\/replace\/b5de12d975110d07309cf50e03cbec46.jpeg\" alt=\"FOREO LUNA mini 2 Facial Cleansing Devices\" width=\"694\" height=\"694\" data-src=\"\/wp-content\/uploads\/replace\/b5de12d975110d07309cf50e03cbec46.jpeg\" \/><\/div>\n<div class=\"apm-hovermodule-slides-inner\">\n<h3 class=\"a-spacing-mini\" style=\"text-align: center\">Un color para cada personalidad<\/h3>\n<p class=\"a-spacing-base\" style=\"text-align: center\">\u00bfTu estilo es cool, atrevido o algo intermedio? LUNA mini est\u00e1 disponible en 5 tonos llamativos para que puedas encontrar el color que te llame la atenci\u00f3n.<\/p>\n<\/div>\n<\/div>\n<\/div>\n<div class=\"apm-hovermodule-slidecontrol\">\n<div class=\"apm-hovermodule-smallimage celwidget apm-hovermodule-opacitymodon\" data-cel-widget=\"aplus-module-6-hover-1\" data-csa-c-id=\"ll02yd-s85brj-bfdzia-lkcpvj\">\n<div class=\"a-section a-spacing-mini apm-hovermodule-smallimage-bg\"><img loading=\"lazy\" decoding=\"async\" class=\"aligncenter\" src=\"\/wp-content\/uploads\/replace\/59935e7a33c76c1d2981211aa3b53b50.jpeg\" alt=\"FOREO LUNA mini 2 Facial Cleansing Devices\" width=\"506\" height=\"506\" data-src=\"\/wp-content\/uploads\/replace\/59935e7a33c76c1d2981211aa3b53b50.jpeg\" \/><\/div>\n<\/div>\n<div class=\"apm-hovermodule-smallimage celwidget apm-hovermodule-opacitymodon\" data-cel-widget=\"aplus-module-6-hover-2\" data-csa-c-id=\"882ojz-g6l29r-1cb3uu-m0pdlp\">\n<div class=\"a-section a-spacing-mini apm-hovermodule-smallimage-bg\"><img loading=\"lazy\" decoding=\"async\" class=\"aligncenter\" src=\"\/wp-content\/uploads\/replace\/24ec4b975b47899168b82e14fe386be3.jpeg\" alt=\"FOREO LUNA mini 2 Facial Cleansing Devices\" width=\"497\" height=\"497\" data-src=\"\/wp-content\/uploads\/replace\/24ec4b975b47899168b82e14fe386be3.jpeg\" \/><\/div>\n<\/div>\n<div class=\"apm-hovermodule-smallimage celwidget apm-hovermodule-opacitymodon\" data-csa-c-id=\"44dpsn-eclkbb-mpbgt5-eadsgt\" data-cel-widget=\"aplus-module-6-hover-3\">\n<div class=\"a-section a-spacing-mini apm-hovermodule-smallimage-bg\"><img loading=\"lazy\" decoding=\"async\" class=\"aligncenter\" src=\"\/wp-content\/uploads\/replace\/0150eed856ba46a4c9ec51dbd91f8977.jpeg\" alt=\"FOREO LUNA mini 2 Facial Cleansing Devices\" width=\"574\" height=\"574\" data-src=\"\/wp-content\/uploads\/replace\/0150eed856ba46a4c9ec51dbd91f8977.jpeg\" \/><\/div>\n<\/div>\n<div class=\"apm-hovermodule-smallimage celwidget\" data-csa-c-id=\"975o0t-fjdl31-capz10-feyqfd\" data-cel-widget=\"aplus-module-6-hover-4\">\n<div class=\"a-section a-spacing-mini apm-hovermodule-smallimage-bg\"><\/div>\n<\/div>\n<\/div>\n<\/div>\n<\/div>\n<\/div>\n<div><\/div>\n<\/div>\n<div class=\"celwidget aplus-module module-9\" data-csa-c-id=\"d2w3qi-ktinqo-o5wh9i-ssksft\" data-cel-widget=\"aplus-module-9\">\n<div class=\"a-expander-collapsed-height a-row a-expander-container a-expander-partial-collapse-container\" data-a-expander-name=\"aplus-module-expander\" data-a-expander-collapsed-height=\"700\">\n<div class=\"a-expander-content a-expander-partial-collapse-content\">\n<div class=\"aplus-module-wrapper\">\n<div class=\"apm-spacing apm-fixed-width\">\n<h3 class=\"a-spacing-small\" style=\"text-align: center\">Cuidado de la piel sin esfuerzo todos los d\u00edas<\/h3>\n<table class=\"apm-fixed-width apm-eventhirdcol-table\">\n<tbody>\n<tr>\n<th class=\"apm-center\">\n<div class=\"apm-eventhirdcol apm-floatleft\">\n<p><img loading=\"lazy\" decoding=\"async\" class=\"a-spacing-mini alignnone\" src=\"\/wp-content\/uploads\/replace\/0198bfd6c90b049b7cac94eb3e6c9f44.jpeg\" alt=\"FOREO LUNA mini 2 Facial Cleansing Devices\" width=\"300\" height=\"300\" data-src=\"\/wp-content\/uploads\/replace\/0198bfd6c90b049b7cac94eb3e6c9f44.jpeg\" \/><\/p>\n<\/div>\n<\/th>\n<th class=\"apm-center\">\n<div class=\"apm-eventhirdcol apm-floatleft\">\n<p><img loading=\"lazy\" decoding=\"async\" class=\"a-spacing-mini alignnone\" src=\"\/wp-content\/uploads\/replace\/50de31c6fe910a2d2c0afa9e807ccd6a.jpeg\" alt=\"FOREO LUNA mini 2 Facial Cleansing Devices\" width=\"300\" height=\"300\" data-src=\"\/wp-content\/uploads\/replace\/50de31c6fe910a2d2c0afa9e807ccd6a.jpeg\" \/><\/p>\n<\/div>\n<\/th>\n<th class=\"apm-center\">\n<div class=\"apm-eventhirdcol apm-floatleft\">\n<p><img loading=\"lazy\" decoding=\"async\" class=\"a-spacing-mini alignnone\" src=\"\/wp-content\/uploads\/replace\/f73d0b86c168d5d91179b875c1f54604.jpeg\" alt=\"FOREO LUNA mini 2 Facial Cleansing Devices\" width=\"300\" height=\"300\" data-src=\"\/wp-content\/uploads\/replace\/f73d0b86c168d5d91179b875c1f54604.jpeg\" \/><\/p>\n<\/div>\n<\/th>\n<\/tr>\n<tr>\n<td class=\"apm-top\">\n<div class=\"apm-eventhirdcol apm-floatleft\">\n<h4 class=\"a-spacing-mini\">1. Aplicar limpiador<\/h4>\n<p>Humedece tu rostro y aplica tu limpiador favorito. Moja LUNA mini 2 y enci\u00e9ndelo.<\/p>\n<\/div>\n<\/td>\n<td class=\"apm-top\">\n<div class=\"apm-eventhirdcol apm-floatleft\">\n<h4 class=\"a-spacing-mini\">2. Limpiar<\/h4>\n<p>Desliza suavemente LUNA mini 2 con movimientos circulares sobre tu rostro durante 1 minuto.<\/p>\n<\/div>\n<\/td>\n<td class=\"apm-top\">\n<div class=\"apm-eventhirdcol apm-floatleft\">\n<h4 class=\"a-spacing-mini\">3. Enjuague<\/h4>\n<p>Enjuague y seque su cara. Aplique productos adicionales para el cuidado de la piel seg\u00fan lo desee.<\/p>\n<\/div>\n<\/td>\n<\/tr>\n<\/tbody>\n<\/table>\n<\/div>\n<\/div>\n<\/div>\n<\/div>\n<\/div>\n<\/div>","protected":false},"excerpt":{"rendered":"<p>With 8 adjustable strengths,<\/p>\n<p>you can completely customize the cleaning experience.<\/p>\n<p>It takes only 2 minutes and 1 minute every day to get a fresh,<\/p>\n<p>clear and even skin tone.<\/p>","protected":false},"featured_media":24560,"template":"","meta":[],"product_brand":[],"product_cat":[1322],"product_tag":[1084],"class_list":{"0":"post-24420","1":"product","2":"type-product","3":"status-publish","4":"has-post-thumbnail","6":"product_cat-other-a-brands","7":"product_tag-foreo-luna-mini-2-facial-cleansing-devices","9":"first","10":"instock","11":"shipping-taxable","12":"product-type-external"},"aioseo_notices":[],"aioseo_head":"\n\t\t<!-- All in One SEO Pro 4.5.9.2 - aioseo.com -->\n\t\t<meta name=\"description\" content=\"With 8 adjustable strengths, you can completely customize the cleaning experience. It takes only 2 minutes and 1 minute every day to get a fresh, clear and even skin tone.\" \/>\n\t\t<meta name=\"robots\" content=\"max-image-preview:large\" \/>\n\t\t<link rel=\"canonical\" href=\"https:\/\/www.rucashk.com\/es\/producto\/foreo-luna-mini-2-facial-cleansing-devices-wholesale\/\" \/>\n\t\t<meta name=\"generator\" content=\"All in One SEO Pro (AIOSEO) 4.5.9.2\" \/>\n\t\t<meta property=\"og:locale\" content=\"es_ES\" \/>\n\t\t<meta property=\"og:site_name\" content=\"Rucas - One-stop AIoT Distribution Worldwide\" \/>\n\t\t<meta property=\"og:type\" content=\"article\" \/>\n\t\t<meta property=\"og:title\" content=\"FOREO LUNA mini 2 Facial Cleansing Devices Wholesale - Rucas - Wholesale and Distribution\" \/>\n\t\t<meta property=\"og:description\" content=\"With 8 adjustable strengths, you can completely customize the cleaning experience. It takes only 2 minutes and 1 minute every day to get a fresh, clear and even skin tone.\" \/>\n\t\t<meta property=\"og:url\" content=\"https:\/\/www.rucashk.com\/es\/producto\/foreo-luna-mini-2-facial-cleansing-devices-wholesale\/\" \/>\n\t\t<meta property=\"og:image\" content=\"https:\/\/www.rucashk.com\/wp-content\/uploads\/replace\/503b8e645f128a97ccde2b6290747646.jpeg\" \/>\n\t\t<meta property=\"og:image:secure_url\" content=\"https:\/\/www.rucashk.com\/wp-content\/uploads\/replace\/503b8e645f128a97ccde2b6290747646.jpeg\" \/>\n\t\t<meta property=\"og:image:width\" content=\"1456\" \/>\n\t\t<meta property=\"og:image:height\" content=\"816\" \/>\n\t\t<meta property=\"article:published_time\" content=\"2024-01-09T16:04:15+00:00\" \/>\n\t\t<meta property=\"article:modified_time\" content=\"2024-03-13T13:00:58+00:00\" \/>\n\t\t<meta name=\"twitter:card\" content=\"summary_large_image\" \/>\n\t\t<meta name=\"twitter:title\" content=\"FOREO LUNA mini 2 Facial Cleansing Devices Wholesale - Rucas - Wholesale and Distribution\" \/>\n\t\t<meta name=\"twitter:description\" content=\"With 8 adjustable strengths, you can completely customize the cleaning experience. It takes only 2 minutes and 1 minute every day to get a fresh, clear and even skin tone.\" \/>\n\t\t<meta name=\"twitter:image\" content=\"https:\/\/www.rucashk.com\/wp-content\/uploads\/replace\/503b8e645f128a97ccde2b6290747646.jpeg\" \/>\n\t\t<script type=\"application\/ld+json\" class=\"aioseo-schema\">\n\t\t\t{\"@context\":\"https:\\\/\\\/schema.org\",\"@graph\":[{\"@type\":\"BreadcrumbList\",\"@id\":\"https:\\\/\\\/www.rucashk.com\\\/es\\\/producto\\\/foreo-luna-mini-2-facial-cleansing-devices-wholesale\\\/#breadcrumblist\",\"itemListElement\":[{\"@type\":\"ListItem\",\"@id\":\"https:\\\/\\\/www.rucashk.com\\\/es\\\/#listItem\",\"position\":1,\"name\":\"Home\",\"item\":\"https:\\\/\\\/www.rucashk.com\\\/es\\\/\",\"nextItem\":\"https:\\\/\\\/www.rucashk.com\\\/es\\\/producto\\\/foreo-luna-mini-2-facial-cleansing-devices-wholesale\\\/#listItem\"},{\"@type\":\"ListItem\",\"@id\":\"https:\\\/\\\/www.rucashk.com\\\/es\\\/producto\\\/foreo-luna-mini-2-facial-cleansing-devices-wholesale\\\/#listItem\",\"position\":2,\"name\":\"FOREO LUNA mini 2 Facial Cleansing Devices Wholesale\",\"previousItem\":\"https:\\\/\\\/www.rucashk.com\\\/es\\\/#listItem\"}]},{\"@type\":\"Organization\",\"@id\":\"https:\\\/\\\/www.rucashk.com\\\/es\\\/#organization\",\"name\":\"Rucas\",\"url\":\"https:\\\/\\\/www.rucashk.com\\\/es\\\/\",\"logo\":{\"@type\":\"ImageObject\",\"url\":\"https:\\\/\\\/www.rucashk.com\\\/wp-content\\\/uploads\\\/2023\\\/12\\\/Rucas_campany_logo.png\",\"@id\":\"https:\\\/\\\/www.rucashk.com\\\/es\\\/producto\\\/foreo-luna-mini-2-facial-cleansing-devices-wholesale\\\/#organizationLogo\",\"width\":221,\"height\":65},\"image\":{\"@id\":\"https:\\\/\\\/www.rucashk.com\\\/es\\\/#organizationLogo\"}},{\"@type\":\"Person\",\"@id\":\"https:\\\/\\\/www.rucashk.com\\\/es\\\/author\\\/admin\\\/#author\",\"url\":\"https:\\\/\\\/www.rucashk.com\\\/es\\\/author\\\/admin\\\/\",\"name\":\"admin\",\"image\":{\"@type\":\"ImageObject\",\"@id\":\"https:\\\/\\\/www.rucashk.com\\\/es\\\/producto\\\/foreo-luna-mini-2-facial-cleansing-devices-wholesale\\\/#authorImage\",\"url\":\"https:\\\/\\\/secure.gravatar.com\\\/avatar\\\/b7c8925b09a27e72b30232f8ecaadbd5af0f70a38c78096863fe51b64f031c24?s=96&d=mm&r=g\",\"width\":96,\"height\":96,\"caption\":\"admin\"}},{\"@type\":\"WebPage\",\"@id\":\"https:\\\/\\\/www.rucashk.com\\\/es\\\/producto\\\/foreo-luna-mini-2-facial-cleansing-devices-wholesale\\\/#webpage\",\"url\":\"https:\\\/\\\/www.rucashk.com\\\/es\\\/producto\\\/foreo-luna-mini-2-facial-cleansing-devices-wholesale\\\/\",\"name\":\"FOREO LUNA mini 2 Facial Cleansing Devices Wholesale - Rucas - Wholesale and Distribution\",\"description\":\"With 8 adjustable strengths, you can completely customize the cleaning experience. It takes only 2 minutes and 1 minute every day to get a fresh, clear and even skin tone.\",\"inLanguage\":\"es-ES\",\"isPartOf\":{\"@id\":\"https:\\\/\\\/www.rucashk.com\\\/es\\\/#website\"},\"breadcrumb\":{\"@id\":\"https:\\\/\\\/www.rucashk.com\\\/es\\\/producto\\\/foreo-luna-mini-2-facial-cleansing-devices-wholesale\\\/#breadcrumblist\"},\"author\":{\"@id\":\"https:\\\/\\\/www.rucashk.com\\\/es\\\/author\\\/admin\\\/#author\"},\"creator\":{\"@id\":\"https:\\\/\\\/www.rucashk.com\\\/es\\\/author\\\/admin\\\/#author\"},\"image\":{\"@type\":\"ImageObject\",\"url\":\"https:\\\/\\\/www.rucashk.com\\\/wp-content\\\/uploads\\\/2024\\\/01\\\/81gFznisUrL._SL1500__\\u526f\\u672c.jpg\",\"@id\":\"https:\\\/\\\/www.rucashk.com\\\/es\\\/producto\\\/foreo-luna-mini-2-facial-cleansing-devices-wholesale\\\/#mainImage\",\"width\":800,\"height\":800},\"primaryImageOfPage\":{\"@id\":\"https:\\\/\\\/www.rucashk.com\\\/es\\\/producto\\\/foreo-luna-mini-2-facial-cleansing-devices-wholesale\\\/#mainImage\"},\"datePublished\":\"2024-01-09T16:04:15+00:00\",\"dateModified\":\"2024-03-13T13:00:58+00:00\"},{\"@type\":\"WebSite\",\"@id\":\"https:\\\/\\\/www.rucashk.com\\\/es\\\/#website\",\"url\":\"https:\\\/\\\/www.rucashk.com\\\/es\\\/\",\"name\":\"Rucas - Wholesale and distribution worldwide\",\"alternateName\":\"Rucas - One-stop AIoT Distribution Worldwide\",\"description\":\"One-stop AIoT Distribution Worldwide\",\"inLanguage\":\"es-ES\",\"publisher\":{\"@id\":\"https:\\\/\\\/www.rucashk.com\\\/es\\\/#organization\"}}]}\n\t\t<\/script>\n\t\t<!-- All in One SEO Pro -->\r\n\t\t<title>FOREO LUNA mini 2 Facial Cleansing Devices Wholesale - Rucas - Wholesale and Distribution<\/title>\n\n","aioseo_head_json":{"title":"FOREO LUNA mini 2 Facial Cleansing Devices Wholesale - Rucas - Wholesale and Distribution","description":"With 8 adjustable strengths, you can completely customize the cleaning experience. It takes only 2 minutes and 1 minute every day to get a fresh, clear and even skin tone.","canonical_url":"https:\/\/www.rucashk.com\/es\/producto\/foreo-luna-mini-2-facial-cleansing-devices-wholesale\/","robots":"max-image-preview:large","keywords":"","webmasterTools":{"miscellaneous":""},"og:locale":"es_ES","og:site_name":"Rucas - One-stop AIoT Distribution Worldwide","og:type":"article","og:title":"FOREO LUNA mini 2 Facial Cleansing Devices Wholesale - Rucas - Wholesale and Distribution","og:description":"With 8 adjustable strengths, you can completely customize the cleaning experience. It takes only 2 minutes and 1 minute every day to get a fresh, clear and even skin tone.","og:url":"https:\/\/www.rucashk.com\/es\/producto\/foreo-luna-mini-2-facial-cleansing-devices-wholesale\/","og:image":"https:\/\/www.rucashk.com\/wp-content\/uploads\/replace\/503b8e645f128a97ccde2b6290747646.jpeg","og:image:secure_url":"https:\/\/www.rucashk.com\/wp-content\/uploads\/replace\/503b8e645f128a97ccde2b6290747646.jpeg","og:image:width":1456,"og:image:height":816,"article:published_time":"2024-01-09T16:04:15+00:00","article:modified_time":"2024-03-13T13:00:58+00:00","twitter:card":"summary_large_image","twitter:title":"FOREO LUNA mini 2 Facial Cleansing Devices Wholesale - Rucas - Wholesale and Distribution","twitter:description":"With 8 adjustable strengths, you can completely customize the cleaning experience. It takes only 2 minutes and 1 minute every day to get a fresh, clear and even skin tone.","twitter:image":"https:\/\/www.rucashk.com\/wp-content\/uploads\/replace\/503b8e645f128a97ccde2b6290747646.jpeg","schema":{"@context":"https:\/\/schema.org","@graph":[{"@type":"BreadcrumbList","@id":"https:\/\/www.rucashk.com\/es\/producto\/foreo-luna-mini-2-facial-cleansing-devices-wholesale\/#breadcrumblist","itemListElement":[{"@type":"ListItem","@id":"https:\/\/www.rucashk.com\/es\/#listItem","position":1,"name":"Home","item":"https:\/\/www.rucashk.com\/es\/","nextItem":"https:\/\/www.rucashk.com\/es\/producto\/foreo-luna-mini-2-facial-cleansing-devices-wholesale\/#listItem"},{"@type":"ListItem","@id":"https:\/\/www.rucashk.com\/es\/producto\/foreo-luna-mini-2-facial-cleansing-devices-wholesale\/#listItem","position":2,"name":"FOREO LUNA mini 2 Facial Cleansing Devices Wholesale","previousItem":"https:\/\/www.rucashk.com\/es\/#listItem"}]},{"@type":"Organization","@id":"https:\/\/www.rucashk.com\/es\/#organization","name":"Rucas","url":"https:\/\/www.rucashk.com\/es\/","logo":{"@type":"ImageObject","url":"https:\/\/www.rucashk.com\/wp-content\/uploads\/2023\/12\/Rucas_campany_logo.png","@id":"https:\/\/www.rucashk.com\/es\/producto\/foreo-luna-mini-2-facial-cleansing-devices-wholesale\/#organizationLogo","width":221,"height":65},"image":{"@id":"https:\/\/www.rucashk.com\/es\/#organizationLogo"}},{"@type":"Person","@id":"https:\/\/www.rucashk.com\/es\/author\/admin\/#author","url":"https:\/\/www.rucashk.com\/es\/author\/admin\/","name":"admin","image":{"@type":"ImageObject","@id":"https:\/\/www.rucashk.com\/es\/producto\/foreo-luna-mini-2-facial-cleansing-devices-wholesale\/#authorImage","url":"https:\/\/secure.gravatar.com\/avatar\/b7c8925b09a27e72b30232f8ecaadbd5af0f70a38c78096863fe51b64f031c24?s=96&d=mm&r=g","width":96,"height":96,"caption":"admin"}},{"@type":"WebPage","@id":"https:\/\/www.rucashk.com\/es\/producto\/foreo-luna-mini-2-facial-cleansing-devices-wholesale\/#webpage","url":"https:\/\/www.rucashk.com\/es\/producto\/foreo-luna-mini-2-facial-cleansing-devices-wholesale\/","name":"FOREO LUNA mini 2 Facial Cleansing Devices Wholesale - Rucas - Wholesale and Distribution","description":"With 8 adjustable strengths, you can completely customize the cleaning experience. It takes only 2 minutes and 1 minute every day to get a fresh, clear and even skin tone.","inLanguage":"es-ES","isPartOf":{"@id":"https:\/\/www.rucashk.com\/es\/#website"},"breadcrumb":{"@id":"https:\/\/www.rucashk.com\/es\/producto\/foreo-luna-mini-2-facial-cleansing-devices-wholesale\/#breadcrumblist"},"author":{"@id":"https:\/\/www.rucashk.com\/es\/author\/admin\/#author"},"creator":{"@id":"https:\/\/www.rucashk.com\/es\/author\/admin\/#author"},"image":{"@type":"ImageObject","url":"https:\/\/www.rucashk.com\/wp-content\/uploads\/2024\/01\/81gFznisUrL._SL1500__\u526f\u672c.jpg","@id":"https:\/\/www.rucashk.com\/es\/producto\/foreo-luna-mini-2-facial-cleansing-devices-wholesale\/#mainImage","width":800,"height":800},"primaryImageOfPage":{"@id":"https:\/\/www.rucashk.com\/es\/producto\/foreo-luna-mini-2-facial-cleansing-devices-wholesale\/#mainImage"},"datePublished":"2024-01-09T16:04:15+00:00","dateModified":"2024-03-13T13:00:58+00:00"},{"@type":"WebSite","@id":"https:\/\/www.rucashk.com\/es\/#website","url":"https:\/\/www.rucashk.com\/es\/","name":"Rucas - Wholesale and distribution worldwide","alternateName":"Rucas - One-stop AIoT Distribution Worldwide","description":"One-stop AIoT Distribution Worldwide","inLanguage":"es-ES","publisher":{"@id":"https:\/\/www.rucashk.com\/es\/#organization"}}]}},"aioseo_meta_data":{"post_id":"24420","title":null,"description":null,"keywords":null,"keyphrases":null,"primary_term":null,"canonical_url":null,"og_title":null,"og_description":null,"og_object_type":"default","og_image_type":"default","og_image_url":null,"og_image_width":null,"og_image_height":null,"og_image_custom_url":null,"og_image_custom_fields":null,"og_video":null,"og_custom_url":null,"og_article_section":null,"og_article_tags":null,"twitter_use_og":false,"twitter_card":"default","twitter_image_type":"default","twitter_image_url":null,"twitter_image_custom_url":null,"twitter_image_custom_fields":null,"twitter_title":null,"twitter_description":null,"schema":{"blockGraphs":[],"customGraphs":[],"default":{"data":{"Article":[],"Course":[],"Dataset":[],"FAQPage":[],"Movie":[],"Person":[],"Product":[],"Recipe":[],"Service":[],"SoftwareApplication":[],"WebPage":[]},"graphName":"","isEnabled":true},"graphs":[]},"schema_type":"default","schema_type_options":null,"pillar_content":false,"robots_default":true,"robots_noindex":false,"robots_noarchive":false,"robots_nosnippet":false,"robots_nofollow":false,"robots_noimageindex":false,"robots_noodp":false,"robots_notranslate":false,"robots_max_snippet":null,"robots_max_videopreview":null,"robots_max_imagepreview":"large","priority":null,"frequency":null,"local_seo":null,"breadcrumb_settings":null,"limit_modified_date":false,"created":"2024-04-11 01:57:12","updated":"2025-06-22 17:31:27"},"aioseo_breadcrumb":"<div class=\"aioseo-breadcrumbs\"><span class=\"aioseo-breadcrumb\">\n\t<a href=\"https:\/\/www.rucashk.com\/es\" title=\"Home\">Home<\/a>\n<\/span><span class=\"aioseo-breadcrumb-separator\">&raquo;<\/span><span class=\"aioseo-breadcrumb\">\n\t<a href=\"https:\/\/www.rucashk.com\/es\/products\/\" title=\"Productos\">Productos<\/a>\n<\/span><span class=\"aioseo-breadcrumb-separator\">&raquo;<\/span><span class=\"aioseo-breadcrumb\">\n\t<a href=\"https:\/\/www.rucashk.com\/es\/categoria-producto\/other-a-brands\/\" title=\"Other A-Brands\">Other A-Brands<\/a>\n<\/span><span class=\"aioseo-breadcrumb-separator\">&raquo;<\/span><span class=\"aioseo-breadcrumb\">\n\tFOREO LUNA mini 2 Facial Cleansing Devices Wholesale\n<\/span><\/div>","aioseo_breadcrumb_json":[{"label":"Home","link":"https:\/\/www.rucashk.com\/es"},{"label":"Productos","link":"https:\/\/www.rucashk.com\/es\/products\/"},{"label":"Other A-Brands","link":"https:\/\/www.rucashk.com\/es\/categoria-producto\/other-a-brands\/"},{"label":"FOREO LUNA mini 2 Facial Cleansing Devices Wholesale","link":"https:\/\/www.rucashk.com\/es\/producto\/foreo-luna-mini-2-facial-cleansing-devices-wholesale\/"}],"_links":{"self":[{"href":"https:\/\/www.rucashk.com\/es\/wp-json\/wp\/v2\/product\/24420","targetHints":{"allow":["GET"]}}],"collection":[{"href":"https:\/\/www.rucashk.com\/es\/wp-json\/wp\/v2\/product"}],"about":[{"href":"https:\/\/www.rucashk.com\/es\/wp-json\/wp\/v2\/types\/product"}],"wp:featuredmedia":[{"embeddable":true,"href":"https:\/\/www.rucashk.com\/es\/wp-json\/wp\/v2\/media\/24560"}],"wp:attachment":[{"href":"https:\/\/www.rucashk.com\/es\/wp-json\/wp\/v2\/media?parent=24420"}],"wp:term":[{"taxonomy":"product_brand","embeddable":true,"href":"https:\/\/www.rucashk.com\/es\/wp-json\/wp\/v2\/product_brand?post=24420"},{"taxonomy":"product_cat","embeddable":true,"href":"https:\/\/www.rucashk.com\/es\/wp-json\/wp\/v2\/product_cat?post=24420"},{"taxonomy":"product_tag","embeddable":true,"href":"https:\/\/www.rucashk.com\/es\/wp-json\/wp\/v2\/product_tag?post=24420"}],"curies":[{"name":"wp","href":"https:\/\/api.w.org\/{rel}","templated":true}]}}