{"id":24418,"date":"2024-01-09T16:04:15","date_gmt":"2024-01-09T16:04:15","guid":{"rendered":"http:\/\/rucashk.com\/?post_type=product&#038;p=24418"},"modified":"2025-06-17T08:09:42","modified_gmt":"2025-06-17T08:09:42","slug":"dyson-supersonic-hair-dryer-wholesale","status":"publish","type":"product","link":"https:\/\/www.rucashk.com\/es\/producto\/dyson-supersonic-hair-dryer-wholesale\/","title":{"rendered":"Secador de pelo supers\u00f3nico Dyson al por mayor"},"content":{"rendered":"<h2 class=\"a-text-center aplus-container-3 aplus-h1 a-text-bold\" style=\"text-align: center\">Secado r\u00e1pido. Sin calor extremo. Dise\u00f1ado para diferentes tipos de cabello.<img fetchpriority=\"high\" decoding=\"async\" class=\"aligncenter wp-image-20699 size-full\" src=\"https:\/\/www.rucashk.com\/wp-content\/uploads\/2020\/07\/1-23.png\" alt=\"Dyson Supersonic Hair Dryer\" width=\"1459\" height=\"597\" \/><img decoding=\"async\" class=\"aligncenter wp-image-20700 size-full\" src=\"https:\/\/www.rucashk.com\/wp-content\/uploads\/2020\/07\/2-12.png\" alt=\"Dyson Supersonic Hair Dryer\" width=\"1464\" height=\"644\" \/><img decoding=\"async\" class=\"aligncenter wp-image-20701 size-full\" src=\"https:\/\/www.rucashk.com\/wp-content\/uploads\/2020\/07\/3-10.png\" alt=\"Dyson Supersonic Hair Dryer\" width=\"1459\" height=\"568\" \/><\/h2>\n<h2 class=\"default\">Descripci\u00f3n del Producto<\/h2>\n<div id=\"productDescription\" class=\"a-section a-spacing-small\">\n<div class=\"disclaim\">Color:<strong>Hierro\/Fucsia<\/strong><\/div>\n<p>El secador de cabello Dyson Supersonic est\u00e1 dise\u00f1ado para proteger el cabello del da\u00f1o causado por el calor extremo con el secado m\u00e1s r\u00e1pido+ y un peinado controlado. Este secador ayuda a aumentar la suavidad en 75%, aumentar el brillo hasta en 132% y disminuir el frizz y el cabello suelto hasta en 61%.<\/p>\n<p>&nbsp;<\/p>\n<p><u><strong>Detalles de producto<\/strong><\/u><\/p>\n<p><strong>Secado m\u00e1s r\u00e1pido<\/strong><strong>+<\/strong><strong>:\u00a0<\/strong>El peque\u00f1o y potente motor digital Dyson V9, combinado con la tecnolog\u00eda Air Multiplier, produce un chorro de aire controlado de alta velocidad para un secado m\u00e1s r\u00e1pido y un peinado preciso.<\/p>\n<p><strong>Previene el da\u00f1o por calor extremo para ayudar a proteger el brillo:\u00a0<\/strong>El control de calor inteligente mide la temperatura del aire m\u00e1s de 40 veces por segundo para evitar da\u00f1os por calor extremo.<\/p>\n<p><strong>Dise\u00f1ado para diferentes tipos de cabello:\u00a0<\/strong>A trav\u00e9s de investigaciones en nuestros laboratorios capilares, hemos dise\u00f1ado una gama de accesorios dise\u00f1ados para peinar diferentes tipos de cabello.<\/p>\n<p><strong>Ligero y equilibrado:\u00a0<\/strong>Dyson ha dado un giro a lo convencional y ha colocado el motor en el mango, reequilibrando por completo el peso y la forma de la secadora.<\/p>\n<p><strong>Accesorios magn\u00e9ticos:\u00a0<\/strong>Solo el secador de pelo Dyson Supersonic viene con accesorios magn\u00e9ticos, para que puedas ajustarlos r\u00e1pida y f\u00e1cilmente.<\/p>\n<p><strong>Afinado ac\u00fasticamente:\u00a0<\/strong>El potente motor est\u00e1 sintonizado para producir una frecuencia inaudible.<\/p>\n<p><strong>Ajustes precisos de velocidad y calor:\u00a0<\/strong>Ofrece secado y peinado r\u00e1pidos, secado regular y secado suave con un flujo fresco constante.<\/p>\n<p><strong>Iones negativos:\u00a0<\/strong>Ayuda a reducir la est\u00e1tica en el cabello.<\/p>\n<p><strong>Fr\u00edo al tacto:\u00a0<\/strong>Con la tecnolog\u00eda Heat Shield, las superficies de los accesorios se mantienen frescas. Incluso durante el peinado de cerca.<\/p>\n<p><strong>Accesorios de peinado magn\u00e9ticos<\/strong><\/p>\n<ul>\n<li><strong>Concentrador de peinado<\/strong><br \/>\nEl dise\u00f1o ancho y delgado del concentrador de peinado crea una paleta de aire de alta velocidad que es perfecta para peinar.<\/li>\n<li><strong>Boquilla alisadora<\/strong><br \/>\nSeca el cabello con un flujo de aire suave y controlado, lo que ayuda a crear un acabado suave y natural.<\/li>\n<li><strong>Difusor<\/strong><br \/>\nDise\u00f1ado para dispersar el aire uniformemente alrededor de los rizos y simular el secado natural, ayudando a reducir el frizz y definir rizos y ondas. Las puntas largas te permiten peinar el cabello con control y penetrar profundamente en el cabello.<\/li>\n<\/ul>\n<p><u><strong>Este conjunto contiene<\/strong><\/u><\/p>\n<ul>\n<li>Dyson supers\u00f3nico<\/li>\n<li>Concentrador de peinado<\/li>\n<li>Boquilla alisadora<\/li>\n<li>Difusor<\/li>\n<li>Alfombra antideslizante<\/li>\n<li>Percha de almacenamiento<\/li>\n<\/ul>\n<p><strong>versus cabello secado naturalmente. Los resultados pueden variar seg\u00fan el tipo de cabello.<\/strong>.<\/p>\n<p><strong>+<\/strong><strong>El secado m\u00e1s r\u00e1pido probado en cabello real por un laboratorio externo frente al mercado de secadores de pelo.<\/strong><\/p>\n<p>&nbsp;<\/p>\n<h2><strong>Informaci\u00f3n del Producto<\/strong><\/h2>\n<p>Color:<strong>Hierro\/Fucsia<\/strong><\/p>\n<table width=\"0\">\n<tbody>\n<tr>\n<td width=\"352\">Dimensiones del producto<\/td>\n<td>38,61 x 26,7 x 10,01 pulgadas<\/td>\n<\/tr>\n<tr>\n<td width=\"352\">Peso del art\u00edculo<\/td>\n<td>4,7 libras<\/td>\n<\/tr>\n<tr>\n<td width=\"352\">Fabricante<\/td>\n<td>Dyson<\/td>\n<\/tr>\n<tr>\n<td width=\"352\">COMO EN<\/td>\n<td>B01FIG1JIM<\/td>\n<\/tr>\n<tr>\n<td width=\"352\">N\u00famero de modelo del art\u00edculo<\/td>\n<td>306002-01<\/td>\n<\/tr>\n<tr>\n<td width=\"352\">Bater\u00edas<\/td>\n<td>Se requieren 1 bater\u00edas de iones de litio.<\/td>\n<\/tr>\n<tr>\n<td width=\"352\">Est\u00e1 descontinuado por el fabricante.<\/td>\n<td>No<\/td>\n<\/tr>\n<tr>\n<td width=\"352\">Peso del art\u00edculo<\/td>\n<td>4,7 libras<\/td>\n<\/tr>\n<tr>\n<td width=\"352\">Bater\u00edas requeridas<\/td>\n<td>No<\/td>\n<\/tr>\n<\/tbody>\n<\/table>\n<h2>Principales caracter\u00edsticas<\/h2>\n<ul class=\"a-unordered-list a-vertical a-spacing-mini\">\n<li><span class=\"a-list-item\">Hecho en EE.UU<\/span><\/li>\n<li><span class=\"a-list-item\">Ayuda a prevenir da\u00f1os por calor extremo para proteger el brillo natural; La temperatura del aire se mide 20 veces por segundo, manteniendo la temperatura bajo control.<\/span><\/li>\n<li><span class=\"a-list-item\">Secado ultrarr\u00e1pido; Para un secado r\u00e1pido necesita un flujo de aire controlado y de alta velocidad. Potencia nominal 1600 vatios<\/span><\/li>\n<li><span class=\"a-list-item\">Incluye: Accesorios magn\u00e9ticos Boquilla alisadora Dyson, concentrador de peinado y difusor<\/span><\/li>\n<li><span class=\"a-list-item\">Ligero y equilibrado; Le hemos dado la vuelta a la convenci\u00f3n y hemos puesto el motor en el mango.<\/span><\/li>\n<li><span class=\"a-list-item\">Afinado ac\u00fasticamente; El potente motor est\u00e1 sintonizado para producir una frecuencia inaudible.<\/span><\/li>\n<\/ul>\n<div class=\"a-row a-expander-container a-expander-inline-container\">\n<div class=\"a-expander-content a-expander-extend-content a-expander-content-expanded\">\n<ul class=\"a-unordered-list a-vertical a-spacing-none\">\n<li><span class=\"a-list-item\">Fr\u00edo al tacto; Con la tecnolog\u00eda de protecci\u00f3n t\u00e9rmica, las superficies de los accesorios se mantienen frescas<\/span><\/li>\n<li><span class=\"a-list-item\">Incluye: 4 ajustes de calor precisos, secado y peinado r\u00e1pidos, secado regular, secado suave y fr\u00edo constante<\/span><\/li>\n<li><span class=\"a-list-item\">Incluye: 3 configuraciones de velocidad precisas secado r\u00e1pido, secado regular y secado suave<\/span><\/li>\n<\/ul>\n<\/div>\n<\/div>\n<\/div>","protected":false},"excerpt":{"rendered":"<p><strong>Caracter\u00edstica:<\/strong><\/p>\n<ul>\n<li>Dise\u00f1ado para diferentes tipos de cabello<\/li>\n<li>Potente y r\u00e1pido<\/li>\n<li>Control inteligente del calor<\/li>\n<\/ul>","protected":false},"featured_media":24551,"template":"","meta":[],"product_brand":[1376],"product_cat":[1328,1322],"product_tag":[1081],"class_list":{"0":"post-24418","1":"product","2":"type-product","3":"status-publish","4":"has-post-thumbnail","6":"product_brand-dyson","7":"product_cat-dyson-other-a-brands","8":"product_cat-other-a-brands","9":"product_tag-dyson-supersonic-hair-dryer","11":"first","12":"instock","13":"shipping-taxable","14":"product-type-external"},"aioseo_notices":[],"aioseo_head":"\n\t\t<!-- All in One SEO Pro 4.5.9.2 - aioseo.com -->\n\t\t<meta name=\"description\" content=\"Feature\uff1a Engineered for different hair types Powerful and fast Intelligent heat control\" \/>\n\t\t<meta name=\"robots\" content=\"max-image-preview:large\" \/>\n\t\t<link rel=\"canonical\" href=\"https:\/\/www.rucashk.com\/es\/producto\/dyson-supersonic-hair-dryer-wholesale\/\" \/>\n\t\t<meta name=\"generator\" content=\"All in One SEO Pro (AIOSEO) 4.5.9.2\" \/>\n\t\t<meta property=\"og:locale\" content=\"es_ES\" \/>\n\t\t<meta property=\"og:site_name\" content=\"Rucas - One-stop AIoT Distribution Worldwide\" \/>\n\t\t<meta property=\"og:type\" content=\"article\" \/>\n\t\t<meta property=\"og:title\" content=\"Dyson Supersonic Hair Dryer Wholesale - Rucas - Wholesale and Distribution\" \/>\n\t\t<meta property=\"og:description\" content=\"Feature\uff1a Engineered for different hair types Powerful and fast Intelligent heat control\" \/>\n\t\t<meta property=\"og:url\" content=\"https:\/\/www.rucashk.com\/es\/producto\/dyson-supersonic-hair-dryer-wholesale\/\" \/>\n\t\t<meta property=\"og:image\" content=\"https:\/\/www.rucashk.com\/wp-content\/uploads\/replace\/503b8e645f128a97ccde2b6290747646.jpeg\" \/>\n\t\t<meta property=\"og:image:secure_url\" content=\"https:\/\/www.rucashk.com\/wp-content\/uploads\/replace\/503b8e645f128a97ccde2b6290747646.jpeg\" \/>\n\t\t<meta property=\"og:image:width\" content=\"1456\" \/>\n\t\t<meta property=\"og:image:height\" content=\"816\" \/>\n\t\t<meta property=\"article:published_time\" content=\"2024-01-09T16:04:15+00:00\" \/>\n\t\t<meta property=\"article:modified_time\" content=\"2025-06-17T08:09:42+00:00\" \/>\n\t\t<meta name=\"twitter:card\" content=\"summary_large_image\" \/>\n\t\t<meta name=\"twitter:title\" content=\"Dyson Supersonic Hair Dryer Wholesale - Rucas - Wholesale and Distribution\" \/>\n\t\t<meta name=\"twitter:description\" content=\"Feature\uff1a Engineered for different hair types Powerful and fast Intelligent heat control\" \/>\n\t\t<meta name=\"twitter:image\" content=\"https:\/\/www.rucashk.com\/wp-content\/uploads\/replace\/503b8e645f128a97ccde2b6290747646.jpeg\" \/>\n\t\t<script type=\"application\/ld+json\" class=\"aioseo-schema\">\n\t\t\t{\"@context\":\"https:\\\/\\\/schema.org\",\"@graph\":[{\"@type\":\"BreadcrumbList\",\"@id\":\"https:\\\/\\\/www.rucashk.com\\\/es\\\/producto\\\/dyson-supersonic-hair-dryer-wholesale\\\/#breadcrumblist\",\"itemListElement\":[{\"@type\":\"ListItem\",\"@id\":\"https:\\\/\\\/www.rucashk.com\\\/es\\\/#listItem\",\"position\":1,\"name\":\"Home\",\"item\":\"https:\\\/\\\/www.rucashk.com\\\/es\\\/\",\"nextItem\":\"https:\\\/\\\/www.rucashk.com\\\/es\\\/producto\\\/dyson-supersonic-hair-dryer-wholesale\\\/#listItem\"},{\"@type\":\"ListItem\",\"@id\":\"https:\\\/\\\/www.rucashk.com\\\/es\\\/producto\\\/dyson-supersonic-hair-dryer-wholesale\\\/#listItem\",\"position\":2,\"name\":\"Dyson Supersonic Hair Dryer Wholesale\",\"previousItem\":\"https:\\\/\\\/www.rucashk.com\\\/es\\\/#listItem\"}]},{\"@type\":\"Organization\",\"@id\":\"https:\\\/\\\/www.rucashk.com\\\/es\\\/#organization\",\"name\":\"Rucas\",\"url\":\"https:\\\/\\\/www.rucashk.com\\\/es\\\/\",\"logo\":{\"@type\":\"ImageObject\",\"url\":\"https:\\\/\\\/www.rucashk.com\\\/wp-content\\\/uploads\\\/2023\\\/12\\\/Rucas_campany_logo.png\",\"@id\":\"https:\\\/\\\/www.rucashk.com\\\/es\\\/producto\\\/dyson-supersonic-hair-dryer-wholesale\\\/#organizationLogo\",\"width\":221,\"height\":65},\"image\":{\"@id\":\"https:\\\/\\\/www.rucashk.com\\\/es\\\/#organizationLogo\"}},{\"@type\":\"Person\",\"@id\":\"https:\\\/\\\/www.rucashk.com\\\/es\\\/author\\\/admin\\\/#author\",\"url\":\"https:\\\/\\\/www.rucashk.com\\\/es\\\/author\\\/admin\\\/\",\"name\":\"admin\",\"image\":{\"@type\":\"ImageObject\",\"@id\":\"https:\\\/\\\/www.rucashk.com\\\/es\\\/producto\\\/dyson-supersonic-hair-dryer-wholesale\\\/#authorImage\",\"url\":\"https:\\\/\\\/secure.gravatar.com\\\/avatar\\\/b7c8925b09a27e72b30232f8ecaadbd5af0f70a38c78096863fe51b64f031c24?s=96&d=mm&r=g\",\"width\":96,\"height\":96,\"caption\":\"admin\"}},{\"@type\":\"WebPage\",\"@id\":\"https:\\\/\\\/www.rucashk.com\\\/es\\\/producto\\\/dyson-supersonic-hair-dryer-wholesale\\\/#webpage\",\"url\":\"https:\\\/\\\/www.rucashk.com\\\/es\\\/producto\\\/dyson-supersonic-hair-dryer-wholesale\\\/\",\"name\":\"Dyson Supersonic Hair Dryer Wholesale - Rucas - Wholesale and Distribution\",\"description\":\"Feature\\uff1a Engineered for different hair types Powerful and fast Intelligent heat control\",\"inLanguage\":\"es-ES\",\"isPartOf\":{\"@id\":\"https:\\\/\\\/www.rucashk.com\\\/es\\\/#website\"},\"breadcrumb\":{\"@id\":\"https:\\\/\\\/www.rucashk.com\\\/es\\\/producto\\\/dyson-supersonic-hair-dryer-wholesale\\\/#breadcrumblist\"},\"author\":{\"@id\":\"https:\\\/\\\/www.rucashk.com\\\/es\\\/author\\\/admin\\\/#author\"},\"creator\":{\"@id\":\"https:\\\/\\\/www.rucashk.com\\\/es\\\/author\\\/admin\\\/#author\"},\"image\":{\"@type\":\"ImageObject\",\"url\":\"https:\\\/\\\/www.rucashk.com\\\/wp-content\\\/uploads\\\/2024\\\/01\\\/Dyson-Supersonic-Hair-Dryer.jpg\",\"@id\":\"https:\\\/\\\/www.rucashk.com\\\/es\\\/producto\\\/dyson-supersonic-hair-dryer-wholesale\\\/#mainImage\",\"width\":800,\"height\":800},\"primaryImageOfPage\":{\"@id\":\"https:\\\/\\\/www.rucashk.com\\\/es\\\/producto\\\/dyson-supersonic-hair-dryer-wholesale\\\/#mainImage\"},\"datePublished\":\"2024-01-09T16:04:15+00:00\",\"dateModified\":\"2025-06-17T08:09:42+00:00\"},{\"@type\":\"WebSite\",\"@id\":\"https:\\\/\\\/www.rucashk.com\\\/es\\\/#website\",\"url\":\"https:\\\/\\\/www.rucashk.com\\\/es\\\/\",\"name\":\"Rucas - Wholesale and distribution worldwide\",\"alternateName\":\"Rucas - One-stop AIoT Distribution Worldwide\",\"description\":\"One-stop AIoT Distribution Worldwide\",\"inLanguage\":\"es-ES\",\"publisher\":{\"@id\":\"https:\\\/\\\/www.rucashk.com\\\/es\\\/#organization\"}}]}\n\t\t<\/script>\n\t\t<!-- All in One SEO Pro -->\r\n\t\t<title>Dyson Supersonic Hair Dryer Wholesale - Rucas - Wholesale and Distribution<\/title>\n\n","aioseo_head_json":{"title":"Dyson Supersonic Hair Dryer Wholesale - Rucas - Wholesale and Distribution","description":"Feature\uff1a Engineered for different hair types Powerful and fast Intelligent heat control","canonical_url":"https:\/\/www.rucashk.com\/es\/producto\/dyson-supersonic-hair-dryer-wholesale\/","robots":"max-image-preview:large","keywords":"","webmasterTools":{"miscellaneous":""},"og:locale":"es_ES","og:site_name":"Rucas - One-stop AIoT Distribution Worldwide","og:type":"article","og:title":"Dyson Supersonic Hair Dryer Wholesale - Rucas - Wholesale and Distribution","og:description":"Feature\uff1a Engineered for different hair types Powerful and fast Intelligent heat control","og:url":"https:\/\/www.rucashk.com\/es\/producto\/dyson-supersonic-hair-dryer-wholesale\/","og:image":"https:\/\/www.rucashk.com\/wp-content\/uploads\/replace\/503b8e645f128a97ccde2b6290747646.jpeg","og:image:secure_url":"https:\/\/www.rucashk.com\/wp-content\/uploads\/replace\/503b8e645f128a97ccde2b6290747646.jpeg","og:image:width":1456,"og:image:height":816,"article:published_time":"2024-01-09T16:04:15+00:00","article:modified_time":"2025-06-17T08:09:42+00:00","twitter:card":"summary_large_image","twitter:title":"Dyson Supersonic Hair Dryer Wholesale - Rucas - Wholesale and Distribution","twitter:description":"Feature\uff1a Engineered for different hair types Powerful and fast Intelligent heat control","twitter:image":"https:\/\/www.rucashk.com\/wp-content\/uploads\/replace\/503b8e645f128a97ccde2b6290747646.jpeg","schema":{"@context":"https:\/\/schema.org","@graph":[{"@type":"BreadcrumbList","@id":"https:\/\/www.rucashk.com\/es\/producto\/dyson-supersonic-hair-dryer-wholesale\/#breadcrumblist","itemListElement":[{"@type":"ListItem","@id":"https:\/\/www.rucashk.com\/es\/#listItem","position":1,"name":"Home","item":"https:\/\/www.rucashk.com\/es\/","nextItem":"https:\/\/www.rucashk.com\/es\/producto\/dyson-supersonic-hair-dryer-wholesale\/#listItem"},{"@type":"ListItem","@id":"https:\/\/www.rucashk.com\/es\/producto\/dyson-supersonic-hair-dryer-wholesale\/#listItem","position":2,"name":"Dyson Supersonic Hair Dryer Wholesale","previousItem":"https:\/\/www.rucashk.com\/es\/#listItem"}]},{"@type":"Organization","@id":"https:\/\/www.rucashk.com\/es\/#organization","name":"Rucas","url":"https:\/\/www.rucashk.com\/es\/","logo":{"@type":"ImageObject","url":"https:\/\/www.rucashk.com\/wp-content\/uploads\/2023\/12\/Rucas_campany_logo.png","@id":"https:\/\/www.rucashk.com\/es\/producto\/dyson-supersonic-hair-dryer-wholesale\/#organizationLogo","width":221,"height":65},"image":{"@id":"https:\/\/www.rucashk.com\/es\/#organizationLogo"}},{"@type":"Person","@id":"https:\/\/www.rucashk.com\/es\/author\/admin\/#author","url":"https:\/\/www.rucashk.com\/es\/author\/admin\/","name":"admin","image":{"@type":"ImageObject","@id":"https:\/\/www.rucashk.com\/es\/producto\/dyson-supersonic-hair-dryer-wholesale\/#authorImage","url":"https:\/\/secure.gravatar.com\/avatar\/b7c8925b09a27e72b30232f8ecaadbd5af0f70a38c78096863fe51b64f031c24?s=96&d=mm&r=g","width":96,"height":96,"caption":"admin"}},{"@type":"WebPage","@id":"https:\/\/www.rucashk.com\/es\/producto\/dyson-supersonic-hair-dryer-wholesale\/#webpage","url":"https:\/\/www.rucashk.com\/es\/producto\/dyson-supersonic-hair-dryer-wholesale\/","name":"Dyson Supersonic Hair Dryer Wholesale - Rucas - Wholesale and Distribution","description":"Feature\uff1a Engineered for different hair types Powerful and fast Intelligent heat control","inLanguage":"es-ES","isPartOf":{"@id":"https:\/\/www.rucashk.com\/es\/#website"},"breadcrumb":{"@id":"https:\/\/www.rucashk.com\/es\/producto\/dyson-supersonic-hair-dryer-wholesale\/#breadcrumblist"},"author":{"@id":"https:\/\/www.rucashk.com\/es\/author\/admin\/#author"},"creator":{"@id":"https:\/\/www.rucashk.com\/es\/author\/admin\/#author"},"image":{"@type":"ImageObject","url":"https:\/\/www.rucashk.com\/wp-content\/uploads\/2024\/01\/Dyson-Supersonic-Hair-Dryer.jpg","@id":"https:\/\/www.rucashk.com\/es\/producto\/dyson-supersonic-hair-dryer-wholesale\/#mainImage","width":800,"height":800},"primaryImageOfPage":{"@id":"https:\/\/www.rucashk.com\/es\/producto\/dyson-supersonic-hair-dryer-wholesale\/#mainImage"},"datePublished":"2024-01-09T16:04:15+00:00","dateModified":"2025-06-17T08:09:42+00:00"},{"@type":"WebSite","@id":"https:\/\/www.rucashk.com\/es\/#website","url":"https:\/\/www.rucashk.com\/es\/","name":"Rucas - Wholesale and distribution worldwide","alternateName":"Rucas - One-stop AIoT Distribution Worldwide","description":"One-stop AIoT Distribution Worldwide","inLanguage":"es-ES","publisher":{"@id":"https:\/\/www.rucashk.com\/es\/#organization"}}]}},"aioseo_meta_data":{"post_id":"24418","title":null,"description":null,"keywords":null,"keyphrases":null,"primary_term":null,"canonical_url":null,"og_title":null,"og_description":null,"og_object_type":"default","og_image_type":"default","og_image_url":null,"og_image_width":null,"og_image_height":null,"og_image_custom_url":null,"og_image_custom_fields":null,"og_video":"","og_custom_url":null,"og_article_section":null,"og_article_tags":null,"twitter_use_og":false,"twitter_card":"default","twitter_image_type":"default","twitter_image_url":null,"twitter_image_custom_url":null,"twitter_image_custom_fields":null,"twitter_title":null,"twitter_description":null,"schema":{"blockGraphs":[],"customGraphs":[],"default":{"data":{"Article":[],"Course":[],"Dataset":[],"FAQPage":[],"Movie":[],"Person":[],"Product":[],"Recipe":[],"Service":[],"SoftwareApplication":[],"WebPage":[]},"graphName":"","isEnabled":true},"graphs":[]},"schema_type":"default","schema_type_options":null,"pillar_content":false,"robots_default":true,"robots_noindex":false,"robots_noarchive":false,"robots_nosnippet":false,"robots_nofollow":false,"robots_noimageindex":false,"robots_noodp":false,"robots_notranslate":false,"robots_max_snippet":"-1","robots_max_videopreview":"-1","robots_max_imagepreview":"large","priority":null,"frequency":"default","local_seo":null,"breadcrumb_settings":null,"limit_modified_date":false,"created":"2024-04-11 01:57:11","updated":"2025-06-22 17:31:25"},"aioseo_breadcrumb":"<div class=\"aioseo-breadcrumbs\"><span class=\"aioseo-breadcrumb\">\n\t<a href=\"https:\/\/www.rucashk.com\/es\" title=\"Home\">Home<\/a>\n<\/span><span class=\"aioseo-breadcrumb-separator\">&raquo;<\/span><span class=\"aioseo-breadcrumb\">\n\t<a href=\"https:\/\/www.rucashk.com\/es\/products\/\" title=\"Productos\">Productos<\/a>\n<\/span><span class=\"aioseo-breadcrumb-separator\">&raquo;<\/span><span class=\"aioseo-breadcrumb\">\n\t<a href=\"https:\/\/www.rucashk.com\/es\/marca\/dyson\/\" title=\"Dyson\">Dyson<\/a>\n<\/span><span class=\"aioseo-breadcrumb-separator\">&raquo;<\/span><span class=\"aioseo-breadcrumb\">\n\tDyson Supersonic Hair Dryer Wholesale\n<\/span><\/div>","aioseo_breadcrumb_json":[{"label":"Home","link":"https:\/\/www.rucashk.com\/es"},{"label":"Productos","link":"https:\/\/www.rucashk.com\/es\/products\/"},{"label":"Dyson","link":"https:\/\/www.rucashk.com\/es\/marca\/dyson\/"},{"label":"Dyson Supersonic Hair Dryer Wholesale","link":"https:\/\/www.rucashk.com\/es\/producto\/dyson-supersonic-hair-dryer-wholesale\/"}],"_links":{"self":[{"href":"https:\/\/www.rucashk.com\/es\/wp-json\/wp\/v2\/product\/24418","targetHints":{"allow":["GET"]}}],"collection":[{"href":"https:\/\/www.rucashk.com\/es\/wp-json\/wp\/v2\/product"}],"about":[{"href":"https:\/\/www.rucashk.com\/es\/wp-json\/wp\/v2\/types\/product"}],"wp:featuredmedia":[{"embeddable":true,"href":"https:\/\/www.rucashk.com\/es\/wp-json\/wp\/v2\/media\/24551"}],"wp:attachment":[{"href":"https:\/\/www.rucashk.com\/es\/wp-json\/wp\/v2\/media?parent=24418"}],"wp:term":[{"taxonomy":"product_brand","embeddable":true,"href":"https:\/\/www.rucashk.com\/es\/wp-json\/wp\/v2\/product_brand?post=24418"},{"taxonomy":"product_cat","embeddable":true,"href":"https:\/\/www.rucashk.com\/es\/wp-json\/wp\/v2\/product_cat?post=24418"},{"taxonomy":"product_tag","embeddable":true,"href":"https:\/\/www.rucashk.com\/es\/wp-json\/wp\/v2\/product_tag?post=24418"}],"curies":[{"name":"wp","href":"https:\/\/api.w.org\/{rel}","templated":true}]}}