{"id":24416,"date":"2024-01-09T16:04:15","date_gmt":"2024-01-09T16:04:15","guid":{"rendered":"http:\/\/rucashk.com\/?post_type=product&#038;p=24416"},"modified":"2025-06-17T08:09:35","modified_gmt":"2025-06-17T08:09:35","slug":"dyson-v10-vacuum-cleaner-wholesale","status":"publish","type":"product","link":"https:\/\/www.rucashk.com\/es\/producto\/dyson-v10-vacuum-cleaner-wholesale\/","title":{"rendered":"Aspiradora Dyson v10 al por mayor"},"content":{"rendered":"<p><img fetchpriority=\"high\" decoding=\"async\" class=\"aligncenter wp-image-20648 size-full\" src=\"\/wp-content\/uploads\/replace\/20ee3e89a2d19016ed6350b44f9cfdcc.jpeg\" alt=\"Dyson v10 Vacuum Cleaner\" width=\"1583\" height=\"313\" \/><img decoding=\"async\" class=\"aligncenter wp-image-20649 size-full\" src=\"\/wp-content\/uploads\/replace\/536d800dc5e57e0a90e10703fb6c6919.jpeg\" alt=\"Dyson v10 Vacuum Cleaner Wholesale\" width=\"1581\" height=\"478\" \/><img decoding=\"async\" class=\"aligncenter wp-image-20650 size-full\" src=\"\/wp-content\/uploads\/replace\/146beba481cd04e3ce723b2ebb2579f3.jpeg\" alt=\"Dyson v10 Vacuum Cleaner\" width=\"1298\" height=\"451\" \/><img loading=\"lazy\" decoding=\"async\" class=\"aligncenter wp-image-20651 size-full\" src=\"\/wp-content\/uploads\/replace\/af5e0432ad80b3a3c74c35ec892fe2c0.jpeg\" alt=\"Dyson v10 Vacuum Cleaner\" width=\"1311\" height=\"398\" \/><img loading=\"lazy\" decoding=\"async\" class=\"aligncenter wp-image-20652 size-full\" src=\"\/wp-content\/uploads\/replace\/87167d38527bbc4b1df40f9e0938fce5.jpeg\" alt=\"Dyson v10 Vacuum Cleaner Wholesale\" width=\"1295\" height=\"461\" \/><img loading=\"lazy\" decoding=\"async\" class=\"aligncenter wp-image-20653 size-full\" src=\"\/wp-content\/uploads\/replace\/9cbb4196cee80d9c6cc33d98ed9e01e8.jpeg\" alt=\"Dyson v10 Vacuum Cleaner Wholesale\" width=\"1306\" height=\"403\" \/><img loading=\"lazy\" decoding=\"async\" class=\"aligncenter wp-image-20656 size-full\" src=\"\/wp-content\/uploads\/replace\/b5225ce94b3336043252243699d5b7ef.jpeg\" alt=\"Dyson v10 Vacuum Cleaner Wholesale\" width=\"1297\" height=\"409\" \/><img loading=\"lazy\" decoding=\"async\" class=\"aligncenter wp-image-20655 size-full\" src=\"\/wp-content\/uploads\/replace\/caa048031400559caa25e9c7976af3dd.jpeg\" alt=\"Dyson v10 Vacuum Cleaner\" width=\"1325\" height=\"390\" \/><\/p>\n<h2 class=\"default\">Descripci\u00f3n del Producto<\/h2>\n<div id=\"productDescription\" class=\"a-section a-spacing-small\">\n<div class=\"disclaim\">Estilo:<strong>Absoluto<\/strong><\/div>\n<p>Gran potencia de succi\u00f3n de la m\u00e1quina. Pero con versatilidad sin cables. La aspiradora absoluta sin cable Dyson Cyclone V10 tiene un contenedor 40% m\u00e1s grande que nuestra aspiradora absoluta Dyson V8 anterior para limpiezas importantes. El cabezal limpiador con accionamiento de torsi\u00f3n elimina 25% m\u00e1s polvo de las alfombras que nuestra aspiradora absoluta Dyson V8 anterior. Es nuestro cabezal limpiador m\u00e1s potente hasta el momento. El cabezal limpiador de rodillo suave elimina el polvo fino y los residuos grandes de los pisos duros. Tiene tres modos de energ\u00eda para elegir, para adaptarse a cualquier tarea en cualquier tipo de piso. La aspiradora absoluta sin cable Dyson Cyclone V10 se transforma r\u00e1pidamente en una computadora de mano para limpiezas r\u00e1pidas, limpieza de manchas y lugares dif\u00edciles. Filtraci\u00f3n de todo el sistema: el sistema de filtraci\u00f3n completamente sellado atrapa 99.97% de part\u00edculas tan peque\u00f1as como 0,3 micrones, expulsando aire m\u00e1s limpio.<\/p>\n<p>&nbsp;<\/p>\n<h2><strong>Informaci\u00f3n del Producto<\/strong><\/h2>\n<p>Estilo:<strong>Absoluto<\/strong><\/p>\n<table width=\"0\">\n<tbody>\n<tr>\n<td width=\"352\">Dimensiones del producto<\/td>\n<td>9,84 x 10,08 x 49,17 pulgadas<\/td>\n<\/tr>\n<tr>\n<td width=\"352\">Peso del art\u00edculo<\/td>\n<td>5,88 libras<\/td>\n<\/tr>\n<tr>\n<td width=\"352\">Fabricante<\/td>\n<td>Dyson<\/td>\n<\/tr>\n<tr>\n<td width=\"352\">COMO EN<\/td>\n<td>B0798FVV6V<\/td>\n<\/tr>\n<tr>\n<td width=\"352\">N\u00famero de modelo del art\u00edculo<\/td>\n<td>180846-01<\/td>\n<\/tr>\n<tr>\n<td width=\"352\">Bater\u00edas<\/td>\n<td>Se requieren 1 bater\u00edas de pol\u00edmero de litio.<\/td>\n<\/tr>\n<tr>\n<td width=\"352\">Est\u00e1 descontinuado por el fabricante.<\/td>\n<td>No<\/td>\n<\/tr>\n<tr>\n<td width=\"352\">Peso del art\u00edculo<\/td>\n<td>5,88 libras<\/td>\n<\/tr>\n<tr>\n<td width=\"352\">Bater\u00edas requeridas<\/td>\n<td>No<\/td>\n<\/tr>\n<tr>\n<td width=\"352\">Componentes incluidos<\/td>\n<td>Aspiradora^Cargador^Montaje en pared^Herramienta combinada^Herramienta para rincones^Mini herramienta motorizada^Mini cepillo para polvo suave<\/td>\n<\/tr>\n<\/tbody>\n<\/table>\n<h2>Principales caracter\u00edsticas<\/h2>\n<ul class=\"a-unordered-list a-vertical a-spacing-mini\">\n<li><span class=\"a-list-item\">Hasta 60 minutos de tiempo de funcionamiento cuando se utiliza una herramienta no motorizada. Tecnolog\u00eda cicl\u00f3nica: 14 ciclones conc\u00e9ntricos. Filtraci\u00f3n: filtraci\u00f3n avanzada de toda la m\u00e1quina. Ancho del camino de limpieza: 9,84 pulgadas<\/span><\/li>\n<li><span class=\"a-list-item\">La tecnolog\u00eda Dyson ayuda a crear un hogar m\u00e1s limpio y saludable: se ha demostrado cient\u00edficamente que nuestras aspiradoras y purificadores capturan part\u00edculas tan peque\u00f1as como al\u00e9rgenos y bacterias.<\/span><\/li>\n<li><span class=\"a-list-item\">Ligero y vers\u00e1til, para limpiar en toda la casa. El gatillo de liberaci\u00f3n instant\u00e1nea significa que la energ\u00eda de la bater\u00eda solo se usa mientras se limpia. Requiere carga durante 3,5 horas m\u00ednimo antes del primer uso<\/span><\/li>\n<li><span class=\"a-list-item\">Hasta 40 minutos de potencia sin decoloraci\u00f3n con el cabezal limpiador suave Roller (en modo de succi\u00f3n I). Dise\u00f1ado para recoger residuos grandes y polvo fino.<\/span><\/li>\n<li><span class=\"a-list-item\">Cabezal limpiador con accionamiento de torsi\u00f3n: hasta 20 minutos de potencia sin decoloraci\u00f3n (en modo de succi\u00f3n II). introduce cerdas r\u00edgidas de nailon en las alfombras para capturar la suciedad m\u00e1s profunda<\/span><\/li>\n<li><span class=\"a-list-item\">Impulsado por el motor digital Dyson V10 y dise\u00f1ado para recoger la suciedad incrustada y el polvo fino de pisos duros y alfombras.<\/span><\/li>\n<li><span class=\"a-list-item\">Se transforma r\u00e1pidamente en una aspiradora de mano para limpiar toda la casa y el autom\u00f3vil.<\/span><\/li>\n<li><span class=\"a-list-item\">Componentes incluidos: aspiradora, cargador, soporte de pared, herramienta combinada. La tecnolog\u00eda Dyson ayuda a crear un hogar m\u00e1s limpio y saludable<\/span><\/li>\n<\/ul>\n<\/div>","protected":false},"excerpt":{"rendered":"<p><strong>Caracter\u00edstica:<\/strong><\/p>\n<ul>\n<li>Hasta 60 minutos de tiempo de ejecuci\u00f3n cuando se utiliza una herramienta no motorizada<\/li>\n<li>La tecnolog\u00eda Dyson ayuda a crear un hogar m\u00e1s limpio y saludable<\/li>\n<li>Ligero y vers\u00e1til, para limpiar en toda la casa.<\/li>\n<li>Hasta 40 minutos de desvanecimiento.<\/li>\n<li>Cabezal limpiador con accionamiento de torsi\u00f3n<\/li>\n<li>Se transforma r\u00e1pidamente en una aspiradora de mano para limpiar toda la casa y el autom\u00f3vil.<\/li>\n<\/ul>","protected":false},"featured_media":24534,"template":"","meta":[],"product_brand":[1376],"product_cat":[1328,1322],"product_tag":[1079],"class_list":{"0":"post-24416","1":"product","2":"type-product","3":"status-publish","4":"has-post-thumbnail","6":"product_brand-dyson","7":"product_cat-dyson-other-a-brands","8":"product_cat-other-a-brands","9":"product_tag-dyson-v10-vacuum-cleaner","11":"first","12":"instock","13":"shipping-taxable","14":"product-type-external"},"aioseo_notices":[],"aioseo_head":"\n\t\t<!-- All in One SEO Pro 4.5.9.2 - aioseo.com -->\n\t\t<meta name=\"description\" content=\"Feature\uff1a Up to 60 minutes run time when using a non-motorized tool Dyson technology helps create a cleaner, healthier home Lightweight and versatile, to clean right through the home Up to 40 minutes of fade Torque drive cleaner head Quickly transforms to a handheld vacuum, to clean all around your home and car\" \/>\n\t\t<meta name=\"robots\" content=\"max-image-preview:large\" \/>\n\t\t<link rel=\"canonical\" href=\"https:\/\/www.rucashk.com\/es\/producto\/dyson-v10-vacuum-cleaner-wholesale\/\" \/>\n\t\t<meta name=\"generator\" content=\"All in One SEO Pro (AIOSEO) 4.5.9.2\" \/>\n\t\t<meta property=\"og:locale\" content=\"es_ES\" \/>\n\t\t<meta property=\"og:site_name\" content=\"Rucas - One-stop AIoT Distribution Worldwide\" \/>\n\t\t<meta property=\"og:type\" content=\"article\" \/>\n\t\t<meta property=\"og:title\" content=\"Dyson v10 Vacuum Cleaner Wholesale - Rucas - Wholesale and Distribution\" \/>\n\t\t<meta property=\"og:description\" content=\"Feature\uff1a Up to 60 minutes run time when using a non-motorized tool Dyson technology helps create a cleaner, healthier home Lightweight and versatile, to clean right through the home Up to 40 minutes of fade Torque drive cleaner head Quickly transforms to a handheld vacuum, to clean all around your home and car\" \/>\n\t\t<meta property=\"og:url\" content=\"https:\/\/www.rucashk.com\/es\/producto\/dyson-v10-vacuum-cleaner-wholesale\/\" \/>\n\t\t<meta property=\"og:image\" content=\"https:\/\/www.rucashk.com\/wp-content\/uploads\/replace\/503b8e645f128a97ccde2b6290747646.jpeg\" \/>\n\t\t<meta property=\"og:image:secure_url\" content=\"https:\/\/www.rucashk.com\/wp-content\/uploads\/replace\/503b8e645f128a97ccde2b6290747646.jpeg\" \/>\n\t\t<meta property=\"og:image:width\" content=\"1456\" \/>\n\t\t<meta property=\"og:image:height\" content=\"816\" \/>\n\t\t<meta property=\"article:published_time\" content=\"2024-01-09T16:04:15+00:00\" \/>\n\t\t<meta property=\"article:modified_time\" content=\"2025-06-17T08:09:35+00:00\" \/>\n\t\t<meta name=\"twitter:card\" content=\"summary_large_image\" \/>\n\t\t<meta name=\"twitter:title\" content=\"Dyson v10 Vacuum Cleaner Wholesale - Rucas - Wholesale and Distribution\" \/>\n\t\t<meta name=\"twitter:description\" content=\"Feature\uff1a Up to 60 minutes run time when using a non-motorized tool Dyson technology helps create a cleaner, healthier home Lightweight and versatile, to clean right through the home Up to 40 minutes of fade Torque drive cleaner head Quickly transforms to a handheld vacuum, to clean all around your home and car\" \/>\n\t\t<meta name=\"twitter:image\" content=\"https:\/\/www.rucashk.com\/wp-content\/uploads\/replace\/503b8e645f128a97ccde2b6290747646.jpeg\" \/>\n\t\t<script type=\"application\/ld+json\" class=\"aioseo-schema\">\n\t\t\t{\"@context\":\"https:\\\/\\\/schema.org\",\"@graph\":[{\"@type\":\"BreadcrumbList\",\"@id\":\"https:\\\/\\\/www.rucashk.com\\\/es\\\/producto\\\/dyson-v10-vacuum-cleaner-wholesale\\\/#breadcrumblist\",\"itemListElement\":[{\"@type\":\"ListItem\",\"@id\":\"https:\\\/\\\/www.rucashk.com\\\/es\\\/#listItem\",\"position\":1,\"name\":\"Home\",\"item\":\"https:\\\/\\\/www.rucashk.com\\\/es\\\/\",\"nextItem\":\"https:\\\/\\\/www.rucashk.com\\\/es\\\/producto\\\/dyson-v10-vacuum-cleaner-wholesale\\\/#listItem\"},{\"@type\":\"ListItem\",\"@id\":\"https:\\\/\\\/www.rucashk.com\\\/es\\\/producto\\\/dyson-v10-vacuum-cleaner-wholesale\\\/#listItem\",\"position\":2,\"name\":\"Dyson v10 Vacuum Cleaner Wholesale\",\"previousItem\":\"https:\\\/\\\/www.rucashk.com\\\/es\\\/#listItem\"}]},{\"@type\":\"Organization\",\"@id\":\"https:\\\/\\\/www.rucashk.com\\\/es\\\/#organization\",\"name\":\"Rucas\",\"url\":\"https:\\\/\\\/www.rucashk.com\\\/es\\\/\",\"logo\":{\"@type\":\"ImageObject\",\"url\":\"https:\\\/\\\/www.rucashk.com\\\/wp-content\\\/uploads\\\/2023\\\/12\\\/Rucas_campany_logo.png\",\"@id\":\"https:\\\/\\\/www.rucashk.com\\\/es\\\/producto\\\/dyson-v10-vacuum-cleaner-wholesale\\\/#organizationLogo\",\"width\":221,\"height\":65},\"image\":{\"@id\":\"https:\\\/\\\/www.rucashk.com\\\/es\\\/#organizationLogo\"}},{\"@type\":\"Person\",\"@id\":\"https:\\\/\\\/www.rucashk.com\\\/es\\\/author\\\/admin\\\/#author\",\"url\":\"https:\\\/\\\/www.rucashk.com\\\/es\\\/author\\\/admin\\\/\",\"name\":\"admin\",\"image\":{\"@type\":\"ImageObject\",\"@id\":\"https:\\\/\\\/www.rucashk.com\\\/es\\\/producto\\\/dyson-v10-vacuum-cleaner-wholesale\\\/#authorImage\",\"url\":\"https:\\\/\\\/secure.gravatar.com\\\/avatar\\\/b7c8925b09a27e72b30232f8ecaadbd5af0f70a38c78096863fe51b64f031c24?s=96&d=mm&r=g\",\"width\":96,\"height\":96,\"caption\":\"admin\"}},{\"@type\":\"WebPage\",\"@id\":\"https:\\\/\\\/www.rucashk.com\\\/es\\\/producto\\\/dyson-v10-vacuum-cleaner-wholesale\\\/#webpage\",\"url\":\"https:\\\/\\\/www.rucashk.com\\\/es\\\/producto\\\/dyson-v10-vacuum-cleaner-wholesale\\\/\",\"name\":\"Dyson v10 Vacuum Cleaner Wholesale - Rucas - Wholesale and Distribution\",\"description\":\"Feature\\uff1a Up to 60 minutes run time when using a non-motorized tool Dyson technology helps create a cleaner, healthier home Lightweight and versatile, to clean right through the home Up to 40 minutes of fade Torque drive cleaner head Quickly transforms to a handheld vacuum, to clean all around your home and car\",\"inLanguage\":\"es-ES\",\"isPartOf\":{\"@id\":\"https:\\\/\\\/www.rucashk.com\\\/es\\\/#website\"},\"breadcrumb\":{\"@id\":\"https:\\\/\\\/www.rucashk.com\\\/es\\\/producto\\\/dyson-v10-vacuum-cleaner-wholesale\\\/#breadcrumblist\"},\"author\":{\"@id\":\"https:\\\/\\\/www.rucashk.com\\\/es\\\/author\\\/admin\\\/#author\"},\"creator\":{\"@id\":\"https:\\\/\\\/www.rucashk.com\\\/es\\\/author\\\/admin\\\/#author\"},\"image\":{\"@type\":\"ImageObject\",\"url\":\"https:\\\/\\\/www.rucashk.com\\\/wp-content\\\/uploads\\\/2024\\\/01\\\/Dyson-v10.jpg\",\"@id\":\"https:\\\/\\\/www.rucashk.com\\\/es\\\/producto\\\/dyson-v10-vacuum-cleaner-wholesale\\\/#mainImage\",\"width\":800,\"height\":800},\"primaryImageOfPage\":{\"@id\":\"https:\\\/\\\/www.rucashk.com\\\/es\\\/producto\\\/dyson-v10-vacuum-cleaner-wholesale\\\/#mainImage\"},\"datePublished\":\"2024-01-09T16:04:15+00:00\",\"dateModified\":\"2025-06-17T08:09:35+00:00\"},{\"@type\":\"WebSite\",\"@id\":\"https:\\\/\\\/www.rucashk.com\\\/es\\\/#website\",\"url\":\"https:\\\/\\\/www.rucashk.com\\\/es\\\/\",\"name\":\"Rucas - Wholesale and distribution worldwide\",\"alternateName\":\"Rucas - One-stop AIoT Distribution Worldwide\",\"description\":\"One-stop AIoT Distribution Worldwide\",\"inLanguage\":\"es-ES\",\"publisher\":{\"@id\":\"https:\\\/\\\/www.rucashk.com\\\/es\\\/#organization\"}}]}\n\t\t<\/script>\n\t\t<!-- All in One SEO Pro -->\r\n\t\t<title>Dyson v10 Vacuum Cleaner Wholesale - Rucas - Wholesale and Distribution<\/title>\n\n","aioseo_head_json":{"title":"Dyson v10 Vacuum Cleaner Wholesale - Rucas - Wholesale and Distribution","description":"Feature\uff1a Up to 60 minutes run time when using a non-motorized tool Dyson technology helps create a cleaner, healthier home Lightweight and versatile, to clean right through the home Up to 40 minutes of fade Torque drive cleaner head Quickly transforms to a handheld vacuum, to clean all around your home and car","canonical_url":"https:\/\/www.rucashk.com\/es\/producto\/dyson-v10-vacuum-cleaner-wholesale\/","robots":"max-image-preview:large","keywords":"","webmasterTools":{"miscellaneous":""},"og:locale":"es_ES","og:site_name":"Rucas - One-stop AIoT Distribution Worldwide","og:type":"article","og:title":"Dyson v10 Vacuum Cleaner Wholesale - Rucas - Wholesale and Distribution","og:description":"Feature\uff1a Up to 60 minutes run time when using a non-motorized tool Dyson technology helps create a cleaner, healthier home Lightweight and versatile, to clean right through the home Up to 40 minutes of fade Torque drive cleaner head Quickly transforms to a handheld vacuum, to clean all around your home and car","og:url":"https:\/\/www.rucashk.com\/es\/producto\/dyson-v10-vacuum-cleaner-wholesale\/","og:image":"https:\/\/www.rucashk.com\/wp-content\/uploads\/replace\/503b8e645f128a97ccde2b6290747646.jpeg","og:image:secure_url":"https:\/\/www.rucashk.com\/wp-content\/uploads\/replace\/503b8e645f128a97ccde2b6290747646.jpeg","og:image:width":1456,"og:image:height":816,"article:published_time":"2024-01-09T16:04:15+00:00","article:modified_time":"2025-06-17T08:09:35+00:00","twitter:card":"summary_large_image","twitter:title":"Dyson v10 Vacuum Cleaner Wholesale - Rucas - Wholesale and Distribution","twitter:description":"Feature\uff1a Up to 60 minutes run time when using a non-motorized tool Dyson technology helps create a cleaner, healthier home Lightweight and versatile, to clean right through the home Up to 40 minutes of fade Torque drive cleaner head Quickly transforms to a handheld vacuum, to clean all around your home and car","twitter:image":"https:\/\/www.rucashk.com\/wp-content\/uploads\/replace\/503b8e645f128a97ccde2b6290747646.jpeg","schema":{"@context":"https:\/\/schema.org","@graph":[{"@type":"BreadcrumbList","@id":"https:\/\/www.rucashk.com\/es\/producto\/dyson-v10-vacuum-cleaner-wholesale\/#breadcrumblist","itemListElement":[{"@type":"ListItem","@id":"https:\/\/www.rucashk.com\/es\/#listItem","position":1,"name":"Home","item":"https:\/\/www.rucashk.com\/es\/","nextItem":"https:\/\/www.rucashk.com\/es\/producto\/dyson-v10-vacuum-cleaner-wholesale\/#listItem"},{"@type":"ListItem","@id":"https:\/\/www.rucashk.com\/es\/producto\/dyson-v10-vacuum-cleaner-wholesale\/#listItem","position":2,"name":"Dyson v10 Vacuum Cleaner Wholesale","previousItem":"https:\/\/www.rucashk.com\/es\/#listItem"}]},{"@type":"Organization","@id":"https:\/\/www.rucashk.com\/es\/#organization","name":"Rucas","url":"https:\/\/www.rucashk.com\/es\/","logo":{"@type":"ImageObject","url":"https:\/\/www.rucashk.com\/wp-content\/uploads\/2023\/12\/Rucas_campany_logo.png","@id":"https:\/\/www.rucashk.com\/es\/producto\/dyson-v10-vacuum-cleaner-wholesale\/#organizationLogo","width":221,"height":65},"image":{"@id":"https:\/\/www.rucashk.com\/es\/#organizationLogo"}},{"@type":"Person","@id":"https:\/\/www.rucashk.com\/es\/author\/admin\/#author","url":"https:\/\/www.rucashk.com\/es\/author\/admin\/","name":"admin","image":{"@type":"ImageObject","@id":"https:\/\/www.rucashk.com\/es\/producto\/dyson-v10-vacuum-cleaner-wholesale\/#authorImage","url":"https:\/\/secure.gravatar.com\/avatar\/b7c8925b09a27e72b30232f8ecaadbd5af0f70a38c78096863fe51b64f031c24?s=96&d=mm&r=g","width":96,"height":96,"caption":"admin"}},{"@type":"WebPage","@id":"https:\/\/www.rucashk.com\/es\/producto\/dyson-v10-vacuum-cleaner-wholesale\/#webpage","url":"https:\/\/www.rucashk.com\/es\/producto\/dyson-v10-vacuum-cleaner-wholesale\/","name":"Dyson v10 Vacuum Cleaner Wholesale - Rucas - Wholesale and Distribution","description":"Feature\uff1a Up to 60 minutes run time when using a non-motorized tool Dyson technology helps create a cleaner, healthier home Lightweight and versatile, to clean right through the home Up to 40 minutes of fade Torque drive cleaner head Quickly transforms to a handheld vacuum, to clean all around your home and car","inLanguage":"es-ES","isPartOf":{"@id":"https:\/\/www.rucashk.com\/es\/#website"},"breadcrumb":{"@id":"https:\/\/www.rucashk.com\/es\/producto\/dyson-v10-vacuum-cleaner-wholesale\/#breadcrumblist"},"author":{"@id":"https:\/\/www.rucashk.com\/es\/author\/admin\/#author"},"creator":{"@id":"https:\/\/www.rucashk.com\/es\/author\/admin\/#author"},"image":{"@type":"ImageObject","url":"https:\/\/www.rucashk.com\/wp-content\/uploads\/2024\/01\/Dyson-v10.jpg","@id":"https:\/\/www.rucashk.com\/es\/producto\/dyson-v10-vacuum-cleaner-wholesale\/#mainImage","width":800,"height":800},"primaryImageOfPage":{"@id":"https:\/\/www.rucashk.com\/es\/producto\/dyson-v10-vacuum-cleaner-wholesale\/#mainImage"},"datePublished":"2024-01-09T16:04:15+00:00","dateModified":"2025-06-17T08:09:35+00:00"},{"@type":"WebSite","@id":"https:\/\/www.rucashk.com\/es\/#website","url":"https:\/\/www.rucashk.com\/es\/","name":"Rucas - Wholesale and distribution worldwide","alternateName":"Rucas - One-stop AIoT Distribution Worldwide","description":"One-stop AIoT Distribution Worldwide","inLanguage":"es-ES","publisher":{"@id":"https:\/\/www.rucashk.com\/es\/#organization"}}]}},"aioseo_meta_data":{"post_id":"24416","title":null,"description":null,"keywords":null,"keyphrases":null,"primary_term":null,"canonical_url":null,"og_title":null,"og_description":null,"og_object_type":"default","og_image_type":"default","og_image_url":null,"og_image_width":null,"og_image_height":null,"og_image_custom_url":null,"og_image_custom_fields":null,"og_video":"","og_custom_url":null,"og_article_section":null,"og_article_tags":null,"twitter_use_og":false,"twitter_card":"default","twitter_image_type":"default","twitter_image_url":null,"twitter_image_custom_url":null,"twitter_image_custom_fields":null,"twitter_title":null,"twitter_description":null,"schema":{"blockGraphs":[],"customGraphs":[],"default":{"data":{"Article":[],"Course":[],"Dataset":[],"FAQPage":[],"Movie":[],"Person":[],"Product":[],"Recipe":[],"Service":[],"SoftwareApplication":[],"WebPage":[]},"graphName":"","isEnabled":true},"graphs":[]},"schema_type":"default","schema_type_options":null,"pillar_content":false,"robots_default":true,"robots_noindex":false,"robots_noarchive":false,"robots_nosnippet":false,"robots_nofollow":false,"robots_noimageindex":false,"robots_noodp":false,"robots_notranslate":false,"robots_max_snippet":"-1","robots_max_videopreview":"-1","robots_max_imagepreview":"large","priority":null,"frequency":"default","local_seo":null,"breadcrumb_settings":null,"limit_modified_date":false,"created":"2024-04-11 01:57:11","updated":"2025-06-22 17:31:24"},"aioseo_breadcrumb":"<div class=\"aioseo-breadcrumbs\"><span class=\"aioseo-breadcrumb\">\n\t<a href=\"https:\/\/www.rucashk.com\/es\" title=\"Home\">Home<\/a>\n<\/span><span class=\"aioseo-breadcrumb-separator\">&raquo;<\/span><span class=\"aioseo-breadcrumb\">\n\t<a href=\"https:\/\/www.rucashk.com\/es\/products\/\" title=\"Productos\">Productos<\/a>\n<\/span><span class=\"aioseo-breadcrumb-separator\">&raquo;<\/span><span class=\"aioseo-breadcrumb\">\n\t<a href=\"https:\/\/www.rucashk.com\/es\/marca\/dyson\/\" title=\"Dyson\">Dyson<\/a>\n<\/span><span class=\"aioseo-breadcrumb-separator\">&raquo;<\/span><span class=\"aioseo-breadcrumb\">\n\tDyson v10 Vacuum Cleaner Wholesale\n<\/span><\/div>","aioseo_breadcrumb_json":[{"label":"Home","link":"https:\/\/www.rucashk.com\/es"},{"label":"Productos","link":"https:\/\/www.rucashk.com\/es\/products\/"},{"label":"Dyson","link":"https:\/\/www.rucashk.com\/es\/marca\/dyson\/"},{"label":"Dyson v10 Vacuum Cleaner Wholesale","link":"https:\/\/www.rucashk.com\/es\/producto\/dyson-v10-vacuum-cleaner-wholesale\/"}],"_links":{"self":[{"href":"https:\/\/www.rucashk.com\/es\/wp-json\/wp\/v2\/product\/24416","targetHints":{"allow":["GET"]}}],"collection":[{"href":"https:\/\/www.rucashk.com\/es\/wp-json\/wp\/v2\/product"}],"about":[{"href":"https:\/\/www.rucashk.com\/es\/wp-json\/wp\/v2\/types\/product"}],"wp:featuredmedia":[{"embeddable":true,"href":"https:\/\/www.rucashk.com\/es\/wp-json\/wp\/v2\/media\/24534"}],"wp:attachment":[{"href":"https:\/\/www.rucashk.com\/es\/wp-json\/wp\/v2\/media?parent=24416"}],"wp:term":[{"taxonomy":"product_brand","embeddable":true,"href":"https:\/\/www.rucashk.com\/es\/wp-json\/wp\/v2\/product_brand?post=24416"},{"taxonomy":"product_cat","embeddable":true,"href":"https:\/\/www.rucashk.com\/es\/wp-json\/wp\/v2\/product_cat?post=24416"},{"taxonomy":"product_tag","embeddable":true,"href":"https:\/\/www.rucashk.com\/es\/wp-json\/wp\/v2\/product_tag?post=24416"}],"curies":[{"name":"wp","href":"https:\/\/api.w.org\/{rel}","templated":true}]}}