{"id":24413,"date":"2024-01-09T16:04:14","date_gmt":"2024-01-09T16:04:14","guid":{"rendered":"http:\/\/rucashk.com\/?post_type=product&#038;p=24413"},"modified":"2025-06-17T08:09:49","modified_gmt":"2025-06-17T08:09:49","slug":"dyson-v11-vacuum-cleaner-wholesale","status":"publish","type":"product","link":"https:\/\/www.rucashk.com\/es\/producto\/dyson-v11-vacuum-cleaner-wholesale\/","title":{"rendered":"Aspiradora Dyson v11 al por mayor"},"content":{"rendered":"<p><img fetchpriority=\"high\" decoding=\"async\" class=\"wp-image-20630 size-full aligncenter\" src=\"\/wp-content\/uploads\/replace\/62fa97b237d1e99228a3a863bcb17960.jpeg\" alt=\"Dyson v11 Vacuum Cleaner\" width=\"1460\" height=\"595\" \/><img decoding=\"async\" class=\"aligncenter wp-image-20631 size-full\" src=\"\/wp-content\/uploads\/replace\/7d80d32886ddabe9c2703741a1cd97a9.jpeg\" alt=\"Dyson v11 Vacuum Cleaner\" width=\"1461\" height=\"596\" \/> <img decoding=\"async\" class=\"wp-image-20633 size-full aligncenter\" src=\"\/wp-content\/uploads\/replace\/d7b650565ef69e832bed17c86f99d55b.jpeg\" alt=\"Dyson v11 Vacuum Cleaner\" width=\"1457\" height=\"596\" \/><img loading=\"lazy\" decoding=\"async\" class=\"aligncenter wp-image-20635 size-full\" src=\"\/wp-content\/uploads\/replace\/20a7974a0510bf8a4945dfe79ca5afb7.jpeg\" alt=\"Dyson v11 Vacuum Cleaner\" width=\"1372\" height=\"464\" \/><img loading=\"lazy\" decoding=\"async\" class=\"aligncenter wp-image-20636 size-full\" src=\"\/wp-content\/uploads\/replace\/bf10e696f1ee6e130589f0585b888eb5.jpeg\" alt=\"Dyson v11 Vacuum Cleaner\" width=\"1383\" height=\"405\" \/><\/p>\n<h2 class=\"default\">Descripci\u00f3n del Producto<\/h2>\n<div id=\"productDescription\" class=\"a-section a-spacing-small\">\n<div class=\"disclaim\">Estilo:<strong>Transmisi\u00f3n de torsi\u00f3n<\/strong><\/div>\n<div id=\"dpx-product-description_feature_div\">\n<div id=\"descriptionAndDetails\" class=\"a-section a-spacing-extra-large\">\n<div id=\"productDescription_feature_div\" class=\"feature\" data-feature-name=\"productDescription\" data-cel-widget=\"productDescription_feature_div\">\n<div id=\"productDescription_feature_div\" class=\"a-row feature\" data-feature-name=\"productDescription\" data-template-name=\"productDescription\" data-cel-widget=\"productDescription_feature_div\">\n<div id=\"productDescription\" class=\"a-section a-spacing-small\">\n<p>El doble de succi\u00f3n que cualquier aspiradora sin cable.andsup1; Limpieza sin cables, m\u00e1s f\u00e1cil. Optimiza de forma inteligente la succi\u00f3n y el tiempo de funcionamiento para una limpieza profunda en todas partes. Con bater\u00eda que no se desvanece y un disparador para ahorrar bater\u00eda. E informes en tiempo real en la pantalla LCD para darle control de su limpieza. El sistema de sensor de carga din\u00e1mica (DLS) cambia autom\u00e1ticamente la velocidad del motor entre alfombras y pisos duros. Para una limpieza profunda en todo tipo de pisos. La aspiradora inal\u00e1mbrica Dyson V11 Torque Drive se transforma r\u00e1pidamente en una computadora de mano para limpiezas r\u00e1pidas, limpieza de manchas y lugares dif\u00edciles.<\/p>\n<p>&nbsp;<\/p>\n<h2><strong>Informaci\u00f3n del Producto<\/strong><\/h2>\n<p>Estilo:<strong>Transmisi\u00f3n de torsi\u00f3n<\/strong><\/p>\n<table width=\"0\">\n<tbody>\n<tr>\n<td width=\"352\">Dimensiones del producto<\/td>\n<td>50,63 x 9,84 x 10,28 pulgadas<\/td>\n<\/tr>\n<tr>\n<td width=\"352\">Peso del art\u00edculo<\/td>\n<td>6,68 libras<\/td>\n<\/tr>\n<tr>\n<td width=\"352\">Fabricante<\/td>\n<td>Dyson<\/td>\n<\/tr>\n<tr>\n<td width=\"352\">COMO EN<\/td>\n<td>B07NX8XBMP<\/td>\n<\/tr>\n<tr>\n<td width=\"352\">N\u00famero de modelo del art\u00edculo<\/td>\n<td>268731-01<\/td>\n<\/tr>\n<tr>\n<td width=\"352\">Bater\u00edas<\/td>\n<td>Se requieren 1 bater\u00eda de pol\u00edmero de litio. (incluido)<\/td>\n<\/tr>\n<tr>\n<td width=\"352\">Est\u00e1 descontinuado por el fabricante.<\/td>\n<td>No<\/td>\n<\/tr>\n<tr>\n<td width=\"352\">Peso del art\u00edculo<\/td>\n<td>6,68 libras<\/td>\n<\/tr>\n<tr>\n<td width=\"352\">Bater\u00edas requeridas<\/td>\n<td>S\u00ed<\/td>\n<\/tr>\n<tr>\n<td width=\"352\">Componentes incluidos<\/td>\n<td>Herramienta combinada, herramienta para rincones, mini herramienta motorizada, cepillo de cerdas duras, mini cepillo suave para quitar el polvo, clip para guardar la vara<\/td>\n<\/tr>\n<\/tbody>\n<\/table>\n<h2>Principales caracter\u00edsticas<\/h2>\n<ul>\n<li><em>SENTIDOS CONTINUAMENTE. LUEGO ADAPTA AUTOM\u00c1TICAMENTE LA POTENCIA<\/em>. El sistema de sensor de carga din\u00e1mica (DLS) cambia autom\u00e1ticamente la velocidad del motor entre alfombras y pisos duros. Para una limpieza profunda en todo tipo de pisos.<\/li>\n<li><em>INFORMES INTELIGENTES EN TIEMPO REAL.<\/em>\u00a0La pantalla LCD muestra el rendimiento actual, incluido el modo de energ\u00eda seleccionado, el tiempo de funcionamiento restante, recordatorios de mantenimiento del filtro e informes de bloqueo.<\/li>\n<li><em>EL MOTOR DIGITAL DYSON V11 AYUDA A OFRECER AL 40% M\u00c1S POTENCIA DE SUCCI\u00d3N QUE EL DYSON V8 SIN CABLE.<\/em>\u00a0El motor gira hasta 125.000 rpm para crear una potente succi\u00f3n.<\/li>\n<li><em>LA FILTRACI\u00d3N DE TODA LA M\u00c1QUINA CAPTURA 99. 97% DE PART\u00cdCULAS MICROSC\u00d3PICAS DE POLVO TAN PEQUE\u00d1AS COMO 0, 3 MICRONES.<\/em>\u00a0Capta polvo y al\u00e9rgenos para expulsar aire m\u00e1s limpio.<\/li>\n<li><em>HASTA 60 MINUTOS DE ENERG\u00cdA SIN DESVANECIMIENTO<\/em>. Bater\u00edas de iones de litio de 7 celdas m\u00e1s ligeras pero m\u00e1s potentes. *El tiempo de ejecuci\u00f3n real variar\u00e1 seg\u00fan el modo de energ\u00eda y\/o los accesorios utilizados.<\/li>\n<li><em>14 CICLONES.<\/em>\u00a014 ciclones generan fuerzas de m\u00e1s de 79. 000 g para arrojar part\u00edculas microsc\u00f3picas al contenedor.<\/li>\n<li>SE TRANSFORMA A UN MANO. Se transforma r\u00e1pida y f\u00e1cilmente en un dispositivo port\u00e1til para limpiar las escaleras, el coche y el sof\u00e1.<\/li>\n<li>LLEGA BAJO LOS MUEBLES BAJOS. Los cabezales limpiadores de perfil bajo y el dise\u00f1o delgado facilitan la limpieza de espacios bajos e inc\u00f3modos.<\/li>\n<li>DISE\u00d1O AC\u00daSTICO. TONOS DESAGRADABLES ELIMINADOS. Los deflectores ac\u00fasticos integrados en el motor desv\u00edan el sonido directo y mejoran el flujo de aire, lo que hace que el V11 Torque Drive sea silencioso de usar.<\/li>\n<li>HERRAMIENTA MINIMOTORIZADA. Elimina pelos de mascotas y suciedad de alfombras y tapizados.<\/li>\n<li>HERRAMIENTAS ADICIONALES. Para la limpieza de toda la casa y el coche.<\/li>\n<li>ESTACI\u00d3N DE ACOPLAMIENTO. La pr\u00e1ctica estaci\u00f3n de acoplamiento almacena y carga la m\u00e1quina y admite accesorios adicionales. As\u00ed siempre estar\u00e1 listo para funcionar.<\/li>\n<li>EN EL CUADRO. Cabezal de torsi\u00f3n, herramienta minimotorizada, herramienta para rincones, cepillo para suciedad rebelde, cepillo suave para polvo, herramienta combinada, clip de almacenamiento de varilla, estaci\u00f3n de acoplamiento y m\u00e1s. cargador.<\/li>\n<\/ul>\n<\/div>\n<\/div>\n<\/div>\n<\/div>\n<\/div>\n<\/div>","protected":false},"excerpt":{"rendered":"<p><strong>Caracter\u00edstica:<\/strong><\/p>\n<ul>\n<li>Informa de forma inteligente<\/li>\n<li>pantalla LCD<\/li>\n<li>Muestra el tiempo de ejecuci\u00f3n restante<\/li>\n<li>Alertas de mantenimiento<\/li>\n<li>Sistema Dyson DLS<\/li>\n<li>Modos de limpieza inteligentes<\/li>\n<li>Sistema de alimentaci\u00f3n de bater\u00eda \u00fanico<\/li>\n<li>Atraque directo<\/li>\n<\/ul>","protected":false},"featured_media":24521,"template":"","meta":[],"product_brand":[1376],"product_cat":[1328,1322],"product_tag":[1077],"class_list":{"0":"post-24413","1":"product","2":"type-product","3":"status-publish","4":"has-post-thumbnail","6":"product_brand-dyson","7":"product_cat-dyson-other-a-brands","8":"product_cat-other-a-brands","9":"product_tag-dyson-v11","11":"first","12":"instock","13":"shipping-taxable","14":"product-type-external"},"aioseo_notices":[],"aioseo_head":"\n\t\t<!-- All in One SEO Pro 4.5.9.2 - aioseo.com -->\n\t\t<meta name=\"description\" content=\"Feature\uff1a Intelligently reports LCD screen Shows remaining run time Maintenance alerts Dyson DLS system Intelligent cleaning modes Unique battery power system Drop-in docking\" \/>\n\t\t<meta name=\"robots\" content=\"max-image-preview:large\" \/>\n\t\t<link rel=\"canonical\" href=\"https:\/\/www.rucashk.com\/es\/producto\/dyson-v11-vacuum-cleaner-wholesale\/\" \/>\n\t\t<meta name=\"generator\" content=\"All in One SEO Pro (AIOSEO) 4.5.9.2\" \/>\n\t\t<meta property=\"og:locale\" content=\"es_ES\" \/>\n\t\t<meta property=\"og:site_name\" content=\"Rucas - One-stop AIoT Distribution Worldwide\" \/>\n\t\t<meta property=\"og:type\" content=\"article\" \/>\n\t\t<meta property=\"og:title\" content=\"Dyson v11 Vacuum Cleaner Wholesale - Rucas - Wholesale and Distribution\" \/>\n\t\t<meta property=\"og:description\" content=\"Feature\uff1a Intelligently reports LCD screen Shows remaining run time Maintenance alerts Dyson DLS system Intelligent cleaning modes Unique battery power system Drop-in docking\" \/>\n\t\t<meta property=\"og:url\" content=\"https:\/\/www.rucashk.com\/es\/producto\/dyson-v11-vacuum-cleaner-wholesale\/\" \/>\n\t\t<meta property=\"og:image\" content=\"https:\/\/www.rucashk.com\/wp-content\/uploads\/replace\/503b8e645f128a97ccde2b6290747646.jpeg\" \/>\n\t\t<meta property=\"og:image:secure_url\" content=\"https:\/\/www.rucashk.com\/wp-content\/uploads\/replace\/503b8e645f128a97ccde2b6290747646.jpeg\" \/>\n\t\t<meta property=\"og:image:width\" content=\"1456\" \/>\n\t\t<meta property=\"og:image:height\" content=\"816\" \/>\n\t\t<meta property=\"article:published_time\" content=\"2024-01-09T16:04:14+00:00\" \/>\n\t\t<meta property=\"article:modified_time\" content=\"2025-06-17T08:09:49+00:00\" \/>\n\t\t<meta name=\"twitter:card\" content=\"summary_large_image\" \/>\n\t\t<meta name=\"twitter:title\" content=\"Dyson v11 Vacuum Cleaner Wholesale - Rucas - Wholesale and Distribution\" \/>\n\t\t<meta name=\"twitter:description\" content=\"Feature\uff1a Intelligently reports LCD screen Shows remaining run time Maintenance alerts Dyson DLS system Intelligent cleaning modes Unique battery power system Drop-in docking\" \/>\n\t\t<meta name=\"twitter:image\" content=\"https:\/\/www.rucashk.com\/wp-content\/uploads\/replace\/503b8e645f128a97ccde2b6290747646.jpeg\" \/>\n\t\t<script type=\"application\/ld+json\" class=\"aioseo-schema\">\n\t\t\t{\"@context\":\"https:\\\/\\\/schema.org\",\"@graph\":[{\"@type\":\"BreadcrumbList\",\"@id\":\"https:\\\/\\\/www.rucashk.com\\\/es\\\/producto\\\/dyson-v11-vacuum-cleaner-wholesale\\\/#breadcrumblist\",\"itemListElement\":[{\"@type\":\"ListItem\",\"@id\":\"https:\\\/\\\/www.rucashk.com\\\/es\\\/#listItem\",\"position\":1,\"name\":\"Home\",\"item\":\"https:\\\/\\\/www.rucashk.com\\\/es\\\/\",\"nextItem\":\"https:\\\/\\\/www.rucashk.com\\\/es\\\/producto\\\/dyson-v11-vacuum-cleaner-wholesale\\\/#listItem\"},{\"@type\":\"ListItem\",\"@id\":\"https:\\\/\\\/www.rucashk.com\\\/es\\\/producto\\\/dyson-v11-vacuum-cleaner-wholesale\\\/#listItem\",\"position\":2,\"name\":\"Dyson v11 Vacuum Cleaner Wholesale\",\"previousItem\":\"https:\\\/\\\/www.rucashk.com\\\/es\\\/#listItem\"}]},{\"@type\":\"Organization\",\"@id\":\"https:\\\/\\\/www.rucashk.com\\\/es\\\/#organization\",\"name\":\"Rucas\",\"url\":\"https:\\\/\\\/www.rucashk.com\\\/es\\\/\",\"logo\":{\"@type\":\"ImageObject\",\"url\":\"https:\\\/\\\/www.rucashk.com\\\/wp-content\\\/uploads\\\/2023\\\/12\\\/Rucas_campany_logo.png\",\"@id\":\"https:\\\/\\\/www.rucashk.com\\\/es\\\/producto\\\/dyson-v11-vacuum-cleaner-wholesale\\\/#organizationLogo\",\"width\":221,\"height\":65},\"image\":{\"@id\":\"https:\\\/\\\/www.rucashk.com\\\/es\\\/#organizationLogo\"}},{\"@type\":\"Person\",\"@id\":\"https:\\\/\\\/www.rucashk.com\\\/es\\\/author\\\/admin\\\/#author\",\"url\":\"https:\\\/\\\/www.rucashk.com\\\/es\\\/author\\\/admin\\\/\",\"name\":\"admin\",\"image\":{\"@type\":\"ImageObject\",\"@id\":\"https:\\\/\\\/www.rucashk.com\\\/es\\\/producto\\\/dyson-v11-vacuum-cleaner-wholesale\\\/#authorImage\",\"url\":\"https:\\\/\\\/secure.gravatar.com\\\/avatar\\\/b7c8925b09a27e72b30232f8ecaadbd5af0f70a38c78096863fe51b64f031c24?s=96&d=mm&r=g\",\"width\":96,\"height\":96,\"caption\":\"admin\"}},{\"@type\":\"WebPage\",\"@id\":\"https:\\\/\\\/www.rucashk.com\\\/es\\\/producto\\\/dyson-v11-vacuum-cleaner-wholesale\\\/#webpage\",\"url\":\"https:\\\/\\\/www.rucashk.com\\\/es\\\/producto\\\/dyson-v11-vacuum-cleaner-wholesale\\\/\",\"name\":\"Dyson v11 Vacuum Cleaner Wholesale - Rucas - Wholesale and Distribution\",\"description\":\"Feature\\uff1a Intelligently reports LCD screen Shows remaining run time Maintenance alerts Dyson DLS system Intelligent cleaning modes Unique battery power system Drop-in docking\",\"inLanguage\":\"es-ES\",\"isPartOf\":{\"@id\":\"https:\\\/\\\/www.rucashk.com\\\/es\\\/#website\"},\"breadcrumb\":{\"@id\":\"https:\\\/\\\/www.rucashk.com\\\/es\\\/producto\\\/dyson-v11-vacuum-cleaner-wholesale\\\/#breadcrumblist\"},\"author\":{\"@id\":\"https:\\\/\\\/www.rucashk.com\\\/es\\\/author\\\/admin\\\/#author\"},\"creator\":{\"@id\":\"https:\\\/\\\/www.rucashk.com\\\/es\\\/author\\\/admin\\\/#author\"},\"image\":{\"@type\":\"ImageObject\",\"url\":\"https:\\\/\\\/www.rucashk.com\\\/wp-content\\\/uploads\\\/2024\\\/01\\\/Dyson-v11.jpg\",\"@id\":\"https:\\\/\\\/www.rucashk.com\\\/es\\\/producto\\\/dyson-v11-vacuum-cleaner-wholesale\\\/#mainImage\",\"width\":800,\"height\":800},\"primaryImageOfPage\":{\"@id\":\"https:\\\/\\\/www.rucashk.com\\\/es\\\/producto\\\/dyson-v11-vacuum-cleaner-wholesale\\\/#mainImage\"},\"datePublished\":\"2024-01-09T16:04:14+00:00\",\"dateModified\":\"2025-06-17T08:09:49+00:00\"},{\"@type\":\"WebSite\",\"@id\":\"https:\\\/\\\/www.rucashk.com\\\/es\\\/#website\",\"url\":\"https:\\\/\\\/www.rucashk.com\\\/es\\\/\",\"name\":\"Rucas - Wholesale and distribution worldwide\",\"alternateName\":\"Rucas - One-stop AIoT Distribution Worldwide\",\"description\":\"One-stop AIoT Distribution Worldwide\",\"inLanguage\":\"es-ES\",\"publisher\":{\"@id\":\"https:\\\/\\\/www.rucashk.com\\\/es\\\/#organization\"}}]}\n\t\t<\/script>\n\t\t<!-- All in One SEO Pro -->\r\n\t\t<title>Dyson v11 Vacuum Cleaner Wholesale - Rucas - Wholesale and Distribution<\/title>\n\n","aioseo_head_json":{"title":"Dyson v11 Vacuum Cleaner Wholesale - Rucas - Wholesale and Distribution","description":"Feature\uff1a Intelligently reports LCD screen Shows remaining run time Maintenance alerts Dyson DLS system Intelligent cleaning modes Unique battery power system Drop-in docking","canonical_url":"https:\/\/www.rucashk.com\/es\/producto\/dyson-v11-vacuum-cleaner-wholesale\/","robots":"max-image-preview:large","keywords":"","webmasterTools":{"miscellaneous":""},"og:locale":"es_ES","og:site_name":"Rucas - One-stop AIoT Distribution Worldwide","og:type":"article","og:title":"Dyson v11 Vacuum Cleaner Wholesale - Rucas - Wholesale and Distribution","og:description":"Feature\uff1a Intelligently reports LCD screen Shows remaining run time Maintenance alerts Dyson DLS system Intelligent cleaning modes Unique battery power system Drop-in docking","og:url":"https:\/\/www.rucashk.com\/es\/producto\/dyson-v11-vacuum-cleaner-wholesale\/","og:image":"https:\/\/www.rucashk.com\/wp-content\/uploads\/replace\/503b8e645f128a97ccde2b6290747646.jpeg","og:image:secure_url":"https:\/\/www.rucashk.com\/wp-content\/uploads\/replace\/503b8e645f128a97ccde2b6290747646.jpeg","og:image:width":1456,"og:image:height":816,"article:published_time":"2024-01-09T16:04:14+00:00","article:modified_time":"2025-06-17T08:09:49+00:00","twitter:card":"summary_large_image","twitter:title":"Dyson v11 Vacuum Cleaner Wholesale - Rucas - Wholesale and Distribution","twitter:description":"Feature\uff1a Intelligently reports LCD screen Shows remaining run time Maintenance alerts Dyson DLS system Intelligent cleaning modes Unique battery power system Drop-in docking","twitter:image":"https:\/\/www.rucashk.com\/wp-content\/uploads\/replace\/503b8e645f128a97ccde2b6290747646.jpeg","schema":{"@context":"https:\/\/schema.org","@graph":[{"@type":"BreadcrumbList","@id":"https:\/\/www.rucashk.com\/es\/producto\/dyson-v11-vacuum-cleaner-wholesale\/#breadcrumblist","itemListElement":[{"@type":"ListItem","@id":"https:\/\/www.rucashk.com\/es\/#listItem","position":1,"name":"Home","item":"https:\/\/www.rucashk.com\/es\/","nextItem":"https:\/\/www.rucashk.com\/es\/producto\/dyson-v11-vacuum-cleaner-wholesale\/#listItem"},{"@type":"ListItem","@id":"https:\/\/www.rucashk.com\/es\/producto\/dyson-v11-vacuum-cleaner-wholesale\/#listItem","position":2,"name":"Dyson v11 Vacuum Cleaner Wholesale","previousItem":"https:\/\/www.rucashk.com\/es\/#listItem"}]},{"@type":"Organization","@id":"https:\/\/www.rucashk.com\/es\/#organization","name":"Rucas","url":"https:\/\/www.rucashk.com\/es\/","logo":{"@type":"ImageObject","url":"https:\/\/www.rucashk.com\/wp-content\/uploads\/2023\/12\/Rucas_campany_logo.png","@id":"https:\/\/www.rucashk.com\/es\/producto\/dyson-v11-vacuum-cleaner-wholesale\/#organizationLogo","width":221,"height":65},"image":{"@id":"https:\/\/www.rucashk.com\/es\/#organizationLogo"}},{"@type":"Person","@id":"https:\/\/www.rucashk.com\/es\/author\/admin\/#author","url":"https:\/\/www.rucashk.com\/es\/author\/admin\/","name":"admin","image":{"@type":"ImageObject","@id":"https:\/\/www.rucashk.com\/es\/producto\/dyson-v11-vacuum-cleaner-wholesale\/#authorImage","url":"https:\/\/secure.gravatar.com\/avatar\/b7c8925b09a27e72b30232f8ecaadbd5af0f70a38c78096863fe51b64f031c24?s=96&d=mm&r=g","width":96,"height":96,"caption":"admin"}},{"@type":"WebPage","@id":"https:\/\/www.rucashk.com\/es\/producto\/dyson-v11-vacuum-cleaner-wholesale\/#webpage","url":"https:\/\/www.rucashk.com\/es\/producto\/dyson-v11-vacuum-cleaner-wholesale\/","name":"Dyson v11 Vacuum Cleaner Wholesale - Rucas - Wholesale and Distribution","description":"Feature\uff1a Intelligently reports LCD screen Shows remaining run time Maintenance alerts Dyson DLS system Intelligent cleaning modes Unique battery power system Drop-in docking","inLanguage":"es-ES","isPartOf":{"@id":"https:\/\/www.rucashk.com\/es\/#website"},"breadcrumb":{"@id":"https:\/\/www.rucashk.com\/es\/producto\/dyson-v11-vacuum-cleaner-wholesale\/#breadcrumblist"},"author":{"@id":"https:\/\/www.rucashk.com\/es\/author\/admin\/#author"},"creator":{"@id":"https:\/\/www.rucashk.com\/es\/author\/admin\/#author"},"image":{"@type":"ImageObject","url":"https:\/\/www.rucashk.com\/wp-content\/uploads\/2024\/01\/Dyson-v11.jpg","@id":"https:\/\/www.rucashk.com\/es\/producto\/dyson-v11-vacuum-cleaner-wholesale\/#mainImage","width":800,"height":800},"primaryImageOfPage":{"@id":"https:\/\/www.rucashk.com\/es\/producto\/dyson-v11-vacuum-cleaner-wholesale\/#mainImage"},"datePublished":"2024-01-09T16:04:14+00:00","dateModified":"2025-06-17T08:09:49+00:00"},{"@type":"WebSite","@id":"https:\/\/www.rucashk.com\/es\/#website","url":"https:\/\/www.rucashk.com\/es\/","name":"Rucas - Wholesale and distribution worldwide","alternateName":"Rucas - One-stop AIoT Distribution Worldwide","description":"One-stop AIoT Distribution Worldwide","inLanguage":"es-ES","publisher":{"@id":"https:\/\/www.rucashk.com\/es\/#organization"}}]}},"aioseo_meta_data":{"post_id":"24413","title":null,"description":null,"keywords":null,"keyphrases":null,"primary_term":null,"canonical_url":null,"og_title":null,"og_description":null,"og_object_type":"default","og_image_type":"default","og_image_url":null,"og_image_width":null,"og_image_height":null,"og_image_custom_url":null,"og_image_custom_fields":null,"og_video":"","og_custom_url":null,"og_article_section":null,"og_article_tags":null,"twitter_use_og":false,"twitter_card":"default","twitter_image_type":"default","twitter_image_url":null,"twitter_image_custom_url":null,"twitter_image_custom_fields":null,"twitter_title":null,"twitter_description":null,"schema":{"blockGraphs":[],"customGraphs":[],"default":{"data":{"Article":[],"Course":[],"Dataset":[],"FAQPage":[],"Movie":[],"Person":[],"Product":[],"Recipe":[],"Service":[],"SoftwareApplication":[],"WebPage":[]},"graphName":"","isEnabled":true},"graphs":[]},"schema_type":"default","schema_type_options":null,"pillar_content":false,"robots_default":true,"robots_noindex":false,"robots_noarchive":false,"robots_nosnippet":false,"robots_nofollow":false,"robots_noimageindex":false,"robots_noodp":false,"robots_notranslate":false,"robots_max_snippet":"-1","robots_max_videopreview":"-1","robots_max_imagepreview":"large","priority":null,"frequency":"default","local_seo":null,"breadcrumb_settings":null,"limit_modified_date":false,"created":"2024-04-11 01:57:11","updated":"2025-06-22 17:29:55"},"aioseo_breadcrumb":"<div class=\"aioseo-breadcrumbs\"><span class=\"aioseo-breadcrumb\">\n\t<a href=\"https:\/\/www.rucashk.com\/es\" title=\"Home\">Home<\/a>\n<\/span><span class=\"aioseo-breadcrumb-separator\">&raquo;<\/span><span class=\"aioseo-breadcrumb\">\n\t<a href=\"https:\/\/www.rucashk.com\/es\/products\/\" title=\"Productos\">Productos<\/a>\n<\/span><span class=\"aioseo-breadcrumb-separator\">&raquo;<\/span><span class=\"aioseo-breadcrumb\">\n\t<a href=\"https:\/\/www.rucashk.com\/es\/marca\/dyson\/\" title=\"Dyson\">Dyson<\/a>\n<\/span><span class=\"aioseo-breadcrumb-separator\">&raquo;<\/span><span class=\"aioseo-breadcrumb\">\n\tDyson v11 Vacuum Cleaner Wholesale\n<\/span><\/div>","aioseo_breadcrumb_json":[{"label":"Home","link":"https:\/\/www.rucashk.com\/es"},{"label":"Productos","link":"https:\/\/www.rucashk.com\/es\/products\/"},{"label":"Dyson","link":"https:\/\/www.rucashk.com\/es\/marca\/dyson\/"},{"label":"Dyson v11 Vacuum Cleaner Wholesale","link":"https:\/\/www.rucashk.com\/es\/producto\/dyson-v11-vacuum-cleaner-wholesale\/"}],"_links":{"self":[{"href":"https:\/\/www.rucashk.com\/es\/wp-json\/wp\/v2\/product\/24413","targetHints":{"allow":["GET"]}}],"collection":[{"href":"https:\/\/www.rucashk.com\/es\/wp-json\/wp\/v2\/product"}],"about":[{"href":"https:\/\/www.rucashk.com\/es\/wp-json\/wp\/v2\/types\/product"}],"wp:featuredmedia":[{"embeddable":true,"href":"https:\/\/www.rucashk.com\/es\/wp-json\/wp\/v2\/media\/24521"}],"wp:attachment":[{"href":"https:\/\/www.rucashk.com\/es\/wp-json\/wp\/v2\/media?parent=24413"}],"wp:term":[{"taxonomy":"product_brand","embeddable":true,"href":"https:\/\/www.rucashk.com\/es\/wp-json\/wp\/v2\/product_brand?post=24413"},{"taxonomy":"product_cat","embeddable":true,"href":"https:\/\/www.rucashk.com\/es\/wp-json\/wp\/v2\/product_cat?post=24413"},{"taxonomy":"product_tag","embeddable":true,"href":"https:\/\/www.rucashk.com\/es\/wp-json\/wp\/v2\/product_tag?post=24413"}],"curies":[{"name":"wp","href":"https:\/\/api.w.org\/{rel}","templated":true}]}}