{"id":24372,"date":"2024-01-09T16:03:53","date_gmt":"2024-01-09T16:03:53","guid":{"rendered":"http:\/\/rucashk.com\/?post_type=product&#038;p=24372"},"modified":"2024-03-12T07:38:44","modified_gmt":"2024-03-12T07:38:44","slug":"irobot-roomba-985-wholesale","status":"publish","type":"product","link":"https:\/\/www.rucashk.com\/es\/producto\/irobot-roomba-985-wholesale\/","title":{"rendered":"iRobot Roomba 985"},"content":{"rendered":"<h2 class=\"default\">Descripci\u00f3n del Producto<\/h2>\n<div id=\"productDescription\" class=\"a-section a-spacing-small\">\n<p>Este robot aspirador de primera categor\u00eda, el robot aspirador Roomba 985, es lo que necesita para ganar la batalla contra la acumulaci\u00f3n diaria de suciedad, polvo y pelo de mascotas. El robot Roomba viene con un sistema de limpieza ultrapotente de 3 etapas con Power Boost que multiplica la potencia del aire hasta 10 veces y garantiza pisos extremadamente limpios. Este Roomba rob\u00f3tico con Wi-Fi navega sin problemas por todo un nivel de su hogar. En modo autom\u00e1tico, el robot rastrea continuamente su ubicaci\u00f3n; cuando es necesario recargarlo, \u00a1tambi\u00e9n lo hace! Con la aplicaci\u00f3n iRobot HOME, puede iniciar, detener, preprogramar y personalizar sus propias preferencias de limpieza, incluida una pasada de limpieza simple o doble, la limpieza final de los bordes y si se necesita Power Boost en cualquier lugar de su hogar. Para ver mapas de \u00e1reas limpias, consulte los informes de Mapas limpios. \u00a1Todo esto se puede lograr desde la comodidad de tu tel\u00e9fono inteligente! El Roomba 985 elimina la suciedad de los puntos de alto tr\u00e1fico de su hogar utilizando la tecnolog\u00eda Dirt Detect Series II. Para cualquier \u00e1rea que requiera m\u00e1s atenci\u00f3n, los sensores del iBot Roomba la reconocen. A su vez, el wifi Roomba limpia m\u00e1s a fondo. Cuando es necesario vaciar el contenedor, las notificaciones del contenedor lleno de Roomba le avisan. El robot aspirador Roomba es compatible con dispositivos en Google Assistant y Amazon Alexa cuando est\u00e1 conectado a Wi-Fi. Simplemente p\u00eddale al Asistente de Google o Alexa que inicie, detenga o conecte su aspiradora Roomba. Caracter\u00edsticas Aumenta autom\u00e1ticamente el poder de limpieza. Succi\u00f3n de elevaci\u00f3n de potencia con potencia a\u00e9rea 10 veces mayor. Se recarga autom\u00e1ticamente y reanuda la limpieza. Conexi\u00f3n Wi-Fi, compatible con Alexa y Google Assistant. Ancho del camino de limpieza: 7 pulgadas. De color negro. Dimensiones: Altura: 3,6 pulgadas; Ancho: 13,9 pulgadas. Modelo: R985020. Tipo de vac\u00edo: Rob\u00f3tico.<\/p>\n<p>&nbsp;<\/p>\n<h2><strong>Informaci\u00f3n del Producto<\/strong><\/h2>\n<table width=\"0\">\n<tbody>\n<tr>\n<td width=\"352\">Dimensiones del paquete<\/td>\n<td>20 x 16,5 x 5,25 pulgadas<\/td>\n<\/tr>\n<tr>\n<td width=\"352\">Peso del art\u00edculo<\/td>\n<td>4,4 libras<\/td>\n<\/tr>\n<tr>\n<td width=\"352\">Fabricante<\/td>\n<td>Yo robot<\/td>\n<\/tr>\n<tr>\n<td width=\"352\">COMO EN<\/td>\n<td>B07KDQX6SR<\/td>\n<\/tr>\n<tr>\n<td width=\"352\">N\u00famero de modelo del art\u00edculo<\/td>\n<td>985<\/td>\n<\/tr>\n<tr>\n<td width=\"352\">Bater\u00edas<\/td>\n<td>Se requieren 1 bater\u00edas de iones de litio. (incluido)<\/td>\n<\/tr>\n<tr>\n<td width=\"352\">Est\u00e1 descontinuado por el fabricante.<\/td>\n<td>No<\/td>\n<\/tr>\n<tr>\n<td width=\"352\">Peso del art\u00edculo<\/td>\n<td>4,4 libras<\/td>\n<\/tr>\n<tr>\n<td width=\"352\">Bater\u00edas requeridas<\/td>\n<td>S\u00ed<\/td>\n<\/tr>\n<\/tbody>\n<\/table>\n<p>&nbsp;<\/p>\n<h2>Principales caracter\u00edsticas<\/h2>\n<ul class=\"a-unordered-list a-vertical a-spacing-mini\">\n<li><span class=\"a-list-item\">LIMPIA TODO TIPO DE PISO: el cabezal de limpieza de ajuste autom\u00e1tico de la aspiradora Roomba iRobot para pelo de mascotas tiene una altura que se adapta autom\u00e1ticamente y mantiene los cepillos duales multisuperficie en estrecho contacto con varias superficies del piso.<\/span><\/li>\n<li><span class=\"a-list-item\">COBERTURA DE NIVEL COMPLETO: la navegaci\u00f3n iAdapt 2.0 con localizaci\u00f3n visual garantiza que el robot aspirador Roomba iRobot navegue de manera fluida y eficiente por un nivel completo dentro de su hogar mientras realiza un seguimiento de su ubicaci\u00f3n.<\/span><\/li>\n<li><span class=\"a-list-item\">HASTA 10 VECES LA SUCCI\u00d3N: el modo Power Boost de la aspiradora iRobot Roomba aumenta autom\u00e1ticamente la potencia del aire hasta 10 veces. El sistema de limpieza premium de 3 etapas utiliza cepillos de goma duales para m\u00faltiples superficies y succi\u00f3n de elevaci\u00f3n el\u00e9ctrica para aspirar residuos, suciedad incrustada y pelo de mascotas.<\/span><\/li>\n<li><span class=\"a-list-item\">HOGARES CON MASCOTAS: El filtro de alta eficiencia del robot aspirador iRobot captura 99% de part\u00edculas, al\u00e9rgenos y polen. Los cepillos de goma que no se enredan del robot aspirador Roomba eliminan f\u00e1cilmente los pelos de las mascotas.<\/span><\/li>\n<li><span class=\"a-list-item\">RECARGAR Y REANUDAR: el robot Roomba 985 funciona de forma continua durante hasta 120 minutos. La aspiradora de pelo de perro Roomba se recarga autom\u00e1ticamente y contin\u00faa donde lo dej\u00f3 para completar el trabajo.<\/span>HASTA 10 VECES LA SUCCI\u00d3N<\/li>\n<\/ul>\n<\/div>","protected":false},"excerpt":{"rendered":"<p><strong>Caracter\u00edstica:<\/strong><\/p>\n<ul>\n<li>LIMPIA TODO TIPO DE SUELO<\/li>\n<li>COBERTURA DE NIVEL COMPLETO<\/li>\n<li>HASTA 10 VECES LA SUCCI\u00d3N<\/li>\n<li>HOGARES CON MASCOTAS<\/li>\n<li>RECARGAR Y REANUDAR<\/li>\n<\/ul>","protected":false},"featured_media":24516,"template":"","meta":[],"product_brand":[],"product_cat":[1322],"product_tag":[1075],"class_list":{"0":"post-24372","1":"product","2":"type-product","3":"status-publish","4":"has-post-thumbnail","6":"product_cat-other-a-brands","7":"product_tag-irobot-roomba-985","9":"first","10":"instock","11":"shipping-taxable","12":"product-type-external"},"aioseo_notices":[],"aioseo_head":"\n\t\t<!-- All in One SEO Pro 4.5.9.2 - aioseo.com -->\n\t\t<meta name=\"description\" content=\"Feature\uff1a CLEANS ALL FLOOR TYPES ENTIRE LEVEL COVERAGE UP TO 10X THE SUCTION HOMES WITH PETS RECHARGE AND RESUME\" \/>\n\t\t<meta name=\"robots\" content=\"max-image-preview:large\" \/>\n\t\t<link rel=\"canonical\" href=\"https:\/\/www.rucashk.com\/es\/producto\/irobot-roomba-985-wholesale\/\" \/>\n\t\t<meta name=\"generator\" content=\"All in One SEO Pro (AIOSEO) 4.5.9.2\" \/>\n\t\t<meta property=\"og:locale\" content=\"es_ES\" \/>\n\t\t<meta property=\"og:site_name\" content=\"Rucas - One-stop AIoT Distribution Worldwide\" \/>\n\t\t<meta property=\"og:type\" content=\"article\" \/>\n\t\t<meta property=\"og:title\" content=\"iRobot Roomba 985 Wholesale - Rucas - Wholesale and Distribution\" \/>\n\t\t<meta property=\"og:description\" content=\"Feature\uff1a CLEANS ALL FLOOR TYPES ENTIRE LEVEL COVERAGE UP TO 10X THE SUCTION HOMES WITH PETS RECHARGE AND RESUME\" \/>\n\t\t<meta property=\"og:url\" content=\"https:\/\/www.rucashk.com\/es\/producto\/irobot-roomba-985-wholesale\/\" \/>\n\t\t<meta property=\"og:image\" content=\"https:\/\/www.rucashk.com\/wp-content\/uploads\/replace\/503b8e645f128a97ccde2b6290747646.jpeg\" \/>\n\t\t<meta property=\"og:image:secure_url\" content=\"https:\/\/www.rucashk.com\/wp-content\/uploads\/replace\/503b8e645f128a97ccde2b6290747646.jpeg\" \/>\n\t\t<meta property=\"og:image:width\" content=\"1456\" \/>\n\t\t<meta property=\"og:image:height\" content=\"816\" \/>\n\t\t<meta property=\"article:published_time\" content=\"2024-01-09T16:03:53+00:00\" \/>\n\t\t<meta property=\"article:modified_time\" content=\"2024-03-12T07:38:44+00:00\" \/>\n\t\t<meta name=\"twitter:card\" content=\"summary_large_image\" \/>\n\t\t<meta name=\"twitter:title\" content=\"iRobot Roomba 985 Wholesale - Rucas - Wholesale and Distribution\" \/>\n\t\t<meta name=\"twitter:description\" content=\"Feature\uff1a CLEANS ALL FLOOR TYPES ENTIRE LEVEL COVERAGE UP TO 10X THE SUCTION HOMES WITH PETS RECHARGE AND RESUME\" \/>\n\t\t<meta name=\"twitter:image\" content=\"https:\/\/www.rucashk.com\/wp-content\/uploads\/replace\/503b8e645f128a97ccde2b6290747646.jpeg\" \/>\n\t\t<script type=\"application\/ld+json\" class=\"aioseo-schema\">\n\t\t\t{\"@context\":\"https:\\\/\\\/schema.org\",\"@graph\":[{\"@type\":\"BreadcrumbList\",\"@id\":\"https:\\\/\\\/www.rucashk.com\\\/es\\\/producto\\\/irobot-roomba-985-wholesale\\\/#breadcrumblist\",\"itemListElement\":[{\"@type\":\"ListItem\",\"@id\":\"https:\\\/\\\/www.rucashk.com\\\/es\\\/#listItem\",\"position\":1,\"name\":\"Home\",\"item\":\"https:\\\/\\\/www.rucashk.com\\\/es\\\/\",\"nextItem\":\"https:\\\/\\\/www.rucashk.com\\\/es\\\/producto\\\/irobot-roomba-985-wholesale\\\/#listItem\"},{\"@type\":\"ListItem\",\"@id\":\"https:\\\/\\\/www.rucashk.com\\\/es\\\/producto\\\/irobot-roomba-985-wholesale\\\/#listItem\",\"position\":2,\"name\":\"iRobot Roomba 985 Wholesale\",\"previousItem\":\"https:\\\/\\\/www.rucashk.com\\\/es\\\/#listItem\"}]},{\"@type\":\"Organization\",\"@id\":\"https:\\\/\\\/www.rucashk.com\\\/es\\\/#organization\",\"name\":\"Rucas\",\"url\":\"https:\\\/\\\/www.rucashk.com\\\/es\\\/\",\"logo\":{\"@type\":\"ImageObject\",\"url\":\"https:\\\/\\\/www.rucashk.com\\\/wp-content\\\/uploads\\\/2023\\\/12\\\/Rucas_campany_logo.png\",\"@id\":\"https:\\\/\\\/www.rucashk.com\\\/es\\\/producto\\\/irobot-roomba-985-wholesale\\\/#organizationLogo\",\"width\":221,\"height\":65},\"image\":{\"@id\":\"https:\\\/\\\/www.rucashk.com\\\/es\\\/#organizationLogo\"}},{\"@type\":\"Person\",\"@id\":\"https:\\\/\\\/www.rucashk.com\\\/es\\\/author\\\/admin\\\/#author\",\"url\":\"https:\\\/\\\/www.rucashk.com\\\/es\\\/author\\\/admin\\\/\",\"name\":\"admin\",\"image\":{\"@type\":\"ImageObject\",\"@id\":\"https:\\\/\\\/www.rucashk.com\\\/es\\\/producto\\\/irobot-roomba-985-wholesale\\\/#authorImage\",\"url\":\"https:\\\/\\\/secure.gravatar.com\\\/avatar\\\/b7c8925b09a27e72b30232f8ecaadbd5af0f70a38c78096863fe51b64f031c24?s=96&d=mm&r=g\",\"width\":96,\"height\":96,\"caption\":\"admin\"}},{\"@type\":\"WebPage\",\"@id\":\"https:\\\/\\\/www.rucashk.com\\\/es\\\/producto\\\/irobot-roomba-985-wholesale\\\/#webpage\",\"url\":\"https:\\\/\\\/www.rucashk.com\\\/es\\\/producto\\\/irobot-roomba-985-wholesale\\\/\",\"name\":\"iRobot Roomba 985 Wholesale - Rucas - Wholesale and Distribution\",\"description\":\"Feature\\uff1a CLEANS ALL FLOOR TYPES ENTIRE LEVEL COVERAGE UP TO 10X THE SUCTION HOMES WITH PETS RECHARGE AND RESUME\",\"inLanguage\":\"es-ES\",\"isPartOf\":{\"@id\":\"https:\\\/\\\/www.rucashk.com\\\/es\\\/#website\"},\"breadcrumb\":{\"@id\":\"https:\\\/\\\/www.rucashk.com\\\/es\\\/producto\\\/irobot-roomba-985-wholesale\\\/#breadcrumblist\"},\"author\":{\"@id\":\"https:\\\/\\\/www.rucashk.com\\\/es\\\/author\\\/admin\\\/#author\"},\"creator\":{\"@id\":\"https:\\\/\\\/www.rucashk.com\\\/es\\\/author\\\/admin\\\/#author\"},\"image\":{\"@type\":\"ImageObject\",\"url\":\"https:\\\/\\\/www.rucashk.com\\\/wp-content\\\/uploads\\\/2024\\\/01\\\/iRobot-Roomba-985.jpg\",\"@id\":\"https:\\\/\\\/www.rucashk.com\\\/es\\\/producto\\\/irobot-roomba-985-wholesale\\\/#mainImage\",\"width\":800,\"height\":800},\"primaryImageOfPage\":{\"@id\":\"https:\\\/\\\/www.rucashk.com\\\/es\\\/producto\\\/irobot-roomba-985-wholesale\\\/#mainImage\"},\"datePublished\":\"2024-01-09T16:03:53+00:00\",\"dateModified\":\"2024-03-12T07:38:44+00:00\"},{\"@type\":\"WebSite\",\"@id\":\"https:\\\/\\\/www.rucashk.com\\\/es\\\/#website\",\"url\":\"https:\\\/\\\/www.rucashk.com\\\/es\\\/\",\"name\":\"Rucas - Wholesale and distribution worldwide\",\"alternateName\":\"Rucas - One-stop AIoT Distribution Worldwide\",\"description\":\"One-stop AIoT Distribution Worldwide\",\"inLanguage\":\"es-ES\",\"publisher\":{\"@id\":\"https:\\\/\\\/www.rucashk.com\\\/es\\\/#organization\"}}]}\n\t\t<\/script>\n\t\t<!-- All in One SEO Pro -->\r\n\t\t<title>iRobot Roomba 985 Wholesale - Rucas - Wholesale and Distribution<\/title>\n\n","aioseo_head_json":{"title":"iRobot Roomba 985 Wholesale - Rucas - Wholesale and Distribution","description":"Feature\uff1a CLEANS ALL FLOOR TYPES ENTIRE LEVEL COVERAGE UP TO 10X THE SUCTION HOMES WITH PETS RECHARGE AND RESUME","canonical_url":"https:\/\/www.rucashk.com\/es\/producto\/irobot-roomba-985-wholesale\/","robots":"max-image-preview:large","keywords":"","webmasterTools":{"miscellaneous":""},"og:locale":"es_ES","og:site_name":"Rucas - One-stop AIoT Distribution Worldwide","og:type":"article","og:title":"iRobot Roomba 985 Wholesale - Rucas - Wholesale and Distribution","og:description":"Feature\uff1a CLEANS ALL FLOOR TYPES ENTIRE LEVEL COVERAGE UP TO 10X THE SUCTION HOMES WITH PETS RECHARGE AND RESUME","og:url":"https:\/\/www.rucashk.com\/es\/producto\/irobot-roomba-985-wholesale\/","og:image":"https:\/\/www.rucashk.com\/wp-content\/uploads\/replace\/503b8e645f128a97ccde2b6290747646.jpeg","og:image:secure_url":"https:\/\/www.rucashk.com\/wp-content\/uploads\/replace\/503b8e645f128a97ccde2b6290747646.jpeg","og:image:width":1456,"og:image:height":816,"article:published_time":"2024-01-09T16:03:53+00:00","article:modified_time":"2024-03-12T07:38:44+00:00","twitter:card":"summary_large_image","twitter:title":"iRobot Roomba 985 Wholesale - Rucas - Wholesale and Distribution","twitter:description":"Feature\uff1a CLEANS ALL FLOOR TYPES ENTIRE LEVEL COVERAGE UP TO 10X THE SUCTION HOMES WITH PETS RECHARGE AND RESUME","twitter:image":"https:\/\/www.rucashk.com\/wp-content\/uploads\/replace\/503b8e645f128a97ccde2b6290747646.jpeg","schema":{"@context":"https:\/\/schema.org","@graph":[{"@type":"BreadcrumbList","@id":"https:\/\/www.rucashk.com\/es\/producto\/irobot-roomba-985-wholesale\/#breadcrumblist","itemListElement":[{"@type":"ListItem","@id":"https:\/\/www.rucashk.com\/es\/#listItem","position":1,"name":"Home","item":"https:\/\/www.rucashk.com\/es\/","nextItem":"https:\/\/www.rucashk.com\/es\/producto\/irobot-roomba-985-wholesale\/#listItem"},{"@type":"ListItem","@id":"https:\/\/www.rucashk.com\/es\/producto\/irobot-roomba-985-wholesale\/#listItem","position":2,"name":"iRobot Roomba 985 Wholesale","previousItem":"https:\/\/www.rucashk.com\/es\/#listItem"}]},{"@type":"Organization","@id":"https:\/\/www.rucashk.com\/es\/#organization","name":"Rucas","url":"https:\/\/www.rucashk.com\/es\/","logo":{"@type":"ImageObject","url":"https:\/\/www.rucashk.com\/wp-content\/uploads\/2023\/12\/Rucas_campany_logo.png","@id":"https:\/\/www.rucashk.com\/es\/producto\/irobot-roomba-985-wholesale\/#organizationLogo","width":221,"height":65},"image":{"@id":"https:\/\/www.rucashk.com\/es\/#organizationLogo"}},{"@type":"Person","@id":"https:\/\/www.rucashk.com\/es\/author\/admin\/#author","url":"https:\/\/www.rucashk.com\/es\/author\/admin\/","name":"admin","image":{"@type":"ImageObject","@id":"https:\/\/www.rucashk.com\/es\/producto\/irobot-roomba-985-wholesale\/#authorImage","url":"https:\/\/secure.gravatar.com\/avatar\/b7c8925b09a27e72b30232f8ecaadbd5af0f70a38c78096863fe51b64f031c24?s=96&d=mm&r=g","width":96,"height":96,"caption":"admin"}},{"@type":"WebPage","@id":"https:\/\/www.rucashk.com\/es\/producto\/irobot-roomba-985-wholesale\/#webpage","url":"https:\/\/www.rucashk.com\/es\/producto\/irobot-roomba-985-wholesale\/","name":"iRobot Roomba 985 Wholesale - Rucas - Wholesale and Distribution","description":"Feature\uff1a CLEANS ALL FLOOR TYPES ENTIRE LEVEL COVERAGE UP TO 10X THE SUCTION HOMES WITH PETS RECHARGE AND RESUME","inLanguage":"es-ES","isPartOf":{"@id":"https:\/\/www.rucashk.com\/es\/#website"},"breadcrumb":{"@id":"https:\/\/www.rucashk.com\/es\/producto\/irobot-roomba-985-wholesale\/#breadcrumblist"},"author":{"@id":"https:\/\/www.rucashk.com\/es\/author\/admin\/#author"},"creator":{"@id":"https:\/\/www.rucashk.com\/es\/author\/admin\/#author"},"image":{"@type":"ImageObject","url":"https:\/\/www.rucashk.com\/wp-content\/uploads\/2024\/01\/iRobot-Roomba-985.jpg","@id":"https:\/\/www.rucashk.com\/es\/producto\/irobot-roomba-985-wholesale\/#mainImage","width":800,"height":800},"primaryImageOfPage":{"@id":"https:\/\/www.rucashk.com\/es\/producto\/irobot-roomba-985-wholesale\/#mainImage"},"datePublished":"2024-01-09T16:03:53+00:00","dateModified":"2024-03-12T07:38:44+00:00"},{"@type":"WebSite","@id":"https:\/\/www.rucashk.com\/es\/#website","url":"https:\/\/www.rucashk.com\/es\/","name":"Rucas - Wholesale and distribution worldwide","alternateName":"Rucas - One-stop AIoT Distribution Worldwide","description":"One-stop AIoT Distribution Worldwide","inLanguage":"es-ES","publisher":{"@id":"https:\/\/www.rucashk.com\/es\/#organization"}}]}},"aioseo_meta_data":{"post_id":"24372","title":null,"description":null,"keywords":null,"keyphrases":null,"primary_term":null,"canonical_url":null,"og_title":null,"og_description":null,"og_object_type":"default","og_image_type":"default","og_image_url":null,"og_image_width":null,"og_image_height":null,"og_image_custom_url":null,"og_image_custom_fields":null,"og_video":null,"og_custom_url":null,"og_article_section":null,"og_article_tags":null,"twitter_use_og":false,"twitter_card":"default","twitter_image_type":"default","twitter_image_url":null,"twitter_image_custom_url":null,"twitter_image_custom_fields":null,"twitter_title":null,"twitter_description":null,"schema":{"blockGraphs":[],"customGraphs":[],"default":{"data":{"Article":[],"Course":[],"Dataset":[],"FAQPage":[],"Movie":[],"Person":[],"Product":[],"Recipe":[],"Service":[],"SoftwareApplication":[],"WebPage":[]},"graphName":"","isEnabled":true},"graphs":[]},"schema_type":"default","schema_type_options":null,"pillar_content":false,"robots_default":true,"robots_noindex":false,"robots_noarchive":false,"robots_nosnippet":false,"robots_nofollow":false,"robots_noimageindex":false,"robots_noodp":false,"robots_notranslate":false,"robots_max_snippet":null,"robots_max_videopreview":null,"robots_max_imagepreview":"large","priority":null,"frequency":null,"local_seo":null,"breadcrumb_settings":null,"limit_modified_date":false,"created":"2024-04-11 01:57:11","updated":"2025-06-22 17:29:55"},"aioseo_breadcrumb":"<div class=\"aioseo-breadcrumbs\"><span class=\"aioseo-breadcrumb\">\n\t<a href=\"https:\/\/www.rucashk.com\/es\" title=\"Home\">Home<\/a>\n<\/span><span class=\"aioseo-breadcrumb-separator\">&raquo;<\/span><span class=\"aioseo-breadcrumb\">\n\t<a href=\"https:\/\/www.rucashk.com\/es\/products\/\" title=\"Productos\">Productos<\/a>\n<\/span><span class=\"aioseo-breadcrumb-separator\">&raquo;<\/span><span class=\"aioseo-breadcrumb\">\n\t<a href=\"https:\/\/www.rucashk.com\/es\/categoria-producto\/other-a-brands\/\" title=\"Other A-Brands\">Other A-Brands<\/a>\n<\/span><span class=\"aioseo-breadcrumb-separator\">&raquo;<\/span><span class=\"aioseo-breadcrumb\">\n\tiRobot Roomba 985 Wholesale\n<\/span><\/div>","aioseo_breadcrumb_json":[{"label":"Home","link":"https:\/\/www.rucashk.com\/es"},{"label":"Productos","link":"https:\/\/www.rucashk.com\/es\/products\/"},{"label":"Other A-Brands","link":"https:\/\/www.rucashk.com\/es\/categoria-producto\/other-a-brands\/"},{"label":"iRobot Roomba 985 Wholesale","link":"https:\/\/www.rucashk.com\/es\/producto\/irobot-roomba-985-wholesale\/"}],"_links":{"self":[{"href":"https:\/\/www.rucashk.com\/es\/wp-json\/wp\/v2\/product\/24372","targetHints":{"allow":["GET"]}}],"collection":[{"href":"https:\/\/www.rucashk.com\/es\/wp-json\/wp\/v2\/product"}],"about":[{"href":"https:\/\/www.rucashk.com\/es\/wp-json\/wp\/v2\/types\/product"}],"wp:featuredmedia":[{"embeddable":true,"href":"https:\/\/www.rucashk.com\/es\/wp-json\/wp\/v2\/media\/24516"}],"wp:attachment":[{"href":"https:\/\/www.rucashk.com\/es\/wp-json\/wp\/v2\/media?parent=24372"}],"wp:term":[{"taxonomy":"product_brand","embeddable":true,"href":"https:\/\/www.rucashk.com\/es\/wp-json\/wp\/v2\/product_brand?post=24372"},{"taxonomy":"product_cat","embeddable":true,"href":"https:\/\/www.rucashk.com\/es\/wp-json\/wp\/v2\/product_cat?post=24372"},{"taxonomy":"product_tag","embeddable":true,"href":"https:\/\/www.rucashk.com\/es\/wp-json\/wp\/v2\/product_tag?post=24372"}],"curies":[{"name":"wp","href":"https:\/\/api.w.org\/{rel}","templated":true}]}}