{"id":24371,"date":"2024-01-09T16:03:53","date_gmt":"2024-01-09T16:03:53","guid":{"rendered":"http:\/\/rucashk.com\/?post_type=product&#038;p=24371"},"modified":"2024-01-20T10:06:19","modified_gmt":"2024-01-20T10:06:19","slug":"enchen-hair-clipper-wholesale","status":"publish","type":"product","link":"https:\/\/www.rucashk.com\/es\/producto\/enchen-hair-clipper-wholesale\/","title":{"rendered":"Cortadora de pelo Enchen"},"content":{"rendered":"<p><img class=\"bg_lazy aligncenter\" title=\"ENCHEN Boost USB Cortadora de cabello el\u00e9ctrica Cortadora de cer\u00e1mica de dos velocidades Cortadora de cabello de carga r\u00e1pida Cortadora de cabello para ni\u00f1os de Xiaomi Youpin\" alt=\"\" data-original=\"https:\/\/imgaz.staticbg.com\/images\/oaupload\/banggood\/images\/CF\/96\/4605577e-93c8-490e-a46f-1b50531fb998.jpg\" \/><\/p>\n<div id=\"imgBox\">\n<div style=\"text-align: center\"><img fetchpriority=\"high\" decoding=\"async\" class=\"bg_lazy alignnone\" title=\"ENCHEN Boost USB Cortadora de cabello el\u00e9ctrica Cortadora de cer\u00e1mica de dos velocidades Cortadora de cabello de carga r\u00e1pida Cortadora de cabello para ni\u00f1os de Xiaomi Youpin\" src=\"https:\/\/www.rucashk.com\/wp-content\/uploads\/2020\/07\/2af5f5c2-c9bc-4d5a-ba83-4dbb1322557a.gif\" alt=\"Enchen hair clipper Wholesale\" width=\"1080\" height=\"1228\" data-original=\"https:\/\/www.rucashk.com\/wp-content\/uploads\/2020\/07\/2af5f5c2-c9bc-4d5a-ba83-4dbb1322557a.gif\" \/><\/div>\n<div style=\"text-align: center\"><img class=\"bg_lazy\" title=\"ENCHEN Boost USB Cortadora de cabello el\u00e9ctrica Cortadora de cer\u00e1mica de dos velocidades Cortadora de cabello de carga r\u00e1pida Cortadora de cabello para ni\u00f1os de Xiaomi Youpin\" alt=\"\" data-original=\"https:\/\/imgaz.staticbg.com\/images\/oaupload\/banggood\/images\/90\/BA\/c93101ab-6c29-41a4-ad1e-c7718bc3c6e1.jpg\" \/><\/div>\n<div style=\"text-align: center\"><img class=\"bg_lazy\" title=\"ENCHEN Boost USB Cortadora de cabello el\u00e9ctrica Cortadora de cer\u00e1mica de dos velocidades Cortadora de cabello de carga r\u00e1pida Cortadora de cabello para ni\u00f1os de Xiaomi Youpin\" alt=\"\" data-original=\"https:\/\/imgaz.staticbg.com\/images\/oaupload\/banggood\/images\/A5\/67\/06e2d25d-63fa-40b9-ba0a-ce5832369153.jpg\" \/><\/div>\n<div style=\"text-align: center\"><img decoding=\"async\" class=\"bg_lazy aligncenter\" title=\"ENCHEN Boost USB Cortadora de cabello el\u00e9ctrica Cortadora de cer\u00e1mica de dos velocidades Cortadora de cabello de carga r\u00e1pida Cortadora de cabello para ni\u00f1os de Xiaomi Youpin\" src=\"https:\/\/www.rucashk.com\/wp-content\/uploads\/2020\/07\/9a47f93c-2006-419b-a05a-f7effbac3682.gif\" alt=\"Enchen hair clipper Wholesale\" width=\"1080\" height=\"645\" data-original=\"https:\/\/www.rucashk.com\/wp-content\/uploads\/2020\/07\/9a47f93c-2006-419b-a05a-f7effbac3682.gif\" \/><\/div>\n<div style=\"text-align: center\"><img class=\"bg_lazy\" title=\"ENCHEN Boost USB Cortadora de cabello el\u00e9ctrica Cortadora de cer\u00e1mica de dos velocidades Cortadora de cabello de carga r\u00e1pida Cortadora de cabello para ni\u00f1os de Xiaomi Youpin\" alt=\"\" data-original=\"https:\/\/imgaz.staticbg.com\/images\/oaupload\/banggood\/images\/8F\/74\/ed59f3c9-9e92-45b1-a42f-86173a6a709d.jpg\" \/><\/div>\n<div style=\"text-align: center\"><img class=\"bg_lazy\" title=\"ENCHEN Boost USB Cortadora de cabello el\u00e9ctrica Cortadora de cer\u00e1mica de dos velocidades Cortadora de cabello de carga r\u00e1pida Cortadora de cabello para ni\u00f1os de Xiaomi Youpin\" alt=\"\" data-original=\"https:\/\/imgaz.staticbg.com\/images\/oaupload\/banggood\/images\/AC\/CB\/e1ea97a0-dbfc-4c54-9455-c907e4ca603e.jpg\" \/><\/div>\n<div style=\"text-align: center\"><img class=\"bg_lazy\" title=\"ENCHEN Boost USB Cortadora de cabello el\u00e9ctrica Cortadora de cer\u00e1mica de dos velocidades Cortadora de cabello de carga r\u00e1pida Cortadora de cabello para ni\u00f1os de Xiaomi Youpin\" alt=\"\" data-original=\"https:\/\/imgaz.staticbg.com\/images\/oaupload\/banggood\/images\/CE\/52\/8a20275f-a113-406d-8b58-39af3acfe84f.jpg\" \/><\/div>\n<div style=\"text-align: center\"><img class=\"bg_lazy\" title=\"ENCHEN Boost USB Cortadora de cabello el\u00e9ctrica Cortadora de cer\u00e1mica de dos velocidades Cortadora de cabello de carga r\u00e1pida Cortadora de cabello para ni\u00f1os de Xiaomi Youpin\" alt=\"\" data-original=\"https:\/\/imgaz.staticbg.com\/images\/oaupload\/banggood\/images\/AC\/A0\/92028070-5764-4c57-a2fc-590c45489f0d.jpg\" \/><\/div>\n<div style=\"text-align: center\"><img class=\"bg_lazy\" title=\"ENCHEN Boost USB Cortadora de cabello el\u00e9ctrica Cortadora de cer\u00e1mica de dos velocidades Cortadora de cabello de carga r\u00e1pida Cortadora de cabello para ni\u00f1os de Xiaomi Youpin\" alt=\"\" data-original=\"https:\/\/imgaz.staticbg.com\/images\/oaupload\/banggood\/images\/D6\/AC\/ba6a1837-8b76-4957-8a83-28bc18ea58ec.jpg\" \/><\/div>\n<div style=\"text-align: center\"><img class=\"bg_lazy\" title=\"ENCHEN Boost USB Cortadora de cabello el\u00e9ctrica Cortadora de cer\u00e1mica de dos velocidades Cortadora de cabello de carga r\u00e1pida Cortadora de cabello para ni\u00f1os de Xiaomi Youpin\" alt=\"\" data-original=\"https:\/\/imgaz.staticbg.com\/images\/oaupload\/banggood\/images\/B1\/C6\/0f8352dc-4a96-43ab-918d-89a12320394b.jpg\" \/><\/div>\n<div style=\"text-align: center\">\n<p><strong>ENCHEN Boost-cortadora de pelo el\u00e9ctrica USB, cortador de cer\u00e1mica de dos velocidades, cortador de pelo de carga r\u00e1pida, cortadora de pelo para ni\u00f1os\u00a0<\/strong><\/p>\n<p><strong>\u2013 Un bot\u00f3n bloquea la longitud del corte de pelo\u00a0<\/strong><br \/>\nCuenta con un peine de posicionamiento tipo deslizador que bloquea longitudes de corte de cabello de 0,7 a 21 mm y admite ajuste con un solo bot\u00f3n para una f\u00e1cil operaci\u00f3n.<\/p>\n<p><strong>\u2013 Cabezal cortador de nanocer\u00e1mica\u00a0<\/strong><br \/>\nLa dureza de las nanocer\u00e1micas es 1,6 veces mayor que la del acero inoxidable ordinario. La suavidad de la superficie es menor que la del acero inoxidable. Por lo tanto, cuando el cortapelos funciona a alta velocidad, el ruido generado por el cabezal cortador cer\u00e1mico ser\u00e1 menor y no ser\u00e1 f\u00e1cil generar calor. El ruido de trabajo es inferior a 55 dB.<\/p>\n<p><strong>\u2013 Potencia de frecuencia variable, control de dos velocidades<\/strong><\/p>\n<div>El cortapelos ENCHEN Boost adopta tecnolog\u00eda de conversi\u00f3n de frecuencia y, con el potente motor tipo 280, proporciona conmutaci\u00f3n flexible de potencia de dos velocidades para satisfacer las necesidades de diferentes tipos de cabello. La velocidad inicial normal es de 4500 rpm para cabello normal, mantenga presionado el bot\u00f3n del interruptor. Activa instant\u00e1neamente el modo de velocidad \u201cTurbo\u201d, con una potente salida de 5800 rpm, lo que facilita la creaci\u00f3n de cabello grueso.<\/div>\n<div><strong>\u2013 ESM Intelligence previene el atascamiento del cabello\u00a0<\/strong><br \/>\nESM (Energy Smart Manager) es el cerebro de los productos ENCHEN. Tiene dos grandes m\u00f3dulos de gesti\u00f3n de energ\u00eda y control del motor, que pueden garantizar un funcionamiento a alta velocidad y sin pelos atascados cuando la bater\u00eda est\u00e1 baja. Durante el proceso de carga, el ESM activar\u00e1 m\u00faltiples garant\u00edas para prolongar la vida \u00fatil de la bater\u00eda y garantizar una carga segura.<strong>\u2013 Procesamiento de esquinas redondeadas tipo R\u00a0<\/strong><br \/>\nLas partes que entran en contacto con la piel con el cabezal cortador y el peine de posicionamiento son redondeadas para garantizar seguridad y comodidad durante el corte del cabello. El cabezal del cortapelos consta de un cortador m\u00f3vil y un cortador est\u00e1tico. Puede contactar de forma segura con el cabezal de corte en cualquier \u00e1ngulo durante el proceso de trabajo.<\/div>\n<div><\/div>\n<\/div>\n<div>\n<p style=\"text-align: center\"><strong>Especificaci\u00f3n:<\/strong><\/p>\n<table class=\"aligncenter\" border=\"1\" cellspacing=\"1\" cellpadding=\"1\">\n<tbody>\n<tr>\n<td><strong>Marca<\/strong><\/td>\n<td><strong>ENCHEN (Marca de cooperaci\u00f3n XIAOMI)\u00a0<\/strong><\/td>\n<\/tr>\n<tr>\n<td><strong>Modelo<\/strong><\/td>\n<td><strong>Aumentar<\/strong><\/td>\n<\/tr>\n<tr>\n<td>Material<\/td>\n<td>abdominales<\/td>\n<\/tr>\n<tr>\n<td>Color<\/td>\n<td>Blanco negro<\/td>\n<\/tr>\n<tr>\n<td>Peso<\/td>\n<td>142g<\/td>\n<\/tr>\n<tr>\n<td>Tama\u00f1o<\/td>\n<td>43x164mm<\/td>\n<\/tr>\n<tr>\n<td>Fuerza<\/td>\n<td>5W<\/td>\n<\/tr>\n<tr>\n<td>Voltaje<\/td>\n<td>5V<\/td>\n<\/tr>\n<tr>\n<td>Tiempo de carga<\/td>\n<td>120 minutos<\/td>\n<\/tr>\n<tr>\n<td>Fuente de alimentaci\u00f3n<\/td>\n<td>Carga USB<\/td>\n<\/tr>\n<\/tbody>\n<\/table>\n<p style=\"text-align: center\"><strong>El paquete incluye :<\/strong><\/p>\n<p style=\"text-align: center\">1 cortapelos USB.<br \/>\n1 cable USB.<\/p>\n<\/div>\n<\/div>","protected":false},"excerpt":{"rendered":"<p><strong>Un bot\u00f3n bloquea la longitud del corte de pelo\u00a0<\/strong><\/p>\n<p><strong>Cabezal de corte de nanocer\u00e1mica\u00a0<\/strong><\/p>\n<p><strong>Potencia de frecuencia variable, control de dos velocidades<\/strong><\/p>\n<p><strong>ESM Intelligence evita que el cabello se atasque\u00a0<\/strong><\/p>\n<p><strong>Procesamiento de esquinas redondeadas tipo R\u00a0<\/strong><\/p>","protected":false},"featured_media":24512,"template":"","meta":[],"product_brand":[],"product_cat":[1320,1305],"product_tag":[1074],"class_list":{"0":"post-24371","1":"product","2":"type-product","3":"status-publish","4":"has-post-thumbnail","6":"product_cat-personal-care","7":"product_cat-xiaomi-eco","8":"product_tag-enchen-hair-clipper","10":"first","11":"instock","12":"shipping-taxable","13":"product-type-external"},"aioseo_notices":[],"aioseo_head":"\n\t\t<!-- All in One SEO Pro 4.5.9.2 - aioseo.com -->\n\t\t<meta name=\"description\" content=\"One Button Locks The Length Of The Haircut Nano Ceramic Cutter Head Variable Frequency Power, Two Speed Control ESM Intelligence Prevent Stucking Hair R Type Rounded Corner Processing\" \/>\n\t\t<meta name=\"robots\" content=\"max-image-preview:large\" \/>\n\t\t<link rel=\"canonical\" href=\"https:\/\/www.rucashk.com\/es\/producto\/enchen-hair-clipper-wholesale\/\" \/>\n\t\t<meta name=\"generator\" content=\"All in One SEO Pro (AIOSEO) 4.5.9.2\" \/>\n\t\t<meta property=\"og:locale\" content=\"es_ES\" \/>\n\t\t<meta property=\"og:site_name\" content=\"Rucas - One-stop AIoT Distribution Worldwide\" \/>\n\t\t<meta property=\"og:type\" content=\"article\" \/>\n\t\t<meta property=\"og:title\" content=\"Enchen hair clipper Wholesale - Rucas - Wholesale and Distribution\" \/>\n\t\t<meta property=\"og:description\" content=\"One Button Locks The Length Of The Haircut Nano Ceramic Cutter Head Variable Frequency Power, Two Speed Control ESM Intelligence Prevent Stucking Hair R Type Rounded Corner Processing\" \/>\n\t\t<meta property=\"og:url\" content=\"https:\/\/www.rucashk.com\/es\/producto\/enchen-hair-clipper-wholesale\/\" \/>\n\t\t<meta property=\"og:image\" content=\"https:\/\/www.rucashk.com\/wp-content\/uploads\/replace\/503b8e645f128a97ccde2b6290747646.jpeg\" \/>\n\t\t<meta property=\"og:image:secure_url\" content=\"https:\/\/www.rucashk.com\/wp-content\/uploads\/replace\/503b8e645f128a97ccde2b6290747646.jpeg\" \/>\n\t\t<meta property=\"og:image:width\" content=\"1456\" \/>\n\t\t<meta property=\"og:image:height\" content=\"816\" \/>\n\t\t<meta property=\"article:published_time\" content=\"2024-01-09T16:03:53+00:00\" \/>\n\t\t<meta property=\"article:modified_time\" content=\"2024-01-20T10:06:19+00:00\" \/>\n\t\t<meta name=\"twitter:card\" content=\"summary_large_image\" \/>\n\t\t<meta name=\"twitter:title\" content=\"Enchen hair clipper Wholesale - Rucas - Wholesale and Distribution\" \/>\n\t\t<meta name=\"twitter:description\" content=\"One Button Locks The Length Of The Haircut Nano Ceramic Cutter Head Variable Frequency Power, Two Speed Control ESM Intelligence Prevent Stucking Hair R Type Rounded Corner Processing\" \/>\n\t\t<meta name=\"twitter:image\" content=\"https:\/\/www.rucashk.com\/wp-content\/uploads\/replace\/503b8e645f128a97ccde2b6290747646.jpeg\" \/>\n\t\t<script type=\"application\/ld+json\" class=\"aioseo-schema\">\n\t\t\t{\"@context\":\"https:\\\/\\\/schema.org\",\"@graph\":[{\"@type\":\"BreadcrumbList\",\"@id\":\"https:\\\/\\\/www.rucashk.com\\\/es\\\/producto\\\/enchen-hair-clipper-wholesale\\\/#breadcrumblist\",\"itemListElement\":[{\"@type\":\"ListItem\",\"@id\":\"https:\\\/\\\/www.rucashk.com\\\/es\\\/#listItem\",\"position\":1,\"name\":\"Home\",\"item\":\"https:\\\/\\\/www.rucashk.com\\\/es\\\/\",\"nextItem\":\"https:\\\/\\\/www.rucashk.com\\\/es\\\/producto\\\/enchen-hair-clipper-wholesale\\\/#listItem\"},{\"@type\":\"ListItem\",\"@id\":\"https:\\\/\\\/www.rucashk.com\\\/es\\\/producto\\\/enchen-hair-clipper-wholesale\\\/#listItem\",\"position\":2,\"name\":\"Enchen hair clipper Wholesale\",\"previousItem\":\"https:\\\/\\\/www.rucashk.com\\\/es\\\/#listItem\"}]},{\"@type\":\"Organization\",\"@id\":\"https:\\\/\\\/www.rucashk.com\\\/es\\\/#organization\",\"name\":\"Rucas\",\"url\":\"https:\\\/\\\/www.rucashk.com\\\/es\\\/\",\"logo\":{\"@type\":\"ImageObject\",\"url\":\"https:\\\/\\\/www.rucashk.com\\\/wp-content\\\/uploads\\\/2023\\\/12\\\/Rucas_campany_logo.png\",\"@id\":\"https:\\\/\\\/www.rucashk.com\\\/es\\\/producto\\\/enchen-hair-clipper-wholesale\\\/#organizationLogo\",\"width\":221,\"height\":65},\"image\":{\"@id\":\"https:\\\/\\\/www.rucashk.com\\\/es\\\/#organizationLogo\"}},{\"@type\":\"Person\",\"@id\":\"https:\\\/\\\/www.rucashk.com\\\/es\\\/author\\\/admin\\\/#author\",\"url\":\"https:\\\/\\\/www.rucashk.com\\\/es\\\/author\\\/admin\\\/\",\"name\":\"admin\",\"image\":{\"@type\":\"ImageObject\",\"@id\":\"https:\\\/\\\/www.rucashk.com\\\/es\\\/producto\\\/enchen-hair-clipper-wholesale\\\/#authorImage\",\"url\":\"https:\\\/\\\/secure.gravatar.com\\\/avatar\\\/b7c8925b09a27e72b30232f8ecaadbd5af0f70a38c78096863fe51b64f031c24?s=96&d=mm&r=g\",\"width\":96,\"height\":96,\"caption\":\"admin\"}},{\"@type\":\"WebPage\",\"@id\":\"https:\\\/\\\/www.rucashk.com\\\/es\\\/producto\\\/enchen-hair-clipper-wholesale\\\/#webpage\",\"url\":\"https:\\\/\\\/www.rucashk.com\\\/es\\\/producto\\\/enchen-hair-clipper-wholesale\\\/\",\"name\":\"Enchen hair clipper Wholesale - Rucas - Wholesale and Distribution\",\"description\":\"One Button Locks The Length Of The Haircut Nano Ceramic Cutter Head Variable Frequency Power, Two Speed Control ESM Intelligence Prevent Stucking Hair R Type Rounded Corner Processing\",\"inLanguage\":\"es-ES\",\"isPartOf\":{\"@id\":\"https:\\\/\\\/www.rucashk.com\\\/es\\\/#website\"},\"breadcrumb\":{\"@id\":\"https:\\\/\\\/www.rucashk.com\\\/es\\\/producto\\\/enchen-hair-clipper-wholesale\\\/#breadcrumblist\"},\"author\":{\"@id\":\"https:\\\/\\\/www.rucashk.com\\\/es\\\/author\\\/admin\\\/#author\"},\"creator\":{\"@id\":\"https:\\\/\\\/www.rucashk.com\\\/es\\\/author\\\/admin\\\/#author\"},\"image\":{\"@type\":\"ImageObject\",\"url\":\"https:\\\/\\\/www.rucashk.com\\\/wp-content\\\/uploads\\\/2024\\\/01\\\/\\u5fae\\u4fe1\\u56fe\\u7247_20200710121028_\\u526f\\u672c.jpg\",\"@id\":\"https:\\\/\\\/www.rucashk.com\\\/es\\\/producto\\\/enchen-hair-clipper-wholesale\\\/#mainImage\",\"width\":800,\"height\":800},\"primaryImageOfPage\":{\"@id\":\"https:\\\/\\\/www.rucashk.com\\\/es\\\/producto\\\/enchen-hair-clipper-wholesale\\\/#mainImage\"},\"datePublished\":\"2024-01-09T16:03:53+00:00\",\"dateModified\":\"2024-01-20T10:06:19+00:00\"},{\"@type\":\"WebSite\",\"@id\":\"https:\\\/\\\/www.rucashk.com\\\/es\\\/#website\",\"url\":\"https:\\\/\\\/www.rucashk.com\\\/es\\\/\",\"name\":\"Rucas - Wholesale and distribution worldwide\",\"alternateName\":\"Rucas - One-stop AIoT Distribution Worldwide\",\"description\":\"One-stop AIoT Distribution Worldwide\",\"inLanguage\":\"es-ES\",\"publisher\":{\"@id\":\"https:\\\/\\\/www.rucashk.com\\\/es\\\/#organization\"}}]}\n\t\t<\/script>\n\t\t<!-- All in One SEO Pro -->\r\n\t\t<title>Enchen hair clipper Wholesale - Rucas - Wholesale and Distribution<\/title>\n\n","aioseo_head_json":{"title":"Enchen hair clipper Wholesale - Rucas - Wholesale and Distribution","description":"One Button Locks The Length Of The Haircut Nano Ceramic Cutter Head Variable Frequency Power, Two Speed Control ESM Intelligence Prevent Stucking Hair R Type Rounded Corner Processing","canonical_url":"https:\/\/www.rucashk.com\/es\/producto\/enchen-hair-clipper-wholesale\/","robots":"max-image-preview:large","keywords":"","webmasterTools":{"miscellaneous":""},"og:locale":"es_ES","og:site_name":"Rucas - One-stop AIoT Distribution Worldwide","og:type":"article","og:title":"Enchen hair clipper Wholesale - Rucas - Wholesale and Distribution","og:description":"One Button Locks The Length Of The Haircut Nano Ceramic Cutter Head Variable Frequency Power, Two Speed Control ESM Intelligence Prevent Stucking Hair R Type Rounded Corner Processing","og:url":"https:\/\/www.rucashk.com\/es\/producto\/enchen-hair-clipper-wholesale\/","og:image":"https:\/\/www.rucashk.com\/wp-content\/uploads\/replace\/503b8e645f128a97ccde2b6290747646.jpeg","og:image:secure_url":"https:\/\/www.rucashk.com\/wp-content\/uploads\/replace\/503b8e645f128a97ccde2b6290747646.jpeg","og:image:width":1456,"og:image:height":816,"article:published_time":"2024-01-09T16:03:53+00:00","article:modified_time":"2024-01-20T10:06:19+00:00","twitter:card":"summary_large_image","twitter:title":"Enchen hair clipper Wholesale - Rucas - Wholesale and Distribution","twitter:description":"One Button Locks The Length Of The Haircut Nano Ceramic Cutter Head Variable Frequency Power, Two Speed Control ESM Intelligence Prevent Stucking Hair R Type Rounded Corner Processing","twitter:image":"https:\/\/www.rucashk.com\/wp-content\/uploads\/replace\/503b8e645f128a97ccde2b6290747646.jpeg","schema":{"@context":"https:\/\/schema.org","@graph":[{"@type":"BreadcrumbList","@id":"https:\/\/www.rucashk.com\/es\/producto\/enchen-hair-clipper-wholesale\/#breadcrumblist","itemListElement":[{"@type":"ListItem","@id":"https:\/\/www.rucashk.com\/es\/#listItem","position":1,"name":"Home","item":"https:\/\/www.rucashk.com\/es\/","nextItem":"https:\/\/www.rucashk.com\/es\/producto\/enchen-hair-clipper-wholesale\/#listItem"},{"@type":"ListItem","@id":"https:\/\/www.rucashk.com\/es\/producto\/enchen-hair-clipper-wholesale\/#listItem","position":2,"name":"Enchen hair clipper Wholesale","previousItem":"https:\/\/www.rucashk.com\/es\/#listItem"}]},{"@type":"Organization","@id":"https:\/\/www.rucashk.com\/es\/#organization","name":"Rucas","url":"https:\/\/www.rucashk.com\/es\/","logo":{"@type":"ImageObject","url":"https:\/\/www.rucashk.com\/wp-content\/uploads\/2023\/12\/Rucas_campany_logo.png","@id":"https:\/\/www.rucashk.com\/es\/producto\/enchen-hair-clipper-wholesale\/#organizationLogo","width":221,"height":65},"image":{"@id":"https:\/\/www.rucashk.com\/es\/#organizationLogo"}},{"@type":"Person","@id":"https:\/\/www.rucashk.com\/es\/author\/admin\/#author","url":"https:\/\/www.rucashk.com\/es\/author\/admin\/","name":"admin","image":{"@type":"ImageObject","@id":"https:\/\/www.rucashk.com\/es\/producto\/enchen-hair-clipper-wholesale\/#authorImage","url":"https:\/\/secure.gravatar.com\/avatar\/b7c8925b09a27e72b30232f8ecaadbd5af0f70a38c78096863fe51b64f031c24?s=96&d=mm&r=g","width":96,"height":96,"caption":"admin"}},{"@type":"WebPage","@id":"https:\/\/www.rucashk.com\/es\/producto\/enchen-hair-clipper-wholesale\/#webpage","url":"https:\/\/www.rucashk.com\/es\/producto\/enchen-hair-clipper-wholesale\/","name":"Enchen hair clipper Wholesale - Rucas - Wholesale and Distribution","description":"One Button Locks The Length Of The Haircut Nano Ceramic Cutter Head Variable Frequency Power, Two Speed Control ESM Intelligence Prevent Stucking Hair R Type Rounded Corner Processing","inLanguage":"es-ES","isPartOf":{"@id":"https:\/\/www.rucashk.com\/es\/#website"},"breadcrumb":{"@id":"https:\/\/www.rucashk.com\/es\/producto\/enchen-hair-clipper-wholesale\/#breadcrumblist"},"author":{"@id":"https:\/\/www.rucashk.com\/es\/author\/admin\/#author"},"creator":{"@id":"https:\/\/www.rucashk.com\/es\/author\/admin\/#author"},"image":{"@type":"ImageObject","url":"https:\/\/www.rucashk.com\/wp-content\/uploads\/2024\/01\/\u5fae\u4fe1\u56fe\u7247_20200710121028_\u526f\u672c.jpg","@id":"https:\/\/www.rucashk.com\/es\/producto\/enchen-hair-clipper-wholesale\/#mainImage","width":800,"height":800},"primaryImageOfPage":{"@id":"https:\/\/www.rucashk.com\/es\/producto\/enchen-hair-clipper-wholesale\/#mainImage"},"datePublished":"2024-01-09T16:03:53+00:00","dateModified":"2024-01-20T10:06:19+00:00"},{"@type":"WebSite","@id":"https:\/\/www.rucashk.com\/es\/#website","url":"https:\/\/www.rucashk.com\/es\/","name":"Rucas - Wholesale and distribution worldwide","alternateName":"Rucas - One-stop AIoT Distribution Worldwide","description":"One-stop AIoT Distribution Worldwide","inLanguage":"es-ES","publisher":{"@id":"https:\/\/www.rucashk.com\/es\/#organization"}}]}},"aioseo_meta_data":{"post_id":"24371","title":null,"description":null,"keywords":null,"keyphrases":null,"primary_term":null,"canonical_url":null,"og_title":null,"og_description":null,"og_object_type":"default","og_image_type":"default","og_image_url":null,"og_image_width":null,"og_image_height":null,"og_image_custom_url":null,"og_image_custom_fields":null,"og_video":null,"og_custom_url":null,"og_article_section":null,"og_article_tags":null,"twitter_use_og":false,"twitter_card":"default","twitter_image_type":"default","twitter_image_url":null,"twitter_image_custom_url":null,"twitter_image_custom_fields":null,"twitter_title":null,"twitter_description":null,"schema":{"blockGraphs":[],"customGraphs":[],"default":{"data":{"Article":[],"Course":[],"Dataset":[],"FAQPage":[],"Movie":[],"Person":[],"Product":[],"Recipe":[],"Service":[],"SoftwareApplication":[],"WebPage":[]},"graphName":"","isEnabled":true},"graphs":[]},"schema_type":"default","schema_type_options":null,"pillar_content":false,"robots_default":true,"robots_noindex":false,"robots_noarchive":false,"robots_nosnippet":false,"robots_nofollow":false,"robots_noimageindex":false,"robots_noodp":false,"robots_notranslate":false,"robots_max_snippet":null,"robots_max_videopreview":null,"robots_max_imagepreview":"large","priority":null,"frequency":null,"local_seo":null,"breadcrumb_settings":null,"limit_modified_date":false,"created":"2024-04-11 01:57:11","updated":"2025-06-22 17:29:55"},"aioseo_breadcrumb":"<div class=\"aioseo-breadcrumbs\"><span class=\"aioseo-breadcrumb\">\n\t<a href=\"https:\/\/www.rucashk.com\/es\" title=\"Home\">Home<\/a>\n<\/span><span class=\"aioseo-breadcrumb-separator\">&raquo;<\/span><span class=\"aioseo-breadcrumb\">\n\t<a href=\"https:\/\/www.rucashk.com\/es\/products\/\" title=\"Productos\">Productos<\/a>\n<\/span><span class=\"aioseo-breadcrumb-separator\">&raquo;<\/span><span class=\"aioseo-breadcrumb\">\n\t<a href=\"https:\/\/www.rucashk.com\/es\/categoria-producto\/xiaomi-eco\/\" title=\"Xiaomi Eco\">Xiaomi Eco<\/a>\n<\/span><span class=\"aioseo-breadcrumb-separator\">&raquo;<\/span><span class=\"aioseo-breadcrumb\">\n\t<a href=\"https:\/\/www.rucashk.com\/es\/categoria-producto\/xiaomi-eco\/personal-care\/\" title=\"Personal Care\">Personal Care<\/a>\n<\/span><span class=\"aioseo-breadcrumb-separator\">&raquo;<\/span><span class=\"aioseo-breadcrumb\">\n\tEnchen hair clipper Wholesale\n<\/span><\/div>","aioseo_breadcrumb_json":[{"label":"Home","link":"https:\/\/www.rucashk.com\/es"},{"label":"Productos","link":"https:\/\/www.rucashk.com\/es\/products\/"},{"label":"Xiaomi Eco","link":"https:\/\/www.rucashk.com\/es\/categoria-producto\/xiaomi-eco\/"},{"label":"Personal Care","link":"https:\/\/www.rucashk.com\/es\/categoria-producto\/xiaomi-eco\/personal-care\/"},{"label":"Enchen hair clipper Wholesale","link":"https:\/\/www.rucashk.com\/es\/producto\/enchen-hair-clipper-wholesale\/"}],"_links":{"self":[{"href":"https:\/\/www.rucashk.com\/es\/wp-json\/wp\/v2\/product\/24371","targetHints":{"allow":["GET"]}}],"collection":[{"href":"https:\/\/www.rucashk.com\/es\/wp-json\/wp\/v2\/product"}],"about":[{"href":"https:\/\/www.rucashk.com\/es\/wp-json\/wp\/v2\/types\/product"}],"wp:featuredmedia":[{"embeddable":true,"href":"https:\/\/www.rucashk.com\/es\/wp-json\/wp\/v2\/media\/24512"}],"wp:attachment":[{"href":"https:\/\/www.rucashk.com\/es\/wp-json\/wp\/v2\/media?parent=24371"}],"wp:term":[{"taxonomy":"product_brand","embeddable":true,"href":"https:\/\/www.rucashk.com\/es\/wp-json\/wp\/v2\/product_brand?post=24371"},{"taxonomy":"product_cat","embeddable":true,"href":"https:\/\/www.rucashk.com\/es\/wp-json\/wp\/v2\/product_cat?post=24371"},{"taxonomy":"product_tag","embeddable":true,"href":"https:\/\/www.rucashk.com\/es\/wp-json\/wp\/v2\/product_tag?post=24371"}],"curies":[{"name":"wp","href":"https:\/\/api.w.org\/{rel}","templated":true}]}}