{"id":24369,"date":"2024-01-09T16:03:53","date_gmt":"2024-01-09T16:03:53","guid":{"rendered":"http:\/\/rucashk.com\/?post_type=product&#038;p=24369"},"modified":"2024-03-12T07:38:30","modified_gmt":"2024-03-12T07:38:30","slug":"irobot-roomba-e6-sweeping-robot-wholesale","status":"publish","type":"product","link":"https:\/\/www.rucashk.com\/es\/producto\/irobot-roomba-e6-sweeping-robot-wholesale\/","title":{"rendered":"Robot de barrido iRobot Roomba e6 al por mayor"},"content":{"rendered":"<h2><img fetchpriority=\"high\" decoding=\"async\" class=\"wp-image-20585 size-full aligncenter\" src=\"\/wp-content\/uploads\/replace\/572f3b58ef5103ded3c6224076d3856e.jpeg\" alt=\"iRobot Roomba e6 Sweeping robot\" width=\"1350\" height=\"500\" \/><img decoding=\"async\" class=\"wp-image-20586 size-full aligncenter\" src=\"\/wp-content\/uploads\/replace\/3d6b40a043078e28d3301ee0be9c9fce.jpeg\" alt=\"iRobot Roomba e6 Sweeping robot\" width=\"1359\" height=\"533\" \/><img decoding=\"async\" class=\"wp-image-20587 size-full aligncenter\" src=\"\/wp-content\/uploads\/replace\/3772102e8c10a707d1e2f27961312ea8.jpeg\" alt=\"iRobot Roomba e6 Sweeping robot\" width=\"1354\" height=\"543\" \/><img loading=\"lazy\" decoding=\"async\" class=\"wp-image-20588 size-full aligncenter\" src=\"\/wp-content\/uploads\/replace\/a63d84e614a8c3a2d5683de59e2879bc.jpeg\" alt=\"iRobot Roomba e6 Sweeping robot\" width=\"1352\" height=\"555\" \/><img loading=\"lazy\" decoding=\"async\" class=\"wp-image-20589 size-full aligncenter\" src=\"\/wp-content\/uploads\/replace\/92ddd3c379e7f651ef8a512db271d358.jpeg\" alt=\"iRobot Roomba e6 Sweeping robot\" width=\"1339\" height=\"457\" \/><img loading=\"lazy\" decoding=\"async\" class=\"wp-image-20590 size-full aligncenter\" src=\"\/wp-content\/uploads\/replace\/e88631efe5b6405d63cbc01339c3d222.jpeg\" alt=\"iRobot Roomba e6 Sweeping robot\" width=\"1325\" height=\"479\" \/><img loading=\"lazy\" decoding=\"async\" class=\"wp-image-20591 size-full aligncenter\" src=\"\/wp-content\/uploads\/replace\/f5c1c49232eae5b95ee2a1936ecff2ad.jpeg\" alt=\"iRobot Roomba e6 Sweeping robot\" width=\"1323\" height=\"458\" \/><img loading=\"lazy\" decoding=\"async\" class=\"wp-image-20592 size-full aligncenter\" src=\"\/wp-content\/uploads\/replace\/2423f2e4d60609edb36a6b38e8a08f76.jpeg\" alt=\"iRobot Roomba e6 Sweeping robot\" width=\"1330\" height=\"450\" \/> <img loading=\"lazy\" decoding=\"async\" class=\"wp-image-20597 size-full aligncenter\" src=\"\/wp-content\/uploads\/replace\/0b874d0cabda07629fc09291dce952ad.jpeg\" alt=\"iRobot Roomba e6 Sweeping robot\" width=\"1044\" height=\"436\" \/>Especificaciones<\/h2>\n<table class=\"product-specification-table table-striped\">\n<tbody>\n<tr class=\"product-specification-row\">\n<td class=\"s-padding-ends s-padding-sides\">Marca<\/td>\n<td class=\"s-padding-ends s-padding-sides\">\n<div>Yo robot<\/div>\n<\/td>\n<\/tr>\n<tr class=\"product-specification-row\">\n<td class=\"s-padding-ends s-padding-sides\">Modelo<\/td>\n<td class=\"s-padding-ends s-padding-sides\">\n<div>E613420<\/div>\n<\/td>\n<\/tr>\n<tr class=\"product-specification-row\">\n<td class=\"s-padding-ends s-padding-sides\">Peso del producto ensamblado<\/td>\n<td class=\"s-padding-ends s-padding-sides\">\n<div>11,3 libras<\/div>\n<\/td>\n<\/tr>\n<tr class=\"product-specification-row\">\n<td class=\"s-padding-ends s-padding-sides\">N\u00famero de pieza del fabricante<\/td>\n<td class=\"s-padding-ends s-padding-sides\">\n<div>E613420<\/div>\n<\/td>\n<\/tr>\n<tr class=\"product-specification-row\">\n<td class=\"s-padding-ends s-padding-sides\">Dimensiones del producto ensamblado (largo x ancho x alto)<\/td>\n<td class=\"s-padding-ends s-padding-sides\">\n<div>16,14 x 5,08 x 20,08 pulgadas<\/div>\n<\/td>\n<\/tr>\n<\/tbody>\n<\/table>\n<h2>Caracter\u00edsticas<\/h2>\n<p>El robot aspirador Roomba e6 ofrece un gran rendimiento para una recogida potente. El sistema de limpieza premium de 3 etapas limpia la suciedad y el pelo de mascotas que ves y los al\u00e9rgenos y el polvo que no ves. Los sensores inteligentes gu\u00edan al robot por toda la casa, desplaz\u00e1ndose debajo y alrededor de los muebles para ayudar a limpiar a fondo los pisos. Simplemente presione LIMPIAR o programe Roomba mientras viaja con la aplicaci\u00f3n iRobot HOME.<\/p>\n<div><\/div>\n<div><b><i>\u00a0<\/i><\/b><\/div>\n<div><b>Robot aspirador iRobot Roomba e6 con conexi\u00f3n Wi-Fi: conexi\u00f3n Wi-Fi, funciona con Alexa, ideal para pelo de mascotas, alfombras, aspiradora rob\u00f3tica dura y autocargable<\/b><\/div>\n<div><\/div>\n<div>\n<ul>\n<li>La succi\u00f3n Power-Lifting ofrece 5 veces m\u00e1s potencia de aire* para mejorar el rendimiento de recogida. *<i>(En comparaci\u00f3n con el sistema Roomba serie 600)<\/i><\/li>\n<li>Ideal para hogares con mascotas. El sistema de limpieza premium de 3 etapas limpia la suciedad y el pelo de las mascotas que ves y los al\u00e9rgenos y el polvo que no ves. Simplemente enjuague la suciedad o los residuos que quedan en el contenedor lavable.<\/li>\n<li>Los exclusivos cepillos de goma duales para m\u00faltiples superficies no se enredan con el pelo de las mascotas. Los cepillos se ajustan y flexionan para permanecer en contacto constante con alfombras y pisos duros.<\/li>\n<\/ul>\n<\/div>\n<div>\n<ul>\n<li>Un conjunto completo de sensores navega de manera inteligente por el robot debajo y alrededor de objetos y debajo de muebles para ayudar a limpiar a fondo sus pisos.<\/li>\n<li>El Roomba e6 elimina la suciedad de los puntos de mayor tr\u00e1fico de su hogar utilizando la tecnolog\u00eda Dirt Detect Series II.<\/li>\n<li>El filtro de alta eficiencia atrapa 99% de al\u00e9rgenos de perros y gatos.<\/li>\n<li>Personaliza y controla c\u00f3mo limpias con la aplicaci\u00f3n iRobot HOME, Alexa o el Asistente de Google.<\/li>\n<li>Funciona hasta 90 minutos antes de acoplarse y recargarse autom\u00e1ticamente.<\/li>\n<li>Incluye Roomba Essentials: conexi\u00f3n Wi-Fi, navegaci\u00f3n inteligente, tecnolog\u00eda patentada de detecci\u00f3n de suciedad, cepillo para barrer bordes, cabezal de limpieza con ajuste autom\u00e1tico, funciona en alfombras y pisos duros<\/li>\n<li>Contenido de la caja: 1 robot aspirador Roomba e6, 1 estaci\u00f3n de carga Home Base, 1 cable de l\u00ednea norteamericano, 1 filtro de eficiencia extra alta, gu\u00eda del propietario, paquete de documentaci\u00f3n<\/li>\n<li>iRobot no certifica la calidad o autenticidad de los productos comprados a revendedores no autorizados y no cubrir\u00e1 reclamaciones, brindar\u00e1 servicios ni ofrecer\u00e1 reemplazos para los productos comprados a estos vendedores.<\/li>\n<\/ul>\n<\/div>","protected":false},"excerpt":{"rendered":"<p><strong>Caracter\u00edstica:<\/strong><\/p>\n<ul>\n<li>Limpia todo tipo de suelos<\/li>\n<li>5 veces la succi\u00f3n<\/li>\n<li>Ideal para hogares con mascotas<\/li>\n<li>Navega inteligentemente por tu hogar<\/li>\n<li>Tecnolog\u00eda mejorada para burlar la suciedad<\/li>\n<li>Barre los escombros que se esconden a lo largo de las paredes.<\/li>\n<li>Limpia y programa sobre la marcha<\/li>\n<li>Disfruta del control manos libres<\/li>\n<li>Enjuague la suciedad y los escombros<\/li>\n<\/ul>","protected":false},"featured_media":24504,"template":"","meta":[],"product_brand":[],"product_cat":[1322],"product_tag":[1072],"class_list":{"0":"post-24369","1":"product","2":"type-product","3":"status-publish","4":"has-post-thumbnail","6":"product_cat-other-a-brands","7":"product_tag-irobot-roomba-e6","9":"first","10":"instock","11":"shipping-taxable","12":"product-type-external"},"aioseo_notices":[],"aioseo_head":"\n\t\t<!-- All in One SEO Pro 4.5.9.2 - aioseo.com -->\n\t\t<meta name=\"description\" content=\"Feature\uff1a Cleans all floor types 5x the suction Ideal for homes with pets Intelligently navigates your home Enhanced technology to outsmart dirt Sweeps away debris hiding along walls Clean and schedule on-the-go Enjoy hands-free control Rinse away dirt and debris\" \/>\n\t\t<meta name=\"robots\" content=\"max-image-preview:large\" \/>\n\t\t<link rel=\"canonical\" href=\"https:\/\/www.rucashk.com\/es\/producto\/irobot-roomba-e6-sweeping-robot-wholesale\/\" \/>\n\t\t<meta name=\"generator\" content=\"All in One SEO Pro (AIOSEO) 4.5.9.2\" \/>\n\t\t<meta property=\"og:locale\" content=\"es_ES\" \/>\n\t\t<meta property=\"og:site_name\" content=\"Rucas - One-stop AIoT Distribution Worldwide\" \/>\n\t\t<meta property=\"og:type\" content=\"article\" \/>\n\t\t<meta property=\"og:title\" content=\"iRobot Roomba e6 Sweeping robot Wholesale - Rucas - Wholesale and Distribution\" \/>\n\t\t<meta property=\"og:description\" content=\"Feature\uff1a Cleans all floor types 5x the suction Ideal for homes with pets Intelligently navigates your home Enhanced technology to outsmart dirt Sweeps away debris hiding along walls Clean and schedule on-the-go Enjoy hands-free control Rinse away dirt and debris\" \/>\n\t\t<meta property=\"og:url\" content=\"https:\/\/www.rucashk.com\/es\/producto\/irobot-roomba-e6-sweeping-robot-wholesale\/\" \/>\n\t\t<meta property=\"og:image\" content=\"https:\/\/www.rucashk.com\/wp-content\/uploads\/replace\/503b8e645f128a97ccde2b6290747646.jpeg\" \/>\n\t\t<meta property=\"og:image:secure_url\" content=\"https:\/\/www.rucashk.com\/wp-content\/uploads\/replace\/503b8e645f128a97ccde2b6290747646.jpeg\" \/>\n\t\t<meta property=\"og:image:width\" content=\"1456\" \/>\n\t\t<meta property=\"og:image:height\" content=\"816\" \/>\n\t\t<meta property=\"article:published_time\" content=\"2024-01-09T16:03:53+00:00\" \/>\n\t\t<meta property=\"article:modified_time\" content=\"2024-03-12T07:38:30+00:00\" \/>\n\t\t<meta name=\"twitter:card\" content=\"summary_large_image\" \/>\n\t\t<meta name=\"twitter:title\" content=\"iRobot Roomba e6 Sweeping robot Wholesale - Rucas - Wholesale and Distribution\" \/>\n\t\t<meta name=\"twitter:description\" content=\"Feature\uff1a Cleans all floor types 5x the suction Ideal for homes with pets Intelligently navigates your home Enhanced technology to outsmart dirt Sweeps away debris hiding along walls Clean and schedule on-the-go Enjoy hands-free control Rinse away dirt and debris\" \/>\n\t\t<meta name=\"twitter:image\" content=\"https:\/\/www.rucashk.com\/wp-content\/uploads\/replace\/503b8e645f128a97ccde2b6290747646.jpeg\" \/>\n\t\t<script type=\"application\/ld+json\" class=\"aioseo-schema\">\n\t\t\t{\"@context\":\"https:\\\/\\\/schema.org\",\"@graph\":[{\"@type\":\"BreadcrumbList\",\"@id\":\"https:\\\/\\\/www.rucashk.com\\\/es\\\/producto\\\/irobot-roomba-e6-sweeping-robot-wholesale\\\/#breadcrumblist\",\"itemListElement\":[{\"@type\":\"ListItem\",\"@id\":\"https:\\\/\\\/www.rucashk.com\\\/es\\\/#listItem\",\"position\":1,\"name\":\"Home\",\"item\":\"https:\\\/\\\/www.rucashk.com\\\/es\\\/\",\"nextItem\":\"https:\\\/\\\/www.rucashk.com\\\/es\\\/producto\\\/irobot-roomba-e6-sweeping-robot-wholesale\\\/#listItem\"},{\"@type\":\"ListItem\",\"@id\":\"https:\\\/\\\/www.rucashk.com\\\/es\\\/producto\\\/irobot-roomba-e6-sweeping-robot-wholesale\\\/#listItem\",\"position\":2,\"name\":\"iRobot Roomba e6 Sweeping robot Wholesale\",\"previousItem\":\"https:\\\/\\\/www.rucashk.com\\\/es\\\/#listItem\"}]},{\"@type\":\"Organization\",\"@id\":\"https:\\\/\\\/www.rucashk.com\\\/es\\\/#organization\",\"name\":\"Rucas\",\"url\":\"https:\\\/\\\/www.rucashk.com\\\/es\\\/\",\"logo\":{\"@type\":\"ImageObject\",\"url\":\"https:\\\/\\\/www.rucashk.com\\\/wp-content\\\/uploads\\\/2023\\\/12\\\/Rucas_campany_logo.png\",\"@id\":\"https:\\\/\\\/www.rucashk.com\\\/es\\\/producto\\\/irobot-roomba-e6-sweeping-robot-wholesale\\\/#organizationLogo\",\"width\":221,\"height\":65},\"image\":{\"@id\":\"https:\\\/\\\/www.rucashk.com\\\/es\\\/#organizationLogo\"}},{\"@type\":\"Person\",\"@id\":\"https:\\\/\\\/www.rucashk.com\\\/es\\\/author\\\/admin\\\/#author\",\"url\":\"https:\\\/\\\/www.rucashk.com\\\/es\\\/author\\\/admin\\\/\",\"name\":\"admin\",\"image\":{\"@type\":\"ImageObject\",\"@id\":\"https:\\\/\\\/www.rucashk.com\\\/es\\\/producto\\\/irobot-roomba-e6-sweeping-robot-wholesale\\\/#authorImage\",\"url\":\"https:\\\/\\\/secure.gravatar.com\\\/avatar\\\/b7c8925b09a27e72b30232f8ecaadbd5af0f70a38c78096863fe51b64f031c24?s=96&d=mm&r=g\",\"width\":96,\"height\":96,\"caption\":\"admin\"}},{\"@type\":\"WebPage\",\"@id\":\"https:\\\/\\\/www.rucashk.com\\\/es\\\/producto\\\/irobot-roomba-e6-sweeping-robot-wholesale\\\/#webpage\",\"url\":\"https:\\\/\\\/www.rucashk.com\\\/es\\\/producto\\\/irobot-roomba-e6-sweeping-robot-wholesale\\\/\",\"name\":\"iRobot Roomba e6 Sweeping robot Wholesale - Rucas - Wholesale and Distribution\",\"description\":\"Feature\\uff1a Cleans all floor types 5x the suction Ideal for homes with pets Intelligently navigates your home Enhanced technology to outsmart dirt Sweeps away debris hiding along walls Clean and schedule on-the-go Enjoy hands-free control Rinse away dirt and debris\",\"inLanguage\":\"es-ES\",\"isPartOf\":{\"@id\":\"https:\\\/\\\/www.rucashk.com\\\/es\\\/#website\"},\"breadcrumb\":{\"@id\":\"https:\\\/\\\/www.rucashk.com\\\/es\\\/producto\\\/irobot-roomba-e6-sweeping-robot-wholesale\\\/#breadcrumblist\"},\"author\":{\"@id\":\"https:\\\/\\\/www.rucashk.com\\\/es\\\/author\\\/admin\\\/#author\"},\"creator\":{\"@id\":\"https:\\\/\\\/www.rucashk.com\\\/es\\\/author\\\/admin\\\/#author\"},\"image\":{\"@type\":\"ImageObject\",\"url\":\"https:\\\/\\\/www.rucashk.com\\\/wp-content\\\/uploads\\\/2024\\\/01\\\/iRobot-Roomba-e6.jpg\",\"@id\":\"https:\\\/\\\/www.rucashk.com\\\/es\\\/producto\\\/irobot-roomba-e6-sweeping-robot-wholesale\\\/#mainImage\",\"width\":800,\"height\":800},\"primaryImageOfPage\":{\"@id\":\"https:\\\/\\\/www.rucashk.com\\\/es\\\/producto\\\/irobot-roomba-e6-sweeping-robot-wholesale\\\/#mainImage\"},\"datePublished\":\"2024-01-09T16:03:53+00:00\",\"dateModified\":\"2024-03-12T07:38:30+00:00\"},{\"@type\":\"WebSite\",\"@id\":\"https:\\\/\\\/www.rucashk.com\\\/es\\\/#website\",\"url\":\"https:\\\/\\\/www.rucashk.com\\\/es\\\/\",\"name\":\"Rucas - Wholesale and distribution worldwide\",\"alternateName\":\"Rucas - One-stop AIoT Distribution Worldwide\",\"description\":\"One-stop AIoT Distribution Worldwide\",\"inLanguage\":\"es-ES\",\"publisher\":{\"@id\":\"https:\\\/\\\/www.rucashk.com\\\/es\\\/#organization\"}}]}\n\t\t<\/script>\n\t\t<!-- All in One SEO Pro -->\r\n\t\t<title>iRobot Roomba e6 Sweeping robot Wholesale - Rucas - Wholesale and Distribution<\/title>\n\n","aioseo_head_json":{"title":"iRobot Roomba e6 Sweeping robot Wholesale - Rucas - Wholesale and Distribution","description":"Feature\uff1a Cleans all floor types 5x the suction Ideal for homes with pets Intelligently navigates your home Enhanced technology to outsmart dirt Sweeps away debris hiding along walls Clean and schedule on-the-go Enjoy hands-free control Rinse away dirt and debris","canonical_url":"https:\/\/www.rucashk.com\/es\/producto\/irobot-roomba-e6-sweeping-robot-wholesale\/","robots":"max-image-preview:large","keywords":"","webmasterTools":{"miscellaneous":""},"og:locale":"es_ES","og:site_name":"Rucas - One-stop AIoT Distribution Worldwide","og:type":"article","og:title":"iRobot Roomba e6 Sweeping robot Wholesale - Rucas - Wholesale and Distribution","og:description":"Feature\uff1a Cleans all floor types 5x the suction Ideal for homes with pets Intelligently navigates your home Enhanced technology to outsmart dirt Sweeps away debris hiding along walls Clean and schedule on-the-go Enjoy hands-free control Rinse away dirt and debris","og:url":"https:\/\/www.rucashk.com\/es\/producto\/irobot-roomba-e6-sweeping-robot-wholesale\/","og:image":"https:\/\/www.rucashk.com\/wp-content\/uploads\/replace\/503b8e645f128a97ccde2b6290747646.jpeg","og:image:secure_url":"https:\/\/www.rucashk.com\/wp-content\/uploads\/replace\/503b8e645f128a97ccde2b6290747646.jpeg","og:image:width":1456,"og:image:height":816,"article:published_time":"2024-01-09T16:03:53+00:00","article:modified_time":"2024-03-12T07:38:30+00:00","twitter:card":"summary_large_image","twitter:title":"iRobot Roomba e6 Sweeping robot Wholesale - Rucas - Wholesale and Distribution","twitter:description":"Feature\uff1a Cleans all floor types 5x the suction Ideal for homes with pets Intelligently navigates your home Enhanced technology to outsmart dirt Sweeps away debris hiding along walls Clean and schedule on-the-go Enjoy hands-free control Rinse away dirt and debris","twitter:image":"https:\/\/www.rucashk.com\/wp-content\/uploads\/replace\/503b8e645f128a97ccde2b6290747646.jpeg","schema":{"@context":"https:\/\/schema.org","@graph":[{"@type":"BreadcrumbList","@id":"https:\/\/www.rucashk.com\/es\/producto\/irobot-roomba-e6-sweeping-robot-wholesale\/#breadcrumblist","itemListElement":[{"@type":"ListItem","@id":"https:\/\/www.rucashk.com\/es\/#listItem","position":1,"name":"Home","item":"https:\/\/www.rucashk.com\/es\/","nextItem":"https:\/\/www.rucashk.com\/es\/producto\/irobot-roomba-e6-sweeping-robot-wholesale\/#listItem"},{"@type":"ListItem","@id":"https:\/\/www.rucashk.com\/es\/producto\/irobot-roomba-e6-sweeping-robot-wholesale\/#listItem","position":2,"name":"iRobot Roomba e6 Sweeping robot Wholesale","previousItem":"https:\/\/www.rucashk.com\/es\/#listItem"}]},{"@type":"Organization","@id":"https:\/\/www.rucashk.com\/es\/#organization","name":"Rucas","url":"https:\/\/www.rucashk.com\/es\/","logo":{"@type":"ImageObject","url":"https:\/\/www.rucashk.com\/wp-content\/uploads\/2023\/12\/Rucas_campany_logo.png","@id":"https:\/\/www.rucashk.com\/es\/producto\/irobot-roomba-e6-sweeping-robot-wholesale\/#organizationLogo","width":221,"height":65},"image":{"@id":"https:\/\/www.rucashk.com\/es\/#organizationLogo"}},{"@type":"Person","@id":"https:\/\/www.rucashk.com\/es\/author\/admin\/#author","url":"https:\/\/www.rucashk.com\/es\/author\/admin\/","name":"admin","image":{"@type":"ImageObject","@id":"https:\/\/www.rucashk.com\/es\/producto\/irobot-roomba-e6-sweeping-robot-wholesale\/#authorImage","url":"https:\/\/secure.gravatar.com\/avatar\/b7c8925b09a27e72b30232f8ecaadbd5af0f70a38c78096863fe51b64f031c24?s=96&d=mm&r=g","width":96,"height":96,"caption":"admin"}},{"@type":"WebPage","@id":"https:\/\/www.rucashk.com\/es\/producto\/irobot-roomba-e6-sweeping-robot-wholesale\/#webpage","url":"https:\/\/www.rucashk.com\/es\/producto\/irobot-roomba-e6-sweeping-robot-wholesale\/","name":"iRobot Roomba e6 Sweeping robot Wholesale - Rucas - Wholesale and Distribution","description":"Feature\uff1a Cleans all floor types 5x the suction Ideal for homes with pets Intelligently navigates your home Enhanced technology to outsmart dirt Sweeps away debris hiding along walls Clean and schedule on-the-go Enjoy hands-free control Rinse away dirt and debris","inLanguage":"es-ES","isPartOf":{"@id":"https:\/\/www.rucashk.com\/es\/#website"},"breadcrumb":{"@id":"https:\/\/www.rucashk.com\/es\/producto\/irobot-roomba-e6-sweeping-robot-wholesale\/#breadcrumblist"},"author":{"@id":"https:\/\/www.rucashk.com\/es\/author\/admin\/#author"},"creator":{"@id":"https:\/\/www.rucashk.com\/es\/author\/admin\/#author"},"image":{"@type":"ImageObject","url":"https:\/\/www.rucashk.com\/wp-content\/uploads\/2024\/01\/iRobot-Roomba-e6.jpg","@id":"https:\/\/www.rucashk.com\/es\/producto\/irobot-roomba-e6-sweeping-robot-wholesale\/#mainImage","width":800,"height":800},"primaryImageOfPage":{"@id":"https:\/\/www.rucashk.com\/es\/producto\/irobot-roomba-e6-sweeping-robot-wholesale\/#mainImage"},"datePublished":"2024-01-09T16:03:53+00:00","dateModified":"2024-03-12T07:38:30+00:00"},{"@type":"WebSite","@id":"https:\/\/www.rucashk.com\/es\/#website","url":"https:\/\/www.rucashk.com\/es\/","name":"Rucas - Wholesale and distribution worldwide","alternateName":"Rucas - One-stop AIoT Distribution Worldwide","description":"One-stop AIoT Distribution Worldwide","inLanguage":"es-ES","publisher":{"@id":"https:\/\/www.rucashk.com\/es\/#organization"}}]}},"aioseo_meta_data":{"post_id":"24369","title":null,"description":null,"keywords":null,"keyphrases":null,"primary_term":null,"canonical_url":null,"og_title":null,"og_description":null,"og_object_type":"default","og_image_type":"default","og_image_url":null,"og_image_width":null,"og_image_height":null,"og_image_custom_url":null,"og_image_custom_fields":null,"og_video":null,"og_custom_url":null,"og_article_section":null,"og_article_tags":null,"twitter_use_og":false,"twitter_card":"default","twitter_image_type":"default","twitter_image_url":null,"twitter_image_custom_url":null,"twitter_image_custom_fields":null,"twitter_title":null,"twitter_description":null,"schema":{"blockGraphs":[],"customGraphs":[],"default":{"data":{"Article":[],"Course":[],"Dataset":[],"FAQPage":[],"Movie":[],"Person":[],"Product":[],"Recipe":[],"Service":[],"SoftwareApplication":[],"WebPage":[]},"graphName":"","isEnabled":true},"graphs":[]},"schema_type":"default","schema_type_options":null,"pillar_content":false,"robots_default":true,"robots_noindex":false,"robots_noarchive":false,"robots_nosnippet":false,"robots_nofollow":false,"robots_noimageindex":false,"robots_noodp":false,"robots_notranslate":false,"robots_max_snippet":null,"robots_max_videopreview":null,"robots_max_imagepreview":"large","priority":null,"frequency":null,"local_seo":null,"breadcrumb_settings":null,"limit_modified_date":false,"created":"2024-04-11 01:57:11","updated":"2025-06-22 17:29:55"},"aioseo_breadcrumb":"<div class=\"aioseo-breadcrumbs\"><span class=\"aioseo-breadcrumb\">\n\t<a href=\"https:\/\/www.rucashk.com\/es\" title=\"Home\">Home<\/a>\n<\/span><span class=\"aioseo-breadcrumb-separator\">&raquo;<\/span><span class=\"aioseo-breadcrumb\">\n\t<a href=\"https:\/\/www.rucashk.com\/es\/products\/\" title=\"Productos\">Productos<\/a>\n<\/span><span class=\"aioseo-breadcrumb-separator\">&raquo;<\/span><span class=\"aioseo-breadcrumb\">\n\t<a href=\"https:\/\/www.rucashk.com\/es\/categoria-producto\/other-a-brands\/\" title=\"Other A-Brands\">Other A-Brands<\/a>\n<\/span><span class=\"aioseo-breadcrumb-separator\">&raquo;<\/span><span class=\"aioseo-breadcrumb\">\n\tiRobot Roomba e6 Sweeping robot Wholesale\n<\/span><\/div>","aioseo_breadcrumb_json":[{"label":"Home","link":"https:\/\/www.rucashk.com\/es"},{"label":"Productos","link":"https:\/\/www.rucashk.com\/es\/products\/"},{"label":"Other A-Brands","link":"https:\/\/www.rucashk.com\/es\/categoria-producto\/other-a-brands\/"},{"label":"iRobot Roomba e6 Sweeping robot Wholesale","link":"https:\/\/www.rucashk.com\/es\/producto\/irobot-roomba-e6-sweeping-robot-wholesale\/"}],"_links":{"self":[{"href":"https:\/\/www.rucashk.com\/es\/wp-json\/wp\/v2\/product\/24369","targetHints":{"allow":["GET"]}}],"collection":[{"href":"https:\/\/www.rucashk.com\/es\/wp-json\/wp\/v2\/product"}],"about":[{"href":"https:\/\/www.rucashk.com\/es\/wp-json\/wp\/v2\/types\/product"}],"wp:featuredmedia":[{"embeddable":true,"href":"https:\/\/www.rucashk.com\/es\/wp-json\/wp\/v2\/media\/24504"}],"wp:attachment":[{"href":"https:\/\/www.rucashk.com\/es\/wp-json\/wp\/v2\/media?parent=24369"}],"wp:term":[{"taxonomy":"product_brand","embeddable":true,"href":"https:\/\/www.rucashk.com\/es\/wp-json\/wp\/v2\/product_brand?post=24369"},{"taxonomy":"product_cat","embeddable":true,"href":"https:\/\/www.rucashk.com\/es\/wp-json\/wp\/v2\/product_cat?post=24369"},{"taxonomy":"product_tag","embeddable":true,"href":"https:\/\/www.rucashk.com\/es\/wp-json\/wp\/v2\/product_tag?post=24369"}],"curies":[{"name":"wp","href":"https:\/\/api.w.org\/{rel}","templated":true}]}}