{"id":24364,"date":"2024-01-09T16:03:52","date_gmt":"2024-01-09T16:03:52","guid":{"rendered":"http:\/\/rucashk.com\/?post_type=product&#038;p=24364"},"modified":"2024-03-12T07:39:03","modified_gmt":"2024-03-12T07:39:03","slug":"irobot-roomba-960-sweeping-robot-wholesale","status":"publish","type":"product","link":"https:\/\/www.rucashk.com\/es\/producto\/irobot-roomba-960-sweeping-robot-wholesale\/","title":{"rendered":"Robot de barrido iRobot Roomba 960 al por mayor"},"content":{"rendered":"<p><img fetchpriority=\"high\" decoding=\"async\" class=\"aligncenter wp-image-20498 size-full\" src=\"\/wp-content\/uploads\/replace\/9a0a0fc517ad62502f3db76766367660.jpeg\" alt=\"iRobot Roomba 960 Sweeping Robot\" width=\"1420\" height=\"455\" \/><\/p>\n<div class=\"celwidget aplus-module premium-module-13-carousel\" data-csa-c-id=\"js2xa4-ozzp2g-giocpb-r1277n\" data-cel-widget=\"aplus-premium-module-13-carousel\">\n<div class=\"a-section a-spacing-none premium-aplus premium-aplus-module-13\">\n<div class=\"a-section a-spacing-none aplus-carousel-container\">\n<div id=\"premium-aplus-13-carousel-2-id\" class=\"a-begin a-carousel-container a-carousel-display-single a-carousel-transition-slideCircular a-carousel-initialized\" data-a-carousel-options=\"{&quot;peek_percentage&quot;:0,&quot;minimum_gutter_width&quot;:0,&quot;show_partial_next&quot;:false,&quot;name&quot;:&quot;premium-aplus-13-carousel-2&quot;}\" data-a-display-strategy=\"single\" data-a-transition-strategy=\"slideCircular\">\n<div class=\"a-row a-carousel-controls a-carousel-row a-carousel-has-buttons a-carousel-overlay-buttons a-carousel-rounded-buttons\">\n<div class=\"a-carousel-row-inner\">\n<div class=\"a-carousel-col a-carousel-center\">\n<div id=\"anonCarousel3\" class=\"a-carousel-viewport\">\n<div class=\"a-section a-spacing-none aplus-card-image\"><img decoding=\"async\" class=\"aligncenter\" src=\"\/wp-content\/uploads\/replace\/8c0c23667e6435057b37d838e2e45514.jpeg\" alt=\"iRobot Roomba 960 Sweeping Robot\" width=\"1464\" height=\"600\" \/><\/div>\n<div class=\"a-section a-spacing-none aplus-card-image\"><img decoding=\"async\" class=\"aligncenter\" src=\"\/wp-content\/uploads\/replace\/f91f51848f82dcdb0f81d1b4440234ad.jpeg\" alt=\"iRobot Roomba 960 Sweeping Robot\" width=\"1464\" height=\"600\" \/><\/div>\n<div class=\"a-section a-spacing-none aplus-card-image\"><img loading=\"lazy\" decoding=\"async\" class=\"aligncenter\" src=\"\/wp-content\/uploads\/replace\/f4f1af2ba5503d468b2091a19c633782.jpeg\" alt=\"iRobot Roomba 960 Sweeping Robot\" width=\"1464\" height=\"600\" \/><img loading=\"lazy\" decoding=\"async\" class=\"aligncenter\" src=\"\/wp-content\/uploads\/replace\/5404aa6ec9e7f2668fdf16268014784f.jpeg\" alt=\"iRobot Roomba 960 Sweeping Robot\" width=\"1464\" height=\"600\" \/><img loading=\"lazy\" decoding=\"async\" class=\"aligncenter\" src=\"\/wp-content\/uploads\/replace\/0bd88dec6cadd2d61b30a1f8a0d45468.jpeg\" alt=\"iRobot Roomba 960 Sweeping Robot\" width=\"1464\" height=\"600\" \/><\/div>\n<\/div>\n<\/div>\n<\/div>\n<\/div>\n<\/div>\n<\/div>\n<\/div>\n<\/div>\n<div class=\"celwidget aplus-module premium-module-10-hotspot-plain-image\" data-csa-c-id=\"79b7hn-ggenih-w7bmfq-loq0ou\" data-cel-widget=\"aplus-premium-module-10-hotspot-plain-image\">\n<div class=\"a-section a-spacing-none premium-aplus premium-aplus-module-10\">\n<p><img loading=\"lazy\" decoding=\"async\" class=\"aligncenter\" src=\"\/wp-content\/uploads\/replace\/8a1dfe7d0b14aa41adbf0947ff718f26.jpeg\" alt=\"iRobot Roomba 960 Sweeping Robot\" width=\"1464\" height=\"600\" data-src=\"\/wp-content\/uploads\/replace\/8a1dfe7d0b14aa41adbf0947ff718f26.jpeg\" \/><\/p>\n<\/div>\n<\/div>\n<div class=\"celwidget aplus-module premium-module-2-fullbackground-image\" data-csa-c-id=\"wcfu4o-6xi94u-nitpqm-s8bc1a\" data-cel-widget=\"aplus-premium-module-2-fullbackground-image\">\n<div class=\"a-section a-spacing-none premium-aplus premium-aplus-module-2\">\n<div class=\"a-section a-spacing-none premium-background-wrapper\">\n<div class=\"a-section a-spacing-none background-image\" role=\"img\">\n<p><img loading=\"lazy\" decoding=\"async\" class=\"aligncenter\" src=\"\/wp-content\/uploads\/replace\/39bde11e642cdcb312b717f5d7e23bce.jpeg\" alt=\"iRobot Roomba 960 Sweeping Robot\" width=\"1464\" height=\"600\" data-src=\"\/wp-content\/uploads\/replace\/39bde11e642cdcb312b717f5d7e23bce.jpeg\" \/><\/p>\n<div id=\"dpx-product-description_feature_div\">\n<div id=\"descriptionAndDetails\" class=\"a-section a-spacing-extra-large\">\n<div id=\"productDescription_feature_div\" class=\"celwidget\" data-feature-name=\"productDescription\" data-csa-c-id=\"61b91x-sdpl6e-60brny-4oncg5\" data-cel-widget=\"productDescription_feature_div\">\n<div id=\"productDescription_feature_div\" class=\"a-row feature\" data-feature-name=\"productDescription\" data-template-name=\"productDescription\" data-cel-widget=\"productDescription_feature_div\">\n<h2 class=\"default\">Descripci\u00f3n del Producto<\/h2>\n<div id=\"productDescription\" class=\"a-section a-spacing-small\">\n<div class=\"disclaim\">Nombre de estilo:<strong>Roomba 960<\/strong><\/div>\n<p>El robot aspirador Roomba 960 navega sin problemas de una habitaci\u00f3n a otra para limpiar un nivel completo de su hogar, recarg\u00e1ndose y reanudando hasta terminar el trabajo. Roomba 960 afloja, levanta y aspira la suciedad con hasta 5 veces m\u00e1s potencia de aire y requiere menos mantenimiento. Simplemente presione LIMPIAR o programe Roomba mientras viaja con la aplicaci\u00f3n iRobot HOME.<\/p>\n<\/div>\n<\/div>\n<\/div>\n<\/div>\n<\/div>\n<div id=\"dpx-btf-renewed-program-description_feature_div\">\n<div id=\"renewedProgramDescriptionBtf_feature_div\" class=\"celwidget\" data-feature-name=\"renewedProgramDescriptionBtf\" data-csa-c-id=\"wa4xhq-pwwkur-tf5uv9-kivjzy\" data-cel-widget=\"renewedProgramDescriptionBtf_feature_div\"><\/div>\n<\/div>\n<div id=\"product-details-grid_feature_div\">\n<div id=\"product-details-grid_feature_div\">\n<div id=\"product-details-grid_feature_div\">\n<div id=\"productDetails_feature_div\" class=\"celwidget\" data-feature-name=\"productDetails\" data-csa-c-id=\"q7dj2q-3uuru4-c7y1vm-8m6qv8\" data-cel-widget=\"productDetails_feature_div\">\n<h2><strong>Informaci\u00f3n del Producto<\/strong><\/h2>\n<p>Nombre de estilo:<strong>Roomba 960<\/strong><\/p>\n<table width=\"0\">\n<tbody>\n<tr>\n<td width=\"352\">Dimensiones del producto<\/td>\n<td>13,8 x 13,8 x 3,6 pulgadas<\/td>\n<\/tr>\n<tr>\n<td width=\"352\">Peso del art\u00edculo<\/td>\n<td>8,6 libras<\/td>\n<\/tr>\n<tr>\n<td width=\"352\">Fabricante<\/td>\n<td>Yo robot<\/td>\n<\/tr>\n<tr>\n<td width=\"352\">COMO EN<\/td>\n<td>B01ID8H6NO<\/td>\n<\/tr>\n<tr>\n<td width=\"352\">N\u00famero de modelo del art\u00edculo<\/td>\n<td>960<\/td>\n<\/tr>\n<tr>\n<td width=\"352\">Bater\u00edas<\/td>\n<td>Se requieren 1 bater\u00edas de metal de litio. (incluido)<\/td>\n<\/tr>\n<tr>\n<td width=\"352\">Est\u00e1 descontinuado por el fabricante.<\/td>\n<td>No<\/td>\n<\/tr>\n<tr>\n<td width=\"352\">Peso del art\u00edculo<\/td>\n<td>8,6 libras<\/td>\n<\/tr>\n<tr>\n<td width=\"352\">Bater\u00edas requeridas<\/td>\n<td>S\u00ed<\/td>\n<\/tr>\n<tr>\n<td width=\"352\">Componentes incluidos<\/td>\n<td>1 barrera Virtual Wall\u00ae de modo dual \u2013 1 filtro adicional de alta eficiencia AeroForce\u00ae \u2013 1 cepillo lateral adicional \u2013 1 estaci\u00f3n de carga Home Base\u00ae \u2013 1 cable de l\u00ednea \u2013 Gu\u00eda del propietario \u2013 Paquete de documentaci\u00f3n<\/td>\n<\/tr>\n<\/tbody>\n<\/table>\n<h2>Principales caracter\u00edsticas<\/h2>\n<ul class=\"a-unordered-list a-vertical a-spacing-mini\">\n<li><span class=\"a-list-item\">La succi\u00f3n Power-Lifting ofrece 5 veces m\u00e1s potencia de aire para mejorar el rendimiento de recogida. (En comparaci\u00f3n con Roomba Serie 600)<\/span><\/li>\n<li><span class=\"a-list-item\">Mapea y limpia de forma inteligente un nivel completo de tu hogar. La tecnolog\u00eda patentada iAdapt 2, 0 con navegaci\u00f3n vSLAM captura activamente miles de mediciones precisas cada milisegundo para optimizar la cobertura.<\/span><\/li>\n<li><span class=\"a-list-item\">Ideal para hogares con mascotas. El sistema de limpieza premium de 3 etapas limpia la suciedad y el pelo de las mascotas que ves y los al\u00e9rgenos y el polvo que no ves.<\/span><\/li>\n<li><span class=\"a-list-item\">Los exclusivos cepillos de goma duales para m\u00faltiples superficies se ajustan y flexionan para permanecer en contacto constante con alfombras y pisos duros.<\/span><\/li>\n<li><span class=\"a-list-item\">El filtro de alta eficiencia captura 99% de todos los al\u00e9rgenos, polen y part\u00edculas de hasta 10 micrones.<\/span><\/li>\n<li><span class=\"a-list-item\">Se recarga autom\u00e1ticamente seg\u00fan sea necesario y luego contin\u00faa limpiando hasta terminar el trabajo.<\/span><\/li>\n<li><span class=\"a-list-item\">Personaliza y controla c\u00f3mo limpias con la aplicaci\u00f3n iRobot Home, Alexa o el Asistente de Google.<\/span><\/li>\n<\/ul>\n<div class=\"a-row a-expander-container a-expander-inline-container\">\n<div class=\"a-expander-content a-expander-extend-content a-expander-content-expanded\">\n<ul class=\"a-unordered-list a-vertical a-spacing-none\">\n<li><span class=\"a-list-item\">Incluye los elementos esenciales de Roomba: conexi\u00f3n Wi-Fi, navegaci\u00f3n inteligente, tecnolog\u00eda patentada de detecci\u00f3n de suciedad, cepillo para barrer bordes, cabezal de limpieza con ajuste autom\u00e1tico, funciona en alfombras y pisos duros.<\/span><\/li>\n<li><span class=\"a-list-item\">Contenido de la caja: 1 robot aspirador Roomba 960 con conexi\u00f3n Wi-Fi, 1 estaci\u00f3n de carga de base dom\u00e9stica, 1 cable de l\u00ednea norteamericano, 1 filtro extra de alta eficiencia Aeroforce, 1 cepillo lateral adicional, 1 barrera de pared virtual de modo dual (2 bater\u00edas AA incluidas) , gu\u00eda del propietario, paquete de documentaci\u00f3n.<\/span><\/li>\n<\/ul>\n<\/div>\n<\/div>\n<\/div>\n<\/div>\n<\/div>\n<\/div>\n<\/div>\n<\/div>\n<\/div>\n<\/div>","protected":false},"excerpt":{"rendered":"<p><strong>Caracter\u00edstica:<\/strong><\/p>\n<ul>\n<li>Cobertura multihabitaci\u00f3n<\/li>\n<li>Cepillos de goma multisuperficie<\/li>\n<li>Ideal para hogares con mascotas<\/li>\n<li>D\u00fao Din\u00e1mico<\/li>\n<\/ul>","protected":false},"featured_media":24473,"template":"","meta":[],"product_brand":[],"product_cat":[1322],"product_tag":[1067],"class_list":{"0":"post-24364","1":"product","2":"type-product","3":"status-publish","4":"has-post-thumbnail","6":"product_cat-other-a-brands","7":"product_tag-irobot-roomba-960","9":"first","10":"instock","11":"shipping-taxable","12":"product-type-external"},"aioseo_notices":[],"aioseo_head":"\n\t\t<!-- All in One SEO Pro 4.5.9.2 - aioseo.com -->\n\t\t<meta name=\"description\" content=\"Feature\uff1a Multi-room coverage Multi-Surface Rubber Brushes Ideal for homes with pets Dynamic duo\" \/>\n\t\t<meta name=\"robots\" content=\"max-image-preview:large\" \/>\n\t\t<link rel=\"canonical\" href=\"https:\/\/www.rucashk.com\/es\/producto\/irobot-roomba-960-sweeping-robot-wholesale\/\" \/>\n\t\t<meta name=\"generator\" content=\"All in One SEO Pro (AIOSEO) 4.5.9.2\" \/>\n\t\t<meta property=\"og:locale\" content=\"es_ES\" \/>\n\t\t<meta property=\"og:site_name\" content=\"Rucas - One-stop AIoT Distribution Worldwide\" \/>\n\t\t<meta property=\"og:type\" content=\"article\" \/>\n\t\t<meta property=\"og:title\" content=\"iRobot Roomba 960 Sweeping Robot Wholesale - Rucas - Wholesale and Distribution\" \/>\n\t\t<meta property=\"og:description\" content=\"Feature\uff1a Multi-room coverage Multi-Surface Rubber Brushes Ideal for homes with pets Dynamic duo\" \/>\n\t\t<meta property=\"og:url\" content=\"https:\/\/www.rucashk.com\/es\/producto\/irobot-roomba-960-sweeping-robot-wholesale\/\" \/>\n\t\t<meta property=\"og:image\" content=\"https:\/\/www.rucashk.com\/wp-content\/uploads\/replace\/503b8e645f128a97ccde2b6290747646.jpeg\" \/>\n\t\t<meta property=\"og:image:secure_url\" content=\"https:\/\/www.rucashk.com\/wp-content\/uploads\/replace\/503b8e645f128a97ccde2b6290747646.jpeg\" \/>\n\t\t<meta property=\"og:image:width\" content=\"1456\" \/>\n\t\t<meta property=\"og:image:height\" content=\"816\" \/>\n\t\t<meta property=\"article:published_time\" content=\"2024-01-09T16:03:52+00:00\" \/>\n\t\t<meta property=\"article:modified_time\" content=\"2024-03-12T07:39:03+00:00\" \/>\n\t\t<meta name=\"twitter:card\" content=\"summary_large_image\" \/>\n\t\t<meta name=\"twitter:title\" content=\"iRobot Roomba 960 Sweeping Robot Wholesale - Rucas - Wholesale and Distribution\" \/>\n\t\t<meta name=\"twitter:description\" content=\"Feature\uff1a Multi-room coverage Multi-Surface Rubber Brushes Ideal for homes with pets Dynamic duo\" \/>\n\t\t<meta name=\"twitter:image\" content=\"https:\/\/www.rucashk.com\/wp-content\/uploads\/replace\/503b8e645f128a97ccde2b6290747646.jpeg\" \/>\n\t\t<script type=\"application\/ld+json\" class=\"aioseo-schema\">\n\t\t\t{\"@context\":\"https:\\\/\\\/schema.org\",\"@graph\":[{\"@type\":\"BreadcrumbList\",\"@id\":\"https:\\\/\\\/www.rucashk.com\\\/es\\\/producto\\\/irobot-roomba-960-sweeping-robot-wholesale\\\/#breadcrumblist\",\"itemListElement\":[{\"@type\":\"ListItem\",\"@id\":\"https:\\\/\\\/www.rucashk.com\\\/es\\\/#listItem\",\"position\":1,\"name\":\"Home\",\"item\":\"https:\\\/\\\/www.rucashk.com\\\/es\\\/\",\"nextItem\":\"https:\\\/\\\/www.rucashk.com\\\/es\\\/producto\\\/irobot-roomba-960-sweeping-robot-wholesale\\\/#listItem\"},{\"@type\":\"ListItem\",\"@id\":\"https:\\\/\\\/www.rucashk.com\\\/es\\\/producto\\\/irobot-roomba-960-sweeping-robot-wholesale\\\/#listItem\",\"position\":2,\"name\":\"iRobot Roomba 960 Sweeping Robot Wholesale\",\"previousItem\":\"https:\\\/\\\/www.rucashk.com\\\/es\\\/#listItem\"}]},{\"@type\":\"Organization\",\"@id\":\"https:\\\/\\\/www.rucashk.com\\\/es\\\/#organization\",\"name\":\"Rucas\",\"url\":\"https:\\\/\\\/www.rucashk.com\\\/es\\\/\",\"logo\":{\"@type\":\"ImageObject\",\"url\":\"https:\\\/\\\/www.rucashk.com\\\/wp-content\\\/uploads\\\/2023\\\/12\\\/Rucas_campany_logo.png\",\"@id\":\"https:\\\/\\\/www.rucashk.com\\\/es\\\/producto\\\/irobot-roomba-960-sweeping-robot-wholesale\\\/#organizationLogo\",\"width\":221,\"height\":65},\"image\":{\"@id\":\"https:\\\/\\\/www.rucashk.com\\\/es\\\/#organizationLogo\"}},{\"@type\":\"Person\",\"@id\":\"https:\\\/\\\/www.rucashk.com\\\/es\\\/author\\\/admin\\\/#author\",\"url\":\"https:\\\/\\\/www.rucashk.com\\\/es\\\/author\\\/admin\\\/\",\"name\":\"admin\",\"image\":{\"@type\":\"ImageObject\",\"@id\":\"https:\\\/\\\/www.rucashk.com\\\/es\\\/producto\\\/irobot-roomba-960-sweeping-robot-wholesale\\\/#authorImage\",\"url\":\"https:\\\/\\\/secure.gravatar.com\\\/avatar\\\/b7c8925b09a27e72b30232f8ecaadbd5af0f70a38c78096863fe51b64f031c24?s=96&d=mm&r=g\",\"width\":96,\"height\":96,\"caption\":\"admin\"}},{\"@type\":\"WebPage\",\"@id\":\"https:\\\/\\\/www.rucashk.com\\\/es\\\/producto\\\/irobot-roomba-960-sweeping-robot-wholesale\\\/#webpage\",\"url\":\"https:\\\/\\\/www.rucashk.com\\\/es\\\/producto\\\/irobot-roomba-960-sweeping-robot-wholesale\\\/\",\"name\":\"iRobot Roomba 960 Sweeping Robot Wholesale - Rucas - Wholesale and Distribution\",\"description\":\"Feature\\uff1a Multi-room coverage Multi-Surface Rubber Brushes Ideal for homes with pets Dynamic duo\",\"inLanguage\":\"es-ES\",\"isPartOf\":{\"@id\":\"https:\\\/\\\/www.rucashk.com\\\/es\\\/#website\"},\"breadcrumb\":{\"@id\":\"https:\\\/\\\/www.rucashk.com\\\/es\\\/producto\\\/irobot-roomba-960-sweeping-robot-wholesale\\\/#breadcrumblist\"},\"author\":{\"@id\":\"https:\\\/\\\/www.rucashk.com\\\/es\\\/author\\\/admin\\\/#author\"},\"creator\":{\"@id\":\"https:\\\/\\\/www.rucashk.com\\\/es\\\/author\\\/admin\\\/#author\"},\"image\":{\"@type\":\"ImageObject\",\"url\":\"https:\\\/\\\/www.rucashk.com\\\/wp-content\\\/uploads\\\/2024\\\/01\\\/iRobot-Roomba-960.jpg\",\"@id\":\"https:\\\/\\\/www.rucashk.com\\\/es\\\/producto\\\/irobot-roomba-960-sweeping-robot-wholesale\\\/#mainImage\",\"width\":800,\"height\":800},\"primaryImageOfPage\":{\"@id\":\"https:\\\/\\\/www.rucashk.com\\\/es\\\/producto\\\/irobot-roomba-960-sweeping-robot-wholesale\\\/#mainImage\"},\"datePublished\":\"2024-01-09T16:03:52+00:00\",\"dateModified\":\"2024-03-12T07:39:03+00:00\"},{\"@type\":\"WebSite\",\"@id\":\"https:\\\/\\\/www.rucashk.com\\\/es\\\/#website\",\"url\":\"https:\\\/\\\/www.rucashk.com\\\/es\\\/\",\"name\":\"Rucas - Wholesale and distribution worldwide\",\"alternateName\":\"Rucas - One-stop AIoT Distribution Worldwide\",\"description\":\"One-stop AIoT Distribution Worldwide\",\"inLanguage\":\"es-ES\",\"publisher\":{\"@id\":\"https:\\\/\\\/www.rucashk.com\\\/es\\\/#organization\"}}]}\n\t\t<\/script>\n\t\t<!-- All in One SEO Pro -->\r\n\t\t<title>iRobot Roomba 960 Sweeping Robot Wholesale - Rucas - Wholesale and Distribution<\/title>\n\n","aioseo_head_json":{"title":"iRobot Roomba 960 Sweeping Robot Wholesale - Rucas - Wholesale and Distribution","description":"Feature\uff1a Multi-room coverage Multi-Surface Rubber Brushes Ideal for homes with pets Dynamic duo","canonical_url":"https:\/\/www.rucashk.com\/es\/producto\/irobot-roomba-960-sweeping-robot-wholesale\/","robots":"max-image-preview:large","keywords":"","webmasterTools":{"miscellaneous":""},"og:locale":"es_ES","og:site_name":"Rucas - One-stop AIoT Distribution Worldwide","og:type":"article","og:title":"iRobot Roomba 960 Sweeping Robot Wholesale - Rucas - Wholesale and Distribution","og:description":"Feature\uff1a Multi-room coverage Multi-Surface Rubber Brushes Ideal for homes with pets Dynamic duo","og:url":"https:\/\/www.rucashk.com\/es\/producto\/irobot-roomba-960-sweeping-robot-wholesale\/","og:image":"https:\/\/www.rucashk.com\/wp-content\/uploads\/replace\/503b8e645f128a97ccde2b6290747646.jpeg","og:image:secure_url":"https:\/\/www.rucashk.com\/wp-content\/uploads\/replace\/503b8e645f128a97ccde2b6290747646.jpeg","og:image:width":1456,"og:image:height":816,"article:published_time":"2024-01-09T16:03:52+00:00","article:modified_time":"2024-03-12T07:39:03+00:00","twitter:card":"summary_large_image","twitter:title":"iRobot Roomba 960 Sweeping Robot Wholesale - Rucas - Wholesale and Distribution","twitter:description":"Feature\uff1a Multi-room coverage Multi-Surface Rubber Brushes Ideal for homes with pets Dynamic duo","twitter:image":"https:\/\/www.rucashk.com\/wp-content\/uploads\/replace\/503b8e645f128a97ccde2b6290747646.jpeg","schema":{"@context":"https:\/\/schema.org","@graph":[{"@type":"BreadcrumbList","@id":"https:\/\/www.rucashk.com\/es\/producto\/irobot-roomba-960-sweeping-robot-wholesale\/#breadcrumblist","itemListElement":[{"@type":"ListItem","@id":"https:\/\/www.rucashk.com\/es\/#listItem","position":1,"name":"Home","item":"https:\/\/www.rucashk.com\/es\/","nextItem":"https:\/\/www.rucashk.com\/es\/producto\/irobot-roomba-960-sweeping-robot-wholesale\/#listItem"},{"@type":"ListItem","@id":"https:\/\/www.rucashk.com\/es\/producto\/irobot-roomba-960-sweeping-robot-wholesale\/#listItem","position":2,"name":"iRobot Roomba 960 Sweeping Robot Wholesale","previousItem":"https:\/\/www.rucashk.com\/es\/#listItem"}]},{"@type":"Organization","@id":"https:\/\/www.rucashk.com\/es\/#organization","name":"Rucas","url":"https:\/\/www.rucashk.com\/es\/","logo":{"@type":"ImageObject","url":"https:\/\/www.rucashk.com\/wp-content\/uploads\/2023\/12\/Rucas_campany_logo.png","@id":"https:\/\/www.rucashk.com\/es\/producto\/irobot-roomba-960-sweeping-robot-wholesale\/#organizationLogo","width":221,"height":65},"image":{"@id":"https:\/\/www.rucashk.com\/es\/#organizationLogo"}},{"@type":"Person","@id":"https:\/\/www.rucashk.com\/es\/author\/admin\/#author","url":"https:\/\/www.rucashk.com\/es\/author\/admin\/","name":"admin","image":{"@type":"ImageObject","@id":"https:\/\/www.rucashk.com\/es\/producto\/irobot-roomba-960-sweeping-robot-wholesale\/#authorImage","url":"https:\/\/secure.gravatar.com\/avatar\/b7c8925b09a27e72b30232f8ecaadbd5af0f70a38c78096863fe51b64f031c24?s=96&d=mm&r=g","width":96,"height":96,"caption":"admin"}},{"@type":"WebPage","@id":"https:\/\/www.rucashk.com\/es\/producto\/irobot-roomba-960-sweeping-robot-wholesale\/#webpage","url":"https:\/\/www.rucashk.com\/es\/producto\/irobot-roomba-960-sweeping-robot-wholesale\/","name":"iRobot Roomba 960 Sweeping Robot Wholesale - Rucas - Wholesale and Distribution","description":"Feature\uff1a Multi-room coverage Multi-Surface Rubber Brushes Ideal for homes with pets Dynamic duo","inLanguage":"es-ES","isPartOf":{"@id":"https:\/\/www.rucashk.com\/es\/#website"},"breadcrumb":{"@id":"https:\/\/www.rucashk.com\/es\/producto\/irobot-roomba-960-sweeping-robot-wholesale\/#breadcrumblist"},"author":{"@id":"https:\/\/www.rucashk.com\/es\/author\/admin\/#author"},"creator":{"@id":"https:\/\/www.rucashk.com\/es\/author\/admin\/#author"},"image":{"@type":"ImageObject","url":"https:\/\/www.rucashk.com\/wp-content\/uploads\/2024\/01\/iRobot-Roomba-960.jpg","@id":"https:\/\/www.rucashk.com\/es\/producto\/irobot-roomba-960-sweeping-robot-wholesale\/#mainImage","width":800,"height":800},"primaryImageOfPage":{"@id":"https:\/\/www.rucashk.com\/es\/producto\/irobot-roomba-960-sweeping-robot-wholesale\/#mainImage"},"datePublished":"2024-01-09T16:03:52+00:00","dateModified":"2024-03-12T07:39:03+00:00"},{"@type":"WebSite","@id":"https:\/\/www.rucashk.com\/es\/#website","url":"https:\/\/www.rucashk.com\/es\/","name":"Rucas - Wholesale and distribution worldwide","alternateName":"Rucas - One-stop AIoT Distribution Worldwide","description":"One-stop AIoT Distribution Worldwide","inLanguage":"es-ES","publisher":{"@id":"https:\/\/www.rucashk.com\/es\/#organization"}}]}},"aioseo_meta_data":{"post_id":"24364","title":null,"description":null,"keywords":null,"keyphrases":null,"primary_term":null,"canonical_url":null,"og_title":null,"og_description":null,"og_object_type":"default","og_image_type":"default","og_image_url":null,"og_image_width":null,"og_image_height":null,"og_image_custom_url":null,"og_image_custom_fields":null,"og_video":null,"og_custom_url":null,"og_article_section":null,"og_article_tags":null,"twitter_use_og":false,"twitter_card":"default","twitter_image_type":"default","twitter_image_url":null,"twitter_image_custom_url":null,"twitter_image_custom_fields":null,"twitter_title":null,"twitter_description":null,"schema":{"blockGraphs":[],"customGraphs":[],"default":{"data":{"Article":[],"Course":[],"Dataset":[],"FAQPage":[],"Movie":[],"Person":[],"Product":[],"Recipe":[],"Service":[],"SoftwareApplication":[],"WebPage":[]},"graphName":"","isEnabled":true},"graphs":[]},"schema_type":"default","schema_type_options":null,"pillar_content":false,"robots_default":true,"robots_noindex":false,"robots_noarchive":false,"robots_nosnippet":false,"robots_nofollow":false,"robots_noimageindex":false,"robots_noodp":false,"robots_notranslate":false,"robots_max_snippet":null,"robots_max_videopreview":null,"robots_max_imagepreview":"large","priority":null,"frequency":null,"local_seo":null,"breadcrumb_settings":null,"limit_modified_date":false,"created":"2024-04-11 01:57:11","updated":"2025-06-22 17:29:53"},"aioseo_breadcrumb":"<div class=\"aioseo-breadcrumbs\"><span class=\"aioseo-breadcrumb\">\n\t<a href=\"https:\/\/www.rucashk.com\/es\" title=\"Home\">Home<\/a>\n<\/span><span class=\"aioseo-breadcrumb-separator\">&raquo;<\/span><span class=\"aioseo-breadcrumb\">\n\t<a href=\"https:\/\/www.rucashk.com\/es\/products\/\" title=\"Productos\">Productos<\/a>\n<\/span><span class=\"aioseo-breadcrumb-separator\">&raquo;<\/span><span class=\"aioseo-breadcrumb\">\n\t<a href=\"https:\/\/www.rucashk.com\/es\/categoria-producto\/other-a-brands\/\" title=\"Other A-Brands\">Other A-Brands<\/a>\n<\/span><span class=\"aioseo-breadcrumb-separator\">&raquo;<\/span><span class=\"aioseo-breadcrumb\">\n\tiRobot Roomba 960 Sweeping Robot Wholesale\n<\/span><\/div>","aioseo_breadcrumb_json":[{"label":"Home","link":"https:\/\/www.rucashk.com\/es"},{"label":"Productos","link":"https:\/\/www.rucashk.com\/es\/products\/"},{"label":"Other A-Brands","link":"https:\/\/www.rucashk.com\/es\/categoria-producto\/other-a-brands\/"},{"label":"iRobot Roomba 960 Sweeping Robot Wholesale","link":"https:\/\/www.rucashk.com\/es\/producto\/irobot-roomba-960-sweeping-robot-wholesale\/"}],"_links":{"self":[{"href":"https:\/\/www.rucashk.com\/es\/wp-json\/wp\/v2\/product\/24364","targetHints":{"allow":["GET"]}}],"collection":[{"href":"https:\/\/www.rucashk.com\/es\/wp-json\/wp\/v2\/product"}],"about":[{"href":"https:\/\/www.rucashk.com\/es\/wp-json\/wp\/v2\/types\/product"}],"wp:featuredmedia":[{"embeddable":true,"href":"https:\/\/www.rucashk.com\/es\/wp-json\/wp\/v2\/media\/24473"}],"wp:attachment":[{"href":"https:\/\/www.rucashk.com\/es\/wp-json\/wp\/v2\/media?parent=24364"}],"wp:term":[{"taxonomy":"product_brand","embeddable":true,"href":"https:\/\/www.rucashk.com\/es\/wp-json\/wp\/v2\/product_brand?post=24364"},{"taxonomy":"product_cat","embeddable":true,"href":"https:\/\/www.rucashk.com\/es\/wp-json\/wp\/v2\/product_cat?post=24364"},{"taxonomy":"product_tag","embeddable":true,"href":"https:\/\/www.rucashk.com\/es\/wp-json\/wp\/v2\/product_tag?post=24364"}],"curies":[{"name":"wp","href":"https:\/\/api.w.org\/{rel}","templated":true}]}}