{"id":24363,"date":"2024-01-09T16:03:52","date_gmt":"2024-01-09T16:03:52","guid":{"rendered":"http:\/\/rucashk.com\/?post_type=product&#038;p=24363"},"modified":"2024-01-16T10:20:11","modified_gmt":"2024-01-16T10:20:11","slug":"amiro-smart-lighted-makeup-mirror-wholesale","status":"publish","type":"product","link":"https:\/\/www.rucashk.com\/es\/producto\/amiro-smart-lighted-makeup-mirror-wholesale\/","title":{"rendered":"Espejo de maquillaje iluminado inteligente Amiro al por mayor"},"content":{"rendered":"<p><img fetchpriority=\"high\" decoding=\"async\" class=\"aligncenter\" src=\"https:\/\/www.rucashk.com\/wp-content\/uploads\/2020\/07\/HTB13WmPo8TH8KJjy0Fiq6ARsXXaq.jpg\" alt=\"Amiro Smart Lighted Makeup Mirror\" width=\"1000\" height=\"3975\" \/><img decoding=\"async\" class=\"aligncenter\" src=\"https:\/\/www.rucashk.com\/wp-content\/uploads\/2020\/07\/HTB1S82Oo46I8KJjy0Fgq6xXzVXaf.jpg\" alt=\"Amiro Smart Lighted Makeup Mirror\" width=\"1000\" height=\"1811\" \/><img decoding=\"async\" class=\"aligncenter\" src=\"https:\/\/www.rucashk.com\/wp-content\/uploads\/2020\/07\/HTB1ZoNYePgy_uJjSZSgq6zz0XXar.jpg\" alt=\"Amiro Smart Lighted Makeup Mirror\" width=\"1000\" height=\"2141\" \/><img loading=\"lazy\" decoding=\"async\" class=\"aligncenter\" src=\"https:\/\/www.rucashk.com\/wp-content\/uploads\/2020\/07\/HTB1kxhAePgy_uJjSZSyq6zqvVXac.jpg\" alt=\"Amiro Smart Lighted Makeup Mirror\" width=\"1000\" height=\"4383\" \/><img loading=\"lazy\" decoding=\"async\" class=\"aligncenter\" src=\"https:\/\/www.rucashk.com\/wp-content\/uploads\/2020\/07\/HTB1TakRnAfb_uJjSsrbq6z6bVXaC.jpg\" alt=\"Amiro Smart Lighted Makeup Mirror\" width=\"1000\" height=\"2651\" \/><img loading=\"lazy\" decoding=\"async\" class=\"aligncenter\" src=\"https:\/\/www.rucashk.com\/wp-content\/uploads\/2020\/07\/HTB16euzoZrI8KJjy0Fhq6zfnpXaI.jpg\" alt=\"Amiro Smart Lighted Makeup Mirror\" width=\"1000\" height=\"1485\" \/><\/p>\n<ul data-spm-anchor-id=\"a2g0o.detail.1000023.i2.792c1b2eSUe9sA\">\n<li>6 veces m\u00e1s claro que otros espejos<\/li>\n<li>Precisi\u00f3n del \u00edndice de reproducci\u00f3n crom\u00e1tica (CRI) del 95%<\/li>\n<li>1100 lux s\u00faper brillo<\/li>\n<li>Clasificaci\u00f3n de deslumbramiento UGR m\u00e1s baja<\/li>\n<li>Sistema de transmisi\u00f3n de luz de anillo microrreflector con chip LED<\/li>\n<li>Sensor inteligente de proximidad ON\/OFF<\/li>\n<li>Alternar sensor inteligente<\/li>\n<li>Funci\u00f3n de memoria del \u00faltimo estado de luz<\/li>\n<li>3 modos de luz (c\u00e1lida [~2000K], brillante [~7000], naturaleza [~5000K])<\/li>\n<li>Rango de temperatura de color: 3349-5595K<\/li>\n<li>Bater\u00eda de litio incorporada: 2000 mAh<\/li>\n<li>Tiempo de funcionamiento de la bater\u00eda: aproximadamente 2 semanas (brillo de 300 lux, 30 minutos por d\u00eda)<\/li>\n<li>6 niveles de brillo diferentes<\/li>\n<li>Finalista del Premio IDEA 2017<\/li>\n<li>CE, FCC, CEI<\/li>\n<li>Aprobado: GB7000.1-2015<\/li>\n<li>ENV\u00cdO EXPRESO GRATIS POR DHL<\/li>\n<li>Uso de energ\u00eda con cable de CA<\/li>\n<li>Para entrada con cable: AC12V-1A<\/li>\n<li>Base de succi\u00f3n milagrosa que ahorra espacio<\/li>\n<li>Ajuste de brillo del bot\u00f3n<\/li>\n<li>Acabado divertido y moderno.<\/li>\n<li>Centro magnetizado espejo<\/li>\n<li>Espejo en posici\u00f3n vertical, altura unidad: 39,5cm<\/li>\n<li>Di\u00e1metro del espejo: 20,5 cm<\/li>\n<li data-spm-anchor-id=\"a2g0o.detail.1000023.i1.792c1b2eSUe9sA\">Di\u00e1metro del espejo en la carcasa: 23,5 cm.<\/li>\n<li>Rango de giro del espejo: inclinaci\u00f3n hacia atr\u00e1s 53 grados, inclinaci\u00f3n hacia adelante 3 grados<\/li>\n<li>Altura del eje base: 25 cm<\/li>\n<li>Di\u00e1metro de la base: 7,25 cm<\/li>\n<li>Color: Blanco con ribete rojo y azul.<\/li>\n<li>Contenidos del paquete:<\/li>\n<li>AML005G<\/li>\n<li>Adaptador de corriente<\/li>\n<li>Pa\u00f1o para limpiar espejos<\/li>\n<li data-spm-anchor-id=\"a2g0o.detail.1000023.i0.792c1b2eSUe9sA\">Manual de usuario<\/li>\n<li>Peso f\u00edsico (producto solo): 1,38 kg<\/li>\n<\/ul>","protected":false},"excerpt":{"rendered":"<p>6 veces m\u00e1s claro que otros espejos<\/p>\n<p>Precisi\u00f3n del \u00edndice de reproducci\u00f3n crom\u00e1tica (CRI) del 95%<\/p>\n<p>1100 lux s\u00faper brillo<\/p>\n<p>Clasificaci\u00f3n de deslumbramiento UGR m\u00e1s baja<\/p>\n<p>Sistema de transmisi\u00f3n de luz de anillo microrreflector con chip LED<\/p>\n<p>Sensor inteligente de proximidad ON\/OFF<\/p>\n<p>Alternar sensor inteligente<\/p>\n<p>Funci\u00f3n de memoria del \u00faltimo estado de luz<\/p>","protected":false},"featured_media":24469,"template":"","meta":[],"product_brand":[],"product_cat":[1320,1305],"product_tag":[745],"class_list":{"0":"post-24363","1":"product","2":"type-product","3":"status-publish","4":"has-post-thumbnail","6":"product_cat-personal-care","7":"product_cat-xiaomi-eco","8":"product_tag-amiro-smart-lighted-makeup-mirror","10":"first","11":"instock","12":"shipping-taxable","13":"product-type-external"},"aioseo_notices":[],"aioseo_head":"\n\t\t<!-- All in One SEO Pro 4.5.9.2 - aioseo.com -->\n\t\t<meta name=\"description\" content=\"6x Clearer than other mirrors 95% Color Rendering Index (CRI) Accuracy 1100 lux Super Brightness Lowest UGR Glare Rating LED chip micro-reflector ring light transmission system ON\/OFF Proximity Smart Sensor Smart Sensor Toggle Last Light State Memory Function\" \/>\n\t\t<meta name=\"robots\" content=\"max-image-preview:large\" \/>\n\t\t<link rel=\"canonical\" href=\"https:\/\/www.rucashk.com\/es\/producto\/amiro-smart-lighted-makeup-mirror-wholesale\/\" \/>\n\t\t<meta name=\"generator\" content=\"All in One SEO Pro (AIOSEO) 4.5.9.2\" \/>\n\t\t<meta property=\"og:locale\" content=\"es_ES\" \/>\n\t\t<meta property=\"og:site_name\" content=\"Rucas - One-stop AIoT Distribution Worldwide\" \/>\n\t\t<meta property=\"og:type\" content=\"article\" \/>\n\t\t<meta property=\"og:title\" content=\"Amiro Smart Lighted Makeup Mirror Wholesale - Rucas - Wholesale and Distribution\" \/>\n\t\t<meta property=\"og:description\" content=\"6x Clearer than other mirrors 95% Color Rendering Index (CRI) Accuracy 1100 lux Super Brightness Lowest UGR Glare Rating LED chip micro-reflector ring light transmission system ON\/OFF Proximity Smart Sensor Smart Sensor Toggle Last Light State Memory Function\" \/>\n\t\t<meta property=\"og:url\" content=\"https:\/\/www.rucashk.com\/es\/producto\/amiro-smart-lighted-makeup-mirror-wholesale\/\" \/>\n\t\t<meta property=\"og:image\" content=\"https:\/\/www.rucashk.com\/wp-content\/uploads\/replace\/503b8e645f128a97ccde2b6290747646.jpeg\" \/>\n\t\t<meta property=\"og:image:secure_url\" content=\"https:\/\/www.rucashk.com\/wp-content\/uploads\/replace\/503b8e645f128a97ccde2b6290747646.jpeg\" \/>\n\t\t<meta property=\"og:image:width\" content=\"1456\" \/>\n\t\t<meta property=\"og:image:height\" content=\"816\" \/>\n\t\t<meta property=\"article:published_time\" content=\"2024-01-09T16:03:52+00:00\" \/>\n\t\t<meta property=\"article:modified_time\" content=\"2024-01-16T10:20:11+00:00\" \/>\n\t\t<meta name=\"twitter:card\" content=\"summary_large_image\" \/>\n\t\t<meta name=\"twitter:title\" content=\"Amiro Smart Lighted Makeup Mirror Wholesale - Rucas - Wholesale and Distribution\" \/>\n\t\t<meta name=\"twitter:description\" content=\"6x Clearer than other mirrors 95% Color Rendering Index (CRI) Accuracy 1100 lux Super Brightness Lowest UGR Glare Rating LED chip micro-reflector ring light transmission system ON\/OFF Proximity Smart Sensor Smart Sensor Toggle Last Light State Memory Function\" \/>\n\t\t<meta name=\"twitter:image\" content=\"https:\/\/www.rucashk.com\/wp-content\/uploads\/replace\/503b8e645f128a97ccde2b6290747646.jpeg\" \/>\n\t\t<script type=\"application\/ld+json\" class=\"aioseo-schema\">\n\t\t\t{\"@context\":\"https:\\\/\\\/schema.org\",\"@graph\":[{\"@type\":\"BreadcrumbList\",\"@id\":\"https:\\\/\\\/www.rucashk.com\\\/es\\\/producto\\\/amiro-smart-lighted-makeup-mirror-wholesale\\\/#breadcrumblist\",\"itemListElement\":[{\"@type\":\"ListItem\",\"@id\":\"https:\\\/\\\/www.rucashk.com\\\/es\\\/#listItem\",\"position\":1,\"name\":\"Home\",\"item\":\"https:\\\/\\\/www.rucashk.com\\\/es\\\/\",\"nextItem\":\"https:\\\/\\\/www.rucashk.com\\\/es\\\/producto\\\/amiro-smart-lighted-makeup-mirror-wholesale\\\/#listItem\"},{\"@type\":\"ListItem\",\"@id\":\"https:\\\/\\\/www.rucashk.com\\\/es\\\/producto\\\/amiro-smart-lighted-makeup-mirror-wholesale\\\/#listItem\",\"position\":2,\"name\":\"Amiro Smart Lighted Makeup Mirror Wholesale\",\"previousItem\":\"https:\\\/\\\/www.rucashk.com\\\/es\\\/#listItem\"}]},{\"@type\":\"Organization\",\"@id\":\"https:\\\/\\\/www.rucashk.com\\\/es\\\/#organization\",\"name\":\"Rucas\",\"url\":\"https:\\\/\\\/www.rucashk.com\\\/es\\\/\",\"logo\":{\"@type\":\"ImageObject\",\"url\":\"https:\\\/\\\/www.rucashk.com\\\/wp-content\\\/uploads\\\/2023\\\/12\\\/Rucas_campany_logo.png\",\"@id\":\"https:\\\/\\\/www.rucashk.com\\\/es\\\/producto\\\/amiro-smart-lighted-makeup-mirror-wholesale\\\/#organizationLogo\",\"width\":221,\"height\":65},\"image\":{\"@id\":\"https:\\\/\\\/www.rucashk.com\\\/es\\\/#organizationLogo\"}},{\"@type\":\"Person\",\"@id\":\"https:\\\/\\\/www.rucashk.com\\\/es\\\/author\\\/admin\\\/#author\",\"url\":\"https:\\\/\\\/www.rucashk.com\\\/es\\\/author\\\/admin\\\/\",\"name\":\"admin\",\"image\":{\"@type\":\"ImageObject\",\"@id\":\"https:\\\/\\\/www.rucashk.com\\\/es\\\/producto\\\/amiro-smart-lighted-makeup-mirror-wholesale\\\/#authorImage\",\"url\":\"https:\\\/\\\/secure.gravatar.com\\\/avatar\\\/b7c8925b09a27e72b30232f8ecaadbd5af0f70a38c78096863fe51b64f031c24?s=96&d=mm&r=g\",\"width\":96,\"height\":96,\"caption\":\"admin\"}},{\"@type\":\"WebPage\",\"@id\":\"https:\\\/\\\/www.rucashk.com\\\/es\\\/producto\\\/amiro-smart-lighted-makeup-mirror-wholesale\\\/#webpage\",\"url\":\"https:\\\/\\\/www.rucashk.com\\\/es\\\/producto\\\/amiro-smart-lighted-makeup-mirror-wholesale\\\/\",\"name\":\"Amiro Smart Lighted Makeup Mirror Wholesale - Rucas - Wholesale and Distribution\",\"description\":\"6x Clearer than other mirrors 95% Color Rendering Index (CRI) Accuracy 1100 lux Super Brightness Lowest UGR Glare Rating LED chip micro-reflector ring light transmission system ON\\\/OFF Proximity Smart Sensor Smart Sensor Toggle Last Light State Memory Function\",\"inLanguage\":\"es-ES\",\"isPartOf\":{\"@id\":\"https:\\\/\\\/www.rucashk.com\\\/es\\\/#website\"},\"breadcrumb\":{\"@id\":\"https:\\\/\\\/www.rucashk.com\\\/es\\\/producto\\\/amiro-smart-lighted-makeup-mirror-wholesale\\\/#breadcrumblist\"},\"author\":{\"@id\":\"https:\\\/\\\/www.rucashk.com\\\/es\\\/author\\\/admin\\\/#author\"},\"creator\":{\"@id\":\"https:\\\/\\\/www.rucashk.com\\\/es\\\/author\\\/admin\\\/#author\"},\"image\":{\"@type\":\"ImageObject\",\"url\":\"https:\\\/\\\/www.rucashk.com\\\/wp-content\\\/uploads\\\/2024\\\/01\\\/\\u5fae\\u4fe1\\u56fe\\u7247_20200710113622_\\u526f\\u672c.jpg\",\"@id\":\"https:\\\/\\\/www.rucashk.com\\\/es\\\/producto\\\/amiro-smart-lighted-makeup-mirror-wholesale\\\/#mainImage\",\"width\":800,\"height\":802},\"primaryImageOfPage\":{\"@id\":\"https:\\\/\\\/www.rucashk.com\\\/es\\\/producto\\\/amiro-smart-lighted-makeup-mirror-wholesale\\\/#mainImage\"},\"datePublished\":\"2024-01-09T16:03:52+00:00\",\"dateModified\":\"2024-01-16T10:20:11+00:00\"},{\"@type\":\"WebSite\",\"@id\":\"https:\\\/\\\/www.rucashk.com\\\/es\\\/#website\",\"url\":\"https:\\\/\\\/www.rucashk.com\\\/es\\\/\",\"name\":\"Rucas - Wholesale and distribution worldwide\",\"alternateName\":\"Rucas - One-stop AIoT Distribution Worldwide\",\"description\":\"One-stop AIoT Distribution Worldwide\",\"inLanguage\":\"es-ES\",\"publisher\":{\"@id\":\"https:\\\/\\\/www.rucashk.com\\\/es\\\/#organization\"}}]}\n\t\t<\/script>\n\t\t<!-- All in One SEO Pro -->\r\n\t\t<title>Amiro Smart Lighted Makeup Mirror Wholesale - Rucas - Wholesale and Distribution<\/title>\n\n","aioseo_head_json":{"title":"Amiro Smart Lighted Makeup Mirror Wholesale - Rucas - Wholesale and Distribution","description":"6x Clearer than other mirrors 95% Color Rendering Index (CRI) Accuracy 1100 lux Super Brightness Lowest UGR Glare Rating LED chip micro-reflector ring light transmission system ON\/OFF Proximity Smart Sensor Smart Sensor Toggle Last Light State Memory Function","canonical_url":"https:\/\/www.rucashk.com\/es\/producto\/amiro-smart-lighted-makeup-mirror-wholesale\/","robots":"max-image-preview:large","keywords":"","webmasterTools":{"miscellaneous":""},"og:locale":"es_ES","og:site_name":"Rucas - One-stop AIoT Distribution Worldwide","og:type":"article","og:title":"Amiro Smart Lighted Makeup Mirror Wholesale - Rucas - Wholesale and Distribution","og:description":"6x Clearer than other mirrors 95% Color Rendering Index (CRI) Accuracy 1100 lux Super Brightness Lowest UGR Glare Rating LED chip micro-reflector ring light transmission system ON\/OFF Proximity Smart Sensor Smart Sensor Toggle Last Light State Memory Function","og:url":"https:\/\/www.rucashk.com\/es\/producto\/amiro-smart-lighted-makeup-mirror-wholesale\/","og:image":"https:\/\/www.rucashk.com\/wp-content\/uploads\/replace\/503b8e645f128a97ccde2b6290747646.jpeg","og:image:secure_url":"https:\/\/www.rucashk.com\/wp-content\/uploads\/replace\/503b8e645f128a97ccde2b6290747646.jpeg","og:image:width":1456,"og:image:height":816,"article:published_time":"2024-01-09T16:03:52+00:00","article:modified_time":"2024-01-16T10:20:11+00:00","twitter:card":"summary_large_image","twitter:title":"Amiro Smart Lighted Makeup Mirror Wholesale - Rucas - Wholesale and Distribution","twitter:description":"6x Clearer than other mirrors 95% Color Rendering Index (CRI) Accuracy 1100 lux Super Brightness Lowest UGR Glare Rating LED chip micro-reflector ring light transmission system ON\/OFF Proximity Smart Sensor Smart Sensor Toggle Last Light State Memory Function","twitter:image":"https:\/\/www.rucashk.com\/wp-content\/uploads\/replace\/503b8e645f128a97ccde2b6290747646.jpeg","schema":{"@context":"https:\/\/schema.org","@graph":[{"@type":"BreadcrumbList","@id":"https:\/\/www.rucashk.com\/es\/producto\/amiro-smart-lighted-makeup-mirror-wholesale\/#breadcrumblist","itemListElement":[{"@type":"ListItem","@id":"https:\/\/www.rucashk.com\/es\/#listItem","position":1,"name":"Home","item":"https:\/\/www.rucashk.com\/es\/","nextItem":"https:\/\/www.rucashk.com\/es\/producto\/amiro-smart-lighted-makeup-mirror-wholesale\/#listItem"},{"@type":"ListItem","@id":"https:\/\/www.rucashk.com\/es\/producto\/amiro-smart-lighted-makeup-mirror-wholesale\/#listItem","position":2,"name":"Amiro Smart Lighted Makeup Mirror Wholesale","previousItem":"https:\/\/www.rucashk.com\/es\/#listItem"}]},{"@type":"Organization","@id":"https:\/\/www.rucashk.com\/es\/#organization","name":"Rucas","url":"https:\/\/www.rucashk.com\/es\/","logo":{"@type":"ImageObject","url":"https:\/\/www.rucashk.com\/wp-content\/uploads\/2023\/12\/Rucas_campany_logo.png","@id":"https:\/\/www.rucashk.com\/es\/producto\/amiro-smart-lighted-makeup-mirror-wholesale\/#organizationLogo","width":221,"height":65},"image":{"@id":"https:\/\/www.rucashk.com\/es\/#organizationLogo"}},{"@type":"Person","@id":"https:\/\/www.rucashk.com\/es\/author\/admin\/#author","url":"https:\/\/www.rucashk.com\/es\/author\/admin\/","name":"admin","image":{"@type":"ImageObject","@id":"https:\/\/www.rucashk.com\/es\/producto\/amiro-smart-lighted-makeup-mirror-wholesale\/#authorImage","url":"https:\/\/secure.gravatar.com\/avatar\/b7c8925b09a27e72b30232f8ecaadbd5af0f70a38c78096863fe51b64f031c24?s=96&d=mm&r=g","width":96,"height":96,"caption":"admin"}},{"@type":"WebPage","@id":"https:\/\/www.rucashk.com\/es\/producto\/amiro-smart-lighted-makeup-mirror-wholesale\/#webpage","url":"https:\/\/www.rucashk.com\/es\/producto\/amiro-smart-lighted-makeup-mirror-wholesale\/","name":"Amiro Smart Lighted Makeup Mirror Wholesale - Rucas - Wholesale and Distribution","description":"6x Clearer than other mirrors 95% Color Rendering Index (CRI) Accuracy 1100 lux Super Brightness Lowest UGR Glare Rating LED chip micro-reflector ring light transmission system ON\/OFF Proximity Smart Sensor Smart Sensor Toggle Last Light State Memory Function","inLanguage":"es-ES","isPartOf":{"@id":"https:\/\/www.rucashk.com\/es\/#website"},"breadcrumb":{"@id":"https:\/\/www.rucashk.com\/es\/producto\/amiro-smart-lighted-makeup-mirror-wholesale\/#breadcrumblist"},"author":{"@id":"https:\/\/www.rucashk.com\/es\/author\/admin\/#author"},"creator":{"@id":"https:\/\/www.rucashk.com\/es\/author\/admin\/#author"},"image":{"@type":"ImageObject","url":"https:\/\/www.rucashk.com\/wp-content\/uploads\/2024\/01\/\u5fae\u4fe1\u56fe\u7247_20200710113622_\u526f\u672c.jpg","@id":"https:\/\/www.rucashk.com\/es\/producto\/amiro-smart-lighted-makeup-mirror-wholesale\/#mainImage","width":800,"height":802},"primaryImageOfPage":{"@id":"https:\/\/www.rucashk.com\/es\/producto\/amiro-smart-lighted-makeup-mirror-wholesale\/#mainImage"},"datePublished":"2024-01-09T16:03:52+00:00","dateModified":"2024-01-16T10:20:11+00:00"},{"@type":"WebSite","@id":"https:\/\/www.rucashk.com\/es\/#website","url":"https:\/\/www.rucashk.com\/es\/","name":"Rucas - Wholesale and distribution worldwide","alternateName":"Rucas - One-stop AIoT Distribution Worldwide","description":"One-stop AIoT Distribution Worldwide","inLanguage":"es-ES","publisher":{"@id":"https:\/\/www.rucashk.com\/es\/#organization"}}]}},"aioseo_meta_data":{"post_id":"24363","title":null,"description":null,"keywords":null,"keyphrases":null,"primary_term":null,"canonical_url":null,"og_title":null,"og_description":null,"og_object_type":"default","og_image_type":"default","og_image_url":null,"og_image_width":null,"og_image_height":null,"og_image_custom_url":null,"og_image_custom_fields":null,"og_video":null,"og_custom_url":null,"og_article_section":null,"og_article_tags":null,"twitter_use_og":false,"twitter_card":"default","twitter_image_type":"default","twitter_image_url":null,"twitter_image_custom_url":null,"twitter_image_custom_fields":null,"twitter_title":null,"twitter_description":null,"schema":{"blockGraphs":[],"customGraphs":[],"default":{"data":{"Article":[],"Course":[],"Dataset":[],"FAQPage":[],"Movie":[],"Person":[],"Product":[],"Recipe":[],"Service":[],"SoftwareApplication":[],"WebPage":[]},"graphName":"","isEnabled":true},"graphs":[]},"schema_type":"default","schema_type_options":null,"pillar_content":false,"robots_default":true,"robots_noindex":false,"robots_noarchive":false,"robots_nosnippet":false,"robots_nofollow":false,"robots_noimageindex":false,"robots_noodp":false,"robots_notranslate":false,"robots_max_snippet":null,"robots_max_videopreview":null,"robots_max_imagepreview":"large","priority":null,"frequency":null,"local_seo":null,"breadcrumb_settings":null,"limit_modified_date":false,"created":"2024-04-11 01:57:11","updated":"2025-06-22 17:28:05"},"aioseo_breadcrumb":"<div class=\"aioseo-breadcrumbs\"><span class=\"aioseo-breadcrumb\">\n\t<a href=\"https:\/\/www.rucashk.com\/es\" title=\"Home\">Home<\/a>\n<\/span><span class=\"aioseo-breadcrumb-separator\">&raquo;<\/span><span class=\"aioseo-breadcrumb\">\n\t<a href=\"https:\/\/www.rucashk.com\/es\/products\/\" title=\"Productos\">Productos<\/a>\n<\/span><span class=\"aioseo-breadcrumb-separator\">&raquo;<\/span><span class=\"aioseo-breadcrumb\">\n\t<a href=\"https:\/\/www.rucashk.com\/es\/categoria-producto\/xiaomi-eco\/\" title=\"Xiaomi Eco\">Xiaomi Eco<\/a>\n<\/span><span class=\"aioseo-breadcrumb-separator\">&raquo;<\/span><span class=\"aioseo-breadcrumb\">\n\t<a href=\"https:\/\/www.rucashk.com\/es\/categoria-producto\/xiaomi-eco\/personal-care\/\" title=\"Personal Care\">Personal Care<\/a>\n<\/span><span class=\"aioseo-breadcrumb-separator\">&raquo;<\/span><span class=\"aioseo-breadcrumb\">\n\tAmiro Smart Lighted Makeup Mirror Wholesale\n<\/span><\/div>","aioseo_breadcrumb_json":[{"label":"Home","link":"https:\/\/www.rucashk.com\/es"},{"label":"Productos","link":"https:\/\/www.rucashk.com\/es\/products\/"},{"label":"Xiaomi Eco","link":"https:\/\/www.rucashk.com\/es\/categoria-producto\/xiaomi-eco\/"},{"label":"Personal Care","link":"https:\/\/www.rucashk.com\/es\/categoria-producto\/xiaomi-eco\/personal-care\/"},{"label":"Amiro Smart Lighted Makeup Mirror Wholesale","link":"https:\/\/www.rucashk.com\/es\/producto\/amiro-smart-lighted-makeup-mirror-wholesale\/"}],"_links":{"self":[{"href":"https:\/\/www.rucashk.com\/es\/wp-json\/wp\/v2\/product\/24363","targetHints":{"allow":["GET"]}}],"collection":[{"href":"https:\/\/www.rucashk.com\/es\/wp-json\/wp\/v2\/product"}],"about":[{"href":"https:\/\/www.rucashk.com\/es\/wp-json\/wp\/v2\/types\/product"}],"wp:featuredmedia":[{"embeddable":true,"href":"https:\/\/www.rucashk.com\/es\/wp-json\/wp\/v2\/media\/24469"}],"wp:attachment":[{"href":"https:\/\/www.rucashk.com\/es\/wp-json\/wp\/v2\/media?parent=24363"}],"wp:term":[{"taxonomy":"product_brand","embeddable":true,"href":"https:\/\/www.rucashk.com\/es\/wp-json\/wp\/v2\/product_brand?post=24363"},{"taxonomy":"product_cat","embeddable":true,"href":"https:\/\/www.rucashk.com\/es\/wp-json\/wp\/v2\/product_cat?post=24363"},{"taxonomy":"product_tag","embeddable":true,"href":"https:\/\/www.rucashk.com\/es\/wp-json\/wp\/v2\/product_tag?post=24363"}],"curies":[{"name":"wp","href":"https:\/\/api.w.org\/{rel}","templated":true}]}}