{"id":24319,"date":"2024-01-09T16:03:29","date_gmt":"2024-01-09T16:03:29","guid":{"rendered":"http:\/\/rucashk.com\/?post_type=product&#038;p=24319"},"modified":"2024-03-13T06:19:23","modified_gmt":"2024-03-13T06:19:23","slug":"ninebot-dirt-bike-wholesale","status":"publish","type":"product","link":"https:\/\/www.rucashk.com\/es\/producto\/ninebot-dirt-bike-wholesale\/","title":{"rendered":"Bicicleta de cross Ninebot al por mayor"},"content":{"rendered":"<p><img fetchpriority=\"high\" decoding=\"async\" class=\"alignnone wp-image-20473 size-full aligncenter\" src=\"\/wp-content\/uploads\/replace\/84684ef3d943ad654daf5a7425ad8d73.jpeg\" alt=\"Ninebot\u00a0Dirt Bike\" width=\"947\" height=\"695\" \/><img decoding=\"async\" class=\"wp-image-20474 size-full aligncenter\" src=\"\/wp-content\/uploads\/replace\/82af0344cd0ba05d1f8adaa0e443e82c.png\" alt=\"Ninebot\u00a0Dirt Bike\" width=\"946\" height=\"564\" \/><img decoding=\"async\" class=\"alignnone wp-image-20475 size-full aligncenter\" src=\"\/wp-content\/uploads\/replace\/2d0a5bcbafc280570c8cddf9b7001a68.png\" alt=\"Ninebot\u00a0Dirt Bike\" width=\"944\" height=\"632\" \/><img loading=\"lazy\" decoding=\"async\" class=\"alignnone wp-image-20476 size-full aligncenter\" src=\"\/wp-content\/uploads\/replace\/9bd04f1a85eb05b83a4541d2a15c0465.png\" alt=\"Ninebot\u00a0Dirt Bike\" width=\"946\" height=\"710\" \/><img loading=\"lazy\" decoding=\"async\" class=\"alignnone wp-image-20477 size-full aligncenter\" src=\"\/wp-content\/uploads\/replace\/1a96e93eb02e6592e5a88a6ac94c5b12.png\" alt=\"Ninebot\u00a0Dirt Bike\" width=\"946\" height=\"699\" \/><img loading=\"lazy\" decoding=\"async\" class=\"alignnone wp-image-20478 size-full aligncenter\" src=\"\/wp-content\/uploads\/replace\/33aaa8b30d4414b9385e3f5761957326.jpeg\" alt=\"Ninebot\u00a0Dirt Bike\" width=\"950\" height=\"630\" \/><img loading=\"lazy\" decoding=\"async\" class=\"alignnone wp-image-20479 size-full aligncenter\" src=\"\/wp-content\/uploads\/replace\/5c2adc2ccece42ae017c8f7539728b73.jpeg\" alt=\"Ninebot\u00a0Dirt Bike\" width=\"945\" height=\"497\" \/><img loading=\"lazy\" decoding=\"async\" class=\"alignnone wp-image-20480 size-full aligncenter\" src=\"\/wp-content\/uploads\/replace\/42b83dbe3e93928fa71ca3617a932590.jpeg\" alt=\"Ninebot\u00a0Dirt Bike\" width=\"951\" height=\"622\" \/><img loading=\"lazy\" decoding=\"async\" class=\"alignnone wp-image-20481 size-full aligncenter\" src=\"\/wp-content\/uploads\/replace\/fc7cec9bed23d2293da50684a9a0f40f.jpeg\" alt=\"Ninebot\u00a0Dirt Bike\" width=\"948\" height=\"562\" \/><\/p>","protected":false},"excerpt":{"rendered":"<p><span style=\"font-family: Microsoft YaHei\">Segway Dirt eBike es una moto de cross el\u00e9ctrica ecol\u00f3gica que tiene un rendimiento todoterreno superior. Dise\u00f1ada para ser una moto de cross el\u00e9ctrica de alto rendimiento para todo tipo de usuarios, la Segway Dirt eBike es compacta, liviana, asequible, f\u00e1cil de mantener, aprender y dominar. <\/span><\/p>\n<p><span style=\"font-family: Microsoft YaHei\">La Segway Dirt eBike hace posible que m\u00e1s personas que nunca participen en emocionantes aventuras todoterreno con las que antes solo pod\u00edan so\u00f1ar.<\/span><\/p>","protected":false},"featured_media":24465,"template":"","meta":[],"product_brand":[],"product_cat":[1321,1305],"product_tag":[1066],"class_list":{"0":"post-24319","1":"product","2":"type-product","3":"status-publish","4":"has-post-thumbnail","6":"product_cat-sports","7":"product_cat-xiaomi-eco","8":"product_tag-ninebot-dirt-bike","10":"first","11":"instock","12":"shipping-taxable","13":"product-type-external"},"aioseo_notices":[],"aioseo_head":"\n\t\t<!-- All in One SEO Pro 4.5.9.2 - aioseo.com -->\n\t\t<meta name=\"description\" content=\"Segway Dirt eBike is an eco-friendly electric-powered dirt bike that has superior off-road performance. Built to be a performance electric dirt bike for all user types, Segway Dirt eBike is compact, lightweight, affordable, easy to maintain, learn and master. The Segway Dirt eBike makes it possible for more people than ever to participate in exciting off-road adventures that they could only dream of before.\" \/>\n\t\t<meta name=\"robots\" content=\"max-image-preview:large\" \/>\n\t\t<link rel=\"canonical\" href=\"https:\/\/www.rucashk.com\/es\/producto\/ninebot-dirt-bike-wholesale\/\" \/>\n\t\t<meta name=\"generator\" content=\"All in One SEO Pro (AIOSEO) 4.5.9.2\" \/>\n\t\t<meta property=\"og:locale\" content=\"es_ES\" \/>\n\t\t<meta property=\"og:site_name\" content=\"Rucas - One-stop AIoT Distribution Worldwide\" \/>\n\t\t<meta property=\"og:type\" content=\"article\" \/>\n\t\t<meta property=\"og:title\" content=\"Ninebot Dirt Bike Wholesale - Rucas - Wholesale and Distribution\" \/>\n\t\t<meta property=\"og:description\" content=\"Segway Dirt eBike is an eco-friendly electric-powered dirt bike that has superior off-road performance. Built to be a performance electric dirt bike for all user types, Segway Dirt eBike is compact, lightweight, affordable, easy to maintain, learn and master. The Segway Dirt eBike makes it possible for more people than ever to participate in exciting off-road adventures that they could only dream of before.\" \/>\n\t\t<meta property=\"og:url\" content=\"https:\/\/www.rucashk.com\/es\/producto\/ninebot-dirt-bike-wholesale\/\" \/>\n\t\t<meta property=\"og:image\" content=\"https:\/\/www.rucashk.com\/wp-content\/uploads\/replace\/503b8e645f128a97ccde2b6290747646.jpeg\" \/>\n\t\t<meta property=\"og:image:secure_url\" content=\"https:\/\/www.rucashk.com\/wp-content\/uploads\/replace\/503b8e645f128a97ccde2b6290747646.jpeg\" \/>\n\t\t<meta property=\"og:image:width\" content=\"1456\" \/>\n\t\t<meta property=\"og:image:height\" content=\"816\" \/>\n\t\t<meta property=\"article:published_time\" content=\"2024-01-09T16:03:29+00:00\" \/>\n\t\t<meta property=\"article:modified_time\" content=\"2024-03-13T06:19:23+00:00\" \/>\n\t\t<meta name=\"twitter:card\" content=\"summary_large_image\" \/>\n\t\t<meta name=\"twitter:title\" content=\"Ninebot Dirt Bike Wholesale - Rucas - Wholesale and Distribution\" \/>\n\t\t<meta name=\"twitter:description\" content=\"Segway Dirt eBike is an eco-friendly electric-powered dirt bike that has superior off-road performance. Built to be a performance electric dirt bike for all user types, Segway Dirt eBike is compact, lightweight, affordable, easy to maintain, learn and master. The Segway Dirt eBike makes it possible for more people than ever to participate in exciting off-road adventures that they could only dream of before.\" \/>\n\t\t<meta name=\"twitter:image\" content=\"https:\/\/www.rucashk.com\/wp-content\/uploads\/replace\/503b8e645f128a97ccde2b6290747646.jpeg\" \/>\n\t\t<script type=\"application\/ld+json\" class=\"aioseo-schema\">\n\t\t\t{\"@context\":\"https:\\\/\\\/schema.org\",\"@graph\":[{\"@type\":\"BreadcrumbList\",\"@id\":\"https:\\\/\\\/www.rucashk.com\\\/es\\\/producto\\\/ninebot-dirt-bike-wholesale\\\/#breadcrumblist\",\"itemListElement\":[{\"@type\":\"ListItem\",\"@id\":\"https:\\\/\\\/www.rucashk.com\\\/es\\\/#listItem\",\"position\":1,\"name\":\"Home\",\"item\":\"https:\\\/\\\/www.rucashk.com\\\/es\\\/\",\"nextItem\":\"https:\\\/\\\/www.rucashk.com\\\/es\\\/producto\\\/ninebot-dirt-bike-wholesale\\\/#listItem\"},{\"@type\":\"ListItem\",\"@id\":\"https:\\\/\\\/www.rucashk.com\\\/es\\\/producto\\\/ninebot-dirt-bike-wholesale\\\/#listItem\",\"position\":2,\"name\":\"Ninebot\\u00a0Dirt Bike Wholesale\",\"previousItem\":\"https:\\\/\\\/www.rucashk.com\\\/es\\\/#listItem\"}]},{\"@type\":\"Organization\",\"@id\":\"https:\\\/\\\/www.rucashk.com\\\/es\\\/#organization\",\"name\":\"Rucas\",\"url\":\"https:\\\/\\\/www.rucashk.com\\\/es\\\/\",\"logo\":{\"@type\":\"ImageObject\",\"url\":\"https:\\\/\\\/www.rucashk.com\\\/wp-content\\\/uploads\\\/2023\\\/12\\\/Rucas_campany_logo.png\",\"@id\":\"https:\\\/\\\/www.rucashk.com\\\/es\\\/producto\\\/ninebot-dirt-bike-wholesale\\\/#organizationLogo\",\"width\":221,\"height\":65},\"image\":{\"@id\":\"https:\\\/\\\/www.rucashk.com\\\/es\\\/#organizationLogo\"}},{\"@type\":\"Person\",\"@id\":\"https:\\\/\\\/www.rucashk.com\\\/es\\\/author\\\/admin\\\/#author\",\"url\":\"https:\\\/\\\/www.rucashk.com\\\/es\\\/author\\\/admin\\\/\",\"name\":\"admin\",\"image\":{\"@type\":\"ImageObject\",\"@id\":\"https:\\\/\\\/www.rucashk.com\\\/es\\\/producto\\\/ninebot-dirt-bike-wholesale\\\/#authorImage\",\"url\":\"https:\\\/\\\/secure.gravatar.com\\\/avatar\\\/b7c8925b09a27e72b30232f8ecaadbd5af0f70a38c78096863fe51b64f031c24?s=96&d=mm&r=g\",\"width\":96,\"height\":96,\"caption\":\"admin\"}},{\"@type\":\"WebPage\",\"@id\":\"https:\\\/\\\/www.rucashk.com\\\/es\\\/producto\\\/ninebot-dirt-bike-wholesale\\\/#webpage\",\"url\":\"https:\\\/\\\/www.rucashk.com\\\/es\\\/producto\\\/ninebot-dirt-bike-wholesale\\\/\",\"name\":\"Ninebot Dirt Bike Wholesale - Rucas - Wholesale and Distribution\",\"description\":\"Segway Dirt eBike is an eco-friendly electric-powered dirt bike that has superior off-road performance. Built to be a performance electric dirt bike for all user types, Segway Dirt eBike is compact, lightweight, affordable, easy to maintain, learn and master. The Segway Dirt eBike makes it possible for more people than ever to participate in exciting off-road adventures that they could only dream of before.\",\"inLanguage\":\"es-ES\",\"isPartOf\":{\"@id\":\"https:\\\/\\\/www.rucashk.com\\\/es\\\/#website\"},\"breadcrumb\":{\"@id\":\"https:\\\/\\\/www.rucashk.com\\\/es\\\/producto\\\/ninebot-dirt-bike-wholesale\\\/#breadcrumblist\"},\"author\":{\"@id\":\"https:\\\/\\\/www.rucashk.com\\\/es\\\/author\\\/admin\\\/#author\"},\"creator\":{\"@id\":\"https:\\\/\\\/www.rucashk.com\\\/es\\\/author\\\/admin\\\/#author\"},\"image\":{\"@type\":\"ImageObject\",\"url\":\"https:\\\/\\\/www.rucashk.com\\\/wp-content\\\/uploads\\\/2024\\\/01\\\/1_\\u526f\\u672c-18-1.jpg\",\"@id\":\"https:\\\/\\\/www.rucashk.com\\\/es\\\/producto\\\/ninebot-dirt-bike-wholesale\\\/#mainImage\",\"width\":800,\"height\":800},\"primaryImageOfPage\":{\"@id\":\"https:\\\/\\\/www.rucashk.com\\\/es\\\/producto\\\/ninebot-dirt-bike-wholesale\\\/#mainImage\"},\"datePublished\":\"2024-01-09T16:03:29+00:00\",\"dateModified\":\"2024-03-13T06:19:23+00:00\"},{\"@type\":\"WebSite\",\"@id\":\"https:\\\/\\\/www.rucashk.com\\\/es\\\/#website\",\"url\":\"https:\\\/\\\/www.rucashk.com\\\/es\\\/\",\"name\":\"Rucas - Wholesale and distribution worldwide\",\"alternateName\":\"Rucas - One-stop AIoT Distribution Worldwide\",\"description\":\"One-stop AIoT Distribution Worldwide\",\"inLanguage\":\"es-ES\",\"publisher\":{\"@id\":\"https:\\\/\\\/www.rucashk.com\\\/es\\\/#organization\"}}]}\n\t\t<\/script>\n\t\t<!-- All in One SEO Pro -->\r\n\t\t<title>Ninebot Dirt Bike Wholesale - Rucas - Wholesale and Distribution<\/title>\n\n","aioseo_head_json":{"title":"Ninebot Dirt Bike Wholesale - Rucas - Wholesale and Distribution","description":"Segway Dirt eBike is an eco-friendly electric-powered dirt bike that has superior off-road performance. Built to be a performance electric dirt bike for all user types, Segway Dirt eBike is compact, lightweight, affordable, easy to maintain, learn and master. The Segway Dirt eBike makes it possible for more people than ever to participate in exciting off-road adventures that they could only dream of before.","canonical_url":"https:\/\/www.rucashk.com\/es\/producto\/ninebot-dirt-bike-wholesale\/","robots":"max-image-preview:large","keywords":"","webmasterTools":{"miscellaneous":""},"og:locale":"es_ES","og:site_name":"Rucas - One-stop AIoT Distribution Worldwide","og:type":"article","og:title":"Ninebot Dirt Bike Wholesale - Rucas - Wholesale and Distribution","og:description":"Segway Dirt eBike is an eco-friendly electric-powered dirt bike that has superior off-road performance. Built to be a performance electric dirt bike for all user types, Segway Dirt eBike is compact, lightweight, affordable, easy to maintain, learn and master. The Segway Dirt eBike makes it possible for more people than ever to participate in exciting off-road adventures that they could only dream of before.","og:url":"https:\/\/www.rucashk.com\/es\/producto\/ninebot-dirt-bike-wholesale\/","og:image":"https:\/\/www.rucashk.com\/wp-content\/uploads\/replace\/503b8e645f128a97ccde2b6290747646.jpeg","og:image:secure_url":"https:\/\/www.rucashk.com\/wp-content\/uploads\/replace\/503b8e645f128a97ccde2b6290747646.jpeg","og:image:width":1456,"og:image:height":816,"article:published_time":"2024-01-09T16:03:29+00:00","article:modified_time":"2024-03-13T06:19:23+00:00","twitter:card":"summary_large_image","twitter:title":"Ninebot Dirt Bike Wholesale - Rucas - Wholesale and Distribution","twitter:description":"Segway Dirt eBike is an eco-friendly electric-powered dirt bike that has superior off-road performance. Built to be a performance electric dirt bike for all user types, Segway Dirt eBike is compact, lightweight, affordable, easy to maintain, learn and master. The Segway Dirt eBike makes it possible for more people than ever to participate in exciting off-road adventures that they could only dream of before.","twitter:image":"https:\/\/www.rucashk.com\/wp-content\/uploads\/replace\/503b8e645f128a97ccde2b6290747646.jpeg","schema":{"@context":"https:\/\/schema.org","@graph":[{"@type":"BreadcrumbList","@id":"https:\/\/www.rucashk.com\/es\/producto\/ninebot-dirt-bike-wholesale\/#breadcrumblist","itemListElement":[{"@type":"ListItem","@id":"https:\/\/www.rucashk.com\/es\/#listItem","position":1,"name":"Home","item":"https:\/\/www.rucashk.com\/es\/","nextItem":"https:\/\/www.rucashk.com\/es\/producto\/ninebot-dirt-bike-wholesale\/#listItem"},{"@type":"ListItem","@id":"https:\/\/www.rucashk.com\/es\/producto\/ninebot-dirt-bike-wholesale\/#listItem","position":2,"name":"Ninebot\u00a0Dirt Bike Wholesale","previousItem":"https:\/\/www.rucashk.com\/es\/#listItem"}]},{"@type":"Organization","@id":"https:\/\/www.rucashk.com\/es\/#organization","name":"Rucas","url":"https:\/\/www.rucashk.com\/es\/","logo":{"@type":"ImageObject","url":"https:\/\/www.rucashk.com\/wp-content\/uploads\/2023\/12\/Rucas_campany_logo.png","@id":"https:\/\/www.rucashk.com\/es\/producto\/ninebot-dirt-bike-wholesale\/#organizationLogo","width":221,"height":65},"image":{"@id":"https:\/\/www.rucashk.com\/es\/#organizationLogo"}},{"@type":"Person","@id":"https:\/\/www.rucashk.com\/es\/author\/admin\/#author","url":"https:\/\/www.rucashk.com\/es\/author\/admin\/","name":"admin","image":{"@type":"ImageObject","@id":"https:\/\/www.rucashk.com\/es\/producto\/ninebot-dirt-bike-wholesale\/#authorImage","url":"https:\/\/secure.gravatar.com\/avatar\/b7c8925b09a27e72b30232f8ecaadbd5af0f70a38c78096863fe51b64f031c24?s=96&d=mm&r=g","width":96,"height":96,"caption":"admin"}},{"@type":"WebPage","@id":"https:\/\/www.rucashk.com\/es\/producto\/ninebot-dirt-bike-wholesale\/#webpage","url":"https:\/\/www.rucashk.com\/es\/producto\/ninebot-dirt-bike-wholesale\/","name":"Ninebot Dirt Bike Wholesale - Rucas - Wholesale and Distribution","description":"Segway Dirt eBike is an eco-friendly electric-powered dirt bike that has superior off-road performance. Built to be a performance electric dirt bike for all user types, Segway Dirt eBike is compact, lightweight, affordable, easy to maintain, learn and master. The Segway Dirt eBike makes it possible for more people than ever to participate in exciting off-road adventures that they could only dream of before.","inLanguage":"es-ES","isPartOf":{"@id":"https:\/\/www.rucashk.com\/es\/#website"},"breadcrumb":{"@id":"https:\/\/www.rucashk.com\/es\/producto\/ninebot-dirt-bike-wholesale\/#breadcrumblist"},"author":{"@id":"https:\/\/www.rucashk.com\/es\/author\/admin\/#author"},"creator":{"@id":"https:\/\/www.rucashk.com\/es\/author\/admin\/#author"},"image":{"@type":"ImageObject","url":"https:\/\/www.rucashk.com\/wp-content\/uploads\/2024\/01\/1_\u526f\u672c-18-1.jpg","@id":"https:\/\/www.rucashk.com\/es\/producto\/ninebot-dirt-bike-wholesale\/#mainImage","width":800,"height":800},"primaryImageOfPage":{"@id":"https:\/\/www.rucashk.com\/es\/producto\/ninebot-dirt-bike-wholesale\/#mainImage"},"datePublished":"2024-01-09T16:03:29+00:00","dateModified":"2024-03-13T06:19:23+00:00"},{"@type":"WebSite","@id":"https:\/\/www.rucashk.com\/es\/#website","url":"https:\/\/www.rucashk.com\/es\/","name":"Rucas - Wholesale and distribution worldwide","alternateName":"Rucas - One-stop AIoT Distribution Worldwide","description":"One-stop AIoT Distribution Worldwide","inLanguage":"es-ES","publisher":{"@id":"https:\/\/www.rucashk.com\/es\/#organization"}}]}},"aioseo_meta_data":{"post_id":"24319","title":null,"description":null,"keywords":null,"keyphrases":null,"primary_term":null,"canonical_url":null,"og_title":null,"og_description":null,"og_object_type":"default","og_image_type":"default","og_image_url":null,"og_image_width":null,"og_image_height":null,"og_image_custom_url":null,"og_image_custom_fields":null,"og_video":null,"og_custom_url":null,"og_article_section":null,"og_article_tags":null,"twitter_use_og":false,"twitter_card":"default","twitter_image_type":"default","twitter_image_url":null,"twitter_image_custom_url":null,"twitter_image_custom_fields":null,"twitter_title":null,"twitter_description":null,"schema":{"blockGraphs":[],"customGraphs":[],"default":{"data":{"Article":[],"Course":[],"Dataset":[],"FAQPage":[],"Movie":[],"Person":[],"Product":[],"Recipe":[],"Service":[],"SoftwareApplication":[],"WebPage":[]},"graphName":"","isEnabled":true},"graphs":[]},"schema_type":"default","schema_type_options":null,"pillar_content":false,"robots_default":true,"robots_noindex":false,"robots_noarchive":false,"robots_nosnippet":false,"robots_nofollow":false,"robots_noimageindex":false,"robots_noodp":false,"robots_notranslate":false,"robots_max_snippet":null,"robots_max_videopreview":null,"robots_max_imagepreview":"large","priority":null,"frequency":null,"local_seo":null,"breadcrumb_settings":null,"limit_modified_date":false,"created":"2024-04-11 01:57:11","updated":"2025-06-22 17:28:05"},"aioseo_breadcrumb":"<div class=\"aioseo-breadcrumbs\"><span class=\"aioseo-breadcrumb\">\n\t<a href=\"https:\/\/www.rucashk.com\/es\" title=\"Home\">Home<\/a>\n<\/span><span class=\"aioseo-breadcrumb-separator\">&raquo;<\/span><span class=\"aioseo-breadcrumb\">\n\t<a href=\"https:\/\/www.rucashk.com\/es\/products\/\" title=\"Productos\">Productos<\/a>\n<\/span><span class=\"aioseo-breadcrumb-separator\">&raquo;<\/span><span class=\"aioseo-breadcrumb\">\n\t<a href=\"https:\/\/www.rucashk.com\/es\/categoria-producto\/xiaomi-eco\/\" title=\"Xiaomi Eco\">Xiaomi Eco<\/a>\n<\/span><span class=\"aioseo-breadcrumb-separator\">&raquo;<\/span><span class=\"aioseo-breadcrumb\">\n\t<a href=\"https:\/\/www.rucashk.com\/es\/categoria-producto\/xiaomi-eco\/sports\/\" title=\"Sports\">Sports<\/a>\n<\/span><span class=\"aioseo-breadcrumb-separator\">&raquo;<\/span><span class=\"aioseo-breadcrumb\">\n\tNinebot\u00a0Dirt Bike Wholesale\n<\/span><\/div>","aioseo_breadcrumb_json":[{"label":"Home","link":"https:\/\/www.rucashk.com\/es"},{"label":"Productos","link":"https:\/\/www.rucashk.com\/es\/products\/"},{"label":"Xiaomi Eco","link":"https:\/\/www.rucashk.com\/es\/categoria-producto\/xiaomi-eco\/"},{"label":"Sports","link":"https:\/\/www.rucashk.com\/es\/categoria-producto\/xiaomi-eco\/sports\/"},{"label":"Ninebot\u00a0Dirt Bike Wholesale","link":"https:\/\/www.rucashk.com\/es\/producto\/ninebot-dirt-bike-wholesale\/"}],"_links":{"self":[{"href":"https:\/\/www.rucashk.com\/es\/wp-json\/wp\/v2\/product\/24319","targetHints":{"allow":["GET"]}}],"collection":[{"href":"https:\/\/www.rucashk.com\/es\/wp-json\/wp\/v2\/product"}],"about":[{"href":"https:\/\/www.rucashk.com\/es\/wp-json\/wp\/v2\/types\/product"}],"wp:featuredmedia":[{"embeddable":true,"href":"https:\/\/www.rucashk.com\/es\/wp-json\/wp\/v2\/media\/24465"}],"wp:attachment":[{"href":"https:\/\/www.rucashk.com\/es\/wp-json\/wp\/v2\/media?parent=24319"}],"wp:term":[{"taxonomy":"product_brand","embeddable":true,"href":"https:\/\/www.rucashk.com\/es\/wp-json\/wp\/v2\/product_brand?post=24319"},{"taxonomy":"product_cat","embeddable":true,"href":"https:\/\/www.rucashk.com\/es\/wp-json\/wp\/v2\/product_cat?post=24319"},{"taxonomy":"product_tag","embeddable":true,"href":"https:\/\/www.rucashk.com\/es\/wp-json\/wp\/v2\/product_tag?post=24319"}],"curies":[{"name":"wp","href":"https:\/\/api.w.org\/{rel}","templated":true}]}}