{"id":24318,"date":"2024-01-09T16:03:29","date_gmt":"2024-01-09T16:03:29","guid":{"rendered":"http:\/\/rucashk.com\/?post_type=product&#038;p=24318"},"modified":"2024-03-12T07:39:18","modified_gmt":"2024-03-12T07:39:18","slug":"irobot-roomba-675-sweeping-robot-wholesale-2","status":"publish","type":"product","link":"https:\/\/www.rucashk.com\/es\/producto\/irobot-roomba-675-sweeping-robot-wholesale-2\/","title":{"rendered":"Robot de barrido iRobot Roomba 675 al por mayor"},"content":{"rendered":"<p><img fetchpriority=\"high\" decoding=\"async\" class=\"wp-image-20465 size-full aligncenter\" src=\"\/wp-content\/uploads\/replace\/63bf7833a610ff9e45f35813ea48e9a3.jpeg\" alt=\"iRobot Roomba 675 Sweeping Robot \" width=\"1458\" height=\"470\" \/><\/p>\n<div class=\"celwidget aplus-module premium-module-13-carousel\" data-csa-c-id=\"ppxr0b-gg1qxf-ufd2ay-xxhhlm\" data-cel-widget=\"aplus-premium-module-13-carousel\">\n<div class=\"a-section a-spacing-none premium-aplus premium-aplus-module-13\">\n<div class=\"a-section a-spacing-none aplus-carousel-container\">\n<div id=\"premium-aplus-13-carousel-2-id\" class=\"a-begin a-carousel-container a-carousel-display-single a-carousel-transition-slideCircular a-carousel-initialized\" data-a-carousel-options=\"{&quot;peek_percentage&quot;:0,&quot;minimum_gutter_width&quot;:0,&quot;show_partial_next&quot;:false,&quot;name&quot;:&quot;premium-aplus-13-carousel-2&quot;}\" data-a-display-strategy=\"single\" data-a-transition-strategy=\"slideCircular\">\n<div class=\"a-row a-carousel-controls a-carousel-row a-carousel-has-buttons a-carousel-overlay-buttons a-carousel-rounded-buttons\">\n<div class=\"a-carousel-row-inner\">\n<div class=\"a-carousel-col a-carousel-center\">\n<div id=\"anonCarousel4\" class=\"a-carousel-viewport\">\n<div class=\"a-section a-spacing-none aplus-card-image\"><img decoding=\"async\" class=\"aligncenter\" src=\"\/wp-content\/uploads\/replace\/b431a272871af77883e57ef532ff7771.jpeg\" alt=\"iRobot Roomba 675 Sweeping Robot \" width=\"1464\" height=\"600\" \/><\/div>\n<div class=\"a-section a-spacing-none aplus-card-image\"><img decoding=\"async\" class=\"aligncenter\" src=\"\/wp-content\/uploads\/replace\/cae380c430f907d7cd69cd7497bc2dd0.jpeg\" alt=\"iRobot Roomba 675 Sweeping Robot\" width=\"1464\" height=\"600\" \/><\/div>\n<div class=\"a-section a-spacing-none aplus-card-image\"><img loading=\"lazy\" decoding=\"async\" class=\"aligncenter\" src=\"\/wp-content\/uploads\/replace\/635dec220f597e5e463dfa028d95e0f5.jpeg\" alt=\"iRobot Roomba 675 Sweeping Robot \" width=\"1464\" height=\"600\" \/><img loading=\"lazy\" decoding=\"async\" class=\"aligncenter\" src=\"\/wp-content\/uploads\/replace\/4f25628a1459c533f888e1b44db4bd93.jpeg\" alt=\"iRobot Roomba 675 Sweeping Robot\" width=\"1464\" height=\"600\" \/><\/div>\n<\/div>\n<\/div>\n<\/div>\n<\/div>\n<\/div>\n<div class=\"a-section a-spacing-none aplus-pagination-wrapper\">\n<div class=\"aplus-mantle aplus-module\">\n<div class=\"aplus-carousel-nav\"><\/div>\n<\/div>\n<\/div>\n<\/div>\n<div class=\"a-section a-text-center\"><\/div>\n<\/div>\n<\/div>\n<div class=\"celwidget aplus-module premium-module-10-hotspot-plain-image\" data-csa-c-id=\"uzsq3s-q8pioy-vnh30l-cqcp33\" data-cel-widget=\"aplus-premium-module-10-hotspot-plain-image\">\n<div class=\"a-section a-spacing-none premium-aplus premium-aplus-module-10\">\n<p><img loading=\"lazy\" decoding=\"async\" class=\"aligncenter\" src=\"\/wp-content\/uploads\/replace\/deef3af9682f9c7748afa800f84530d5.jpeg\" alt=\"iRobot Roomba 675 Sweeping Robot \" width=\"1464\" height=\"600\" data-src=\"\/wp-content\/uploads\/replace\/deef3af9682f9c7748afa800f84530d5.jpeg\" \/><\/p>\n<div class=\"hover-wrapper\"><\/div>\n<\/div>\n<\/div>\n<div class=\"celwidget aplus-module premium-module-2-fullbackground-image\" data-csa-c-id=\"ilx0g-mofb9c-h2id3x-i3shba\" data-cel-widget=\"aplus-premium-module-2-fullbackground-image\">\n<div class=\"a-section a-spacing-none premium-aplus premium-aplus-module-2\">\n<div class=\"a-section a-spacing-none premium-background-wrapper\">\n<div class=\"a-section a-spacing-none background-image\" role=\"img\">\n<p><img loading=\"lazy\" decoding=\"async\" class=\"aligncenter\" src=\"\/wp-content\/uploads\/replace\/5f456055c5ed3af3b7d79fedb3291fc2.jpeg\" alt=\"iRobot Roomba 675 Sweeping Robot \" width=\"1464\" height=\"600\" data-src=\"\/wp-content\/uploads\/replace\/5f456055c5ed3af3b7d79fedb3291fc2.jpeg\" \/><\/p>\n<div id=\"dpx-product-description_feature_div\">\n<div id=\"descriptionAndDetails\" class=\"a-section a-spacing-extra-large\">\n<div id=\"productDescription_feature_div\" class=\"celwidget\" data-feature-name=\"productDescription\" data-csa-c-id=\"v4lafa-epp50n-eluu58-406yvz\" data-cel-widget=\"productDescription_feature_div\">\n<div id=\"productDescription_feature_div\" class=\"a-row feature\" data-feature-name=\"productDescription\" data-template-name=\"productDescription\" data-cel-widget=\"productDescription_feature_div\">\n<h2 class=\"default\">Descripci\u00f3n del Producto<\/h2>\n<div id=\"productDescription\" class=\"a-section a-spacing-small\">\n<div class=\"disclaim\">Nombre de estilo:<strong>Roomba 675<\/strong><\/div>\n<p>Con\u00e9ctate para limpiar desde cualquier lugar con el robot aspirador Roomba 675. El sistema de limpieza patentado de 3 etapas est\u00e1 especialmente dise\u00f1ado para aflojar, levantar y aspirar todo, desde part\u00edculas peque\u00f1as hasta residuos grandes de alfombras y pisos duros. Simplemente presione Limpiar o programe Roomba mientras viaja con la aplicaci\u00f3n iRobot HOME.<\/p>\n<\/div>\n<h2><\/h2>\n<h2><strong>Informaci\u00f3n del Producto<\/strong><\/h2>\n<p>Nombre de estilo:<strong>Roomba 675<\/strong><\/p>\n<table width=\"0\">\n<tbody>\n<tr>\n<td width=\"352\">Dimensiones del producto<\/td>\n<td>13,4 x 13,4 x 3,54 pulgadas<\/td>\n<\/tr>\n<tr>\n<td width=\"352\">Peso del art\u00edculo<\/td>\n<td>6,77 libras<\/td>\n<\/tr>\n<tr>\n<td width=\"352\">Fabricante<\/td>\n<td>Yo robot<\/td>\n<\/tr>\n<tr>\n<td width=\"352\">COMO EN<\/td>\n<td>B07DL4QY5V<\/td>\n<\/tr>\n<tr>\n<td width=\"352\">N\u00famero de modelo del art\u00edculo<\/td>\n<td>R675020<\/td>\n<\/tr>\n<tr>\n<td width=\"352\">Bater\u00edas<\/td>\n<td>Se requieren 1 bater\u00eda de pol\u00edmero de litio. (incluido)<\/td>\n<\/tr>\n<tr>\n<td width=\"352\">Est\u00e1 descontinuado por el fabricante.<\/td>\n<td>No<\/td>\n<\/tr>\n<tr>\n<td width=\"352\">Peso del art\u00edculo<\/td>\n<td>6,77 libras<\/td>\n<\/tr>\n<tr>\n<td width=\"352\">Volumen<\/td>\n<td>3,07 mililitros<\/td>\n<\/tr>\n<tr>\n<td width=\"352\">Bater\u00edas requeridas<\/td>\n<td>S\u00ed<\/td>\n<\/tr>\n<tr>\n<td width=\"352\">Componentes incluidos<\/td>\n<td>Gu\u00eda del propietario, 1 estaci\u00f3n de carga Home Base\u00ae, 1 cable de l\u00ednea norteamericano, paquete de documentaci\u00f3n, 1 robot aspirador Roomba\u00ae 675 con conectividad Wi-Fi\u00ae<\/td>\n<\/tr>\n<\/tbody>\n<\/table>\n<h2>Principales caracter\u00edsticas<\/h2>\n<ul class=\"a-unordered-list a-vertical a-spacing-mini\">\n<li><span class=\"a-list-item\">El sistema de limpieza de 3 etapas afloja, levanta y aspira la suciedad, el polvo y el cabello de pisos duros y alfombras.<\/span><\/li>\n<li><span class=\"a-list-item\">Los cepillos duales para m\u00faltiples superficies trabajan juntos para atrapar el polvo, la suciedad y los desechos grandes; El cabezal de limpieza Auto Adjust adapta autom\u00e1ticamente su altura para limpiar eficazmente tanto alfombras como suelos duros.<\/span><\/li>\n<li><span class=\"a-list-item\">Los sensores patentados Dirt Detect alertan a Roomba para que trabaje m\u00e1s en \u00e1reas concentradas de suciedad, como las zonas de alto tr\u00e1fico de su hogar.<\/span><\/li>\n<li><span class=\"a-list-item\">Un conjunto completo de sensores navega de manera inteligente por el robot debajo y alrededor de objetos y debajo de muebles para ayudar a limpiar a fondo sus pisos.<\/span><\/li>\n<li><span class=\"a-list-item\">El cepillo para barrer bordes est\u00e1 especialmente dise\u00f1ado en un \u00e1ngulo de 27 grados para barrer los residuos de los bordes y esquinas.<\/span><\/li>\n<li><span class=\"a-list-item\">Con\u00e9ctese y programe desde cualquier lugar; Utilice los comandos de voz de Alexa o Google Assistant para controlar la limpieza; Utilice la aplicaci\u00f3n iRobot HOME para programar y monitorear sesiones de limpieza<\/span><\/li>\n<li><span class=\"a-list-item\">Funciona hasta 90 minutos antes de acoplarse y recargarse autom\u00e1ticamente<\/span><\/li>\n<\/ul>\n<div class=\"a-row a-expander-container a-expander-inline-container\">\n<div class=\"a-expander-content a-expander-extend-content a-expander-content-expanded\">\n<ul class=\"a-unordered-list a-vertical a-spacing-none\">\n<li><span class=\"a-list-item\">Con conexi\u00f3n Wi-Fi Roomba Essentials, navegaci\u00f3n inteligente, cabezal de limpieza con ajuste autom\u00e1tico, funciona en alfombras y pisos duros<\/span><\/li>\n<li><span class=\"a-list-item\">Contenido de la caja: 1 robot aspirador Roomba 675 con conectividad Wi Fi, 1 estaci\u00f3n de carga Home Base, 1 cable de l\u00ednea norteamericano, filtro adicional, gu\u00eda del propietario, paquete de documentaci\u00f3n<\/span><\/li>\n<li><span class=\"a-list-item\">iRobot no certifica la calidad o autenticidad de los productos comprados a revendedores no autorizados en Amazon y no cubrir\u00e1 reclamaciones, brindar\u00e1 servicios ni ofrecer\u00e1 reemplazos para los productos comprados a estos vendedores.<\/span><\/li>\n<\/ul>\n<\/div>\n<\/div>\n<\/div>\n<\/div>\n<\/div>\n<\/div>\n<\/div>\n<\/div>\n<\/div>\n<\/div>","protected":false},"excerpt":{"rendered":"<p><strong>Caracter\u00edstica:<\/strong><\/p>\n<ul>\n<li>Afloja, levanta y succiona<\/li>\n<li>Suciedad, conoce a tu pareja<\/li>\n<li>Con\u00e9ctate desde cualquier lugar<\/li>\n<li>Siempre listo para limpiar<\/li>\n<\/ul>","protected":false},"featured_media":24460,"template":"","meta":[],"product_brand":[],"product_cat":[1322],"product_tag":[1065],"class_list":{"0":"post-24318","1":"product","2":"type-product","3":"status-publish","4":"has-post-thumbnail","6":"product_cat-other-a-brands","7":"product_tag-irobot-roomba-675","9":"first","10":"instock","11":"shipping-taxable","12":"product-type-external"},"aioseo_notices":[],"aioseo_head":"\n\t\t<!-- All in One SEO Pro 4.5.9.2 - aioseo.com -->\n\t\t<meta name=\"description\" content=\"Feature\uff1a Loosen, lifts &amp; suctions Dirt, meet your match Connect from anywhere Always ready to clean\" \/>\n\t\t<meta name=\"robots\" content=\"max-image-preview:large\" \/>\n\t\t<link rel=\"canonical\" href=\"https:\/\/www.rucashk.com\/es\/producto\/irobot-roomba-675-sweeping-robot-wholesale-2\/\" \/>\n\t\t<meta name=\"generator\" content=\"All in One SEO Pro (AIOSEO) 4.5.9.2\" \/>\n\t\t<meta property=\"og:locale\" content=\"es_ES\" \/>\n\t\t<meta property=\"og:site_name\" content=\"Rucas - One-stop AIoT Distribution Worldwide\" \/>\n\t\t<meta property=\"og:type\" content=\"article\" \/>\n\t\t<meta property=\"og:title\" content=\"iRobot Roomba 675 Sweeping Robot Wholesale - Rucas - Wholesale and Distribution\" \/>\n\t\t<meta property=\"og:description\" content=\"Feature\uff1a Loosen, lifts &amp; suctions Dirt, meet your match Connect from anywhere Always ready to clean\" \/>\n\t\t<meta property=\"og:url\" content=\"https:\/\/www.rucashk.com\/es\/producto\/irobot-roomba-675-sweeping-robot-wholesale-2\/\" \/>\n\t\t<meta property=\"og:image\" content=\"https:\/\/www.rucashk.com\/wp-content\/uploads\/replace\/503b8e645f128a97ccde2b6290747646.jpeg\" \/>\n\t\t<meta property=\"og:image:secure_url\" content=\"https:\/\/www.rucashk.com\/wp-content\/uploads\/replace\/503b8e645f128a97ccde2b6290747646.jpeg\" \/>\n\t\t<meta property=\"og:image:width\" content=\"1456\" \/>\n\t\t<meta property=\"og:image:height\" content=\"816\" \/>\n\t\t<meta property=\"article:published_time\" content=\"2024-01-09T16:03:29+00:00\" \/>\n\t\t<meta property=\"article:modified_time\" content=\"2024-03-12T07:39:18+00:00\" \/>\n\t\t<meta name=\"twitter:card\" content=\"summary_large_image\" \/>\n\t\t<meta name=\"twitter:title\" content=\"iRobot Roomba 675 Sweeping Robot Wholesale - Rucas - Wholesale and Distribution\" \/>\n\t\t<meta name=\"twitter:description\" content=\"Feature\uff1a Loosen, lifts &amp; suctions Dirt, meet your match Connect from anywhere Always ready to clean\" \/>\n\t\t<meta name=\"twitter:image\" content=\"https:\/\/www.rucashk.com\/wp-content\/uploads\/replace\/503b8e645f128a97ccde2b6290747646.jpeg\" \/>\n\t\t<script type=\"application\/ld+json\" class=\"aioseo-schema\">\n\t\t\t{\"@context\":\"https:\\\/\\\/schema.org\",\"@graph\":[{\"@type\":\"BreadcrumbList\",\"@id\":\"https:\\\/\\\/www.rucashk.com\\\/es\\\/producto\\\/irobot-roomba-675-sweeping-robot-wholesale-2\\\/#breadcrumblist\",\"itemListElement\":[{\"@type\":\"ListItem\",\"@id\":\"https:\\\/\\\/www.rucashk.com\\\/es\\\/#listItem\",\"position\":1,\"name\":\"Home\",\"item\":\"https:\\\/\\\/www.rucashk.com\\\/es\\\/\",\"nextItem\":\"https:\\\/\\\/www.rucashk.com\\\/es\\\/producto\\\/irobot-roomba-675-sweeping-robot-wholesale-2\\\/#listItem\"},{\"@type\":\"ListItem\",\"@id\":\"https:\\\/\\\/www.rucashk.com\\\/es\\\/producto\\\/irobot-roomba-675-sweeping-robot-wholesale-2\\\/#listItem\",\"position\":2,\"name\":\"iRobot Roomba 675 Sweeping Robot Wholesale\",\"previousItem\":\"https:\\\/\\\/www.rucashk.com\\\/es\\\/#listItem\"}]},{\"@type\":\"Organization\",\"@id\":\"https:\\\/\\\/www.rucashk.com\\\/es\\\/#organization\",\"name\":\"Rucas\",\"url\":\"https:\\\/\\\/www.rucashk.com\\\/es\\\/\",\"logo\":{\"@type\":\"ImageObject\",\"url\":\"https:\\\/\\\/www.rucashk.com\\\/wp-content\\\/uploads\\\/2023\\\/12\\\/Rucas_campany_logo.png\",\"@id\":\"https:\\\/\\\/www.rucashk.com\\\/es\\\/producto\\\/irobot-roomba-675-sweeping-robot-wholesale-2\\\/#organizationLogo\",\"width\":221,\"height\":65},\"image\":{\"@id\":\"https:\\\/\\\/www.rucashk.com\\\/es\\\/#organizationLogo\"}},{\"@type\":\"Person\",\"@id\":\"https:\\\/\\\/www.rucashk.com\\\/es\\\/author\\\/admin\\\/#author\",\"url\":\"https:\\\/\\\/www.rucashk.com\\\/es\\\/author\\\/admin\\\/\",\"name\":\"admin\",\"image\":{\"@type\":\"ImageObject\",\"@id\":\"https:\\\/\\\/www.rucashk.com\\\/es\\\/producto\\\/irobot-roomba-675-sweeping-robot-wholesale-2\\\/#authorImage\",\"url\":\"https:\\\/\\\/secure.gravatar.com\\\/avatar\\\/b7c8925b09a27e72b30232f8ecaadbd5af0f70a38c78096863fe51b64f031c24?s=96&d=mm&r=g\",\"width\":96,\"height\":96,\"caption\":\"admin\"}},{\"@type\":\"WebPage\",\"@id\":\"https:\\\/\\\/www.rucashk.com\\\/es\\\/producto\\\/irobot-roomba-675-sweeping-robot-wholesale-2\\\/#webpage\",\"url\":\"https:\\\/\\\/www.rucashk.com\\\/es\\\/producto\\\/irobot-roomba-675-sweeping-robot-wholesale-2\\\/\",\"name\":\"iRobot Roomba 675 Sweeping Robot Wholesale - Rucas - Wholesale and Distribution\",\"description\":\"Feature\\uff1a Loosen, lifts & suctions Dirt, meet your match Connect from anywhere Always ready to clean\",\"inLanguage\":\"es-ES\",\"isPartOf\":{\"@id\":\"https:\\\/\\\/www.rucashk.com\\\/es\\\/#website\"},\"breadcrumb\":{\"@id\":\"https:\\\/\\\/www.rucashk.com\\\/es\\\/producto\\\/irobot-roomba-675-sweeping-robot-wholesale-2\\\/#breadcrumblist\"},\"author\":{\"@id\":\"https:\\\/\\\/www.rucashk.com\\\/es\\\/author\\\/admin\\\/#author\"},\"creator\":{\"@id\":\"https:\\\/\\\/www.rucashk.com\\\/es\\\/author\\\/admin\\\/#author\"},\"image\":{\"@type\":\"ImageObject\",\"url\":\"https:\\\/\\\/www.rucashk.com\\\/wp-content\\\/uploads\\\/2024\\\/01\\\/iRobot-Roomba-675.jpg\",\"@id\":\"https:\\\/\\\/www.rucashk.com\\\/es\\\/producto\\\/irobot-roomba-675-sweeping-robot-wholesale-2\\\/#mainImage\",\"width\":800,\"height\":800},\"primaryImageOfPage\":{\"@id\":\"https:\\\/\\\/www.rucashk.com\\\/es\\\/producto\\\/irobot-roomba-675-sweeping-robot-wholesale-2\\\/#mainImage\"},\"datePublished\":\"2024-01-09T16:03:29+00:00\",\"dateModified\":\"2024-03-12T07:39:18+00:00\"},{\"@type\":\"WebSite\",\"@id\":\"https:\\\/\\\/www.rucashk.com\\\/es\\\/#website\",\"url\":\"https:\\\/\\\/www.rucashk.com\\\/es\\\/\",\"name\":\"Rucas - Wholesale and distribution worldwide\",\"alternateName\":\"Rucas - One-stop AIoT Distribution Worldwide\",\"description\":\"One-stop AIoT Distribution Worldwide\",\"inLanguage\":\"es-ES\",\"publisher\":{\"@id\":\"https:\\\/\\\/www.rucashk.com\\\/es\\\/#organization\"}}]}\n\t\t<\/script>\n\t\t<!-- All in One SEO Pro -->\r\n\t\t<title>iRobot Roomba 675 Sweeping Robot Wholesale - Rucas - Wholesale and Distribution<\/title>\n\n","aioseo_head_json":{"title":"iRobot Roomba 675 Sweeping Robot Wholesale - Rucas - Wholesale and Distribution","description":"Feature\uff1a Loosen, lifts & suctions Dirt, meet your match Connect from anywhere Always ready to clean","canonical_url":"https:\/\/www.rucashk.com\/es\/producto\/irobot-roomba-675-sweeping-robot-wholesale-2\/","robots":"max-image-preview:large","keywords":"","webmasterTools":{"miscellaneous":""},"og:locale":"es_ES","og:site_name":"Rucas - One-stop AIoT Distribution Worldwide","og:type":"article","og:title":"iRobot Roomba 675 Sweeping Robot Wholesale - Rucas - Wholesale and Distribution","og:description":"Feature\uff1a Loosen, lifts &amp; suctions Dirt, meet your match Connect from anywhere Always ready to clean","og:url":"https:\/\/www.rucashk.com\/es\/producto\/irobot-roomba-675-sweeping-robot-wholesale-2\/","og:image":"https:\/\/www.rucashk.com\/wp-content\/uploads\/replace\/503b8e645f128a97ccde2b6290747646.jpeg","og:image:secure_url":"https:\/\/www.rucashk.com\/wp-content\/uploads\/replace\/503b8e645f128a97ccde2b6290747646.jpeg","og:image:width":1456,"og:image:height":816,"article:published_time":"2024-01-09T16:03:29+00:00","article:modified_time":"2024-03-12T07:39:18+00:00","twitter:card":"summary_large_image","twitter:title":"iRobot Roomba 675 Sweeping Robot Wholesale - Rucas - Wholesale and Distribution","twitter:description":"Feature\uff1a Loosen, lifts &amp; suctions Dirt, meet your match Connect from anywhere Always ready to clean","twitter:image":"https:\/\/www.rucashk.com\/wp-content\/uploads\/replace\/503b8e645f128a97ccde2b6290747646.jpeg","schema":{"@context":"https:\/\/schema.org","@graph":[{"@type":"BreadcrumbList","@id":"https:\/\/www.rucashk.com\/es\/producto\/irobot-roomba-675-sweeping-robot-wholesale-2\/#breadcrumblist","itemListElement":[{"@type":"ListItem","@id":"https:\/\/www.rucashk.com\/es\/#listItem","position":1,"name":"Home","item":"https:\/\/www.rucashk.com\/es\/","nextItem":"https:\/\/www.rucashk.com\/es\/producto\/irobot-roomba-675-sweeping-robot-wholesale-2\/#listItem"},{"@type":"ListItem","@id":"https:\/\/www.rucashk.com\/es\/producto\/irobot-roomba-675-sweeping-robot-wholesale-2\/#listItem","position":2,"name":"iRobot Roomba 675 Sweeping Robot Wholesale","previousItem":"https:\/\/www.rucashk.com\/es\/#listItem"}]},{"@type":"Organization","@id":"https:\/\/www.rucashk.com\/es\/#organization","name":"Rucas","url":"https:\/\/www.rucashk.com\/es\/","logo":{"@type":"ImageObject","url":"https:\/\/www.rucashk.com\/wp-content\/uploads\/2023\/12\/Rucas_campany_logo.png","@id":"https:\/\/www.rucashk.com\/es\/producto\/irobot-roomba-675-sweeping-robot-wholesale-2\/#organizationLogo","width":221,"height":65},"image":{"@id":"https:\/\/www.rucashk.com\/es\/#organizationLogo"}},{"@type":"Person","@id":"https:\/\/www.rucashk.com\/es\/author\/admin\/#author","url":"https:\/\/www.rucashk.com\/es\/author\/admin\/","name":"admin","image":{"@type":"ImageObject","@id":"https:\/\/www.rucashk.com\/es\/producto\/irobot-roomba-675-sweeping-robot-wholesale-2\/#authorImage","url":"https:\/\/secure.gravatar.com\/avatar\/b7c8925b09a27e72b30232f8ecaadbd5af0f70a38c78096863fe51b64f031c24?s=96&d=mm&r=g","width":96,"height":96,"caption":"admin"}},{"@type":"WebPage","@id":"https:\/\/www.rucashk.com\/es\/producto\/irobot-roomba-675-sweeping-robot-wholesale-2\/#webpage","url":"https:\/\/www.rucashk.com\/es\/producto\/irobot-roomba-675-sweeping-robot-wholesale-2\/","name":"iRobot Roomba 675 Sweeping Robot Wholesale - Rucas - Wholesale and Distribution","description":"Feature\uff1a Loosen, lifts & suctions Dirt, meet your match Connect from anywhere Always ready to clean","inLanguage":"es-ES","isPartOf":{"@id":"https:\/\/www.rucashk.com\/es\/#website"},"breadcrumb":{"@id":"https:\/\/www.rucashk.com\/es\/producto\/irobot-roomba-675-sweeping-robot-wholesale-2\/#breadcrumblist"},"author":{"@id":"https:\/\/www.rucashk.com\/es\/author\/admin\/#author"},"creator":{"@id":"https:\/\/www.rucashk.com\/es\/author\/admin\/#author"},"image":{"@type":"ImageObject","url":"https:\/\/www.rucashk.com\/wp-content\/uploads\/2024\/01\/iRobot-Roomba-675.jpg","@id":"https:\/\/www.rucashk.com\/es\/producto\/irobot-roomba-675-sweeping-robot-wholesale-2\/#mainImage","width":800,"height":800},"primaryImageOfPage":{"@id":"https:\/\/www.rucashk.com\/es\/producto\/irobot-roomba-675-sweeping-robot-wholesale-2\/#mainImage"},"datePublished":"2024-01-09T16:03:29+00:00","dateModified":"2024-03-12T07:39:18+00:00"},{"@type":"WebSite","@id":"https:\/\/www.rucashk.com\/es\/#website","url":"https:\/\/www.rucashk.com\/es\/","name":"Rucas - Wholesale and distribution worldwide","alternateName":"Rucas - One-stop AIoT Distribution Worldwide","description":"One-stop AIoT Distribution Worldwide","inLanguage":"es-ES","publisher":{"@id":"https:\/\/www.rucashk.com\/es\/#organization"}}]}},"aioseo_meta_data":{"post_id":"24318","title":null,"description":null,"keywords":null,"keyphrases":null,"primary_term":null,"canonical_url":null,"og_title":null,"og_description":null,"og_object_type":"default","og_image_type":"default","og_image_url":null,"og_image_width":null,"og_image_height":null,"og_image_custom_url":null,"og_image_custom_fields":null,"og_video":null,"og_custom_url":null,"og_article_section":null,"og_article_tags":null,"twitter_use_og":false,"twitter_card":"default","twitter_image_type":"default","twitter_image_url":null,"twitter_image_custom_url":null,"twitter_image_custom_fields":null,"twitter_title":null,"twitter_description":null,"schema":{"blockGraphs":[],"customGraphs":[],"default":{"data":{"Article":[],"Course":[],"Dataset":[],"FAQPage":[],"Movie":[],"Person":[],"Product":[],"Recipe":[],"Service":[],"SoftwareApplication":[],"WebPage":[]},"graphName":"","isEnabled":true},"graphs":[]},"schema_type":"default","schema_type_options":null,"pillar_content":false,"robots_default":true,"robots_noindex":false,"robots_noarchive":false,"robots_nosnippet":false,"robots_nofollow":false,"robots_noimageindex":false,"robots_noodp":false,"robots_notranslate":false,"robots_max_snippet":null,"robots_max_videopreview":null,"robots_max_imagepreview":"large","priority":null,"frequency":null,"local_seo":null,"breadcrumb_settings":null,"limit_modified_date":false,"created":"2024-04-11 01:57:11","updated":"2025-06-22 17:28:04"},"aioseo_breadcrumb":"<div class=\"aioseo-breadcrumbs\"><span class=\"aioseo-breadcrumb\">\n\t<a href=\"https:\/\/www.rucashk.com\/es\" title=\"Home\">Home<\/a>\n<\/span><span class=\"aioseo-breadcrumb-separator\">&raquo;<\/span><span class=\"aioseo-breadcrumb\">\n\t<a href=\"https:\/\/www.rucashk.com\/es\/products\/\" title=\"Productos\">Productos<\/a>\n<\/span><span class=\"aioseo-breadcrumb-separator\">&raquo;<\/span><span class=\"aioseo-breadcrumb\">\n\t<a href=\"https:\/\/www.rucashk.com\/es\/categoria-producto\/other-a-brands\/\" title=\"Other A-Brands\">Other A-Brands<\/a>\n<\/span><span class=\"aioseo-breadcrumb-separator\">&raquo;<\/span><span class=\"aioseo-breadcrumb\">\n\tiRobot Roomba 675 Sweeping Robot Wholesale\n<\/span><\/div>","aioseo_breadcrumb_json":[{"label":"Home","link":"https:\/\/www.rucashk.com\/es"},{"label":"Productos","link":"https:\/\/www.rucashk.com\/es\/products\/"},{"label":"Other A-Brands","link":"https:\/\/www.rucashk.com\/es\/categoria-producto\/other-a-brands\/"},{"label":"iRobot Roomba 675 Sweeping Robot Wholesale","link":"https:\/\/www.rucashk.com\/es\/producto\/irobot-roomba-675-sweeping-robot-wholesale-2\/"}],"_links":{"self":[{"href":"https:\/\/www.rucashk.com\/es\/wp-json\/wp\/v2\/product\/24318","targetHints":{"allow":["GET"]}}],"collection":[{"href":"https:\/\/www.rucashk.com\/es\/wp-json\/wp\/v2\/product"}],"about":[{"href":"https:\/\/www.rucashk.com\/es\/wp-json\/wp\/v2\/types\/product"}],"wp:featuredmedia":[{"embeddable":true,"href":"https:\/\/www.rucashk.com\/es\/wp-json\/wp\/v2\/media\/24460"}],"wp:attachment":[{"href":"https:\/\/www.rucashk.com\/es\/wp-json\/wp\/v2\/media?parent=24318"}],"wp:term":[{"taxonomy":"product_brand","embeddable":true,"href":"https:\/\/www.rucashk.com\/es\/wp-json\/wp\/v2\/product_brand?post=24318"},{"taxonomy":"product_cat","embeddable":true,"href":"https:\/\/www.rucashk.com\/es\/wp-json\/wp\/v2\/product_cat?post=24318"},{"taxonomy":"product_tag","embeddable":true,"href":"https:\/\/www.rucashk.com\/es\/wp-json\/wp\/v2\/product_tag?post=24318"}],"curies":[{"name":"wp","href":"https:\/\/api.w.org\/{rel}","templated":true}]}}