{"id":24314,"date":"2024-01-09T16:03:28","date_gmt":"2024-01-09T16:03:28","guid":{"rendered":"http:\/\/rucashk.com\/?post_type=product&#038;p=24314"},"modified":"2025-06-22T06:34:22","modified_gmt":"2025-06-22T06:34:22","slug":"qcy-t9-true-wireless-bluetooth-earphone-global-black-wholesale","status":"publish","type":"product","link":"https:\/\/www.rucashk.com\/es\/producto\/qcy-t9-true-wireless-bluetooth-earphone-global-black-wholesale\/","title":{"rendered":"QCY T9 True Wireless Bluetooth Auricular Global Black Venta al por mayor"},"content":{"rendered":"<p><img fetchpriority=\"high\" decoding=\"async\" class=\"wp-image-20397 size-full aligncenter\" src=\"https:\/\/www.rucashk.com\/wp-content\/uploads\/2020\/07\/1.jpeg\" alt=\"QCY T9 True Wireless Bluetooth Earphone Global Black Wholesale\" width=\"1500\" height=\"1500\" \/><\/p>\n<p><img decoding=\"async\" class=\"wp-image-20398 size-full aligncenter\" src=\"https:\/\/www.rucashk.com\/wp-content\/uploads\/2020\/07\/2-9.jpg\" alt=\"QCY T9 True Wireless Bluetooth Earphone Global Black Wholesale\" width=\"1000\" height=\"1000\" \/><\/p>\n<h4 class=\"expand_en_name\">Especificaci\u00f3n<\/h4>\n<div class=\"product_pz_info product_pz_style2\">\n<table>\n<tbody>\n<tr>\n<th>General<\/th>\n<td>Tipo de auriculares: Auricular<br \/>\nMateriales: ABS<br \/>\nPrincipalmente compatible con: Blackberry, HTC, HTC One M9, iPad, iPhone, iPhone 5\/5S, iPhone 6, iPhone 6 Plus, iPhone 6S, iPod, LG, Motorola, Nokia, SAMSUNG, Samsung Galaxy S6 Edge Plus, Samsung Note 5 ,Samsung S6,Sony Ericsson<br \/>\nFunciones: instrucci\u00f3n de voz en ingl\u00e9s, respuesta de llamadas telef\u00f3nicas, cambio de canci\u00f3n, m\u00fasica de soporte, control de voz<br \/>\nVersi\u00f3n de Bluetooth: V5.0<br \/>\nProtocolo Bluetooth: A2DP,AVRCP,HFP,HSP<br \/>\nRango de transmisi\u00f3n: 10 metros<br \/>\nModo Bluetooth: auriculares<br \/>\nCapacidad de la bater\u00eda (mAh): Auriculares unilaterales: 45 mAh, compartimento de carga: 450 mAh<br \/>\nTiempo de carga: 1H<br \/>\nTiempo de conversaci\u00f3n: 4H<br \/>\nAudio: est\u00e9reo<\/td>\n<\/tr>\n<\/tbody>\n<\/table>\n<\/div>","protected":false},"excerpt":{"rendered":"<p>Principales caracter\u00edsticas:<br \/>\n\u25cf Bluetooth 5.0 + EDR<br \/>\nBluetooth 5.0 smart chip, the device supports automatic power-on and automatic connection, provides a strong and stable signal, and the transmission is faster and more stable.<br \/>\n\u25cf 6D sound quality<br \/>\nIt presents a stereo surround effect and takes you to experience theater-like shock. Excellent sound quality, dynamic driver and graphene diaphragm add extra depth to the complete and clear sound, making your music sound wider.<br \/>\n\u25cf Continuous power charging box<br \/>\nThe large-capacity charging box can charge the headphones at any time. Each headset can be used as a separate Bluetooth headset, while the two headsets can be rotated for a longer period of time.<br \/>\n\u25cf Safe and comfortable<br \/>\nExcellent sound insulation, ultra-light earplugs, ergonomic design, fit snugly and comfortable for a long time<br \/>\n\u25cf IPX5 waterproof rating<br \/>\nSupport IPX5 waterproof, calmly deal with the dual challenges of rain and sweat. Encounter multiple sports scenes of life, running, fitness or travel on rainy days.<\/p>","protected":false},"featured_media":24437,"template":"","meta":[],"product_brand":[1417],"product_cat":[1311,1305],"product_tag":[1062],"class_list":{"0":"post-24314","1":"product","2":"type-product","3":"status-publish","4":"has-post-thumbnail","6":"product_brand-qcy","7":"product_cat-qcy-earphone","8":"product_cat-xiaomi-eco","9":"product_tag-qcy-t9","11":"first","12":"instock","13":"shipping-taxable","14":"product-type-external"},"aioseo_notices":[],"aioseo_head":"\n\t\t<!-- All in One SEO Pro 4.5.9.2 - aioseo.com -->\n\t\t<meta name=\"description\" content=\"Main Features: \u25cf Bluetooth 5.0 + EDR Bluetooth 5.0 smart chip, the device supports automatic power-on and automatic connection, provides a strong and stable signal, and the transmission is faster and more stable. \u25cf 6D sound quality It presents a stereo surround effect and takes you to experience theater-like shock. Excellent sound quality, dynamic driver and graphene diaphragm add extra depth to the complete and clear sound, making your music sound wider. \u25cf Continuous power charging box The large-capacity charging box can charge the headphones at any time. Each headset can be used as a separate Bluetooth headset, while the two headsets can be rotated for a longer period of time. \u25cf Safe and comfortable Excellent sound insulation, ultra-light earplugs, ergonomic design, fit snugly and comfortable for a long time \u25cf IPX5 waterproof rating Support IPX5 waterproof, calmly deal with the dual challenges of rain and sweat. Encounter multiple sports scenes of life, running, fitness or travel on rainy days.\" \/>\n\t\t<meta name=\"robots\" content=\"max-image-preview:large\" \/>\n\t\t<link rel=\"canonical\" href=\"https:\/\/www.rucashk.com\/es\/producto\/qcy-t9-true-wireless-bluetooth-earphone-global-black-wholesale\/\" \/>\n\t\t<meta name=\"generator\" content=\"All in One SEO Pro (AIOSEO) 4.5.9.2\" \/>\n\t\t<meta property=\"og:locale\" content=\"es_ES\" \/>\n\t\t<meta property=\"og:site_name\" content=\"Rucas - One-stop AIoT Distribution Worldwide\" \/>\n\t\t<meta property=\"og:type\" content=\"article\" \/>\n\t\t<meta property=\"og:title\" content=\"QCY T9 True Wireless Bluetooth Earphone Global Black Wholesale - Rucas - Wholesale and Distribution\" \/>\n\t\t<meta property=\"og:description\" content=\"Main Features: \u25cf Bluetooth 5.0 + EDR Bluetooth 5.0 smart chip, the device supports automatic power-on and automatic connection, provides a strong and stable signal, and the transmission is faster and more stable. \u25cf 6D sound quality It presents a stereo surround effect and takes you to experience theater-like shock. Excellent sound quality, dynamic driver and graphene diaphragm add extra depth to the complete and clear sound, making your music sound wider. \u25cf Continuous power charging box The large-capacity charging box can charge the headphones at any time. Each headset can be used as a separate Bluetooth headset, while the two headsets can be rotated for a longer period of time. \u25cf Safe and comfortable Excellent sound insulation, ultra-light earplugs, ergonomic design, fit snugly and comfortable for a long time \u25cf IPX5 waterproof rating Support IPX5 waterproof, calmly deal with the dual challenges of rain and sweat. Encounter multiple sports scenes of life, running, fitness or travel on rainy days.\" \/>\n\t\t<meta property=\"og:url\" content=\"https:\/\/www.rucashk.com\/es\/producto\/qcy-t9-true-wireless-bluetooth-earphone-global-black-wholesale\/\" \/>\n\t\t<meta property=\"og:image\" content=\"https:\/\/www.rucashk.com\/wp-content\/uploads\/replace\/503b8e645f128a97ccde2b6290747646.jpeg\" \/>\n\t\t<meta property=\"og:image:secure_url\" content=\"https:\/\/www.rucashk.com\/wp-content\/uploads\/replace\/503b8e645f128a97ccde2b6290747646.jpeg\" \/>\n\t\t<meta property=\"og:image:width\" content=\"1456\" \/>\n\t\t<meta property=\"og:image:height\" content=\"816\" \/>\n\t\t<meta property=\"article:published_time\" content=\"2024-01-09T16:03:28+00:00\" \/>\n\t\t<meta property=\"article:modified_time\" content=\"2025-06-22T06:34:22+00:00\" \/>\n\t\t<meta name=\"twitter:card\" content=\"summary_large_image\" \/>\n\t\t<meta name=\"twitter:title\" content=\"QCY T9 True Wireless Bluetooth Earphone Global Black Wholesale - Rucas - Wholesale and Distribution\" \/>\n\t\t<meta name=\"twitter:description\" content=\"Main Features: \u25cf Bluetooth 5.0 + EDR Bluetooth 5.0 smart chip, the device supports automatic power-on and automatic connection, provides a strong and stable signal, and the transmission is faster and more stable. \u25cf 6D sound quality It presents a stereo surround effect and takes you to experience theater-like shock. Excellent sound quality, dynamic driver and graphene diaphragm add extra depth to the complete and clear sound, making your music sound wider. \u25cf Continuous power charging box The large-capacity charging box can charge the headphones at any time. Each headset can be used as a separate Bluetooth headset, while the two headsets can be rotated for a longer period of time. \u25cf Safe and comfortable Excellent sound insulation, ultra-light earplugs, ergonomic design, fit snugly and comfortable for a long time \u25cf IPX5 waterproof rating Support IPX5 waterproof, calmly deal with the dual challenges of rain and sweat. Encounter multiple sports scenes of life, running, fitness or travel on rainy days.\" \/>\n\t\t<meta name=\"twitter:image\" content=\"https:\/\/www.rucashk.com\/wp-content\/uploads\/replace\/503b8e645f128a97ccde2b6290747646.jpeg\" \/>\n\t\t<script type=\"application\/ld+json\" class=\"aioseo-schema\">\n\t\t\t{\"@context\":\"https:\\\/\\\/schema.org\",\"@graph\":[{\"@type\":\"BreadcrumbList\",\"@id\":\"https:\\\/\\\/www.rucashk.com\\\/es\\\/producto\\\/qcy-t9-true-wireless-bluetooth-earphone-global-black-wholesale\\\/#breadcrumblist\",\"itemListElement\":[{\"@type\":\"ListItem\",\"@id\":\"https:\\\/\\\/www.rucashk.com\\\/es\\\/#listItem\",\"position\":1,\"name\":\"Home\",\"item\":\"https:\\\/\\\/www.rucashk.com\\\/es\\\/\",\"nextItem\":\"https:\\\/\\\/www.rucashk.com\\\/es\\\/producto\\\/qcy-t9-true-wireless-bluetooth-earphone-global-black-wholesale\\\/#listItem\"},{\"@type\":\"ListItem\",\"@id\":\"https:\\\/\\\/www.rucashk.com\\\/es\\\/producto\\\/qcy-t9-true-wireless-bluetooth-earphone-global-black-wholesale\\\/#listItem\",\"position\":2,\"name\":\"QCY T9 True Wireless Bluetooth Earphone Global Black Wholesale\",\"previousItem\":\"https:\\\/\\\/www.rucashk.com\\\/es\\\/#listItem\"}]},{\"@type\":\"Organization\",\"@id\":\"https:\\\/\\\/www.rucashk.com\\\/es\\\/#organization\",\"name\":\"Rucas\",\"url\":\"https:\\\/\\\/www.rucashk.com\\\/es\\\/\",\"logo\":{\"@type\":\"ImageObject\",\"url\":\"https:\\\/\\\/www.rucashk.com\\\/wp-content\\\/uploads\\\/2023\\\/12\\\/Rucas_campany_logo.png\",\"@id\":\"https:\\\/\\\/www.rucashk.com\\\/es\\\/producto\\\/qcy-t9-true-wireless-bluetooth-earphone-global-black-wholesale\\\/#organizationLogo\",\"width\":221,\"height\":65},\"image\":{\"@id\":\"https:\\\/\\\/www.rucashk.com\\\/es\\\/#organizationLogo\"}},{\"@type\":\"Person\",\"@id\":\"https:\\\/\\\/www.rucashk.com\\\/es\\\/author\\\/admin\\\/#author\",\"url\":\"https:\\\/\\\/www.rucashk.com\\\/es\\\/author\\\/admin\\\/\",\"name\":\"admin\",\"image\":{\"@type\":\"ImageObject\",\"@id\":\"https:\\\/\\\/www.rucashk.com\\\/es\\\/producto\\\/qcy-t9-true-wireless-bluetooth-earphone-global-black-wholesale\\\/#authorImage\",\"url\":\"https:\\\/\\\/secure.gravatar.com\\\/avatar\\\/b7c8925b09a27e72b30232f8ecaadbd5af0f70a38c78096863fe51b64f031c24?s=96&d=mm&r=g\",\"width\":96,\"height\":96,\"caption\":\"admin\"}},{\"@type\":\"WebPage\",\"@id\":\"https:\\\/\\\/www.rucashk.com\\\/es\\\/producto\\\/qcy-t9-true-wireless-bluetooth-earphone-global-black-wholesale\\\/#webpage\",\"url\":\"https:\\\/\\\/www.rucashk.com\\\/es\\\/producto\\\/qcy-t9-true-wireless-bluetooth-earphone-global-black-wholesale\\\/\",\"name\":\"QCY T9 True Wireless Bluetooth Earphone Global Black Wholesale - Rucas - Wholesale and Distribution\",\"description\":\"Main Features: \\u25cf Bluetooth 5.0 + EDR Bluetooth 5.0 smart chip, the device supports automatic power-on and automatic connection, provides a strong and stable signal, and the transmission is faster and more stable. \\u25cf 6D sound quality It presents a stereo surround effect and takes you to experience theater-like shock. Excellent sound quality, dynamic driver and graphene diaphragm add extra depth to the complete and clear sound, making your music sound wider. \\u25cf Continuous power charging box The large-capacity charging box can charge the headphones at any time. Each headset can be used as a separate Bluetooth headset, while the two headsets can be rotated for a longer period of time. \\u25cf Safe and comfortable Excellent sound insulation, ultra-light earplugs, ergonomic design, fit snugly and comfortable for a long time \\u25cf IPX5 waterproof rating Support IPX5 waterproof, calmly deal with the dual challenges of rain and sweat. Encounter multiple sports scenes of life, running, fitness or travel on rainy days.\",\"inLanguage\":\"es-ES\",\"isPartOf\":{\"@id\":\"https:\\\/\\\/www.rucashk.com\\\/es\\\/#website\"},\"breadcrumb\":{\"@id\":\"https:\\\/\\\/www.rucashk.com\\\/es\\\/producto\\\/qcy-t9-true-wireless-bluetooth-earphone-global-black-wholesale\\\/#breadcrumblist\"},\"author\":{\"@id\":\"https:\\\/\\\/www.rucashk.com\\\/es\\\/author\\\/admin\\\/#author\"},\"creator\":{\"@id\":\"https:\\\/\\\/www.rucashk.com\\\/es\\\/author\\\/admin\\\/#author\"},\"image\":{\"@type\":\"ImageObject\",\"url\":\"https:\\\/\\\/www.rucashk.com\\\/wp-content\\\/uploads\\\/2024\\\/01\\\/1.jpeg\",\"@id\":\"https:\\\/\\\/www.rucashk.com\\\/es\\\/producto\\\/qcy-t9-true-wireless-bluetooth-earphone-global-black-wholesale\\\/#mainImage\",\"width\":1500,\"height\":1500},\"primaryImageOfPage\":{\"@id\":\"https:\\\/\\\/www.rucashk.com\\\/es\\\/producto\\\/qcy-t9-true-wireless-bluetooth-earphone-global-black-wholesale\\\/#mainImage\"},\"datePublished\":\"2024-01-09T16:03:28+00:00\",\"dateModified\":\"2025-06-22T06:34:22+00:00\"},{\"@type\":\"WebSite\",\"@id\":\"https:\\\/\\\/www.rucashk.com\\\/es\\\/#website\",\"url\":\"https:\\\/\\\/www.rucashk.com\\\/es\\\/\",\"name\":\"Rucas - Wholesale and distribution worldwide\",\"alternateName\":\"Rucas - One-stop AIoT Distribution Worldwide\",\"description\":\"One-stop AIoT Distribution Worldwide\",\"inLanguage\":\"es-ES\",\"publisher\":{\"@id\":\"https:\\\/\\\/www.rucashk.com\\\/es\\\/#organization\"}}]}\n\t\t<\/script>\n\t\t<!-- All in One SEO Pro -->\r\n\t\t<title>QCY T9 True Wireless Bluetooth Earphone Global Black Wholesale - Rucas - Wholesale and Distribution<\/title>\n\n","aioseo_head_json":{"title":"QCY T9 True Wireless Bluetooth Earphone Global Black Wholesale - Rucas - Wholesale and Distribution","description":"Main Features: \u25cf Bluetooth 5.0 + EDR Bluetooth 5.0 smart chip, the device supports automatic power-on and automatic connection, provides a strong and stable signal, and the transmission is faster and more stable. \u25cf 6D sound quality It presents a stereo surround effect and takes you to experience theater-like shock. Excellent sound quality, dynamic driver and graphene diaphragm add extra depth to the complete and clear sound, making your music sound wider. \u25cf Continuous power charging box The large-capacity charging box can charge the headphones at any time. Each headset can be used as a separate Bluetooth headset, while the two headsets can be rotated for a longer period of time. \u25cf Safe and comfortable Excellent sound insulation, ultra-light earplugs, ergonomic design, fit snugly and comfortable for a long time \u25cf IPX5 waterproof rating Support IPX5 waterproof, calmly deal with the dual challenges of rain and sweat. Encounter multiple sports scenes of life, running, fitness or travel on rainy days.","canonical_url":"https:\/\/www.rucashk.com\/es\/producto\/qcy-t9-true-wireless-bluetooth-earphone-global-black-wholesale\/","robots":"max-image-preview:large","keywords":"","webmasterTools":{"miscellaneous":""},"og:locale":"es_ES","og:site_name":"Rucas - One-stop AIoT Distribution Worldwide","og:type":"article","og:title":"QCY T9 True Wireless Bluetooth Earphone Global Black Wholesale - Rucas - Wholesale and Distribution","og:description":"Main Features: \u25cf Bluetooth 5.0 + EDR Bluetooth 5.0 smart chip, the device supports automatic power-on and automatic connection, provides a strong and stable signal, and the transmission is faster and more stable. \u25cf 6D sound quality It presents a stereo surround effect and takes you to experience theater-like shock. Excellent sound quality, dynamic driver and graphene diaphragm add extra depth to the complete and clear sound, making your music sound wider. \u25cf Continuous power charging box The large-capacity charging box can charge the headphones at any time. Each headset can be used as a separate Bluetooth headset, while the two headsets can be rotated for a longer period of time. \u25cf Safe and comfortable Excellent sound insulation, ultra-light earplugs, ergonomic design, fit snugly and comfortable for a long time \u25cf IPX5 waterproof rating Support IPX5 waterproof, calmly deal with the dual challenges of rain and sweat. Encounter multiple sports scenes of life, running, fitness or travel on rainy days.","og:url":"https:\/\/www.rucashk.com\/es\/producto\/qcy-t9-true-wireless-bluetooth-earphone-global-black-wholesale\/","og:image":"https:\/\/www.rucashk.com\/wp-content\/uploads\/replace\/503b8e645f128a97ccde2b6290747646.jpeg","og:image:secure_url":"https:\/\/www.rucashk.com\/wp-content\/uploads\/replace\/503b8e645f128a97ccde2b6290747646.jpeg","og:image:width":1456,"og:image:height":816,"article:published_time":"2024-01-09T16:03:28+00:00","article:modified_time":"2025-06-22T06:34:22+00:00","twitter:card":"summary_large_image","twitter:title":"QCY T9 True Wireless Bluetooth Earphone Global Black Wholesale - Rucas - Wholesale and Distribution","twitter:description":"Main Features: \u25cf Bluetooth 5.0 + EDR Bluetooth 5.0 smart chip, the device supports automatic power-on and automatic connection, provides a strong and stable signal, and the transmission is faster and more stable. \u25cf 6D sound quality It presents a stereo surround effect and takes you to experience theater-like shock. Excellent sound quality, dynamic driver and graphene diaphragm add extra depth to the complete and clear sound, making your music sound wider. \u25cf Continuous power charging box The large-capacity charging box can charge the headphones at any time. Each headset can be used as a separate Bluetooth headset, while the two headsets can be rotated for a longer period of time. \u25cf Safe and comfortable Excellent sound insulation, ultra-light earplugs, ergonomic design, fit snugly and comfortable for a long time \u25cf IPX5 waterproof rating Support IPX5 waterproof, calmly deal with the dual challenges of rain and sweat. Encounter multiple sports scenes of life, running, fitness or travel on rainy days.","twitter:image":"https:\/\/www.rucashk.com\/wp-content\/uploads\/replace\/503b8e645f128a97ccde2b6290747646.jpeg","schema":{"@context":"https:\/\/schema.org","@graph":[{"@type":"BreadcrumbList","@id":"https:\/\/www.rucashk.com\/es\/producto\/qcy-t9-true-wireless-bluetooth-earphone-global-black-wholesale\/#breadcrumblist","itemListElement":[{"@type":"ListItem","@id":"https:\/\/www.rucashk.com\/es\/#listItem","position":1,"name":"Home","item":"https:\/\/www.rucashk.com\/es\/","nextItem":"https:\/\/www.rucashk.com\/es\/producto\/qcy-t9-true-wireless-bluetooth-earphone-global-black-wholesale\/#listItem"},{"@type":"ListItem","@id":"https:\/\/www.rucashk.com\/es\/producto\/qcy-t9-true-wireless-bluetooth-earphone-global-black-wholesale\/#listItem","position":2,"name":"QCY T9 True Wireless Bluetooth Earphone Global Black Wholesale","previousItem":"https:\/\/www.rucashk.com\/es\/#listItem"}]},{"@type":"Organization","@id":"https:\/\/www.rucashk.com\/es\/#organization","name":"Rucas","url":"https:\/\/www.rucashk.com\/es\/","logo":{"@type":"ImageObject","url":"https:\/\/www.rucashk.com\/wp-content\/uploads\/2023\/12\/Rucas_campany_logo.png","@id":"https:\/\/www.rucashk.com\/es\/producto\/qcy-t9-true-wireless-bluetooth-earphone-global-black-wholesale\/#organizationLogo","width":221,"height":65},"image":{"@id":"https:\/\/www.rucashk.com\/es\/#organizationLogo"}},{"@type":"Person","@id":"https:\/\/www.rucashk.com\/es\/author\/admin\/#author","url":"https:\/\/www.rucashk.com\/es\/author\/admin\/","name":"admin","image":{"@type":"ImageObject","@id":"https:\/\/www.rucashk.com\/es\/producto\/qcy-t9-true-wireless-bluetooth-earphone-global-black-wholesale\/#authorImage","url":"https:\/\/secure.gravatar.com\/avatar\/b7c8925b09a27e72b30232f8ecaadbd5af0f70a38c78096863fe51b64f031c24?s=96&d=mm&r=g","width":96,"height":96,"caption":"admin"}},{"@type":"WebPage","@id":"https:\/\/www.rucashk.com\/es\/producto\/qcy-t9-true-wireless-bluetooth-earphone-global-black-wholesale\/#webpage","url":"https:\/\/www.rucashk.com\/es\/producto\/qcy-t9-true-wireless-bluetooth-earphone-global-black-wholesale\/","name":"QCY T9 True Wireless Bluetooth Earphone Global Black Wholesale - Rucas - Wholesale and Distribution","description":"Main Features: \u25cf Bluetooth 5.0 + EDR Bluetooth 5.0 smart chip, the device supports automatic power-on and automatic connection, provides a strong and stable signal, and the transmission is faster and more stable. \u25cf 6D sound quality It presents a stereo surround effect and takes you to experience theater-like shock. Excellent sound quality, dynamic driver and graphene diaphragm add extra depth to the complete and clear sound, making your music sound wider. \u25cf Continuous power charging box The large-capacity charging box can charge the headphones at any time. Each headset can be used as a separate Bluetooth headset, while the two headsets can be rotated for a longer period of time. \u25cf Safe and comfortable Excellent sound insulation, ultra-light earplugs, ergonomic design, fit snugly and comfortable for a long time \u25cf IPX5 waterproof rating Support IPX5 waterproof, calmly deal with the dual challenges of rain and sweat. Encounter multiple sports scenes of life, running, fitness or travel on rainy days.","inLanguage":"es-ES","isPartOf":{"@id":"https:\/\/www.rucashk.com\/es\/#website"},"breadcrumb":{"@id":"https:\/\/www.rucashk.com\/es\/producto\/qcy-t9-true-wireless-bluetooth-earphone-global-black-wholesale\/#breadcrumblist"},"author":{"@id":"https:\/\/www.rucashk.com\/es\/author\/admin\/#author"},"creator":{"@id":"https:\/\/www.rucashk.com\/es\/author\/admin\/#author"},"image":{"@type":"ImageObject","url":"https:\/\/www.rucashk.com\/wp-content\/uploads\/2024\/01\/1.jpeg","@id":"https:\/\/www.rucashk.com\/es\/producto\/qcy-t9-true-wireless-bluetooth-earphone-global-black-wholesale\/#mainImage","width":1500,"height":1500},"primaryImageOfPage":{"@id":"https:\/\/www.rucashk.com\/es\/producto\/qcy-t9-true-wireless-bluetooth-earphone-global-black-wholesale\/#mainImage"},"datePublished":"2024-01-09T16:03:28+00:00","dateModified":"2025-06-22T06:34:22+00:00"},{"@type":"WebSite","@id":"https:\/\/www.rucashk.com\/es\/#website","url":"https:\/\/www.rucashk.com\/es\/","name":"Rucas - Wholesale and distribution worldwide","alternateName":"Rucas - One-stop AIoT Distribution Worldwide","description":"One-stop AIoT Distribution Worldwide","inLanguage":"es-ES","publisher":{"@id":"https:\/\/www.rucashk.com\/es\/#organization"}}]}},"aioseo_meta_data":{"post_id":"24314","title":null,"description":null,"keywords":null,"keyphrases":null,"primary_term":null,"canonical_url":null,"og_title":null,"og_description":null,"og_object_type":"default","og_image_type":"default","og_image_url":null,"og_image_width":null,"og_image_height":null,"og_image_custom_url":null,"og_image_custom_fields":null,"og_video":null,"og_custom_url":null,"og_article_section":null,"og_article_tags":null,"twitter_use_og":false,"twitter_card":"default","twitter_image_type":"default","twitter_image_url":null,"twitter_image_custom_url":null,"twitter_image_custom_fields":null,"twitter_title":null,"twitter_description":null,"schema":{"blockGraphs":[],"customGraphs":[],"default":{"data":{"Article":[],"Course":[],"Dataset":[],"FAQPage":[],"Movie":[],"Person":[],"Product":[],"Recipe":[],"Service":[],"SoftwareApplication":[],"WebPage":[]},"graphName":"","isEnabled":true},"graphs":[]},"schema_type":"default","schema_type_options":null,"pillar_content":false,"robots_default":true,"robots_noindex":false,"robots_noarchive":false,"robots_nosnippet":false,"robots_nofollow":false,"robots_noimageindex":false,"robots_noodp":false,"robots_notranslate":false,"robots_max_snippet":null,"robots_max_videopreview":null,"robots_max_imagepreview":"large","priority":null,"frequency":null,"local_seo":null,"breadcrumb_settings":null,"limit_modified_date":false,"created":"2024-04-11 01:57:10","updated":"2025-06-22 17:28:03"},"aioseo_breadcrumb":"<div class=\"aioseo-breadcrumbs\"><span class=\"aioseo-breadcrumb\">\n\t<a href=\"https:\/\/www.rucashk.com\/es\" title=\"Home\">Home<\/a>\n<\/span><span class=\"aioseo-breadcrumb-separator\">&raquo;<\/span><span class=\"aioseo-breadcrumb\">\n\t<a href=\"https:\/\/www.rucashk.com\/es\/products\/\" title=\"Productos\">Productos<\/a>\n<\/span><span class=\"aioseo-breadcrumb-separator\">&raquo;<\/span><span class=\"aioseo-breadcrumb\">\n\t<a href=\"https:\/\/www.rucashk.com\/es\/marca\/qcy\/\" title=\"QCY\">QCY<\/a>\n<\/span><span class=\"aioseo-breadcrumb-separator\">&raquo;<\/span><span class=\"aioseo-breadcrumb\">\n\tQCY T9 True Wireless Bluetooth Earphone Global Black Wholesale\n<\/span><\/div>","aioseo_breadcrumb_json":[{"label":"Home","link":"https:\/\/www.rucashk.com\/es"},{"label":"Productos","link":"https:\/\/www.rucashk.com\/es\/products\/"},{"label":"QCY","link":"https:\/\/www.rucashk.com\/es\/marca\/qcy\/"},{"label":"QCY T9 True Wireless Bluetooth Earphone Global Black Wholesale","link":"https:\/\/www.rucashk.com\/es\/producto\/qcy-t9-true-wireless-bluetooth-earphone-global-black-wholesale\/"}],"_links":{"self":[{"href":"https:\/\/www.rucashk.com\/es\/wp-json\/wp\/v2\/product\/24314","targetHints":{"allow":["GET"]}}],"collection":[{"href":"https:\/\/www.rucashk.com\/es\/wp-json\/wp\/v2\/product"}],"about":[{"href":"https:\/\/www.rucashk.com\/es\/wp-json\/wp\/v2\/types\/product"}],"wp:featuredmedia":[{"embeddable":true,"href":"https:\/\/www.rucashk.com\/es\/wp-json\/wp\/v2\/media\/24437"}],"wp:attachment":[{"href":"https:\/\/www.rucashk.com\/es\/wp-json\/wp\/v2\/media?parent=24314"}],"wp:term":[{"taxonomy":"product_brand","embeddable":true,"href":"https:\/\/www.rucashk.com\/es\/wp-json\/wp\/v2\/product_brand?post=24314"},{"taxonomy":"product_cat","embeddable":true,"href":"https:\/\/www.rucashk.com\/es\/wp-json\/wp\/v2\/product_cat?post=24314"},{"taxonomy":"product_tag","embeddable":true,"href":"https:\/\/www.rucashk.com\/es\/wp-json\/wp\/v2\/product_tag?post=24314"}],"curies":[{"name":"wp","href":"https:\/\/api.w.org\/{rel}","templated":true}]}}