{"id":24221,"date":"2024-01-09T16:02:15","date_gmt":"2024-01-09T16:02:15","guid":{"rendered":"http:\/\/rucashk.com\/?post_type=product&#038;p=24221"},"modified":"2024-01-22T07:19:30","modified_gmt":"2024-01-22T07:19:30","slug":"haylou-t15-black-wholesale","status":"publish","type":"product","link":"https:\/\/www.rucashk.com\/es\/producto\/haylou-t15-black-wholesale\/","title":{"rendered":"Haylou T15 (negro) al por mayor"},"content":{"rendered":"<p><img fetchpriority=\"high\" decoding=\"async\" class=\"product_lazy aligncenter\" src=\"https:\/\/www.rucashk.com\/wp-content\/uploads\/2020\/07\/geekbuying-Haylou-T15-Bluetooth5-0-TWS-Earbuds-840520-.jpg\" alt=\"Haylou T15 (Black)\" width=\"1000\" height=\"1130\" data-original=\"\/\/img.gkbcdn.com\/s3\/d\/202002\/geekbuying-Haylou-T15-Bluetooth5-0-TWS-Earbuds-840520-.jpg\" \/><img decoding=\"async\" class=\"product_lazy aligncenter\" src=\"https:\/\/www.rucashk.com\/wp-content\/uploads\/2020\/07\/geekbuying-Haylou-T15-Bluetooth5-0-TWS-Earbuds-840521-.jpg\" alt=\"Haylou T15 (Black)\" width=\"1000\" height=\"770\" data-original=\"\/\/img.gkbcdn.com\/s3\/d\/202002\/geekbuying-Haylou-T15-Bluetooth5-0-TWS-Earbuds-840521-.jpg\" \/><img decoding=\"async\" class=\"product_lazy aligncenter\" src=\"https:\/\/www.rucashk.com\/wp-content\/uploads\/2020\/07\/geekbuying-Haylou-T15-Bluetooth5-0-TWS-Earbuds-840522-.jpg\" alt=\"Haylou T15 (Black)\" width=\"1000\" height=\"863\" data-original=\"\/\/img.gkbcdn.com\/s3\/d\/202002\/geekbuying-Haylou-T15-Bluetooth5-0-TWS-Earbuds-840522-.jpg\" \/><img loading=\"lazy\" decoding=\"async\" class=\"product_lazy aligncenter\" src=\"https:\/\/www.rucashk.com\/wp-content\/uploads\/2020\/07\/geekbuying-Haylou-T15-Bluetooth5-0-TWS-Earbuds-840523-.jpg\" alt=\"Haylou T15 (Black)\" width=\"1000\" height=\"696\" data-original=\"\/\/img.gkbcdn.com\/s3\/d\/202002\/geekbuying-Haylou-T15-Bluetooth5-0-TWS-Earbuds-840523-.jpg\" \/><img loading=\"lazy\" decoding=\"async\" class=\"product_lazy aligncenter\" src=\"https:\/\/www.rucashk.com\/wp-content\/uploads\/2020\/07\/geekbuying-Haylou-T15-Bluetooth5-0-TWS-Earbuds-840524-.jpg\" alt=\"Haylou T15 (Black)\" width=\"1000\" height=\"888\" data-original=\"\/\/img.gkbcdn.com\/s3\/d\/202002\/geekbuying-Haylou-T15-Bluetooth5-0-TWS-Earbuds-840524-.jpg\" \/><img loading=\"lazy\" decoding=\"async\" class=\"product_lazy aligncenter\" src=\"https:\/\/www.rucashk.com\/wp-content\/uploads\/2020\/07\/geekbuying-Haylou-T15-Bluetooth5-0-TWS-Earbuds-840525-.jpg\" alt=\"Haylou T15 (Black)\" width=\"1000\" height=\"786\" data-original=\"\/\/img.gkbcdn.com\/s3\/d\/202002\/geekbuying-Haylou-T15-Bluetooth5-0-TWS-Earbuds-840525-.jpg\" \/><img loading=\"lazy\" decoding=\"async\" class=\"product_lazy aligncenter\" src=\"https:\/\/www.rucashk.com\/wp-content\/uploads\/2020\/07\/geekbuying-Haylou-T15-Bluetooth5-0-TWS-Earbuds-840526-.jpg\" alt=\"Haylou T15 (Black)\" width=\"1000\" height=\"893\" data-original=\"\/\/img.gkbcdn.com\/s3\/d\/202002\/geekbuying-Haylou-T15-Bluetooth5-0-TWS-Earbuds-840526-.jpg\" \/><img loading=\"lazy\" decoding=\"async\" class=\"product_lazy aligncenter\" src=\"https:\/\/www.rucashk.com\/wp-content\/uploads\/2020\/07\/geekbuying-Haylou-T15-Bluetooth5-0-TWS-Earbuds-840527-.jpg\" alt=\"Haylou T15 (Black)\" width=\"1000\" height=\"768\" data-original=\"\/\/img.gkbcdn.com\/s3\/d\/202002\/geekbuying-Haylou-T15-Bluetooth5-0-TWS-Earbuds-840527-.jpg\" \/><img loading=\"lazy\" decoding=\"async\" class=\"product_lazy aligncenter\" src=\"https:\/\/www.rucashk.com\/wp-content\/uploads\/2020\/07\/geekbuying-Haylou-T15-Bluetooth5-0-TWS-Earbuds-840528-.jpg\" alt=\"Haylou T15 (Black)\" width=\"1000\" height=\"852\" data-original=\"\/\/img.gkbcdn.com\/s3\/d\/202002\/geekbuying-Haylou-T15-Bluetooth5-0-TWS-Earbuds-840528-.jpg\" \/><img loading=\"lazy\" decoding=\"async\" class=\"product_lazy aligncenter\" src=\"https:\/\/www.rucashk.com\/wp-content\/uploads\/2020\/07\/geekbuying-Haylou-T15-Bluetooth5-0-TWS-Earbuds-840529-.jpg\" alt=\"Haylou T15 (Black)\" width=\"1000\" height=\"1179\" data-original=\"\/\/img.gkbcdn.com\/s3\/d\/202002\/geekbuying-Haylou-T15-Bluetooth5-0-TWS-Earbuds-840529-.jpg\" \/><\/p>\n<h2>Especificaci\u00f3n<\/h2>\n<table class=\"jbEidtTable\" border=\"1\" cellspacing=\"0\" cellpadding=\"5\">\n<tbody>\n<tr>\n<td>General<\/td>\n<td>Marca: Haylou<br \/>\nTipo: Auriculares TWS<br \/>\nModelo: T15<\/td>\n<\/tr>\n<tr>\n<td>Especificaci\u00f3n<\/td>\n<td>\n<div>Material: ABS<\/div>\n<div>Versi\u00f3n de Bluetooth: V5.0<\/div>\n<div>Chip Bluetooth: Realtek 8763VXP<\/div>\n<div>Distancia de transmisi\u00f3n: 10 metros<\/div>\n<div>Clase de impermeabilidad: IPX5<\/div>\n<div>Capacidad de la bater\u00eda de los auriculares: 43 mAh<\/div>\n<div>Capacidad de la bater\u00eda de la caja de carga: 2200 mAh<\/div>\n<div>Tiempo de carga de auriculares: 1,5 horas<\/div>\n<div>Tiempo de carga de la caja: 4 horas<\/div>\n<div>Tiempo de juego: 60 horas<\/div>\n<div>Acuerdo de soporte: HSP\/HFP\/A2DP\/AVRCP<\/div>\n<\/td>\n<\/tr>\n<\/tbody>\n<\/table>","protected":false},"excerpt":{"rendered":"<p><strong>Reflejos<\/strong><br \/>\n<strong>bluetooth 5.0<\/strong><br \/>\nAl adoptar el chipset Realtek 8763VXP Bluetooth 5.0, los auriculares tienen una respuesta 3 veces m\u00e1s r\u00e1pida, m\u00e1s r\u00e1pida y m\u00e1s estable.<br \/>\n<strong>Reducci\u00f3n de ruido inteligente DSP<\/strong><br \/>\nEl m\u00f3dulo de reducci\u00f3n de ruido digital inteligente DSP se ha integrado en el chipset Bluetooth para disipar partes del ruido y mejorar la calidad del sonido.<br \/>\n<strong>Gran capacidad<\/strong><br \/>\nEl estuche de carga viene con una bater\u00eda de 2200 mAh, que puede proporcionar una duraci\u00f3n de bater\u00eda de 60 horas, incluso cargando tel\u00e9fonos m\u00f3viles.<br \/>\n<strong>Usado de forma independiente<\/strong><br \/>\nEl interruptor maestro-esclavo resolvi\u00f3 el problema del cambio tedioso y desconectado de auriculares simples y dobles. Puedes conectar dos auriculares con dos dispositivos diferentes por separado.<br \/>\n<strong>IPX5 resistente al agua<\/strong><br \/>\nDise\u00f1o IPX5 totalmente resistente al agua y al sudor, apariencia excepcional y cierto rendimiento antica\u00eddas.<\/p>","protected":false},"featured_media":24377,"template":"","meta":[],"product_brand":[],"product_cat":[1309,1305],"product_tag":[1053],"class_list":{"0":"post-24221","1":"product","2":"type-product","3":"status-publish","4":"has-post-thumbnail","6":"product_cat-haylou-earphone","7":"product_cat-xiaomi-eco","8":"product_tag-haylou-t15-black","10":"first","11":"instock","12":"shipping-taxable","13":"product-type-external"},"aioseo_notices":[],"aioseo_head":"\n\t\t<!-- All in One SEO Pro 4.5.9.2 - aioseo.com -->\n\t\t<meta name=\"description\" content=\"Highlights Bluetooth 5.0 Adopting Realtek 8763VXP Bluetooth 5.0 chipset, the earphones have 3 times the faster response, faster and more stable. DSP Intelligent Noise Reduction DSP smart digital noise reduction module has been embedded in the Bluetooth chipset to dispel parts of noise to improve sound quality. Large Capacity The charging case comes with a 2200 mAh battery, which can provide 60 hours long battery life, even charging mobile phones. Used Idependently Master-slave switch solved the problem of tedious and disconnected switching of single and double ears of headphones. You can connect two headphones with two different devices separately. IPX5 Waterproof IPX5 all-round water-resistant and sweat-proof design, outstanding appearance, meanwhile have certain anti-drop performance.\" \/>\n\t\t<meta name=\"robots\" content=\"max-image-preview:large\" \/>\n\t\t<link rel=\"canonical\" href=\"https:\/\/www.rucashk.com\/es\/producto\/haylou-t15-black-wholesale\/\" \/>\n\t\t<meta name=\"generator\" content=\"All in One SEO Pro (AIOSEO) 4.5.9.2\" \/>\n\t\t<meta property=\"og:locale\" content=\"es_ES\" \/>\n\t\t<meta property=\"og:site_name\" content=\"Rucas - One-stop AIoT Distribution Worldwide\" \/>\n\t\t<meta property=\"og:type\" content=\"article\" \/>\n\t\t<meta property=\"og:title\" content=\"Haylou T15 (Black) Wholesale - Rucas - Wholesale and Distribution\" \/>\n\t\t<meta property=\"og:description\" content=\"Highlights Bluetooth 5.0 Adopting Realtek 8763VXP Bluetooth 5.0 chipset, the earphones have 3 times the faster response, faster and more stable. DSP Intelligent Noise Reduction DSP smart digital noise reduction module has been embedded in the Bluetooth chipset to dispel parts of noise to improve sound quality. Large Capacity The charging case comes with a 2200 mAh battery, which can provide 60 hours long battery life, even charging mobile phones. Used Idependently Master-slave switch solved the problem of tedious and disconnected switching of single and double ears of headphones. You can connect two headphones with two different devices separately. IPX5 Waterproof IPX5 all-round water-resistant and sweat-proof design, outstanding appearance, meanwhile have certain anti-drop performance.\" \/>\n\t\t<meta property=\"og:url\" content=\"https:\/\/www.rucashk.com\/es\/producto\/haylou-t15-black-wholesale\/\" \/>\n\t\t<meta property=\"og:image\" content=\"https:\/\/www.rucashk.com\/wp-content\/uploads\/replace\/503b8e645f128a97ccde2b6290747646.jpeg\" \/>\n\t\t<meta property=\"og:image:secure_url\" content=\"https:\/\/www.rucashk.com\/wp-content\/uploads\/replace\/503b8e645f128a97ccde2b6290747646.jpeg\" \/>\n\t\t<meta property=\"og:image:width\" content=\"1456\" \/>\n\t\t<meta property=\"og:image:height\" content=\"816\" \/>\n\t\t<meta property=\"article:published_time\" content=\"2024-01-09T16:02:15+00:00\" \/>\n\t\t<meta property=\"article:modified_time\" content=\"2024-01-22T07:19:30+00:00\" \/>\n\t\t<meta name=\"twitter:card\" content=\"summary_large_image\" \/>\n\t\t<meta name=\"twitter:title\" content=\"Haylou T15 (Black) Wholesale - Rucas - Wholesale and Distribution\" \/>\n\t\t<meta name=\"twitter:description\" content=\"Highlights Bluetooth 5.0 Adopting Realtek 8763VXP Bluetooth 5.0 chipset, the earphones have 3 times the faster response, faster and more stable. DSP Intelligent Noise Reduction DSP smart digital noise reduction module has been embedded in the Bluetooth chipset to dispel parts of noise to improve sound quality. Large Capacity The charging case comes with a 2200 mAh battery, which can provide 60 hours long battery life, even charging mobile phones. Used Idependently Master-slave switch solved the problem of tedious and disconnected switching of single and double ears of headphones. You can connect two headphones with two different devices separately. IPX5 Waterproof IPX5 all-round water-resistant and sweat-proof design, outstanding appearance, meanwhile have certain anti-drop performance.\" \/>\n\t\t<meta name=\"twitter:image\" content=\"https:\/\/www.rucashk.com\/wp-content\/uploads\/replace\/503b8e645f128a97ccde2b6290747646.jpeg\" \/>\n\t\t<script type=\"application\/ld+json\" class=\"aioseo-schema\">\n\t\t\t{\"@context\":\"https:\\\/\\\/schema.org\",\"@graph\":[{\"@type\":\"BreadcrumbList\",\"@id\":\"https:\\\/\\\/www.rucashk.com\\\/es\\\/producto\\\/haylou-t15-black-wholesale\\\/#breadcrumblist\",\"itemListElement\":[{\"@type\":\"ListItem\",\"@id\":\"https:\\\/\\\/www.rucashk.com\\\/es\\\/#listItem\",\"position\":1,\"name\":\"Home\",\"item\":\"https:\\\/\\\/www.rucashk.com\\\/es\\\/\",\"nextItem\":\"https:\\\/\\\/www.rucashk.com\\\/es\\\/producto\\\/haylou-t15-black-wholesale\\\/#listItem\"},{\"@type\":\"ListItem\",\"@id\":\"https:\\\/\\\/www.rucashk.com\\\/es\\\/producto\\\/haylou-t15-black-wholesale\\\/#listItem\",\"position\":2,\"name\":\"Haylou T15 (Black) Wholesale\",\"previousItem\":\"https:\\\/\\\/www.rucashk.com\\\/es\\\/#listItem\"}]},{\"@type\":\"Organization\",\"@id\":\"https:\\\/\\\/www.rucashk.com\\\/es\\\/#organization\",\"name\":\"Rucas\",\"url\":\"https:\\\/\\\/www.rucashk.com\\\/es\\\/\",\"logo\":{\"@type\":\"ImageObject\",\"url\":\"https:\\\/\\\/www.rucashk.com\\\/wp-content\\\/uploads\\\/2023\\\/12\\\/Rucas_campany_logo.png\",\"@id\":\"https:\\\/\\\/www.rucashk.com\\\/es\\\/producto\\\/haylou-t15-black-wholesale\\\/#organizationLogo\",\"width\":221,\"height\":65},\"image\":{\"@id\":\"https:\\\/\\\/www.rucashk.com\\\/es\\\/#organizationLogo\"}},{\"@type\":\"Person\",\"@id\":\"https:\\\/\\\/www.rucashk.com\\\/es\\\/author\\\/admin\\\/#author\",\"url\":\"https:\\\/\\\/www.rucashk.com\\\/es\\\/author\\\/admin\\\/\",\"name\":\"admin\",\"image\":{\"@type\":\"ImageObject\",\"@id\":\"https:\\\/\\\/www.rucashk.com\\\/es\\\/producto\\\/haylou-t15-black-wholesale\\\/#authorImage\",\"url\":\"https:\\\/\\\/secure.gravatar.com\\\/avatar\\\/b7c8925b09a27e72b30232f8ecaadbd5af0f70a38c78096863fe51b64f031c24?s=96&d=mm&r=g\",\"width\":96,\"height\":96,\"caption\":\"admin\"}},{\"@type\":\"WebPage\",\"@id\":\"https:\\\/\\\/www.rucashk.com\\\/es\\\/producto\\\/haylou-t15-black-wholesale\\\/#webpage\",\"url\":\"https:\\\/\\\/www.rucashk.com\\\/es\\\/producto\\\/haylou-t15-black-wholesale\\\/\",\"name\":\"Haylou T15 (Black) Wholesale - Rucas - Wholesale and Distribution\",\"description\":\"Highlights Bluetooth 5.0 Adopting Realtek 8763VXP Bluetooth 5.0 chipset, the earphones have 3 times the faster response, faster and more stable. DSP Intelligent Noise Reduction DSP smart digital noise reduction module has been embedded in the Bluetooth chipset to dispel parts of noise to improve sound quality. Large Capacity The charging case comes with a 2200 mAh battery, which can provide 60 hours long battery life, even charging mobile phones. Used Idependently Master-slave switch solved the problem of tedious and disconnected switching of single and double ears of headphones. You can connect two headphones with two different devices separately. IPX5 Waterproof IPX5 all-round water-resistant and sweat-proof design, outstanding appearance, meanwhile have certain anti-drop performance.\",\"inLanguage\":\"es-ES\",\"isPartOf\":{\"@id\":\"https:\\\/\\\/www.rucashk.com\\\/es\\\/#website\"},\"breadcrumb\":{\"@id\":\"https:\\\/\\\/www.rucashk.com\\\/es\\\/producto\\\/haylou-t15-black-wholesale\\\/#breadcrumblist\"},\"author\":{\"@id\":\"https:\\\/\\\/www.rucashk.com\\\/es\\\/author\\\/admin\\\/#author\"},\"creator\":{\"@id\":\"https:\\\/\\\/www.rucashk.com\\\/es\\\/author\\\/admin\\\/#author\"},\"image\":{\"@type\":\"ImageObject\",\"url\":\"https:\\\/\\\/www.rucashk.com\\\/wp-content\\\/uploads\\\/2024\\\/01\\\/Haylou-T15-Bluetooth5-0-TWS-Earbuds-895458-._w500_.jpg\",\"@id\":\"https:\\\/\\\/www.rucashk.com\\\/es\\\/producto\\\/haylou-t15-black-wholesale\\\/#mainImage\",\"width\":500,\"height\":500},\"primaryImageOfPage\":{\"@id\":\"https:\\\/\\\/www.rucashk.com\\\/es\\\/producto\\\/haylou-t15-black-wholesale\\\/#mainImage\"},\"datePublished\":\"2024-01-09T16:02:15+00:00\",\"dateModified\":\"2024-01-22T07:19:30+00:00\"},{\"@type\":\"WebSite\",\"@id\":\"https:\\\/\\\/www.rucashk.com\\\/es\\\/#website\",\"url\":\"https:\\\/\\\/www.rucashk.com\\\/es\\\/\",\"name\":\"Rucas - Wholesale and distribution worldwide\",\"alternateName\":\"Rucas - One-stop AIoT Distribution Worldwide\",\"description\":\"One-stop AIoT Distribution Worldwide\",\"inLanguage\":\"es-ES\",\"publisher\":{\"@id\":\"https:\\\/\\\/www.rucashk.com\\\/es\\\/#organization\"}}]}\n\t\t<\/script>\n\t\t<!-- All in One SEO Pro -->\r\n\t\t<title>Haylou T15 (Black) Wholesale - Rucas - Wholesale and Distribution<\/title>\n\n","aioseo_head_json":{"title":"Haylou T15 (Black) Wholesale - Rucas - Wholesale and Distribution","description":"Highlights Bluetooth 5.0 Adopting Realtek 8763VXP Bluetooth 5.0 chipset, the earphones have 3 times the faster response, faster and more stable. DSP Intelligent Noise Reduction DSP smart digital noise reduction module has been embedded in the Bluetooth chipset to dispel parts of noise to improve sound quality. Large Capacity The charging case comes with a 2200 mAh battery, which can provide 60 hours long battery life, even charging mobile phones. Used Idependently Master-slave switch solved the problem of tedious and disconnected switching of single and double ears of headphones. You can connect two headphones with two different devices separately. IPX5 Waterproof IPX5 all-round water-resistant and sweat-proof design, outstanding appearance, meanwhile have certain anti-drop performance.","canonical_url":"https:\/\/www.rucashk.com\/es\/producto\/haylou-t15-black-wholesale\/","robots":"max-image-preview:large","keywords":"","webmasterTools":{"miscellaneous":""},"og:locale":"es_ES","og:site_name":"Rucas - One-stop AIoT Distribution Worldwide","og:type":"article","og:title":"Haylou T15 (Black) Wholesale - Rucas - Wholesale and Distribution","og:description":"Highlights Bluetooth 5.0 Adopting Realtek 8763VXP Bluetooth 5.0 chipset, the earphones have 3 times the faster response, faster and more stable. DSP Intelligent Noise Reduction DSP smart digital noise reduction module has been embedded in the Bluetooth chipset to dispel parts of noise to improve sound quality. Large Capacity The charging case comes with a 2200 mAh battery, which can provide 60 hours long battery life, even charging mobile phones. Used Idependently Master-slave switch solved the problem of tedious and disconnected switching of single and double ears of headphones. You can connect two headphones with two different devices separately. IPX5 Waterproof IPX5 all-round water-resistant and sweat-proof design, outstanding appearance, meanwhile have certain anti-drop performance.","og:url":"https:\/\/www.rucashk.com\/es\/producto\/haylou-t15-black-wholesale\/","og:image":"https:\/\/www.rucashk.com\/wp-content\/uploads\/replace\/503b8e645f128a97ccde2b6290747646.jpeg","og:image:secure_url":"https:\/\/www.rucashk.com\/wp-content\/uploads\/replace\/503b8e645f128a97ccde2b6290747646.jpeg","og:image:width":1456,"og:image:height":816,"article:published_time":"2024-01-09T16:02:15+00:00","article:modified_time":"2024-01-22T07:19:30+00:00","twitter:card":"summary_large_image","twitter:title":"Haylou T15 (Black) Wholesale - Rucas - Wholesale and Distribution","twitter:description":"Highlights Bluetooth 5.0 Adopting Realtek 8763VXP Bluetooth 5.0 chipset, the earphones have 3 times the faster response, faster and more stable. DSP Intelligent Noise Reduction DSP smart digital noise reduction module has been embedded in the Bluetooth chipset to dispel parts of noise to improve sound quality. Large Capacity The charging case comes with a 2200 mAh battery, which can provide 60 hours long battery life, even charging mobile phones. Used Idependently Master-slave switch solved the problem of tedious and disconnected switching of single and double ears of headphones. You can connect two headphones with two different devices separately. IPX5 Waterproof IPX5 all-round water-resistant and sweat-proof design, outstanding appearance, meanwhile have certain anti-drop performance.","twitter:image":"https:\/\/www.rucashk.com\/wp-content\/uploads\/replace\/503b8e645f128a97ccde2b6290747646.jpeg","schema":{"@context":"https:\/\/schema.org","@graph":[{"@type":"BreadcrumbList","@id":"https:\/\/www.rucashk.com\/es\/producto\/haylou-t15-black-wholesale\/#breadcrumblist","itemListElement":[{"@type":"ListItem","@id":"https:\/\/www.rucashk.com\/es\/#listItem","position":1,"name":"Home","item":"https:\/\/www.rucashk.com\/es\/","nextItem":"https:\/\/www.rucashk.com\/es\/producto\/haylou-t15-black-wholesale\/#listItem"},{"@type":"ListItem","@id":"https:\/\/www.rucashk.com\/es\/producto\/haylou-t15-black-wholesale\/#listItem","position":2,"name":"Haylou T15 (Black) Wholesale","previousItem":"https:\/\/www.rucashk.com\/es\/#listItem"}]},{"@type":"Organization","@id":"https:\/\/www.rucashk.com\/es\/#organization","name":"Rucas","url":"https:\/\/www.rucashk.com\/es\/","logo":{"@type":"ImageObject","url":"https:\/\/www.rucashk.com\/wp-content\/uploads\/2023\/12\/Rucas_campany_logo.png","@id":"https:\/\/www.rucashk.com\/es\/producto\/haylou-t15-black-wholesale\/#organizationLogo","width":221,"height":65},"image":{"@id":"https:\/\/www.rucashk.com\/es\/#organizationLogo"}},{"@type":"Person","@id":"https:\/\/www.rucashk.com\/es\/author\/admin\/#author","url":"https:\/\/www.rucashk.com\/es\/author\/admin\/","name":"admin","image":{"@type":"ImageObject","@id":"https:\/\/www.rucashk.com\/es\/producto\/haylou-t15-black-wholesale\/#authorImage","url":"https:\/\/secure.gravatar.com\/avatar\/b7c8925b09a27e72b30232f8ecaadbd5af0f70a38c78096863fe51b64f031c24?s=96&d=mm&r=g","width":96,"height":96,"caption":"admin"}},{"@type":"WebPage","@id":"https:\/\/www.rucashk.com\/es\/producto\/haylou-t15-black-wholesale\/#webpage","url":"https:\/\/www.rucashk.com\/es\/producto\/haylou-t15-black-wholesale\/","name":"Haylou T15 (Black) Wholesale - Rucas - Wholesale and Distribution","description":"Highlights Bluetooth 5.0 Adopting Realtek 8763VXP Bluetooth 5.0 chipset, the earphones have 3 times the faster response, faster and more stable. DSP Intelligent Noise Reduction DSP smart digital noise reduction module has been embedded in the Bluetooth chipset to dispel parts of noise to improve sound quality. Large Capacity The charging case comes with a 2200 mAh battery, which can provide 60 hours long battery life, even charging mobile phones. Used Idependently Master-slave switch solved the problem of tedious and disconnected switching of single and double ears of headphones. You can connect two headphones with two different devices separately. IPX5 Waterproof IPX5 all-round water-resistant and sweat-proof design, outstanding appearance, meanwhile have certain anti-drop performance.","inLanguage":"es-ES","isPartOf":{"@id":"https:\/\/www.rucashk.com\/es\/#website"},"breadcrumb":{"@id":"https:\/\/www.rucashk.com\/es\/producto\/haylou-t15-black-wholesale\/#breadcrumblist"},"author":{"@id":"https:\/\/www.rucashk.com\/es\/author\/admin\/#author"},"creator":{"@id":"https:\/\/www.rucashk.com\/es\/author\/admin\/#author"},"image":{"@type":"ImageObject","url":"https:\/\/www.rucashk.com\/wp-content\/uploads\/2024\/01\/Haylou-T15-Bluetooth5-0-TWS-Earbuds-895458-._w500_.jpg","@id":"https:\/\/www.rucashk.com\/es\/producto\/haylou-t15-black-wholesale\/#mainImage","width":500,"height":500},"primaryImageOfPage":{"@id":"https:\/\/www.rucashk.com\/es\/producto\/haylou-t15-black-wholesale\/#mainImage"},"datePublished":"2024-01-09T16:02:15+00:00","dateModified":"2024-01-22T07:19:30+00:00"},{"@type":"WebSite","@id":"https:\/\/www.rucashk.com\/es\/#website","url":"https:\/\/www.rucashk.com\/es\/","name":"Rucas - Wholesale and distribution worldwide","alternateName":"Rucas - One-stop AIoT Distribution Worldwide","description":"One-stop AIoT Distribution Worldwide","inLanguage":"es-ES","publisher":{"@id":"https:\/\/www.rucashk.com\/es\/#organization"}}]}},"aioseo_meta_data":{"post_id":"24221","title":null,"description":null,"keywords":null,"keyphrases":null,"primary_term":null,"canonical_url":null,"og_title":null,"og_description":null,"og_object_type":"default","og_image_type":"default","og_image_url":null,"og_image_width":null,"og_image_height":null,"og_image_custom_url":null,"og_image_custom_fields":null,"og_video":null,"og_custom_url":null,"og_article_section":null,"og_article_tags":null,"twitter_use_og":false,"twitter_card":"default","twitter_image_type":"default","twitter_image_url":null,"twitter_image_custom_url":null,"twitter_image_custom_fields":null,"twitter_title":null,"twitter_description":null,"schema":{"blockGraphs":[],"customGraphs":[],"default":{"data":{"Article":[],"Course":[],"Dataset":[],"FAQPage":[],"Movie":[],"Person":[],"Product":[],"Recipe":[],"Service":[],"SoftwareApplication":[],"WebPage":[]},"graphName":"","isEnabled":true},"graphs":[]},"schema_type":"default","schema_type_options":null,"pillar_content":false,"robots_default":true,"robots_noindex":false,"robots_noarchive":false,"robots_nosnippet":false,"robots_nofollow":false,"robots_noimageindex":false,"robots_noodp":false,"robots_notranslate":false,"robots_max_snippet":null,"robots_max_videopreview":null,"robots_max_imagepreview":"large","priority":null,"frequency":null,"local_seo":null,"breadcrumb_settings":null,"limit_modified_date":false,"created":"2024-04-11 01:57:10","updated":"2025-06-22 17:26:59"},"aioseo_breadcrumb":"<div class=\"aioseo-breadcrumbs\"><span class=\"aioseo-breadcrumb\">\n\t<a href=\"https:\/\/www.rucashk.com\/es\" title=\"Home\">Home<\/a>\n<\/span><span class=\"aioseo-breadcrumb-separator\">&raquo;<\/span><span class=\"aioseo-breadcrumb\">\n\t<a href=\"https:\/\/www.rucashk.com\/es\/products\/\" title=\"Productos\">Productos<\/a>\n<\/span><span class=\"aioseo-breadcrumb-separator\">&raquo;<\/span><span class=\"aioseo-breadcrumb\">\n\t<a href=\"https:\/\/www.rucashk.com\/es\/categoria-producto\/xiaomi-eco\/\" title=\"Xiaomi Eco\">Xiaomi Eco<\/a>\n<\/span><span class=\"aioseo-breadcrumb-separator\">&raquo;<\/span><span class=\"aioseo-breadcrumb\">\n\t<a href=\"https:\/\/www.rucashk.com\/es\/categoria-producto\/xiaomi-eco\/haylou-earphone\/\" title=\"Haylou Earphone\">Haylou Earphone<\/a>\n<\/span><span class=\"aioseo-breadcrumb-separator\">&raquo;<\/span><span class=\"aioseo-breadcrumb\">\n\tHaylou T15 (Black) Wholesale\n<\/span><\/div>","aioseo_breadcrumb_json":[{"label":"Home","link":"https:\/\/www.rucashk.com\/es"},{"label":"Productos","link":"https:\/\/www.rucashk.com\/es\/products\/"},{"label":"Xiaomi Eco","link":"https:\/\/www.rucashk.com\/es\/categoria-producto\/xiaomi-eco\/"},{"label":"Haylou Earphone","link":"https:\/\/www.rucashk.com\/es\/categoria-producto\/xiaomi-eco\/haylou-earphone\/"},{"label":"Haylou T15 (Black) Wholesale","link":"https:\/\/www.rucashk.com\/es\/producto\/haylou-t15-black-wholesale\/"}],"_links":{"self":[{"href":"https:\/\/www.rucashk.com\/es\/wp-json\/wp\/v2\/product\/24221","targetHints":{"allow":["GET"]}}],"collection":[{"href":"https:\/\/www.rucashk.com\/es\/wp-json\/wp\/v2\/product"}],"about":[{"href":"https:\/\/www.rucashk.com\/es\/wp-json\/wp\/v2\/types\/product"}],"wp:featuredmedia":[{"embeddable":true,"href":"https:\/\/www.rucashk.com\/es\/wp-json\/wp\/v2\/media\/24377"}],"wp:attachment":[{"href":"https:\/\/www.rucashk.com\/es\/wp-json\/wp\/v2\/media?parent=24221"}],"wp:term":[{"taxonomy":"product_brand","embeddable":true,"href":"https:\/\/www.rucashk.com\/es\/wp-json\/wp\/v2\/product_brand?post=24221"},{"taxonomy":"product_cat","embeddable":true,"href":"https:\/\/www.rucashk.com\/es\/wp-json\/wp\/v2\/product_cat?post=24221"},{"taxonomy":"product_tag","embeddable":true,"href":"https:\/\/www.rucashk.com\/es\/wp-json\/wp\/v2\/product_tag?post=24221"}],"curies":[{"name":"wp","href":"https:\/\/api.w.org\/{rel}","templated":true}]}}