{"id":24220,"date":"2024-01-09T16:02:15","date_gmt":"2024-01-09T16:02:15","guid":{"rendered":"http:\/\/rucashk.com\/?post_type=product&#038;p=24220"},"modified":"2024-01-22T07:19:04","modified_gmt":"2024-01-22T07:19:04","slug":"haylou-gt1-plus-black-wholesale","status":"publish","type":"product","link":"https:\/\/www.rucashk.com\/es\/producto\/haylou-gt1-plus-black-wholesale\/","title":{"rendered":"Haylou GT1 PLUS (negro) al por mayor"},"content":{"rendered":"<p><img fetchpriority=\"high\" decoding=\"async\" class=\"product_lazy aligncenter\" src=\"https:\/\/www.rucashk.com\/wp-content\/uploads\/2020\/07\/fd4d8cf6-83de-4575-88e2-a7adccaf04eb-1.jpg\" alt=\"Haylou GT1 PLUS (Black)\" width=\"1000\" height=\"1965\" data-original=\"\/\/img.gkbcdn.com\/s3\/d\/201912\/fd4d8cf6-83de-4575-88e2-a7adccaf04eb.jpg\" \/><img decoding=\"async\" class=\"product_lazy aligncenter\" src=\"https:\/\/www.rucashk.com\/wp-content\/uploads\/2020\/07\/3b453f33-ecf1-469e-a777-e26c1293d141-1.jpg\" alt=\"Haylou GT1 PLUS (Black)\" width=\"1000\" height=\"1590\" data-original=\"\/\/img.gkbcdn.com\/s3\/d\/201912\/3b453f33-ecf1-469e-a777-e26c1293d141.jpg\" \/><img decoding=\"async\" class=\"product_lazy aligncenter\" src=\"https:\/\/www.rucashk.com\/wp-content\/uploads\/2020\/07\/15345678-ec91-4322-a4f0-733b0e51db13-1.jpg\" alt=\"Haylou GT1 PLUS (Black)\" width=\"1000\" height=\"1536\" data-original=\"\/\/img.gkbcdn.com\/s3\/d\/201912\/15345678-ec91-4322-a4f0-733b0e51db13.jpg\" \/><img loading=\"lazy\" decoding=\"async\" class=\"product_lazy aligncenter\" src=\"https:\/\/www.rucashk.com\/wp-content\/uploads\/2020\/07\/1287c668-5bbe-4900-8f47-64f423be73d5-1.jpg\" alt=\"Haylou GT1 PLUS (Black)\" width=\"1000\" height=\"1936\" data-original=\"\/\/img.gkbcdn.com\/s3\/d\/201912\/1287c668-5bbe-4900-8f47-64f423be73d5.jpg\" \/><img loading=\"lazy\" decoding=\"async\" class=\"product_lazy aligncenter\" src=\"https:\/\/www.rucashk.com\/wp-content\/uploads\/2020\/07\/6937f316-f5ef-4b77-9c31-bbe7f3cd0786-1.jpg\" alt=\"Haylou GT1 PLUS (Black)\" width=\"1000\" height=\"1693\" data-original=\"\/\/img.gkbcdn.com\/s3\/d\/201912\/6937f316-f5ef-4b77-9c31-bbe7f3cd0786.jpg\" \/><img loading=\"lazy\" decoding=\"async\" class=\"product_lazy aligncenter\" src=\"https:\/\/www.rucashk.com\/wp-content\/uploads\/2020\/07\/5a022dee-a4f1-4231-9cd3-d75c84ff429d-1.jpg\" alt=\"Haylou GT1 PLUS (Black)\" width=\"1000\" height=\"1997\" data-original=\"\/\/img.gkbcdn.com\/s3\/d\/201912\/5a022dee-a4f1-4231-9cd3-d75c84ff429d.jpg\" \/><img loading=\"lazy\" decoding=\"async\" class=\"product_lazy aligncenter\" src=\"https:\/\/www.rucashk.com\/wp-content\/uploads\/2020\/07\/8fb9543f-3086-4c21-837b-ff9efb44973a-1.jpg\" alt=\"Haylou GT1 PLUS (Black)\" width=\"1000\" height=\"1784\" data-original=\"\/\/img.gkbcdn.com\/s3\/d\/201912\/8fb9543f-3086-4c21-837b-ff9efb44973a.jpg\" \/><img loading=\"lazy\" decoding=\"async\" class=\"product_lazy aligncenter\" src=\"https:\/\/www.rucashk.com\/wp-content\/uploads\/2020\/07\/6075fbcb-b1e3-496b-b1cd-30f0a7c0a706-1.jpg\" alt=\"Haylou GT1 PLUS (Black)\" width=\"1000\" height=\"1590\" data-original=\"\/\/img.gkbcdn.com\/s3\/d\/201912\/6075fbcb-b1e3-496b-b1cd-30f0a7c0a706.jpg\" \/><img loading=\"lazy\" decoding=\"async\" class=\"product_lazy aligncenter\" src=\"https:\/\/www.rucashk.com\/wp-content\/uploads\/2020\/07\/861cb037-693e-46cd-af41-f5f5c43a192d-1.jpg\" alt=\"Haylou GT1 PLUS (Black)\" width=\"1000\" height=\"1708\" data-original=\"\/\/img.gkbcdn.com\/s3\/d\/201912\/861cb037-693e-46cd-af41-f5f5c43a192d.jpg\" \/><img loading=\"lazy\" decoding=\"async\" class=\"product_lazy aligncenter\" src=\"https:\/\/www.rucashk.com\/wp-content\/uploads\/2020\/07\/de57db96-fae1-476f-80f1-5bf25fc3636f-1.jpg\" alt=\"Haylou GT1 PLUS (Black)\" width=\"1000\" height=\"1713\" data-original=\"\/\/img.gkbcdn.com\/s3\/d\/201912\/de57db96-fae1-476f-80f1-5bf25fc3636f.jpg\" \/><img loading=\"lazy\" decoding=\"async\" class=\"product_lazy aligncenter\" src=\"https:\/\/www.rucashk.com\/wp-content\/uploads\/2020\/07\/76b75d60-8845-446f-b4de-313565865424-1.jpg\" alt=\"Haylou GT1 PLUS (Black)\" width=\"1000\" height=\"1277\" data-original=\"\/\/img.gkbcdn.com\/s3\/d\/201912\/76b75d60-8845-446f-b4de-313565865424.jpg\" \/><img loading=\"lazy\" decoding=\"async\" class=\"product_lazy aligncenter\" src=\"https:\/\/www.rucashk.com\/wp-content\/uploads\/2020\/07\/e8857306-d976-44ed-81bf-3f2aec194ec7-1.jpg\" alt=\"Haylou GT1 PLUS (Black)\" width=\"1000\" height=\"1508\" data-original=\"\/\/img.gkbcdn.com\/s3\/d\/201912\/e8857306-d976-44ed-81bf-3f2aec194ec7.jpg\" \/><img loading=\"lazy\" decoding=\"async\" class=\"product_lazy aligncenter\" src=\"https:\/\/www.rucashk.com\/wp-content\/uploads\/2020\/07\/fdb6e0f4-68c0-4f96-b6e6-59754acef8ea-1.jpg\" alt=\"Haylou GT1 PLUS (Black)\" width=\"1000\" height=\"1670\" data-original=\"\/\/img.gkbcdn.com\/s3\/d\/201912\/fdb6e0f4-68c0-4f96-b6e6-59754acef8ea.jpg\" \/><img loading=\"lazy\" decoding=\"async\" class=\"product_lazy aligncenter\" src=\"https:\/\/www.rucashk.com\/wp-content\/uploads\/2020\/07\/3fc7baf4-055b-44a3-aaba-e87737031d86-1.jpg\" alt=\"Haylou GT1 PLUS (Black)\" width=\"1000\" height=\"1783\" data-original=\"\/\/img.gkbcdn.com\/s3\/d\/201912\/3fc7baf4-055b-44a3-aaba-e87737031d86.jpg\" \/><\/p>\n<h2>Especificaci\u00f3n<\/h2>\n<table class=\"jbEidtTable\" border=\"1\" width=\"982\" cellspacing=\"0\" cellpadding=\"5\">\n<tbody>\n<tr>\n<td width=\"189\" height=\"31\"><strong>General<\/strong><\/td>\n<td width=\"731\">Marca: Haylou<br \/>\nTipo: TWSBluetooth<br \/>\nModelo: GT1 Plus<br \/>\nDe color negro<\/td>\n<\/tr>\n<tr>\n<td height=\"102\"><strong>Especificaci\u00f3n<\/strong><\/td>\n<td>Microprocesador: QCC3020<br \/>\nVersi\u00f3n de Bluetooth: V5.0<br \/>\nDistancia de transmisi\u00f3n: 10m<br \/>\nResistente al agua: IPX5<br \/>\nSensibilidad de recepci\u00f3n: 110 dB<br \/>\nImpedancia: 32 ohmios<br \/>\nRespuesta de frecuencia: 20-20 kHz<br \/>\nCapacidad de los auriculares: 43 mAh<br \/>\nCapacidad de la bater\u00eda Caja de carga: 310 mAh<br \/>\nTiempo de carga: 1,5 h<br \/>\nTiempo de Trabajo: 15h<br \/>\nPerfiles de Bluetooth: HFP\/A2DP\/HSP\/AVRCP<br \/>\nFormato de decodificaci\u00f3n Bluetooth: ACC, APT-X<\/td>\n<\/tr>\n<\/tbody>\n<\/table>","protected":false},"excerpt":{"rendered":"<p><strong>Reflejos<\/strong><br \/>\n<strong>Qualcomm QCC3020<\/strong><br \/>\nAl adoptar el chip Qualcomm QCC3020 Bluetooth 5.0, los auriculares pueden realizar una transmisi\u00f3n de se\u00f1al m\u00e1s r\u00e1pida y estable, cargando m\u00e1s datos y proporcionando un menor consumo.<br \/>\n<strong>Uso independiente<\/strong><br \/>\nLos auriculares se pueden emparejar en dos modos. El modo de emparejamiento TWS para ambos auriculares se conecta con un dispositivo Bluetooth. Un auricular se conecta con un dispositivo Bluetooth para realizar un uso independiente.<br \/>\n<strong>Reducci\u00f3n de ruido DSP+CVC<\/strong><br \/>\nLos auriculares cuentan con tecnolog\u00eda de reducci\u00f3n de ruido DSP y CVC para proporcionar llamadas binaurales HD.<br \/>\n<strong>Siri\/Asistente de Google<\/strong><br \/>\nThree taps of your left earbud to summon your Bluetooth device&#8217;s voice assistant, supporting Siri and Google assistant.<\/p>","protected":false},"featured_media":24373,"template":"","meta":[],"product_brand":[],"product_cat":[1309,1305],"product_tag":[1052],"class_list":{"0":"post-24220","1":"product","2":"type-product","3":"status-publish","4":"has-post-thumbnail","6":"product_cat-haylou-earphone","7":"product_cat-xiaomi-eco","8":"product_tag-haylou-gt1plus-black","10":"first","11":"instock","12":"shipping-taxable","13":"product-type-external"},"aioseo_notices":[],"aioseo_head":"\n\t\t<!-- All in One SEO Pro 4.5.9.2 - aioseo.com -->\n\t\t<meta name=\"description\" content=\"Highlights Qualcomm QCC3020 Adopting Qualcomm QCC3020 Bluetooth 5.0 chip, the earbuds can realize a faster and more stable signal transmission, loading bigger data and providing lower consumption. Independent Usage The earbuds can be paired in two modes. TWS pairing mode for both earbuds connects with one Bluetooth device. One earbud connects with one Bluetooth device to realize independent usage. DSP+CVC Noise Reduction The earbuds have built DSP and CVC noise reduction technology to provide HD binaural calls. Siri\/Google Assistant Three taps of your left earbud to summon your Bluetooth device&#039;s voice assistant, supporting Siri and Google assistant.\" \/>\n\t\t<meta name=\"robots\" content=\"max-image-preview:large\" \/>\n\t\t<link rel=\"canonical\" href=\"https:\/\/www.rucashk.com\/es\/producto\/haylou-gt1-plus-black-wholesale\/\" \/>\n\t\t<meta name=\"generator\" content=\"All in One SEO Pro (AIOSEO) 4.5.9.2\" \/>\n\t\t<meta property=\"og:locale\" content=\"es_ES\" \/>\n\t\t<meta property=\"og:site_name\" content=\"Rucas - One-stop AIoT Distribution Worldwide\" \/>\n\t\t<meta property=\"og:type\" content=\"article\" \/>\n\t\t<meta property=\"og:title\" content=\"Haylou GT1 PLUS (Black) Wholesale - Rucas - Wholesale and Distribution\" \/>\n\t\t<meta property=\"og:description\" content=\"Highlights Qualcomm QCC3020 Adopting Qualcomm QCC3020 Bluetooth 5.0 chip, the earbuds can realize a faster and more stable signal transmission, loading bigger data and providing lower consumption. Independent Usage The earbuds can be paired in two modes. TWS pairing mode for both earbuds connects with one Bluetooth device. One earbud connects with one Bluetooth device to realize independent usage. DSP+CVC Noise Reduction The earbuds have built DSP and CVC noise reduction technology to provide HD binaural calls. Siri\/Google Assistant Three taps of your left earbud to summon your Bluetooth device&#039;s voice assistant, supporting Siri and Google assistant.\" \/>\n\t\t<meta property=\"og:url\" content=\"https:\/\/www.rucashk.com\/es\/producto\/haylou-gt1-plus-black-wholesale\/\" \/>\n\t\t<meta property=\"og:image\" content=\"https:\/\/www.rucashk.com\/wp-content\/uploads\/replace\/503b8e645f128a97ccde2b6290747646.jpeg\" \/>\n\t\t<meta property=\"og:image:secure_url\" content=\"https:\/\/www.rucashk.com\/wp-content\/uploads\/replace\/503b8e645f128a97ccde2b6290747646.jpeg\" \/>\n\t\t<meta property=\"og:image:width\" content=\"1456\" \/>\n\t\t<meta property=\"og:image:height\" content=\"816\" \/>\n\t\t<meta property=\"article:published_time\" content=\"2024-01-09T16:02:15+00:00\" \/>\n\t\t<meta property=\"article:modified_time\" content=\"2024-01-22T07:19:04+00:00\" \/>\n\t\t<meta name=\"twitter:card\" content=\"summary_large_image\" \/>\n\t\t<meta name=\"twitter:title\" content=\"Haylou GT1 PLUS (Black) Wholesale - Rucas - Wholesale and Distribution\" \/>\n\t\t<meta name=\"twitter:description\" content=\"Highlights Qualcomm QCC3020 Adopting Qualcomm QCC3020 Bluetooth 5.0 chip, the earbuds can realize a faster and more stable signal transmission, loading bigger data and providing lower consumption. Independent Usage The earbuds can be paired in two modes. TWS pairing mode for both earbuds connects with one Bluetooth device. One earbud connects with one Bluetooth device to realize independent usage. DSP+CVC Noise Reduction The earbuds have built DSP and CVC noise reduction technology to provide HD binaural calls. Siri\/Google Assistant Three taps of your left earbud to summon your Bluetooth device&#039;s voice assistant, supporting Siri and Google assistant.\" \/>\n\t\t<meta name=\"twitter:image\" content=\"https:\/\/www.rucashk.com\/wp-content\/uploads\/replace\/503b8e645f128a97ccde2b6290747646.jpeg\" \/>\n\t\t<script type=\"application\/ld+json\" class=\"aioseo-schema\">\n\t\t\t{\"@context\":\"https:\\\/\\\/schema.org\",\"@graph\":[{\"@type\":\"BreadcrumbList\",\"@id\":\"https:\\\/\\\/www.rucashk.com\\\/es\\\/producto\\\/haylou-gt1-plus-black-wholesale\\\/#breadcrumblist\",\"itemListElement\":[{\"@type\":\"ListItem\",\"@id\":\"https:\\\/\\\/www.rucashk.com\\\/es\\\/#listItem\",\"position\":1,\"name\":\"Home\",\"item\":\"https:\\\/\\\/www.rucashk.com\\\/es\\\/\",\"nextItem\":\"https:\\\/\\\/www.rucashk.com\\\/es\\\/producto\\\/haylou-gt1-plus-black-wholesale\\\/#listItem\"},{\"@type\":\"ListItem\",\"@id\":\"https:\\\/\\\/www.rucashk.com\\\/es\\\/producto\\\/haylou-gt1-plus-black-wholesale\\\/#listItem\",\"position\":2,\"name\":\"Haylou GT1 PLUS (Black) Wholesale\",\"previousItem\":\"https:\\\/\\\/www.rucashk.com\\\/es\\\/#listItem\"}]},{\"@type\":\"Organization\",\"@id\":\"https:\\\/\\\/www.rucashk.com\\\/es\\\/#organization\",\"name\":\"Rucas\",\"url\":\"https:\\\/\\\/www.rucashk.com\\\/es\\\/\",\"logo\":{\"@type\":\"ImageObject\",\"url\":\"https:\\\/\\\/www.rucashk.com\\\/wp-content\\\/uploads\\\/2023\\\/12\\\/Rucas_campany_logo.png\",\"@id\":\"https:\\\/\\\/www.rucashk.com\\\/es\\\/producto\\\/haylou-gt1-plus-black-wholesale\\\/#organizationLogo\",\"width\":221,\"height\":65},\"image\":{\"@id\":\"https:\\\/\\\/www.rucashk.com\\\/es\\\/#organizationLogo\"}},{\"@type\":\"Person\",\"@id\":\"https:\\\/\\\/www.rucashk.com\\\/es\\\/author\\\/admin\\\/#author\",\"url\":\"https:\\\/\\\/www.rucashk.com\\\/es\\\/author\\\/admin\\\/\",\"name\":\"admin\",\"image\":{\"@type\":\"ImageObject\",\"@id\":\"https:\\\/\\\/www.rucashk.com\\\/es\\\/producto\\\/haylou-gt1-plus-black-wholesale\\\/#authorImage\",\"url\":\"https:\\\/\\\/secure.gravatar.com\\\/avatar\\\/b7c8925b09a27e72b30232f8ecaadbd5af0f70a38c78096863fe51b64f031c24?s=96&d=mm&r=g\",\"width\":96,\"height\":96,\"caption\":\"admin\"}},{\"@type\":\"WebPage\",\"@id\":\"https:\\\/\\\/www.rucashk.com\\\/es\\\/producto\\\/haylou-gt1-plus-black-wholesale\\\/#webpage\",\"url\":\"https:\\\/\\\/www.rucashk.com\\\/es\\\/producto\\\/haylou-gt1-plus-black-wholesale\\\/\",\"name\":\"Haylou GT1 PLUS (Black) Wholesale - Rucas - Wholesale and Distribution\",\"description\":\"Highlights Qualcomm QCC3020 Adopting Qualcomm QCC3020 Bluetooth 5.0 chip, the earbuds can realize a faster and more stable signal transmission, loading bigger data and providing lower consumption. Independent Usage The earbuds can be paired in two modes. TWS pairing mode for both earbuds connects with one Bluetooth device. One earbud connects with one Bluetooth device to realize independent usage. DSP+CVC Noise Reduction The earbuds have built DSP and CVC noise reduction technology to provide HD binaural calls. Siri\\\/Google Assistant Three taps of your left earbud to summon your Bluetooth device's voice assistant, supporting Siri and Google assistant.\",\"inLanguage\":\"es-ES\",\"isPartOf\":{\"@id\":\"https:\\\/\\\/www.rucashk.com\\\/es\\\/#website\"},\"breadcrumb\":{\"@id\":\"https:\\\/\\\/www.rucashk.com\\\/es\\\/producto\\\/haylou-gt1-plus-black-wholesale\\\/#breadcrumblist\"},\"author\":{\"@id\":\"https:\\\/\\\/www.rucashk.com\\\/es\\\/author\\\/admin\\\/#author\"},\"creator\":{\"@id\":\"https:\\\/\\\/www.rucashk.com\\\/es\\\/author\\\/admin\\\/#author\"},\"image\":{\"@type\":\"ImageObject\",\"url\":\"https:\\\/\\\/www.rucashk.com\\\/wp-content\\\/uploads\\\/2024\\\/01\\\/Haylou-GT1-Plus-TWS-Bluetooth-5-0-Noising-reduction-Earsets-889452-._w500_-1.jpg\",\"@id\":\"https:\\\/\\\/www.rucashk.com\\\/es\\\/producto\\\/haylou-gt1-plus-black-wholesale\\\/#mainImage\",\"width\":500,\"height\":500},\"primaryImageOfPage\":{\"@id\":\"https:\\\/\\\/www.rucashk.com\\\/es\\\/producto\\\/haylou-gt1-plus-black-wholesale\\\/#mainImage\"},\"datePublished\":\"2024-01-09T16:02:15+00:00\",\"dateModified\":\"2024-01-22T07:19:04+00:00\"},{\"@type\":\"WebSite\",\"@id\":\"https:\\\/\\\/www.rucashk.com\\\/es\\\/#website\",\"url\":\"https:\\\/\\\/www.rucashk.com\\\/es\\\/\",\"name\":\"Rucas - Wholesale and distribution worldwide\",\"alternateName\":\"Rucas - One-stop AIoT Distribution Worldwide\",\"description\":\"One-stop AIoT Distribution Worldwide\",\"inLanguage\":\"es-ES\",\"publisher\":{\"@id\":\"https:\\\/\\\/www.rucashk.com\\\/es\\\/#organization\"}}]}\n\t\t<\/script>\n\t\t<!-- All in One SEO Pro -->\r\n\t\t<title>Haylou GT1 PLUS (Black) Wholesale - Rucas - Wholesale and Distribution<\/title>\n\n","aioseo_head_json":{"title":"Haylou GT1 PLUS (Black) Wholesale - Rucas - Wholesale and Distribution","description":"Highlights Qualcomm QCC3020 Adopting Qualcomm QCC3020 Bluetooth 5.0 chip, the earbuds can realize a faster and more stable signal transmission, loading bigger data and providing lower consumption. Independent Usage The earbuds can be paired in two modes. TWS pairing mode for both earbuds connects with one Bluetooth device. One earbud connects with one Bluetooth device to realize independent usage. DSP+CVC Noise Reduction The earbuds have built DSP and CVC noise reduction technology to provide HD binaural calls. Siri\/Google Assistant Three taps of your left earbud to summon your Bluetooth device's voice assistant, supporting Siri and Google assistant.","canonical_url":"https:\/\/www.rucashk.com\/es\/producto\/haylou-gt1-plus-black-wholesale\/","robots":"max-image-preview:large","keywords":"","webmasterTools":{"miscellaneous":""},"og:locale":"es_ES","og:site_name":"Rucas - One-stop AIoT Distribution Worldwide","og:type":"article","og:title":"Haylou GT1 PLUS (Black) Wholesale - Rucas - Wholesale and Distribution","og:description":"Highlights Qualcomm QCC3020 Adopting Qualcomm QCC3020 Bluetooth 5.0 chip, the earbuds can realize a faster and more stable signal transmission, loading bigger data and providing lower consumption. Independent Usage The earbuds can be paired in two modes. TWS pairing mode for both earbuds connects with one Bluetooth device. One earbud connects with one Bluetooth device to realize independent usage. DSP+CVC Noise Reduction The earbuds have built DSP and CVC noise reduction technology to provide HD binaural calls. Siri\/Google Assistant Three taps of your left earbud to summon your Bluetooth device's voice assistant, supporting Siri and Google assistant.","og:url":"https:\/\/www.rucashk.com\/es\/producto\/haylou-gt1-plus-black-wholesale\/","og:image":"https:\/\/www.rucashk.com\/wp-content\/uploads\/replace\/503b8e645f128a97ccde2b6290747646.jpeg","og:image:secure_url":"https:\/\/www.rucashk.com\/wp-content\/uploads\/replace\/503b8e645f128a97ccde2b6290747646.jpeg","og:image:width":1456,"og:image:height":816,"article:published_time":"2024-01-09T16:02:15+00:00","article:modified_time":"2024-01-22T07:19:04+00:00","twitter:card":"summary_large_image","twitter:title":"Haylou GT1 PLUS (Black) Wholesale - Rucas - Wholesale and Distribution","twitter:description":"Highlights Qualcomm QCC3020 Adopting Qualcomm QCC3020 Bluetooth 5.0 chip, the earbuds can realize a faster and more stable signal transmission, loading bigger data and providing lower consumption. Independent Usage The earbuds can be paired in two modes. TWS pairing mode for both earbuds connects with one Bluetooth device. One earbud connects with one Bluetooth device to realize independent usage. DSP+CVC Noise Reduction The earbuds have built DSP and CVC noise reduction technology to provide HD binaural calls. Siri\/Google Assistant Three taps of your left earbud to summon your Bluetooth device's voice assistant, supporting Siri and Google assistant.","twitter:image":"https:\/\/www.rucashk.com\/wp-content\/uploads\/replace\/503b8e645f128a97ccde2b6290747646.jpeg","schema":{"@context":"https:\/\/schema.org","@graph":[{"@type":"BreadcrumbList","@id":"https:\/\/www.rucashk.com\/es\/producto\/haylou-gt1-plus-black-wholesale\/#breadcrumblist","itemListElement":[{"@type":"ListItem","@id":"https:\/\/www.rucashk.com\/es\/#listItem","position":1,"name":"Home","item":"https:\/\/www.rucashk.com\/es\/","nextItem":"https:\/\/www.rucashk.com\/es\/producto\/haylou-gt1-plus-black-wholesale\/#listItem"},{"@type":"ListItem","@id":"https:\/\/www.rucashk.com\/es\/producto\/haylou-gt1-plus-black-wholesale\/#listItem","position":2,"name":"Haylou GT1 PLUS (Black) Wholesale","previousItem":"https:\/\/www.rucashk.com\/es\/#listItem"}]},{"@type":"Organization","@id":"https:\/\/www.rucashk.com\/es\/#organization","name":"Rucas","url":"https:\/\/www.rucashk.com\/es\/","logo":{"@type":"ImageObject","url":"https:\/\/www.rucashk.com\/wp-content\/uploads\/2023\/12\/Rucas_campany_logo.png","@id":"https:\/\/www.rucashk.com\/es\/producto\/haylou-gt1-plus-black-wholesale\/#organizationLogo","width":221,"height":65},"image":{"@id":"https:\/\/www.rucashk.com\/es\/#organizationLogo"}},{"@type":"Person","@id":"https:\/\/www.rucashk.com\/es\/author\/admin\/#author","url":"https:\/\/www.rucashk.com\/es\/author\/admin\/","name":"admin","image":{"@type":"ImageObject","@id":"https:\/\/www.rucashk.com\/es\/producto\/haylou-gt1-plus-black-wholesale\/#authorImage","url":"https:\/\/secure.gravatar.com\/avatar\/b7c8925b09a27e72b30232f8ecaadbd5af0f70a38c78096863fe51b64f031c24?s=96&d=mm&r=g","width":96,"height":96,"caption":"admin"}},{"@type":"WebPage","@id":"https:\/\/www.rucashk.com\/es\/producto\/haylou-gt1-plus-black-wholesale\/#webpage","url":"https:\/\/www.rucashk.com\/es\/producto\/haylou-gt1-plus-black-wholesale\/","name":"Haylou GT1 PLUS (Black) Wholesale - Rucas - Wholesale and Distribution","description":"Highlights Qualcomm QCC3020 Adopting Qualcomm QCC3020 Bluetooth 5.0 chip, the earbuds can realize a faster and more stable signal transmission, loading bigger data and providing lower consumption. Independent Usage The earbuds can be paired in two modes. TWS pairing mode for both earbuds connects with one Bluetooth device. One earbud connects with one Bluetooth device to realize independent usage. DSP+CVC Noise Reduction The earbuds have built DSP and CVC noise reduction technology to provide HD binaural calls. Siri\/Google Assistant Three taps of your left earbud to summon your Bluetooth device's voice assistant, supporting Siri and Google assistant.","inLanguage":"es-ES","isPartOf":{"@id":"https:\/\/www.rucashk.com\/es\/#website"},"breadcrumb":{"@id":"https:\/\/www.rucashk.com\/es\/producto\/haylou-gt1-plus-black-wholesale\/#breadcrumblist"},"author":{"@id":"https:\/\/www.rucashk.com\/es\/author\/admin\/#author"},"creator":{"@id":"https:\/\/www.rucashk.com\/es\/author\/admin\/#author"},"image":{"@type":"ImageObject","url":"https:\/\/www.rucashk.com\/wp-content\/uploads\/2024\/01\/Haylou-GT1-Plus-TWS-Bluetooth-5-0-Noising-reduction-Earsets-889452-._w500_-1.jpg","@id":"https:\/\/www.rucashk.com\/es\/producto\/haylou-gt1-plus-black-wholesale\/#mainImage","width":500,"height":500},"primaryImageOfPage":{"@id":"https:\/\/www.rucashk.com\/es\/producto\/haylou-gt1-plus-black-wholesale\/#mainImage"},"datePublished":"2024-01-09T16:02:15+00:00","dateModified":"2024-01-22T07:19:04+00:00"},{"@type":"WebSite","@id":"https:\/\/www.rucashk.com\/es\/#website","url":"https:\/\/www.rucashk.com\/es\/","name":"Rucas - Wholesale and distribution worldwide","alternateName":"Rucas - One-stop AIoT Distribution Worldwide","description":"One-stop AIoT Distribution Worldwide","inLanguage":"es-ES","publisher":{"@id":"https:\/\/www.rucashk.com\/es\/#organization"}}]}},"aioseo_meta_data":{"post_id":"24220","title":null,"description":null,"keywords":null,"keyphrases":null,"primary_term":null,"canonical_url":null,"og_title":null,"og_description":null,"og_object_type":"default","og_image_type":"default","og_image_url":null,"og_image_width":null,"og_image_height":null,"og_image_custom_url":null,"og_image_custom_fields":null,"og_video":null,"og_custom_url":null,"og_article_section":null,"og_article_tags":null,"twitter_use_og":false,"twitter_card":"default","twitter_image_type":"default","twitter_image_url":null,"twitter_image_custom_url":null,"twitter_image_custom_fields":null,"twitter_title":null,"twitter_description":null,"schema":{"blockGraphs":[],"customGraphs":[],"default":{"data":{"Article":[],"Course":[],"Dataset":[],"FAQPage":[],"Movie":[],"Person":[],"Product":[],"Recipe":[],"Service":[],"SoftwareApplication":[],"WebPage":[]},"graphName":"","isEnabled":true},"graphs":[]},"schema_type":"default","schema_type_options":null,"pillar_content":false,"robots_default":true,"robots_noindex":false,"robots_noarchive":false,"robots_nosnippet":false,"robots_nofollow":false,"robots_noimageindex":false,"robots_noodp":false,"robots_notranslate":false,"robots_max_snippet":null,"robots_max_videopreview":null,"robots_max_imagepreview":"large","priority":null,"frequency":null,"local_seo":null,"breadcrumb_settings":null,"limit_modified_date":false,"created":"2024-04-11 01:57:10","updated":"2025-06-22 17:26:25"},"aioseo_breadcrumb":"<div class=\"aioseo-breadcrumbs\"><span class=\"aioseo-breadcrumb\">\n\t<a href=\"https:\/\/www.rucashk.com\/es\" title=\"Home\">Home<\/a>\n<\/span><span class=\"aioseo-breadcrumb-separator\">&raquo;<\/span><span class=\"aioseo-breadcrumb\">\n\t<a href=\"https:\/\/www.rucashk.com\/es\/products\/\" title=\"Productos\">Productos<\/a>\n<\/span><span class=\"aioseo-breadcrumb-separator\">&raquo;<\/span><span class=\"aioseo-breadcrumb\">\n\t<a href=\"https:\/\/www.rucashk.com\/es\/categoria-producto\/xiaomi-eco\/\" title=\"Xiaomi Eco\">Xiaomi Eco<\/a>\n<\/span><span class=\"aioseo-breadcrumb-separator\">&raquo;<\/span><span class=\"aioseo-breadcrumb\">\n\t<a href=\"https:\/\/www.rucashk.com\/es\/categoria-producto\/xiaomi-eco\/haylou-earphone\/\" title=\"Haylou Earphone\">Haylou Earphone<\/a>\n<\/span><span class=\"aioseo-breadcrumb-separator\">&raquo;<\/span><span class=\"aioseo-breadcrumb\">\n\tHaylou GT1 PLUS (Black) Wholesale\n<\/span><\/div>","aioseo_breadcrumb_json":[{"label":"Home","link":"https:\/\/www.rucashk.com\/es"},{"label":"Productos","link":"https:\/\/www.rucashk.com\/es\/products\/"},{"label":"Xiaomi Eco","link":"https:\/\/www.rucashk.com\/es\/categoria-producto\/xiaomi-eco\/"},{"label":"Haylou Earphone","link":"https:\/\/www.rucashk.com\/es\/categoria-producto\/xiaomi-eco\/haylou-earphone\/"},{"label":"Haylou GT1 PLUS (Black) Wholesale","link":"https:\/\/www.rucashk.com\/es\/producto\/haylou-gt1-plus-black-wholesale\/"}],"_links":{"self":[{"href":"https:\/\/www.rucashk.com\/es\/wp-json\/wp\/v2\/product\/24220","targetHints":{"allow":["GET"]}}],"collection":[{"href":"https:\/\/www.rucashk.com\/es\/wp-json\/wp\/v2\/product"}],"about":[{"href":"https:\/\/www.rucashk.com\/es\/wp-json\/wp\/v2\/types\/product"}],"wp:featuredmedia":[{"embeddable":true,"href":"https:\/\/www.rucashk.com\/es\/wp-json\/wp\/v2\/media\/24373"}],"wp:attachment":[{"href":"https:\/\/www.rucashk.com\/es\/wp-json\/wp\/v2\/media?parent=24220"}],"wp:term":[{"taxonomy":"product_brand","embeddable":true,"href":"https:\/\/www.rucashk.com\/es\/wp-json\/wp\/v2\/product_brand?post=24220"},{"taxonomy":"product_cat","embeddable":true,"href":"https:\/\/www.rucashk.com\/es\/wp-json\/wp\/v2\/product_cat?post=24220"},{"taxonomy":"product_tag","embeddable":true,"href":"https:\/\/www.rucashk.com\/es\/wp-json\/wp\/v2\/product_tag?post=24220"}],"curies":[{"name":"wp","href":"https:\/\/api.w.org\/{rel}","templated":true}]}}