{"id":24217,"date":"2024-01-09T16:02:15","date_gmt":"2024-01-09T16:02:15","guid":{"rendered":"http:\/\/rucashk.com\/?post_type=product&#038;p=24217"},"modified":"2024-03-11T06:31:02","modified_gmt":"2024-03-11T06:31:02","slug":"huawei-watch-gt-2-wholesale","status":"publish","type":"product","link":"https:\/\/www.rucashk.com\/es\/producto\/huawei-watch-gt-2-wholesale\/","title":{"rendered":"RELOJ HUAWEI GT 2"},"content":{"rendered":"<table border=\"0\" width=\"750\" cellspacing=\"0\" cellpadding=\"0\">\n<tbody>\n<tr class=\"firstRow\">\n<td colspan=\"4\" width=\"750\" height=\"74\">HUAWEI WATCH GT 2 \u2013 EXPLORA M\u00c1S<br \/>\nKirin A1I | Bater\u00eda de larga duraci\u00f3n | Modos deportivos inteligentes<\/td>\n<\/tr>\n<tr>\n<td colspan=\"4\" height=\"685\">\u00a0<img fetchpriority=\"high\" decoding=\"async\" class=\"js-descLazyload lazy-loaded aligncenter\" title=\"HUAWEI WATCH GT 2 46mm Bluetooth 46mm Smartwatch Versi\u00f3n deportiva - Negro\" src=\"\/wp-content\/uploads\/replace\/dff1403aca353f78d59d8f8e6013c911.jpeg\" alt=\"HUAWEI WATCH GT 2\" width=\"740\" height=\"683\" data-lazy=\"\/wp-content\/uploads\/replace\/dff1403aca353f78d59d8f8e6013c911.jpeg\" data-was-processed=\"true\" \/><\/td>\n<\/tr>\n<tr>\n<td colspan=\"2\" width=\"375\" height=\"395\">Algoritmos 2.0 de ahorro de energ\u00eda y doble chip Kirin A1 de desarrollo propio<br \/>\nKirin A1, el primer chip port\u00e1til de desarrollo propio de HUAWEI, que garantiza un alto rendimiento operativo y un consumo de energ\u00eda incre\u00edblemente bajo.<br \/>\nEl dise\u00f1o de doble chip y los algoritmos de ahorro de energ\u00eda 2.0 garantizan que HUAWEI WATCH GT 2 consuma menos energ\u00eda para lograr una potencia asombrosa para soporte durante todo el d\u00eda y la noche. Este reloj inteligente optimiza autom\u00e1ticamente el consumo de energ\u00eda para una bater\u00eda m\u00e1s duradera.<\/td>\n<td colspan=\"2\" width=\"375\"><img decoding=\"async\" class=\"js-descLazyload lazy-loaded alignnone\" title=\"HUAWEI WATCH GT 2 46mm Bluetooth 46mm Smartwatch Versi\u00f3n deportiva - Negro\" src=\"\/wp-content\/uploads\/replace\/b97df478f0555078096811d42f5eee01.jpeg\" alt=\"HUAWEI WATCH GT 2\" width=\"370\" height=\"389\" data-lazy=\"\/wp-content\/uploads\/replace\/b97df478f0555078096811d42f5eee01.jpeg\" data-was-processed=\"true\" \/><\/td>\n<\/tr>\n<tr>\n<td colspan=\"2\" width=\"375\" height=\"395\"><img decoding=\"async\" class=\"js-descLazyload lazy-loaded alignnone\" title=\"HUAWEI WATCH GT 2 46mm Bluetooth 46mm Smartwatch Versi\u00f3n deportiva - Negro\" src=\"\/wp-content\/uploads\/replace\/f9bed94b80827c0c42ef3b37deb9212c.jpeg\" alt=\"HUAWEI WATCH GT 2\" width=\"370\" height=\"389\" data-lazy=\"\/wp-content\/uploads\/replace\/f9bed94b80827c0c42ef3b37deb9212c.jpeg\" data-was-processed=\"true\" \/><\/td>\n<td colspan=\"2\" width=\"375\">Potencia asombrosa, hasta 2 semanas de duraci\u00f3n de la bater\u00eda<br \/>\nLa serie HUAWEI WATCH GT siempre explora los l\u00edmites de la duraci\u00f3n de la bater\u00eda de los relojes inteligentes. Con el chip port\u00e1til Kirin A1 de desarrollo propio de HUAWEI, el dise\u00f1o de doble chip y la tecnolog\u00eda inteligente de ahorro de energ\u00eda, le sirve d\u00eda y noche durante hasta 2 semanas.<\/td>\n<\/tr>\n<tr>\n<td width=\"187.5\" height=\"180\"><img loading=\"lazy\" decoding=\"async\" class=\"js-descLazyload lazy-loaded alignnone\" title=\"HUAWEI WATCH GT 2 46mm Bluetooth 46mm Smartwatch Versi\u00f3n deportiva - Negro\" src=\"\/wp-content\/uploads\/replace\/c8073982a3e70f1085d831de1f9cba37.jpeg\" alt=\"HUAWEI WATCH GT 2\" width=\"185\" height=\"174\" data-lazy=\"\/wp-content\/uploads\/replace\/c8073982a3e70f1085d831de1f9cba37.jpeg\" data-was-processed=\"true\" \/><\/td>\n<td width=\"187.5\">Nuevo dise\u00f1o cl\u00e1sico de pantalla de cristal curvado 3D<br \/>\nEl vidrio de alta calidad tallado mediante tecnolog\u00eda de procesamiento de piedras preciosas lo hace duradero y resistente al agua y al polvo.<\/td>\n<td width=\"187.5\">\u00a0<img loading=\"lazy\" decoding=\"async\" class=\"js-descLazyload lazy-loaded alignnone\" title=\"HUAWEI WATCH GT 2 46mm Bluetooth 46mm Smartwatch Versi\u00f3n deportiva - Negro\" src=\"\/wp-content\/uploads\/replace\/37410181aa6eeb93cf9fcccfa13b4f0f.jpeg\" alt=\"HUAWEI WATCH GT 2\" width=\"185\" height=\"107\" data-lazy=\"\/wp-content\/uploads\/replace\/37410181aa6eeb93cf9fcccfa13b4f0f.jpeg\" data-was-processed=\"true\" \/><\/td>\n<td width=\"187.5\">Dise\u00f1o de caja ultradelgada de 9,4 mm<br \/>\nCon la pantalla curva 3D, la caja del reloj ultrafina de 9,4 mm supera los l\u00edmites del dise\u00f1o y la artesan\u00eda. Elegante, suave y duradera.<\/td>\n<\/tr>\n<tr>\n<td colspan=\"4\" width=\"750\" height=\"74\">Usted elige su estado de \u00e1nimo con una variedad de esferas de reloj<br \/>\nHay una variedad de esferas de reloj disponibles para que las selecciones y las personalices.<br \/>\nRefresca tu estado de \u00e1nimo cotidiano con diferentes colores y estilos.<\/td>\n<\/tr>\n<tr>\n<td colspan=\"4\" height=\"585\"><img loading=\"lazy\" decoding=\"async\" class=\"js-descLazyload lazy-loaded aligncenter\" title=\"HUAWEI WATCH GT 2 46mm Bluetooth 46mm Smartwatch Versi\u00f3n deportiva - Negro\" src=\"\/wp-content\/uploads\/replace\/7d67cc17c05178db26f5fcc0c79f56b5.jpeg\" alt=\"HUAWEI WATCH GT 2\" width=\"740\" height=\"582\" data-lazy=\"\/wp-content\/uploads\/replace\/7d67cc17c05178db26f5fcc0c79f56b5.jpeg\" data-was-processed=\"true\" \/><\/td>\n<\/tr>\n<\/tbody>\n<\/table>\n<table border=\"1\" cellpadding=\"5\">\n<tbody>\n<tr>\n<td colspan=\"5\"><strong>Especificaci\u00f3n<\/strong><\/td>\n<\/tr>\n<tr>\n<td>\u00a0Marca<\/td>\n<td colspan=\"3\"><strong>\u00a0Huawei<\/strong><\/td>\n<\/tr>\n<tr>\n<td>\u00a0Modelo<\/td>\n<td colspan=\"3\"><strong>\u00a0VER GT 2<\/strong><\/td>\n<\/tr>\n<tr>\n<td>\u00a0Versi\u00f3n Bluetooth<\/td>\n<td colspan=\"3\">\u00a0BT5.1<\/td>\n<\/tr>\n<tr>\n<td>\u00a0SO compatibles<\/td>\n<td colspan=\"3\">\u00a0Android 4.4 o superior, iOS 9.0 o superior<\/td>\n<\/tr>\n<tr>\n<td>\u00a0Modo operativo<\/td>\n<td colspan=\"3\">\u00a0Toque completo<\/td>\n<\/tr>\n<tr>\n<td>\u00a0Nombre de la aplicaci\u00f3n<\/td>\n<td colspan=\"3\"><strong>\u00a0Salud deportiva de Huawei<\/strong><\/td>\n<\/tr>\n<tr>\n<td>\u00a0Idioma de la aplicaci\u00f3n<\/td>\n<td colspan=\"3\">\u00a0Ingl\u00e9s, chino simplificado, ingl\u00e9s americano, ingl\u00e9s brit\u00e1nico, franc\u00e9s, alem\u00e1n, ruso, italiano, japon\u00e9s, espa\u00f1ol, portugu\u00e9s<\/td>\n<\/tr>\n<\/tbody>\n<\/table>","protected":false},"excerpt":{"rendered":"<p><strong>Caracter\u00edstica:<br \/>\n<\/strong>1.Exquisite appearance&#8212;1.39-inch AMOLED full touch screen with 3D curved glass\u00a0makes the field of view more natural and the touch smoother.<br \/>\n2.Kirin A1 Chip&#8212;Huawei&#8217;s first low-energy wearable chip with highly integrated chip design and multi-core efficient operation.<br \/>\n3.Strong Battery Life&#8211;The battery capacity is up to 455mAh which can\u00a0be up to 14 days battery life in usual with intelligent power saving algorithm,30h in GPS mode.<br \/>\n4.Multi-sport Mode&#8212;Support 15 indoor and outdoor sports modes and 13 running course to build your sports life.<br \/>\n5.Health Monitor&#8212;24 hours heart rate,blood oxygen,sleep and pressure monitoring with Huawei\u00a0Intelligent Algorithm.<\/p>","protected":false},"featured_media":24352,"template":"","meta":[],"product_brand":[],"product_cat":[1345,1322],"product_tag":[1049],"class_list":{"0":"post-24217","1":"product","2":"type-product","3":"status-publish","4":"has-post-thumbnail","6":"product_cat-huawei-other-a-brands","7":"product_cat-other-a-brands","8":"product_tag-huawei-gt2","10":"first","11":"instock","12":"shipping-taxable","13":"product-type-external"},"aioseo_notices":[],"aioseo_head":"\n\t\t<!-- All in One SEO Pro 4.5.9.2 - aioseo.com -->\n\t\t<meta name=\"description\" content=\"Feature: 1.Exquisite appearance---1.39-inch AMOLED full touch screen with 3D curved glass makes the field of view more natural and the touch smoother. 2.Kirin A1 Chip---Huawei&#039;s first low-energy wearable chip with highly integrated chip design and multi-core efficient operation. 3.Strong Battery Life--The battery capacity is up to 455mAh which can be up to 14 days battery life in usual with intelligent power saving algorithm,30h in GPS mode. 4.Multi-sport Mode---Support 15 indoor and outdoor sports modes and 13 running course to build your sports life. 5.Health Monitor---24 hours heart rate,blood oxygen,sleep and pressure monitoring with Huawei Intelligent Algorithm.\" \/>\n\t\t<meta name=\"robots\" content=\"max-image-preview:large\" \/>\n\t\t<link rel=\"canonical\" href=\"https:\/\/www.rucashk.com\/es\/producto\/huawei-watch-gt-2-wholesale\/\" \/>\n\t\t<meta name=\"generator\" content=\"All in One SEO Pro (AIOSEO) 4.5.9.2\" \/>\n\t\t<meta property=\"og:locale\" content=\"es_ES\" \/>\n\t\t<meta property=\"og:site_name\" content=\"Rucas - One-stop AIoT Distribution Worldwide\" \/>\n\t\t<meta property=\"og:type\" content=\"article\" \/>\n\t\t<meta property=\"og:title\" content=\"HUAWEI WATCH GT 2 Wholesale - Rucas - Wholesale and Distribution\" \/>\n\t\t<meta property=\"og:description\" content=\"Feature: 1.Exquisite appearance---1.39-inch AMOLED full touch screen with 3D curved glass makes the field of view more natural and the touch smoother. 2.Kirin A1 Chip---Huawei&#039;s first low-energy wearable chip with highly integrated chip design and multi-core efficient operation. 3.Strong Battery Life--The battery capacity is up to 455mAh which can be up to 14 days battery life in usual with intelligent power saving algorithm,30h in GPS mode. 4.Multi-sport Mode---Support 15 indoor and outdoor sports modes and 13 running course to build your sports life. 5.Health Monitor---24 hours heart rate,blood oxygen,sleep and pressure monitoring with Huawei Intelligent Algorithm.\" \/>\n\t\t<meta property=\"og:url\" content=\"https:\/\/www.rucashk.com\/es\/producto\/huawei-watch-gt-2-wholesale\/\" \/>\n\t\t<meta property=\"og:image\" content=\"https:\/\/www.rucashk.com\/wp-content\/uploads\/replace\/503b8e645f128a97ccde2b6290747646.jpeg\" \/>\n\t\t<meta property=\"og:image:secure_url\" content=\"https:\/\/www.rucashk.com\/wp-content\/uploads\/replace\/503b8e645f128a97ccde2b6290747646.jpeg\" \/>\n\t\t<meta property=\"og:image:width\" content=\"1456\" \/>\n\t\t<meta property=\"og:image:height\" content=\"816\" \/>\n\t\t<meta property=\"article:published_time\" content=\"2024-01-09T16:02:15+00:00\" \/>\n\t\t<meta property=\"article:modified_time\" content=\"2024-03-11T06:31:02+00:00\" \/>\n\t\t<meta name=\"twitter:card\" content=\"summary_large_image\" \/>\n\t\t<meta name=\"twitter:title\" content=\"HUAWEI WATCH GT 2 Wholesale - Rucas - Wholesale and Distribution\" \/>\n\t\t<meta name=\"twitter:description\" content=\"Feature: 1.Exquisite appearance---1.39-inch AMOLED full touch screen with 3D curved glass makes the field of view more natural and the touch smoother. 2.Kirin A1 Chip---Huawei&#039;s first low-energy wearable chip with highly integrated chip design and multi-core efficient operation. 3.Strong Battery Life--The battery capacity is up to 455mAh which can be up to 14 days battery life in usual with intelligent power saving algorithm,30h in GPS mode. 4.Multi-sport Mode---Support 15 indoor and outdoor sports modes and 13 running course to build your sports life. 5.Health Monitor---24 hours heart rate,blood oxygen,sleep and pressure monitoring with Huawei Intelligent Algorithm.\" \/>\n\t\t<meta name=\"twitter:image\" content=\"https:\/\/www.rucashk.com\/wp-content\/uploads\/replace\/503b8e645f128a97ccde2b6290747646.jpeg\" \/>\n\t\t<script type=\"application\/ld+json\" class=\"aioseo-schema\">\n\t\t\t{\"@context\":\"https:\\\/\\\/schema.org\",\"@graph\":[{\"@type\":\"BreadcrumbList\",\"@id\":\"https:\\\/\\\/www.rucashk.com\\\/es\\\/producto\\\/huawei-watch-gt-2-wholesale\\\/#breadcrumblist\",\"itemListElement\":[{\"@type\":\"ListItem\",\"@id\":\"https:\\\/\\\/www.rucashk.com\\\/es\\\/#listItem\",\"position\":1,\"name\":\"Home\",\"item\":\"https:\\\/\\\/www.rucashk.com\\\/es\\\/\",\"nextItem\":\"https:\\\/\\\/www.rucashk.com\\\/es\\\/producto\\\/huawei-watch-gt-2-wholesale\\\/#listItem\"},{\"@type\":\"ListItem\",\"@id\":\"https:\\\/\\\/www.rucashk.com\\\/es\\\/producto\\\/huawei-watch-gt-2-wholesale\\\/#listItem\",\"position\":2,\"name\":\"HUAWEI WATCH GT 2 Wholesale\",\"previousItem\":\"https:\\\/\\\/www.rucashk.com\\\/es\\\/#listItem\"}]},{\"@type\":\"Organization\",\"@id\":\"https:\\\/\\\/www.rucashk.com\\\/es\\\/#organization\",\"name\":\"Rucas\",\"url\":\"https:\\\/\\\/www.rucashk.com\\\/es\\\/\",\"logo\":{\"@type\":\"ImageObject\",\"url\":\"https:\\\/\\\/www.rucashk.com\\\/wp-content\\\/uploads\\\/2023\\\/12\\\/Rucas_campany_logo.png\",\"@id\":\"https:\\\/\\\/www.rucashk.com\\\/es\\\/producto\\\/huawei-watch-gt-2-wholesale\\\/#organizationLogo\",\"width\":221,\"height\":65},\"image\":{\"@id\":\"https:\\\/\\\/www.rucashk.com\\\/es\\\/#organizationLogo\"}},{\"@type\":\"Person\",\"@id\":\"https:\\\/\\\/www.rucashk.com\\\/es\\\/author\\\/admin\\\/#author\",\"url\":\"https:\\\/\\\/www.rucashk.com\\\/es\\\/author\\\/admin\\\/\",\"name\":\"admin\",\"image\":{\"@type\":\"ImageObject\",\"@id\":\"https:\\\/\\\/www.rucashk.com\\\/es\\\/producto\\\/huawei-watch-gt-2-wholesale\\\/#authorImage\",\"url\":\"https:\\\/\\\/secure.gravatar.com\\\/avatar\\\/b7c8925b09a27e72b30232f8ecaadbd5af0f70a38c78096863fe51b64f031c24?s=96&d=mm&r=g\",\"width\":96,\"height\":96,\"caption\":\"admin\"}},{\"@type\":\"WebPage\",\"@id\":\"https:\\\/\\\/www.rucashk.com\\\/es\\\/producto\\\/huawei-watch-gt-2-wholesale\\\/#webpage\",\"url\":\"https:\\\/\\\/www.rucashk.com\\\/es\\\/producto\\\/huawei-watch-gt-2-wholesale\\\/\",\"name\":\"HUAWEI WATCH GT 2 Wholesale - Rucas - Wholesale and Distribution\",\"description\":\"Feature: 1.Exquisite appearance---1.39-inch AMOLED full touch screen with 3D curved glass makes the field of view more natural and the touch smoother. 2.Kirin A1 Chip---Huawei's first low-energy wearable chip with highly integrated chip design and multi-core efficient operation. 3.Strong Battery Life--The battery capacity is up to 455mAh which can be up to 14 days battery life in usual with intelligent power saving algorithm,30h in GPS mode. 4.Multi-sport Mode---Support 15 indoor and outdoor sports modes and 13 running course to build your sports life. 5.Health Monitor---24 hours heart rate,blood oxygen,sleep and pressure monitoring with Huawei Intelligent Algorithm.\",\"inLanguage\":\"es-ES\",\"isPartOf\":{\"@id\":\"https:\\\/\\\/www.rucashk.com\\\/es\\\/#website\"},\"breadcrumb\":{\"@id\":\"https:\\\/\\\/www.rucashk.com\\\/es\\\/producto\\\/huawei-watch-gt-2-wholesale\\\/#breadcrumblist\"},\"author\":{\"@id\":\"https:\\\/\\\/www.rucashk.com\\\/es\\\/author\\\/admin\\\/#author\"},\"creator\":{\"@id\":\"https:\\\/\\\/www.rucashk.com\\\/es\\\/author\\\/admin\\\/#author\"},\"image\":{\"@type\":\"ImageObject\",\"url\":\"https:\\\/\\\/www.rucashk.com\\\/wp-content\\\/uploads\\\/2024\\\/01\\\/huawei-gt-2-1.jpg\",\"@id\":\"https:\\\/\\\/www.rucashk.com\\\/es\\\/producto\\\/huawei-watch-gt-2-wholesale\\\/#mainImage\",\"width\":800,\"height\":800},\"primaryImageOfPage\":{\"@id\":\"https:\\\/\\\/www.rucashk.com\\\/es\\\/producto\\\/huawei-watch-gt-2-wholesale\\\/#mainImage\"},\"datePublished\":\"2024-01-09T16:02:15+00:00\",\"dateModified\":\"2024-03-11T06:31:02+00:00\"},{\"@type\":\"WebSite\",\"@id\":\"https:\\\/\\\/www.rucashk.com\\\/es\\\/#website\",\"url\":\"https:\\\/\\\/www.rucashk.com\\\/es\\\/\",\"name\":\"Rucas - Wholesale and distribution worldwide\",\"alternateName\":\"Rucas - One-stop AIoT Distribution Worldwide\",\"description\":\"One-stop AIoT Distribution Worldwide\",\"inLanguage\":\"es-ES\",\"publisher\":{\"@id\":\"https:\\\/\\\/www.rucashk.com\\\/es\\\/#organization\"}}]}\n\t\t<\/script>\n\t\t<!-- All in One SEO Pro -->\r\n\t\t<title>HUAWEI WATCH GT 2 Wholesale - Rucas - Wholesale and Distribution<\/title>\n\n","aioseo_head_json":{"title":"HUAWEI WATCH GT 2 Wholesale - Rucas - Wholesale and Distribution","description":"Feature: 1.Exquisite appearance---1.39-inch AMOLED full touch screen with 3D curved glass makes the field of view more natural and the touch smoother. 2.Kirin A1 Chip---Huawei's first low-energy wearable chip with highly integrated chip design and multi-core efficient operation. 3.Strong Battery Life--The battery capacity is up to 455mAh which can be up to 14 days battery life in usual with intelligent power saving algorithm,30h in GPS mode. 4.Multi-sport Mode---Support 15 indoor and outdoor sports modes and 13 running course to build your sports life. 5.Health Monitor---24 hours heart rate,blood oxygen,sleep and pressure monitoring with Huawei Intelligent Algorithm.","canonical_url":"https:\/\/www.rucashk.com\/es\/producto\/huawei-watch-gt-2-wholesale\/","robots":"max-image-preview:large","keywords":"","webmasterTools":{"miscellaneous":""},"og:locale":"es_ES","og:site_name":"Rucas - One-stop AIoT Distribution Worldwide","og:type":"article","og:title":"HUAWEI WATCH GT 2 Wholesale - Rucas - Wholesale and Distribution","og:description":"Feature: 1.Exquisite appearance---1.39-inch AMOLED full touch screen with 3D curved glass makes the field of view more natural and the touch smoother. 2.Kirin A1 Chip---Huawei's first low-energy wearable chip with highly integrated chip design and multi-core efficient operation. 3.Strong Battery Life--The battery capacity is up to 455mAh which can be up to 14 days battery life in usual with intelligent power saving algorithm,30h in GPS mode. 4.Multi-sport Mode---Support 15 indoor and outdoor sports modes and 13 running course to build your sports life. 5.Health Monitor---24 hours heart rate,blood oxygen,sleep and pressure monitoring with Huawei Intelligent Algorithm.","og:url":"https:\/\/www.rucashk.com\/es\/producto\/huawei-watch-gt-2-wholesale\/","og:image":"https:\/\/www.rucashk.com\/wp-content\/uploads\/replace\/503b8e645f128a97ccde2b6290747646.jpeg","og:image:secure_url":"https:\/\/www.rucashk.com\/wp-content\/uploads\/replace\/503b8e645f128a97ccde2b6290747646.jpeg","og:image:width":1456,"og:image:height":816,"article:published_time":"2024-01-09T16:02:15+00:00","article:modified_time":"2024-03-11T06:31:02+00:00","twitter:card":"summary_large_image","twitter:title":"HUAWEI WATCH GT 2 Wholesale - Rucas - Wholesale and Distribution","twitter:description":"Feature: 1.Exquisite appearance---1.39-inch AMOLED full touch screen with 3D curved glass makes the field of view more natural and the touch smoother. 2.Kirin A1 Chip---Huawei's first low-energy wearable chip with highly integrated chip design and multi-core efficient operation. 3.Strong Battery Life--The battery capacity is up to 455mAh which can be up to 14 days battery life in usual with intelligent power saving algorithm,30h in GPS mode. 4.Multi-sport Mode---Support 15 indoor and outdoor sports modes and 13 running course to build your sports life. 5.Health Monitor---24 hours heart rate,blood oxygen,sleep and pressure monitoring with Huawei Intelligent Algorithm.","twitter:image":"https:\/\/www.rucashk.com\/wp-content\/uploads\/replace\/503b8e645f128a97ccde2b6290747646.jpeg","schema":{"@context":"https:\/\/schema.org","@graph":[{"@type":"BreadcrumbList","@id":"https:\/\/www.rucashk.com\/es\/producto\/huawei-watch-gt-2-wholesale\/#breadcrumblist","itemListElement":[{"@type":"ListItem","@id":"https:\/\/www.rucashk.com\/es\/#listItem","position":1,"name":"Home","item":"https:\/\/www.rucashk.com\/es\/","nextItem":"https:\/\/www.rucashk.com\/es\/producto\/huawei-watch-gt-2-wholesale\/#listItem"},{"@type":"ListItem","@id":"https:\/\/www.rucashk.com\/es\/producto\/huawei-watch-gt-2-wholesale\/#listItem","position":2,"name":"HUAWEI WATCH GT 2 Wholesale","previousItem":"https:\/\/www.rucashk.com\/es\/#listItem"}]},{"@type":"Organization","@id":"https:\/\/www.rucashk.com\/es\/#organization","name":"Rucas","url":"https:\/\/www.rucashk.com\/es\/","logo":{"@type":"ImageObject","url":"https:\/\/www.rucashk.com\/wp-content\/uploads\/2023\/12\/Rucas_campany_logo.png","@id":"https:\/\/www.rucashk.com\/es\/producto\/huawei-watch-gt-2-wholesale\/#organizationLogo","width":221,"height":65},"image":{"@id":"https:\/\/www.rucashk.com\/es\/#organizationLogo"}},{"@type":"Person","@id":"https:\/\/www.rucashk.com\/es\/author\/admin\/#author","url":"https:\/\/www.rucashk.com\/es\/author\/admin\/","name":"admin","image":{"@type":"ImageObject","@id":"https:\/\/www.rucashk.com\/es\/producto\/huawei-watch-gt-2-wholesale\/#authorImage","url":"https:\/\/secure.gravatar.com\/avatar\/b7c8925b09a27e72b30232f8ecaadbd5af0f70a38c78096863fe51b64f031c24?s=96&d=mm&r=g","width":96,"height":96,"caption":"admin"}},{"@type":"WebPage","@id":"https:\/\/www.rucashk.com\/es\/producto\/huawei-watch-gt-2-wholesale\/#webpage","url":"https:\/\/www.rucashk.com\/es\/producto\/huawei-watch-gt-2-wholesale\/","name":"HUAWEI WATCH GT 2 Wholesale - Rucas - Wholesale and Distribution","description":"Feature: 1.Exquisite appearance---1.39-inch AMOLED full touch screen with 3D curved glass makes the field of view more natural and the touch smoother. 2.Kirin A1 Chip---Huawei's first low-energy wearable chip with highly integrated chip design and multi-core efficient operation. 3.Strong Battery Life--The battery capacity is up to 455mAh which can be up to 14 days battery life in usual with intelligent power saving algorithm,30h in GPS mode. 4.Multi-sport Mode---Support 15 indoor and outdoor sports modes and 13 running course to build your sports life. 5.Health Monitor---24 hours heart rate,blood oxygen,sleep and pressure monitoring with Huawei Intelligent Algorithm.","inLanguage":"es-ES","isPartOf":{"@id":"https:\/\/www.rucashk.com\/es\/#website"},"breadcrumb":{"@id":"https:\/\/www.rucashk.com\/es\/producto\/huawei-watch-gt-2-wholesale\/#breadcrumblist"},"author":{"@id":"https:\/\/www.rucashk.com\/es\/author\/admin\/#author"},"creator":{"@id":"https:\/\/www.rucashk.com\/es\/author\/admin\/#author"},"image":{"@type":"ImageObject","url":"https:\/\/www.rucashk.com\/wp-content\/uploads\/2024\/01\/huawei-gt-2-1.jpg","@id":"https:\/\/www.rucashk.com\/es\/producto\/huawei-watch-gt-2-wholesale\/#mainImage","width":800,"height":800},"primaryImageOfPage":{"@id":"https:\/\/www.rucashk.com\/es\/producto\/huawei-watch-gt-2-wholesale\/#mainImage"},"datePublished":"2024-01-09T16:02:15+00:00","dateModified":"2024-03-11T06:31:02+00:00"},{"@type":"WebSite","@id":"https:\/\/www.rucashk.com\/es\/#website","url":"https:\/\/www.rucashk.com\/es\/","name":"Rucas - Wholesale and distribution worldwide","alternateName":"Rucas - One-stop AIoT Distribution Worldwide","description":"One-stop AIoT Distribution Worldwide","inLanguage":"es-ES","publisher":{"@id":"https:\/\/www.rucashk.com\/es\/#organization"}}]}},"aioseo_meta_data":{"post_id":"24217","title":null,"description":null,"keywords":null,"keyphrases":null,"primary_term":null,"canonical_url":null,"og_title":null,"og_description":null,"og_object_type":"default","og_image_type":"default","og_image_url":null,"og_image_width":null,"og_image_height":null,"og_image_custom_url":null,"og_image_custom_fields":null,"og_video":null,"og_custom_url":null,"og_article_section":null,"og_article_tags":null,"twitter_use_og":false,"twitter_card":"default","twitter_image_type":"default","twitter_image_url":null,"twitter_image_custom_url":null,"twitter_image_custom_fields":null,"twitter_title":null,"twitter_description":null,"schema":{"blockGraphs":[],"customGraphs":[],"default":{"data":{"Article":[],"Course":[],"Dataset":[],"FAQPage":[],"Movie":[],"Person":[],"Product":[],"Recipe":[],"Service":[],"SoftwareApplication":[],"WebPage":[]},"graphName":"","isEnabled":true},"graphs":[]},"schema_type":"default","schema_type_options":null,"pillar_content":false,"robots_default":true,"robots_noindex":false,"robots_noarchive":false,"robots_nosnippet":false,"robots_nofollow":false,"robots_noimageindex":false,"robots_noodp":false,"robots_notranslate":false,"robots_max_snippet":null,"robots_max_videopreview":null,"robots_max_imagepreview":"large","priority":null,"frequency":null,"local_seo":null,"breadcrumb_settings":null,"limit_modified_date":false,"created":"2024-04-11 01:57:09","updated":"2025-06-22 17:26:24"},"aioseo_breadcrumb":"<div class=\"aioseo-breadcrumbs\"><span class=\"aioseo-breadcrumb\">\n\t<a href=\"https:\/\/www.rucashk.com\/es\" title=\"Home\">Home<\/a>\n<\/span><span class=\"aioseo-breadcrumb-separator\">&raquo;<\/span><span class=\"aioseo-breadcrumb\">\n\t<a href=\"https:\/\/www.rucashk.com\/es\/products\/\" title=\"Productos\">Productos<\/a>\n<\/span><span class=\"aioseo-breadcrumb-separator\">&raquo;<\/span><span class=\"aioseo-breadcrumb\">\n\t<a href=\"https:\/\/www.rucashk.com\/es\/categoria-producto\/other-a-brands\/\" title=\"Other A-Brands\">Other A-Brands<\/a>\n<\/span><span class=\"aioseo-breadcrumb-separator\">&raquo;<\/span><span class=\"aioseo-breadcrumb\">\n\t<a href=\"https:\/\/www.rucashk.com\/es\/categoria-producto\/other-a-brands\/huawei-other-a-brands\/\" title=\"Huawei\">Huawei<\/a>\n<\/span><span class=\"aioseo-breadcrumb-separator\">&raquo;<\/span><span class=\"aioseo-breadcrumb\">\n\tHUAWEI WATCH GT 2 Wholesale\n<\/span><\/div>","aioseo_breadcrumb_json":[{"label":"Home","link":"https:\/\/www.rucashk.com\/es"},{"label":"Productos","link":"https:\/\/www.rucashk.com\/es\/products\/"},{"label":"Other A-Brands","link":"https:\/\/www.rucashk.com\/es\/categoria-producto\/other-a-brands\/"},{"label":"Huawei","link":"https:\/\/www.rucashk.com\/es\/categoria-producto\/other-a-brands\/huawei-other-a-brands\/"},{"label":"HUAWEI WATCH GT 2 Wholesale","link":"https:\/\/www.rucashk.com\/es\/producto\/huawei-watch-gt-2-wholesale\/"}],"_links":{"self":[{"href":"https:\/\/www.rucashk.com\/es\/wp-json\/wp\/v2\/product\/24217","targetHints":{"allow":["GET"]}}],"collection":[{"href":"https:\/\/www.rucashk.com\/es\/wp-json\/wp\/v2\/product"}],"about":[{"href":"https:\/\/www.rucashk.com\/es\/wp-json\/wp\/v2\/types\/product"}],"wp:featuredmedia":[{"embeddable":true,"href":"https:\/\/www.rucashk.com\/es\/wp-json\/wp\/v2\/media\/24352"}],"wp:attachment":[{"href":"https:\/\/www.rucashk.com\/es\/wp-json\/wp\/v2\/media?parent=24217"}],"wp:term":[{"taxonomy":"product_brand","embeddable":true,"href":"https:\/\/www.rucashk.com\/es\/wp-json\/wp\/v2\/product_brand?post=24217"},{"taxonomy":"product_cat","embeddable":true,"href":"https:\/\/www.rucashk.com\/es\/wp-json\/wp\/v2\/product_cat?post=24217"},{"taxonomy":"product_tag","embeddable":true,"href":"https:\/\/www.rucashk.com\/es\/wp-json\/wp\/v2\/product_tag?post=24217"}],"curies":[{"name":"wp","href":"https:\/\/api.w.org\/{rel}","templated":true}]}}