{"id":24188,"date":"2024-01-09T16:01:52","date_gmt":"2024-01-09T16:01:52","guid":{"rendered":"http:\/\/rucashk.com\/?post_type=product&#038;p=24188"},"modified":"2024-01-22T07:20:19","modified_gmt":"2024-01-22T07:20:19","slug":"haylou-gt1-earphone-global-white-wholesale","status":"publish","type":"product","link":"https:\/\/www.rucashk.com\/es\/producto\/haylou-gt1-earphone-global-white-wholesale\/","title":{"rendered":"Haylou GT1 auricular global (blanco) al por mayor"},"content":{"rendered":"<p><img fetchpriority=\"high\" decoding=\"async\" class=\"product_lazy aligncenter\" src=\"https:\/\/www.rucashk.com\/wp-content\/uploads\/2020\/07\/49b3f4cf-7431-4919-995e-8459272fd3f0.jpg\" alt=\"Haylou GT1 Earphone Global (White)\" width=\"1000\" height=\"1223\" data-original=\"\/\/img.gkbcdn.com\/s3\/d\/201907\/49b3f4cf-7431-4919-995e-8459272fd3f0.jpg\" \/><img decoding=\"async\" class=\"product_lazy aligncenter\" src=\"https:\/\/www.rucashk.com\/wp-content\/uploads\/2020\/07\/8d4a0f2a-8ea0-48d3-adba-59aeb9533df7.jpg\" alt=\"Haylou GT1 Earphone Global (White)\" width=\"1000\" height=\"740\" data-original=\"\/\/img.gkbcdn.com\/s3\/d\/201907\/8d4a0f2a-8ea0-48d3-adba-59aeb9533df7.jpg\" \/><img decoding=\"async\" class=\"product_lazy aligncenter\" src=\"https:\/\/www.rucashk.com\/wp-content\/uploads\/2020\/07\/9523baf8-2356-4829-be1e-093e0d452141.jpg\" alt=\"Haylou GT1 Earphone Global (White)\" width=\"1000\" height=\"1077\" data-original=\"\/\/img.gkbcdn.com\/s3\/d\/201907\/9523baf8-2356-4829-be1e-093e0d452141.jpg\" \/><img loading=\"lazy\" decoding=\"async\" class=\"product_lazy aligncenter\" src=\"https:\/\/www.rucashk.com\/wp-content\/uploads\/2020\/07\/8f3d46ca-ab71-4687-99e2-704f09aae2c1.jpg\" alt=\"Haylou GT1 Earphone Global (White)\" width=\"1000\" height=\"1063\" data-original=\"\/\/img.gkbcdn.com\/s3\/d\/201907\/8f3d46ca-ab71-4687-99e2-704f09aae2c1.jpg\" \/><img loading=\"lazy\" decoding=\"async\" class=\"product_lazy aligncenter\" src=\"https:\/\/www.rucashk.com\/wp-content\/uploads\/2020\/07\/7f1f2b66-12ae-448a-b09f-1bed5122492b.jpg\" alt=\"Haylou GT1 Earphone Global (White)\" width=\"1000\" height=\"878\" data-original=\"\/\/img.gkbcdn.com\/s3\/d\/201907\/7f1f2b66-12ae-448a-b09f-1bed5122492b.jpg\" \/><img loading=\"lazy\" decoding=\"async\" class=\"product_lazy aligncenter\" src=\"https:\/\/www.rucashk.com\/wp-content\/uploads\/2020\/07\/0c9c6bde-8ad4-4121-875c-75e3decd031c.jpg\" alt=\"Haylou GT1 Earphone Global (White)\" width=\"1000\" height=\"1025\" data-original=\"\/\/img.gkbcdn.com\/s3\/d\/201907\/0c9c6bde-8ad4-4121-875c-75e3decd031c.jpg\" \/><img loading=\"lazy\" decoding=\"async\" class=\"product_lazy aligncenter\" src=\"https:\/\/www.rucashk.com\/wp-content\/uploads\/2020\/07\/9bbb6a68-31a0-4c21-b618-8c8a810b66cf.jpg\" alt=\"Haylou GT1 Earphone Global (White)\" width=\"1000\" height=\"1115\" data-original=\"\/\/img.gkbcdn.com\/s3\/d\/201907\/9bbb6a68-31a0-4c21-b618-8c8a810b66cf.jpg\" \/><img loading=\"lazy\" decoding=\"async\" class=\"product_lazy aligncenter\" src=\"https:\/\/www.rucashk.com\/wp-content\/uploads\/2020\/07\/08882cdf-ed50-4eb0-8c92-f4f14e493b9b.jpg\" alt=\"Haylou GT1 Earphone Global (White)\" width=\"1000\" height=\"1101\" data-original=\"\/\/img.gkbcdn.com\/s3\/d\/201907\/08882cdf-ed50-4eb0-8c92-f4f14e493b9b.jpg\" \/><img loading=\"lazy\" decoding=\"async\" class=\"product_lazy aligncenter\" src=\"https:\/\/www.rucashk.com\/wp-content\/uploads\/2020\/07\/94ada599-a8db-46b9-8dd3-e89237b20a30.jpg\" alt=\"Haylou GT1 Earphone Global (White)\" width=\"1000\" height=\"988\" data-original=\"\/\/img.gkbcdn.com\/s3\/d\/201907\/94ada599-a8db-46b9-8dd3-e89237b20a30.jpg\" \/><img loading=\"lazy\" decoding=\"async\" class=\"product_lazy aligncenter\" src=\"https:\/\/www.rucashk.com\/wp-content\/uploads\/2020\/07\/e34c249d-3701-483a-86dc-8a84e4404ebb.jpg\" alt=\"Haylou GT1 Earphone Global (White)\" width=\"1000\" height=\"862\" data-original=\"\/\/img.gkbcdn.com\/s3\/d\/201907\/e34c249d-3701-483a-86dc-8a84e4404ebb.jpg\" \/><img loading=\"lazy\" decoding=\"async\" class=\"product_lazy aligncenter\" src=\"https:\/\/www.rucashk.com\/wp-content\/uploads\/2020\/07\/7308773e-6bea-4547-9f0a-40c7043bdc42.jpg\" alt=\"Haylou GT1 Earphone Global (White)\" width=\"1000\" height=\"1435\" data-original=\"\/\/img.gkbcdn.com\/s3\/d\/201907\/7308773e-6bea-4547-9f0a-40c7043bdc42.jpg\" \/><img loading=\"lazy\" decoding=\"async\" class=\"product_lazy aligncenter\" src=\"https:\/\/www.rucashk.com\/wp-content\/uploads\/2020\/07\/545363db-aa45-4e1f-99a8-3b1c1b4065e2.jpg\" alt=\"Haylou GT1 Earphone Global (White)\" width=\"1000\" height=\"780\" data-original=\"\/\/img.gkbcdn.com\/s3\/d\/201907\/545363db-aa45-4e1f-99a8-3b1c1b4065e2.jpg\" \/><img loading=\"lazy\" decoding=\"async\" class=\"product_lazy aligncenter\" src=\"https:\/\/www.rucashk.com\/wp-content\/uploads\/2020\/07\/d9cacb12-6541-46c3-9431-d0fa3071fa91.jpg\" alt=\"Haylou GT1 Earphone Global (White)\" width=\"1000\" height=\"1048\" data-original=\"\/\/img.gkbcdn.com\/s3\/d\/201907\/d9cacb12-6541-46c3-9431-d0fa3071fa91.jpg\" \/><img loading=\"lazy\" decoding=\"async\" class=\"product_lazy aligncenter\" src=\"https:\/\/www.rucashk.com\/wp-content\/uploads\/2020\/07\/9e47ff8c-976a-4499-8281-ce02fa509224.jpg\" alt=\"Haylou GT1 Earphone Global (White)\" width=\"1000\" height=\"1056\" data-original=\"\/\/img.gkbcdn.com\/s3\/d\/201907\/9e47ff8c-976a-4499-8281-ce02fa509224.jpg\" \/><img loading=\"lazy\" decoding=\"async\" class=\"product_lazy aligncenter\" src=\"https:\/\/www.rucashk.com\/wp-content\/uploads\/2020\/07\/2920cb55-9410-4cb8-9eb1-c8898f3b60ee.jpg\" alt=\"Haylou GT1 Earphone Global (White)\" width=\"1000\" height=\"773\" data-original=\"\/\/img.gkbcdn.com\/s3\/d\/201907\/2920cb55-9410-4cb8-9eb1-c8898f3b60ee.jpg\" \/><\/p>\n<h2>Especificaci\u00f3n<\/h2>\n<table class=\"jbEidtTable\" border=\"1\" width=\"982\" cellspacing=\"0\" cellpadding=\"5\">\n<tbody>\n<tr>\n<td width=\"189\" height=\"31\"><strong>General<\/strong><\/td>\n<td width=\"731\">Marca: Haylou<br \/>\nTipo: Auriculares TWS<br \/>\nModelo: GT1<br \/>\nColor blanco<\/td>\n<\/tr>\n<tr>\n<td height=\"102\"><strong>Especificaci\u00f3n<\/strong><\/td>\n<td>Rango de respuesta de frecuencia: 20-20000Hz<br \/>\nSensibilidad: 110dB<br \/>\nBluetooth versi\u00f3n 5.0<br \/>\nAltavoz: unidad de bobina m\u00f3vil de 7,2 mm<br \/>\nAuriculares: 3,5 horas de duraci\u00f3n de la bater\u00eda<br \/>\nCaja de carga: 12 horas de duraci\u00f3n de la bater\u00eda<br \/>\nTiempo de carga: aproximadamente 1,5 h, en espera 120 h<br \/>\nCapacidad de la bater\u00eda: auricular 43 mAh, contenedor de carga 310 mAh<\/td>\n<\/tr>\n<\/tbody>\n<\/table>","protected":false},"excerpt":{"rendered":"<p><strong>Reflejos<\/strong><br \/>\n<strong>bluetooth 5.0<\/strong><br \/>\nAuricular inal\u00e1mbrico Bluetooth 5.0, transmisi\u00f3n estable, transmisi\u00f3n r\u00e1pida, bajo consumo de energ\u00eda.<br \/>\n<strong>Asistente de voz de Siri, Google y XiaoAi<\/strong><br \/>\nToque tres veces para activar el asistente de voz que puede ayudarle con una configuraci\u00f3n r\u00e1pida y abrir aplicaciones.<br \/>\n<strong>Retraso s\u00faper bajo<\/strong><br \/>\nComparado con BT.2. El BT 5.0 actualizado hace que la conexi\u00f3n sea m\u00e1s r\u00e1pida y estable. La velocidad de transmisi\u00f3n se ha incrementado 2 veces, ahora casi no sentir\u00e1s retrasos al jugar o jugar.<br \/>\n<strong>Gran capacidad<\/strong><br \/>\nLa supercapacidad de 310 mA puede cargar completamente el tel\u00e9fono m\u00f3vil.<br \/>\n<strong>Control t\u00e1ctil de huellas dactilares X6<\/strong><br \/>\nControla tu tel\u00e9fono a trav\u00e9s de auriculares Bluetooth 5.0 TWS sin sacarlo.<\/p>","protected":false},"featured_media":24338,"template":"","meta":[],"product_brand":[],"product_cat":[1309,1305],"product_tag":[1046],"class_list":{"0":"post-24188","1":"product","2":"type-product","3":"status-publish","4":"has-post-thumbnail","6":"product_cat-haylou-earphone","7":"product_cat-xiaomi-eco","8":"product_tag-haylou-gt1-earphone-global-white","10":"first","11":"instock","12":"shipping-taxable","13":"product-type-external"},"aioseo_notices":[],"aioseo_head":"\n\t\t<!-- All in One SEO Pro 4.5.9.2 - aioseo.com -->\n\t\t<meta name=\"description\" content=\"Highlights Bluetooth 5.0 Bluetooth 5.0 wireless earphone, stable transmission, fast speed transmitting, low power consumption. Siri, Google, and XiaoAi Voice Assistant Triple touch to activate voice assistant which can help you with a quick setting and opening apps. Super Low Lag Compared with BT.2. the up-to-date BT 5.0 makes connecting faster and more stable Transmissionspeed has been increased 2 times, now you can almost feel lag no more in playing or gaming. Large Capacity 310mA super capacity can fully charge the mobile phone. X6 Fingerprint Touch Control Control your phone through Bluetooth 5.0 TWS headsets without taking it out.\" \/>\n\t\t<meta name=\"robots\" content=\"max-image-preview:large\" \/>\n\t\t<link rel=\"canonical\" href=\"https:\/\/www.rucashk.com\/es\/producto\/haylou-gt1-earphone-global-white-wholesale\/\" \/>\n\t\t<meta name=\"generator\" content=\"All in One SEO Pro (AIOSEO) 4.5.9.2\" \/>\n\t\t<meta property=\"og:locale\" content=\"es_ES\" \/>\n\t\t<meta property=\"og:site_name\" content=\"Rucas - One-stop AIoT Distribution Worldwide\" \/>\n\t\t<meta property=\"og:type\" content=\"article\" \/>\n\t\t<meta property=\"og:title\" content=\"Haylou GT1 Earphone Global (White) Wholesale - Rucas - Wholesale and Distribution\" \/>\n\t\t<meta property=\"og:description\" content=\"Highlights Bluetooth 5.0 Bluetooth 5.0 wireless earphone, stable transmission, fast speed transmitting, low power consumption. Siri, Google, and XiaoAi Voice Assistant Triple touch to activate voice assistant which can help you with a quick setting and opening apps. Super Low Lag Compared with BT.2. the up-to-date BT 5.0 makes connecting faster and more stable Transmissionspeed has been increased 2 times, now you can almost feel lag no more in playing or gaming. Large Capacity 310mA super capacity can fully charge the mobile phone. X6 Fingerprint Touch Control Control your phone through Bluetooth 5.0 TWS headsets without taking it out.\" \/>\n\t\t<meta property=\"og:url\" content=\"https:\/\/www.rucashk.com\/es\/producto\/haylou-gt1-earphone-global-white-wholesale\/\" \/>\n\t\t<meta property=\"og:image\" content=\"https:\/\/www.rucashk.com\/wp-content\/uploads\/replace\/503b8e645f128a97ccde2b6290747646.jpeg\" \/>\n\t\t<meta property=\"og:image:secure_url\" content=\"https:\/\/www.rucashk.com\/wp-content\/uploads\/replace\/503b8e645f128a97ccde2b6290747646.jpeg\" \/>\n\t\t<meta property=\"og:image:width\" content=\"1456\" \/>\n\t\t<meta property=\"og:image:height\" content=\"816\" \/>\n\t\t<meta property=\"article:published_time\" content=\"2024-01-09T16:01:52+00:00\" \/>\n\t\t<meta property=\"article:modified_time\" content=\"2024-01-22T07:20:19+00:00\" \/>\n\t\t<meta name=\"twitter:card\" content=\"summary_large_image\" \/>\n\t\t<meta name=\"twitter:title\" content=\"Haylou GT1 Earphone Global (White) Wholesale - Rucas - Wholesale and Distribution\" \/>\n\t\t<meta name=\"twitter:description\" content=\"Highlights Bluetooth 5.0 Bluetooth 5.0 wireless earphone, stable transmission, fast speed transmitting, low power consumption. Siri, Google, and XiaoAi Voice Assistant Triple touch to activate voice assistant which can help you with a quick setting and opening apps. Super Low Lag Compared with BT.2. the up-to-date BT 5.0 makes connecting faster and more stable Transmissionspeed has been increased 2 times, now you can almost feel lag no more in playing or gaming. Large Capacity 310mA super capacity can fully charge the mobile phone. X6 Fingerprint Touch Control Control your phone through Bluetooth 5.0 TWS headsets without taking it out.\" \/>\n\t\t<meta name=\"twitter:image\" content=\"https:\/\/www.rucashk.com\/wp-content\/uploads\/replace\/503b8e645f128a97ccde2b6290747646.jpeg\" \/>\n\t\t<script type=\"application\/ld+json\" class=\"aioseo-schema\">\n\t\t\t{\"@context\":\"https:\\\/\\\/schema.org\",\"@graph\":[{\"@type\":\"BreadcrumbList\",\"@id\":\"https:\\\/\\\/www.rucashk.com\\\/es\\\/producto\\\/haylou-gt1-earphone-global-white-wholesale\\\/#breadcrumblist\",\"itemListElement\":[{\"@type\":\"ListItem\",\"@id\":\"https:\\\/\\\/www.rucashk.com\\\/es\\\/#listItem\",\"position\":1,\"name\":\"Home\",\"item\":\"https:\\\/\\\/www.rucashk.com\\\/es\\\/\",\"nextItem\":\"https:\\\/\\\/www.rucashk.com\\\/es\\\/producto\\\/haylou-gt1-earphone-global-white-wholesale\\\/#listItem\"},{\"@type\":\"ListItem\",\"@id\":\"https:\\\/\\\/www.rucashk.com\\\/es\\\/producto\\\/haylou-gt1-earphone-global-white-wholesale\\\/#listItem\",\"position\":2,\"name\":\"Haylou GT1 Earphone Global (White) Wholesale\",\"previousItem\":\"https:\\\/\\\/www.rucashk.com\\\/es\\\/#listItem\"}]},{\"@type\":\"Organization\",\"@id\":\"https:\\\/\\\/www.rucashk.com\\\/es\\\/#organization\",\"name\":\"Rucas\",\"url\":\"https:\\\/\\\/www.rucashk.com\\\/es\\\/\",\"logo\":{\"@type\":\"ImageObject\",\"url\":\"https:\\\/\\\/www.rucashk.com\\\/wp-content\\\/uploads\\\/2023\\\/12\\\/Rucas_campany_logo.png\",\"@id\":\"https:\\\/\\\/www.rucashk.com\\\/es\\\/producto\\\/haylou-gt1-earphone-global-white-wholesale\\\/#organizationLogo\",\"width\":221,\"height\":65},\"image\":{\"@id\":\"https:\\\/\\\/www.rucashk.com\\\/es\\\/#organizationLogo\"}},{\"@type\":\"Person\",\"@id\":\"https:\\\/\\\/www.rucashk.com\\\/es\\\/author\\\/admin\\\/#author\",\"url\":\"https:\\\/\\\/www.rucashk.com\\\/es\\\/author\\\/admin\\\/\",\"name\":\"admin\",\"image\":{\"@type\":\"ImageObject\",\"@id\":\"https:\\\/\\\/www.rucashk.com\\\/es\\\/producto\\\/haylou-gt1-earphone-global-white-wholesale\\\/#authorImage\",\"url\":\"https:\\\/\\\/secure.gravatar.com\\\/avatar\\\/b7c8925b09a27e72b30232f8ecaadbd5af0f70a38c78096863fe51b64f031c24?s=96&d=mm&r=g\",\"width\":96,\"height\":96,\"caption\":\"admin\"}},{\"@type\":\"WebPage\",\"@id\":\"https:\\\/\\\/www.rucashk.com\\\/es\\\/producto\\\/haylou-gt1-earphone-global-white-wholesale\\\/#webpage\",\"url\":\"https:\\\/\\\/www.rucashk.com\\\/es\\\/producto\\\/haylou-gt1-earphone-global-white-wholesale\\\/\",\"name\":\"Haylou GT1 Earphone Global (White) Wholesale - Rucas - Wholesale and Distribution\",\"description\":\"Highlights Bluetooth 5.0 Bluetooth 5.0 wireless earphone, stable transmission, fast speed transmitting, low power consumption. Siri, Google, and XiaoAi Voice Assistant Triple touch to activate voice assistant which can help you with a quick setting and opening apps. Super Low Lag Compared with BT.2. the up-to-date BT 5.0 makes connecting faster and more stable Transmissionspeed has been increased 2 times, now you can almost feel lag no more in playing or gaming. Large Capacity 310mA super capacity can fully charge the mobile phone. X6 Fingerprint Touch Control Control your phone through Bluetooth 5.0 TWS headsets without taking it out.\",\"inLanguage\":\"es-ES\",\"isPartOf\":{\"@id\":\"https:\\\/\\\/www.rucashk.com\\\/es\\\/#website\"},\"breadcrumb\":{\"@id\":\"https:\\\/\\\/www.rucashk.com\\\/es\\\/producto\\\/haylou-gt1-earphone-global-white-wholesale\\\/#breadcrumblist\"},\"author\":{\"@id\":\"https:\\\/\\\/www.rucashk.com\\\/es\\\/author\\\/admin\\\/#author\"},\"creator\":{\"@id\":\"https:\\\/\\\/www.rucashk.com\\\/es\\\/author\\\/admin\\\/#author\"},\"image\":{\"@type\":\"ImageObject\",\"url\":\"https:\\\/\\\/www.rucashk.com\\\/wp-content\\\/uploads\\\/2024\\\/01\\\/31i86WeYdgL._AC_.jpg\",\"@id\":\"https:\\\/\\\/www.rucashk.com\\\/es\\\/producto\\\/haylou-gt1-earphone-global-white-wholesale\\\/#mainImage\",\"width\":499,\"height\":487},\"primaryImageOfPage\":{\"@id\":\"https:\\\/\\\/www.rucashk.com\\\/es\\\/producto\\\/haylou-gt1-earphone-global-white-wholesale\\\/#mainImage\"},\"datePublished\":\"2024-01-09T16:01:52+00:00\",\"dateModified\":\"2024-01-22T07:20:19+00:00\"},{\"@type\":\"WebSite\",\"@id\":\"https:\\\/\\\/www.rucashk.com\\\/es\\\/#website\",\"url\":\"https:\\\/\\\/www.rucashk.com\\\/es\\\/\",\"name\":\"Rucas - Wholesale and distribution worldwide\",\"alternateName\":\"Rucas - One-stop AIoT Distribution Worldwide\",\"description\":\"One-stop AIoT Distribution Worldwide\",\"inLanguage\":\"es-ES\",\"publisher\":{\"@id\":\"https:\\\/\\\/www.rucashk.com\\\/es\\\/#organization\"}}]}\n\t\t<\/script>\n\t\t<!-- All in One SEO Pro -->\r\n\t\t<title>Haylou GT1 Earphone Global (White) Wholesale - Rucas - Wholesale and Distribution<\/title>\n\n","aioseo_head_json":{"title":"Haylou GT1 Earphone Global (White) Wholesale - Rucas - Wholesale and Distribution","description":"Highlights Bluetooth 5.0 Bluetooth 5.0 wireless earphone, stable transmission, fast speed transmitting, low power consumption. Siri, Google, and XiaoAi Voice Assistant Triple touch to activate voice assistant which can help you with a quick setting and opening apps. Super Low Lag Compared with BT.2. the up-to-date BT 5.0 makes connecting faster and more stable Transmissionspeed has been increased 2 times, now you can almost feel lag no more in playing or gaming. Large Capacity 310mA super capacity can fully charge the mobile phone. X6 Fingerprint Touch Control Control your phone through Bluetooth 5.0 TWS headsets without taking it out.","canonical_url":"https:\/\/www.rucashk.com\/es\/producto\/haylou-gt1-earphone-global-white-wholesale\/","robots":"max-image-preview:large","keywords":"","webmasterTools":{"miscellaneous":""},"og:locale":"es_ES","og:site_name":"Rucas - One-stop AIoT Distribution Worldwide","og:type":"article","og:title":"Haylou GT1 Earphone Global (White) Wholesale - Rucas - Wholesale and Distribution","og:description":"Highlights Bluetooth 5.0 Bluetooth 5.0 wireless earphone, stable transmission, fast speed transmitting, low power consumption. Siri, Google, and XiaoAi Voice Assistant Triple touch to activate voice assistant which can help you with a quick setting and opening apps. Super Low Lag Compared with BT.2. the up-to-date BT 5.0 makes connecting faster and more stable Transmissionspeed has been increased 2 times, now you can almost feel lag no more in playing or gaming. Large Capacity 310mA super capacity can fully charge the mobile phone. X6 Fingerprint Touch Control Control your phone through Bluetooth 5.0 TWS headsets without taking it out.","og:url":"https:\/\/www.rucashk.com\/es\/producto\/haylou-gt1-earphone-global-white-wholesale\/","og:image":"https:\/\/www.rucashk.com\/wp-content\/uploads\/replace\/503b8e645f128a97ccde2b6290747646.jpeg","og:image:secure_url":"https:\/\/www.rucashk.com\/wp-content\/uploads\/replace\/503b8e645f128a97ccde2b6290747646.jpeg","og:image:width":1456,"og:image:height":816,"article:published_time":"2024-01-09T16:01:52+00:00","article:modified_time":"2024-01-22T07:20:19+00:00","twitter:card":"summary_large_image","twitter:title":"Haylou GT1 Earphone Global (White) Wholesale - Rucas - Wholesale and Distribution","twitter:description":"Highlights Bluetooth 5.0 Bluetooth 5.0 wireless earphone, stable transmission, fast speed transmitting, low power consumption. Siri, Google, and XiaoAi Voice Assistant Triple touch to activate voice assistant which can help you with a quick setting and opening apps. Super Low Lag Compared with BT.2. the up-to-date BT 5.0 makes connecting faster and more stable Transmissionspeed has been increased 2 times, now you can almost feel lag no more in playing or gaming. Large Capacity 310mA super capacity can fully charge the mobile phone. X6 Fingerprint Touch Control Control your phone through Bluetooth 5.0 TWS headsets without taking it out.","twitter:image":"https:\/\/www.rucashk.com\/wp-content\/uploads\/replace\/503b8e645f128a97ccde2b6290747646.jpeg","schema":{"@context":"https:\/\/schema.org","@graph":[{"@type":"BreadcrumbList","@id":"https:\/\/www.rucashk.com\/es\/producto\/haylou-gt1-earphone-global-white-wholesale\/#breadcrumblist","itemListElement":[{"@type":"ListItem","@id":"https:\/\/www.rucashk.com\/es\/#listItem","position":1,"name":"Home","item":"https:\/\/www.rucashk.com\/es\/","nextItem":"https:\/\/www.rucashk.com\/es\/producto\/haylou-gt1-earphone-global-white-wholesale\/#listItem"},{"@type":"ListItem","@id":"https:\/\/www.rucashk.com\/es\/producto\/haylou-gt1-earphone-global-white-wholesale\/#listItem","position":2,"name":"Haylou GT1 Earphone Global (White) Wholesale","previousItem":"https:\/\/www.rucashk.com\/es\/#listItem"}]},{"@type":"Organization","@id":"https:\/\/www.rucashk.com\/es\/#organization","name":"Rucas","url":"https:\/\/www.rucashk.com\/es\/","logo":{"@type":"ImageObject","url":"https:\/\/www.rucashk.com\/wp-content\/uploads\/2023\/12\/Rucas_campany_logo.png","@id":"https:\/\/www.rucashk.com\/es\/producto\/haylou-gt1-earphone-global-white-wholesale\/#organizationLogo","width":221,"height":65},"image":{"@id":"https:\/\/www.rucashk.com\/es\/#organizationLogo"}},{"@type":"Person","@id":"https:\/\/www.rucashk.com\/es\/author\/admin\/#author","url":"https:\/\/www.rucashk.com\/es\/author\/admin\/","name":"admin","image":{"@type":"ImageObject","@id":"https:\/\/www.rucashk.com\/es\/producto\/haylou-gt1-earphone-global-white-wholesale\/#authorImage","url":"https:\/\/secure.gravatar.com\/avatar\/b7c8925b09a27e72b30232f8ecaadbd5af0f70a38c78096863fe51b64f031c24?s=96&d=mm&r=g","width":96,"height":96,"caption":"admin"}},{"@type":"WebPage","@id":"https:\/\/www.rucashk.com\/es\/producto\/haylou-gt1-earphone-global-white-wholesale\/#webpage","url":"https:\/\/www.rucashk.com\/es\/producto\/haylou-gt1-earphone-global-white-wholesale\/","name":"Haylou GT1 Earphone Global (White) Wholesale - Rucas - Wholesale and Distribution","description":"Highlights Bluetooth 5.0 Bluetooth 5.0 wireless earphone, stable transmission, fast speed transmitting, low power consumption. Siri, Google, and XiaoAi Voice Assistant Triple touch to activate voice assistant which can help you with a quick setting and opening apps. Super Low Lag Compared with BT.2. the up-to-date BT 5.0 makes connecting faster and more stable Transmissionspeed has been increased 2 times, now you can almost feel lag no more in playing or gaming. Large Capacity 310mA super capacity can fully charge the mobile phone. X6 Fingerprint Touch Control Control your phone through Bluetooth 5.0 TWS headsets without taking it out.","inLanguage":"es-ES","isPartOf":{"@id":"https:\/\/www.rucashk.com\/es\/#website"},"breadcrumb":{"@id":"https:\/\/www.rucashk.com\/es\/producto\/haylou-gt1-earphone-global-white-wholesale\/#breadcrumblist"},"author":{"@id":"https:\/\/www.rucashk.com\/es\/author\/admin\/#author"},"creator":{"@id":"https:\/\/www.rucashk.com\/es\/author\/admin\/#author"},"image":{"@type":"ImageObject","url":"https:\/\/www.rucashk.com\/wp-content\/uploads\/2024\/01\/31i86WeYdgL._AC_.jpg","@id":"https:\/\/www.rucashk.com\/es\/producto\/haylou-gt1-earphone-global-white-wholesale\/#mainImage","width":499,"height":487},"primaryImageOfPage":{"@id":"https:\/\/www.rucashk.com\/es\/producto\/haylou-gt1-earphone-global-white-wholesale\/#mainImage"},"datePublished":"2024-01-09T16:01:52+00:00","dateModified":"2024-01-22T07:20:19+00:00"},{"@type":"WebSite","@id":"https:\/\/www.rucashk.com\/es\/#website","url":"https:\/\/www.rucashk.com\/es\/","name":"Rucas - Wholesale and distribution worldwide","alternateName":"Rucas - One-stop AIoT Distribution Worldwide","description":"One-stop AIoT Distribution Worldwide","inLanguage":"es-ES","publisher":{"@id":"https:\/\/www.rucashk.com\/es\/#organization"}}]}},"aioseo_meta_data":{"post_id":"24188","title":null,"description":null,"keywords":null,"keyphrases":null,"primary_term":null,"canonical_url":null,"og_title":null,"og_description":null,"og_object_type":"default","og_image_type":"default","og_image_url":null,"og_image_width":null,"og_image_height":null,"og_image_custom_url":null,"og_image_custom_fields":null,"og_video":null,"og_custom_url":null,"og_article_section":null,"og_article_tags":null,"twitter_use_og":false,"twitter_card":"default","twitter_image_type":"default","twitter_image_url":null,"twitter_image_custom_url":null,"twitter_image_custom_fields":null,"twitter_title":null,"twitter_description":null,"schema":{"blockGraphs":[],"customGraphs":[],"default":{"data":{"Article":[],"Course":[],"Dataset":[],"FAQPage":[],"Movie":[],"Person":[],"Product":[],"Recipe":[],"Service":[],"SoftwareApplication":[],"WebPage":[]},"graphName":"","isEnabled":true},"graphs":[]},"schema_type":"default","schema_type_options":null,"pillar_content":false,"robots_default":true,"robots_noindex":false,"robots_noarchive":false,"robots_nosnippet":false,"robots_nofollow":false,"robots_noimageindex":false,"robots_noodp":false,"robots_notranslate":false,"robots_max_snippet":null,"robots_max_videopreview":null,"robots_max_imagepreview":"large","priority":null,"frequency":null,"local_seo":null,"breadcrumb_settings":null,"limit_modified_date":false,"created":"2024-04-11 01:57:09","updated":"2025-06-22 17:26:23"},"aioseo_breadcrumb":"<div class=\"aioseo-breadcrumbs\"><span class=\"aioseo-breadcrumb\">\n\t<a href=\"https:\/\/www.rucashk.com\/es\" title=\"Home\">Home<\/a>\n<\/span><span class=\"aioseo-breadcrumb-separator\">&raquo;<\/span><span class=\"aioseo-breadcrumb\">\n\t<a href=\"https:\/\/www.rucashk.com\/es\/products\/\" title=\"Productos\">Productos<\/a>\n<\/span><span class=\"aioseo-breadcrumb-separator\">&raquo;<\/span><span class=\"aioseo-breadcrumb\">\n\t<a href=\"https:\/\/www.rucashk.com\/es\/categoria-producto\/xiaomi-eco\/\" title=\"Xiaomi Eco\">Xiaomi Eco<\/a>\n<\/span><span class=\"aioseo-breadcrumb-separator\">&raquo;<\/span><span class=\"aioseo-breadcrumb\">\n\t<a href=\"https:\/\/www.rucashk.com\/es\/categoria-producto\/xiaomi-eco\/haylou-earphone\/\" title=\"Haylou Earphone\">Haylou Earphone<\/a>\n<\/span><span class=\"aioseo-breadcrumb-separator\">&raquo;<\/span><span class=\"aioseo-breadcrumb\">\n\tHaylou GT1 Earphone Global (White) Wholesale\n<\/span><\/div>","aioseo_breadcrumb_json":[{"label":"Home","link":"https:\/\/www.rucashk.com\/es"},{"label":"Productos","link":"https:\/\/www.rucashk.com\/es\/products\/"},{"label":"Xiaomi Eco","link":"https:\/\/www.rucashk.com\/es\/categoria-producto\/xiaomi-eco\/"},{"label":"Haylou Earphone","link":"https:\/\/www.rucashk.com\/es\/categoria-producto\/xiaomi-eco\/haylou-earphone\/"},{"label":"Haylou GT1 Earphone Global (White) Wholesale","link":"https:\/\/www.rucashk.com\/es\/producto\/haylou-gt1-earphone-global-white-wholesale\/"}],"_links":{"self":[{"href":"https:\/\/www.rucashk.com\/es\/wp-json\/wp\/v2\/product\/24188","targetHints":{"allow":["GET"]}}],"collection":[{"href":"https:\/\/www.rucashk.com\/es\/wp-json\/wp\/v2\/product"}],"about":[{"href":"https:\/\/www.rucashk.com\/es\/wp-json\/wp\/v2\/types\/product"}],"wp:featuredmedia":[{"embeddable":true,"href":"https:\/\/www.rucashk.com\/es\/wp-json\/wp\/v2\/media\/24338"}],"wp:attachment":[{"href":"https:\/\/www.rucashk.com\/es\/wp-json\/wp\/v2\/media?parent=24188"}],"wp:term":[{"taxonomy":"product_brand","embeddable":true,"href":"https:\/\/www.rucashk.com\/es\/wp-json\/wp\/v2\/product_brand?post=24188"},{"taxonomy":"product_cat","embeddable":true,"href":"https:\/\/www.rucashk.com\/es\/wp-json\/wp\/v2\/product_cat?post=24188"},{"taxonomy":"product_tag","embeddable":true,"href":"https:\/\/www.rucashk.com\/es\/wp-json\/wp\/v2\/product_tag?post=24188"}],"curies":[{"name":"wp","href":"https:\/\/api.w.org\/{rel}","templated":true}]}}