{"id":24149,"date":"2024-01-09T16:01:24","date_gmt":"2024-01-09T16:01:24","guid":{"rendered":"http:\/\/rucashk.com\/?post_type=product&#038;p=24149"},"modified":"2024-03-12T07:40:16","modified_gmt":"2024-03-12T07:40:16","slug":"irobot-roomba-i7-wholesale","status":"publish","type":"product","link":"https:\/\/www.rucashk.com\/es\/producto\/irobot-roomba-i7-wholesale\/","title":{"rendered":"iRobot Roomba i7"},"content":{"rendered":"<div class=\"celwidget aplus-module premium-module-13-carousel\" data-cel-widget=\"aplus-premium-module-13-carousel\">\n<div class=\"a-section a-spacing-none premium-aplus premium-aplus-module-13\">\n<div class=\"a-section a-spacing-none aplus-carousel-container\">\n<div id=\"premium-aplus-13-carousel-3-id\" class=\"a-begin a-carousel-container a-carousel-display-single a-carousel-transition-slideCircular a-carousel-initialized\" data-a-carousel-options=\"{&quot;peek_percentage&quot;:0,&quot;minimum_gutter_width&quot;:0,&quot;show_partial_next&quot;:false,&quot;name&quot;:&quot;premium-aplus-13-carousel-3&quot;}\" data-a-display-strategy=\"single\" data-a-transition-strategy=\"slideCircular\">\n<div class=\"a-row a-carousel-controls a-carousel-row a-carousel-has-buttons a-carousel-overlay-buttons a-carousel-rounded-buttons\">\n<div class=\"a-carousel-row-inner\">\n<div class=\"a-carousel-col a-carousel-center\">\n<div id=\"anonCarousel4\" class=\"a-carousel-viewport\">\n<div class=\"a-section a-spacing-none aplus-card-image\"><img fetchpriority=\"high\" decoding=\"async\" class=\"aligncenter\" src=\"\/wp-content\/uploads\/replace\/11726a5317a99fec01ffc9edb86c5e86.jpeg\" alt=\"iRobot Roomba i7\" width=\"1464\" height=\"600\" \/><\/div>\n<div class=\"a-section a-spacing-none aplus-card-image\"><img decoding=\"async\" class=\"aligncenter\" src=\"\/wp-content\/uploads\/replace\/2a99d7e35a76cfcc5cafc9d768b37ce4.jpeg\" alt=\"iRobot Roomba i7\" width=\"1464\" height=\"600\" \/><\/div>\n<div class=\"a-section a-spacing-none aplus-card-image\"><img decoding=\"async\" class=\"aligncenter\" src=\"\/wp-content\/uploads\/replace\/e5525e31bc04ca1721d725c3179dbcc7.jpeg\" alt=\"iRobot Roomba i7\" width=\"1464\" height=\"600\" \/><\/div>\n<div class=\"a-section a-spacing-none aplus-card-image\"><img loading=\"lazy\" decoding=\"async\" class=\"aligncenter\" src=\"\/wp-content\/uploads\/replace\/4f4857acf43d46a3cb69664ef0216d0e.jpeg\" alt=\"iRobot Roomba i7\" width=\"1464\" height=\"600\" \/><img loading=\"lazy\" decoding=\"async\" class=\"aligncenter\" src=\"\/wp-content\/uploads\/replace\/9061898fc948cf7230c117e78d68cd2f.jpeg\" alt=\"iRobot Roomba i7\" width=\"1464\" height=\"600\" \/><img loading=\"lazy\" decoding=\"async\" class=\"aligncenter\" src=\"\/wp-content\/uploads\/replace\/54049e69068e3e56fc9f696d2692c048.jpeg\" alt=\"iRobot Roomba i7\" width=\"1464\" height=\"600\" \/><\/div>\n<\/div>\n<\/div>\n<\/div>\n<\/div>\n<\/div>\n<div class=\"a-section a-spacing-none aplus-pagination-wrapper\">\n<div class=\"aplus-mantle aplus-module\">\n<div class=\"aplus-carousel-nav\"><\/div>\n<\/div>\n<\/div>\n<\/div>\n<div class=\"a-section a-text-center\"><img loading=\"lazy\" decoding=\"async\" class=\"aligncenter\" src=\"\/wp-content\/uploads\/replace\/e7b0b38ff274e931aa78d9ffccc2edf2.jpeg\" alt=\"iRobot Roomba i7\" width=\"1464\" height=\"600\" data-src=\"\/wp-content\/uploads\/replace\/e7b0b38ff274e931aa78d9ffccc2edf2.jpeg\" \/><\/div>\n<\/div>\n<\/div>\n<div class=\"celwidget aplus-module premium-module-10-hotspot-plain-image\" data-cel-widget=\"aplus-premium-module-10-hotspot-plain-image\">\n<div><img loading=\"lazy\" decoding=\"async\" class=\"wp-image-19983 size-full aligncenter\" src=\"\/wp-content\/uploads\/replace\/ecc63e99142b6209472fd73145872759.jpeg\" alt=\"iRobot Roomba i7\" width=\"1472\" height=\"466\" \/><img loading=\"lazy\" decoding=\"async\" class=\"wp-image-19984 size-full aligncenter\" src=\"\/wp-content\/uploads\/replace\/6dba779dd3cc9a5acf72b2a1b40890c7.jpeg\" alt=\"iRobot Roomba i7\" width=\"1462\" height=\"429\" \/><\/div>\n<div>\n<h2 class=\"default\">Descripci\u00f3n del Producto<\/h2>\n<div id=\"productDescription\" class=\"a-section a-spacing-small\">\n<div class=\"disclaim\">Nombre de estilo: <strong>Roomba i7<\/strong><\/div>\n<p>El robot aspirador Roomba i7 utiliza un sistema de limpieza premium de 3 etapas y cepillos de goma dobles para limpiar poderosamente todos los d\u00edas y est\u00e1 guiado por la tecnolog\u00eda Imprint Smart Mapping que aprende, mapea y se adapta a cada habitaci\u00f3n.<\/p>\n<p>Controle y programe limpiezas en su robot aspirador Roomba conectado a Wi-Fi con la aplicaci\u00f3n iRobot HOME. Puede monitorear la actividad de limpieza, ver el historial de limpieza y ver videos de mantenimiento. La aplicaci\u00f3n tambi\u00e9n actualiza su robot con el software m\u00e1s reciente, por lo que siempre estar\u00e1 actualizado con nuevas funciones.<\/p>\n<h2><\/h2>\n<h2>Informaci\u00f3n del Producto<\/h2>\n<p>Nombre de estilo: <strong>Roomba i7<\/strong><\/p>\n<table width=\"0\">\n<tbody>\n<tr>\n<td width=\"352\">Dimensiones del producto<\/td>\n<td>13,34 x 13,26 x 3,63 pulgadas<\/td>\n<\/tr>\n<tr>\n<td width=\"352\">Peso del art\u00edculo<\/td>\n<td>7,44 libras<\/td>\n<\/tr>\n<tr>\n<td width=\"352\">Departamento<\/td>\n<td>Unisex-adulto<\/td>\n<\/tr>\n<tr>\n<td width=\"352\">Fabricante<\/td>\n<td>Yo robot<\/td>\n<\/tr>\n<tr>\n<td width=\"352\">COMO EN<\/td>\n<td>B07GNRGDKP<\/td>\n<\/tr>\n<tr>\n<td width=\"352\">N\u00famero de modelo del art\u00edculo<\/td>\n<td>i715020<\/td>\n<\/tr>\n<tr>\n<td width=\"352\">Bater\u00edas<\/td>\n<td>Se requieren bater\u00edas de 1 A. (incluido)<\/td>\n<\/tr>\n<tr>\n<td width=\"352\">Est\u00e1 descontinuado por el fabricante.<\/td>\n<td>No<\/td>\n<\/tr>\n<tr>\n<td width=\"352\">Peso del art\u00edculo<\/td>\n<td>3,38 kilogramos<\/td>\n<\/tr>\n<tr>\n<td width=\"352\">Bater\u00edas requeridas<\/td>\n<td>S\u00ed<\/td>\n<\/tr>\n<tr>\n<td width=\"352\">Componentes incluidos<\/td>\n<td>1 robot aspirador Roomba\u00ae i7, 1 filtro de eficiencia extra alta, 1 cable de alimentaci\u00f3n norteamericano, 1 barrera Virtual Wall\u00ae de modo dual, 1 cepillo lateral adicional<\/td>\n<\/tr>\n<\/tbody>\n<\/table>\n<h2>Principales caracter\u00edsticas<\/h2>\n<ul class=\"a-unordered-list a-vertical a-spacing-mini\">\n<li><span class=\"a-list-item\">El Roomba i7 es compatible con un sistema de eliminaci\u00f3n autom\u00e1tica de suciedad Clean Base para que su robot aspirador i7 pueda vaciar su propio contenedor. (La base limpia se vende por separado)<\/span><\/li>\n<li><span class=\"a-list-item\">La succi\u00f3n Power-Lifting ofrece 10 veces m\u00e1s potencia de aire* para mejorar el rendimiento de recogida. El sistema de limpieza premium de 3 etapas limpia la suciedad y el pelo de las mascotas que ves y los al\u00e9rgenos y el polvo que no ves. *(Comparado con Roomba Serie 600)<\/span><\/li>\n<li><span class=\"a-list-item\">Imprint Smart Mapping permite al robot aprender, mapear y adaptarse a su hogar. Si las migas se caen al suelo mientras sales corriendo por la puerta, simplemente puedes decirle al robot Roomba serie i que limpie inmediatamente la cocina, ya sea usando tu Alexa o el Asistente de voz de Google.<\/span><\/li>\n<li><span class=\"a-list-item\">Mapea y recuerda de forma inteligente varios planos de planta para limpiar toda tu casa. La tecnolog\u00eda patentada iAdapt 3.0 con navegaci\u00f3n vSLAM captura activamente miles de mediciones precisas para optimizar la cobertura. Las zonas de exclusi\u00f3n le permiten controlar \u00e1reas que desea que evite el robot.<\/span><\/li>\n<li><span class=\"a-list-item\">La tecnolog\u00eda Imprint Link permite que los robots Roomba i7 y Braava jet m6 limpien autom\u00e1ticamente en secuencia: aspirando y luego trapeando.<\/span><\/li>\n<li><span class=\"a-list-item\">Ideal para hogares con mascotas. Los exclusivos cepillos de goma duales para m\u00faltiples superficies no se enredan con el pelo de las mascotas. Los cepillos se ajustan y flexionan para permanecer en contacto constante con alfombras y pisos duros. El filtro de alta eficiencia atrapa 99% de al\u00e9rgenos de perros y gatos.<\/span><\/li>\n<li><span class=\"a-list-item\">Los sensores Dirt Detect encuentran las \u00e1reas m\u00e1s sucias de su hogar y alertan al robot para que limpie esos lugares m\u00e1s a fondo; El cabezal de limpieza con ajuste autom\u00e1tico adapta autom\u00e1ticamente su altura para limpiar eficazmente alfombras y pisos duros<\/span><\/li>\n<\/ul>\n<\/div>\n<\/div>\n<\/div>","protected":false},"excerpt":{"rendered":"<p><strong>Caracter\u00edstica:<\/strong><\/p>\n<ul>\n<li>El Roomba i7 es compatible con un sistema de eliminaci\u00f3n autom\u00e1tica de suciedad Clean Base para que su robot aspirador i7 pueda vaciar su propio contenedor.<\/li>\n<li>La succi\u00f3n Power-Lifting ofrece 10 veces m\u00e1s potencia de aire* para mejorar el rendimiento de recogida.<\/li>\n<li>Imprint Smart Mapping permite al robot aprender, mapear y adaptarse a su hogar.<\/li>\n<li>Mapea y recuerda de forma inteligente varios planos de planta para limpiar toda tu casa.<\/li>\n<\/ul>","protected":false},"featured_media":24306,"template":"","meta":[],"product_brand":[],"product_cat":[1322],"product_tag":[1042],"class_list":{"0":"post-24149","1":"product","2":"type-product","3":"status-publish","4":"has-post-thumbnail","6":"product_cat-other-a-brands","7":"product_tag-irobot-roomba-i7","9":"first","10":"instock","11":"shipping-taxable","12":"product-type-external"},"aioseo_notices":[],"aioseo_head":"\n\t\t<!-- All in One SEO Pro 4.5.9.2 - aioseo.com -->\n\t\t<meta name=\"description\" content=\"Feature: The Roomba i7 is compatible with a Clean Base Automatic Dirt Disposal so your i7 robot vacuum can empty its own bin. Power-Lifting Suction delivers 10X the air power* for improved pick-up performance. Imprint Smart Mapping enables the robot to learn, map and adapt to your home. Intelligently maps and remembers multiple floor plans to clean your entire home.\" \/>\n\t\t<meta name=\"robots\" content=\"max-image-preview:large\" \/>\n\t\t<link rel=\"canonical\" href=\"https:\/\/www.rucashk.com\/es\/producto\/irobot-roomba-i7-wholesale\/\" \/>\n\t\t<meta name=\"generator\" content=\"All in One SEO Pro (AIOSEO) 4.5.9.2\" \/>\n\t\t<meta property=\"og:locale\" content=\"es_ES\" \/>\n\t\t<meta property=\"og:site_name\" content=\"Rucas - One-stop AIoT Distribution Worldwide\" \/>\n\t\t<meta property=\"og:type\" content=\"article\" \/>\n\t\t<meta property=\"og:title\" content=\"iRobot Roomba i7 Wholesale - Rucas - Wholesale and Distribution\" \/>\n\t\t<meta property=\"og:description\" content=\"Feature: The Roomba i7 is compatible with a Clean Base Automatic Dirt Disposal so your i7 robot vacuum can empty its own bin. Power-Lifting Suction delivers 10X the air power* for improved pick-up performance. Imprint Smart Mapping enables the robot to learn, map and adapt to your home. Intelligently maps and remembers multiple floor plans to clean your entire home.\" \/>\n\t\t<meta property=\"og:url\" content=\"https:\/\/www.rucashk.com\/es\/producto\/irobot-roomba-i7-wholesale\/\" \/>\n\t\t<meta property=\"og:image\" content=\"https:\/\/www.rucashk.com\/wp-content\/uploads\/replace\/503b8e645f128a97ccde2b6290747646.jpeg\" \/>\n\t\t<meta property=\"og:image:secure_url\" content=\"https:\/\/www.rucashk.com\/wp-content\/uploads\/replace\/503b8e645f128a97ccde2b6290747646.jpeg\" \/>\n\t\t<meta property=\"og:image:width\" content=\"1456\" \/>\n\t\t<meta property=\"og:image:height\" content=\"816\" \/>\n\t\t<meta property=\"article:published_time\" content=\"2024-01-09T16:01:24+00:00\" \/>\n\t\t<meta property=\"article:modified_time\" content=\"2024-03-12T07:40:16+00:00\" \/>\n\t\t<meta name=\"twitter:card\" content=\"summary_large_image\" \/>\n\t\t<meta name=\"twitter:title\" content=\"iRobot Roomba i7 Wholesale - Rucas - Wholesale and Distribution\" \/>\n\t\t<meta name=\"twitter:description\" content=\"Feature: The Roomba i7 is compatible with a Clean Base Automatic Dirt Disposal so your i7 robot vacuum can empty its own bin. Power-Lifting Suction delivers 10X the air power* for improved pick-up performance. Imprint Smart Mapping enables the robot to learn, map and adapt to your home. Intelligently maps and remembers multiple floor plans to clean your entire home.\" \/>\n\t\t<meta name=\"twitter:image\" content=\"https:\/\/www.rucashk.com\/wp-content\/uploads\/replace\/503b8e645f128a97ccde2b6290747646.jpeg\" \/>\n\t\t<script type=\"application\/ld+json\" class=\"aioseo-schema\">\n\t\t\t{\"@context\":\"https:\\\/\\\/schema.org\",\"@graph\":[{\"@type\":\"BreadcrumbList\",\"@id\":\"https:\\\/\\\/www.rucashk.com\\\/es\\\/producto\\\/irobot-roomba-i7-wholesale\\\/#breadcrumblist\",\"itemListElement\":[{\"@type\":\"ListItem\",\"@id\":\"https:\\\/\\\/www.rucashk.com\\\/es\\\/#listItem\",\"position\":1,\"name\":\"Home\",\"item\":\"https:\\\/\\\/www.rucashk.com\\\/es\\\/\",\"nextItem\":\"https:\\\/\\\/www.rucashk.com\\\/es\\\/producto\\\/irobot-roomba-i7-wholesale\\\/#listItem\"},{\"@type\":\"ListItem\",\"@id\":\"https:\\\/\\\/www.rucashk.com\\\/es\\\/producto\\\/irobot-roomba-i7-wholesale\\\/#listItem\",\"position\":2,\"name\":\"iRobot Roomba i7 Wholesale\",\"previousItem\":\"https:\\\/\\\/www.rucashk.com\\\/es\\\/#listItem\"}]},{\"@type\":\"Organization\",\"@id\":\"https:\\\/\\\/www.rucashk.com\\\/es\\\/#organization\",\"name\":\"Rucas\",\"url\":\"https:\\\/\\\/www.rucashk.com\\\/es\\\/\",\"logo\":{\"@type\":\"ImageObject\",\"url\":\"https:\\\/\\\/www.rucashk.com\\\/wp-content\\\/uploads\\\/2023\\\/12\\\/Rucas_campany_logo.png\",\"@id\":\"https:\\\/\\\/www.rucashk.com\\\/es\\\/producto\\\/irobot-roomba-i7-wholesale\\\/#organizationLogo\",\"width\":221,\"height\":65},\"image\":{\"@id\":\"https:\\\/\\\/www.rucashk.com\\\/es\\\/#organizationLogo\"}},{\"@type\":\"Person\",\"@id\":\"https:\\\/\\\/www.rucashk.com\\\/es\\\/author\\\/admin\\\/#author\",\"url\":\"https:\\\/\\\/www.rucashk.com\\\/es\\\/author\\\/admin\\\/\",\"name\":\"admin\",\"image\":{\"@type\":\"ImageObject\",\"@id\":\"https:\\\/\\\/www.rucashk.com\\\/es\\\/producto\\\/irobot-roomba-i7-wholesale\\\/#authorImage\",\"url\":\"https:\\\/\\\/secure.gravatar.com\\\/avatar\\\/b7c8925b09a27e72b30232f8ecaadbd5af0f70a38c78096863fe51b64f031c24?s=96&d=mm&r=g\",\"width\":96,\"height\":96,\"caption\":\"admin\"}},{\"@type\":\"WebPage\",\"@id\":\"https:\\\/\\\/www.rucashk.com\\\/es\\\/producto\\\/irobot-roomba-i7-wholesale\\\/#webpage\",\"url\":\"https:\\\/\\\/www.rucashk.com\\\/es\\\/producto\\\/irobot-roomba-i7-wholesale\\\/\",\"name\":\"iRobot Roomba i7 Wholesale - Rucas - Wholesale and Distribution\",\"description\":\"Feature: The Roomba i7 is compatible with a Clean Base Automatic Dirt Disposal so your i7 robot vacuum can empty its own bin. Power-Lifting Suction delivers 10X the air power* for improved pick-up performance. Imprint Smart Mapping enables the robot to learn, map and adapt to your home. Intelligently maps and remembers multiple floor plans to clean your entire home.\",\"inLanguage\":\"es-ES\",\"isPartOf\":{\"@id\":\"https:\\\/\\\/www.rucashk.com\\\/es\\\/#website\"},\"breadcrumb\":{\"@id\":\"https:\\\/\\\/www.rucashk.com\\\/es\\\/producto\\\/irobot-roomba-i7-wholesale\\\/#breadcrumblist\"},\"author\":{\"@id\":\"https:\\\/\\\/www.rucashk.com\\\/es\\\/author\\\/admin\\\/#author\"},\"creator\":{\"@id\":\"https:\\\/\\\/www.rucashk.com\\\/es\\\/author\\\/admin\\\/#author\"},\"image\":{\"@type\":\"ImageObject\",\"url\":\"https:\\\/\\\/www.rucashk.com\\\/wp-content\\\/uploads\\\/2024\\\/01\\\/iRobot-Roomba-i7.jpg\",\"@id\":\"https:\\\/\\\/www.rucashk.com\\\/es\\\/producto\\\/irobot-roomba-i7-wholesale\\\/#mainImage\",\"width\":800,\"height\":800},\"primaryImageOfPage\":{\"@id\":\"https:\\\/\\\/www.rucashk.com\\\/es\\\/producto\\\/irobot-roomba-i7-wholesale\\\/#mainImage\"},\"datePublished\":\"2024-01-09T16:01:24+00:00\",\"dateModified\":\"2024-03-12T07:40:16+00:00\"},{\"@type\":\"WebSite\",\"@id\":\"https:\\\/\\\/www.rucashk.com\\\/es\\\/#website\",\"url\":\"https:\\\/\\\/www.rucashk.com\\\/es\\\/\",\"name\":\"Rucas - Wholesale and distribution worldwide\",\"alternateName\":\"Rucas - One-stop AIoT Distribution Worldwide\",\"description\":\"One-stop AIoT Distribution Worldwide\",\"inLanguage\":\"es-ES\",\"publisher\":{\"@id\":\"https:\\\/\\\/www.rucashk.com\\\/es\\\/#organization\"}}]}\n\t\t<\/script>\n\t\t<!-- All in One SEO Pro -->\r\n\t\t<title>iRobot Roomba i7 Wholesale - Rucas - Wholesale and Distribution<\/title>\n\n","aioseo_head_json":{"title":"iRobot Roomba i7 Wholesale - Rucas - Wholesale and Distribution","description":"Feature: The Roomba i7 is compatible with a Clean Base Automatic Dirt Disposal so your i7 robot vacuum can empty its own bin. Power-Lifting Suction delivers 10X the air power* for improved pick-up performance. Imprint Smart Mapping enables the robot to learn, map and adapt to your home. Intelligently maps and remembers multiple floor plans to clean your entire home.","canonical_url":"https:\/\/www.rucashk.com\/es\/producto\/irobot-roomba-i7-wholesale\/","robots":"max-image-preview:large","keywords":"","webmasterTools":{"miscellaneous":""},"og:locale":"es_ES","og:site_name":"Rucas - One-stop AIoT Distribution Worldwide","og:type":"article","og:title":"iRobot Roomba i7 Wholesale - Rucas - Wholesale and Distribution","og:description":"Feature: The Roomba i7 is compatible with a Clean Base Automatic Dirt Disposal so your i7 robot vacuum can empty its own bin. Power-Lifting Suction delivers 10X the air power* for improved pick-up performance. Imprint Smart Mapping enables the robot to learn, map and adapt to your home. Intelligently maps and remembers multiple floor plans to clean your entire home.","og:url":"https:\/\/www.rucashk.com\/es\/producto\/irobot-roomba-i7-wholesale\/","og:image":"https:\/\/www.rucashk.com\/wp-content\/uploads\/replace\/503b8e645f128a97ccde2b6290747646.jpeg","og:image:secure_url":"https:\/\/www.rucashk.com\/wp-content\/uploads\/replace\/503b8e645f128a97ccde2b6290747646.jpeg","og:image:width":1456,"og:image:height":816,"article:published_time":"2024-01-09T16:01:24+00:00","article:modified_time":"2024-03-12T07:40:16+00:00","twitter:card":"summary_large_image","twitter:title":"iRobot Roomba i7 Wholesale - Rucas - Wholesale and Distribution","twitter:description":"Feature: The Roomba i7 is compatible with a Clean Base Automatic Dirt Disposal so your i7 robot vacuum can empty its own bin. Power-Lifting Suction delivers 10X the air power* for improved pick-up performance. Imprint Smart Mapping enables the robot to learn, map and adapt to your home. Intelligently maps and remembers multiple floor plans to clean your entire home.","twitter:image":"https:\/\/www.rucashk.com\/wp-content\/uploads\/replace\/503b8e645f128a97ccde2b6290747646.jpeg","schema":{"@context":"https:\/\/schema.org","@graph":[{"@type":"BreadcrumbList","@id":"https:\/\/www.rucashk.com\/es\/producto\/irobot-roomba-i7-wholesale\/#breadcrumblist","itemListElement":[{"@type":"ListItem","@id":"https:\/\/www.rucashk.com\/es\/#listItem","position":1,"name":"Home","item":"https:\/\/www.rucashk.com\/es\/","nextItem":"https:\/\/www.rucashk.com\/es\/producto\/irobot-roomba-i7-wholesale\/#listItem"},{"@type":"ListItem","@id":"https:\/\/www.rucashk.com\/es\/producto\/irobot-roomba-i7-wholesale\/#listItem","position":2,"name":"iRobot Roomba i7 Wholesale","previousItem":"https:\/\/www.rucashk.com\/es\/#listItem"}]},{"@type":"Organization","@id":"https:\/\/www.rucashk.com\/es\/#organization","name":"Rucas","url":"https:\/\/www.rucashk.com\/es\/","logo":{"@type":"ImageObject","url":"https:\/\/www.rucashk.com\/wp-content\/uploads\/2023\/12\/Rucas_campany_logo.png","@id":"https:\/\/www.rucashk.com\/es\/producto\/irobot-roomba-i7-wholesale\/#organizationLogo","width":221,"height":65},"image":{"@id":"https:\/\/www.rucashk.com\/es\/#organizationLogo"}},{"@type":"Person","@id":"https:\/\/www.rucashk.com\/es\/author\/admin\/#author","url":"https:\/\/www.rucashk.com\/es\/author\/admin\/","name":"admin","image":{"@type":"ImageObject","@id":"https:\/\/www.rucashk.com\/es\/producto\/irobot-roomba-i7-wholesale\/#authorImage","url":"https:\/\/secure.gravatar.com\/avatar\/b7c8925b09a27e72b30232f8ecaadbd5af0f70a38c78096863fe51b64f031c24?s=96&d=mm&r=g","width":96,"height":96,"caption":"admin"}},{"@type":"WebPage","@id":"https:\/\/www.rucashk.com\/es\/producto\/irobot-roomba-i7-wholesale\/#webpage","url":"https:\/\/www.rucashk.com\/es\/producto\/irobot-roomba-i7-wholesale\/","name":"iRobot Roomba i7 Wholesale - Rucas - Wholesale and Distribution","description":"Feature: The Roomba i7 is compatible with a Clean Base Automatic Dirt Disposal so your i7 robot vacuum can empty its own bin. Power-Lifting Suction delivers 10X the air power* for improved pick-up performance. Imprint Smart Mapping enables the robot to learn, map and adapt to your home. Intelligently maps and remembers multiple floor plans to clean your entire home.","inLanguage":"es-ES","isPartOf":{"@id":"https:\/\/www.rucashk.com\/es\/#website"},"breadcrumb":{"@id":"https:\/\/www.rucashk.com\/es\/producto\/irobot-roomba-i7-wholesale\/#breadcrumblist"},"author":{"@id":"https:\/\/www.rucashk.com\/es\/author\/admin\/#author"},"creator":{"@id":"https:\/\/www.rucashk.com\/es\/author\/admin\/#author"},"image":{"@type":"ImageObject","url":"https:\/\/www.rucashk.com\/wp-content\/uploads\/2024\/01\/iRobot-Roomba-i7.jpg","@id":"https:\/\/www.rucashk.com\/es\/producto\/irobot-roomba-i7-wholesale\/#mainImage","width":800,"height":800},"primaryImageOfPage":{"@id":"https:\/\/www.rucashk.com\/es\/producto\/irobot-roomba-i7-wholesale\/#mainImage"},"datePublished":"2024-01-09T16:01:24+00:00","dateModified":"2024-03-12T07:40:16+00:00"},{"@type":"WebSite","@id":"https:\/\/www.rucashk.com\/es\/#website","url":"https:\/\/www.rucashk.com\/es\/","name":"Rucas - Wholesale and distribution worldwide","alternateName":"Rucas - One-stop AIoT Distribution Worldwide","description":"One-stop AIoT Distribution Worldwide","inLanguage":"es-ES","publisher":{"@id":"https:\/\/www.rucashk.com\/es\/#organization"}}]}},"aioseo_meta_data":{"post_id":"24149","title":null,"description":null,"keywords":null,"keyphrases":null,"primary_term":null,"canonical_url":null,"og_title":null,"og_description":null,"og_object_type":"default","og_image_type":"default","og_image_url":null,"og_image_width":null,"og_image_height":null,"og_image_custom_url":null,"og_image_custom_fields":null,"og_video":null,"og_custom_url":null,"og_article_section":null,"og_article_tags":null,"twitter_use_og":false,"twitter_card":"default","twitter_image_type":"default","twitter_image_url":null,"twitter_image_custom_url":null,"twitter_image_custom_fields":null,"twitter_title":null,"twitter_description":null,"schema":{"blockGraphs":[],"customGraphs":[],"default":{"data":{"Article":[],"Course":[],"Dataset":[],"FAQPage":[],"Movie":[],"Person":[],"Product":[],"Recipe":[],"Service":[],"SoftwareApplication":[],"WebPage":[]},"graphName":"","isEnabled":true},"graphs":[]},"schema_type":"default","schema_type_options":null,"pillar_content":false,"robots_default":true,"robots_noindex":false,"robots_noarchive":false,"robots_nosnippet":false,"robots_nofollow":false,"robots_noimageindex":false,"robots_noodp":false,"robots_notranslate":false,"robots_max_snippet":null,"robots_max_videopreview":null,"robots_max_imagepreview":"large","priority":null,"frequency":null,"local_seo":null,"breadcrumb_settings":null,"limit_modified_date":false,"created":"2024-04-11 01:57:09","updated":"2025-06-22 17:25:05"},"aioseo_breadcrumb":"<div class=\"aioseo-breadcrumbs\"><span class=\"aioseo-breadcrumb\">\n\t<a href=\"https:\/\/www.rucashk.com\/es\" title=\"Home\">Home<\/a>\n<\/span><span class=\"aioseo-breadcrumb-separator\">&raquo;<\/span><span class=\"aioseo-breadcrumb\">\n\t<a href=\"https:\/\/www.rucashk.com\/es\/products\/\" title=\"Productos\">Productos<\/a>\n<\/span><span class=\"aioseo-breadcrumb-separator\">&raquo;<\/span><span class=\"aioseo-breadcrumb\">\n\t<a href=\"https:\/\/www.rucashk.com\/es\/categoria-producto\/other-a-brands\/\" title=\"Other A-Brands\">Other A-Brands<\/a>\n<\/span><span class=\"aioseo-breadcrumb-separator\">&raquo;<\/span><span class=\"aioseo-breadcrumb\">\n\tiRobot Roomba i7 Wholesale\n<\/span><\/div>","aioseo_breadcrumb_json":[{"label":"Home","link":"https:\/\/www.rucashk.com\/es"},{"label":"Productos","link":"https:\/\/www.rucashk.com\/es\/products\/"},{"label":"Other A-Brands","link":"https:\/\/www.rucashk.com\/es\/categoria-producto\/other-a-brands\/"},{"label":"iRobot Roomba i7 Wholesale","link":"https:\/\/www.rucashk.com\/es\/producto\/irobot-roomba-i7-wholesale\/"}],"_links":{"self":[{"href":"https:\/\/www.rucashk.com\/es\/wp-json\/wp\/v2\/product\/24149","targetHints":{"allow":["GET"]}}],"collection":[{"href":"https:\/\/www.rucashk.com\/es\/wp-json\/wp\/v2\/product"}],"about":[{"href":"https:\/\/www.rucashk.com\/es\/wp-json\/wp\/v2\/types\/product"}],"wp:featuredmedia":[{"embeddable":true,"href":"https:\/\/www.rucashk.com\/es\/wp-json\/wp\/v2\/media\/24306"}],"wp:attachment":[{"href":"https:\/\/www.rucashk.com\/es\/wp-json\/wp\/v2\/media?parent=24149"}],"wp:term":[{"taxonomy":"product_brand","embeddable":true,"href":"https:\/\/www.rucashk.com\/es\/wp-json\/wp\/v2\/product_brand?post=24149"},{"taxonomy":"product_cat","embeddable":true,"href":"https:\/\/www.rucashk.com\/es\/wp-json\/wp\/v2\/product_cat?post=24149"},{"taxonomy":"product_tag","embeddable":true,"href":"https:\/\/www.rucashk.com\/es\/wp-json\/wp\/v2\/product_tag?post=24149"}],"curies":[{"name":"wp","href":"https:\/\/api.w.org\/{rel}","templated":true}]}}