{"id":24148,"date":"2024-01-09T16:01:24","date_gmt":"2024-01-09T16:01:24","guid":{"rendered":"http:\/\/rucashk.com\/?post_type=product&#038;p=24148"},"modified":"2024-03-13T13:04:16","modified_gmt":"2024-03-13T13:04:16","slug":"inface-facial-brush-ms2000-wholesale","status":"publish","type":"product","link":"https:\/\/www.rucashk.com\/es\/producto\/inface-facial-brush-ms2000-wholesale\/","title":{"rendered":"Cepillo facial InFace MS2000 al por mayor"},"content":{"rendered":"<div class=\"product_pz\">\n<div class=\"product_pz_info product_pz_style2\"><\/div>\n<\/div>\n<div class=\"self-adaption\"><img fetchpriority=\"high\" decoding=\"async\" class=\"js-descLazyload lazy-loaded aligncenter\" title=\"inFace MS - 2000 Cepillo de limpieza facial de silicona s\u00f3nico el\u00e9ctrico impermeable ajustable de Xiaomi youpin - Gris oscuro\" src=\"\/wp-content\/uploads\/replace\/a82dcd38e38f1cf844a1f63ccd7cdcda.jpeg\" alt=\"Inface facial brush Ms2000\" width=\"1000\" height=\"1290\" data-lazy=\"\/wp-content\/uploads\/replace\/a82dcd38e38f1cf844a1f63ccd7cdcda.jpeg\" data-was-processed=\"true\" \/><\/div>\n<div class=\"self-adaption\"><img decoding=\"async\" class=\"js-descLazyload lazy-loaded aligncenter\" title=\"inFace MS - 2000 Cepillo de limpieza facial de silicona s\u00f3nico el\u00e9ctrico impermeable ajustable de Xiaomi youpin - Gris oscuro\" src=\"\/wp-content\/uploads\/replace\/34158b22ad605b5081b8f96eafeb868e.jpeg\" alt=\"Inface facial brush Ms2000\" width=\"1000\" height=\"359\" data-lazy=\"\/wp-content\/uploads\/replace\/34158b22ad605b5081b8f96eafeb868e.jpeg\" data-was-processed=\"true\" \/><\/div>\n<div class=\"self-adaption\"><img decoding=\"async\" class=\"js-descLazyload lazy-loaded aligncenter\" title=\"inFace MS - 2000 Cepillo de limpieza facial de silicona s\u00f3nico el\u00e9ctrico impermeable ajustable de Xiaomi youpin - Gris oscuro\" src=\"\/wp-content\/uploads\/replace\/ef0ba0c2d95c6474e693ada8bfbf34c5.jpeg\" alt=\"Inface facial brush Ms2000\" width=\"1000\" height=\"1167\" data-lazy=\"\/wp-content\/uploads\/replace\/ef0ba0c2d95c6474e693ada8bfbf34c5.jpeg\" data-was-processed=\"true\" \/><\/div>\n<div class=\"self-adaption\"><img loading=\"lazy\" decoding=\"async\" class=\"js-descLazyload lazy-loaded aligncenter\" title=\"inFace MS - 2000 Cepillo de limpieza facial de silicona s\u00f3nico el\u00e9ctrico impermeable ajustable de Xiaomi youpin - Gris oscuro\" src=\"\/wp-content\/uploads\/replace\/71c706f099344c6becab782f272bd479.jpeg\" alt=\"Inface facial brush Ms2000\" width=\"1000\" height=\"876\" data-lazy=\"\/wp-content\/uploads\/replace\/71c706f099344c6becab782f272bd479.jpeg\" data-was-processed=\"true\" \/><\/div>\n<div class=\"self-adaption\"><img loading=\"lazy\" decoding=\"async\" class=\"js-descLazyload lazy-loaded aligncenter\" title=\"inFace MS - 2000 Cepillo de limpieza facial de silicona s\u00f3nico el\u00e9ctrico impermeable ajustable de Xiaomi youpin - Gris oscuro\" src=\"\/wp-content\/uploads\/replace\/9fdd9c5753717b465f5c7b866d026516.jpeg\" alt=\"Inface facial brush Ms2000\" width=\"1000\" height=\"753\" data-lazy=\"\/wp-content\/uploads\/replace\/9fdd9c5753717b465f5c7b866d026516.jpeg\" data-was-processed=\"true\" \/><\/div>\n<div class=\"self-adaption\"><img loading=\"lazy\" decoding=\"async\" class=\"js-descLazyload lazy-loaded aligncenter\" title=\"inFace MS - 2000 Cepillo de limpieza facial de silicona s\u00f3nico el\u00e9ctrico impermeable ajustable de Xiaomi youpin - Gris oscuro\" src=\"\/wp-content\/uploads\/replace\/be2b352a9ecd60de2d24bf3eee7b4291.jpeg\" alt=\"Inface facial brush Ms2000\" width=\"1000\" height=\"951\" data-lazy=\"\/wp-content\/uploads\/replace\/be2b352a9ecd60de2d24bf3eee7b4291.jpeg\" data-was-processed=\"true\" \/><\/div>\n<div class=\"self-adaption\"><img loading=\"lazy\" decoding=\"async\" class=\"js-descLazyload lazy-loaded aligncenter\" title=\"inFace MS - 2000 Cepillo de limpieza facial de silicona s\u00f3nico el\u00e9ctrico impermeable ajustable de Xiaomi youpin - Gris oscuro\" src=\"\/wp-content\/uploads\/replace\/aa7e35adaa5e4dca5e68ed851dab587c.jpeg\" alt=\"Inface facial brush Ms2000\" width=\"1000\" height=\"951\" data-lazy=\"\/wp-content\/uploads\/replace\/aa7e35adaa5e4dca5e68ed851dab587c.jpeg\" data-was-processed=\"true\" \/><\/div>\n<div class=\"self-adaption\"><img loading=\"lazy\" decoding=\"async\" class=\"js-descLazyload lazy-loaded aligncenter\" title=\"inFace MS - 2000 Cepillo de limpieza facial de silicona s\u00f3nico el\u00e9ctrico impermeable ajustable de Xiaomi youpin - Gris oscuro\" src=\"\/wp-content\/uploads\/replace\/9b0353ef75ae0f53b74132cb42f282b5.jpeg\" alt=\"Inface facial brush Ms2000\" width=\"1000\" height=\"950\" data-lazy=\"\/wp-content\/uploads\/replace\/9b0353ef75ae0f53b74132cb42f282b5.jpeg\" data-was-processed=\"true\" \/><\/div>\n<div class=\"self-adaption\"><img loading=\"lazy\" decoding=\"async\" class=\"js-descLazyload lazy-loaded aligncenter\" title=\"inFace MS - 2000 Cepillo de limpieza facial de silicona s\u00f3nico el\u00e9ctrico impermeable ajustable de Xiaomi youpin - Gris oscuro\" src=\"\/wp-content\/uploads\/replace\/63c5ea057c99c0fd29aad49a96284ed3.jpeg\" alt=\"Inface facial brush Ms2000\" width=\"1000\" height=\"474\" data-lazy=\"\/wp-content\/uploads\/replace\/63c5ea057c99c0fd29aad49a96284ed3.jpeg\" data-was-processed=\"true\" \/><\/div>\n<div>\n<div class=\"product_pz\">\n<div class=\"product_pz_info mainfeatures desc_simp\"><b>Especificaciones:<\/b><br \/>\n\u25cf Tiempo de carga: 3 \u2013 4 h<br \/>\n\u25cf Corriente de carga: 300 mA<br \/>\n\u25cf Bater\u00eda: bater\u00eda de iones de litio incorporada (m\u00e1s de 300 mAh)<\/div>\n<\/div>\n<div class=\"product_pz\">\n<h4 class=\"expand_en_name\">Especificaci\u00f3n<\/h4>\n<div class=\"product_pz_info product_pz_style2\">\n<table>\n<tbody>\n<tr>\n<th>General<\/th>\n<td>Modelo: MS \u2013 2000<br \/>\nMaterial: silicona<\/td>\n<\/tr>\n<tr>\n<th>Dimensiones y peso<\/th>\n<td>Peso del producto: 0,0830 kg<br \/>\nPeso del paquete: 0,1550 kg<br \/>\nTama\u00f1o del producto (largo x ancho x alto): 8,00 x 5,30 x 3,04 cm \/ 3,15 x 2,09 x 1,2 pulgadas<br \/>\nTama\u00f1o del paquete (largo x ancho x alto): 11,50 x 6,40 x 3,90 cm \/ 4,53 x 2,52 x 1,54 pulgadas<\/td>\n<\/tr>\n<tr>\n<th>contenidos del paquete<\/th>\n<td>Contenidos del Paquete: 1 x Cepillo de Limpieza Facial, 1 x Cable USB, 1 x Manual Chino<\/td>\n<\/tr>\n<\/tbody>\n<\/table>\n<\/div>\n<\/div>\n<\/div>","protected":false},"excerpt":{"rendered":"<p>\u25cf Select MCU processor,\u00a0stable efficiency, deep and fine cleaning, soothe the skin<br \/>\n\u25cf High-performance sonic motor, tungsten metal pendulum, reduce skin pressure<br \/>\n\u25cfInnovative four-colour segmented design, 3 major sections<br \/>\n\u25cf3 cleansing massage modes,\u00a0meeting a variety of skin requirements<br \/>\n\u25cfMedical-grade silicone,\u00a0thickened design, safer and more intimate<br \/>\n\u25cf Flexible brush head for more thorough cleaning<br \/>\n\u25cf IPX7 waterproof, easy to use and clean<br \/>\n\u25cf 90s timing function, convenient t use<br \/>\n\u25cf Imported button, ergonomic, soft touch experience<br \/>\n\u25cf Compact and lightweight, portable<br \/>\n\u25cf Lower power consumption, 3 months long standby<\/p>","protected":false},"featured_media":24302,"template":"","meta":[],"product_brand":[],"product_cat":[1320,1305],"product_tag":[735],"class_list":{"0":"post-24148","1":"product","2":"type-product","3":"status-publish","4":"has-post-thumbnail","6":"product_cat-personal-care","7":"product_cat-xiaomi-eco","8":"product_tag-inface-facial-brush-ms2000","10":"first","11":"instock","12":"shipping-taxable","13":"product-type-external"},"aioseo_notices":[],"aioseo_head":"\n\t\t<!-- All in One SEO Pro 4.5.9.2 - aioseo.com -->\n\t\t<meta name=\"description\" content=\"\u25cf Select MCU processor, stable efficiency, deep and fine cleaning, soothe the skin \u25cf High-performance sonic motor, tungsten metal pendulum, reduce skin pressure \u25cfInnovative four-colour segmented design, 3 major sections \u25cf3 cleansing massage modes, meeting a variety of skin requirements \u25cfMedical-grade silicone, thickened design, safer and more intimate \u25cf Flexible brush head for more thorough cleaning \u25cf IPX7 waterproof, easy to use and clean \u25cf 90s timing function, convenient t use \u25cf Imported button, ergonomic, soft touch experience \u25cf Compact and lightweight, portable \u25cf Lower power consumption, 3 months long standby\" \/>\n\t\t<meta name=\"robots\" content=\"max-image-preview:large\" \/>\n\t\t<link rel=\"canonical\" href=\"https:\/\/www.rucashk.com\/es\/producto\/inface-facial-brush-ms2000-wholesale\/\" \/>\n\t\t<meta name=\"generator\" content=\"All in One SEO Pro (AIOSEO) 4.5.9.2\" \/>\n\t\t<meta property=\"og:locale\" content=\"es_ES\" \/>\n\t\t<meta property=\"og:site_name\" content=\"Rucas - One-stop AIoT Distribution Worldwide\" \/>\n\t\t<meta property=\"og:type\" content=\"article\" \/>\n\t\t<meta property=\"og:title\" content=\"InFace Facial Brush MS2000 Wholesale - Rucas - Wholesale and Distribution\" \/>\n\t\t<meta property=\"og:description\" content=\"\u25cf Select MCU processor, stable efficiency, deep and fine cleaning, soothe the skin \u25cf High-performance sonic motor, tungsten metal pendulum, reduce skin pressure \u25cfInnovative four-colour segmented design, 3 major sections \u25cf3 cleansing massage modes, meeting a variety of skin requirements \u25cfMedical-grade silicone, thickened design, safer and more intimate \u25cf Flexible brush head for more thorough cleaning \u25cf IPX7 waterproof, easy to use and clean \u25cf 90s timing function, convenient t use \u25cf Imported button, ergonomic, soft touch experience \u25cf Compact and lightweight, portable \u25cf Lower power consumption, 3 months long standby\" \/>\n\t\t<meta property=\"og:url\" content=\"https:\/\/www.rucashk.com\/es\/producto\/inface-facial-brush-ms2000-wholesale\/\" \/>\n\t\t<meta property=\"og:image\" content=\"https:\/\/www.rucashk.com\/wp-content\/uploads\/replace\/503b8e645f128a97ccde2b6290747646.jpeg\" \/>\n\t\t<meta property=\"og:image:secure_url\" content=\"https:\/\/www.rucashk.com\/wp-content\/uploads\/replace\/503b8e645f128a97ccde2b6290747646.jpeg\" \/>\n\t\t<meta property=\"og:image:width\" content=\"1456\" \/>\n\t\t<meta property=\"og:image:height\" content=\"816\" \/>\n\t\t<meta property=\"article:published_time\" content=\"2024-01-09T16:01:24+00:00\" \/>\n\t\t<meta property=\"article:modified_time\" content=\"2024-03-13T13:04:16+00:00\" \/>\n\t\t<meta name=\"twitter:card\" content=\"summary_large_image\" \/>\n\t\t<meta name=\"twitter:title\" content=\"InFace Facial Brush MS2000 Wholesale - Rucas - Wholesale and Distribution\" \/>\n\t\t<meta name=\"twitter:description\" content=\"\u25cf Select MCU processor, stable efficiency, deep and fine cleaning, soothe the skin \u25cf High-performance sonic motor, tungsten metal pendulum, reduce skin pressure \u25cfInnovative four-colour segmented design, 3 major sections \u25cf3 cleansing massage modes, meeting a variety of skin requirements \u25cfMedical-grade silicone, thickened design, safer and more intimate \u25cf Flexible brush head for more thorough cleaning \u25cf IPX7 waterproof, easy to use and clean \u25cf 90s timing function, convenient t use \u25cf Imported button, ergonomic, soft touch experience \u25cf Compact and lightweight, portable \u25cf Lower power consumption, 3 months long standby\" \/>\n\t\t<meta name=\"twitter:image\" content=\"https:\/\/www.rucashk.com\/wp-content\/uploads\/replace\/503b8e645f128a97ccde2b6290747646.jpeg\" \/>\n\t\t<script type=\"application\/ld+json\" class=\"aioseo-schema\">\n\t\t\t{\"@context\":\"https:\\\/\\\/schema.org\",\"@graph\":[{\"@type\":\"BreadcrumbList\",\"@id\":\"https:\\\/\\\/www.rucashk.com\\\/es\\\/producto\\\/inface-facial-brush-ms2000-wholesale\\\/#breadcrumblist\",\"itemListElement\":[{\"@type\":\"ListItem\",\"@id\":\"https:\\\/\\\/www.rucashk.com\\\/es\\\/#listItem\",\"position\":1,\"name\":\"Home\",\"item\":\"https:\\\/\\\/www.rucashk.com\\\/es\\\/\",\"nextItem\":\"https:\\\/\\\/www.rucashk.com\\\/es\\\/producto\\\/inface-facial-brush-ms2000-wholesale\\\/#listItem\"},{\"@type\":\"ListItem\",\"@id\":\"https:\\\/\\\/www.rucashk.com\\\/es\\\/producto\\\/inface-facial-brush-ms2000-wholesale\\\/#listItem\",\"position\":2,\"name\":\"InFace Facial Brush MS2000 Wholesale\",\"previousItem\":\"https:\\\/\\\/www.rucashk.com\\\/es\\\/#listItem\"}]},{\"@type\":\"Organization\",\"@id\":\"https:\\\/\\\/www.rucashk.com\\\/es\\\/#organization\",\"name\":\"Rucas\",\"url\":\"https:\\\/\\\/www.rucashk.com\\\/es\\\/\",\"logo\":{\"@type\":\"ImageObject\",\"url\":\"https:\\\/\\\/www.rucashk.com\\\/wp-content\\\/uploads\\\/2023\\\/12\\\/Rucas_campany_logo.png\",\"@id\":\"https:\\\/\\\/www.rucashk.com\\\/es\\\/producto\\\/inface-facial-brush-ms2000-wholesale\\\/#organizationLogo\",\"width\":221,\"height\":65},\"image\":{\"@id\":\"https:\\\/\\\/www.rucashk.com\\\/es\\\/#organizationLogo\"}},{\"@type\":\"Person\",\"@id\":\"https:\\\/\\\/www.rucashk.com\\\/es\\\/author\\\/admin\\\/#author\",\"url\":\"https:\\\/\\\/www.rucashk.com\\\/es\\\/author\\\/admin\\\/\",\"name\":\"admin\",\"image\":{\"@type\":\"ImageObject\",\"@id\":\"https:\\\/\\\/www.rucashk.com\\\/es\\\/producto\\\/inface-facial-brush-ms2000-wholesale\\\/#authorImage\",\"url\":\"https:\\\/\\\/secure.gravatar.com\\\/avatar\\\/b7c8925b09a27e72b30232f8ecaadbd5af0f70a38c78096863fe51b64f031c24?s=96&d=mm&r=g\",\"width\":96,\"height\":96,\"caption\":\"admin\"}},{\"@type\":\"WebPage\",\"@id\":\"https:\\\/\\\/www.rucashk.com\\\/es\\\/producto\\\/inface-facial-brush-ms2000-wholesale\\\/#webpage\",\"url\":\"https:\\\/\\\/www.rucashk.com\\\/es\\\/producto\\\/inface-facial-brush-ms2000-wholesale\\\/\",\"name\":\"InFace Facial Brush MS2000 Wholesale - Rucas - Wholesale and Distribution\",\"description\":\"\\u25cf Select MCU processor, stable efficiency, deep and fine cleaning, soothe the skin \\u25cf High-performance sonic motor, tungsten metal pendulum, reduce skin pressure \\u25cfInnovative four-colour segmented design, 3 major sections \\u25cf3 cleansing massage modes, meeting a variety of skin requirements \\u25cfMedical-grade silicone, thickened design, safer and more intimate \\u25cf Flexible brush head for more thorough cleaning \\u25cf IPX7 waterproof, easy to use and clean \\u25cf 90s timing function, convenient t use \\u25cf Imported button, ergonomic, soft touch experience \\u25cf Compact and lightweight, portable \\u25cf Lower power consumption, 3 months long standby\",\"inLanguage\":\"es-ES\",\"isPartOf\":{\"@id\":\"https:\\\/\\\/www.rucashk.com\\\/es\\\/#website\"},\"breadcrumb\":{\"@id\":\"https:\\\/\\\/www.rucashk.com\\\/es\\\/producto\\\/inface-facial-brush-ms2000-wholesale\\\/#breadcrumblist\"},\"author\":{\"@id\":\"https:\\\/\\\/www.rucashk.com\\\/es\\\/author\\\/admin\\\/#author\"},\"creator\":{\"@id\":\"https:\\\/\\\/www.rucashk.com\\\/es\\\/author\\\/admin\\\/#author\"},\"image\":{\"@type\":\"ImageObject\",\"url\":\"https:\\\/\\\/www.rucashk.com\\\/wp-content\\\/uploads\\\/2024\\\/01\\\/5ceceab1731ea56373fe0924-1-large_\\u526f\\u672c.jpg\",\"@id\":\"https:\\\/\\\/www.rucashk.com\\\/es\\\/producto\\\/inface-facial-brush-ms2000-wholesale\\\/#mainImage\",\"width\":800,\"height\":800},\"primaryImageOfPage\":{\"@id\":\"https:\\\/\\\/www.rucashk.com\\\/es\\\/producto\\\/inface-facial-brush-ms2000-wholesale\\\/#mainImage\"},\"datePublished\":\"2024-01-09T16:01:24+00:00\",\"dateModified\":\"2024-03-13T13:04:16+00:00\"},{\"@type\":\"WebSite\",\"@id\":\"https:\\\/\\\/www.rucashk.com\\\/es\\\/#website\",\"url\":\"https:\\\/\\\/www.rucashk.com\\\/es\\\/\",\"name\":\"Rucas - Wholesale and distribution worldwide\",\"alternateName\":\"Rucas - One-stop AIoT Distribution Worldwide\",\"description\":\"One-stop AIoT Distribution Worldwide\",\"inLanguage\":\"es-ES\",\"publisher\":{\"@id\":\"https:\\\/\\\/www.rucashk.com\\\/es\\\/#organization\"}}]}\n\t\t<\/script>\n\t\t<!-- All in One SEO Pro -->\r\n\t\t<title>InFace Facial Brush MS2000 Wholesale - Rucas - Wholesale and Distribution<\/title>\n\n","aioseo_head_json":{"title":"InFace Facial Brush MS2000 Wholesale - Rucas - Wholesale and Distribution","description":"\u25cf Select MCU processor, stable efficiency, deep and fine cleaning, soothe the skin \u25cf High-performance sonic motor, tungsten metal pendulum, reduce skin pressure \u25cfInnovative four-colour segmented design, 3 major sections \u25cf3 cleansing massage modes, meeting a variety of skin requirements \u25cfMedical-grade silicone, thickened design, safer and more intimate \u25cf Flexible brush head for more thorough cleaning \u25cf IPX7 waterproof, easy to use and clean \u25cf 90s timing function, convenient t use \u25cf Imported button, ergonomic, soft touch experience \u25cf Compact and lightweight, portable \u25cf Lower power consumption, 3 months long standby","canonical_url":"https:\/\/www.rucashk.com\/es\/producto\/inface-facial-brush-ms2000-wholesale\/","robots":"max-image-preview:large","keywords":"","webmasterTools":{"miscellaneous":""},"og:locale":"es_ES","og:site_name":"Rucas - One-stop AIoT Distribution Worldwide","og:type":"article","og:title":"InFace Facial Brush MS2000 Wholesale - Rucas - Wholesale and Distribution","og:description":"\u25cf Select MCU processor, stable efficiency, deep and fine cleaning, soothe the skin \u25cf High-performance sonic motor, tungsten metal pendulum, reduce skin pressure \u25cfInnovative four-colour segmented design, 3 major sections \u25cf3 cleansing massage modes, meeting a variety of skin requirements \u25cfMedical-grade silicone, thickened design, safer and more intimate \u25cf Flexible brush head for more thorough cleaning \u25cf IPX7 waterproof, easy to use and clean \u25cf 90s timing function, convenient t use \u25cf Imported button, ergonomic, soft touch experience \u25cf Compact and lightweight, portable \u25cf Lower power consumption, 3 months long standby","og:url":"https:\/\/www.rucashk.com\/es\/producto\/inface-facial-brush-ms2000-wholesale\/","og:image":"https:\/\/www.rucashk.com\/wp-content\/uploads\/replace\/503b8e645f128a97ccde2b6290747646.jpeg","og:image:secure_url":"https:\/\/www.rucashk.com\/wp-content\/uploads\/replace\/503b8e645f128a97ccde2b6290747646.jpeg","og:image:width":1456,"og:image:height":816,"article:published_time":"2024-01-09T16:01:24+00:00","article:modified_time":"2024-03-13T13:04:16+00:00","twitter:card":"summary_large_image","twitter:title":"InFace Facial Brush MS2000 Wholesale - Rucas - Wholesale and Distribution","twitter:description":"\u25cf Select MCU processor, stable efficiency, deep and fine cleaning, soothe the skin \u25cf High-performance sonic motor, tungsten metal pendulum, reduce skin pressure \u25cfInnovative four-colour segmented design, 3 major sections \u25cf3 cleansing massage modes, meeting a variety of skin requirements \u25cfMedical-grade silicone, thickened design, safer and more intimate \u25cf Flexible brush head for more thorough cleaning \u25cf IPX7 waterproof, easy to use and clean \u25cf 90s timing function, convenient t use \u25cf Imported button, ergonomic, soft touch experience \u25cf Compact and lightweight, portable \u25cf Lower power consumption, 3 months long standby","twitter:image":"https:\/\/www.rucashk.com\/wp-content\/uploads\/replace\/503b8e645f128a97ccde2b6290747646.jpeg","schema":{"@context":"https:\/\/schema.org","@graph":[{"@type":"BreadcrumbList","@id":"https:\/\/www.rucashk.com\/es\/producto\/inface-facial-brush-ms2000-wholesale\/#breadcrumblist","itemListElement":[{"@type":"ListItem","@id":"https:\/\/www.rucashk.com\/es\/#listItem","position":1,"name":"Home","item":"https:\/\/www.rucashk.com\/es\/","nextItem":"https:\/\/www.rucashk.com\/es\/producto\/inface-facial-brush-ms2000-wholesale\/#listItem"},{"@type":"ListItem","@id":"https:\/\/www.rucashk.com\/es\/producto\/inface-facial-brush-ms2000-wholesale\/#listItem","position":2,"name":"InFace Facial Brush MS2000 Wholesale","previousItem":"https:\/\/www.rucashk.com\/es\/#listItem"}]},{"@type":"Organization","@id":"https:\/\/www.rucashk.com\/es\/#organization","name":"Rucas","url":"https:\/\/www.rucashk.com\/es\/","logo":{"@type":"ImageObject","url":"https:\/\/www.rucashk.com\/wp-content\/uploads\/2023\/12\/Rucas_campany_logo.png","@id":"https:\/\/www.rucashk.com\/es\/producto\/inface-facial-brush-ms2000-wholesale\/#organizationLogo","width":221,"height":65},"image":{"@id":"https:\/\/www.rucashk.com\/es\/#organizationLogo"}},{"@type":"Person","@id":"https:\/\/www.rucashk.com\/es\/author\/admin\/#author","url":"https:\/\/www.rucashk.com\/es\/author\/admin\/","name":"admin","image":{"@type":"ImageObject","@id":"https:\/\/www.rucashk.com\/es\/producto\/inface-facial-brush-ms2000-wholesale\/#authorImage","url":"https:\/\/secure.gravatar.com\/avatar\/b7c8925b09a27e72b30232f8ecaadbd5af0f70a38c78096863fe51b64f031c24?s=96&d=mm&r=g","width":96,"height":96,"caption":"admin"}},{"@type":"WebPage","@id":"https:\/\/www.rucashk.com\/es\/producto\/inface-facial-brush-ms2000-wholesale\/#webpage","url":"https:\/\/www.rucashk.com\/es\/producto\/inface-facial-brush-ms2000-wholesale\/","name":"InFace Facial Brush MS2000 Wholesale - Rucas - Wholesale and Distribution","description":"\u25cf Select MCU processor, stable efficiency, deep and fine cleaning, soothe the skin \u25cf High-performance sonic motor, tungsten metal pendulum, reduce skin pressure \u25cfInnovative four-colour segmented design, 3 major sections \u25cf3 cleansing massage modes, meeting a variety of skin requirements \u25cfMedical-grade silicone, thickened design, safer and more intimate \u25cf Flexible brush head for more thorough cleaning \u25cf IPX7 waterproof, easy to use and clean \u25cf 90s timing function, convenient t use \u25cf Imported button, ergonomic, soft touch experience \u25cf Compact and lightweight, portable \u25cf Lower power consumption, 3 months long standby","inLanguage":"es-ES","isPartOf":{"@id":"https:\/\/www.rucashk.com\/es\/#website"},"breadcrumb":{"@id":"https:\/\/www.rucashk.com\/es\/producto\/inface-facial-brush-ms2000-wholesale\/#breadcrumblist"},"author":{"@id":"https:\/\/www.rucashk.com\/es\/author\/admin\/#author"},"creator":{"@id":"https:\/\/www.rucashk.com\/es\/author\/admin\/#author"},"image":{"@type":"ImageObject","url":"https:\/\/www.rucashk.com\/wp-content\/uploads\/2024\/01\/5ceceab1731ea56373fe0924-1-large_\u526f\u672c.jpg","@id":"https:\/\/www.rucashk.com\/es\/producto\/inface-facial-brush-ms2000-wholesale\/#mainImage","width":800,"height":800},"primaryImageOfPage":{"@id":"https:\/\/www.rucashk.com\/es\/producto\/inface-facial-brush-ms2000-wholesale\/#mainImage"},"datePublished":"2024-01-09T16:01:24+00:00","dateModified":"2024-03-13T13:04:16+00:00"},{"@type":"WebSite","@id":"https:\/\/www.rucashk.com\/es\/#website","url":"https:\/\/www.rucashk.com\/es\/","name":"Rucas - Wholesale and distribution worldwide","alternateName":"Rucas - One-stop AIoT Distribution Worldwide","description":"One-stop AIoT Distribution Worldwide","inLanguage":"es-ES","publisher":{"@id":"https:\/\/www.rucashk.com\/es\/#organization"}}]}},"aioseo_meta_data":{"post_id":"24148","title":null,"description":null,"keywords":null,"keyphrases":null,"primary_term":null,"canonical_url":null,"og_title":null,"og_description":null,"og_object_type":"default","og_image_type":"default","og_image_url":null,"og_image_width":null,"og_image_height":null,"og_image_custom_url":null,"og_image_custom_fields":null,"og_video":null,"og_custom_url":null,"og_article_section":null,"og_article_tags":null,"twitter_use_og":false,"twitter_card":"default","twitter_image_type":"default","twitter_image_url":null,"twitter_image_custom_url":null,"twitter_image_custom_fields":null,"twitter_title":null,"twitter_description":null,"schema":{"blockGraphs":[],"customGraphs":[],"default":{"data":{"Article":[],"Course":[],"Dataset":[],"FAQPage":[],"Movie":[],"Person":[],"Product":[],"Recipe":[],"Service":[],"SoftwareApplication":[],"WebPage":[]},"graphName":"","isEnabled":true},"graphs":[]},"schema_type":"default","schema_type_options":null,"pillar_content":false,"robots_default":true,"robots_noindex":false,"robots_noarchive":false,"robots_nosnippet":false,"robots_nofollow":false,"robots_noimageindex":false,"robots_noodp":false,"robots_notranslate":false,"robots_max_snippet":null,"robots_max_videopreview":null,"robots_max_imagepreview":"large","priority":null,"frequency":null,"local_seo":null,"breadcrumb_settings":null,"limit_modified_date":false,"created":"2024-04-11 01:57:09","updated":"2025-06-22 17:25:05"},"aioseo_breadcrumb":"<div class=\"aioseo-breadcrumbs\"><span class=\"aioseo-breadcrumb\">\n\t<a href=\"https:\/\/www.rucashk.com\/es\" title=\"Home\">Home<\/a>\n<\/span><span class=\"aioseo-breadcrumb-separator\">&raquo;<\/span><span class=\"aioseo-breadcrumb\">\n\t<a href=\"https:\/\/www.rucashk.com\/es\/products\/\" title=\"Productos\">Productos<\/a>\n<\/span><span class=\"aioseo-breadcrumb-separator\">&raquo;<\/span><span class=\"aioseo-breadcrumb\">\n\t<a href=\"https:\/\/www.rucashk.com\/es\/categoria-producto\/xiaomi-eco\/\" title=\"Xiaomi Eco\">Xiaomi Eco<\/a>\n<\/span><span class=\"aioseo-breadcrumb-separator\">&raquo;<\/span><span class=\"aioseo-breadcrumb\">\n\t<a href=\"https:\/\/www.rucashk.com\/es\/categoria-producto\/xiaomi-eco\/personal-care\/\" title=\"Personal Care\">Personal Care<\/a>\n<\/span><span class=\"aioseo-breadcrumb-separator\">&raquo;<\/span><span class=\"aioseo-breadcrumb\">\n\tInFace Facial Brush MS2000 Wholesale\n<\/span><\/div>","aioseo_breadcrumb_json":[{"label":"Home","link":"https:\/\/www.rucashk.com\/es"},{"label":"Productos","link":"https:\/\/www.rucashk.com\/es\/products\/"},{"label":"Xiaomi Eco","link":"https:\/\/www.rucashk.com\/es\/categoria-producto\/xiaomi-eco\/"},{"label":"Personal Care","link":"https:\/\/www.rucashk.com\/es\/categoria-producto\/xiaomi-eco\/personal-care\/"},{"label":"InFace Facial Brush MS2000 Wholesale","link":"https:\/\/www.rucashk.com\/es\/producto\/inface-facial-brush-ms2000-wholesale\/"}],"_links":{"self":[{"href":"https:\/\/www.rucashk.com\/es\/wp-json\/wp\/v2\/product\/24148","targetHints":{"allow":["GET"]}}],"collection":[{"href":"https:\/\/www.rucashk.com\/es\/wp-json\/wp\/v2\/product"}],"about":[{"href":"https:\/\/www.rucashk.com\/es\/wp-json\/wp\/v2\/types\/product"}],"wp:featuredmedia":[{"embeddable":true,"href":"https:\/\/www.rucashk.com\/es\/wp-json\/wp\/v2\/media\/24302"}],"wp:attachment":[{"href":"https:\/\/www.rucashk.com\/es\/wp-json\/wp\/v2\/media?parent=24148"}],"wp:term":[{"taxonomy":"product_brand","embeddable":true,"href":"https:\/\/www.rucashk.com\/es\/wp-json\/wp\/v2\/product_brand?post=24148"},{"taxonomy":"product_cat","embeddable":true,"href":"https:\/\/www.rucashk.com\/es\/wp-json\/wp\/v2\/product_cat?post=24148"},{"taxonomy":"product_tag","embeddable":true,"href":"https:\/\/www.rucashk.com\/es\/wp-json\/wp\/v2\/product_tag?post=24148"}],"curies":[{"name":"wp","href":"https:\/\/api.w.org\/{rel}","templated":true}]}}