{"id":24147,"date":"2024-01-09T16:01:24","date_gmt":"2024-01-09T16:01:24","guid":{"rendered":"http:\/\/rucashk.com\/?post_type=product&#038;p=24147"},"modified":"2025-06-22T07:44:55","modified_gmt":"2025-06-22T07:44:55","slug":"xiaomi-4a-router-wholesale","status":"publish","type":"product","link":"https:\/\/www.rucashk.com\/es\/producto\/xiaomi-4a-router-wholesale\/","title":{"rendered":"Enrutador Xiaomi 4A al por mayor"},"content":{"rendered":"<p><img fetchpriority=\"high\" decoding=\"async\" class=\"product_lazy aligncenter\" src=\"https:\/\/www.rucashk.com\/wp-content\/uploads\/2020\/07\/e37e20cf-fc63-4dec-b11a-3be24cf0b7d4.jpg\" alt=\"Xiaomi 4A Router\" width=\"1000\" height=\"618\" data-original=\"\/\/img.gkbcdn.com\/s3\/d\/201906\/e37e20cf-fc63-4dec-b11a-3be24cf0b7d4.jpg\" \/><img decoding=\"async\" class=\"product_lazy aligncenter\" src=\"https:\/\/www.rucashk.com\/wp-content\/uploads\/2020\/07\/953bc4a7-d8ef-4ec9-b279-c201ede1d0af.jpg\" alt=\"Xiaomi 4A Router\" width=\"1000\" height=\"474\" data-original=\"\/\/img.gkbcdn.com\/s3\/d\/201906\/953bc4a7-d8ef-4ec9-b279-c201ede1d0af.jpg\" \/><img decoding=\"async\" class=\"product_lazy aligncenter\" src=\"https:\/\/www.rucashk.com\/wp-content\/uploads\/2020\/07\/fd8a8ff9-09ff-44c7-adb1-fd2c3f380c4e.jpg\" alt=\"Xiaomi 4A Router\" width=\"1000\" height=\"440\" data-original=\"\/\/img.gkbcdn.com\/s3\/d\/201906\/fd8a8ff9-09ff-44c7-adb1-fd2c3f380c4e.jpg\" \/><img loading=\"lazy\" decoding=\"async\" class=\"product_lazy aligncenter\" src=\"https:\/\/www.rucashk.com\/wp-content\/uploads\/2020\/07\/0707600d-5937-4004-b30d-664d613fc692.jpg\" alt=\"Xiaomi 4A Router\" width=\"1000\" height=\"431\" data-original=\"\/\/img.gkbcdn.com\/s3\/d\/201906\/0707600d-5937-4004-b30d-664d613fc692.jpg\" \/><img loading=\"lazy\" decoding=\"async\" class=\"product_lazy aligncenter\" src=\"https:\/\/www.rucashk.com\/wp-content\/uploads\/2020\/07\/10d37773-7ba2-44a3-905d-d90a1f73a0e1.jpg\" alt=\"Xiaomi 4A Router\" width=\"1000\" height=\"481\" data-original=\"\/\/img.gkbcdn.com\/s3\/d\/201906\/10d37773-7ba2-44a3-905d-d90a1f73a0e1.jpg\" \/><img loading=\"lazy\" decoding=\"async\" class=\"product_lazy aligncenter\" src=\"https:\/\/www.rucashk.com\/wp-content\/uploads\/2020\/07\/863318b7-b2e8-49b3-89d4-fd19ae494bff.jpg\" alt=\"Xiaomi 4A Router\" width=\"1000\" height=\"389\" data-original=\"\/\/img.gkbcdn.com\/s3\/d\/201906\/863318b7-b2e8-49b3-89d4-fd19ae494bff.jpg\" \/><img loading=\"lazy\" decoding=\"async\" class=\"product_lazy aligncenter\" src=\"https:\/\/www.rucashk.com\/wp-content\/uploads\/2020\/07\/3091a55e-30e9-4071-8dca-3db51ad16eb3.jpg\" alt=\"Xiaomi 4A Router\" width=\"1000\" height=\"422\" data-original=\"\/\/img.gkbcdn.com\/s3\/d\/201906\/3091a55e-30e9-4071-8dca-3db51ad16eb3.jpg\" \/><img loading=\"lazy\" decoding=\"async\" class=\"product_lazy aligncenter\" src=\"https:\/\/www.rucashk.com\/wp-content\/uploads\/2020\/07\/45383f4d-4bc3-4a02-a3ae-ce3c53f5678f.jpg\" alt=\"Xiaomi 4A Router\" width=\"1000\" height=\"488\" data-original=\"\/\/img.gkbcdn.com\/s3\/d\/201906\/45383f4d-4bc3-4a02-a3ae-ce3c53f5678f.jpg\" \/><img loading=\"lazy\" decoding=\"async\" class=\"product_lazy aligncenter\" src=\"https:\/\/www.rucashk.com\/wp-content\/uploads\/2020\/07\/9f049be7-d9ad-4719-b6ad-142d7c6de420.jpg\" alt=\"Xiaomi 4A Router\" width=\"1000\" height=\"331\" data-original=\"\/\/img.gkbcdn.com\/s3\/d\/201906\/9f049be7-d9ad-4719-b6ad-142d7c6de420.jpg\" \/><img loading=\"lazy\" decoding=\"async\" class=\"product_lazy aligncenter\" src=\"https:\/\/www.rucashk.com\/wp-content\/uploads\/2020\/07\/43aedc25-d956-47c0-98f0-3d5b855141ab.jpg\" alt=\"Xiaomi 4A Router\" width=\"1000\" height=\"491\" data-original=\"\/\/img.gkbcdn.com\/s3\/d\/201906\/43aedc25-d956-47c0-98f0-3d5b855141ab.jpg\" \/><\/p>\n<h2>Especificaci\u00f3n<\/h2>\n<table class=\"jbEidtTable\" border=\"1\" cellspacing=\"0\" cellpadding=\"5\">\n<tbody>\n<tr>\n<td>General<\/td>\n<td>Marca: Xiaomi<br \/>\nTipo: enrutador de doble banda versi\u00f3n Giga<br \/>\nColor blanco<\/td>\n<\/tr>\n<tr>\n<td>Especificaci\u00f3n<\/td>\n<td>Procesador: MT7621A MIPS de doble n\u00facleo 880MHz<br \/>\nROM: 16MB<br \/>\nMemoria: 128 MB DDR3<br \/>\nFrecuencia dual 2,4 GHz y 5 GHz<br \/>\nCanal Inal\u00e1mbrico:<br \/>\nCanal de 2,4 GHz: 1, 2, 3, 4, 5, 6, 7, 8, 9, 10, 11, 12, 13;<br \/>\nCanal de 5 GHz: 36, 40, 44, 48, 149, 153, 157, 161, 165<br \/>\nAdministrar aplicaciones: compatible con Web, Android, iOS<br \/>\nTemperatura ambiente de trabajo: 0 - 40 grados C<br \/>\nHumedad de trabajo: 10 \u2013 90 por ciento RH (sin condensaci\u00f3n)<br \/>\nTemperatura de almacenamiento: -40 \u2013 70 grados C<br \/>\nHumedad de almacenamiento: 5 \u2013 90 por ciento RH (sin condensaci\u00f3n)<br \/>\nTipo: Enrutador<br \/>\nInterfaz: LAN, WAN<br \/>\nTipo de conectividad del enrutador: Ethernet, inal\u00e1mbrico<br \/>\nVelocidad de transmisi\u00f3n: 1167Mbps<br \/>\nVelocidad del puerto Ethernet: 1000Mbps<br \/>\nProtocolos de red: IEEE 802.11a, IEEE 802.11ac, IEEE 802.11b, IEEE 802.11g, IEEE 802.11n, IEEE 802.3, IEEE 802.3U, IPv6<br \/>\nEst\u00e1ndar inal\u00e1mbrico: CA inal\u00e1mbrica<br \/>\nSeguridad inal\u00e1mbrica: WPA-PSK, WPA2-PSK<br \/>\nFrecuencia de red WiFi: 2,4 GHz, 5 GHz<br \/>\nPuertos LAN: 2 puertos<br \/>\nM\u00e1x. Velocidad de datos LAN: 1000 Mbps<br \/>\nComunicaci\u00f3n de red: WiFi<br \/>\nCaracter\u00edsticas: Banda dual<br \/>\nUso: uso dom\u00e9stico<br \/>\nPuerto CC: 5,5 x 2,1<br \/>\nGanancia dBi: 5dBi, 6dBi<br \/>\nCantidad de antena: 4<br \/>\nIdioma: ingl\u00e9s<\/td>\n<\/tr>\n<\/tbody>\n<\/table>","protected":false},"excerpt":{"rendered":"<p><strong>Reflejos<\/strong><br \/>\n1 x Gigabit WAN port + 2 x Gigabit LAN ports, easily meet the fiber broadband of 100M and above access requirements.<br \/>\n2-core 4-thread CPU, 880MHz main frequency, fast internet access and fluent internet surfing.<br \/>\n1167MHz dual-band concurrent rate, no-interface.<br \/>\nSame name for dual frequency, automatic access the optimal frequency.<br \/>\nIntegrated signal amplifier, wider coverage and faster transmission distance.<br \/>\n128MB large memory, support 128 terminal devices connection.<br \/>\nIntelligent error correction algorithm to improve weak signal.<br \/>\nmanage your child&#8217;s online time and content, protect your child&#8217;s Internet security.<br \/>\nSet the device&#8217;s networkable time and the range of URLs allowed to access.<\/p>","protected":false},"featured_media":24297,"template":"","meta":[],"product_brand":[1363],"product_cat":[1315,1305],"product_tag":[1040],"class_list":{"0":"post-24147","1":"product","2":"type-product","3":"status-publish","4":"has-post-thumbnail","6":"product_brand-xiaomi","7":"product_cat-tv-accessories","8":"product_cat-xiaomi-eco","9":"product_tag-xiaomi-4a-router","11":"first","12":"instock","13":"shipping-taxable","14":"product-type-external"},"aioseo_notices":[],"aioseo_head":"\n\t\t<!-- All in One SEO Pro 4.5.9.2 - aioseo.com -->\n\t\t<meta name=\"description\" content=\"Highlights 1 x Gigabit WAN port + 2 x Gigabit LAN ports, easily meet the fiber broadband of 100M and above access requirements. 2-core 4-thread CPU, 880MHz main frequency, fast internet access and fluent internet surfing. 1167MHz dual-band concurrent rate, no-interface. Same name for dual frequency, automatic access the optimal frequency. Integrated signal amplifier, wider coverage and faster transmission distance. 128MB large memory, support 128 terminal devices connection. Intelligent error correction algorithm to improve weak signal. manage your child&#039;s online time and content, protect your child&#039;s Internet security. Set the device&#039;s networkable time and the range of URLs allowed to access.\" \/>\n\t\t<meta name=\"robots\" content=\"max-image-preview:large\" \/>\n\t\t<link rel=\"canonical\" href=\"https:\/\/www.rucashk.com\/es\/producto\/xiaomi-4a-router-wholesale\/\" \/>\n\t\t<meta name=\"generator\" content=\"All in One SEO Pro (AIOSEO) 4.5.9.2\" \/>\n\t\t<meta property=\"og:locale\" content=\"es_ES\" \/>\n\t\t<meta property=\"og:site_name\" content=\"Rucas - One-stop AIoT Distribution Worldwide\" \/>\n\t\t<meta property=\"og:type\" content=\"article\" \/>\n\t\t<meta property=\"og:title\" content=\"Xiaomi 4A Router Wholesale - Rucas - Wholesale and Distribution\" \/>\n\t\t<meta property=\"og:description\" content=\"Highlights 1 x Gigabit WAN port + 2 x Gigabit LAN ports, easily meet the fiber broadband of 100M and above access requirements. 2-core 4-thread CPU, 880MHz main frequency, fast internet access and fluent internet surfing. 1167MHz dual-band concurrent rate, no-interface. Same name for dual frequency, automatic access the optimal frequency. Integrated signal amplifier, wider coverage and faster transmission distance. 128MB large memory, support 128 terminal devices connection. Intelligent error correction algorithm to improve weak signal. manage your child&#039;s online time and content, protect your child&#039;s Internet security. Set the device&#039;s networkable time and the range of URLs allowed to access.\" \/>\n\t\t<meta property=\"og:url\" content=\"https:\/\/www.rucashk.com\/es\/producto\/xiaomi-4a-router-wholesale\/\" \/>\n\t\t<meta property=\"og:image\" content=\"https:\/\/www.rucashk.com\/wp-content\/uploads\/replace\/503b8e645f128a97ccde2b6290747646.jpeg\" \/>\n\t\t<meta property=\"og:image:secure_url\" content=\"https:\/\/www.rucashk.com\/wp-content\/uploads\/replace\/503b8e645f128a97ccde2b6290747646.jpeg\" \/>\n\t\t<meta property=\"og:image:width\" content=\"1456\" \/>\n\t\t<meta property=\"og:image:height\" content=\"816\" \/>\n\t\t<meta property=\"article:published_time\" content=\"2024-01-09T16:01:24+00:00\" \/>\n\t\t<meta property=\"article:modified_time\" content=\"2025-06-22T07:44:55+00:00\" \/>\n\t\t<meta name=\"twitter:card\" content=\"summary_large_image\" \/>\n\t\t<meta name=\"twitter:title\" content=\"Xiaomi 4A Router Wholesale - Rucas - Wholesale and Distribution\" \/>\n\t\t<meta name=\"twitter:description\" content=\"Highlights 1 x Gigabit WAN port + 2 x Gigabit LAN ports, easily meet the fiber broadband of 100M and above access requirements. 2-core 4-thread CPU, 880MHz main frequency, fast internet access and fluent internet surfing. 1167MHz dual-band concurrent rate, no-interface. Same name for dual frequency, automatic access the optimal frequency. Integrated signal amplifier, wider coverage and faster transmission distance. 128MB large memory, support 128 terminal devices connection. Intelligent error correction algorithm to improve weak signal. manage your child&#039;s online time and content, protect your child&#039;s Internet security. Set the device&#039;s networkable time and the range of URLs allowed to access.\" \/>\n\t\t<meta name=\"twitter:image\" content=\"https:\/\/www.rucashk.com\/wp-content\/uploads\/replace\/503b8e645f128a97ccde2b6290747646.jpeg\" \/>\n\t\t<script type=\"application\/ld+json\" class=\"aioseo-schema\">\n\t\t\t{\"@context\":\"https:\\\/\\\/schema.org\",\"@graph\":[{\"@type\":\"BreadcrumbList\",\"@id\":\"https:\\\/\\\/www.rucashk.com\\\/es\\\/producto\\\/xiaomi-4a-router-wholesale\\\/#breadcrumblist\",\"itemListElement\":[{\"@type\":\"ListItem\",\"@id\":\"https:\\\/\\\/www.rucashk.com\\\/es\\\/#listItem\",\"position\":1,\"name\":\"Home\",\"item\":\"https:\\\/\\\/www.rucashk.com\\\/es\\\/\",\"nextItem\":\"https:\\\/\\\/www.rucashk.com\\\/es\\\/producto\\\/xiaomi-4a-router-wholesale\\\/#listItem\"},{\"@type\":\"ListItem\",\"@id\":\"https:\\\/\\\/www.rucashk.com\\\/es\\\/producto\\\/xiaomi-4a-router-wholesale\\\/#listItem\",\"position\":2,\"name\":\"Xiaomi 4A Router Wholesale\",\"previousItem\":\"https:\\\/\\\/www.rucashk.com\\\/es\\\/#listItem\"}]},{\"@type\":\"Organization\",\"@id\":\"https:\\\/\\\/www.rucashk.com\\\/es\\\/#organization\",\"name\":\"Rucas\",\"url\":\"https:\\\/\\\/www.rucashk.com\\\/es\\\/\",\"logo\":{\"@type\":\"ImageObject\",\"url\":\"https:\\\/\\\/www.rucashk.com\\\/wp-content\\\/uploads\\\/2023\\\/12\\\/Rucas_campany_logo.png\",\"@id\":\"https:\\\/\\\/www.rucashk.com\\\/es\\\/producto\\\/xiaomi-4a-router-wholesale\\\/#organizationLogo\",\"width\":221,\"height\":65},\"image\":{\"@id\":\"https:\\\/\\\/www.rucashk.com\\\/es\\\/#organizationLogo\"}},{\"@type\":\"Person\",\"@id\":\"https:\\\/\\\/www.rucashk.com\\\/es\\\/author\\\/admin\\\/#author\",\"url\":\"https:\\\/\\\/www.rucashk.com\\\/es\\\/author\\\/admin\\\/\",\"name\":\"admin\",\"image\":{\"@type\":\"ImageObject\",\"@id\":\"https:\\\/\\\/www.rucashk.com\\\/es\\\/producto\\\/xiaomi-4a-router-wholesale\\\/#authorImage\",\"url\":\"https:\\\/\\\/secure.gravatar.com\\\/avatar\\\/b7c8925b09a27e72b30232f8ecaadbd5af0f70a38c78096863fe51b64f031c24?s=96&d=mm&r=g\",\"width\":96,\"height\":96,\"caption\":\"admin\"}},{\"@type\":\"WebPage\",\"@id\":\"https:\\\/\\\/www.rucashk.com\\\/es\\\/producto\\\/xiaomi-4a-router-wholesale\\\/#webpage\",\"url\":\"https:\\\/\\\/www.rucashk.com\\\/es\\\/producto\\\/xiaomi-4a-router-wholesale\\\/\",\"name\":\"Xiaomi 4A Router Wholesale - Rucas - Wholesale and Distribution\",\"description\":\"Highlights 1 x Gigabit WAN port + 2 x Gigabit LAN ports, easily meet the fiber broadband of 100M and above access requirements. 2-core 4-thread CPU, 880MHz main frequency, fast internet access and fluent internet surfing. 1167MHz dual-band concurrent rate, no-interface. Same name for dual frequency, automatic access the optimal frequency. Integrated signal amplifier, wider coverage and faster transmission distance. 128MB large memory, support 128 terminal devices connection. Intelligent error correction algorithm to improve weak signal. manage your child's online time and content, protect your child's Internet security. Set the device's networkable time and the range of URLs allowed to access.\",\"inLanguage\":\"es-ES\",\"isPartOf\":{\"@id\":\"https:\\\/\\\/www.rucashk.com\\\/es\\\/#website\"},\"breadcrumb\":{\"@id\":\"https:\\\/\\\/www.rucashk.com\\\/es\\\/producto\\\/xiaomi-4a-router-wholesale\\\/#breadcrumblist\"},\"author\":{\"@id\":\"https:\\\/\\\/www.rucashk.com\\\/es\\\/author\\\/admin\\\/#author\"},\"creator\":{\"@id\":\"https:\\\/\\\/www.rucashk.com\\\/es\\\/author\\\/admin\\\/#author\"},\"image\":{\"@type\":\"ImageObject\",\"url\":\"https:\\\/\\\/www.rucashk.com\\\/wp-content\\\/uploads\\\/2024\\\/01\\\/xiaomi-mi-4a-dual-band-router-giga-version-white-1571985794192._w500_.jpg\",\"@id\":\"https:\\\/\\\/www.rucashk.com\\\/es\\\/producto\\\/xiaomi-4a-router-wholesale\\\/#mainImage\",\"width\":500,\"height\":500},\"primaryImageOfPage\":{\"@id\":\"https:\\\/\\\/www.rucashk.com\\\/es\\\/producto\\\/xiaomi-4a-router-wholesale\\\/#mainImage\"},\"datePublished\":\"2024-01-09T16:01:24+00:00\",\"dateModified\":\"2025-06-22T07:44:55+00:00\"},{\"@type\":\"WebSite\",\"@id\":\"https:\\\/\\\/www.rucashk.com\\\/es\\\/#website\",\"url\":\"https:\\\/\\\/www.rucashk.com\\\/es\\\/\",\"name\":\"Rucas - Wholesale and distribution worldwide\",\"alternateName\":\"Rucas - One-stop AIoT Distribution Worldwide\",\"description\":\"One-stop AIoT Distribution Worldwide\",\"inLanguage\":\"es-ES\",\"publisher\":{\"@id\":\"https:\\\/\\\/www.rucashk.com\\\/es\\\/#organization\"}}]}\n\t\t<\/script>\n\t\t<!-- All in One SEO Pro -->\r\n\t\t<title>Xiaomi 4A Router Wholesale - Rucas - Wholesale and Distribution<\/title>\n\n","aioseo_head_json":{"title":"Xiaomi 4A Router Wholesale - Rucas - Wholesale and Distribution","description":"Highlights 1 x Gigabit WAN port + 2 x Gigabit LAN ports, easily meet the fiber broadband of 100M and above access requirements. 2-core 4-thread CPU, 880MHz main frequency, fast internet access and fluent internet surfing. 1167MHz dual-band concurrent rate, no-interface. Same name for dual frequency, automatic access the optimal frequency. Integrated signal amplifier, wider coverage and faster transmission distance. 128MB large memory, support 128 terminal devices connection. Intelligent error correction algorithm to improve weak signal. manage your child's online time and content, protect your child's Internet security. Set the device's networkable time and the range of URLs allowed to access.","canonical_url":"https:\/\/www.rucashk.com\/es\/producto\/xiaomi-4a-router-wholesale\/","robots":"max-image-preview:large","keywords":"","webmasterTools":{"miscellaneous":""},"og:locale":"es_ES","og:site_name":"Rucas - One-stop AIoT Distribution Worldwide","og:type":"article","og:title":"Xiaomi 4A Router Wholesale - Rucas - Wholesale and Distribution","og:description":"Highlights 1 x Gigabit WAN port + 2 x Gigabit LAN ports, easily meet the fiber broadband of 100M and above access requirements. 2-core 4-thread CPU, 880MHz main frequency, fast internet access and fluent internet surfing. 1167MHz dual-band concurrent rate, no-interface. Same name for dual frequency, automatic access the optimal frequency. Integrated signal amplifier, wider coverage and faster transmission distance. 128MB large memory, support 128 terminal devices connection. Intelligent error correction algorithm to improve weak signal. manage your child's online time and content, protect your child's Internet security. Set the device's networkable time and the range of URLs allowed to access.","og:url":"https:\/\/www.rucashk.com\/es\/producto\/xiaomi-4a-router-wholesale\/","og:image":"https:\/\/www.rucashk.com\/wp-content\/uploads\/replace\/503b8e645f128a97ccde2b6290747646.jpeg","og:image:secure_url":"https:\/\/www.rucashk.com\/wp-content\/uploads\/replace\/503b8e645f128a97ccde2b6290747646.jpeg","og:image:width":1456,"og:image:height":816,"article:published_time":"2024-01-09T16:01:24+00:00","article:modified_time":"2025-06-22T07:44:55+00:00","twitter:card":"summary_large_image","twitter:title":"Xiaomi 4A Router Wholesale - Rucas - Wholesale and Distribution","twitter:description":"Highlights 1 x Gigabit WAN port + 2 x Gigabit LAN ports, easily meet the fiber broadband of 100M and above access requirements. 2-core 4-thread CPU, 880MHz main frequency, fast internet access and fluent internet surfing. 1167MHz dual-band concurrent rate, no-interface. Same name for dual frequency, automatic access the optimal frequency. Integrated signal amplifier, wider coverage and faster transmission distance. 128MB large memory, support 128 terminal devices connection. Intelligent error correction algorithm to improve weak signal. manage your child's online time and content, protect your child's Internet security. Set the device's networkable time and the range of URLs allowed to access.","twitter:image":"https:\/\/www.rucashk.com\/wp-content\/uploads\/replace\/503b8e645f128a97ccde2b6290747646.jpeg","schema":{"@context":"https:\/\/schema.org","@graph":[{"@type":"BreadcrumbList","@id":"https:\/\/www.rucashk.com\/es\/producto\/xiaomi-4a-router-wholesale\/#breadcrumblist","itemListElement":[{"@type":"ListItem","@id":"https:\/\/www.rucashk.com\/es\/#listItem","position":1,"name":"Home","item":"https:\/\/www.rucashk.com\/es\/","nextItem":"https:\/\/www.rucashk.com\/es\/producto\/xiaomi-4a-router-wholesale\/#listItem"},{"@type":"ListItem","@id":"https:\/\/www.rucashk.com\/es\/producto\/xiaomi-4a-router-wholesale\/#listItem","position":2,"name":"Xiaomi 4A Router Wholesale","previousItem":"https:\/\/www.rucashk.com\/es\/#listItem"}]},{"@type":"Organization","@id":"https:\/\/www.rucashk.com\/es\/#organization","name":"Rucas","url":"https:\/\/www.rucashk.com\/es\/","logo":{"@type":"ImageObject","url":"https:\/\/www.rucashk.com\/wp-content\/uploads\/2023\/12\/Rucas_campany_logo.png","@id":"https:\/\/www.rucashk.com\/es\/producto\/xiaomi-4a-router-wholesale\/#organizationLogo","width":221,"height":65},"image":{"@id":"https:\/\/www.rucashk.com\/es\/#organizationLogo"}},{"@type":"Person","@id":"https:\/\/www.rucashk.com\/es\/author\/admin\/#author","url":"https:\/\/www.rucashk.com\/es\/author\/admin\/","name":"admin","image":{"@type":"ImageObject","@id":"https:\/\/www.rucashk.com\/es\/producto\/xiaomi-4a-router-wholesale\/#authorImage","url":"https:\/\/secure.gravatar.com\/avatar\/b7c8925b09a27e72b30232f8ecaadbd5af0f70a38c78096863fe51b64f031c24?s=96&d=mm&r=g","width":96,"height":96,"caption":"admin"}},{"@type":"WebPage","@id":"https:\/\/www.rucashk.com\/es\/producto\/xiaomi-4a-router-wholesale\/#webpage","url":"https:\/\/www.rucashk.com\/es\/producto\/xiaomi-4a-router-wholesale\/","name":"Xiaomi 4A Router Wholesale - Rucas - Wholesale and Distribution","description":"Highlights 1 x Gigabit WAN port + 2 x Gigabit LAN ports, easily meet the fiber broadband of 100M and above access requirements. 2-core 4-thread CPU, 880MHz main frequency, fast internet access and fluent internet surfing. 1167MHz dual-band concurrent rate, no-interface. Same name for dual frequency, automatic access the optimal frequency. Integrated signal amplifier, wider coverage and faster transmission distance. 128MB large memory, support 128 terminal devices connection. Intelligent error correction algorithm to improve weak signal. manage your child's online time and content, protect your child's Internet security. Set the device's networkable time and the range of URLs allowed to access.","inLanguage":"es-ES","isPartOf":{"@id":"https:\/\/www.rucashk.com\/es\/#website"},"breadcrumb":{"@id":"https:\/\/www.rucashk.com\/es\/producto\/xiaomi-4a-router-wholesale\/#breadcrumblist"},"author":{"@id":"https:\/\/www.rucashk.com\/es\/author\/admin\/#author"},"creator":{"@id":"https:\/\/www.rucashk.com\/es\/author\/admin\/#author"},"image":{"@type":"ImageObject","url":"https:\/\/www.rucashk.com\/wp-content\/uploads\/2024\/01\/xiaomi-mi-4a-dual-band-router-giga-version-white-1571985794192._w500_.jpg","@id":"https:\/\/www.rucashk.com\/es\/producto\/xiaomi-4a-router-wholesale\/#mainImage","width":500,"height":500},"primaryImageOfPage":{"@id":"https:\/\/www.rucashk.com\/es\/producto\/xiaomi-4a-router-wholesale\/#mainImage"},"datePublished":"2024-01-09T16:01:24+00:00","dateModified":"2025-06-22T07:44:55+00:00"},{"@type":"WebSite","@id":"https:\/\/www.rucashk.com\/es\/#website","url":"https:\/\/www.rucashk.com\/es\/","name":"Rucas - Wholesale and distribution worldwide","alternateName":"Rucas - One-stop AIoT Distribution Worldwide","description":"One-stop AIoT Distribution Worldwide","inLanguage":"es-ES","publisher":{"@id":"https:\/\/www.rucashk.com\/es\/#organization"}}]}},"aioseo_meta_data":{"post_id":"24147","title":null,"description":null,"keywords":null,"keyphrases":null,"primary_term":null,"canonical_url":null,"og_title":null,"og_description":null,"og_object_type":"default","og_image_type":"default","og_image_url":null,"og_image_width":null,"og_image_height":null,"og_image_custom_url":null,"og_image_custom_fields":null,"og_video":null,"og_custom_url":null,"og_article_section":null,"og_article_tags":null,"twitter_use_og":false,"twitter_card":"default","twitter_image_type":"default","twitter_image_url":null,"twitter_image_custom_url":null,"twitter_image_custom_fields":null,"twitter_title":null,"twitter_description":null,"schema":{"blockGraphs":[],"customGraphs":[],"default":{"data":{"Article":[],"Course":[],"Dataset":[],"FAQPage":[],"Movie":[],"Person":[],"Product":[],"Recipe":[],"Service":[],"SoftwareApplication":[],"WebPage":[]},"graphName":"","isEnabled":true},"graphs":[]},"schema_type":"default","schema_type_options":null,"pillar_content":false,"robots_default":true,"robots_noindex":false,"robots_noarchive":false,"robots_nosnippet":false,"robots_nofollow":false,"robots_noimageindex":false,"robots_noodp":false,"robots_notranslate":false,"robots_max_snippet":null,"robots_max_videopreview":null,"robots_max_imagepreview":"large","priority":null,"frequency":null,"local_seo":null,"breadcrumb_settings":null,"limit_modified_date":false,"created":"2024-04-11 01:57:09","updated":"2025-06-22 17:25:05"},"aioseo_breadcrumb":"<div class=\"aioseo-breadcrumbs\"><span class=\"aioseo-breadcrumb\">\n\t<a href=\"https:\/\/www.rucashk.com\/es\" title=\"Home\">Home<\/a>\n<\/span><span class=\"aioseo-breadcrumb-separator\">&raquo;<\/span><span class=\"aioseo-breadcrumb\">\n\t<a href=\"https:\/\/www.rucashk.com\/es\/products\/\" title=\"Productos\">Productos<\/a>\n<\/span><span class=\"aioseo-breadcrumb-separator\">&raquo;<\/span><span class=\"aioseo-breadcrumb\">\n\t<a href=\"https:\/\/www.rucashk.com\/es\/marca\/xiaomi\/\" title=\"Xiaomi\">Xiaomi<\/a>\n<\/span><span class=\"aioseo-breadcrumb-separator\">&raquo;<\/span><span class=\"aioseo-breadcrumb\">\n\tXiaomi 4A Router Wholesale\n<\/span><\/div>","aioseo_breadcrumb_json":[{"label":"Home","link":"https:\/\/www.rucashk.com\/es"},{"label":"Productos","link":"https:\/\/www.rucashk.com\/es\/products\/"},{"label":"Xiaomi","link":"https:\/\/www.rucashk.com\/es\/marca\/xiaomi\/"},{"label":"Xiaomi 4A Router Wholesale","link":"https:\/\/www.rucashk.com\/es\/producto\/xiaomi-4a-router-wholesale\/"}],"_links":{"self":[{"href":"https:\/\/www.rucashk.com\/es\/wp-json\/wp\/v2\/product\/24147","targetHints":{"allow":["GET"]}}],"collection":[{"href":"https:\/\/www.rucashk.com\/es\/wp-json\/wp\/v2\/product"}],"about":[{"href":"https:\/\/www.rucashk.com\/es\/wp-json\/wp\/v2\/types\/product"}],"wp:featuredmedia":[{"embeddable":true,"href":"https:\/\/www.rucashk.com\/es\/wp-json\/wp\/v2\/media\/24297"}],"wp:attachment":[{"href":"https:\/\/www.rucashk.com\/es\/wp-json\/wp\/v2\/media?parent=24147"}],"wp:term":[{"taxonomy":"product_brand","embeddable":true,"href":"https:\/\/www.rucashk.com\/es\/wp-json\/wp\/v2\/product_brand?post=24147"},{"taxonomy":"product_cat","embeddable":true,"href":"https:\/\/www.rucashk.com\/es\/wp-json\/wp\/v2\/product_cat?post=24147"},{"taxonomy":"product_tag","embeddable":true,"href":"https:\/\/www.rucashk.com\/es\/wp-json\/wp\/v2\/product_tag?post=24147"}],"curies":[{"name":"wp","href":"https:\/\/api.w.org\/{rel}","templated":true}]}}