{"id":24143,"date":"2024-01-09T16:01:23","date_gmt":"2024-01-09T16:01:23","guid":{"rendered":"http:\/\/rucashk.com\/?post_type=product&#038;p=24143"},"modified":"2025-06-22T07:44:55","modified_gmt":"2025-06-22T07:44:55","slug":"mijia-honeywell-smoke-detector-wholesale","status":"publish","type":"product","link":"https:\/\/www.rucashk.com\/es\/producto\/mijia-honeywell-smoke-detector-wholesale\/","title":{"rendered":"Detector de humo Mijia Honeywell al por mayor"},"content":{"rendered":"<div class=\"product_pz\">\n<div class=\"product_pz_info product_pz_style2\"><img fetchpriority=\"high\" decoding=\"async\" class=\"js-descLazyload lazy-loaded aligncenter\" title=\"Detector de alarma de incendio Xiaomi Mijia Honeywell Sensor fotoel\u00e9ctrico de humo - Blanco\" src=\"https:\/\/www.rucashk.com\/wp-content\/uploads\/2020\/07\/20180505174313_36814.jpg\" alt=\"Mijia\u00a0Honeywell Smoke Detector\" width=\"1000\" height=\"3020\" data-lazy=\"https:\/\/www.rucashk.com\/wp-content\/uploads\/2020\/07\/20180505174313_36814.jpg\" data-was-processed=\"true\" \/><\/div>\n<\/div>\n<p><img decoding=\"async\" class=\"aligncenter\" src=\"https:\/\/www.rucashk.com\/wp-content\/uploads\/2020\/07\/UT8H8mBXi0aXXagOFbXb.jpg\" alt=\"Mijia\u00a0Honeywell Smoke Detector\" width=\"938\" height=\"40\" data-spm-anchor-id=\"a2g0o.detail.1000023.i1.9c3913dfxL2Yzb\" \/><\/p>\n<div>\n<h2>Detector de humo Mijia Honeywell<\/h2>\n<p>Es tan imprescindible como el anterior si tienes tendencia a quemar cosas en la cocina. En caso de que se produzca humo, se apagar\u00e1 con una fuerte sirena. El detector tambi\u00e9n es controlable desde tu dispositivo Xiaomi a trav\u00e9s de una aplicaci\u00f3n para que puedas recibir mensajes push en tu smartphone. M\u00f3ntalo en el techo de tu cocina y deja que haga su trabajo. Esta alarma contra incendios viene con una bater\u00eda y su vida \u00fatil es de 5 a\u00f1os.<\/p>\n<\/div>\n<div><\/div>\n<h2>Caracter\u00edsticas clave.<\/h2>\n<div>\n<ul>\n<li>El detector de humo inteligente y la alarma contra incendios aumentan enormemente los niveles de seguridad de la propiedad<\/li>\n<li>Acceso remoto y notificaciones cuando se combina con la puerta de enlace Xiaomi<\/li>\n<li>La alarma de 80 dB suena cada vez que se detecta humo.<\/li>\n<li>Se puede utilizar individualmente como detector de humo normal.<\/li>\n<\/ul>\n<h2>Alarma de incendio Xiaomi Mijia Honeywell<\/h2>\n<p>La alarma contra incendios Xiaomi Mijia Honeywell aumentar\u00e1 significativamente los niveles de seguridad contra incendios de su hogar. Al ser f\u00e1cil de instalar y conectar, este detector de humo se puede utilizar en casi cualquier lugar. Se puede utilizar de forma independiente como detector de humo normal o como alarma de incendio inteligente cuando se combina con la puerta de enlace multifuncional de Xiaomi. Est\u00e1 alimentado por una bater\u00eda CR123A de 3 V (no incluida) que durar\u00e1 un a\u00f1o en espera. Adem\u00e1s, su alarma de humo ofrece recordatorios de inspecci\u00f3n ocasionales. Gracias a ello siempre estar\u00e1s en un estado adecuado para proteger a tu familia de posibles riesgos de incendio.<\/p>\n<p>Cuando se usa individualmente, esta alarma contra incendios Xiaomi sonar\u00e1 con una fuerte alarma de 80 dB. Para aprovechar al m\u00e1ximo su potencial, podr\u00e1s sincronizarlo con la puerta de enlace de Xiaomi. Cuando lo haces, te ofrece alertas remotas en tu tel\u00e9fono cuando detectas humo. Gracias a esto, siempre te informamos del estado de tu propiedad, incluso cuando no est\u00e1s presente.<\/p>\n<p>Con su sensor fotoel\u00e9ctrico de humo, esta alarma contra incendios es capaz de detectar la menor cantidad de humo. Con este equipo de alta calidad, su propiedad estar\u00e1 siempre en buenas manos. A partir de ahora podr\u00e1s volver a salir con confianza. La alarma contra incendios Xiaomi Mijia Honeywell te mantendr\u00e1 informado y te informar\u00e1 de cualquier peligro potencial incluso cuando tu empresa no est\u00e9 en casa.<\/p>\n<p>Este detector de humo viene con una garant\u00eda de 12 meses, ofrecida por el l\u00edder en dispositivos electr\u00f3nicos y aparatos electr\u00f3nicos al por mayor. .<\/p>\n<\/div>\n<div>\n<h2>Especificaciones generales del fabricante<\/h2>\n<ul>\n<li>Material: Pl\u00e1stico<\/li>\n<li>Inal\u00e1mbrico: ZigBee<\/li>\n<li>Nivel de sonido de alarma: 80 dB o superior<\/li>\n<li>Bater\u00eda: CR123A 3V<\/li>\n<li>Tiempo en espera: alrededor de 1 a\u00f1o<\/li>\n<li>Nombre de la aplicaci\u00f3n: Mi Hogar<\/li>\n<li>Temperatura de trabajo: -10 a 55 grados Celsius<\/li>\n<li>alarma remota<\/li>\n<li>Versiones compatibles con Android e iOS: Android 4.4 \/ iOS 8.0 o superior<\/li>\n<li>Nota: Este dispositivo se puede utilizar con la funci\u00f3n de alarma de forma independiente, m\u00e1s funciones deben coincidir con la puerta de enlace Xiaomi (CVAII-I549)<\/li>\n<\/ul>\n<h2>Dimensiones<\/h2>\n<ul>\n<li>Dimensiones principales del producto: 90x90x35 mm (largo x ancho x profundidad)<\/li>\n<li>Peso del producto principal: 89 g.<\/li>\n<li>El peso\/dimensi\u00f3n es para el art\u00edculo principal de este producto en caja, para ayudarle a comparar los tama\u00f1os del producto antes de comprarlo: No base sus c\u00e1lculos de env\u00edo en este precio. Los precios de env\u00edo dependen del contenido de su carrito, el destino de env\u00edo y el m\u00e9todo de env\u00edo: use el cuadro para seleccionar opciones y obtener una vista previa del precio de env\u00edo para su pedido total.<\/li>\n<\/ul>\n<\/div>","protected":false},"excerpt":{"rendered":"<p><strong>Reflejos<\/strong><br \/>\nRemote alarm and progressive sound alarm.<br \/>\nThe alarm function can be used independently.<br \/>\nOther functions need to be connected to Xiaomi Gateway 2 or Xiaomi Gateway 3.<br \/>\nOnce the smoke concentration is too high, the smoke alarm will immediately alert you and link to the gateway.<br \/>\nThe mobile app will also issue a warning.<br \/>\nOnce the situation occurs, the mobile app will also issue a warning.<\/p>","protected":false},"featured_media":24280,"template":"","meta":[],"product_brand":[1363],"product_cat":[1318,1305],"product_tag":[1036],"class_list":{"0":"post-24143","1":"product","2":"type-product","3":"status-publish","4":"has-post-thumbnail","6":"product_brand-xiaomi","7":"product_cat-gadgets","8":"product_cat-xiaomi-eco","9":"product_tag-mijia-honeywell-smoke-detector","11":"first","12":"instock","13":"shipping-taxable","14":"product-type-external"},"aioseo_notices":[],"aioseo_head":"\n\t\t<!-- All in One SEO Pro 4.5.9.2 - aioseo.com -->\n\t\t<meta name=\"description\" content=\"Highlights Remote alarm and progressive sound alarm. The alarm function can be used independently. Other functions need to be connected to Xiaomi Gateway 2 or Xiaomi Gateway 3. Once the smoke concentration is too high, the smoke alarm will immediately alert you and link to the gateway. The mobile app will also issue a warning. Once the situation occurs, the mobile app will also issue a warning.\" \/>\n\t\t<meta name=\"robots\" content=\"max-image-preview:large\" \/>\n\t\t<link rel=\"canonical\" href=\"https:\/\/www.rucashk.com\/es\/producto\/mijia-honeywell-smoke-detector-wholesale\/\" \/>\n\t\t<meta name=\"generator\" content=\"All in One SEO Pro (AIOSEO) 4.5.9.2\" \/>\n\t\t<meta property=\"og:locale\" content=\"es_ES\" \/>\n\t\t<meta property=\"og:site_name\" content=\"Rucas - One-stop AIoT Distribution Worldwide\" \/>\n\t\t<meta property=\"og:type\" content=\"article\" \/>\n\t\t<meta property=\"og:title\" content=\"Mijia Honeywell Smoke Detector Wholesale - Rucas - Wholesale and Distribution\" \/>\n\t\t<meta property=\"og:description\" content=\"Highlights Remote alarm and progressive sound alarm. The alarm function can be used independently. Other functions need to be connected to Xiaomi Gateway 2 or Xiaomi Gateway 3. Once the smoke concentration is too high, the smoke alarm will immediately alert you and link to the gateway. The mobile app will also issue a warning. Once the situation occurs, the mobile app will also issue a warning.\" \/>\n\t\t<meta property=\"og:url\" content=\"https:\/\/www.rucashk.com\/es\/producto\/mijia-honeywell-smoke-detector-wholesale\/\" \/>\n\t\t<meta property=\"og:image\" content=\"https:\/\/www.rucashk.com\/wp-content\/uploads\/replace\/503b8e645f128a97ccde2b6290747646.jpeg\" \/>\n\t\t<meta property=\"og:image:secure_url\" content=\"https:\/\/www.rucashk.com\/wp-content\/uploads\/replace\/503b8e645f128a97ccde2b6290747646.jpeg\" \/>\n\t\t<meta property=\"og:image:width\" content=\"1456\" \/>\n\t\t<meta property=\"og:image:height\" content=\"816\" \/>\n\t\t<meta property=\"article:published_time\" content=\"2024-01-09T16:01:23+00:00\" \/>\n\t\t<meta property=\"article:modified_time\" content=\"2025-06-22T07:44:55+00:00\" \/>\n\t\t<meta name=\"twitter:card\" content=\"summary_large_image\" \/>\n\t\t<meta name=\"twitter:title\" content=\"Mijia Honeywell Smoke Detector Wholesale - Rucas - Wholesale and Distribution\" \/>\n\t\t<meta name=\"twitter:description\" content=\"Highlights Remote alarm and progressive sound alarm. The alarm function can be used independently. Other functions need to be connected to Xiaomi Gateway 2 or Xiaomi Gateway 3. Once the smoke concentration is too high, the smoke alarm will immediately alert you and link to the gateway. The mobile app will also issue a warning. Once the situation occurs, the mobile app will also issue a warning.\" \/>\n\t\t<meta name=\"twitter:image\" content=\"https:\/\/www.rucashk.com\/wp-content\/uploads\/replace\/503b8e645f128a97ccde2b6290747646.jpeg\" \/>\n\t\t<script type=\"application\/ld+json\" class=\"aioseo-schema\">\n\t\t\t{\"@context\":\"https:\\\/\\\/schema.org\",\"@graph\":[{\"@type\":\"BreadcrumbList\",\"@id\":\"https:\\\/\\\/www.rucashk.com\\\/es\\\/producto\\\/mijia-honeywell-smoke-detector-wholesale\\\/#breadcrumblist\",\"itemListElement\":[{\"@type\":\"ListItem\",\"@id\":\"https:\\\/\\\/www.rucashk.com\\\/es\\\/#listItem\",\"position\":1,\"name\":\"Home\",\"item\":\"https:\\\/\\\/www.rucashk.com\\\/es\\\/\",\"nextItem\":\"https:\\\/\\\/www.rucashk.com\\\/es\\\/producto\\\/mijia-honeywell-smoke-detector-wholesale\\\/#listItem\"},{\"@type\":\"ListItem\",\"@id\":\"https:\\\/\\\/www.rucashk.com\\\/es\\\/producto\\\/mijia-honeywell-smoke-detector-wholesale\\\/#listItem\",\"position\":2,\"name\":\"Mijia\\u00a0Honeywell Smoke Detector Wholesale\",\"previousItem\":\"https:\\\/\\\/www.rucashk.com\\\/es\\\/#listItem\"}]},{\"@type\":\"Organization\",\"@id\":\"https:\\\/\\\/www.rucashk.com\\\/es\\\/#organization\",\"name\":\"Rucas\",\"url\":\"https:\\\/\\\/www.rucashk.com\\\/es\\\/\",\"logo\":{\"@type\":\"ImageObject\",\"url\":\"https:\\\/\\\/www.rucashk.com\\\/wp-content\\\/uploads\\\/2023\\\/12\\\/Rucas_campany_logo.png\",\"@id\":\"https:\\\/\\\/www.rucashk.com\\\/es\\\/producto\\\/mijia-honeywell-smoke-detector-wholesale\\\/#organizationLogo\",\"width\":221,\"height\":65},\"image\":{\"@id\":\"https:\\\/\\\/www.rucashk.com\\\/es\\\/#organizationLogo\"}},{\"@type\":\"Person\",\"@id\":\"https:\\\/\\\/www.rucashk.com\\\/es\\\/author\\\/admin\\\/#author\",\"url\":\"https:\\\/\\\/www.rucashk.com\\\/es\\\/author\\\/admin\\\/\",\"name\":\"admin\",\"image\":{\"@type\":\"ImageObject\",\"@id\":\"https:\\\/\\\/www.rucashk.com\\\/es\\\/producto\\\/mijia-honeywell-smoke-detector-wholesale\\\/#authorImage\",\"url\":\"https:\\\/\\\/secure.gravatar.com\\\/avatar\\\/b7c8925b09a27e72b30232f8ecaadbd5af0f70a38c78096863fe51b64f031c24?s=96&d=mm&r=g\",\"width\":96,\"height\":96,\"caption\":\"admin\"}},{\"@type\":\"WebPage\",\"@id\":\"https:\\\/\\\/www.rucashk.com\\\/es\\\/producto\\\/mijia-honeywell-smoke-detector-wholesale\\\/#webpage\",\"url\":\"https:\\\/\\\/www.rucashk.com\\\/es\\\/producto\\\/mijia-honeywell-smoke-detector-wholesale\\\/\",\"name\":\"Mijia Honeywell Smoke Detector Wholesale - Rucas - Wholesale and Distribution\",\"description\":\"Highlights Remote alarm and progressive sound alarm. The alarm function can be used independently. Other functions need to be connected to Xiaomi Gateway 2 or Xiaomi Gateway 3. Once the smoke concentration is too high, the smoke alarm will immediately alert you and link to the gateway. The mobile app will also issue a warning. Once the situation occurs, the mobile app will also issue a warning.\",\"inLanguage\":\"es-ES\",\"isPartOf\":{\"@id\":\"https:\\\/\\\/www.rucashk.com\\\/es\\\/#website\"},\"breadcrumb\":{\"@id\":\"https:\\\/\\\/www.rucashk.com\\\/es\\\/producto\\\/mijia-honeywell-smoke-detector-wholesale\\\/#breadcrumblist\"},\"author\":{\"@id\":\"https:\\\/\\\/www.rucashk.com\\\/es\\\/author\\\/admin\\\/#author\"},\"creator\":{\"@id\":\"https:\\\/\\\/www.rucashk.com\\\/es\\\/author\\\/admin\\\/#author\"},\"image\":{\"@type\":\"ImageObject\",\"url\":\"https:\\\/\\\/www.rucashk.com\\\/wp-content\\\/uploads\\\/2024\\\/01\\\/Original-Xiaomi-Mijia-Honeywell-Detector-de-alarma-de-Gas-humo-Disparador-remoto-de-fuego-aplicaci-n.jpg\",\"@id\":\"https:\\\/\\\/www.rucashk.com\\\/es\\\/producto\\\/mijia-honeywell-smoke-detector-wholesale\\\/#mainImage\",\"width\":800,\"height\":800},\"primaryImageOfPage\":{\"@id\":\"https:\\\/\\\/www.rucashk.com\\\/es\\\/producto\\\/mijia-honeywell-smoke-detector-wholesale\\\/#mainImage\"},\"datePublished\":\"2024-01-09T16:01:23+00:00\",\"dateModified\":\"2025-06-22T07:44:55+00:00\"},{\"@type\":\"WebSite\",\"@id\":\"https:\\\/\\\/www.rucashk.com\\\/es\\\/#website\",\"url\":\"https:\\\/\\\/www.rucashk.com\\\/es\\\/\",\"name\":\"Rucas - Wholesale and distribution worldwide\",\"alternateName\":\"Rucas - One-stop AIoT Distribution Worldwide\",\"description\":\"One-stop AIoT Distribution Worldwide\",\"inLanguage\":\"es-ES\",\"publisher\":{\"@id\":\"https:\\\/\\\/www.rucashk.com\\\/es\\\/#organization\"}}]}\n\t\t<\/script>\n\t\t<!-- All in One SEO Pro -->\r\n\t\t<title>Mijia Honeywell Smoke Detector Wholesale - Rucas - Wholesale and Distribution<\/title>\n\n","aioseo_head_json":{"title":"Mijia Honeywell Smoke Detector Wholesale - Rucas - Wholesale and Distribution","description":"Highlights Remote alarm and progressive sound alarm. The alarm function can be used independently. Other functions need to be connected to Xiaomi Gateway 2 or Xiaomi Gateway 3. Once the smoke concentration is too high, the smoke alarm will immediately alert you and link to the gateway. The mobile app will also issue a warning. Once the situation occurs, the mobile app will also issue a warning.","canonical_url":"https:\/\/www.rucashk.com\/es\/producto\/mijia-honeywell-smoke-detector-wholesale\/","robots":"max-image-preview:large","keywords":"","webmasterTools":{"miscellaneous":""},"og:locale":"es_ES","og:site_name":"Rucas - One-stop AIoT Distribution Worldwide","og:type":"article","og:title":"Mijia Honeywell Smoke Detector Wholesale - Rucas - Wholesale and Distribution","og:description":"Highlights Remote alarm and progressive sound alarm. The alarm function can be used independently. Other functions need to be connected to Xiaomi Gateway 2 or Xiaomi Gateway 3. Once the smoke concentration is too high, the smoke alarm will immediately alert you and link to the gateway. The mobile app will also issue a warning. Once the situation occurs, the mobile app will also issue a warning.","og:url":"https:\/\/www.rucashk.com\/es\/producto\/mijia-honeywell-smoke-detector-wholesale\/","og:image":"https:\/\/www.rucashk.com\/wp-content\/uploads\/replace\/503b8e645f128a97ccde2b6290747646.jpeg","og:image:secure_url":"https:\/\/www.rucashk.com\/wp-content\/uploads\/replace\/503b8e645f128a97ccde2b6290747646.jpeg","og:image:width":1456,"og:image:height":816,"article:published_time":"2024-01-09T16:01:23+00:00","article:modified_time":"2025-06-22T07:44:55+00:00","twitter:card":"summary_large_image","twitter:title":"Mijia Honeywell Smoke Detector Wholesale - Rucas - Wholesale and Distribution","twitter:description":"Highlights Remote alarm and progressive sound alarm. The alarm function can be used independently. Other functions need to be connected to Xiaomi Gateway 2 or Xiaomi Gateway 3. Once the smoke concentration is too high, the smoke alarm will immediately alert you and link to the gateway. The mobile app will also issue a warning. Once the situation occurs, the mobile app will also issue a warning.","twitter:image":"https:\/\/www.rucashk.com\/wp-content\/uploads\/replace\/503b8e645f128a97ccde2b6290747646.jpeg","schema":{"@context":"https:\/\/schema.org","@graph":[{"@type":"BreadcrumbList","@id":"https:\/\/www.rucashk.com\/es\/producto\/mijia-honeywell-smoke-detector-wholesale\/#breadcrumblist","itemListElement":[{"@type":"ListItem","@id":"https:\/\/www.rucashk.com\/es\/#listItem","position":1,"name":"Home","item":"https:\/\/www.rucashk.com\/es\/","nextItem":"https:\/\/www.rucashk.com\/es\/producto\/mijia-honeywell-smoke-detector-wholesale\/#listItem"},{"@type":"ListItem","@id":"https:\/\/www.rucashk.com\/es\/producto\/mijia-honeywell-smoke-detector-wholesale\/#listItem","position":2,"name":"Mijia\u00a0Honeywell Smoke Detector Wholesale","previousItem":"https:\/\/www.rucashk.com\/es\/#listItem"}]},{"@type":"Organization","@id":"https:\/\/www.rucashk.com\/es\/#organization","name":"Rucas","url":"https:\/\/www.rucashk.com\/es\/","logo":{"@type":"ImageObject","url":"https:\/\/www.rucashk.com\/wp-content\/uploads\/2023\/12\/Rucas_campany_logo.png","@id":"https:\/\/www.rucashk.com\/es\/producto\/mijia-honeywell-smoke-detector-wholesale\/#organizationLogo","width":221,"height":65},"image":{"@id":"https:\/\/www.rucashk.com\/es\/#organizationLogo"}},{"@type":"Person","@id":"https:\/\/www.rucashk.com\/es\/author\/admin\/#author","url":"https:\/\/www.rucashk.com\/es\/author\/admin\/","name":"admin","image":{"@type":"ImageObject","@id":"https:\/\/www.rucashk.com\/es\/producto\/mijia-honeywell-smoke-detector-wholesale\/#authorImage","url":"https:\/\/secure.gravatar.com\/avatar\/b7c8925b09a27e72b30232f8ecaadbd5af0f70a38c78096863fe51b64f031c24?s=96&d=mm&r=g","width":96,"height":96,"caption":"admin"}},{"@type":"WebPage","@id":"https:\/\/www.rucashk.com\/es\/producto\/mijia-honeywell-smoke-detector-wholesale\/#webpage","url":"https:\/\/www.rucashk.com\/es\/producto\/mijia-honeywell-smoke-detector-wholesale\/","name":"Mijia Honeywell Smoke Detector Wholesale - Rucas - Wholesale and Distribution","description":"Highlights Remote alarm and progressive sound alarm. The alarm function can be used independently. Other functions need to be connected to Xiaomi Gateway 2 or Xiaomi Gateway 3. Once the smoke concentration is too high, the smoke alarm will immediately alert you and link to the gateway. The mobile app will also issue a warning. Once the situation occurs, the mobile app will also issue a warning.","inLanguage":"es-ES","isPartOf":{"@id":"https:\/\/www.rucashk.com\/es\/#website"},"breadcrumb":{"@id":"https:\/\/www.rucashk.com\/es\/producto\/mijia-honeywell-smoke-detector-wholesale\/#breadcrumblist"},"author":{"@id":"https:\/\/www.rucashk.com\/es\/author\/admin\/#author"},"creator":{"@id":"https:\/\/www.rucashk.com\/es\/author\/admin\/#author"},"image":{"@type":"ImageObject","url":"https:\/\/www.rucashk.com\/wp-content\/uploads\/2024\/01\/Original-Xiaomi-Mijia-Honeywell-Detector-de-alarma-de-Gas-humo-Disparador-remoto-de-fuego-aplicaci-n.jpg","@id":"https:\/\/www.rucashk.com\/es\/producto\/mijia-honeywell-smoke-detector-wholesale\/#mainImage","width":800,"height":800},"primaryImageOfPage":{"@id":"https:\/\/www.rucashk.com\/es\/producto\/mijia-honeywell-smoke-detector-wholesale\/#mainImage"},"datePublished":"2024-01-09T16:01:23+00:00","dateModified":"2025-06-22T07:44:55+00:00"},{"@type":"WebSite","@id":"https:\/\/www.rucashk.com\/es\/#website","url":"https:\/\/www.rucashk.com\/es\/","name":"Rucas - Wholesale and distribution worldwide","alternateName":"Rucas - One-stop AIoT Distribution Worldwide","description":"One-stop AIoT Distribution Worldwide","inLanguage":"es-ES","publisher":{"@id":"https:\/\/www.rucashk.com\/es\/#organization"}}]}},"aioseo_meta_data":{"post_id":"24143","title":null,"description":null,"keywords":null,"keyphrases":null,"primary_term":null,"canonical_url":null,"og_title":null,"og_description":null,"og_object_type":"default","og_image_type":"default","og_image_url":null,"og_image_width":null,"og_image_height":null,"og_image_custom_url":null,"og_image_custom_fields":null,"og_video":null,"og_custom_url":null,"og_article_section":null,"og_article_tags":null,"twitter_use_og":false,"twitter_card":"default","twitter_image_type":"default","twitter_image_url":null,"twitter_image_custom_url":null,"twitter_image_custom_fields":null,"twitter_title":null,"twitter_description":null,"schema":{"blockGraphs":[],"customGraphs":[],"default":{"data":{"Article":[],"Course":[],"Dataset":[],"FAQPage":[],"Movie":[],"Person":[],"Product":[],"Recipe":[],"Service":[],"SoftwareApplication":[],"WebPage":[]},"graphName":"","isEnabled":true},"graphs":[]},"schema_type":"default","schema_type_options":null,"pillar_content":false,"robots_default":true,"robots_noindex":false,"robots_noarchive":false,"robots_nosnippet":false,"robots_nofollow":false,"robots_noimageindex":false,"robots_noodp":false,"robots_notranslate":false,"robots_max_snippet":null,"robots_max_videopreview":null,"robots_max_imagepreview":"large","priority":null,"frequency":null,"local_seo":null,"breadcrumb_settings":null,"limit_modified_date":false,"created":"2024-04-11 01:57:09","updated":"2025-06-22 17:25:04"},"aioseo_breadcrumb":"<div class=\"aioseo-breadcrumbs\"><span class=\"aioseo-breadcrumb\">\n\t<a href=\"https:\/\/www.rucashk.com\/es\" title=\"Home\">Home<\/a>\n<\/span><span class=\"aioseo-breadcrumb-separator\">&raquo;<\/span><span class=\"aioseo-breadcrumb\">\n\t<a href=\"https:\/\/www.rucashk.com\/es\/products\/\" title=\"Productos\">Productos<\/a>\n<\/span><span class=\"aioseo-breadcrumb-separator\">&raquo;<\/span><span class=\"aioseo-breadcrumb\">\n\t<a href=\"https:\/\/www.rucashk.com\/es\/marca\/xiaomi\/\" title=\"Xiaomi\">Xiaomi<\/a>\n<\/span><span class=\"aioseo-breadcrumb-separator\">&raquo;<\/span><span class=\"aioseo-breadcrumb\">\n\tMijia\u00a0Honeywell Smoke Detector Wholesale\n<\/span><\/div>","aioseo_breadcrumb_json":[{"label":"Home","link":"https:\/\/www.rucashk.com\/es"},{"label":"Productos","link":"https:\/\/www.rucashk.com\/es\/products\/"},{"label":"Xiaomi","link":"https:\/\/www.rucashk.com\/es\/marca\/xiaomi\/"},{"label":"Mijia\u00a0Honeywell Smoke Detector Wholesale","link":"https:\/\/www.rucashk.com\/es\/producto\/mijia-honeywell-smoke-detector-wholesale\/"}],"_links":{"self":[{"href":"https:\/\/www.rucashk.com\/es\/wp-json\/wp\/v2\/product\/24143","targetHints":{"allow":["GET"]}}],"collection":[{"href":"https:\/\/www.rucashk.com\/es\/wp-json\/wp\/v2\/product"}],"about":[{"href":"https:\/\/www.rucashk.com\/es\/wp-json\/wp\/v2\/types\/product"}],"wp:featuredmedia":[{"embeddable":true,"href":"https:\/\/www.rucashk.com\/es\/wp-json\/wp\/v2\/media\/24280"}],"wp:attachment":[{"href":"https:\/\/www.rucashk.com\/es\/wp-json\/wp\/v2\/media?parent=24143"}],"wp:term":[{"taxonomy":"product_brand","embeddable":true,"href":"https:\/\/www.rucashk.com\/es\/wp-json\/wp\/v2\/product_brand?post=24143"},{"taxonomy":"product_cat","embeddable":true,"href":"https:\/\/www.rucashk.com\/es\/wp-json\/wp\/v2\/product_cat?post=24143"},{"taxonomy":"product_tag","embeddable":true,"href":"https:\/\/www.rucashk.com\/es\/wp-json\/wp\/v2\/product_tag?post=24143"}],"curies":[{"name":"wp","href":"https:\/\/api.w.org\/{rel}","templated":true}]}}