{"id":24142,"date":"2024-01-09T16:01:23","date_gmt":"2024-01-09T16:01:23","guid":{"rendered":"http:\/\/rucashk.com\/?post_type=product&#038;p=24142"},"modified":"2024-03-11T06:31:44","modified_gmt":"2024-03-11T06:31:44","slug":"huawei-gt-wholesale","status":"publish","type":"product","link":"https:\/\/www.rucashk.com\/es\/producto\/huawei-gt-wholesale\/","title":{"rendered":"Huawei GT al por mayor"},"content":{"rendered":"<p><img fetchpriority=\"high\" decoding=\"async\" class=\"js-descLazyload lazy-loaded aligncenter\" src=\"\/wp-content\/uploads\/replace\/bb5b9d64175266635251cdfa515677d2.jpeg\" alt=\"Huawei\u00a0GT\" width=\"1000\" height=\"543\" data-lazy=\"\/wp-content\/uploads\/replace\/bb5b9d64175266635251cdfa515677d2.jpeg\" data-was-processed=\"true\" \/><\/p>\n<p><img decoding=\"async\" class=\"js-descLazyload lazy-loaded aligncenter\" src=\"\/wp-content\/uploads\/replace\/94f25c5e7fb2d7e7a4cfbf6cc3110aeb.jpeg\" alt=\"Huawei\u00a0GT\" width=\"1000\" height=\"560\" data-lazy=\"\/wp-content\/uploads\/replace\/94f25c5e7fb2d7e7a4cfbf6cc3110aeb.jpeg\" data-was-processed=\"true\" \/><\/p>\n<p><img decoding=\"async\" class=\"js-descLazyload lazy-loaded aligncenter\" src=\"\/wp-content\/uploads\/replace\/74f11ec67cb1f59899784a9b4effcf81.jpeg\" alt=\"Huawei\u00a0GT\" width=\"1000\" height=\"554\" data-lazy=\"\/wp-content\/uploads\/replace\/74f11ec67cb1f59899784a9b4effcf81.jpeg\" data-was-processed=\"true\" \/><\/p>\n<p><img loading=\"lazy\" decoding=\"async\" class=\"js-descLazyload lazy-loaded aligncenter\" src=\"\/wp-content\/uploads\/replace\/10082fbf18f674e5af390a90807f99e3.jpeg\" alt=\"Huawei\u00a0GT\" width=\"1000\" height=\"557\" data-lazy=\"\/wp-content\/uploads\/replace\/10082fbf18f674e5af390a90807f99e3.jpeg\" data-was-processed=\"true\" \/><\/p>\n<p><img loading=\"lazy\" decoding=\"async\" class=\"js-descLazyload lazy-loaded aligncenter\" src=\"\/wp-content\/uploads\/replace\/c1408dcc9b22f12ea5ecee7f8702683e.jpeg\" alt=\"Huawei\u00a0GT\" width=\"1000\" height=\"771\" data-lazy=\"\/wp-content\/uploads\/replace\/c1408dcc9b22f12ea5ecee7f8702683e.jpeg\" data-was-processed=\"true\" \/><\/p>\n<p class=\"sizeDescTitle\"><strong>Especificaci\u00f3n:<\/strong><\/p>\n<div class=\"sizeDescTable\">\n<div class=\"sizeDescCate topBorder\">\n<div class=\"sizeDescCateContent\">Tipo de pantalla: AMOLED<\/div>\n<\/div>\n<\/div>\n<div class=\"sizeDescTable\">\n<div class=\"sizeDescCate\">\n<div class=\"sizeDescCateContent\">Tiempo en espera: la escena t\u00edpica es de aproximadamente 1 semana; el modo de visualizaci\u00f3n dura aproximadamente 14 d\u00edas; El trabajo deportivo con GPS es de 10 horas.<\/div>\n<\/div>\n<\/div>\n<div class=\"sizeDescTable\">\n<div class=\"sizeDescCate\">\n<div class=\"sizeDescCateContent\">Grupos de alarma: 3<\/div>\n<\/div>\n<\/div>\n<div class=\"sizeDescTable\">\n<div class=\"sizeDescCate\">\n<div class=\"sizeDescCateContent\">Forma de la esfera: Redonda<\/div>\n<\/div>\n<\/div>\n<div class=\"sizeDescTable\">\n<div class=\"sizeDescCate\">\n<div class=\"sizeDescCateContent\">Tama\u00f1o de la banda: 19,5x2,2 CM<\/div>\n<\/div>\n<\/div>\n<div class=\"sizeDescTable\">\n<div class=\"sizeDescCate\">\n<div class=\"sizeDescCateContent\">Rastreador de salud: monitor de frecuencia card\u00edaca, pod\u00f3metro<\/div>\n<\/div>\n<\/div>\n<div class=\"sizeDescTable\">\n<div class=\"sizeDescCate\">\n<div class=\"sizeDescCateContent\">Otra funci\u00f3n: Alarma,Alt\u00edmetro,Bar\u00f3metro,Impermeable<\/div>\n<\/div>\n<\/div>\n<div class=\"sizeDescTable\">\n<div class=\"sizeDescCate\">\n<div class=\"sizeDescCateContent\">Modo de funcionamiento: Pulsar bot\u00f3n, pantalla t\u00e1ctil<\/div>\n<\/div>\n<\/div>\n<div class=\"sizeDescTable\">\n<div class=\"sizeDescCate\">\n<div class=\"sizeDescCateContent\">SO compatibles: ios,ANDROID<\/div>\n<\/div>\n<\/div>\n<div class=\"sizeDescTable\">\n<div class=\"sizeDescCate\">\n<div class=\"sizeDescCateContent\">Versi\u00f3n de Bluetooth: Bluetooth 4.0<\/div>\n<\/div>\n<\/div>\n<div class=\"sizeDescTable\">\n<div class=\"sizeDescCate\">\n<div class=\"sizeDescCateContent\">Marcas: HUAWEI<\/div>\n<\/div>\n<\/div>\n<div class=\"sizeDescTable\">\n<div class=\"sizeDescCate\">\n<div class=\"sizeDescCateContent\">Tipo de notificaci\u00f3n: Facebook, Gmail, Skype, Twitter, Wechat, WhatsApp<\/div>\n<\/div>\n<\/div>\n<div class=\"sizeDescTable\">\n<div class=\"sizeDescCate\">\n<div class=\"sizeDescCateContent\">Versi\u00f3n del sistema compatible: Android 4.4 y superior iOS 9.0 y superior<\/div>\n<\/div>\n<\/div>\n<div class=\"sizeDescTable\">\n<div class=\"sizeDescCate\">\n<div class=\"sizeDescCateContent\">Capacidad de la bater\u00eda: 178 mAh<\/div>\n<\/div>\n<\/div>\n<div class=\"sizeDescTable\">\n<div class=\"sizeDescCate\">\n<div class=\"sizeDescCateContent\">Contenidos del Paquete: 1 x Reloj Inteligente, 1 x Manual Chino, 1 x Cable de Carga USB<\/div>\n<\/div>\n<\/div>\n<div class=\"sizeDescTable\">\n<div class=\"sizeDescCate\">\n<div class=\"sizeDescCateContent\">Tiempo de carga: aproximadamente 2 horas<\/div>\n<\/div>\n<\/div>\n<div class=\"sizeDescTable\">\n<div class=\"sizeDescCate\">\n<div class=\"sizeDescCateContent\">Idioma: Ingl\u00e9s,Franc\u00e9s,Alem\u00e1n,India,Italiano,Japon\u00e9s,Coreano,Portugu\u00e9s,Chino simplificado,Chino tradicional,Espa\u00f1ol<\/div>\n<\/div>\n<\/div>\n<div class=\"sizeDescTable\">\n<div class=\"sizeDescCate\">\n<div class=\"sizeDescCateContent\">Tama\u00f1o de pantalla: 1,2 pulgadas<\/div>\n<\/div>\n<\/div>\n<div class=\"sizeDescTable\">\n<div class=\"sizeDescCate\">\n<div class=\"sizeDescCateContent\">Material de la banda: Cuero<\/div>\n<\/div>\n<\/div>\n<div class=\"sizeDescTable\">\n<div class=\"sizeDescCate\">\n<div class=\"sizeDescCateContent\">Tipo de alerta: Vibraci\u00f3n<\/div>\n<\/div>\n<\/div>\n<div class=\"sizeDescTable\">\n<div class=\"sizeDescCate\">\n<div class=\"sizeDescCateContent\">Llamadas Bluetooth: recordatorio de llamada telef\u00f3nica<\/div>\n<\/div>\n<\/div>\n<div class=\"sizeDescTable\">\n<div class=\"sizeDescCate\">\n<div class=\"sizeDescCateContent\">Clasificaci\u00f3n IP: 5 ATM<\/div>\n<\/div>\n<\/div>\n<div class=\"sizeDescTable\">\n<div class=\"sizeDescCate\">\n<div class=\"sizeDescCateContent\">Material de la caja: Cer\u00e1mica<\/div>\n<\/div>\n<\/div>\n<div class=\"sizeDescTable\">\n<div class=\"sizeDescCate\">\n<div class=\"sizeDescCateContent\">Di\u00e1metro de uso: 130 \u2013 190 mm<\/div>\n<\/div>\n<\/div>\n<div class=\"sizeDescTable\">\n<div class=\"sizeDescCate\">\n<div class=\"sizeDescCateContent\">Tama\u00f1o de la esfera: 42,8 mm x 42,8 mm<\/div>\n<\/div>\n<\/div>","protected":false},"excerpt":{"rendered":"<div><strong>Principales caracter\u00edsticas<\/strong>:<br \/>\n\u2022 1.2-inch color round screen<br \/>\n\u2022 Support GPS, GLONASS, BDS<br \/>\n\u2022 Multiple exercise modes: running course, outdoor running, outdoor walking, outdoor cycling, indoor running, mountain climbing, swimming in swimming pool, open water, indoor cycling, free training, triathlon, cross-country running<br \/>\n\u2022 Daily activity tracking and monitoring<br \/>\n\u2022 Make exercise plans, goals, and reminders<br \/>\n\u2022 Steps, calories, activity intensity, and standing statistics<br \/>\n\u2022 24-hour heart rate monitoring, scientific sleep, stress management<br \/>\n\u2022 Message reminder: call, SMS, WeChat, email, etc<br \/>\n\u2022 Alarm clock, stopwatch, timer, find mobile phone<br \/>\n\u2022 NFC bus and subway payment and offline payment<\/div>","protected":false},"featured_media":24276,"template":"","meta":[],"product_brand":[],"product_cat":[1345,1322],"product_tag":[1035],"class_list":{"0":"post-24142","1":"product","2":"type-product","3":"status-publish","4":"has-post-thumbnail","6":"product_cat-huawei-other-a-brands","7":"product_cat-other-a-brands","8":"product_tag-huawei-gt","10":"first","11":"instock","12":"shipping-taxable","13":"product-type-external"},"aioseo_notices":[],"aioseo_head":"\n\t\t<!-- All in One SEO Pro 4.5.9.2 - aioseo.com -->\n\t\t<meta name=\"description\" content=\"Main Features: \u2022 1.2-inch color round screen \u2022 Support GPS, GLONASS, BDS \u2022 Multiple exercise modes: running course, outdoor running, outdoor walking, outdoor cycling, indoor running, mountain climbing, swimming in swimming pool, open water, indoor cycling, free training, triathlon, cross-country running \u2022 Daily activity tracking and monitoring \u2022 Make exercise plans, goals, and reminders \u2022 Steps, calories, activity intensity, and standing statistics \u2022 24-hour heart rate monitoring, scientific sleep, stress management \u2022 Message reminder: call, SMS, WeChat, email, etc \u2022 Alarm clock, stopwatch, timer, find mobile phone \u2022 NFC bus and subway payment and offline payment\" \/>\n\t\t<meta name=\"robots\" content=\"max-image-preview:large\" \/>\n\t\t<link rel=\"canonical\" href=\"https:\/\/www.rucashk.com\/es\/producto\/huawei-gt-wholesale\/\" \/>\n\t\t<meta name=\"generator\" content=\"All in One SEO Pro (AIOSEO) 4.5.9.2\" \/>\n\t\t<meta property=\"og:locale\" content=\"es_ES\" \/>\n\t\t<meta property=\"og:site_name\" content=\"Rucas - One-stop AIoT Distribution Worldwide\" \/>\n\t\t<meta property=\"og:type\" content=\"article\" \/>\n\t\t<meta property=\"og:title\" content=\"Huawei GT Wholesale - Rucas - Wholesale and Distribution\" \/>\n\t\t<meta property=\"og:description\" content=\"Main Features: \u2022 1.2-inch color round screen \u2022 Support GPS, GLONASS, BDS \u2022 Multiple exercise modes: running course, outdoor running, outdoor walking, outdoor cycling, indoor running, mountain climbing, swimming in swimming pool, open water, indoor cycling, free training, triathlon, cross-country running \u2022 Daily activity tracking and monitoring \u2022 Make exercise plans, goals, and reminders \u2022 Steps, calories, activity intensity, and standing statistics \u2022 24-hour heart rate monitoring, scientific sleep, stress management \u2022 Message reminder: call, SMS, WeChat, email, etc \u2022 Alarm clock, stopwatch, timer, find mobile phone \u2022 NFC bus and subway payment and offline payment\" \/>\n\t\t<meta property=\"og:url\" content=\"https:\/\/www.rucashk.com\/es\/producto\/huawei-gt-wholesale\/\" \/>\n\t\t<meta property=\"og:image\" content=\"https:\/\/www.rucashk.com\/wp-content\/uploads\/replace\/503b8e645f128a97ccde2b6290747646.jpeg\" \/>\n\t\t<meta property=\"og:image:secure_url\" content=\"https:\/\/www.rucashk.com\/wp-content\/uploads\/replace\/503b8e645f128a97ccde2b6290747646.jpeg\" \/>\n\t\t<meta property=\"og:image:width\" content=\"1456\" \/>\n\t\t<meta property=\"og:image:height\" content=\"816\" \/>\n\t\t<meta property=\"article:published_time\" content=\"2024-01-09T16:01:23+00:00\" \/>\n\t\t<meta property=\"article:modified_time\" content=\"2024-03-11T06:31:44+00:00\" \/>\n\t\t<meta name=\"twitter:card\" content=\"summary_large_image\" \/>\n\t\t<meta name=\"twitter:title\" content=\"Huawei GT Wholesale - Rucas - Wholesale and Distribution\" \/>\n\t\t<meta name=\"twitter:description\" content=\"Main Features: \u2022 1.2-inch color round screen \u2022 Support GPS, GLONASS, BDS \u2022 Multiple exercise modes: running course, outdoor running, outdoor walking, outdoor cycling, indoor running, mountain climbing, swimming in swimming pool, open water, indoor cycling, free training, triathlon, cross-country running \u2022 Daily activity tracking and monitoring \u2022 Make exercise plans, goals, and reminders \u2022 Steps, calories, activity intensity, and standing statistics \u2022 24-hour heart rate monitoring, scientific sleep, stress management \u2022 Message reminder: call, SMS, WeChat, email, etc \u2022 Alarm clock, stopwatch, timer, find mobile phone \u2022 NFC bus and subway payment and offline payment\" \/>\n\t\t<meta name=\"twitter:image\" content=\"https:\/\/www.rucashk.com\/wp-content\/uploads\/replace\/503b8e645f128a97ccde2b6290747646.jpeg\" \/>\n\t\t<script type=\"application\/ld+json\" class=\"aioseo-schema\">\n\t\t\t{\"@context\":\"https:\\\/\\\/schema.org\",\"@graph\":[{\"@type\":\"BreadcrumbList\",\"@id\":\"https:\\\/\\\/www.rucashk.com\\\/es\\\/producto\\\/huawei-gt-wholesale\\\/#breadcrumblist\",\"itemListElement\":[{\"@type\":\"ListItem\",\"@id\":\"https:\\\/\\\/www.rucashk.com\\\/es\\\/#listItem\",\"position\":1,\"name\":\"Home\",\"item\":\"https:\\\/\\\/www.rucashk.com\\\/es\\\/\",\"nextItem\":\"https:\\\/\\\/www.rucashk.com\\\/es\\\/producto\\\/huawei-gt-wholesale\\\/#listItem\"},{\"@type\":\"ListItem\",\"@id\":\"https:\\\/\\\/www.rucashk.com\\\/es\\\/producto\\\/huawei-gt-wholesale\\\/#listItem\",\"position\":2,\"name\":\"Huawei\\u00a0GT Wholesale\",\"previousItem\":\"https:\\\/\\\/www.rucashk.com\\\/es\\\/#listItem\"}]},{\"@type\":\"Organization\",\"@id\":\"https:\\\/\\\/www.rucashk.com\\\/es\\\/#organization\",\"name\":\"Rucas\",\"url\":\"https:\\\/\\\/www.rucashk.com\\\/es\\\/\",\"logo\":{\"@type\":\"ImageObject\",\"url\":\"https:\\\/\\\/www.rucashk.com\\\/wp-content\\\/uploads\\\/2023\\\/12\\\/Rucas_campany_logo.png\",\"@id\":\"https:\\\/\\\/www.rucashk.com\\\/es\\\/producto\\\/huawei-gt-wholesale\\\/#organizationLogo\",\"width\":221,\"height\":65},\"image\":{\"@id\":\"https:\\\/\\\/www.rucashk.com\\\/es\\\/#organizationLogo\"}},{\"@type\":\"Person\",\"@id\":\"https:\\\/\\\/www.rucashk.com\\\/es\\\/author\\\/admin\\\/#author\",\"url\":\"https:\\\/\\\/www.rucashk.com\\\/es\\\/author\\\/admin\\\/\",\"name\":\"admin\",\"image\":{\"@type\":\"ImageObject\",\"@id\":\"https:\\\/\\\/www.rucashk.com\\\/es\\\/producto\\\/huawei-gt-wholesale\\\/#authorImage\",\"url\":\"https:\\\/\\\/secure.gravatar.com\\\/avatar\\\/b7c8925b09a27e72b30232f8ecaadbd5af0f70a38c78096863fe51b64f031c24?s=96&d=mm&r=g\",\"width\":96,\"height\":96,\"caption\":\"admin\"}},{\"@type\":\"WebPage\",\"@id\":\"https:\\\/\\\/www.rucashk.com\\\/es\\\/producto\\\/huawei-gt-wholesale\\\/#webpage\",\"url\":\"https:\\\/\\\/www.rucashk.com\\\/es\\\/producto\\\/huawei-gt-wholesale\\\/\",\"name\":\"Huawei GT Wholesale - Rucas - Wholesale and Distribution\",\"description\":\"Main Features: \\u2022 1.2-inch color round screen \\u2022 Support GPS, GLONASS, BDS \\u2022 Multiple exercise modes: running course, outdoor running, outdoor walking, outdoor cycling, indoor running, mountain climbing, swimming in swimming pool, open water, indoor cycling, free training, triathlon, cross-country running \\u2022 Daily activity tracking and monitoring \\u2022 Make exercise plans, goals, and reminders \\u2022 Steps, calories, activity intensity, and standing statistics \\u2022 24-hour heart rate monitoring, scientific sleep, stress management \\u2022 Message reminder: call, SMS, WeChat, email, etc \\u2022 Alarm clock, stopwatch, timer, find mobile phone \\u2022 NFC bus and subway payment and offline payment\",\"inLanguage\":\"es-ES\",\"isPartOf\":{\"@id\":\"https:\\\/\\\/www.rucashk.com\\\/es\\\/#website\"},\"breadcrumb\":{\"@id\":\"https:\\\/\\\/www.rucashk.com\\\/es\\\/producto\\\/huawei-gt-wholesale\\\/#breadcrumblist\"},\"author\":{\"@id\":\"https:\\\/\\\/www.rucashk.com\\\/es\\\/author\\\/admin\\\/#author\"},\"creator\":{\"@id\":\"https:\\\/\\\/www.rucashk.com\\\/es\\\/author\\\/admin\\\/#author\"},\"image\":{\"@type\":\"ImageObject\",\"url\":\"https:\\\/\\\/www.rucashk.com\\\/wp-content\\\/uploads\\\/2024\\\/01\\\/huawei-gt.jpg\",\"@id\":\"https:\\\/\\\/www.rucashk.com\\\/es\\\/producto\\\/huawei-gt-wholesale\\\/#mainImage\",\"width\":800,\"height\":800},\"primaryImageOfPage\":{\"@id\":\"https:\\\/\\\/www.rucashk.com\\\/es\\\/producto\\\/huawei-gt-wholesale\\\/#mainImage\"},\"datePublished\":\"2024-01-09T16:01:23+00:00\",\"dateModified\":\"2024-03-11T06:31:44+00:00\"},{\"@type\":\"WebSite\",\"@id\":\"https:\\\/\\\/www.rucashk.com\\\/es\\\/#website\",\"url\":\"https:\\\/\\\/www.rucashk.com\\\/es\\\/\",\"name\":\"Rucas - Wholesale and distribution worldwide\",\"alternateName\":\"Rucas - One-stop AIoT Distribution Worldwide\",\"description\":\"One-stop AIoT Distribution Worldwide\",\"inLanguage\":\"es-ES\",\"publisher\":{\"@id\":\"https:\\\/\\\/www.rucashk.com\\\/es\\\/#organization\"}}]}\n\t\t<\/script>\n\t\t<!-- All in One SEO Pro -->\r\n\t\t<title>Huawei GT Wholesale - Rucas - Wholesale and Distribution<\/title>\n\n","aioseo_head_json":{"title":"Huawei GT Wholesale - Rucas - Wholesale and Distribution","description":"Main Features: \u2022 1.2-inch color round screen \u2022 Support GPS, GLONASS, BDS \u2022 Multiple exercise modes: running course, outdoor running, outdoor walking, outdoor cycling, indoor running, mountain climbing, swimming in swimming pool, open water, indoor cycling, free training, triathlon, cross-country running \u2022 Daily activity tracking and monitoring \u2022 Make exercise plans, goals, and reminders \u2022 Steps, calories, activity intensity, and standing statistics \u2022 24-hour heart rate monitoring, scientific sleep, stress management \u2022 Message reminder: call, SMS, WeChat, email, etc \u2022 Alarm clock, stopwatch, timer, find mobile phone \u2022 NFC bus and subway payment and offline payment","canonical_url":"https:\/\/www.rucashk.com\/es\/producto\/huawei-gt-wholesale\/","robots":"max-image-preview:large","keywords":"","webmasterTools":{"miscellaneous":""},"og:locale":"es_ES","og:site_name":"Rucas - One-stop AIoT Distribution Worldwide","og:type":"article","og:title":"Huawei GT Wholesale - Rucas - Wholesale and Distribution","og:description":"Main Features: \u2022 1.2-inch color round screen \u2022 Support GPS, GLONASS, BDS \u2022 Multiple exercise modes: running course, outdoor running, outdoor walking, outdoor cycling, indoor running, mountain climbing, swimming in swimming pool, open water, indoor cycling, free training, triathlon, cross-country running \u2022 Daily activity tracking and monitoring \u2022 Make exercise plans, goals, and reminders \u2022 Steps, calories, activity intensity, and standing statistics \u2022 24-hour heart rate monitoring, scientific sleep, stress management \u2022 Message reminder: call, SMS, WeChat, email, etc \u2022 Alarm clock, stopwatch, timer, find mobile phone \u2022 NFC bus and subway payment and offline payment","og:url":"https:\/\/www.rucashk.com\/es\/producto\/huawei-gt-wholesale\/","og:image":"https:\/\/www.rucashk.com\/wp-content\/uploads\/replace\/503b8e645f128a97ccde2b6290747646.jpeg","og:image:secure_url":"https:\/\/www.rucashk.com\/wp-content\/uploads\/replace\/503b8e645f128a97ccde2b6290747646.jpeg","og:image:width":1456,"og:image:height":816,"article:published_time":"2024-01-09T16:01:23+00:00","article:modified_time":"2024-03-11T06:31:44+00:00","twitter:card":"summary_large_image","twitter:title":"Huawei GT Wholesale - Rucas - Wholesale and Distribution","twitter:description":"Main Features: \u2022 1.2-inch color round screen \u2022 Support GPS, GLONASS, BDS \u2022 Multiple exercise modes: running course, outdoor running, outdoor walking, outdoor cycling, indoor running, mountain climbing, swimming in swimming pool, open water, indoor cycling, free training, triathlon, cross-country running \u2022 Daily activity tracking and monitoring \u2022 Make exercise plans, goals, and reminders \u2022 Steps, calories, activity intensity, and standing statistics \u2022 24-hour heart rate monitoring, scientific sleep, stress management \u2022 Message reminder: call, SMS, WeChat, email, etc \u2022 Alarm clock, stopwatch, timer, find mobile phone \u2022 NFC bus and subway payment and offline payment","twitter:image":"https:\/\/www.rucashk.com\/wp-content\/uploads\/replace\/503b8e645f128a97ccde2b6290747646.jpeg","schema":{"@context":"https:\/\/schema.org","@graph":[{"@type":"BreadcrumbList","@id":"https:\/\/www.rucashk.com\/es\/producto\/huawei-gt-wholesale\/#breadcrumblist","itemListElement":[{"@type":"ListItem","@id":"https:\/\/www.rucashk.com\/es\/#listItem","position":1,"name":"Home","item":"https:\/\/www.rucashk.com\/es\/","nextItem":"https:\/\/www.rucashk.com\/es\/producto\/huawei-gt-wholesale\/#listItem"},{"@type":"ListItem","@id":"https:\/\/www.rucashk.com\/es\/producto\/huawei-gt-wholesale\/#listItem","position":2,"name":"Huawei\u00a0GT Wholesale","previousItem":"https:\/\/www.rucashk.com\/es\/#listItem"}]},{"@type":"Organization","@id":"https:\/\/www.rucashk.com\/es\/#organization","name":"Rucas","url":"https:\/\/www.rucashk.com\/es\/","logo":{"@type":"ImageObject","url":"https:\/\/www.rucashk.com\/wp-content\/uploads\/2023\/12\/Rucas_campany_logo.png","@id":"https:\/\/www.rucashk.com\/es\/producto\/huawei-gt-wholesale\/#organizationLogo","width":221,"height":65},"image":{"@id":"https:\/\/www.rucashk.com\/es\/#organizationLogo"}},{"@type":"Person","@id":"https:\/\/www.rucashk.com\/es\/author\/admin\/#author","url":"https:\/\/www.rucashk.com\/es\/author\/admin\/","name":"admin","image":{"@type":"ImageObject","@id":"https:\/\/www.rucashk.com\/es\/producto\/huawei-gt-wholesale\/#authorImage","url":"https:\/\/secure.gravatar.com\/avatar\/b7c8925b09a27e72b30232f8ecaadbd5af0f70a38c78096863fe51b64f031c24?s=96&d=mm&r=g","width":96,"height":96,"caption":"admin"}},{"@type":"WebPage","@id":"https:\/\/www.rucashk.com\/es\/producto\/huawei-gt-wholesale\/#webpage","url":"https:\/\/www.rucashk.com\/es\/producto\/huawei-gt-wholesale\/","name":"Huawei GT Wholesale - Rucas - Wholesale and Distribution","description":"Main Features: \u2022 1.2-inch color round screen \u2022 Support GPS, GLONASS, BDS \u2022 Multiple exercise modes: running course, outdoor running, outdoor walking, outdoor cycling, indoor running, mountain climbing, swimming in swimming pool, open water, indoor cycling, free training, triathlon, cross-country running \u2022 Daily activity tracking and monitoring \u2022 Make exercise plans, goals, and reminders \u2022 Steps, calories, activity intensity, and standing statistics \u2022 24-hour heart rate monitoring, scientific sleep, stress management \u2022 Message reminder: call, SMS, WeChat, email, etc \u2022 Alarm clock, stopwatch, timer, find mobile phone \u2022 NFC bus and subway payment and offline payment","inLanguage":"es-ES","isPartOf":{"@id":"https:\/\/www.rucashk.com\/es\/#website"},"breadcrumb":{"@id":"https:\/\/www.rucashk.com\/es\/producto\/huawei-gt-wholesale\/#breadcrumblist"},"author":{"@id":"https:\/\/www.rucashk.com\/es\/author\/admin\/#author"},"creator":{"@id":"https:\/\/www.rucashk.com\/es\/author\/admin\/#author"},"image":{"@type":"ImageObject","url":"https:\/\/www.rucashk.com\/wp-content\/uploads\/2024\/01\/huawei-gt.jpg","@id":"https:\/\/www.rucashk.com\/es\/producto\/huawei-gt-wholesale\/#mainImage","width":800,"height":800},"primaryImageOfPage":{"@id":"https:\/\/www.rucashk.com\/es\/producto\/huawei-gt-wholesale\/#mainImage"},"datePublished":"2024-01-09T16:01:23+00:00","dateModified":"2024-03-11T06:31:44+00:00"},{"@type":"WebSite","@id":"https:\/\/www.rucashk.com\/es\/#website","url":"https:\/\/www.rucashk.com\/es\/","name":"Rucas - Wholesale and distribution worldwide","alternateName":"Rucas - One-stop AIoT Distribution Worldwide","description":"One-stop AIoT Distribution Worldwide","inLanguage":"es-ES","publisher":{"@id":"https:\/\/www.rucashk.com\/es\/#organization"}}]}},"aioseo_meta_data":{"post_id":"24142","title":null,"description":null,"keywords":null,"keyphrases":null,"primary_term":null,"canonical_url":null,"og_title":null,"og_description":null,"og_object_type":"default","og_image_type":"default","og_image_url":null,"og_image_width":null,"og_image_height":null,"og_image_custom_url":null,"og_image_custom_fields":null,"og_video":null,"og_custom_url":null,"og_article_section":null,"og_article_tags":null,"twitter_use_og":false,"twitter_card":"default","twitter_image_type":"default","twitter_image_url":null,"twitter_image_custom_url":null,"twitter_image_custom_fields":null,"twitter_title":null,"twitter_description":null,"schema":{"blockGraphs":[],"customGraphs":[],"default":{"data":{"Article":[],"Course":[],"Dataset":[],"FAQPage":[],"Movie":[],"Person":[],"Product":[],"Recipe":[],"Service":[],"SoftwareApplication":[],"WebPage":[]},"graphName":"","isEnabled":true},"graphs":[]},"schema_type":"default","schema_type_options":null,"pillar_content":false,"robots_default":true,"robots_noindex":false,"robots_noarchive":false,"robots_nosnippet":false,"robots_nofollow":false,"robots_noimageindex":false,"robots_noodp":false,"robots_notranslate":false,"robots_max_snippet":null,"robots_max_videopreview":null,"robots_max_imagepreview":"large","priority":null,"frequency":null,"local_seo":null,"breadcrumb_settings":null,"limit_modified_date":false,"created":"2024-04-11 01:57:09","updated":"2025-06-22 17:25:04"},"aioseo_breadcrumb":"<div class=\"aioseo-breadcrumbs\"><span class=\"aioseo-breadcrumb\">\n\t<a href=\"https:\/\/www.rucashk.com\/es\" title=\"Home\">Home<\/a>\n<\/span><span class=\"aioseo-breadcrumb-separator\">&raquo;<\/span><span class=\"aioseo-breadcrumb\">\n\t<a href=\"https:\/\/www.rucashk.com\/es\/products\/\" title=\"Productos\">Productos<\/a>\n<\/span><span class=\"aioseo-breadcrumb-separator\">&raquo;<\/span><span class=\"aioseo-breadcrumb\">\n\t<a href=\"https:\/\/www.rucashk.com\/es\/categoria-producto\/other-a-brands\/\" title=\"Other A-Brands\">Other A-Brands<\/a>\n<\/span><span class=\"aioseo-breadcrumb-separator\">&raquo;<\/span><span class=\"aioseo-breadcrumb\">\n\t<a href=\"https:\/\/www.rucashk.com\/es\/categoria-producto\/other-a-brands\/huawei-other-a-brands\/\" title=\"Huawei\">Huawei<\/a>\n<\/span><span class=\"aioseo-breadcrumb-separator\">&raquo;<\/span><span class=\"aioseo-breadcrumb\">\n\tHuawei\u00a0GT Wholesale\n<\/span><\/div>","aioseo_breadcrumb_json":[{"label":"Home","link":"https:\/\/www.rucashk.com\/es"},{"label":"Productos","link":"https:\/\/www.rucashk.com\/es\/products\/"},{"label":"Other A-Brands","link":"https:\/\/www.rucashk.com\/es\/categoria-producto\/other-a-brands\/"},{"label":"Huawei","link":"https:\/\/www.rucashk.com\/es\/categoria-producto\/other-a-brands\/huawei-other-a-brands\/"},{"label":"Huawei\u00a0GT Wholesale","link":"https:\/\/www.rucashk.com\/es\/producto\/huawei-gt-wholesale\/"}],"_links":{"self":[{"href":"https:\/\/www.rucashk.com\/es\/wp-json\/wp\/v2\/product\/24142","targetHints":{"allow":["GET"]}}],"collection":[{"href":"https:\/\/www.rucashk.com\/es\/wp-json\/wp\/v2\/product"}],"about":[{"href":"https:\/\/www.rucashk.com\/es\/wp-json\/wp\/v2\/types\/product"}],"wp:featuredmedia":[{"embeddable":true,"href":"https:\/\/www.rucashk.com\/es\/wp-json\/wp\/v2\/media\/24276"}],"wp:attachment":[{"href":"https:\/\/www.rucashk.com\/es\/wp-json\/wp\/v2\/media?parent=24142"}],"wp:term":[{"taxonomy":"product_brand","embeddable":true,"href":"https:\/\/www.rucashk.com\/es\/wp-json\/wp\/v2\/product_brand?post=24142"},{"taxonomy":"product_cat","embeddable":true,"href":"https:\/\/www.rucashk.com\/es\/wp-json\/wp\/v2\/product_cat?post=24142"},{"taxonomy":"product_tag","embeddable":true,"href":"https:\/\/www.rucashk.com\/es\/wp-json\/wp\/v2\/product_tag?post=24142"}],"curies":[{"name":"wp","href":"https:\/\/api.w.org\/{rel}","templated":true}]}}