{"id":24109,"date":"2024-01-09T16:00:59","date_gmt":"2024-01-09T16:00:59","guid":{"rendered":"http:\/\/rucashk.com\/?post_type=product&#038;p=24109"},"modified":"2024-03-13T06:48:05","modified_gmt":"2024-03-13T06:48:05","slug":"ninebot-one-c-electric-unicycle-wholesale","status":"publish","type":"product","link":"https:\/\/www.rucashk.com\/es\/producto\/ninebot-one-c-electric-unicycle-wholesale\/","title":{"rendered":"Monociclo el\u00e9ctrico Ninebot One C al por mayor"},"content":{"rendered":"<p><img fetchpriority=\"high\" decoding=\"async\" class=\"aligncenter\" src=\"\/wp-content\/uploads\/replace\/08bdafb168719de6920358853ccc95aa.jpeg\" alt=\"Ninebot One C Electric Unicycle\" width=\"600\" height=\"600\" \/><img decoding=\"async\" class=\"aligncenter\" src=\"\/wp-content\/uploads\/replace\/77889c7456b88220689a93b3a1f12c9f.jpeg\" alt=\"Ninebot One C Electric Unicycle\" width=\"800\" height=\"565\" \/><img decoding=\"async\" class=\"aligncenter\" src=\"\/wp-content\/uploads\/replace\/c917dfde8e31eac74bdb86ec24dddd68.jpeg\" alt=\"Ninebot One C Electric Unicycle\" width=\"800\" height=\"544\" \/><img loading=\"lazy\" decoding=\"async\" class=\"aligncenter\" src=\"\/wp-content\/uploads\/replace\/a2bf7d2c3b26c49bce082057111b118d.jpeg\" alt=\"Ninebot One C Electric Unicycle\" width=\"800\" height=\"477\" \/><img loading=\"lazy\" decoding=\"async\" class=\"aligncenter\" src=\"\/wp-content\/uploads\/replace\/ec734cdccf0cba6e966e351d19f0b8a1.jpeg\" alt=\"Ninebot One C Electric Unicycle\" width=\"800\" height=\"465\" \/><img loading=\"lazy\" decoding=\"async\" class=\"aligncenter\" src=\"\/wp-content\/uploads\/replace\/a17875cd5f6729f4943c8d7926766168.jpeg\" alt=\"Ninebot One C Electric Unicycle\" width=\"800\" height=\"440\" \/><img loading=\"lazy\" decoding=\"async\" class=\"aligncenter\" src=\"\/wp-content\/uploads\/replace\/a3b20f3f65db4c2e4c2ef0554a37716d.jpeg\" alt=\"Ninebot One C Electric Unicycle\" width=\"800\" height=\"441\" \/><img loading=\"lazy\" decoding=\"async\" class=\"aligncenter\" src=\"\/wp-content\/uploads\/replace\/2aac05c4b1e8dd8a2cc95097478fb5f9.jpeg\" alt=\"Ninebot One C Electric Unicycle\" width=\"801\" height=\"429\" \/><img loading=\"lazy\" decoding=\"async\" class=\"aligncenter\" src=\"\/wp-content\/uploads\/replace\/ae304a0116c06f9479abb0e314c72f45.jpeg\" alt=\"Ninebot One C Electric Unicycle\" width=\"800\" height=\"390\" \/><img loading=\"lazy\" decoding=\"async\" class=\"aligncenter\" src=\"\/wp-content\/uploads\/replace\/5e15ce4907e3028112dbe5a2e1649890.jpeg\" alt=\"Ninebot One C Electric Unicycle\" width=\"800\" height=\"446\" \/><img loading=\"lazy\" decoding=\"async\" class=\"aligncenter\" src=\"\/wp-content\/uploads\/replace\/d086481e0d7f8e3d9b8e6ab2015a74c8.jpeg\" alt=\"Ninebot One C Electric Unicycle\" width=\"800\" height=\"454\" \/><\/p>\n<p>Ninebot One es un dispositivo de transporte personal inteligente, moderno y port\u00e1til. Con tu transportador personal Ninebot One, podr\u00e1s despedirte de las multitudes y disfrutar de la libertad y el placer, siendo el due\u00f1o de tus viajes.<\/p>\n<p>Este modelo en particular, si bien no tiene el alcance o la velocidad del E+, s\u00ed tiene una bater\u00eda que cumple con los l\u00edmites de vuelo de la TSA para bater\u00edas de iones de litio con una bater\u00eda de 150 wh, est\u00e1 10 wh por debajo del l\u00edmite de 160 wh de la TSA. En resumen, en el sitio web de la TSA dice que puedes llevar esto y su bater\u00eda en tu vuelo. Si intentan decirte que no puedes sacar la bater\u00eda, ponerla en la bolsa de tu computadora port\u00e1til y poner tu NineBot One C+ en tu equipaje facturado.<\/p>","protected":false},"excerpt":{"rendered":"<div class=\"title\"><strong>Especificaciones de productos<\/strong><\/div>\n<div class=\"table-wrapper\">\n<table class=\"data-table\">\n<colgroup>\n<col width=\"25%\" \/>\n<col \/><\/colgroup>\n<tbody>\n<tr class=\"odd\">\n<td class=\"spec-name\">Rango<\/td>\n<td class=\"spec-value\">10 millas<\/td>\n<\/tr>\n<tr class=\"even\">\n<td class=\"spec-name\">Velocidad m\u00e1xima<\/td>\n<td class=\"spec-value\">9 mph<\/td>\n<\/tr>\n<tr class=\"odd\">\n<td class=\"spec-name\">Tiempo de carga<\/td>\n<td class=\"spec-value\">2,5 horas<\/td>\n<\/tr>\n<tr class=\"even\">\n<td class=\"spec-name\">Tama\u00f1o de la bater\u00eda<\/td>\n<td class=\"spec-value\">150wh<\/td>\n<\/tr>\n<tr class=\"odd\">\n<td class=\"spec-name\">Peso<\/td>\n<td class=\"spec-value\">30 libras<\/td>\n<\/tr>\n<tr class=\"even\">\n<td class=\"spec-name\">M\u00e1ximo de carga \u00fatil<\/td>\n<td class=\"spec-value\">264 libras<\/td>\n<\/tr>\n<\/tbody>\n<\/table>\n<\/div>","protected":false},"featured_media":24235,"template":"","meta":[],"product_brand":[],"product_cat":[1321,1305],"product_tag":[1028],"class_list":{"0":"post-24109","1":"product","2":"type-product","3":"status-publish","4":"has-post-thumbnail","6":"product_cat-sports","7":"product_cat-xiaomi-eco","8":"product_tag-ninebot-one-c-electric-unicycle","10":"first","11":"instock","12":"shipping-taxable","13":"product-type-external"},"aioseo_notices":[],"aioseo_head":"\n\t\t<!-- All in One SEO Pro 4.5.9.2 - aioseo.com -->\n\t\t<meta name=\"description\" content=\"Products specifications Range 10 Miles Top Speed 9 mph Charge Time 2.5 Hours Battery Size 150 wh Weight 30 lbs Max PayLoad 264 lbs\" \/>\n\t\t<meta name=\"robots\" content=\"max-image-preview:large\" \/>\n\t\t<link rel=\"canonical\" href=\"https:\/\/www.rucashk.com\/es\/producto\/ninebot-one-c-electric-unicycle-wholesale\/\" \/>\n\t\t<meta name=\"generator\" content=\"All in One SEO Pro (AIOSEO) 4.5.9.2\" \/>\n\t\t<meta property=\"og:locale\" content=\"es_ES\" \/>\n\t\t<meta property=\"og:site_name\" content=\"Rucas - One-stop AIoT Distribution Worldwide\" \/>\n\t\t<meta property=\"og:type\" content=\"article\" \/>\n\t\t<meta property=\"og:title\" content=\"Ninebot One C Electric Unicycle Wholesale - Rucas - Wholesale and Distribution\" \/>\n\t\t<meta property=\"og:description\" content=\"Products specifications Range 10 Miles Top Speed 9 mph Charge Time 2.5 Hours Battery Size 150 wh Weight 30 lbs Max PayLoad 264 lbs\" \/>\n\t\t<meta property=\"og:url\" content=\"https:\/\/www.rucashk.com\/es\/producto\/ninebot-one-c-electric-unicycle-wholesale\/\" \/>\n\t\t<meta property=\"og:image\" content=\"https:\/\/www.rucashk.com\/wp-content\/uploads\/replace\/503b8e645f128a97ccde2b6290747646.jpeg\" \/>\n\t\t<meta property=\"og:image:secure_url\" content=\"https:\/\/www.rucashk.com\/wp-content\/uploads\/replace\/503b8e645f128a97ccde2b6290747646.jpeg\" \/>\n\t\t<meta property=\"og:image:width\" content=\"1456\" \/>\n\t\t<meta property=\"og:image:height\" content=\"816\" \/>\n\t\t<meta property=\"article:published_time\" content=\"2024-01-09T16:00:59+00:00\" \/>\n\t\t<meta property=\"article:modified_time\" content=\"2024-03-13T06:48:05+00:00\" \/>\n\t\t<meta name=\"twitter:card\" content=\"summary_large_image\" \/>\n\t\t<meta name=\"twitter:title\" content=\"Ninebot One C Electric Unicycle Wholesale - Rucas - Wholesale and Distribution\" \/>\n\t\t<meta name=\"twitter:description\" content=\"Products specifications Range 10 Miles Top Speed 9 mph Charge Time 2.5 Hours Battery Size 150 wh Weight 30 lbs Max PayLoad 264 lbs\" \/>\n\t\t<meta name=\"twitter:image\" content=\"https:\/\/www.rucashk.com\/wp-content\/uploads\/replace\/503b8e645f128a97ccde2b6290747646.jpeg\" \/>\n\t\t<script type=\"application\/ld+json\" class=\"aioseo-schema\">\n\t\t\t{\"@context\":\"https:\\\/\\\/schema.org\",\"@graph\":[{\"@type\":\"BreadcrumbList\",\"@id\":\"https:\\\/\\\/www.rucashk.com\\\/es\\\/producto\\\/ninebot-one-c-electric-unicycle-wholesale\\\/#breadcrumblist\",\"itemListElement\":[{\"@type\":\"ListItem\",\"@id\":\"https:\\\/\\\/www.rucashk.com\\\/es\\\/#listItem\",\"position\":1,\"name\":\"Home\",\"item\":\"https:\\\/\\\/www.rucashk.com\\\/es\\\/\",\"nextItem\":\"https:\\\/\\\/www.rucashk.com\\\/es\\\/producto\\\/ninebot-one-c-electric-unicycle-wholesale\\\/#listItem\"},{\"@type\":\"ListItem\",\"@id\":\"https:\\\/\\\/www.rucashk.com\\\/es\\\/producto\\\/ninebot-one-c-electric-unicycle-wholesale\\\/#listItem\",\"position\":2,\"name\":\"Ninebot One C Electric Unicycle Wholesale\",\"previousItem\":\"https:\\\/\\\/www.rucashk.com\\\/es\\\/#listItem\"}]},{\"@type\":\"Organization\",\"@id\":\"https:\\\/\\\/www.rucashk.com\\\/es\\\/#organization\",\"name\":\"Rucas\",\"url\":\"https:\\\/\\\/www.rucashk.com\\\/es\\\/\",\"logo\":{\"@type\":\"ImageObject\",\"url\":\"https:\\\/\\\/www.rucashk.com\\\/wp-content\\\/uploads\\\/2023\\\/12\\\/Rucas_campany_logo.png\",\"@id\":\"https:\\\/\\\/www.rucashk.com\\\/es\\\/producto\\\/ninebot-one-c-electric-unicycle-wholesale\\\/#organizationLogo\",\"width\":221,\"height\":65},\"image\":{\"@id\":\"https:\\\/\\\/www.rucashk.com\\\/es\\\/#organizationLogo\"}},{\"@type\":\"Person\",\"@id\":\"https:\\\/\\\/www.rucashk.com\\\/es\\\/author\\\/admin\\\/#author\",\"url\":\"https:\\\/\\\/www.rucashk.com\\\/es\\\/author\\\/admin\\\/\",\"name\":\"admin\",\"image\":{\"@type\":\"ImageObject\",\"@id\":\"https:\\\/\\\/www.rucashk.com\\\/es\\\/producto\\\/ninebot-one-c-electric-unicycle-wholesale\\\/#authorImage\",\"url\":\"https:\\\/\\\/secure.gravatar.com\\\/avatar\\\/b7c8925b09a27e72b30232f8ecaadbd5af0f70a38c78096863fe51b64f031c24?s=96&d=mm&r=g\",\"width\":96,\"height\":96,\"caption\":\"admin\"}},{\"@type\":\"WebPage\",\"@id\":\"https:\\\/\\\/www.rucashk.com\\\/es\\\/producto\\\/ninebot-one-c-electric-unicycle-wholesale\\\/#webpage\",\"url\":\"https:\\\/\\\/www.rucashk.com\\\/es\\\/producto\\\/ninebot-one-c-electric-unicycle-wholesale\\\/\",\"name\":\"Ninebot One C Electric Unicycle Wholesale - Rucas - Wholesale and Distribution\",\"description\":\"Products specifications Range 10 Miles Top Speed 9 mph Charge Time 2.5 Hours Battery Size 150 wh Weight 30 lbs Max PayLoad 264 lbs\",\"inLanguage\":\"es-ES\",\"isPartOf\":{\"@id\":\"https:\\\/\\\/www.rucashk.com\\\/es\\\/#website\"},\"breadcrumb\":{\"@id\":\"https:\\\/\\\/www.rucashk.com\\\/es\\\/producto\\\/ninebot-one-c-electric-unicycle-wholesale\\\/#breadcrumblist\"},\"author\":{\"@id\":\"https:\\\/\\\/www.rucashk.com\\\/es\\\/author\\\/admin\\\/#author\"},\"creator\":{\"@id\":\"https:\\\/\\\/www.rucashk.com\\\/es\\\/author\\\/admin\\\/#author\"},\"image\":{\"@type\":\"ImageObject\",\"url\":\"https:\\\/\\\/www.rucashk.com\\\/wp-content\\\/uploads\\\/2024\\\/01\\\/3_\\u526f\\u672c-9-1.jpg\",\"@id\":\"https:\\\/\\\/www.rucashk.com\\\/es\\\/producto\\\/ninebot-one-c-electric-unicycle-wholesale\\\/#mainImage\",\"width\":800,\"height\":800},\"primaryImageOfPage\":{\"@id\":\"https:\\\/\\\/www.rucashk.com\\\/es\\\/producto\\\/ninebot-one-c-electric-unicycle-wholesale\\\/#mainImage\"},\"datePublished\":\"2024-01-09T16:00:59+00:00\",\"dateModified\":\"2024-03-13T06:48:05+00:00\"},{\"@type\":\"WebSite\",\"@id\":\"https:\\\/\\\/www.rucashk.com\\\/es\\\/#website\",\"url\":\"https:\\\/\\\/www.rucashk.com\\\/es\\\/\",\"name\":\"Rucas - Wholesale and distribution worldwide\",\"alternateName\":\"Rucas - One-stop AIoT Distribution Worldwide\",\"description\":\"One-stop AIoT Distribution Worldwide\",\"inLanguage\":\"es-ES\",\"publisher\":{\"@id\":\"https:\\\/\\\/www.rucashk.com\\\/es\\\/#organization\"}}]}\n\t\t<\/script>\n\t\t<!-- All in One SEO Pro -->\r\n\t\t<title>Ninebot One C Electric Unicycle Wholesale - Rucas - Wholesale and Distribution<\/title>\n\n","aioseo_head_json":{"title":"Ninebot One C Electric Unicycle Wholesale - Rucas - Wholesale and Distribution","description":"Products specifications Range 10 Miles Top Speed 9 mph Charge Time 2.5 Hours Battery Size 150 wh Weight 30 lbs Max PayLoad 264 lbs","canonical_url":"https:\/\/www.rucashk.com\/es\/producto\/ninebot-one-c-electric-unicycle-wholesale\/","robots":"max-image-preview:large","keywords":"","webmasterTools":{"miscellaneous":""},"og:locale":"es_ES","og:site_name":"Rucas - One-stop AIoT Distribution Worldwide","og:type":"article","og:title":"Ninebot One C Electric Unicycle Wholesale - Rucas - Wholesale and Distribution","og:description":"Products specifications Range 10 Miles Top Speed 9 mph Charge Time 2.5 Hours Battery Size 150 wh Weight 30 lbs Max PayLoad 264 lbs","og:url":"https:\/\/www.rucashk.com\/es\/producto\/ninebot-one-c-electric-unicycle-wholesale\/","og:image":"https:\/\/www.rucashk.com\/wp-content\/uploads\/replace\/503b8e645f128a97ccde2b6290747646.jpeg","og:image:secure_url":"https:\/\/www.rucashk.com\/wp-content\/uploads\/replace\/503b8e645f128a97ccde2b6290747646.jpeg","og:image:width":1456,"og:image:height":816,"article:published_time":"2024-01-09T16:00:59+00:00","article:modified_time":"2024-03-13T06:48:05+00:00","twitter:card":"summary_large_image","twitter:title":"Ninebot One C Electric Unicycle Wholesale - Rucas - Wholesale and Distribution","twitter:description":"Products specifications Range 10 Miles Top Speed 9 mph Charge Time 2.5 Hours Battery Size 150 wh Weight 30 lbs Max PayLoad 264 lbs","twitter:image":"https:\/\/www.rucashk.com\/wp-content\/uploads\/replace\/503b8e645f128a97ccde2b6290747646.jpeg","schema":{"@context":"https:\/\/schema.org","@graph":[{"@type":"BreadcrumbList","@id":"https:\/\/www.rucashk.com\/es\/producto\/ninebot-one-c-electric-unicycle-wholesale\/#breadcrumblist","itemListElement":[{"@type":"ListItem","@id":"https:\/\/www.rucashk.com\/es\/#listItem","position":1,"name":"Home","item":"https:\/\/www.rucashk.com\/es\/","nextItem":"https:\/\/www.rucashk.com\/es\/producto\/ninebot-one-c-electric-unicycle-wholesale\/#listItem"},{"@type":"ListItem","@id":"https:\/\/www.rucashk.com\/es\/producto\/ninebot-one-c-electric-unicycle-wholesale\/#listItem","position":2,"name":"Ninebot One C Electric Unicycle Wholesale","previousItem":"https:\/\/www.rucashk.com\/es\/#listItem"}]},{"@type":"Organization","@id":"https:\/\/www.rucashk.com\/es\/#organization","name":"Rucas","url":"https:\/\/www.rucashk.com\/es\/","logo":{"@type":"ImageObject","url":"https:\/\/www.rucashk.com\/wp-content\/uploads\/2023\/12\/Rucas_campany_logo.png","@id":"https:\/\/www.rucashk.com\/es\/producto\/ninebot-one-c-electric-unicycle-wholesale\/#organizationLogo","width":221,"height":65},"image":{"@id":"https:\/\/www.rucashk.com\/es\/#organizationLogo"}},{"@type":"Person","@id":"https:\/\/www.rucashk.com\/es\/author\/admin\/#author","url":"https:\/\/www.rucashk.com\/es\/author\/admin\/","name":"admin","image":{"@type":"ImageObject","@id":"https:\/\/www.rucashk.com\/es\/producto\/ninebot-one-c-electric-unicycle-wholesale\/#authorImage","url":"https:\/\/secure.gravatar.com\/avatar\/b7c8925b09a27e72b30232f8ecaadbd5af0f70a38c78096863fe51b64f031c24?s=96&d=mm&r=g","width":96,"height":96,"caption":"admin"}},{"@type":"WebPage","@id":"https:\/\/www.rucashk.com\/es\/producto\/ninebot-one-c-electric-unicycle-wholesale\/#webpage","url":"https:\/\/www.rucashk.com\/es\/producto\/ninebot-one-c-electric-unicycle-wholesale\/","name":"Ninebot One C Electric Unicycle Wholesale - Rucas - Wholesale and Distribution","description":"Products specifications Range 10 Miles Top Speed 9 mph Charge Time 2.5 Hours Battery Size 150 wh Weight 30 lbs Max PayLoad 264 lbs","inLanguage":"es-ES","isPartOf":{"@id":"https:\/\/www.rucashk.com\/es\/#website"},"breadcrumb":{"@id":"https:\/\/www.rucashk.com\/es\/producto\/ninebot-one-c-electric-unicycle-wholesale\/#breadcrumblist"},"author":{"@id":"https:\/\/www.rucashk.com\/es\/author\/admin\/#author"},"creator":{"@id":"https:\/\/www.rucashk.com\/es\/author\/admin\/#author"},"image":{"@type":"ImageObject","url":"https:\/\/www.rucashk.com\/wp-content\/uploads\/2024\/01\/3_\u526f\u672c-9-1.jpg","@id":"https:\/\/www.rucashk.com\/es\/producto\/ninebot-one-c-electric-unicycle-wholesale\/#mainImage","width":800,"height":800},"primaryImageOfPage":{"@id":"https:\/\/www.rucashk.com\/es\/producto\/ninebot-one-c-electric-unicycle-wholesale\/#mainImage"},"datePublished":"2024-01-09T16:00:59+00:00","dateModified":"2024-03-13T06:48:05+00:00"},{"@type":"WebSite","@id":"https:\/\/www.rucashk.com\/es\/#website","url":"https:\/\/www.rucashk.com\/es\/","name":"Rucas - Wholesale and distribution worldwide","alternateName":"Rucas - One-stop AIoT Distribution Worldwide","description":"One-stop AIoT Distribution Worldwide","inLanguage":"es-ES","publisher":{"@id":"https:\/\/www.rucashk.com\/es\/#organization"}}]}},"aioseo_meta_data":{"post_id":"24109","title":null,"description":null,"keywords":null,"keyphrases":null,"primary_term":null,"canonical_url":null,"og_title":null,"og_description":null,"og_object_type":"default","og_image_type":"default","og_image_url":null,"og_image_width":null,"og_image_height":null,"og_image_custom_url":null,"og_image_custom_fields":null,"og_video":null,"og_custom_url":null,"og_article_section":null,"og_article_tags":null,"twitter_use_og":false,"twitter_card":"default","twitter_image_type":"default","twitter_image_url":null,"twitter_image_custom_url":null,"twitter_image_custom_fields":null,"twitter_title":null,"twitter_description":null,"schema":{"blockGraphs":[],"customGraphs":[],"default":{"data":{"Article":[],"Course":[],"Dataset":[],"FAQPage":[],"Movie":[],"Person":[],"Product":[],"Recipe":[],"Service":[],"SoftwareApplication":[],"WebPage":[]},"graphName":"","isEnabled":true},"graphs":[]},"schema_type":"default","schema_type_options":null,"pillar_content":false,"robots_default":true,"robots_noindex":false,"robots_noarchive":false,"robots_nosnippet":false,"robots_nofollow":false,"robots_noimageindex":false,"robots_noodp":false,"robots_notranslate":false,"robots_max_snippet":null,"robots_max_videopreview":null,"robots_max_imagepreview":"large","priority":null,"frequency":null,"local_seo":null,"breadcrumb_settings":null,"limit_modified_date":false,"created":"2024-04-11 01:57:09","updated":"2025-06-22 17:23:32"},"aioseo_breadcrumb":"<div class=\"aioseo-breadcrumbs\"><span class=\"aioseo-breadcrumb\">\n\t<a href=\"https:\/\/www.rucashk.com\/es\" title=\"Home\">Home<\/a>\n<\/span><span class=\"aioseo-breadcrumb-separator\">&raquo;<\/span><span class=\"aioseo-breadcrumb\">\n\t<a href=\"https:\/\/www.rucashk.com\/es\/products\/\" title=\"Productos\">Productos<\/a>\n<\/span><span class=\"aioseo-breadcrumb-separator\">&raquo;<\/span><span class=\"aioseo-breadcrumb\">\n\t<a href=\"https:\/\/www.rucashk.com\/es\/categoria-producto\/xiaomi-eco\/\" title=\"Xiaomi Eco\">Xiaomi Eco<\/a>\n<\/span><span class=\"aioseo-breadcrumb-separator\">&raquo;<\/span><span class=\"aioseo-breadcrumb\">\n\t<a href=\"https:\/\/www.rucashk.com\/es\/categoria-producto\/xiaomi-eco\/sports\/\" title=\"Sports\">Sports<\/a>\n<\/span><span class=\"aioseo-breadcrumb-separator\">&raquo;<\/span><span class=\"aioseo-breadcrumb\">\n\tNinebot One C Electric Unicycle Wholesale\n<\/span><\/div>","aioseo_breadcrumb_json":[{"label":"Home","link":"https:\/\/www.rucashk.com\/es"},{"label":"Productos","link":"https:\/\/www.rucashk.com\/es\/products\/"},{"label":"Xiaomi Eco","link":"https:\/\/www.rucashk.com\/es\/categoria-producto\/xiaomi-eco\/"},{"label":"Sports","link":"https:\/\/www.rucashk.com\/es\/categoria-producto\/xiaomi-eco\/sports\/"},{"label":"Ninebot One C Electric Unicycle Wholesale","link":"https:\/\/www.rucashk.com\/es\/producto\/ninebot-one-c-electric-unicycle-wholesale\/"}],"_links":{"self":[{"href":"https:\/\/www.rucashk.com\/es\/wp-json\/wp\/v2\/product\/24109","targetHints":{"allow":["GET"]}}],"collection":[{"href":"https:\/\/www.rucashk.com\/es\/wp-json\/wp\/v2\/product"}],"about":[{"href":"https:\/\/www.rucashk.com\/es\/wp-json\/wp\/v2\/types\/product"}],"wp:featuredmedia":[{"embeddable":true,"href":"https:\/\/www.rucashk.com\/es\/wp-json\/wp\/v2\/media\/24235"}],"wp:attachment":[{"href":"https:\/\/www.rucashk.com\/es\/wp-json\/wp\/v2\/media?parent=24109"}],"wp:term":[{"taxonomy":"product_brand","embeddable":true,"href":"https:\/\/www.rucashk.com\/es\/wp-json\/wp\/v2\/product_brand?post=24109"},{"taxonomy":"product_cat","embeddable":true,"href":"https:\/\/www.rucashk.com\/es\/wp-json\/wp\/v2\/product_cat?post=24109"},{"taxonomy":"product_tag","embeddable":true,"href":"https:\/\/www.rucashk.com\/es\/wp-json\/wp\/v2\/product_tag?post=24109"}],"curies":[{"name":"wp","href":"https:\/\/api.w.org\/{rel}","templated":true}]}}