{"id":24108,"date":"2024-01-09T16:00:59","date_gmt":"2024-01-09T16:00:59","guid":{"rendered":"http:\/\/rucashk.com\/?post_type=product&#038;p=24108"},"modified":"2024-01-20T10:16:27","modified_gmt":"2024-01-20T10:16:27","slug":"xiaomi-led-light-strip-wholesale","status":"publish","type":"product","link":"https:\/\/www.rucashk.com\/es\/producto\/xiaomi-led-light-strip-wholesale\/","title":{"rendered":"Tira de luz LED Xiaomi al por mayor"},"content":{"rendered":"<p><img fetchpriority=\"high\" decoding=\"async\" class=\"product_lazy aligncenter\" src=\"https:\/\/www.rucashk.com\/wp-content\/uploads\/2020\/07\/24c2b2c8-90b3-4953-856c-5cdc1b87cf69.jpg\" alt=\"Xiaomi Led Light Strip\" width=\"1000\" height=\"1745\" data-original=\"\/\/img.gkbcdn.com\/s3\/d\/201808\/24c2b2c8-90b3-4953-856c-5cdc1b87cf69.jpg\" \/><img decoding=\"async\" class=\"product_lazy aligncenter\" src=\"https:\/\/www.rucashk.com\/wp-content\/uploads\/2020\/07\/ff2a3a2a-a56c-491f-b003-3f175a5c3306.jpg\" alt=\"Xiaomi Led Light Strip\" width=\"1000\" height=\"1411\" data-original=\"\/\/img.gkbcdn.com\/s3\/d\/201808\/ff2a3a2a-a56c-491f-b003-3f175a5c3306.jpg\" \/><img decoding=\"async\" class=\"product_lazy aligncenter\" src=\"https:\/\/www.rucashk.com\/wp-content\/uploads\/2020\/07\/dcbbb072-9f2c-4ed4-a79b-26f68c2fa0ff.jpg\" alt=\"Xiaomi Led Light Strip\" width=\"1000\" height=\"1520\" data-original=\"\/\/img.gkbcdn.com\/s3\/d\/201808\/dcbbb072-9f2c-4ed4-a79b-26f68c2fa0ff.jpg\" \/><img loading=\"lazy\" decoding=\"async\" class=\"product_lazy aligncenter\" src=\"https:\/\/www.rucashk.com\/wp-content\/uploads\/2020\/07\/82209e5d-4a06-4bba-a699-97f1169fb1ff.jpg\" alt=\"Xiaomi Led Light Strip\" width=\"1000\" height=\"1510\" data-original=\"\/\/img.gkbcdn.com\/s3\/d\/201808\/82209e5d-4a06-4bba-a699-97f1169fb1ff.jpg\" \/><img loading=\"lazy\" decoding=\"async\" class=\"product_lazy aligncenter\" src=\"https:\/\/www.rucashk.com\/wp-content\/uploads\/2020\/07\/a12ed5bc-7d68-4a3c-a7c9-7357b3292df9.jpg\" alt=\"Xiaomi Led Light Strip\" width=\"1000\" height=\"1307\" data-original=\"\/\/img.gkbcdn.com\/s3\/d\/201808\/a12ed5bc-7d68-4a3c-a7c9-7357b3292df9.jpg\" \/><img loading=\"lazy\" decoding=\"async\" class=\"product_lazy aligncenter\" src=\"https:\/\/www.rucashk.com\/wp-content\/uploads\/2020\/07\/3232e2fe-7dba-434c-9588-e6d66f3d5a97.jpg\" alt=\"Xiaomi Led Light Strip\" width=\"1000\" height=\"1423\" data-original=\"\/\/img.gkbcdn.com\/s3\/d\/201808\/3232e2fe-7dba-434c-9588-e6d66f3d5a97.jpg\" \/><img loading=\"lazy\" decoding=\"async\" class=\"product_lazy aligncenter\" src=\"https:\/\/www.rucashk.com\/wp-content\/uploads\/2020\/07\/5ed1fc84-d641-4a2e-8631-d2274f7cfea2.jpg\" alt=\"Xiaomi Led Light Strip\" width=\"1000\" height=\"1171\" data-original=\"\/\/img.gkbcdn.com\/s3\/d\/201808\/5ed1fc84-d641-4a2e-8631-d2274f7cfea2.jpg\" \/><img loading=\"lazy\" decoding=\"async\" class=\"product_lazy aligncenter\" src=\"https:\/\/www.rucashk.com\/wp-content\/uploads\/2020\/07\/a499c4a2-85b2-447b-a1ec-c07db88b7457.jpg\" alt=\"Xiaomi Led Light Strip\" width=\"1000\" height=\"1269\" data-original=\"\/\/img.gkbcdn.com\/s3\/d\/201808\/a499c4a2-85b2-447b-a1ec-c07db88b7457.jpg\" \/><\/p>\n<h2>Especificaci\u00f3n<\/h2>\n<table border=\"1\" cellspacing=\"0\" cellpadding=\"5\">\n<tbody>\n<tr>\n<td><strong>General<\/strong><\/td>\n<td>Marca: Yeelight<br \/>\nTipo: tira de luz el\u00e9ctrica<br \/>\nModelo: YLDD04YL<br \/>\nColor blanco<\/td>\n<\/tr>\n<tr>\n<td><strong>Especificaci\u00f3n<\/strong><\/td>\n<td>Potencia de salida: 7,5 W<br \/>\nVoltaje (V): CA 100-240 V<br \/>\nTemperatura de color o longitud de onda: Blanco fr\u00edo: 6000 \u2013 6500k<br \/>\nBlanco c\u00e1lido: 3000 \u2013 3500k; Rojo: 760 \u2013 622 nm<br \/>\nNaranja: 622 \u2013 597 nm; Amarillo: 597 \u2013 577 nm<br \/>\nVerde: 577 \u2013 492 nm; Azul: 450 \u2013 435 nm<br \/>\nP\u00farpura: 435 \u2013 390 nm<br \/>\nCaracter\u00edsticas: Control APP,F\u00e1cil de usar,Ahorro de energ\u00eda,Ligero,WiFi<br \/>\nFunci\u00f3n: Iluminaci\u00f3n comercial,Iluminaci\u00f3n del hogar<br \/>\nColor de luz disponible: RGB<br \/>\nMaterial del revestimiento: aleaci\u00f3n de aluminio 6063<\/td>\n<\/tr>\n<\/tbody>\n<\/table>\n<p><strong>Reflejos<\/strong><br \/>\nSi ha estado buscando algo para crear el ambiente en su hogar, ya sea para una fiesta, una velada rom\u00e1ntica o un ambiente agradable, la nueva Yeelight Smart Light Strip definitivamente le resultar\u00e1 \u00fatil. B\u00e1sicamente es una tira flexible que se puede adherir a cualquier rinc\u00f3n de tu hogar, iluminando la regi\u00f3n con diferentes colores. Con conexi\u00f3n WiFi, podr\u00e1s elegir entre 16 millones de colores y tener un control especial en tu smartphone.<br \/>\n<strong>Iluminaci\u00f3n ambiental de bricolaje<\/strong><br \/>\nFiesta de 16 millones de colores. Crea el ambiente adecuado para cualquier momento. Crea el ambiente, cambia el ambiente, si\u00e9ntete diferente, si\u00e9ntete mejor<br \/>\n<strong>Flexible, adhesivo y cortable<\/strong><br \/>\nSimplemente retire la cinta adhesiva en la parte posterior de la tira de luz, p\u00e9guela en cualquier lugar que desee, conecte el cargador y encienda la luz.<br \/>\n<strong>Conecta y reproduce<\/strong><br \/>\nDoble, d\u00e9 forma y fije su tira de luz inteligente Yeelight para resaltar elementos de su habitaci\u00f3n y crear efectos de luz indirecta completamente nuevos.<br \/>\n<strong>Operaci\u00f3n con una sola tecla<\/strong><br \/>\nToque ligeramente para encenderlo o apagarlo, presione prolongadamente para cambiar de color. Consigue la tira de luces inteligente Yeelight y disfruta de una vida colorida<br \/>\n<strong>Agrega algo de m\u00fasica<\/strong><br \/>\nSe trata de hacer que las luces bailen en sincron\u00eda con la m\u00fasica. Descarga la aplicaci\u00f3n Yeelight Smart Light Strip y comienza tu viaje m\u00e1gico<\/p>","protected":false},"excerpt":{"rendered":"<p><strong>Conexi\u00f3n inal\u00e1mbrica<\/strong><br \/>\nConstruya su sistema de iluminaci\u00f3n inal\u00e1mbrico personal. Yeelight Smart Light Strip se puede vincular con una variedad de dispositivos Mi Smart Home para obtener una experiencia maravillosa<br \/>\n<strong>Mano de obra fina<\/strong><br \/>\nHecho de material PU suave sin mercurio, alta transmitancia de luz y resistencia a la oxidaci\u00f3n<br \/>\n<strong>Divi\u00e9rtete m\u00e1s<\/strong><br \/>\n16 millones de colores\/ajuste de brillo\/operaci\u00f3n con una tecla\/escenas inteligentes\/funci\u00f3n de temporizador\/interruptor de retardo\/control de aplicaciones\/actualizaci\u00f3n de firmware<br \/>\n<strong>Admite costuras, libres y flexibles, y puede cubrir superficies m\u00e1s largas de objetos.<\/strong><\/p>","protected":false},"featured_media":24230,"template":"","meta":[],"product_brand":[],"product_cat":[1318,1305],"product_tag":[1027],"class_list":{"0":"post-24108","1":"product","2":"type-product","3":"status-publish","4":"has-post-thumbnail","6":"product_cat-gadgets","7":"product_cat-xiaomi-eco","8":"product_tag-xiaomi-led-light-strip","10":"first","11":"instock","12":"shipping-taxable","13":"product-type-external"},"aioseo_notices":[],"aioseo_head":"\n\t\t<!-- All in One SEO Pro 4.5.9.2 - aioseo.com -->\n\t\t<meta name=\"description\" content=\"Wireless Connection Build your personal wireless lighting system. Yeelight Smart Light Strip can link with a variety of Mi Smart Home devices to get wonderful experience Fine Workmanship Made of mercury-free soft PU material, high light transmittance and oxidation resistance Have more fun 16 million colors \/ brightness adjustment \/ one key operation \/ intelligent scenes \/ timer function \/ delay switch \/ App control \/ firmware upgrade It supports stitching, free and flexible, and can cover longer surface of objects\" \/>\n\t\t<meta name=\"robots\" content=\"max-image-preview:large\" \/>\n\t\t<link rel=\"canonical\" href=\"https:\/\/www.rucashk.com\/es\/producto\/xiaomi-led-light-strip-wholesale\/\" \/>\n\t\t<meta name=\"generator\" content=\"All in One SEO Pro (AIOSEO) 4.5.9.2\" \/>\n\t\t<meta property=\"og:locale\" content=\"es_ES\" \/>\n\t\t<meta property=\"og:site_name\" content=\"Rucas - One-stop AIoT Distribution Worldwide\" \/>\n\t\t<meta property=\"og:type\" content=\"article\" \/>\n\t\t<meta property=\"og:title\" content=\"Xiaomi Led Light Strip Wholesale - Rucas - Wholesale and Distribution\" \/>\n\t\t<meta property=\"og:description\" content=\"Wireless Connection Build your personal wireless lighting system. Yeelight Smart Light Strip can link with a variety of Mi Smart Home devices to get wonderful experience Fine Workmanship Made of mercury-free soft PU material, high light transmittance and oxidation resistance Have more fun 16 million colors \/ brightness adjustment \/ one key operation \/ intelligent scenes \/ timer function \/ delay switch \/ App control \/ firmware upgrade It supports stitching, free and flexible, and can cover longer surface of objects\" \/>\n\t\t<meta property=\"og:url\" content=\"https:\/\/www.rucashk.com\/es\/producto\/xiaomi-led-light-strip-wholesale\/\" \/>\n\t\t<meta property=\"og:image\" content=\"https:\/\/www.rucashk.com\/wp-content\/uploads\/replace\/503b8e645f128a97ccde2b6290747646.jpeg\" \/>\n\t\t<meta property=\"og:image:secure_url\" content=\"https:\/\/www.rucashk.com\/wp-content\/uploads\/replace\/503b8e645f128a97ccde2b6290747646.jpeg\" \/>\n\t\t<meta property=\"og:image:width\" content=\"1456\" \/>\n\t\t<meta property=\"og:image:height\" content=\"816\" \/>\n\t\t<meta property=\"article:published_time\" content=\"2024-01-09T16:00:59+00:00\" \/>\n\t\t<meta property=\"article:modified_time\" content=\"2024-01-20T10:16:27+00:00\" \/>\n\t\t<meta name=\"twitter:card\" content=\"summary_large_image\" \/>\n\t\t<meta name=\"twitter:title\" content=\"Xiaomi Led Light Strip Wholesale - Rucas - Wholesale and Distribution\" \/>\n\t\t<meta name=\"twitter:description\" content=\"Wireless Connection Build your personal wireless lighting system. Yeelight Smart Light Strip can link with a variety of Mi Smart Home devices to get wonderful experience Fine Workmanship Made of mercury-free soft PU material, high light transmittance and oxidation resistance Have more fun 16 million colors \/ brightness adjustment \/ one key operation \/ intelligent scenes \/ timer function \/ delay switch \/ App control \/ firmware upgrade It supports stitching, free and flexible, and can cover longer surface of objects\" \/>\n\t\t<meta name=\"twitter:image\" content=\"https:\/\/www.rucashk.com\/wp-content\/uploads\/replace\/503b8e645f128a97ccde2b6290747646.jpeg\" \/>\n\t\t<script type=\"application\/ld+json\" class=\"aioseo-schema\">\n\t\t\t{\"@context\":\"https:\\\/\\\/schema.org\",\"@graph\":[{\"@type\":\"BreadcrumbList\",\"@id\":\"https:\\\/\\\/www.rucashk.com\\\/es\\\/producto\\\/xiaomi-led-light-strip-wholesale\\\/#breadcrumblist\",\"itemListElement\":[{\"@type\":\"ListItem\",\"@id\":\"https:\\\/\\\/www.rucashk.com\\\/es\\\/#listItem\",\"position\":1,\"name\":\"Home\",\"item\":\"https:\\\/\\\/www.rucashk.com\\\/es\\\/\",\"nextItem\":\"https:\\\/\\\/www.rucashk.com\\\/es\\\/producto\\\/xiaomi-led-light-strip-wholesale\\\/#listItem\"},{\"@type\":\"ListItem\",\"@id\":\"https:\\\/\\\/www.rucashk.com\\\/es\\\/producto\\\/xiaomi-led-light-strip-wholesale\\\/#listItem\",\"position\":2,\"name\":\"Xiaomi Led Light Strip Wholesale\",\"previousItem\":\"https:\\\/\\\/www.rucashk.com\\\/es\\\/#listItem\"}]},{\"@type\":\"Organization\",\"@id\":\"https:\\\/\\\/www.rucashk.com\\\/es\\\/#organization\",\"name\":\"Rucas\",\"url\":\"https:\\\/\\\/www.rucashk.com\\\/es\\\/\",\"logo\":{\"@type\":\"ImageObject\",\"url\":\"https:\\\/\\\/www.rucashk.com\\\/wp-content\\\/uploads\\\/2023\\\/12\\\/Rucas_campany_logo.png\",\"@id\":\"https:\\\/\\\/www.rucashk.com\\\/es\\\/producto\\\/xiaomi-led-light-strip-wholesale\\\/#organizationLogo\",\"width\":221,\"height\":65},\"image\":{\"@id\":\"https:\\\/\\\/www.rucashk.com\\\/es\\\/#organizationLogo\"}},{\"@type\":\"Person\",\"@id\":\"https:\\\/\\\/www.rucashk.com\\\/es\\\/author\\\/admin\\\/#author\",\"url\":\"https:\\\/\\\/www.rucashk.com\\\/es\\\/author\\\/admin\\\/\",\"name\":\"admin\",\"image\":{\"@type\":\"ImageObject\",\"@id\":\"https:\\\/\\\/www.rucashk.com\\\/es\\\/producto\\\/xiaomi-led-light-strip-wholesale\\\/#authorImage\",\"url\":\"https:\\\/\\\/secure.gravatar.com\\\/avatar\\\/b7c8925b09a27e72b30232f8ecaadbd5af0f70a38c78096863fe51b64f031c24?s=96&d=mm&r=g\",\"width\":96,\"height\":96,\"caption\":\"admin\"}},{\"@type\":\"WebPage\",\"@id\":\"https:\\\/\\\/www.rucashk.com\\\/es\\\/producto\\\/xiaomi-led-light-strip-wholesale\\\/#webpage\",\"url\":\"https:\\\/\\\/www.rucashk.com\\\/es\\\/producto\\\/xiaomi-led-light-strip-wholesale\\\/\",\"name\":\"Xiaomi Led Light Strip Wholesale - Rucas - Wholesale and Distribution\",\"description\":\"Wireless Connection Build your personal wireless lighting system. Yeelight Smart Light Strip can link with a variety of Mi Smart Home devices to get wonderful experience Fine Workmanship Made of mercury-free soft PU material, high light transmittance and oxidation resistance Have more fun 16 million colors \\\/ brightness adjustment \\\/ one key operation \\\/ intelligent scenes \\\/ timer function \\\/ delay switch \\\/ App control \\\/ firmware upgrade It supports stitching, free and flexible, and can cover longer surface of objects\",\"inLanguage\":\"es-ES\",\"isPartOf\":{\"@id\":\"https:\\\/\\\/www.rucashk.com\\\/es\\\/#website\"},\"breadcrumb\":{\"@id\":\"https:\\\/\\\/www.rucashk.com\\\/es\\\/producto\\\/xiaomi-led-light-strip-wholesale\\\/#breadcrumblist\"},\"author\":{\"@id\":\"https:\\\/\\\/www.rucashk.com\\\/es\\\/author\\\/admin\\\/#author\"},\"creator\":{\"@id\":\"https:\\\/\\\/www.rucashk.com\\\/es\\\/author\\\/admin\\\/#author\"},\"image\":{\"@type\":\"ImageObject\",\"url\":\"https:\\\/\\\/www.rucashk.com\\\/wp-content\\\/uploads\\\/2024\\\/01\\\/Banda-de-luz-RGB-Yeelight-Xiaomi-tira-de-luz-LED-inteligente-Aplicaci-n-de-hogar-inteligente.jpg\",\"@id\":\"https:\\\/\\\/www.rucashk.com\\\/es\\\/producto\\\/xiaomi-led-light-strip-wholesale\\\/#mainImage\",\"width\":1000,\"height\":1000},\"primaryImageOfPage\":{\"@id\":\"https:\\\/\\\/www.rucashk.com\\\/es\\\/producto\\\/xiaomi-led-light-strip-wholesale\\\/#mainImage\"},\"datePublished\":\"2024-01-09T16:00:59+00:00\",\"dateModified\":\"2024-01-20T10:16:27+00:00\"},{\"@type\":\"WebSite\",\"@id\":\"https:\\\/\\\/www.rucashk.com\\\/es\\\/#website\",\"url\":\"https:\\\/\\\/www.rucashk.com\\\/es\\\/\",\"name\":\"Rucas - Wholesale and distribution worldwide\",\"alternateName\":\"Rucas - One-stop AIoT Distribution Worldwide\",\"description\":\"One-stop AIoT Distribution Worldwide\",\"inLanguage\":\"es-ES\",\"publisher\":{\"@id\":\"https:\\\/\\\/www.rucashk.com\\\/es\\\/#organization\"}}]}\n\t\t<\/script>\n\t\t<!-- All in One SEO Pro -->\r\n\t\t<title>Xiaomi Led Light Strip Wholesale - Rucas - Wholesale and Distribution<\/title>\n\n","aioseo_head_json":{"title":"Xiaomi Led Light Strip Wholesale - Rucas - Wholesale and Distribution","description":"Wireless Connection Build your personal wireless lighting system. Yeelight Smart Light Strip can link with a variety of Mi Smart Home devices to get wonderful experience Fine Workmanship Made of mercury-free soft PU material, high light transmittance and oxidation resistance Have more fun 16 million colors \/ brightness adjustment \/ one key operation \/ intelligent scenes \/ timer function \/ delay switch \/ App control \/ firmware upgrade It supports stitching, free and flexible, and can cover longer surface of objects","canonical_url":"https:\/\/www.rucashk.com\/es\/producto\/xiaomi-led-light-strip-wholesale\/","robots":"max-image-preview:large","keywords":"","webmasterTools":{"miscellaneous":""},"og:locale":"es_ES","og:site_name":"Rucas - One-stop AIoT Distribution Worldwide","og:type":"article","og:title":"Xiaomi Led Light Strip Wholesale - Rucas - Wholesale and Distribution","og:description":"Wireless Connection Build your personal wireless lighting system. Yeelight Smart Light Strip can link with a variety of Mi Smart Home devices to get wonderful experience Fine Workmanship Made of mercury-free soft PU material, high light transmittance and oxidation resistance Have more fun 16 million colors \/ brightness adjustment \/ one key operation \/ intelligent scenes \/ timer function \/ delay switch \/ App control \/ firmware upgrade It supports stitching, free and flexible, and can cover longer surface of objects","og:url":"https:\/\/www.rucashk.com\/es\/producto\/xiaomi-led-light-strip-wholesale\/","og:image":"https:\/\/www.rucashk.com\/wp-content\/uploads\/replace\/503b8e645f128a97ccde2b6290747646.jpeg","og:image:secure_url":"https:\/\/www.rucashk.com\/wp-content\/uploads\/replace\/503b8e645f128a97ccde2b6290747646.jpeg","og:image:width":1456,"og:image:height":816,"article:published_time":"2024-01-09T16:00:59+00:00","article:modified_time":"2024-01-20T10:16:27+00:00","twitter:card":"summary_large_image","twitter:title":"Xiaomi Led Light Strip Wholesale - Rucas - Wholesale and Distribution","twitter:description":"Wireless Connection Build your personal wireless lighting system. Yeelight Smart Light Strip can link with a variety of Mi Smart Home devices to get wonderful experience Fine Workmanship Made of mercury-free soft PU material, high light transmittance and oxidation resistance Have more fun 16 million colors \/ brightness adjustment \/ one key operation \/ intelligent scenes \/ timer function \/ delay switch \/ App control \/ firmware upgrade It supports stitching, free and flexible, and can cover longer surface of objects","twitter:image":"https:\/\/www.rucashk.com\/wp-content\/uploads\/replace\/503b8e645f128a97ccde2b6290747646.jpeg","schema":{"@context":"https:\/\/schema.org","@graph":[{"@type":"BreadcrumbList","@id":"https:\/\/www.rucashk.com\/es\/producto\/xiaomi-led-light-strip-wholesale\/#breadcrumblist","itemListElement":[{"@type":"ListItem","@id":"https:\/\/www.rucashk.com\/es\/#listItem","position":1,"name":"Home","item":"https:\/\/www.rucashk.com\/es\/","nextItem":"https:\/\/www.rucashk.com\/es\/producto\/xiaomi-led-light-strip-wholesale\/#listItem"},{"@type":"ListItem","@id":"https:\/\/www.rucashk.com\/es\/producto\/xiaomi-led-light-strip-wholesale\/#listItem","position":2,"name":"Xiaomi Led Light Strip Wholesale","previousItem":"https:\/\/www.rucashk.com\/es\/#listItem"}]},{"@type":"Organization","@id":"https:\/\/www.rucashk.com\/es\/#organization","name":"Rucas","url":"https:\/\/www.rucashk.com\/es\/","logo":{"@type":"ImageObject","url":"https:\/\/www.rucashk.com\/wp-content\/uploads\/2023\/12\/Rucas_campany_logo.png","@id":"https:\/\/www.rucashk.com\/es\/producto\/xiaomi-led-light-strip-wholesale\/#organizationLogo","width":221,"height":65},"image":{"@id":"https:\/\/www.rucashk.com\/es\/#organizationLogo"}},{"@type":"Person","@id":"https:\/\/www.rucashk.com\/es\/author\/admin\/#author","url":"https:\/\/www.rucashk.com\/es\/author\/admin\/","name":"admin","image":{"@type":"ImageObject","@id":"https:\/\/www.rucashk.com\/es\/producto\/xiaomi-led-light-strip-wholesale\/#authorImage","url":"https:\/\/secure.gravatar.com\/avatar\/b7c8925b09a27e72b30232f8ecaadbd5af0f70a38c78096863fe51b64f031c24?s=96&d=mm&r=g","width":96,"height":96,"caption":"admin"}},{"@type":"WebPage","@id":"https:\/\/www.rucashk.com\/es\/producto\/xiaomi-led-light-strip-wholesale\/#webpage","url":"https:\/\/www.rucashk.com\/es\/producto\/xiaomi-led-light-strip-wholesale\/","name":"Xiaomi Led Light Strip Wholesale - Rucas - Wholesale and Distribution","description":"Wireless Connection Build your personal wireless lighting system. Yeelight Smart Light Strip can link with a variety of Mi Smart Home devices to get wonderful experience Fine Workmanship Made of mercury-free soft PU material, high light transmittance and oxidation resistance Have more fun 16 million colors \/ brightness adjustment \/ one key operation \/ intelligent scenes \/ timer function \/ delay switch \/ App control \/ firmware upgrade It supports stitching, free and flexible, and can cover longer surface of objects","inLanguage":"es-ES","isPartOf":{"@id":"https:\/\/www.rucashk.com\/es\/#website"},"breadcrumb":{"@id":"https:\/\/www.rucashk.com\/es\/producto\/xiaomi-led-light-strip-wholesale\/#breadcrumblist"},"author":{"@id":"https:\/\/www.rucashk.com\/es\/author\/admin\/#author"},"creator":{"@id":"https:\/\/www.rucashk.com\/es\/author\/admin\/#author"},"image":{"@type":"ImageObject","url":"https:\/\/www.rucashk.com\/wp-content\/uploads\/2024\/01\/Banda-de-luz-RGB-Yeelight-Xiaomi-tira-de-luz-LED-inteligente-Aplicaci-n-de-hogar-inteligente.jpg","@id":"https:\/\/www.rucashk.com\/es\/producto\/xiaomi-led-light-strip-wholesale\/#mainImage","width":1000,"height":1000},"primaryImageOfPage":{"@id":"https:\/\/www.rucashk.com\/es\/producto\/xiaomi-led-light-strip-wholesale\/#mainImage"},"datePublished":"2024-01-09T16:00:59+00:00","dateModified":"2024-01-20T10:16:27+00:00"},{"@type":"WebSite","@id":"https:\/\/www.rucashk.com\/es\/#website","url":"https:\/\/www.rucashk.com\/es\/","name":"Rucas - Wholesale and distribution worldwide","alternateName":"Rucas - One-stop AIoT Distribution Worldwide","description":"One-stop AIoT Distribution Worldwide","inLanguage":"es-ES","publisher":{"@id":"https:\/\/www.rucashk.com\/es\/#organization"}}]}},"aioseo_meta_data":{"post_id":"24108","title":null,"description":null,"keywords":null,"keyphrases":null,"primary_term":null,"canonical_url":null,"og_title":null,"og_description":null,"og_object_type":"default","og_image_type":"default","og_image_url":null,"og_image_width":null,"og_image_height":null,"og_image_custom_url":null,"og_image_custom_fields":null,"og_video":null,"og_custom_url":null,"og_article_section":null,"og_article_tags":null,"twitter_use_og":false,"twitter_card":"default","twitter_image_type":"default","twitter_image_url":null,"twitter_image_custom_url":null,"twitter_image_custom_fields":null,"twitter_title":null,"twitter_description":null,"schema":{"blockGraphs":[],"customGraphs":[],"default":{"data":{"Article":[],"Course":[],"Dataset":[],"FAQPage":[],"Movie":[],"Person":[],"Product":[],"Recipe":[],"Service":[],"SoftwareApplication":[],"WebPage":[]},"graphName":"","isEnabled":true},"graphs":[]},"schema_type":"default","schema_type_options":null,"pillar_content":false,"robots_default":true,"robots_noindex":false,"robots_noarchive":false,"robots_nosnippet":false,"robots_nofollow":false,"robots_noimageindex":false,"robots_noodp":false,"robots_notranslate":false,"robots_max_snippet":null,"robots_max_videopreview":null,"robots_max_imagepreview":"large","priority":null,"frequency":null,"local_seo":null,"breadcrumb_settings":null,"limit_modified_date":false,"created":"2024-04-11 01:57:09","updated":"2025-06-22 17:23:31"},"aioseo_breadcrumb":"<div class=\"aioseo-breadcrumbs\"><span class=\"aioseo-breadcrumb\">\n\t<a href=\"https:\/\/www.rucashk.com\/es\" title=\"Home\">Home<\/a>\n<\/span><span class=\"aioseo-breadcrumb-separator\">&raquo;<\/span><span class=\"aioseo-breadcrumb\">\n\t<a href=\"https:\/\/www.rucashk.com\/es\/products\/\" title=\"Productos\">Productos<\/a>\n<\/span><span class=\"aioseo-breadcrumb-separator\">&raquo;<\/span><span class=\"aioseo-breadcrumb\">\n\t<a href=\"https:\/\/www.rucashk.com\/es\/categoria-producto\/xiaomi-eco\/\" title=\"Xiaomi Eco\">Xiaomi Eco<\/a>\n<\/span><span class=\"aioseo-breadcrumb-separator\">&raquo;<\/span><span class=\"aioseo-breadcrumb\">\n\t<a href=\"https:\/\/www.rucashk.com\/es\/categoria-producto\/xiaomi-eco\/gadgets\/\" title=\"Gadgets\">Gadgets<\/a>\n<\/span><span class=\"aioseo-breadcrumb-separator\">&raquo;<\/span><span class=\"aioseo-breadcrumb\">\n\tXiaomi Led Light Strip Wholesale\n<\/span><\/div>","aioseo_breadcrumb_json":[{"label":"Home","link":"https:\/\/www.rucashk.com\/es"},{"label":"Productos","link":"https:\/\/www.rucashk.com\/es\/products\/"},{"label":"Xiaomi Eco","link":"https:\/\/www.rucashk.com\/es\/categoria-producto\/xiaomi-eco\/"},{"label":"Gadgets","link":"https:\/\/www.rucashk.com\/es\/categoria-producto\/xiaomi-eco\/gadgets\/"},{"label":"Xiaomi Led Light Strip Wholesale","link":"https:\/\/www.rucashk.com\/es\/producto\/xiaomi-led-light-strip-wholesale\/"}],"_links":{"self":[{"href":"https:\/\/www.rucashk.com\/es\/wp-json\/wp\/v2\/product\/24108","targetHints":{"allow":["GET"]}}],"collection":[{"href":"https:\/\/www.rucashk.com\/es\/wp-json\/wp\/v2\/product"}],"about":[{"href":"https:\/\/www.rucashk.com\/es\/wp-json\/wp\/v2\/types\/product"}],"wp:featuredmedia":[{"embeddable":true,"href":"https:\/\/www.rucashk.com\/es\/wp-json\/wp\/v2\/media\/24230"}],"wp:attachment":[{"href":"https:\/\/www.rucashk.com\/es\/wp-json\/wp\/v2\/media?parent=24108"}],"wp:term":[{"taxonomy":"product_brand","embeddable":true,"href":"https:\/\/www.rucashk.com\/es\/wp-json\/wp\/v2\/product_brand?post=24108"},{"taxonomy":"product_cat","embeddable":true,"href":"https:\/\/www.rucashk.com\/es\/wp-json\/wp\/v2\/product_cat?post=24108"},{"taxonomy":"product_tag","embeddable":true,"href":"https:\/\/www.rucashk.com\/es\/wp-json\/wp\/v2\/product_tag?post=24108"}],"curies":[{"name":"wp","href":"https:\/\/api.w.org\/{rel}","templated":true}]}}