{"id":24107,"date":"2024-01-09T16:00:59","date_gmt":"2024-01-09T16:00:59","guid":{"rendered":"http:\/\/rucashk.com\/?post_type=product&#038;p=24107"},"modified":"2024-01-16T10:21:18","modified_gmt":"2024-01-16T10:21:18","slug":"dreame-hair-dryer-wholesale","status":"publish","type":"product","link":"https:\/\/www.rucashk.com\/es\/producto\/dreame-hair-dryer-wholesale\/","title":{"rendered":"Secador de pelo Dreame al por mayor"},"content":{"rendered":"<div class=\"detailmodule_text\">\n<p class=\"detail-desc-decorate-content\" style=\"text-align: center\">Nuevo Xiaomi Robot Aspirador 2 V2 Con Fregado: Protecci\u00f3n de temperatura constante Flujo de aire de alta velocidad Control inteligente de temperatura<\/p>\n<\/div>\n<div class=\"detailmodule_image\" style=\"text-align: center\"><a href=\"https:\/\/www.aliexpress.com\/item\/33017167349.html\"><img fetchpriority=\"high\" decoding=\"async\" class=\"detail-desc-decorate-image aligncenter\" src=\"https:\/\/www.rucashk.com\/wp-content\/uploads\/2020\/07\/H4b7d6f3401684409a68033e341032371o.jpg\" alt=\"Dreame Hair Dryer\" width=\"930\" height=\"384\" \/><\/a><\/div>\n<div class=\"detailmodule_text\" style=\"text-align: center\">\n<p class=\"detail-desc-decorate-content\">Artista del cabello<\/p>\n<\/div>\n<div class=\"detailmodule_text\" style=\"text-align: center\">\n<p class=\"detail-desc-decorate-content\">Secador de pelo inteligente con control de temperatura Dreame<\/p>\n<\/div>\n<div class=\"detailmodule_text\" style=\"text-align: center\">\n<p class=\"detail-desc-decorate-content\">Cabello de secado r\u00e1pido | Protecci\u00f3n de temperatura constante | Los iones negativos alisan el cabello | Boquilla de succi\u00f3n magn\u00e9tica de 360 grados.<\/p>\n<\/div>\n<div class=\"detailmodule_image\" style=\"text-align: center\"><img decoding=\"async\" class=\"detail-desc-decorate-image aligncenter\" src=\"https:\/\/www.rucashk.com\/wp-content\/uploads\/2020\/07\/H877f8aaf4dcd4445bbcec246e5930c36Z.jpg\" alt=\"Dreame Hair Dryer\" width=\"930\" height=\"1448\" \/><\/div>\n<div class=\"detailmodule_text\" style=\"text-align: center\">\n<p class=\"detail-desc-decorate-content\">\n<\/div>\n<div class=\"detailmodule_text\" style=\"text-align: center\">\n<p class=\"detail-desc-decorate-content\">Motor sin escobillas de alta velocidad de 110.000 rpm | Flujo de aire de alta velocidad | Control inteligente de temperatura<\/p>\n<\/div>\n<div class=\"detailmodule_text\" style=\"text-align: center\">\n<p class=\"detail-desc-decorate-content\">Cuidado del cabello con iones negativos | Dise\u00f1o humanizado | Dise\u00f1o magn\u00e9tico<\/p>\n<\/div>\n<div class=\"detailmodule_image\" style=\"text-align: center\"><img decoding=\"async\" class=\"detail-desc-decorate-image aligncenter\" src=\"https:\/\/www.rucashk.com\/wp-content\/uploads\/2020\/07\/Hac65cf77159e4e0c948b8d93e8626328D.jpg\" alt=\"Dreame Hair Dryer\" width=\"930\" height=\"942\" \/><\/div>\n<div class=\"detailmodule_text\" style=\"text-align: center\">\n<p class=\"detail-desc-decorate-content\">\n<\/div>\n<div class=\"detailmodule_text\" style=\"text-align: center\">\n<p class=\"detail-desc-decorate-content\">Fuerte flujo de aire, motor sin escobillas de alta velocidad de 110.000 rpm.<\/p>\n<\/div>\n<div class=\"detailmodule_image\" style=\"text-align: center\"><img loading=\"lazy\" decoding=\"async\" class=\"detail-desc-decorate-image aligncenter\" src=\"https:\/\/www.rucashk.com\/wp-content\/uploads\/2020\/07\/H29f4e05173f4418d8270214a4b58a141f.jpg\" alt=\"Dreame Hair Dryer\" width=\"930\" height=\"1391\" \/><\/div>\n<div class=\"detailmodule_text\" style=\"text-align: center\">\n<p class=\"detail-desc-decorate-content\">\n<\/div>\n<div class=\"detailmodule_text\" style=\"text-align: center\">\n<p class=\"detail-desc-decorate-content\">Baja temperatura y secado r\u00e1pido, cuida el cabello de las ni\u00f1as.<\/p>\n<\/div>\n<div class=\"detailmodule_image\" style=\"text-align: center\"><img loading=\"lazy\" decoding=\"async\" class=\"detail-desc-decorate-image aligncenter\" src=\"https:\/\/www.rucashk.com\/wp-content\/uploads\/2020\/07\/H0f1a2c14100345b2889d4cc54c6fd8beS.jpg\" alt=\"Dreame Hair Dryer\" width=\"930\" height=\"1362\" \/><\/div>\n<div class=\"detailmodule_text\" style=\"text-align: center\">\n<p class=\"detail-desc-decorate-content\">\n<\/div>\n<div class=\"detailmodule_text\" style=\"text-align: center\">\n<p class=\"detail-desc-decorate-content\">Dise\u00f1o de canal de viento de alta velocidad, hace que el cabello se seque m\u00e1s r\u00e1pido.<\/p>\n<\/div>\n<div class=\"detailmodule_image\" style=\"text-align: center\"><img loading=\"lazy\" decoding=\"async\" class=\"detail-desc-decorate-image aligncenter\" src=\"https:\/\/www.rucashk.com\/wp-content\/uploads\/2020\/07\/H0a3c45b0b8f343b8bc598e57610c5a04j.jpg\" alt=\"Dreame Hair Dryer\" width=\"930\" height=\"1273\" \/><\/div>\n<div class=\"detailmodule_text\" style=\"text-align: center\">\n<p class=\"detail-desc-decorate-content\">\n<\/div>\n<div class=\"detailmodule_text\" style=\"text-align: center\">\n<p class=\"detail-desc-decorate-content\">Cuidando el cabello, reduciendo eficazmente la alopecia f\u00edsica.<\/p>\n<\/div>\n<div class=\"detailmodule_image\" style=\"text-align: center\"><img loading=\"lazy\" decoding=\"async\" class=\"detail-desc-decorate-image aligncenter\" src=\"https:\/\/www.rucashk.com\/wp-content\/uploads\/2020\/07\/H62d141ca89cc409683cddfcdfc06d721W.jpg\" alt=\"Dreame Hair Dryer\" width=\"930\" height=\"812\" \/><\/div>\n<div class=\"detailmodule_text\" style=\"text-align: center\">\n<p class=\"detail-desc-decorate-content\">\n<\/div>\n<div class=\"detailmodule_text\" style=\"text-align: center\">\n<p class=\"detail-desc-decorate-content\">\n<\/div>\n<div class=\"detailmodule_text\" style=\"text-align: center\">\n<p class=\"detail-desc-decorate-content\">Sopla durante 3 minutos, exquisito 1 d\u00eda completo.<\/p>\n<\/div>\n<div class=\"detailmodule_image\" style=\"text-align: center\"><img loading=\"lazy\" decoding=\"async\" class=\"detail-desc-decorate-image aligncenter\" src=\"https:\/\/www.rucashk.com\/wp-content\/uploads\/2020\/07\/Hdca476d2cdb64ae186d33582ab65b8d4W.jpg\" alt=\"Dreame Hair Dryer\" width=\"930\" height=\"443\" \/><\/div>\n<div class=\"detailmodule_text\" style=\"text-align: center\">\n<p class=\"detail-desc-decorate-content\">\n<\/div>\n<div class=\"detailmodule_text\" style=\"text-align: center\">\n<p class=\"detail-desc-decorate-content\">Modo est\u00e1ndar, secado r\u00e1pido | Boquilla de moldeo, modelado preciso | Boquilla suave, mejor drapeado<\/p>\n<\/div>\n<div class=\"detailmodule_image\" style=\"text-align: center\"><img loading=\"lazy\" decoding=\"async\" class=\"detail-desc-decorate-image aligncenter\" src=\"https:\/\/www.rucashk.com\/wp-content\/uploads\/2020\/07\/H6cbbc8b4b76d43939a5b9aeb47d34598j.jpg\" alt=\"Dreame Hair Dryer\" width=\"930\" height=\"1356\" \/><\/div>\n<div class=\"detailmodule_image\" style=\"text-align: center\"><img loading=\"lazy\" decoding=\"async\" class=\"detail-desc-decorate-image aligncenter\" src=\"https:\/\/www.rucashk.com\/wp-content\/uploads\/2020\/07\/H79804bf230eb4cce9769ecf58f09cec7G.jpg\" alt=\"Dreame Hair Dryer\" width=\"930\" height=\"1181\" \/><\/div>\n<div class=\"detailmodule_text\" style=\"text-align: center\">\n<p class=\"detail-desc-decorate-content\">\n<\/div>\n<div class=\"detailmodule_text\" style=\"text-align: center\">\n<p class=\"detail-desc-decorate-content\">Boquilla de viento con doble aislamiento, conexi\u00f3n magn\u00e9tica de 360 grados.<\/p>\n<\/div>\n<div class=\"detailmodule_image\" style=\"text-align: center\"><img loading=\"lazy\" decoding=\"async\" class=\"detail-desc-decorate-image aligncenter\" src=\"https:\/\/www.rucashk.com\/wp-content\/uploads\/2020\/07\/H7cc9c3c3c55c4b7aa175a728dfcf373en.jpg\" alt=\"Dreame Hair Dryer\" width=\"930\" height=\"1432\" \/><\/div>\n<div class=\"detailmodule_text\" style=\"text-align: center\">\n<p class=\"detail-desc-decorate-content\">\n<\/div>\n<div class=\"detailmodule_text\" style=\"text-align: center\">\n<p class=\"detail-desc-decorate-content\">Cuidado de temperatura constante para evitar da\u00f1os por sobrecalentamiento.<\/p>\n<\/div>\n<div class=\"detailmodule_image\" style=\"text-align: center\"><img loading=\"lazy\" decoding=\"async\" class=\"detail-desc-decorate-image aligncenter\" src=\"https:\/\/www.rucashk.com\/wp-content\/uploads\/2020\/07\/H7832fcdf123c4fd48d0d65217a02c093I.jpg\" alt=\"Dreame Hair Dryer\" width=\"930\" height=\"1347\" \/><\/div>\n<div class=\"detailmodule_text\" style=\"text-align: center\">\n<p class=\"detail-desc-decorate-content\">\n<\/div>\n<div class=\"detailmodule_text\" style=\"text-align: center\">\n<p class=\"detail-desc-decorate-content\">Los iones negativos cuidan el cabello, alisando el cabello es m\u00e1s flexible.<\/p>\n<\/div>\n<div class=\"detailmodule_image\" style=\"text-align: center\"><img loading=\"lazy\" decoding=\"async\" class=\"detail-desc-decorate-image aligncenter\" src=\"https:\/\/www.rucashk.com\/wp-content\/uploads\/2020\/07\/H734f46ab469c430f82807e5fd1bc10dbG.jpg\" alt=\"Dreame Hair Dryer\" width=\"930\" height=\"1556\" \/><\/div>\n<div class=\"detailmodule_text\" style=\"text-align: center\">\n<p class=\"detail-desc-decorate-content\">\n<\/div>\n<div class=\"detailmodule_image\" style=\"text-align: center\"><img loading=\"lazy\" decoding=\"async\" class=\"detail-desc-decorate-image aligncenter\" src=\"https:\/\/www.rucashk.com\/wp-content\/uploads\/2020\/07\/Haa07814e4bcf49cbb96c22c6fbdce9e4D.jpg\" alt=\"Dreame Hair Dryer\" width=\"930\" height=\"1236\" \/><\/div>\n<div class=\"detailmodule_image\" style=\"text-align: center\"><img loading=\"lazy\" decoding=\"async\" class=\"detail-desc-decorate-image aligncenter\" src=\"https:\/\/www.rucashk.com\/wp-content\/uploads\/2020\/07\/H27db4bb6da5a48f897549f2caf043d84e.jpg\" alt=\"Dreame Hair Dryer\" width=\"930\" height=\"1330\" \/><\/div>\n<div class=\"detailmodule_image\" style=\"text-align: center\"><img loading=\"lazy\" decoding=\"async\" class=\"detail-desc-decorate-image aligncenter\" src=\"https:\/\/www.rucashk.com\/wp-content\/uploads\/2020\/07\/Ha143174dcdda4ea5b900e399353e49a6F.jpg\" alt=\"Dreame Hair Dryer\" width=\"930\" height=\"922\" \/><\/div>\n<div class=\"detailmodule_image\" style=\"text-align: center\"><img loading=\"lazy\" decoding=\"async\" class=\"detail-desc-decorate-image aligncenter\" src=\"https:\/\/www.rucashk.com\/wp-content\/uploads\/2020\/07\/H3183770e054a4808b6929f4119fabf47k.jpg\" alt=\"Dreame Hair Dryer\" width=\"930\" height=\"816\" \/><\/div>\n<div class=\"detailmodule_image\"><img loading=\"lazy\" decoding=\"async\" class=\"detail-desc-decorate-image aligncenter\" src=\"https:\/\/www.rucashk.com\/wp-content\/uploads\/2020\/07\/H3558c3891ff245abbfc735b91574133bW.jpg\" alt=\"Dreame Hair Dryer\" width=\"930\" height=\"569\" \/><\/div>","protected":false},"excerpt":{"rendered":"<p><strong>Caracter\u00edstica:<\/strong><\/p>\n<ul>\n<li>Cabello de secado r\u00e1pido<\/li>\n<li>Protecci\u00f3n de temperatura constante<\/li>\n<li>Los iones negativos alisan el cabello<\/li>\n<li>Boquilla de succi\u00f3n magn\u00e9tica de 360 grados.<\/li>\n<li>Motor sin escobillas de alta velocidad de 110.000 rpm<\/li>\n<li>Flujo de aire de alta velocidad<\/li>\n<li>Control inteligente de temperatura<\/li>\n<\/ul>","protected":false},"featured_media":24223,"template":"","meta":[],"product_brand":[],"product_cat":[1320,1305],"product_tag":[1026],"class_list":{"0":"post-24107","1":"product","2":"type-product","3":"status-publish","4":"has-post-thumbnail","6":"product_cat-personal-care","7":"product_cat-xiaomi-eco","8":"product_tag-dreame-hair-dryer","10":"first","11":"instock","12":"shipping-taxable","13":"product-type-external"},"aioseo_notices":[],"aioseo_head":"\n\t\t<!-- All in One SEO Pro 4.5.9.2 - aioseo.com -->\n\t\t<meta name=\"description\" content=\"Feature: Quick dry hair Constant temperature protection Negative ions smooth hair 360 degree magnetic suction nozzle 110,000 rpm high speed brushless motor High speed air flow Intelligent temperature control\" \/>\n\t\t<meta name=\"robots\" content=\"max-image-preview:large\" \/>\n\t\t<link rel=\"canonical\" href=\"https:\/\/www.rucashk.com\/es\/producto\/dreame-hair-dryer-wholesale\/\" \/>\n\t\t<meta name=\"generator\" content=\"All in One SEO Pro (AIOSEO) 4.5.9.2\" \/>\n\t\t<meta property=\"og:locale\" content=\"es_ES\" \/>\n\t\t<meta property=\"og:site_name\" content=\"Rucas - One-stop AIoT Distribution Worldwide\" \/>\n\t\t<meta property=\"og:type\" content=\"article\" \/>\n\t\t<meta property=\"og:title\" content=\"Dreame Hair Dryer Wholesale - Rucas - Wholesale and Distribution\" \/>\n\t\t<meta property=\"og:description\" content=\"Feature: Quick dry hair Constant temperature protection Negative ions smooth hair 360 degree magnetic suction nozzle 110,000 rpm high speed brushless motor High speed air flow Intelligent temperature control\" \/>\n\t\t<meta property=\"og:url\" content=\"https:\/\/www.rucashk.com\/es\/producto\/dreame-hair-dryer-wholesale\/\" \/>\n\t\t<meta property=\"og:image\" content=\"https:\/\/www.rucashk.com\/wp-content\/uploads\/replace\/503b8e645f128a97ccde2b6290747646.jpeg\" \/>\n\t\t<meta property=\"og:image:secure_url\" content=\"https:\/\/www.rucashk.com\/wp-content\/uploads\/replace\/503b8e645f128a97ccde2b6290747646.jpeg\" \/>\n\t\t<meta property=\"og:image:width\" content=\"1456\" \/>\n\t\t<meta property=\"og:image:height\" content=\"816\" \/>\n\t\t<meta property=\"article:published_time\" content=\"2024-01-09T16:00:59+00:00\" \/>\n\t\t<meta property=\"article:modified_time\" content=\"2024-01-16T10:21:18+00:00\" \/>\n\t\t<meta name=\"twitter:card\" content=\"summary_large_image\" \/>\n\t\t<meta name=\"twitter:title\" content=\"Dreame Hair Dryer Wholesale - Rucas - Wholesale and Distribution\" \/>\n\t\t<meta name=\"twitter:description\" content=\"Feature: Quick dry hair Constant temperature protection Negative ions smooth hair 360 degree magnetic suction nozzle 110,000 rpm high speed brushless motor High speed air flow Intelligent temperature control\" \/>\n\t\t<meta name=\"twitter:image\" content=\"https:\/\/www.rucashk.com\/wp-content\/uploads\/replace\/503b8e645f128a97ccde2b6290747646.jpeg\" \/>\n\t\t<script type=\"application\/ld+json\" class=\"aioseo-schema\">\n\t\t\t{\"@context\":\"https:\\\/\\\/schema.org\",\"@graph\":[{\"@type\":\"BreadcrumbList\",\"@id\":\"https:\\\/\\\/www.rucashk.com\\\/es\\\/producto\\\/dreame-hair-dryer-wholesale\\\/#breadcrumblist\",\"itemListElement\":[{\"@type\":\"ListItem\",\"@id\":\"https:\\\/\\\/www.rucashk.com\\\/es\\\/#listItem\",\"position\":1,\"name\":\"Home\",\"item\":\"https:\\\/\\\/www.rucashk.com\\\/es\\\/\",\"nextItem\":\"https:\\\/\\\/www.rucashk.com\\\/es\\\/producto\\\/dreame-hair-dryer-wholesale\\\/#listItem\"},{\"@type\":\"ListItem\",\"@id\":\"https:\\\/\\\/www.rucashk.com\\\/es\\\/producto\\\/dreame-hair-dryer-wholesale\\\/#listItem\",\"position\":2,\"name\":\"Dreame Hair Dryer Wholesale\",\"previousItem\":\"https:\\\/\\\/www.rucashk.com\\\/es\\\/#listItem\"}]},{\"@type\":\"Organization\",\"@id\":\"https:\\\/\\\/www.rucashk.com\\\/es\\\/#organization\",\"name\":\"Rucas\",\"url\":\"https:\\\/\\\/www.rucashk.com\\\/es\\\/\",\"logo\":{\"@type\":\"ImageObject\",\"url\":\"https:\\\/\\\/www.rucashk.com\\\/wp-content\\\/uploads\\\/2023\\\/12\\\/Rucas_campany_logo.png\",\"@id\":\"https:\\\/\\\/www.rucashk.com\\\/es\\\/producto\\\/dreame-hair-dryer-wholesale\\\/#organizationLogo\",\"width\":221,\"height\":65},\"image\":{\"@id\":\"https:\\\/\\\/www.rucashk.com\\\/es\\\/#organizationLogo\"}},{\"@type\":\"Person\",\"@id\":\"https:\\\/\\\/www.rucashk.com\\\/es\\\/author\\\/admin\\\/#author\",\"url\":\"https:\\\/\\\/www.rucashk.com\\\/es\\\/author\\\/admin\\\/\",\"name\":\"admin\",\"image\":{\"@type\":\"ImageObject\",\"@id\":\"https:\\\/\\\/www.rucashk.com\\\/es\\\/producto\\\/dreame-hair-dryer-wholesale\\\/#authorImage\",\"url\":\"https:\\\/\\\/secure.gravatar.com\\\/avatar\\\/b7c8925b09a27e72b30232f8ecaadbd5af0f70a38c78096863fe51b64f031c24?s=96&d=mm&r=g\",\"width\":96,\"height\":96,\"caption\":\"admin\"}},{\"@type\":\"WebPage\",\"@id\":\"https:\\\/\\\/www.rucashk.com\\\/es\\\/producto\\\/dreame-hair-dryer-wholesale\\\/#webpage\",\"url\":\"https:\\\/\\\/www.rucashk.com\\\/es\\\/producto\\\/dreame-hair-dryer-wholesale\\\/\",\"name\":\"Dreame Hair Dryer Wholesale - Rucas - Wholesale and Distribution\",\"description\":\"Feature: Quick dry hair Constant temperature protection Negative ions smooth hair 360 degree magnetic suction nozzle 110,000 rpm high speed brushless motor High speed air flow Intelligent temperature control\",\"inLanguage\":\"es-ES\",\"isPartOf\":{\"@id\":\"https:\\\/\\\/www.rucashk.com\\\/es\\\/#website\"},\"breadcrumb\":{\"@id\":\"https:\\\/\\\/www.rucashk.com\\\/es\\\/producto\\\/dreame-hair-dryer-wholesale\\\/#breadcrumblist\"},\"author\":{\"@id\":\"https:\\\/\\\/www.rucashk.com\\\/es\\\/author\\\/admin\\\/#author\"},\"creator\":{\"@id\":\"https:\\\/\\\/www.rucashk.com\\\/es\\\/author\\\/admin\\\/#author\"},\"image\":{\"@type\":\"ImageObject\",\"url\":\"https:\\\/\\\/www.rucashk.com\\\/wp-content\\\/uploads\\\/2024\\\/01\\\/Dreame-Hair-Dryer.jpg\",\"@id\":\"https:\\\/\\\/www.rucashk.com\\\/es\\\/producto\\\/dreame-hair-dryer-wholesale\\\/#mainImage\",\"width\":800,\"height\":800},\"primaryImageOfPage\":{\"@id\":\"https:\\\/\\\/www.rucashk.com\\\/es\\\/producto\\\/dreame-hair-dryer-wholesale\\\/#mainImage\"},\"datePublished\":\"2024-01-09T16:00:59+00:00\",\"dateModified\":\"2024-01-16T10:21:18+00:00\"},{\"@type\":\"WebSite\",\"@id\":\"https:\\\/\\\/www.rucashk.com\\\/es\\\/#website\",\"url\":\"https:\\\/\\\/www.rucashk.com\\\/es\\\/\",\"name\":\"Rucas - Wholesale and distribution worldwide\",\"alternateName\":\"Rucas - One-stop AIoT Distribution Worldwide\",\"description\":\"One-stop AIoT Distribution Worldwide\",\"inLanguage\":\"es-ES\",\"publisher\":{\"@id\":\"https:\\\/\\\/www.rucashk.com\\\/es\\\/#organization\"}}]}\n\t\t<\/script>\n\t\t<!-- All in One SEO Pro -->\r\n\t\t<title>Dreame Hair Dryer Wholesale - Rucas - Wholesale and Distribution<\/title>\n\n","aioseo_head_json":{"title":"Dreame Hair Dryer Wholesale - Rucas - Wholesale and Distribution","description":"Feature: Quick dry hair Constant temperature protection Negative ions smooth hair 360 degree magnetic suction nozzle 110,000 rpm high speed brushless motor High speed air flow Intelligent temperature control","canonical_url":"https:\/\/www.rucashk.com\/es\/producto\/dreame-hair-dryer-wholesale\/","robots":"max-image-preview:large","keywords":"","webmasterTools":{"miscellaneous":""},"og:locale":"es_ES","og:site_name":"Rucas - One-stop AIoT Distribution Worldwide","og:type":"article","og:title":"Dreame Hair Dryer Wholesale - Rucas - Wholesale and Distribution","og:description":"Feature: Quick dry hair Constant temperature protection Negative ions smooth hair 360 degree magnetic suction nozzle 110,000 rpm high speed brushless motor High speed air flow Intelligent temperature control","og:url":"https:\/\/www.rucashk.com\/es\/producto\/dreame-hair-dryer-wholesale\/","og:image":"https:\/\/www.rucashk.com\/wp-content\/uploads\/replace\/503b8e645f128a97ccde2b6290747646.jpeg","og:image:secure_url":"https:\/\/www.rucashk.com\/wp-content\/uploads\/replace\/503b8e645f128a97ccde2b6290747646.jpeg","og:image:width":1456,"og:image:height":816,"article:published_time":"2024-01-09T16:00:59+00:00","article:modified_time":"2024-01-16T10:21:18+00:00","twitter:card":"summary_large_image","twitter:title":"Dreame Hair Dryer Wholesale - Rucas - Wholesale and Distribution","twitter:description":"Feature: Quick dry hair Constant temperature protection Negative ions smooth hair 360 degree magnetic suction nozzle 110,000 rpm high speed brushless motor High speed air flow Intelligent temperature control","twitter:image":"https:\/\/www.rucashk.com\/wp-content\/uploads\/replace\/503b8e645f128a97ccde2b6290747646.jpeg","schema":{"@context":"https:\/\/schema.org","@graph":[{"@type":"BreadcrumbList","@id":"https:\/\/www.rucashk.com\/es\/producto\/dreame-hair-dryer-wholesale\/#breadcrumblist","itemListElement":[{"@type":"ListItem","@id":"https:\/\/www.rucashk.com\/es\/#listItem","position":1,"name":"Home","item":"https:\/\/www.rucashk.com\/es\/","nextItem":"https:\/\/www.rucashk.com\/es\/producto\/dreame-hair-dryer-wholesale\/#listItem"},{"@type":"ListItem","@id":"https:\/\/www.rucashk.com\/es\/producto\/dreame-hair-dryer-wholesale\/#listItem","position":2,"name":"Dreame Hair Dryer Wholesale","previousItem":"https:\/\/www.rucashk.com\/es\/#listItem"}]},{"@type":"Organization","@id":"https:\/\/www.rucashk.com\/es\/#organization","name":"Rucas","url":"https:\/\/www.rucashk.com\/es\/","logo":{"@type":"ImageObject","url":"https:\/\/www.rucashk.com\/wp-content\/uploads\/2023\/12\/Rucas_campany_logo.png","@id":"https:\/\/www.rucashk.com\/es\/producto\/dreame-hair-dryer-wholesale\/#organizationLogo","width":221,"height":65},"image":{"@id":"https:\/\/www.rucashk.com\/es\/#organizationLogo"}},{"@type":"Person","@id":"https:\/\/www.rucashk.com\/es\/author\/admin\/#author","url":"https:\/\/www.rucashk.com\/es\/author\/admin\/","name":"admin","image":{"@type":"ImageObject","@id":"https:\/\/www.rucashk.com\/es\/producto\/dreame-hair-dryer-wholesale\/#authorImage","url":"https:\/\/secure.gravatar.com\/avatar\/b7c8925b09a27e72b30232f8ecaadbd5af0f70a38c78096863fe51b64f031c24?s=96&d=mm&r=g","width":96,"height":96,"caption":"admin"}},{"@type":"WebPage","@id":"https:\/\/www.rucashk.com\/es\/producto\/dreame-hair-dryer-wholesale\/#webpage","url":"https:\/\/www.rucashk.com\/es\/producto\/dreame-hair-dryer-wholesale\/","name":"Dreame Hair Dryer Wholesale - Rucas - Wholesale and Distribution","description":"Feature: Quick dry hair Constant temperature protection Negative ions smooth hair 360 degree magnetic suction nozzle 110,000 rpm high speed brushless motor High speed air flow Intelligent temperature control","inLanguage":"es-ES","isPartOf":{"@id":"https:\/\/www.rucashk.com\/es\/#website"},"breadcrumb":{"@id":"https:\/\/www.rucashk.com\/es\/producto\/dreame-hair-dryer-wholesale\/#breadcrumblist"},"author":{"@id":"https:\/\/www.rucashk.com\/es\/author\/admin\/#author"},"creator":{"@id":"https:\/\/www.rucashk.com\/es\/author\/admin\/#author"},"image":{"@type":"ImageObject","url":"https:\/\/www.rucashk.com\/wp-content\/uploads\/2024\/01\/Dreame-Hair-Dryer.jpg","@id":"https:\/\/www.rucashk.com\/es\/producto\/dreame-hair-dryer-wholesale\/#mainImage","width":800,"height":800},"primaryImageOfPage":{"@id":"https:\/\/www.rucashk.com\/es\/producto\/dreame-hair-dryer-wholesale\/#mainImage"},"datePublished":"2024-01-09T16:00:59+00:00","dateModified":"2024-01-16T10:21:18+00:00"},{"@type":"WebSite","@id":"https:\/\/www.rucashk.com\/es\/#website","url":"https:\/\/www.rucashk.com\/es\/","name":"Rucas - Wholesale and distribution worldwide","alternateName":"Rucas - One-stop AIoT Distribution Worldwide","description":"One-stop AIoT Distribution Worldwide","inLanguage":"es-ES","publisher":{"@id":"https:\/\/www.rucashk.com\/es\/#organization"}}]}},"aioseo_meta_data":{"post_id":"24107","title":null,"description":null,"keywords":null,"keyphrases":null,"primary_term":null,"canonical_url":null,"og_title":null,"og_description":null,"og_object_type":"default","og_image_type":"default","og_image_url":null,"og_image_width":null,"og_image_height":null,"og_image_custom_url":null,"og_image_custom_fields":null,"og_video":null,"og_custom_url":null,"og_article_section":null,"og_article_tags":null,"twitter_use_og":false,"twitter_card":"default","twitter_image_type":"default","twitter_image_url":null,"twitter_image_custom_url":null,"twitter_image_custom_fields":null,"twitter_title":null,"twitter_description":null,"schema":{"blockGraphs":[],"customGraphs":[],"default":{"data":{"Article":[],"Course":[],"Dataset":[],"FAQPage":[],"Movie":[],"Person":[],"Product":[],"Recipe":[],"Service":[],"SoftwareApplication":[],"WebPage":[]},"graphName":"","isEnabled":true},"graphs":[]},"schema_type":"default","schema_type_options":null,"pillar_content":false,"robots_default":true,"robots_noindex":false,"robots_noarchive":false,"robots_nosnippet":false,"robots_nofollow":false,"robots_noimageindex":false,"robots_noodp":false,"robots_notranslate":false,"robots_max_snippet":null,"robots_max_videopreview":null,"robots_max_imagepreview":"large","priority":null,"frequency":null,"local_seo":null,"breadcrumb_settings":null,"limit_modified_date":false,"created":"2024-04-11 01:57:09","updated":"2025-06-22 17:23:31"},"aioseo_breadcrumb":"<div class=\"aioseo-breadcrumbs\"><span class=\"aioseo-breadcrumb\">\n\t<a href=\"https:\/\/www.rucashk.com\/es\" title=\"Home\">Home<\/a>\n<\/span><span class=\"aioseo-breadcrumb-separator\">&raquo;<\/span><span class=\"aioseo-breadcrumb\">\n\t<a href=\"https:\/\/www.rucashk.com\/es\/products\/\" title=\"Productos\">Productos<\/a>\n<\/span><span class=\"aioseo-breadcrumb-separator\">&raquo;<\/span><span class=\"aioseo-breadcrumb\">\n\t<a href=\"https:\/\/www.rucashk.com\/es\/categoria-producto\/xiaomi-eco\/\" title=\"Xiaomi Eco\">Xiaomi Eco<\/a>\n<\/span><span class=\"aioseo-breadcrumb-separator\">&raquo;<\/span><span class=\"aioseo-breadcrumb\">\n\t<a href=\"https:\/\/www.rucashk.com\/es\/categoria-producto\/xiaomi-eco\/personal-care\/\" title=\"Personal Care\">Personal Care<\/a>\n<\/span><span class=\"aioseo-breadcrumb-separator\">&raquo;<\/span><span class=\"aioseo-breadcrumb\">\n\tDreame Hair Dryer Wholesale\n<\/span><\/div>","aioseo_breadcrumb_json":[{"label":"Home","link":"https:\/\/www.rucashk.com\/es"},{"label":"Productos","link":"https:\/\/www.rucashk.com\/es\/products\/"},{"label":"Xiaomi Eco","link":"https:\/\/www.rucashk.com\/es\/categoria-producto\/xiaomi-eco\/"},{"label":"Personal Care","link":"https:\/\/www.rucashk.com\/es\/categoria-producto\/xiaomi-eco\/personal-care\/"},{"label":"Dreame Hair Dryer Wholesale","link":"https:\/\/www.rucashk.com\/es\/producto\/dreame-hair-dryer-wholesale\/"}],"_links":{"self":[{"href":"https:\/\/www.rucashk.com\/es\/wp-json\/wp\/v2\/product\/24107","targetHints":{"allow":["GET"]}}],"collection":[{"href":"https:\/\/www.rucashk.com\/es\/wp-json\/wp\/v2\/product"}],"about":[{"href":"https:\/\/www.rucashk.com\/es\/wp-json\/wp\/v2\/types\/product"}],"wp:featuredmedia":[{"embeddable":true,"href":"https:\/\/www.rucashk.com\/es\/wp-json\/wp\/v2\/media\/24223"}],"wp:attachment":[{"href":"https:\/\/www.rucashk.com\/es\/wp-json\/wp\/v2\/media?parent=24107"}],"wp:term":[{"taxonomy":"product_brand","embeddable":true,"href":"https:\/\/www.rucashk.com\/es\/wp-json\/wp\/v2\/product_brand?post=24107"},{"taxonomy":"product_cat","embeddable":true,"href":"https:\/\/www.rucashk.com\/es\/wp-json\/wp\/v2\/product_cat?post=24107"},{"taxonomy":"product_tag","embeddable":true,"href":"https:\/\/www.rucashk.com\/es\/wp-json\/wp\/v2\/product_tag?post=24107"}],"curies":[{"name":"wp","href":"https:\/\/api.w.org\/{rel}","templated":true}]}}