{"id":24077,"date":"2024-01-09T16:00:37","date_gmt":"2024-01-09T16:00:37","guid":{"rendered":"http:\/\/rucashk.com\/?post_type=product&#038;p=24077"},"modified":"2024-03-13T13:06:43","modified_gmt":"2024-03-13T13:06:43","slug":"xiaomi-ai-face-identification-720p-ir-night-vision-video-doorbell-set-wholesale","status":"publish","type":"product","link":"https:\/\/www.rucashk.com\/es\/producto\/xiaomi-ai-face-identification-720p-ir-night-vision-video-doorbell-set-wholesale\/","title":{"rendered":"Xiaomi AI identificaci\u00f3n facial 720P IR visi\u00f3n nocturna Video timbre conjunto al por mayor"},"content":{"rendered":"<div><img fetchpriority=\"high\" decoding=\"async\" class=\"aligncenter\" src=\"\/wp-content\/uploads\/replace\/2592c5aa279252ee28929b34987fdc94.jpeg\" alt=\"Xiaomi AI Face Identification 720P IR Night Vision Video Doorbell Set\" width=\"960\" height=\"109\" data-spm-anchor-id=\"a2g0o.detail.1000023.i3.3b7ff08fPXmtAg\" \/><\/div>\n<div><img decoding=\"async\" class=\"aligncenter\" src=\"\/wp-content\/uploads\/replace\/af76bd807f5c3099c07b87593de9e9ec.jpeg\" alt=\"Xiaomi AI Face Identification 720P IR Night Vision Video Doorbell Set\" width=\"930\" height=\"968\" \/><img decoding=\"async\" class=\"aligncenter\" src=\"\/wp-content\/uploads\/replace\/ff745ca1b8f4c0dfd47f1acfcd914eb9.jpeg\" alt=\"Xiaomi AI Face Identification 720P IR Night Vision Video Doorbell Set\" width=\"930\" height=\"327\" \/><img loading=\"lazy\" decoding=\"async\" class=\"aligncenter\" src=\"\/wp-content\/uploads\/replace\/12170a94bd960840a8848a976f177d75.jpeg\" alt=\"Xiaomi AI Face Identification 720P IR Night Vision Video Doorbell Set\" width=\"930\" height=\"599\" \/><img loading=\"lazy\" decoding=\"async\" class=\"aligncenter\" src=\"\/wp-content\/uploads\/replace\/7306c0dbe31bd4a3266858110dd23bab.jpeg\" alt=\"Xiaomi AI Face Identification 720P IR Night Vision Video Doorbell Set\" width=\"930\" height=\"458\" \/><img loading=\"lazy\" decoding=\"async\" class=\"aligncenter\" src=\"\/wp-content\/uploads\/replace\/e4e998b3d3b561693b6a8845e4d85b62.jpeg\" alt=\"Xiaomi AI Face Identification 720P IR Night Vision Video Doorbell Set\" width=\"930\" height=\"555\" \/><img loading=\"lazy\" decoding=\"async\" class=\"aligncenter\" src=\"\/wp-content\/uploads\/replace\/92182ce184690e754678c91a34509055.jpeg\" alt=\"Xiaomi AI Face Identification 720P IR Night Vision Video Doorbell Set\" width=\"930\" height=\"433\" \/><img loading=\"lazy\" decoding=\"async\" class=\"aligncenter\" src=\"\/wp-content\/uploads\/replace\/5b3f1090db3a1a7ea0826cdca8567168.jpeg\" alt=\"Xiaomi AI Face Identification 720P IR Night Vision Video Doorbell Set\" width=\"930\" height=\"518\" \/><img loading=\"lazy\" decoding=\"async\" class=\"aligncenter\" src=\"\/wp-content\/uploads\/replace\/2412fe2b8946d28d743d47c3b60b8644.jpeg\" alt=\"Xiaomi AI Face Identification 720P IR Night Vision Video Doorbell Set\" width=\"930\" height=\"578\" \/><img loading=\"lazy\" decoding=\"async\" class=\"aligncenter\" src=\"\/wp-content\/uploads\/replace\/a37660e50749a96c734b49e7277faba4.jpeg\" alt=\"Xiaomi AI Face Identification 720P IR Night Vision Video Doorbell Set\" width=\"930\" height=\"1250\" \/><img loading=\"lazy\" decoding=\"async\" class=\"aligncenter\" src=\"\/wp-content\/uploads\/replace\/9288e33aa56db221dab2a7be3c80b28d.jpeg\" alt=\"Xiaomi AI Face Identification 720P IR Night Vision Video Doorbell Set\" width=\"930\" height=\"900\" \/><img loading=\"lazy\" decoding=\"async\" class=\"aligncenter\" src=\"\/wp-content\/uploads\/replace\/92249db7eef3e28ba717ee149794562b.jpeg\" alt=\"Xiaomi AI Face Identification 720P IR Night Vision Video Doorbell Set\" width=\"930\" height=\"813\" \/><img loading=\"lazy\" decoding=\"async\" class=\"aligncenter\" src=\"\/wp-content\/uploads\/replace\/d8c2c1f8cdcfa2d310ac10e3a5bfa601.jpeg\" alt=\"Xiaomi AI Face Identification 720P IR Night Vision Video Doorbell Set\" width=\"930\" height=\"704\" \/><img loading=\"lazy\" decoding=\"async\" class=\"aligncenter\" src=\"\/wp-content\/uploads\/replace\/c466584de1a43f59d3a8b9082693d2e0.jpeg\" alt=\"Xiaomi AI Face Identification 720P IR Night Vision Video Doorbell Set\" width=\"930\" height=\"642\" \/><img loading=\"lazy\" decoding=\"async\" class=\"aligncenter\" src=\"\/wp-content\/uploads\/replace\/49cfcf70c8af27541dac4759c41b304f.jpeg\" alt=\"Xiaomi AI Face Identification 720P IR Night Vision Video Doorbell Set\" width=\"1000\" height=\"667\" \/><img loading=\"lazy\" decoding=\"async\" class=\"aligncenter\" src=\"\/wp-content\/uploads\/replace\/60c094dfe3e0478af473cd4148a711c2.jpeg\" alt=\"Xiaomi AI Face Identification 720P IR Night Vision Video Doorbell Set\" width=\"930\" height=\"610\" \/><img loading=\"lazy\" decoding=\"async\" class=\"aligncenter\" src=\"\/wp-content\/uploads\/replace\/ca2663abf76dbd2a30e69dfd7e517ea8.jpeg\" alt=\"Xiaomi AI Face Identification 720P IR Night Vision Video Doorbell Set\" width=\"930\" height=\"438\" \/><img loading=\"lazy\" decoding=\"async\" class=\"aligncenter\" src=\"\/wp-content\/uploads\/replace\/681503cf32e806064a59ed81c71e74e8.jpeg\" alt=\"Xiaomi AI Face Identification 720P IR Night Vision Video Doorbell Set\" width=\"930\" height=\"464\" \/><img loading=\"lazy\" decoding=\"async\" class=\"aligncenter\" src=\"\/wp-content\/uploads\/replace\/955c7ac25e68f6d655de9c3a9af16c7d.jpeg\" alt=\"Xiaomi AI Face Identification 720P IR Night Vision Video Doorbell Set\" width=\"930\" height=\"590\" \/><img loading=\"lazy\" decoding=\"async\" class=\"aligncenter\" src=\"\/wp-content\/uploads\/replace\/2dfdc8a042a33bb371d2c7ddbe12d054.jpeg\" alt=\"Xiaomi AI Face Identification 720P IR Night Vision Video Doorbell Set\" width=\"930\" height=\"815\" \/><\/div>\n<div>\n<p><strong>Especificaci\u00f3n<\/strong>:<br \/>\nNombre: timbre con v\u00eddeo Xiaomi<br \/>\nModelo: FJ02MLWJ<br \/>\nBater\u00eda: bater\u00eda AA LR6 de 1,5 V (no incluida)<br \/>\nConexi\u00f3n WiFi: Wi-Fi RF 433MHz<br \/>\nResoluci\u00f3n: 1280 *<br \/>\nLente de \u00e1ngulo 720P: 105 grados<br \/>\nApertura: F2.0<br \/>\nLuz IR: 4 piezas 850 nm<br \/>\nTemperatura de funcionamiento: 0 a 45\u00b0C<br \/>\nSistema: Android versi\u00f3n 4.4 o iOS 9.0 o superior<br \/>\nEst\u00e1ndar ejecutivo: GB\/T 31070<\/p>\n<p>Nombre: receptor Xiaomi<br \/>\nModelo: FJ03MLNJ<br \/>\nFuente de alimentaci\u00f3n: 100-240 V, 50-60 Hz<br \/>\nConexi\u00f3n WiFi: 433MHz RF<br \/>\nTemperatura de funcionamiento: 0 a 45\u00b0C<\/p>\n<\/div>","protected":false},"excerpt":{"rendered":"<p><strong>Caracter\u00edsticas<\/strong>:<br \/>\n<strong>Identificaci\u00f3n facial por IA<\/strong><br \/>\nDetecci\u00f3n de movimiento y pulsaci\u00f3n de v\u00eddeo SMS.<br \/>\n<strong>\u00bfVisi\u00f3n nocturna infrarroja?<\/strong><br \/>\nAlmacenamiento gratuito de v\u00eddeos en la nube.<br \/>\n<strong>Resoluci\u00f3n HD 720P<\/strong><br \/>\nSpeaks in real time.<br \/>\nSupports up to 4 users connecting at the same time.<br \/>\nThe transmitter range is more than 50 meters.<\/p>","protected":false},"featured_media":24200,"template":"","meta":[],"product_brand":[],"product_cat":[1318,1305],"product_tag":[1022],"class_list":{"0":"post-24077","1":"product","2":"type-product","3":"status-publish","4":"has-post-thumbnail","6":"product_cat-gadgets","7":"product_cat-xiaomi-eco","8":"product_tag-xiaomi-ai-face-identification-720p-ir-night-vision-video-doorbell-set","10":"first","11":"instock","12":"shipping-taxable","13":"product-type-external"},"aioseo_notices":[],"aioseo_head":"\n\t\t<!-- All in One SEO Pro 4.5.9.2 - aioseo.com -->\n\t\t<meta name=\"description\" content=\"Features: AI face identification Motion detection and pulsation of SMS video. Night vision infrared? Free cloud video storage. HD 720P resolution Speaks in real time. Supports up to 4 users connecting at the same time. The transmitter range is more than 50 meters.\" \/>\n\t\t<meta name=\"robots\" content=\"max-image-preview:large\" \/>\n\t\t<link rel=\"canonical\" href=\"https:\/\/www.rucashk.com\/es\/producto\/xiaomi-ai-face-identification-720p-ir-night-vision-video-doorbell-set-wholesale\/\" \/>\n\t\t<meta name=\"generator\" content=\"All in One SEO Pro (AIOSEO) 4.5.9.2\" \/>\n\t\t<meta property=\"og:locale\" content=\"es_ES\" \/>\n\t\t<meta property=\"og:site_name\" content=\"Rucas - One-stop AIoT Distribution Worldwide\" \/>\n\t\t<meta property=\"og:type\" content=\"article\" \/>\n\t\t<meta property=\"og:title\" content=\"Xiaomi AI Face Identification 720P IR Night Vision Video Doorbell Set Wholesale - Rucas - Wholesale and Distribution\" \/>\n\t\t<meta property=\"og:description\" content=\"Features: AI face identification Motion detection and pulsation of SMS video. Night vision infrared? Free cloud video storage. HD 720P resolution Speaks in real time. Supports up to 4 users connecting at the same time. The transmitter range is more than 50 meters.\" \/>\n\t\t<meta property=\"og:url\" content=\"https:\/\/www.rucashk.com\/es\/producto\/xiaomi-ai-face-identification-720p-ir-night-vision-video-doorbell-set-wholesale\/\" \/>\n\t\t<meta property=\"og:image\" content=\"https:\/\/www.rucashk.com\/wp-content\/uploads\/replace\/503b8e645f128a97ccde2b6290747646.jpeg\" \/>\n\t\t<meta property=\"og:image:secure_url\" content=\"https:\/\/www.rucashk.com\/wp-content\/uploads\/replace\/503b8e645f128a97ccde2b6290747646.jpeg\" \/>\n\t\t<meta property=\"og:image:width\" content=\"1456\" \/>\n\t\t<meta property=\"og:image:height\" content=\"816\" \/>\n\t\t<meta property=\"article:published_time\" content=\"2024-01-09T16:00:37+00:00\" \/>\n\t\t<meta property=\"article:modified_time\" content=\"2024-03-13T13:06:43+00:00\" \/>\n\t\t<meta name=\"twitter:card\" content=\"summary_large_image\" \/>\n\t\t<meta name=\"twitter:title\" content=\"Xiaomi AI Face Identification 720P IR Night Vision Video Doorbell Set Wholesale - Rucas - Wholesale and Distribution\" \/>\n\t\t<meta name=\"twitter:description\" content=\"Features: AI face identification Motion detection and pulsation of SMS video. Night vision infrared? Free cloud video storage. HD 720P resolution Speaks in real time. Supports up to 4 users connecting at the same time. The transmitter range is more than 50 meters.\" \/>\n\t\t<meta name=\"twitter:image\" content=\"https:\/\/www.rucashk.com\/wp-content\/uploads\/replace\/503b8e645f128a97ccde2b6290747646.jpeg\" \/>\n\t\t<script type=\"application\/ld+json\" class=\"aioseo-schema\">\n\t\t\t{\"@context\":\"https:\\\/\\\/schema.org\",\"@graph\":[{\"@type\":\"BreadcrumbList\",\"@id\":\"https:\\\/\\\/www.rucashk.com\\\/es\\\/producto\\\/xiaomi-ai-face-identification-720p-ir-night-vision-video-doorbell-set-wholesale\\\/#breadcrumblist\",\"itemListElement\":[{\"@type\":\"ListItem\",\"@id\":\"https:\\\/\\\/www.rucashk.com\\\/es\\\/#listItem\",\"position\":1,\"name\":\"Home\",\"item\":\"https:\\\/\\\/www.rucashk.com\\\/es\\\/\",\"nextItem\":\"https:\\\/\\\/www.rucashk.com\\\/es\\\/producto\\\/xiaomi-ai-face-identification-720p-ir-night-vision-video-doorbell-set-wholesale\\\/#listItem\"},{\"@type\":\"ListItem\",\"@id\":\"https:\\\/\\\/www.rucashk.com\\\/es\\\/producto\\\/xiaomi-ai-face-identification-720p-ir-night-vision-video-doorbell-set-wholesale\\\/#listItem\",\"position\":2,\"name\":\"Xiaomi AI Face Identification 720P IR Night Vision Video Doorbell Set Wholesale\",\"previousItem\":\"https:\\\/\\\/www.rucashk.com\\\/es\\\/#listItem\"}]},{\"@type\":\"Organization\",\"@id\":\"https:\\\/\\\/www.rucashk.com\\\/es\\\/#organization\",\"name\":\"Rucas\",\"url\":\"https:\\\/\\\/www.rucashk.com\\\/es\\\/\",\"logo\":{\"@type\":\"ImageObject\",\"url\":\"https:\\\/\\\/www.rucashk.com\\\/wp-content\\\/uploads\\\/2023\\\/12\\\/Rucas_campany_logo.png\",\"@id\":\"https:\\\/\\\/www.rucashk.com\\\/es\\\/producto\\\/xiaomi-ai-face-identification-720p-ir-night-vision-video-doorbell-set-wholesale\\\/#organizationLogo\",\"width\":221,\"height\":65},\"image\":{\"@id\":\"https:\\\/\\\/www.rucashk.com\\\/es\\\/#organizationLogo\"}},{\"@type\":\"Person\",\"@id\":\"https:\\\/\\\/www.rucashk.com\\\/es\\\/author\\\/admin\\\/#author\",\"url\":\"https:\\\/\\\/www.rucashk.com\\\/es\\\/author\\\/admin\\\/\",\"name\":\"admin\",\"image\":{\"@type\":\"ImageObject\",\"@id\":\"https:\\\/\\\/www.rucashk.com\\\/es\\\/producto\\\/xiaomi-ai-face-identification-720p-ir-night-vision-video-doorbell-set-wholesale\\\/#authorImage\",\"url\":\"https:\\\/\\\/secure.gravatar.com\\\/avatar\\\/b7c8925b09a27e72b30232f8ecaadbd5af0f70a38c78096863fe51b64f031c24?s=96&d=mm&r=g\",\"width\":96,\"height\":96,\"caption\":\"admin\"}},{\"@type\":\"WebPage\",\"@id\":\"https:\\\/\\\/www.rucashk.com\\\/es\\\/producto\\\/xiaomi-ai-face-identification-720p-ir-night-vision-video-doorbell-set-wholesale\\\/#webpage\",\"url\":\"https:\\\/\\\/www.rucashk.com\\\/es\\\/producto\\\/xiaomi-ai-face-identification-720p-ir-night-vision-video-doorbell-set-wholesale\\\/\",\"name\":\"Xiaomi AI Face Identification 720P IR Night Vision Video Doorbell Set Wholesale - Rucas - Wholesale and Distribution\",\"description\":\"Features: AI face identification Motion detection and pulsation of SMS video. Night vision infrared? Free cloud video storage. HD 720P resolution Speaks in real time. Supports up to 4 users connecting at the same time. The transmitter range is more than 50 meters.\",\"inLanguage\":\"es-ES\",\"isPartOf\":{\"@id\":\"https:\\\/\\\/www.rucashk.com\\\/es\\\/#website\"},\"breadcrumb\":{\"@id\":\"https:\\\/\\\/www.rucashk.com\\\/es\\\/producto\\\/xiaomi-ai-face-identification-720p-ir-night-vision-video-doorbell-set-wholesale\\\/#breadcrumblist\"},\"author\":{\"@id\":\"https:\\\/\\\/www.rucashk.com\\\/es\\\/author\\\/admin\\\/#author\"},\"creator\":{\"@id\":\"https:\\\/\\\/www.rucashk.com\\\/es\\\/author\\\/admin\\\/#author\"},\"image\":{\"@type\":\"ImageObject\",\"url\":\"https:\\\/\\\/www.rucashk.com\\\/wp-content\\\/uploads\\\/2024\\\/01\\\/Xiaomi-Zero-AI-identificaci-n-facial-720P-IR-visi-n-nocturna-timbre-de-v-deo-Set.jpeg\",\"@id\":\"https:\\\/\\\/www.rucashk.com\\\/es\\\/producto\\\/xiaomi-ai-face-identification-720p-ir-night-vision-video-doorbell-set-wholesale\\\/#mainImage\",\"width\":800,\"height\":800},\"primaryImageOfPage\":{\"@id\":\"https:\\\/\\\/www.rucashk.com\\\/es\\\/producto\\\/xiaomi-ai-face-identification-720p-ir-night-vision-video-doorbell-set-wholesale\\\/#mainImage\"},\"datePublished\":\"2024-01-09T16:00:37+00:00\",\"dateModified\":\"2024-03-13T13:06:43+00:00\"},{\"@type\":\"WebSite\",\"@id\":\"https:\\\/\\\/www.rucashk.com\\\/es\\\/#website\",\"url\":\"https:\\\/\\\/www.rucashk.com\\\/es\\\/\",\"name\":\"Rucas - Wholesale and distribution worldwide\",\"alternateName\":\"Rucas - One-stop AIoT Distribution Worldwide\",\"description\":\"One-stop AIoT Distribution Worldwide\",\"inLanguage\":\"es-ES\",\"publisher\":{\"@id\":\"https:\\\/\\\/www.rucashk.com\\\/es\\\/#organization\"}}]}\n\t\t<\/script>\n\t\t<!-- All in One SEO Pro -->\r\n\t\t<title>Xiaomi AI Face Identification 720P IR Night Vision Video Doorbell Set Wholesale - Rucas - Wholesale and Distribution<\/title>\n\n","aioseo_head_json":{"title":"Xiaomi AI Face Identification 720P IR Night Vision Video Doorbell Set Wholesale - Rucas - Wholesale and Distribution","description":"Features: AI face identification Motion detection and pulsation of SMS video. Night vision infrared? Free cloud video storage. HD 720P resolution Speaks in real time. Supports up to 4 users connecting at the same time. The transmitter range is more than 50 meters.","canonical_url":"https:\/\/www.rucashk.com\/es\/producto\/xiaomi-ai-face-identification-720p-ir-night-vision-video-doorbell-set-wholesale\/","robots":"max-image-preview:large","keywords":"","webmasterTools":{"miscellaneous":""},"og:locale":"es_ES","og:site_name":"Rucas - One-stop AIoT Distribution Worldwide","og:type":"article","og:title":"Xiaomi AI Face Identification 720P IR Night Vision Video Doorbell Set Wholesale - Rucas - Wholesale and Distribution","og:description":"Features: AI face identification Motion detection and pulsation of SMS video. Night vision infrared? Free cloud video storage. HD 720P resolution Speaks in real time. Supports up to 4 users connecting at the same time. The transmitter range is more than 50 meters.","og:url":"https:\/\/www.rucashk.com\/es\/producto\/xiaomi-ai-face-identification-720p-ir-night-vision-video-doorbell-set-wholesale\/","og:image":"https:\/\/www.rucashk.com\/wp-content\/uploads\/replace\/503b8e645f128a97ccde2b6290747646.jpeg","og:image:secure_url":"https:\/\/www.rucashk.com\/wp-content\/uploads\/replace\/503b8e645f128a97ccde2b6290747646.jpeg","og:image:width":1456,"og:image:height":816,"article:published_time":"2024-01-09T16:00:37+00:00","article:modified_time":"2024-03-13T13:06:43+00:00","twitter:card":"summary_large_image","twitter:title":"Xiaomi AI Face Identification 720P IR Night Vision Video Doorbell Set Wholesale - Rucas - Wholesale and Distribution","twitter:description":"Features: AI face identification Motion detection and pulsation of SMS video. Night vision infrared? Free cloud video storage. HD 720P resolution Speaks in real time. Supports up to 4 users connecting at the same time. The transmitter range is more than 50 meters.","twitter:image":"https:\/\/www.rucashk.com\/wp-content\/uploads\/replace\/503b8e645f128a97ccde2b6290747646.jpeg","schema":{"@context":"https:\/\/schema.org","@graph":[{"@type":"BreadcrumbList","@id":"https:\/\/www.rucashk.com\/es\/producto\/xiaomi-ai-face-identification-720p-ir-night-vision-video-doorbell-set-wholesale\/#breadcrumblist","itemListElement":[{"@type":"ListItem","@id":"https:\/\/www.rucashk.com\/es\/#listItem","position":1,"name":"Home","item":"https:\/\/www.rucashk.com\/es\/","nextItem":"https:\/\/www.rucashk.com\/es\/producto\/xiaomi-ai-face-identification-720p-ir-night-vision-video-doorbell-set-wholesale\/#listItem"},{"@type":"ListItem","@id":"https:\/\/www.rucashk.com\/es\/producto\/xiaomi-ai-face-identification-720p-ir-night-vision-video-doorbell-set-wholesale\/#listItem","position":2,"name":"Xiaomi AI Face Identification 720P IR Night Vision Video Doorbell Set Wholesale","previousItem":"https:\/\/www.rucashk.com\/es\/#listItem"}]},{"@type":"Organization","@id":"https:\/\/www.rucashk.com\/es\/#organization","name":"Rucas","url":"https:\/\/www.rucashk.com\/es\/","logo":{"@type":"ImageObject","url":"https:\/\/www.rucashk.com\/wp-content\/uploads\/2023\/12\/Rucas_campany_logo.png","@id":"https:\/\/www.rucashk.com\/es\/producto\/xiaomi-ai-face-identification-720p-ir-night-vision-video-doorbell-set-wholesale\/#organizationLogo","width":221,"height":65},"image":{"@id":"https:\/\/www.rucashk.com\/es\/#organizationLogo"}},{"@type":"Person","@id":"https:\/\/www.rucashk.com\/es\/author\/admin\/#author","url":"https:\/\/www.rucashk.com\/es\/author\/admin\/","name":"admin","image":{"@type":"ImageObject","@id":"https:\/\/www.rucashk.com\/es\/producto\/xiaomi-ai-face-identification-720p-ir-night-vision-video-doorbell-set-wholesale\/#authorImage","url":"https:\/\/secure.gravatar.com\/avatar\/b7c8925b09a27e72b30232f8ecaadbd5af0f70a38c78096863fe51b64f031c24?s=96&d=mm&r=g","width":96,"height":96,"caption":"admin"}},{"@type":"WebPage","@id":"https:\/\/www.rucashk.com\/es\/producto\/xiaomi-ai-face-identification-720p-ir-night-vision-video-doorbell-set-wholesale\/#webpage","url":"https:\/\/www.rucashk.com\/es\/producto\/xiaomi-ai-face-identification-720p-ir-night-vision-video-doorbell-set-wholesale\/","name":"Xiaomi AI Face Identification 720P IR Night Vision Video Doorbell Set Wholesale - Rucas - Wholesale and Distribution","description":"Features: AI face identification Motion detection and pulsation of SMS video. Night vision infrared? Free cloud video storage. HD 720P resolution Speaks in real time. Supports up to 4 users connecting at the same time. The transmitter range is more than 50 meters.","inLanguage":"es-ES","isPartOf":{"@id":"https:\/\/www.rucashk.com\/es\/#website"},"breadcrumb":{"@id":"https:\/\/www.rucashk.com\/es\/producto\/xiaomi-ai-face-identification-720p-ir-night-vision-video-doorbell-set-wholesale\/#breadcrumblist"},"author":{"@id":"https:\/\/www.rucashk.com\/es\/author\/admin\/#author"},"creator":{"@id":"https:\/\/www.rucashk.com\/es\/author\/admin\/#author"},"image":{"@type":"ImageObject","url":"https:\/\/www.rucashk.com\/wp-content\/uploads\/2024\/01\/Xiaomi-Zero-AI-identificaci-n-facial-720P-IR-visi-n-nocturna-timbre-de-v-deo-Set.jpeg","@id":"https:\/\/www.rucashk.com\/es\/producto\/xiaomi-ai-face-identification-720p-ir-night-vision-video-doorbell-set-wholesale\/#mainImage","width":800,"height":800},"primaryImageOfPage":{"@id":"https:\/\/www.rucashk.com\/es\/producto\/xiaomi-ai-face-identification-720p-ir-night-vision-video-doorbell-set-wholesale\/#mainImage"},"datePublished":"2024-01-09T16:00:37+00:00","dateModified":"2024-03-13T13:06:43+00:00"},{"@type":"WebSite","@id":"https:\/\/www.rucashk.com\/es\/#website","url":"https:\/\/www.rucashk.com\/es\/","name":"Rucas - Wholesale and distribution worldwide","alternateName":"Rucas - One-stop AIoT Distribution Worldwide","description":"One-stop AIoT Distribution Worldwide","inLanguage":"es-ES","publisher":{"@id":"https:\/\/www.rucashk.com\/es\/#organization"}}]}},"aioseo_meta_data":{"post_id":"24077","title":null,"description":null,"keywords":null,"keyphrases":null,"primary_term":null,"canonical_url":null,"og_title":null,"og_description":null,"og_object_type":"default","og_image_type":"default","og_image_url":null,"og_image_width":null,"og_image_height":null,"og_image_custom_url":null,"og_image_custom_fields":null,"og_video":null,"og_custom_url":null,"og_article_section":null,"og_article_tags":null,"twitter_use_og":false,"twitter_card":"default","twitter_image_type":"default","twitter_image_url":null,"twitter_image_custom_url":null,"twitter_image_custom_fields":null,"twitter_title":null,"twitter_description":null,"schema":{"blockGraphs":[],"customGraphs":[],"default":{"data":{"Article":[],"Course":[],"Dataset":[],"FAQPage":[],"Movie":[],"Person":[],"Product":[],"Recipe":[],"Service":[],"SoftwareApplication":[],"WebPage":[]},"graphName":"","isEnabled":true},"graphs":[]},"schema_type":"default","schema_type_options":null,"pillar_content":false,"robots_default":true,"robots_noindex":false,"robots_noarchive":false,"robots_nosnippet":false,"robots_nofollow":false,"robots_noimageindex":false,"robots_noodp":false,"robots_notranslate":false,"robots_max_snippet":null,"robots_max_videopreview":null,"robots_max_imagepreview":"large","priority":null,"frequency":null,"local_seo":null,"breadcrumb_settings":null,"limit_modified_date":false,"created":"2024-04-11 01:57:08","updated":"2025-06-22 17:23:30"},"aioseo_breadcrumb":"<div class=\"aioseo-breadcrumbs\"><span class=\"aioseo-breadcrumb\">\n\t<a href=\"https:\/\/www.rucashk.com\/es\" title=\"Home\">Home<\/a>\n<\/span><span class=\"aioseo-breadcrumb-separator\">&raquo;<\/span><span class=\"aioseo-breadcrumb\">\n\t<a href=\"https:\/\/www.rucashk.com\/es\/products\/\" title=\"Productos\">Productos<\/a>\n<\/span><span class=\"aioseo-breadcrumb-separator\">&raquo;<\/span><span class=\"aioseo-breadcrumb\">\n\t<a href=\"https:\/\/www.rucashk.com\/es\/categoria-producto\/xiaomi-eco\/\" title=\"Xiaomi Eco\">Xiaomi Eco<\/a>\n<\/span><span class=\"aioseo-breadcrumb-separator\">&raquo;<\/span><span class=\"aioseo-breadcrumb\">\n\t<a href=\"https:\/\/www.rucashk.com\/es\/categoria-producto\/xiaomi-eco\/gadgets\/\" title=\"Gadgets\">Gadgets<\/a>\n<\/span><span class=\"aioseo-breadcrumb-separator\">&raquo;<\/span><span class=\"aioseo-breadcrumb\">\n\tXiaomi AI Face Identification 720P IR Night Vision Video Doorbell Set Wholesale\n<\/span><\/div>","aioseo_breadcrumb_json":[{"label":"Home","link":"https:\/\/www.rucashk.com\/es"},{"label":"Productos","link":"https:\/\/www.rucashk.com\/es\/products\/"},{"label":"Xiaomi Eco","link":"https:\/\/www.rucashk.com\/es\/categoria-producto\/xiaomi-eco\/"},{"label":"Gadgets","link":"https:\/\/www.rucashk.com\/es\/categoria-producto\/xiaomi-eco\/gadgets\/"},{"label":"Xiaomi AI Face Identification 720P IR Night Vision Video Doorbell Set Wholesale","link":"https:\/\/www.rucashk.com\/es\/producto\/xiaomi-ai-face-identification-720p-ir-night-vision-video-doorbell-set-wholesale\/"}],"_links":{"self":[{"href":"https:\/\/www.rucashk.com\/es\/wp-json\/wp\/v2\/product\/24077","targetHints":{"allow":["GET"]}}],"collection":[{"href":"https:\/\/www.rucashk.com\/es\/wp-json\/wp\/v2\/product"}],"about":[{"href":"https:\/\/www.rucashk.com\/es\/wp-json\/wp\/v2\/types\/product"}],"wp:featuredmedia":[{"embeddable":true,"href":"https:\/\/www.rucashk.com\/es\/wp-json\/wp\/v2\/media\/24200"}],"wp:attachment":[{"href":"https:\/\/www.rucashk.com\/es\/wp-json\/wp\/v2\/media?parent=24077"}],"wp:term":[{"taxonomy":"product_brand","embeddable":true,"href":"https:\/\/www.rucashk.com\/es\/wp-json\/wp\/v2\/product_brand?post=24077"},{"taxonomy":"product_cat","embeddable":true,"href":"https:\/\/www.rucashk.com\/es\/wp-json\/wp\/v2\/product_cat?post=24077"},{"taxonomy":"product_tag","embeddable":true,"href":"https:\/\/www.rucashk.com\/es\/wp-json\/wp\/v2\/product_tag?post=24077"}],"curies":[{"name":"wp","href":"https:\/\/api.w.org\/{rel}","templated":true}]}}