{"id":24076,"date":"2024-01-09T16:00:36","date_gmt":"2024-01-09T16:00:36","guid":{"rendered":"http:\/\/rucashk.com\/?post_type=product&#038;p=24076"},"modified":"2024-03-12T08:05:15","modified_gmt":"2024-03-12T08:05:15","slug":"70mai-jump-starter-max-wholesale","status":"publish","type":"product","link":"https:\/\/www.rucashk.com\/es\/producto\/70mai-jump-starter-max-wholesale\/","title":{"rendered":"Arrancador de salto 70mai Max"},"content":{"rendered":"<div class=\"detailmodule_html\">\n<div class=\"detail-desc-decorate-richtext\">\n<p><img fetchpriority=\"high\" decoding=\"async\" class=\"detail-desc-decorate-image aligncenter\" src=\"\/wp-content\/uploads\/replace\/395ac63d4b664a4632caa729aec5f377.jpeg\" alt=\"70mai\u00a0Jump Starter Max\" width=\"960\" height=\"768\" \/><img decoding=\"async\" class=\"detail-desc-decorate-image aligncenter\" src=\"\/wp-content\/uploads\/replace\/77d88257a0deb2abba98f1ac0af3ab20.jpeg\" alt=\"70mai\u00a0Jump Starter Max\" width=\"960\" height=\"512\" \/><img decoding=\"async\" class=\"detail-desc-decorate-image aligncenter\" src=\"\/wp-content\/uploads\/replace\/0c25af95a084b2ff799f3dc4385cc6ce.jpeg\" alt=\"70mai\u00a0Jump Starter Max\" width=\"960\" height=\"428\" \/><img loading=\"lazy\" decoding=\"async\" class=\"detail-desc-decorate-image aligncenter\" src=\"\/wp-content\/uploads\/replace\/8e77c98a2c88fbacb140e31b5545c2bb.jpeg\" alt=\"70mai\u00a0Jump Starter Max\" width=\"960\" height=\"724\" \/><img loading=\"lazy\" decoding=\"async\" class=\"detail-desc-decorate-image aligncenter\" src=\"\/wp-content\/uploads\/replace\/f9eae83947a07cfbb4e581f56fa262de.jpeg\" alt=\"70mai\u00a0Jump Starter Max\" width=\"960\" height=\"521\" \/><img loading=\"lazy\" decoding=\"async\" class=\"detail-desc-decorate-image aligncenter\" src=\"\/wp-content\/uploads\/replace\/e8b1362bf2c22f6839e75390e185aae1.jpeg\" alt=\"70mai\u00a0Jump Starter Max\" width=\"960\" height=\"798\" \/><img loading=\"lazy\" decoding=\"async\" class=\"detail-desc-decorate-image aligncenter\" src=\"\/wp-content\/uploads\/replace\/c8decca2bb35e00920480bffe2fba2c7.jpeg\" alt=\"70mai\u00a0Jump Starter Max\" width=\"960\" height=\"632\" \/><img loading=\"lazy\" decoding=\"async\" class=\"detail-desc-decorate-image aligncenter\" src=\"\/wp-content\/uploads\/replace\/c7c190c9108adfb024bb8b4d90404879.jpeg\" alt=\"70mai\u00a0Jump Starter Max\" width=\"960\" height=\"750\" \/><img loading=\"lazy\" decoding=\"async\" class=\"detail-desc-decorate-image aligncenter\" src=\"\/wp-content\/uploads\/replace\/8a3be508082e773b87c9a57466acd948.jpeg\" alt=\"70mai\u00a0Jump Starter Max\" width=\"960\" height=\"851\" \/><img loading=\"lazy\" decoding=\"async\" class=\"detail-desc-decorate-image aligncenter\" src=\"\/wp-content\/uploads\/replace\/2b7a6ffc1550db1ea2095cb4a06756ad.jpeg\" alt=\"70mai\u00a0Jump Starter Max\" width=\"960\" height=\"748\" \/><\/p>\n<\/div>\n<\/div>\n<div class=\"detailmodule_text-image\"><img loading=\"lazy\" decoding=\"async\" class=\"detail-desc-decorate-image aligncenter\" src=\"\/wp-content\/uploads\/replace\/5b52b8e2e70fd80677ef488a2175f551.jpeg\" alt=\"70mai\u00a0Jump Starter Max\" width=\"832\" height=\"832\" \/><\/div>\n<div>\n<div><strong>Notas:<\/strong><\/div>\n<div><\/div>\n<div>1. Lea atentamente este manual antes de utilizar el dispositivo.<\/div>\n<div><\/div>\n<div>2. El dispositivo no debe utilizarse en lugar de la bater\u00eda de un autom\u00f3vil.<\/div>\n<div><\/div>\n<div>3. No utilices el dispositivo como juguete.<\/div>\n<div>4. Para reducir el riesgo de lesiones, supervise de cerca a los ni\u00f1os que se encuentren cerca del dispositivo.<\/div>\n<div><\/div>\n<div>5. El dispositivo est\u00e1 dise\u00f1ado para arrancar una bater\u00eda de autom\u00f3vil de 12 V y no debe usarse para ning\u00fan otro prop\u00f3sito.<\/div>\n<div><\/div>\n<div><span data-spm-anchor-id=\"2114.12057483.0.i4.36b952b0ohhCYg\">6. Utilice los clips de bater\u00eda proporcionados. Si el clip o el cable de la bater\u00eda est\u00e1n da\u00f1ados, no utilice el dispositivo, ya que podr\u00eda provocar un incendio, una descarga el\u00e9ctrica u otras lesiones personales.<\/span><\/div>\n<div><\/div>\n<div>7. Conecte los extremos positivo y negativo de la bater\u00eda directamente.<\/div>\n<div><\/div>\n<div>8. Antes de arrancar la bater\u00eda del autom\u00f3vil, aseg\u00farese de que las conexiones est\u00e9n libres de \u00f3xido y otros objetos extra\u00f1os. Conecte el dispositivo de forma segura a los clips de la bater\u00eda para evitar que el rendimiento del arranque se vea afectado por una mala conexi\u00f3n.<\/div>\n<div><\/div>\n<div>9. Despu\u00e9s de que la bater\u00eda del autom\u00f3vil se haya arrancado exitosamente, desconecte el dispositivo de la bater\u00eda del autom\u00f3vil dentro de los 30 segundos para evitar da\u00f1os.<\/div>\n<div><\/div>\n<div>10. No utilice el dispositivo m\u00e1s de 3 veces consecutivas. De lo contrario, el dispositivo podr\u00eda sobrecalentarse y da\u00f1arse. Si se van a realizar varios arranques r\u00e1pidos, aseg\u00farese de que haya un intervalo de 2 minutos entre cada arranque r\u00e1pido.<\/div>\n<div><\/div>\n<div>11. No utilice los clips para cargar ning\u00fan otro dispositivo.<\/div>\n<div><\/div>\n<div>12. No coloque el producto en un ambiente donde la temperatura supere los 60 \u2103.<\/div>\n<div><\/div>\n<div>13. La carga debe realizarse a temperatura ambiente entre 0 \u2103 y 45 \u2103.<\/div>\n<div><\/div>\n<div>14. No exponga el dispositivo a la lluvia ni lo sumerja en agua.<\/div>\n<div><\/div>\n<div>15. No coloque el dispositivo en condiciones de calor extremo ni en el fuego.<\/div>\n<div><\/div>\n<div>16. No utilice el producto en un entorno con riesgo de explosi\u00f3n, como cerca de l\u00edquidos o gases inflamables, o en presencia de polvo.<\/div>\n<div><\/div>\n<div>17. Antes de usar el dispositivo, aseg\u00farese de que haya alguien lo suficientemente cerca para escucharlo o brindarle asistencia.<\/div>\n<div><\/div>\n<div>18. Antes de utilizar el dispositivo, qu\u00edtese cualquier objeto met\u00e1lico de su cuerpo, como anillos, pulseras y collares.<\/div>\n<div><\/div>\n<div>19. Para reducir el riesgo de da\u00f1ar el enchufe y el cable de alimentaci\u00f3n, desconecte el dispositivo de los clips de la bater\u00eda utilizando el enchufe del clip de la bater\u00eda.<\/div>\n<div><\/div>\n<div>20. No utilice bater\u00edas da\u00f1adas o modificadas. De lo contrario, podr\u00edan producirse consecuencias impredecibles como incendio, explosi\u00f3n o lesiones.<\/div>\n<div><\/div>\n<div>21. Utilice el cable de carga proporcionado o uno de especificaciones similares al puerto de entrada del dispositivo para cargar el dispositivo.<\/div>\n<div><\/div>\n<div>22. No cargue el dispositivo inmediatamente despu\u00e9s de usarlo para arrancar la bater\u00eda de un autom\u00f3vil.<\/div>\n<div><\/div>\n<div>23. No utilice el dispositivo para arrancar la bater\u00eda de un autom\u00f3vil mientras se est\u00e1 cargando.<\/div>\n<div><\/div>\n<div>24. En casos extremos, es posible que se produzca una fuga de l\u00edquido de la bater\u00eda. No permita que el l\u00edquido entre en contacto directo con su mano o piel. En caso de contacto, lave la pieza inmediatamente con agua y jab\u00f3n. Si el l\u00edquido entra accidentalmente en sus ojos. L\u00e1vese los ojos con agua fr\u00eda durante al menos 10 minutos antes de buscar atenci\u00f3n m\u00e9dica de inmediato.<\/div>\n<div>25. Como el dispositivo contiene una bater\u00eda de litio, des\u00e9chela de acuerdo con las regulaciones locales al final de la serie del producto.<\/div>\n<\/div>","protected":false},"excerpt":{"rendered":"<ul>\n<li>Potente arrancador de bater\u00eda de coche de 11100 mah.<\/li>\n<li>Banco de energ\u00eda multifuncional.<\/li>\n<li>Luz indicadora de bater\u00eda LED incorporada, dise\u00f1o impermeable e ign\u00edfugo.<\/li>\n<li>Protecci\u00f3n de temperatura y abrazaderas inteligentes.<\/li>\n<\/ul>","protected":false},"featured_media":24196,"template":"","meta":[],"product_brand":[],"product_cat":[1288],"product_tag":[1021],"class_list":{"0":"post-24076","1":"product","2":"type-product","3":"status-publish","4":"has-post-thumbnail","6":"product_cat-e-vehicle-accessories","7":"product_tag-70mai-jump-starter-max","9":"first","10":"instock","11":"shipping-taxable","12":"product-type-external"},"aioseo_notices":[],"aioseo_head":"\n\t\t<!-- All in One SEO Pro 4.5.9.2 - aioseo.com -->\n\t\t<meta name=\"description\" content=\"11100mah Powerful Car Battery Jump Starter. Multifunctional Power Bank. Built-in LED battery Indicator Light, Waterproof and fireproof design. Temperature Protection and Smart Clamps.\" \/>\n\t\t<meta name=\"robots\" content=\"max-image-preview:large\" \/>\n\t\t<link rel=\"canonical\" href=\"https:\/\/www.rucashk.com\/es\/producto\/70mai-jump-starter-max-wholesale\/\" \/>\n\t\t<meta name=\"generator\" content=\"All in One SEO Pro (AIOSEO) 4.5.9.2\" \/>\n\t\t<meta property=\"og:locale\" content=\"es_ES\" \/>\n\t\t<meta property=\"og:site_name\" content=\"Rucas - One-stop AIoT Distribution Worldwide\" \/>\n\t\t<meta property=\"og:type\" content=\"article\" \/>\n\t\t<meta property=\"og:title\" content=\"70mai Jump Starter Max Wholesale - Rucas - Wholesale and Distribution\" \/>\n\t\t<meta property=\"og:description\" content=\"11100mah Powerful Car Battery Jump Starter. Multifunctional Power Bank. Built-in LED battery Indicator Light, Waterproof and fireproof design. Temperature Protection and Smart Clamps.\" \/>\n\t\t<meta property=\"og:url\" content=\"https:\/\/www.rucashk.com\/es\/producto\/70mai-jump-starter-max-wholesale\/\" \/>\n\t\t<meta property=\"og:image\" content=\"https:\/\/www.rucashk.com\/wp-content\/uploads\/replace\/503b8e645f128a97ccde2b6290747646.jpeg\" \/>\n\t\t<meta property=\"og:image:secure_url\" content=\"https:\/\/www.rucashk.com\/wp-content\/uploads\/replace\/503b8e645f128a97ccde2b6290747646.jpeg\" \/>\n\t\t<meta property=\"og:image:width\" content=\"1456\" \/>\n\t\t<meta property=\"og:image:height\" content=\"816\" \/>\n\t\t<meta property=\"article:published_time\" content=\"2024-01-09T16:00:36+00:00\" \/>\n\t\t<meta property=\"article:modified_time\" content=\"2024-03-12T08:05:15+00:00\" \/>\n\t\t<meta name=\"twitter:card\" content=\"summary_large_image\" \/>\n\t\t<meta name=\"twitter:title\" content=\"70mai Jump Starter Max Wholesale - Rucas - Wholesale and Distribution\" \/>\n\t\t<meta name=\"twitter:description\" content=\"11100mah Powerful Car Battery Jump Starter. Multifunctional Power Bank. Built-in LED battery Indicator Light, Waterproof and fireproof design. Temperature Protection and Smart Clamps.\" \/>\n\t\t<meta name=\"twitter:image\" content=\"https:\/\/www.rucashk.com\/wp-content\/uploads\/replace\/503b8e645f128a97ccde2b6290747646.jpeg\" \/>\n\t\t<script type=\"application\/ld+json\" class=\"aioseo-schema\">\n\t\t\t{\"@context\":\"https:\\\/\\\/schema.org\",\"@graph\":[{\"@type\":\"BreadcrumbList\",\"@id\":\"https:\\\/\\\/www.rucashk.com\\\/es\\\/producto\\\/70mai-jump-starter-max-wholesale\\\/#breadcrumblist\",\"itemListElement\":[{\"@type\":\"ListItem\",\"@id\":\"https:\\\/\\\/www.rucashk.com\\\/es\\\/#listItem\",\"position\":1,\"name\":\"Home\",\"item\":\"https:\\\/\\\/www.rucashk.com\\\/es\\\/\",\"nextItem\":\"https:\\\/\\\/www.rucashk.com\\\/es\\\/producto\\\/70mai-jump-starter-max-wholesale\\\/#listItem\"},{\"@type\":\"ListItem\",\"@id\":\"https:\\\/\\\/www.rucashk.com\\\/es\\\/producto\\\/70mai-jump-starter-max-wholesale\\\/#listItem\",\"position\":2,\"name\":\"70mai\\u00a0Jump Starter Max Wholesale\",\"previousItem\":\"https:\\\/\\\/www.rucashk.com\\\/es\\\/#listItem\"}]},{\"@type\":\"Organization\",\"@id\":\"https:\\\/\\\/www.rucashk.com\\\/es\\\/#organization\",\"name\":\"Rucas\",\"url\":\"https:\\\/\\\/www.rucashk.com\\\/es\\\/\",\"logo\":{\"@type\":\"ImageObject\",\"url\":\"https:\\\/\\\/www.rucashk.com\\\/wp-content\\\/uploads\\\/2023\\\/12\\\/Rucas_campany_logo.png\",\"@id\":\"https:\\\/\\\/www.rucashk.com\\\/es\\\/producto\\\/70mai-jump-starter-max-wholesale\\\/#organizationLogo\",\"width\":221,\"height\":65},\"image\":{\"@id\":\"https:\\\/\\\/www.rucashk.com\\\/es\\\/#organizationLogo\"}},{\"@type\":\"Person\",\"@id\":\"https:\\\/\\\/www.rucashk.com\\\/es\\\/author\\\/admin\\\/#author\",\"url\":\"https:\\\/\\\/www.rucashk.com\\\/es\\\/author\\\/admin\\\/\",\"name\":\"admin\",\"image\":{\"@type\":\"ImageObject\",\"@id\":\"https:\\\/\\\/www.rucashk.com\\\/es\\\/producto\\\/70mai-jump-starter-max-wholesale\\\/#authorImage\",\"url\":\"https:\\\/\\\/secure.gravatar.com\\\/avatar\\\/b7c8925b09a27e72b30232f8ecaadbd5af0f70a38c78096863fe51b64f031c24?s=96&d=mm&r=g\",\"width\":96,\"height\":96,\"caption\":\"admin\"}},{\"@type\":\"WebPage\",\"@id\":\"https:\\\/\\\/www.rucashk.com\\\/es\\\/producto\\\/70mai-jump-starter-max-wholesale\\\/#webpage\",\"url\":\"https:\\\/\\\/www.rucashk.com\\\/es\\\/producto\\\/70mai-jump-starter-max-wholesale\\\/\",\"name\":\"70mai Jump Starter Max Wholesale - Rucas - Wholesale and Distribution\",\"description\":\"11100mah Powerful Car Battery Jump Starter. Multifunctional Power Bank. Built-in LED battery Indicator Light, Waterproof and fireproof design. Temperature Protection and Smart Clamps.\",\"inLanguage\":\"es-ES\",\"isPartOf\":{\"@id\":\"https:\\\/\\\/www.rucashk.com\\\/es\\\/#website\"},\"breadcrumb\":{\"@id\":\"https:\\\/\\\/www.rucashk.com\\\/es\\\/producto\\\/70mai-jump-starter-max-wholesale\\\/#breadcrumblist\"},\"author\":{\"@id\":\"https:\\\/\\\/www.rucashk.com\\\/es\\\/author\\\/admin\\\/#author\"},\"creator\":{\"@id\":\"https:\\\/\\\/www.rucashk.com\\\/es\\\/author\\\/admin\\\/#author\"},\"image\":{\"@type\":\"ImageObject\",\"url\":\"https:\\\/\\\/www.rucashk.com\\\/wp-content\\\/uploads\\\/2024\\\/01\\\/70mai-Jump-Starter-Max-18000mAh-Battery-Power-Bank-Car-Jump-Starter-70-Mai-Auto-Buster-Emergency.jpg_q50_\\u526f\\u672c.jpg\",\"@id\":\"https:\\\/\\\/www.rucashk.com\\\/es\\\/producto\\\/70mai-jump-starter-max-wholesale\\\/#mainImage\",\"width\":800,\"height\":800},\"primaryImageOfPage\":{\"@id\":\"https:\\\/\\\/www.rucashk.com\\\/es\\\/producto\\\/70mai-jump-starter-max-wholesale\\\/#mainImage\"},\"datePublished\":\"2024-01-09T16:00:36+00:00\",\"dateModified\":\"2024-03-12T08:05:15+00:00\"},{\"@type\":\"WebSite\",\"@id\":\"https:\\\/\\\/www.rucashk.com\\\/es\\\/#website\",\"url\":\"https:\\\/\\\/www.rucashk.com\\\/es\\\/\",\"name\":\"Rucas - Wholesale and distribution worldwide\",\"alternateName\":\"Rucas - One-stop AIoT Distribution Worldwide\",\"description\":\"One-stop AIoT Distribution Worldwide\",\"inLanguage\":\"es-ES\",\"publisher\":{\"@id\":\"https:\\\/\\\/www.rucashk.com\\\/es\\\/#organization\"}}]}\n\t\t<\/script>\n\t\t<!-- All in One SEO Pro -->\r\n\t\t<title>70mai Jump Starter Max Wholesale - Rucas - Wholesale and Distribution<\/title>\n\n","aioseo_head_json":{"title":"70mai Jump Starter Max Wholesale - Rucas - Wholesale and Distribution","description":"11100mah Powerful Car Battery Jump Starter. Multifunctional Power Bank. Built-in LED battery Indicator Light, Waterproof and fireproof design. Temperature Protection and Smart Clamps.","canonical_url":"https:\/\/www.rucashk.com\/es\/producto\/70mai-jump-starter-max-wholesale\/","robots":"max-image-preview:large","keywords":"","webmasterTools":{"miscellaneous":""},"og:locale":"es_ES","og:site_name":"Rucas - One-stop AIoT Distribution Worldwide","og:type":"article","og:title":"70mai Jump Starter Max Wholesale - Rucas - Wholesale and Distribution","og:description":"11100mah Powerful Car Battery Jump Starter. Multifunctional Power Bank. Built-in LED battery Indicator Light, Waterproof and fireproof design. Temperature Protection and Smart Clamps.","og:url":"https:\/\/www.rucashk.com\/es\/producto\/70mai-jump-starter-max-wholesale\/","og:image":"https:\/\/www.rucashk.com\/wp-content\/uploads\/replace\/503b8e645f128a97ccde2b6290747646.jpeg","og:image:secure_url":"https:\/\/www.rucashk.com\/wp-content\/uploads\/replace\/503b8e645f128a97ccde2b6290747646.jpeg","og:image:width":1456,"og:image:height":816,"article:published_time":"2024-01-09T16:00:36+00:00","article:modified_time":"2024-03-12T08:05:15+00:00","twitter:card":"summary_large_image","twitter:title":"70mai Jump Starter Max Wholesale - Rucas - Wholesale and Distribution","twitter:description":"11100mah Powerful Car Battery Jump Starter. Multifunctional Power Bank. Built-in LED battery Indicator Light, Waterproof and fireproof design. Temperature Protection and Smart Clamps.","twitter:image":"https:\/\/www.rucashk.com\/wp-content\/uploads\/replace\/503b8e645f128a97ccde2b6290747646.jpeg","schema":{"@context":"https:\/\/schema.org","@graph":[{"@type":"BreadcrumbList","@id":"https:\/\/www.rucashk.com\/es\/producto\/70mai-jump-starter-max-wholesale\/#breadcrumblist","itemListElement":[{"@type":"ListItem","@id":"https:\/\/www.rucashk.com\/es\/#listItem","position":1,"name":"Home","item":"https:\/\/www.rucashk.com\/es\/","nextItem":"https:\/\/www.rucashk.com\/es\/producto\/70mai-jump-starter-max-wholesale\/#listItem"},{"@type":"ListItem","@id":"https:\/\/www.rucashk.com\/es\/producto\/70mai-jump-starter-max-wholesale\/#listItem","position":2,"name":"70mai\u00a0Jump Starter Max Wholesale","previousItem":"https:\/\/www.rucashk.com\/es\/#listItem"}]},{"@type":"Organization","@id":"https:\/\/www.rucashk.com\/es\/#organization","name":"Rucas","url":"https:\/\/www.rucashk.com\/es\/","logo":{"@type":"ImageObject","url":"https:\/\/www.rucashk.com\/wp-content\/uploads\/2023\/12\/Rucas_campany_logo.png","@id":"https:\/\/www.rucashk.com\/es\/producto\/70mai-jump-starter-max-wholesale\/#organizationLogo","width":221,"height":65},"image":{"@id":"https:\/\/www.rucashk.com\/es\/#organizationLogo"}},{"@type":"Person","@id":"https:\/\/www.rucashk.com\/es\/author\/admin\/#author","url":"https:\/\/www.rucashk.com\/es\/author\/admin\/","name":"admin","image":{"@type":"ImageObject","@id":"https:\/\/www.rucashk.com\/es\/producto\/70mai-jump-starter-max-wholesale\/#authorImage","url":"https:\/\/secure.gravatar.com\/avatar\/b7c8925b09a27e72b30232f8ecaadbd5af0f70a38c78096863fe51b64f031c24?s=96&d=mm&r=g","width":96,"height":96,"caption":"admin"}},{"@type":"WebPage","@id":"https:\/\/www.rucashk.com\/es\/producto\/70mai-jump-starter-max-wholesale\/#webpage","url":"https:\/\/www.rucashk.com\/es\/producto\/70mai-jump-starter-max-wholesale\/","name":"70mai Jump Starter Max Wholesale - Rucas - Wholesale and Distribution","description":"11100mah Powerful Car Battery Jump Starter. Multifunctional Power Bank. Built-in LED battery Indicator Light, Waterproof and fireproof design. Temperature Protection and Smart Clamps.","inLanguage":"es-ES","isPartOf":{"@id":"https:\/\/www.rucashk.com\/es\/#website"},"breadcrumb":{"@id":"https:\/\/www.rucashk.com\/es\/producto\/70mai-jump-starter-max-wholesale\/#breadcrumblist"},"author":{"@id":"https:\/\/www.rucashk.com\/es\/author\/admin\/#author"},"creator":{"@id":"https:\/\/www.rucashk.com\/es\/author\/admin\/#author"},"image":{"@type":"ImageObject","url":"https:\/\/www.rucashk.com\/wp-content\/uploads\/2024\/01\/70mai-Jump-Starter-Max-18000mAh-Battery-Power-Bank-Car-Jump-Starter-70-Mai-Auto-Buster-Emergency.jpg_q50_\u526f\u672c.jpg","@id":"https:\/\/www.rucashk.com\/es\/producto\/70mai-jump-starter-max-wholesale\/#mainImage","width":800,"height":800},"primaryImageOfPage":{"@id":"https:\/\/www.rucashk.com\/es\/producto\/70mai-jump-starter-max-wholesale\/#mainImage"},"datePublished":"2024-01-09T16:00:36+00:00","dateModified":"2024-03-12T08:05:15+00:00"},{"@type":"WebSite","@id":"https:\/\/www.rucashk.com\/es\/#website","url":"https:\/\/www.rucashk.com\/es\/","name":"Rucas - Wholesale and distribution worldwide","alternateName":"Rucas - One-stop AIoT Distribution Worldwide","description":"One-stop AIoT Distribution Worldwide","inLanguage":"es-ES","publisher":{"@id":"https:\/\/www.rucashk.com\/es\/#organization"}}]}},"aioseo_meta_data":{"post_id":"24076","title":null,"description":null,"keywords":null,"keyphrases":null,"primary_term":null,"canonical_url":null,"og_title":null,"og_description":null,"og_object_type":"default","og_image_type":"default","og_image_url":null,"og_image_width":null,"og_image_height":null,"og_image_custom_url":null,"og_image_custom_fields":null,"og_video":null,"og_custom_url":null,"og_article_section":null,"og_article_tags":null,"twitter_use_og":false,"twitter_card":"default","twitter_image_type":"default","twitter_image_url":null,"twitter_image_custom_url":null,"twitter_image_custom_fields":null,"twitter_title":null,"twitter_description":null,"schema":{"blockGraphs":[],"customGraphs":[],"default":{"data":{"Article":[],"Course":[],"Dataset":[],"FAQPage":[],"Movie":[],"Person":[],"Product":[],"Recipe":[],"Service":[],"SoftwareApplication":[],"WebPage":[]},"graphName":"","isEnabled":true},"graphs":[]},"schema_type":"default","schema_type_options":null,"pillar_content":false,"robots_default":true,"robots_noindex":false,"robots_noarchive":false,"robots_nosnippet":false,"robots_nofollow":false,"robots_noimageindex":false,"robots_noodp":false,"robots_notranslate":false,"robots_max_snippet":null,"robots_max_videopreview":null,"robots_max_imagepreview":"large","priority":null,"frequency":null,"local_seo":null,"breadcrumb_settings":null,"limit_modified_date":false,"created":"2024-04-11 01:57:08","updated":"2025-06-22 17:23:29"},"aioseo_breadcrumb":"<div class=\"aioseo-breadcrumbs\"><span class=\"aioseo-breadcrumb\">\n\t<a href=\"https:\/\/www.rucashk.com\/es\" title=\"Home\">Home<\/a>\n<\/span><span class=\"aioseo-breadcrumb-separator\">&raquo;<\/span><span class=\"aioseo-breadcrumb\">\n\t<a href=\"https:\/\/www.rucashk.com\/es\/products\/\" title=\"Productos\">Productos<\/a>\n<\/span><span class=\"aioseo-breadcrumb-separator\">&raquo;<\/span><span class=\"aioseo-breadcrumb\">\n\t<a href=\"https:\/\/www.rucashk.com\/es\/categoria-producto\/e-vehicle-accessories\/\" title=\"E-Vehicle Accessories\">E-Vehicle Accessories<\/a>\n<\/span><span class=\"aioseo-breadcrumb-separator\">&raquo;<\/span><span class=\"aioseo-breadcrumb\">\n\t70mai\u00a0Jump Starter Max Wholesale\n<\/span><\/div>","aioseo_breadcrumb_json":[{"label":"Home","link":"https:\/\/www.rucashk.com\/es"},{"label":"Productos","link":"https:\/\/www.rucashk.com\/es\/products\/"},{"label":"E-Vehicle Accessories","link":"https:\/\/www.rucashk.com\/es\/categoria-producto\/e-vehicle-accessories\/"},{"label":"70mai\u00a0Jump Starter Max Wholesale","link":"https:\/\/www.rucashk.com\/es\/producto\/70mai-jump-starter-max-wholesale\/"}],"_links":{"self":[{"href":"https:\/\/www.rucashk.com\/es\/wp-json\/wp\/v2\/product\/24076","targetHints":{"allow":["GET"]}}],"collection":[{"href":"https:\/\/www.rucashk.com\/es\/wp-json\/wp\/v2\/product"}],"about":[{"href":"https:\/\/www.rucashk.com\/es\/wp-json\/wp\/v2\/types\/product"}],"wp:featuredmedia":[{"embeddable":true,"href":"https:\/\/www.rucashk.com\/es\/wp-json\/wp\/v2\/media\/24196"}],"wp:attachment":[{"href":"https:\/\/www.rucashk.com\/es\/wp-json\/wp\/v2\/media?parent=24076"}],"wp:term":[{"taxonomy":"product_brand","embeddable":true,"href":"https:\/\/www.rucashk.com\/es\/wp-json\/wp\/v2\/product_brand?post=24076"},{"taxonomy":"product_cat","embeddable":true,"href":"https:\/\/www.rucashk.com\/es\/wp-json\/wp\/v2\/product_cat?post=24076"},{"taxonomy":"product_tag","embeddable":true,"href":"https:\/\/www.rucashk.com\/es\/wp-json\/wp\/v2\/product_tag?post=24076"}],"curies":[{"name":"wp","href":"https:\/\/api.w.org\/{rel}","templated":true}]}}