{"id":24072,"date":"2024-01-09T16:00:36","date_gmt":"2024-01-09T16:00:36","guid":{"rendered":"http:\/\/rucashk.com\/?post_type=product&#038;p=24072"},"modified":"2024-03-12T08:05:02","modified_gmt":"2024-03-12T08:05:02","slug":"70mai-jump-starter-wholesale","status":"publish","type":"product","link":"https:\/\/www.rucashk.com\/es\/producto\/70mai-jump-starter-wholesale\/","title":{"rendered":"Arrancador de salto 70mai"},"content":{"rendered":"<p><img fetchpriority=\"high\" decoding=\"async\" class=\"aligncenter\" src=\"\/wp-content\/uploads\/replace\/630cb596854915b2a0cb4413ff52b712.jpeg\" alt=\"70mai\u00a0Jump Starter\" width=\"960\" height=\"918\" data-spm-anchor-id=\"a2g0o.detail.1000023.i1.51c31087gxJTb0\" \/><img decoding=\"async\" class=\"aligncenter\" src=\"\/wp-content\/uploads\/replace\/ceb80021a47cb632c476b285b2c2d3b6.jpeg\" alt=\"70mai\u00a0Jump Starter\" width=\"960\" height=\"1317\" \/><\/p>\n<p><strong>\u00bfC\u00f3mo utilizar el arrancador auxiliar 70mai? Usar el dispositivo como arrancador de bater\u00eda de 12 V<\/strong><\/p>\n<div>1. Conecte el arrancador al dispositivo. Aseg\u00farese de que el indicador de los clips de la bater\u00eda est\u00e9 apagado.<\/div>\n<div>2. Conecte correctamente los clips de la bater\u00eda a los extremos positivo y negativo de la bater\u00eda del autom\u00f3vil. El clip rojo debe conectarse al extremo positivo (+), mientras que el clip negro debe conectarse al extremo negativo (-). Luego, siga las instrucciones a continuaci\u00f3n:<\/div>\n<div>\n<ul>\n<li>Cuando se enciende la luz verde, la conexi\u00f3n es correcta y se puede arrancar la bater\u00eda.<\/li>\n<\/ul>\n<div>\n<ul>\n<li>Cuando se enciende la luz roja y se escucha un timbre, los clips est\u00e1n conectados en los extremos incorrectos. Conecte los clips correctamente y aseg\u00farese de que la luz verde est\u00e9 encendida antes de arrancar la bater\u00eda.<\/li>\n<\/ul>\n<div>\n<ul>\n<li>Cuando la luz verde parpadea y se escucha un zumbador, el voltaje es demasiado bajo. Presione el bot\u00f3n de impulso y espere hasta que la luz verde deje de parpadear. Arranque la bater\u00eda en 30 segundos.<\/li>\n<\/ul>\n<div>\n<ul>\n<li>Cuando las luces verde y roja no est\u00e1n encendidas y no se escucha ning\u00fan sonido, es posible que la bater\u00eda est\u00e9 completamente da\u00f1ada. Aseg\u00farese de que los clips est\u00e9n conectados en los extremos correctos. Presione el bot\u00f3n de impulso y espere hasta que se encienda la luz verde. Arranque la bater\u00eda en 30 segundos.<\/li>\n<\/ul>\n<div><\/div>\n<\/div>\n<\/div>\n<\/div>\n<\/div>\n<p>3. Despu\u00e9s de arrancar el autom\u00f3vil, retire los clips de la bater\u00eda.<\/p>\n<p><img decoding=\"async\" class=\"aligncenter\" src=\"\/wp-content\/uploads\/replace\/6e4f9e2cb8077974acc895f02fc9352a.jpeg\" alt=\"70mai\u00a0Jump Starter\" width=\"960\" height=\"2133\" \/><img loading=\"lazy\" decoding=\"async\" class=\"aligncenter\" src=\"\/wp-content\/uploads\/replace\/ead8c0c9d6de7d2c440dde243ba5b109.jpeg\" alt=\"70mai\u00a0Jump Starter\" width=\"960\" height=\"346\" \/><\/p>\n<p>Interruptor de iluminaci\u00f3n independiente, puede cambiarlo a iluminaci\u00f3n, iluminaci\u00f3n estrobosc\u00f3pica y luz de se\u00f1al SOS con un solo interruptor.<\/p>\n<p>En estado de carga completa, puede utilizar la iluminaci\u00f3n destacada de forma continua durante 48 horas. Le ayudar\u00e1 a manejar situaciones de emergencia libremente cuando equipe su autom\u00f3vil con ella.<\/p>\n<p><img loading=\"lazy\" decoding=\"async\" class=\"aligncenter\" src=\"\/wp-content\/uploads\/replace\/2f8d6359509e8cf4650d1d9339e1709b.jpeg\" alt=\"70mai\u00a0Jump Starter\" width=\"960\" height=\"852\" \/><\/p>\n<div>\n<h2>DO Dise\u00f1o de interfaz antirretroceso, se puede reconocer autom\u00e1ticamente cuando se invierte el clip de la bater\u00eda, evitando un funcionamiento incorrecto.<\/h2>\n<h2><img loading=\"lazy\" decoding=\"async\" class=\"aligncenter\" src=\"\/wp-content\/uploads\/replace\/0dbd6968783e64f0df33063b8921ec47.jpeg\" alt=\"70mai\u00a0Jump Starter\" width=\"960\" height=\"1093\" \/><img loading=\"lazy\" decoding=\"async\" class=\"aligncenter\" src=\"\/wp-content\/uploads\/replace\/21b0cce86c24c4d3d515c3fca096b3ec.jpeg\" alt=\"70mai\u00a0Jump Starter\" width=\"960\" height=\"1470\" \/><img loading=\"lazy\" decoding=\"async\" class=\"aligncenter\" src=\"\/wp-content\/uploads\/replace\/0e4cec8d6310ab5a9b67969f8e3624a1.jpeg\" alt=\"70mai\u00a0Jump Starter\" width=\"960\" height=\"1442\" \/>Un arrancador auxiliar f\u00e1cil de usar que es ideal para cualquier novato. Conecte su arrancador port\u00e1til, encienda su autom\u00f3vil, desconecte el arrancador y luego salga. No esperes a que alguien te salve, oc\u00fapate t\u00fa mismo y vete. <img loading=\"lazy\" decoding=\"async\" class=\"aligncenter\" src=\"\/wp-content\/uploads\/replace\/c3c2b4251a8f39ef169c29990ce093ea.jpeg\" alt=\"70mai\u00a0Jump Starter\" width=\"960\" height=\"1440\" \/><\/h2>\n<h2>B\u00e1sicamente del mismo tama\u00f1o que un banco de energ\u00eda port\u00e1til para tel\u00e9fonos inteligentes.<\/h2>\n<p>El tel\u00e9fono m\u00f3vil siempre tendr\u00e1 bater\u00eda 4% cuando m\u00e1s la necesite. Una buena raz\u00f3n para tener un arrancador de bater\u00eda en su autom\u00f3vil es que la mayor\u00eda tendr\u00e1 un puerto USB que puede usar para cargar su tel\u00e9fono. Tambi\u00e9n puedes usarlo para cargar una tableta y cualquier otra cosa que se cargue a trav\u00e9s de un cable USB.<img loading=\"lazy\" decoding=\"async\" class=\"aligncenter\" src=\"\/wp-content\/uploads\/replace\/df9f4e41015e7a7c8b6a234b69c0a1a5.jpeg\" alt=\"70mai\u00a0Jump Starter\" width=\"960\" height=\"1440\" \/><\/p>\n<p><strong>Parametros basicos<\/strong><\/p>\n<p>Dimensiones: 163\u00d787\u00d727mm<\/p>\n<p>Capacidad: 11100 mAh (41,07 Wh)<\/p>\n<p>Salida: 5 V\/2,4 A, puerto de arranque de 12 V.<\/p>\n<p>Entrada: 5V \/ 2A<\/p>\n<p>Tiempo de carga: \u22645,5 horas<\/p>\n<p>Corriente de arranque: 250A<\/p>\n<p>Corriente m\u00e1xima: 600A<\/p>\n<p>Temperatura de funcionamiento: -20 \u2103 ~ 55 \u2103<\/p>\n<p>Temperatura de carga: 0~55 \u2103<img loading=\"lazy\" decoding=\"async\" class=\"aligncenter\" src=\"\/wp-content\/uploads\/replace\/4363fce41956a5de2d6f3125c35a8742.jpeg\" alt=\"70mai\u00a0Jump Starter\" width=\"960\" height=\"1004\" \/><\/p>\n<\/div>\n<p>&nbsp;<\/p>\n<p><strong>Especificaciones<\/strong>:<\/p>\n<table border=\"1\" cellspacing=\"1\" cellpadding=\"1\">\n<tbody>\n<tr>\n<td>Marca<\/td>\n<td>70Mai (de Xiaomi Youpin)<\/td>\n<\/tr>\n<tr>\n<td>Modelo<\/td>\n<td>PS01<\/td>\n<\/tr>\n<tr>\n<td>Color<\/td>\n<td>Negro<\/td>\n<\/tr>\n<tr>\n<td>Capacidad<\/td>\n<td>11.100 mAh<\/td>\n<\/tr>\n<tr>\n<td>Iniciar actual<\/td>\n<td>250A<\/td>\n<\/tr>\n<tr>\n<td>Corriente pico<\/td>\n<td>600A<\/td>\n<\/tr>\n<tr>\n<td>Entrada tipo C<\/td>\n<td>5V\/2A<\/td>\n<\/tr>\n<tr>\n<td>Salida de arranque r\u00e1pido<\/td>\n<td>CC 12 V<\/td>\n<\/tr>\n<tr>\n<td>Salida USB<\/td>\n<td>CC 5 V\/2,4 A.<\/td>\n<\/tr>\n<tr>\n<td>Material<\/td>\n<td>PC+ABS<\/td>\n<\/tr>\n<tr>\n<td>Modo de linterna LED<\/td>\n<td>Iluminaci\u00f3n, Flash, SOS<\/td>\n<\/tr>\n<tr>\n<td>Tama\u00f1o<\/td>\n<td>163*87*27mm<\/td>\n<\/tr>\n<tr>\n<td>Tipo de abrazadera<\/td>\n<td>8 protecciones pinzas inteligentes<\/td>\n<\/tr>\n<tr>\n<td>Temperatura de trabajo<\/td>\n<td>-20\u2103~+55\u2103<\/td>\n<\/tr>\n<tr>\n<td>Temperatura de carga<\/td>\n<td>0~55\u2103<\/td>\n<\/tr>\n<tr>\n<td>Tiempo de carga completo<\/td>\n<td>\u22645,5h<\/td>\n<\/tr>\n<tr>\n<td>Certificaci\u00f3n<\/td>\n<td>CE\/FCC\/RoHs<\/td>\n<\/tr>\n<\/tbody>\n<\/table>\n<p>Paquete incluido:<br \/>\n1 arrancador de bater\u00eda de litio.<br \/>\n1 x abrazaderas inteligentes<br \/>\n1 cable de carga USB.<br \/>\n1 manual<br \/>\n1 bolsa port\u00e1til.<\/p>","protected":false},"excerpt":{"rendered":"<ul>\n<li data-spm-anchor-id=\"a2g0o.detail.1000023.i0.1537157cIxRLVY\">Arrancador potente de bater\u00eda de coche de 11100mah<\/li>\n<li data-spm-anchor-id=\"a2g0o.detail.1000023.i0.1537157cIxRLVY\">Banco de energ\u00eda multifuncional<\/li>\n<li data-spm-anchor-id=\"a2g0o.detail.1000023.i0.1537157cIxRLVY\">Luz indicadora de bater\u00eda LED integrada, dise\u00f1o resistente al agua y al fuego.<\/li>\n<li data-spm-anchor-id=\"a2g0o.detail.1000023.i0.1537157cIxRLVY\">Protecci\u00f3n de temperatura y abrazaderas inteligentes<\/li>\n<\/ul>","protected":false},"featured_media":24170,"template":"","meta":[],"product_brand":[],"product_cat":[1288],"product_tag":[1017],"class_list":{"0":"post-24072","1":"product","2":"type-product","3":"status-publish","4":"has-post-thumbnail","6":"product_cat-e-vehicle-accessories","7":"product_tag-70mai-jump-starter","9":"first","10":"instock","11":"shipping-taxable","12":"product-type-external"},"aioseo_notices":[],"aioseo_head":"\n\t\t<!-- All in One SEO Pro 4.5.9.2 - aioseo.com -->\n\t\t<meta name=\"description\" content=\"11100mah Powerful Car Battery Jump Starter Multifunctional Power Bank Built-in LED battery Indicator Light, Waterproof and fireproof design Temperature Protection and Smart Clamps\" \/>\n\t\t<meta name=\"robots\" content=\"max-image-preview:large\" \/>\n\t\t<link rel=\"canonical\" href=\"https:\/\/www.rucashk.com\/es\/producto\/70mai-jump-starter-wholesale\/\" \/>\n\t\t<meta name=\"generator\" content=\"All in One SEO Pro (AIOSEO) 4.5.9.2\" \/>\n\t\t<meta property=\"og:locale\" content=\"es_ES\" \/>\n\t\t<meta property=\"og:site_name\" content=\"Rucas - One-stop AIoT Distribution Worldwide\" \/>\n\t\t<meta property=\"og:type\" content=\"article\" \/>\n\t\t<meta property=\"og:title\" content=\"70mai Jump Starter Wholesale - Rucas - Wholesale and Distribution\" \/>\n\t\t<meta property=\"og:description\" content=\"11100mah Powerful Car Battery Jump Starter Multifunctional Power Bank Built-in LED battery Indicator Light, Waterproof and fireproof design Temperature Protection and Smart Clamps\" \/>\n\t\t<meta property=\"og:url\" content=\"https:\/\/www.rucashk.com\/es\/producto\/70mai-jump-starter-wholesale\/\" \/>\n\t\t<meta property=\"og:image\" content=\"https:\/\/www.rucashk.com\/wp-content\/uploads\/replace\/503b8e645f128a97ccde2b6290747646.jpeg\" \/>\n\t\t<meta property=\"og:image:secure_url\" content=\"https:\/\/www.rucashk.com\/wp-content\/uploads\/replace\/503b8e645f128a97ccde2b6290747646.jpeg\" \/>\n\t\t<meta property=\"og:image:width\" content=\"1456\" \/>\n\t\t<meta property=\"og:image:height\" content=\"816\" \/>\n\t\t<meta property=\"article:published_time\" content=\"2024-01-09T16:00:36+00:00\" \/>\n\t\t<meta property=\"article:modified_time\" content=\"2024-03-12T08:05:02+00:00\" \/>\n\t\t<meta name=\"twitter:card\" content=\"summary_large_image\" \/>\n\t\t<meta name=\"twitter:title\" content=\"70mai Jump Starter Wholesale - Rucas - Wholesale and Distribution\" \/>\n\t\t<meta name=\"twitter:description\" content=\"11100mah Powerful Car Battery Jump Starter Multifunctional Power Bank Built-in LED battery Indicator Light, Waterproof and fireproof design Temperature Protection and Smart Clamps\" \/>\n\t\t<meta name=\"twitter:image\" content=\"https:\/\/www.rucashk.com\/wp-content\/uploads\/replace\/503b8e645f128a97ccde2b6290747646.jpeg\" \/>\n\t\t<script type=\"application\/ld+json\" class=\"aioseo-schema\">\n\t\t\t{\"@context\":\"https:\\\/\\\/schema.org\",\"@graph\":[{\"@type\":\"BreadcrumbList\",\"@id\":\"https:\\\/\\\/www.rucashk.com\\\/es\\\/producto\\\/70mai-jump-starter-wholesale\\\/#breadcrumblist\",\"itemListElement\":[{\"@type\":\"ListItem\",\"@id\":\"https:\\\/\\\/www.rucashk.com\\\/es\\\/#listItem\",\"position\":1,\"name\":\"Home\",\"item\":\"https:\\\/\\\/www.rucashk.com\\\/es\\\/\",\"nextItem\":\"https:\\\/\\\/www.rucashk.com\\\/es\\\/producto\\\/70mai-jump-starter-wholesale\\\/#listItem\"},{\"@type\":\"ListItem\",\"@id\":\"https:\\\/\\\/www.rucashk.com\\\/es\\\/producto\\\/70mai-jump-starter-wholesale\\\/#listItem\",\"position\":2,\"name\":\"70mai\\u00a0Jump Starter Wholesale\",\"previousItem\":\"https:\\\/\\\/www.rucashk.com\\\/es\\\/#listItem\"}]},{\"@type\":\"Organization\",\"@id\":\"https:\\\/\\\/www.rucashk.com\\\/es\\\/#organization\",\"name\":\"Rucas\",\"url\":\"https:\\\/\\\/www.rucashk.com\\\/es\\\/\",\"logo\":{\"@type\":\"ImageObject\",\"url\":\"https:\\\/\\\/www.rucashk.com\\\/wp-content\\\/uploads\\\/2023\\\/12\\\/Rucas_campany_logo.png\",\"@id\":\"https:\\\/\\\/www.rucashk.com\\\/es\\\/producto\\\/70mai-jump-starter-wholesale\\\/#organizationLogo\",\"width\":221,\"height\":65},\"image\":{\"@id\":\"https:\\\/\\\/www.rucashk.com\\\/es\\\/#organizationLogo\"}},{\"@type\":\"Person\",\"@id\":\"https:\\\/\\\/www.rucashk.com\\\/es\\\/author\\\/admin\\\/#author\",\"url\":\"https:\\\/\\\/www.rucashk.com\\\/es\\\/author\\\/admin\\\/\",\"name\":\"admin\",\"image\":{\"@type\":\"ImageObject\",\"@id\":\"https:\\\/\\\/www.rucashk.com\\\/es\\\/producto\\\/70mai-jump-starter-wholesale\\\/#authorImage\",\"url\":\"https:\\\/\\\/secure.gravatar.com\\\/avatar\\\/b7c8925b09a27e72b30232f8ecaadbd5af0f70a38c78096863fe51b64f031c24?s=96&d=mm&r=g\",\"width\":96,\"height\":96,\"caption\":\"admin\"}},{\"@type\":\"WebPage\",\"@id\":\"https:\\\/\\\/www.rucashk.com\\\/es\\\/producto\\\/70mai-jump-starter-wholesale\\\/#webpage\",\"url\":\"https:\\\/\\\/www.rucashk.com\\\/es\\\/producto\\\/70mai-jump-starter-wholesale\\\/\",\"name\":\"70mai Jump Starter Wholesale - Rucas - Wholesale and Distribution\",\"description\":\"11100mah Powerful Car Battery Jump Starter Multifunctional Power Bank Built-in LED battery Indicator Light, Waterproof and fireproof design Temperature Protection and Smart Clamps\",\"inLanguage\":\"es-ES\",\"isPartOf\":{\"@id\":\"https:\\\/\\\/www.rucashk.com\\\/es\\\/#website\"},\"breadcrumb\":{\"@id\":\"https:\\\/\\\/www.rucashk.com\\\/es\\\/producto\\\/70mai-jump-starter-wholesale\\\/#breadcrumblist\"},\"author\":{\"@id\":\"https:\\\/\\\/www.rucashk.com\\\/es\\\/author\\\/admin\\\/#author\"},\"creator\":{\"@id\":\"https:\\\/\\\/www.rucashk.com\\\/es\\\/author\\\/admin\\\/#author\"},\"image\":{\"@type\":\"ImageObject\",\"url\":\"https:\\\/\\\/www.rucashk.com\\\/wp-content\\\/uploads\\\/2024\\\/01\\\/s-l500_\\u526f\\u672c.jpg\",\"@id\":\"https:\\\/\\\/www.rucashk.com\\\/es\\\/producto\\\/70mai-jump-starter-wholesale\\\/#mainImage\",\"width\":800,\"height\":800},\"primaryImageOfPage\":{\"@id\":\"https:\\\/\\\/www.rucashk.com\\\/es\\\/producto\\\/70mai-jump-starter-wholesale\\\/#mainImage\"},\"datePublished\":\"2024-01-09T16:00:36+00:00\",\"dateModified\":\"2024-03-12T08:05:02+00:00\"},{\"@type\":\"WebSite\",\"@id\":\"https:\\\/\\\/www.rucashk.com\\\/es\\\/#website\",\"url\":\"https:\\\/\\\/www.rucashk.com\\\/es\\\/\",\"name\":\"Rucas - Wholesale and distribution worldwide\",\"alternateName\":\"Rucas - One-stop AIoT Distribution Worldwide\",\"description\":\"One-stop AIoT Distribution Worldwide\",\"inLanguage\":\"es-ES\",\"publisher\":{\"@id\":\"https:\\\/\\\/www.rucashk.com\\\/es\\\/#organization\"}}]}\n\t\t<\/script>\n\t\t<!-- All in One SEO Pro -->\r\n\t\t<title>70mai Jump Starter Wholesale - Rucas - Wholesale and Distribution<\/title>\n\n","aioseo_head_json":{"title":"70mai Jump Starter Wholesale - Rucas - Wholesale and Distribution","description":"11100mah Powerful Car Battery Jump Starter Multifunctional Power Bank Built-in LED battery Indicator Light, Waterproof and fireproof design Temperature Protection and Smart Clamps","canonical_url":"https:\/\/www.rucashk.com\/es\/producto\/70mai-jump-starter-wholesale\/","robots":"max-image-preview:large","keywords":"","webmasterTools":{"miscellaneous":""},"og:locale":"es_ES","og:site_name":"Rucas - One-stop AIoT Distribution Worldwide","og:type":"article","og:title":"70mai Jump Starter Wholesale - Rucas - Wholesale and Distribution","og:description":"11100mah Powerful Car Battery Jump Starter Multifunctional Power Bank Built-in LED battery Indicator Light, Waterproof and fireproof design Temperature Protection and Smart Clamps","og:url":"https:\/\/www.rucashk.com\/es\/producto\/70mai-jump-starter-wholesale\/","og:image":"https:\/\/www.rucashk.com\/wp-content\/uploads\/replace\/503b8e645f128a97ccde2b6290747646.jpeg","og:image:secure_url":"https:\/\/www.rucashk.com\/wp-content\/uploads\/replace\/503b8e645f128a97ccde2b6290747646.jpeg","og:image:width":1456,"og:image:height":816,"article:published_time":"2024-01-09T16:00:36+00:00","article:modified_time":"2024-03-12T08:05:02+00:00","twitter:card":"summary_large_image","twitter:title":"70mai Jump Starter Wholesale - Rucas - Wholesale and Distribution","twitter:description":"11100mah Powerful Car Battery Jump Starter Multifunctional Power Bank Built-in LED battery Indicator Light, Waterproof and fireproof design Temperature Protection and Smart Clamps","twitter:image":"https:\/\/www.rucashk.com\/wp-content\/uploads\/replace\/503b8e645f128a97ccde2b6290747646.jpeg","schema":{"@context":"https:\/\/schema.org","@graph":[{"@type":"BreadcrumbList","@id":"https:\/\/www.rucashk.com\/es\/producto\/70mai-jump-starter-wholesale\/#breadcrumblist","itemListElement":[{"@type":"ListItem","@id":"https:\/\/www.rucashk.com\/es\/#listItem","position":1,"name":"Home","item":"https:\/\/www.rucashk.com\/es\/","nextItem":"https:\/\/www.rucashk.com\/es\/producto\/70mai-jump-starter-wholesale\/#listItem"},{"@type":"ListItem","@id":"https:\/\/www.rucashk.com\/es\/producto\/70mai-jump-starter-wholesale\/#listItem","position":2,"name":"70mai\u00a0Jump Starter Wholesale","previousItem":"https:\/\/www.rucashk.com\/es\/#listItem"}]},{"@type":"Organization","@id":"https:\/\/www.rucashk.com\/es\/#organization","name":"Rucas","url":"https:\/\/www.rucashk.com\/es\/","logo":{"@type":"ImageObject","url":"https:\/\/www.rucashk.com\/wp-content\/uploads\/2023\/12\/Rucas_campany_logo.png","@id":"https:\/\/www.rucashk.com\/es\/producto\/70mai-jump-starter-wholesale\/#organizationLogo","width":221,"height":65},"image":{"@id":"https:\/\/www.rucashk.com\/es\/#organizationLogo"}},{"@type":"Person","@id":"https:\/\/www.rucashk.com\/es\/author\/admin\/#author","url":"https:\/\/www.rucashk.com\/es\/author\/admin\/","name":"admin","image":{"@type":"ImageObject","@id":"https:\/\/www.rucashk.com\/es\/producto\/70mai-jump-starter-wholesale\/#authorImage","url":"https:\/\/secure.gravatar.com\/avatar\/b7c8925b09a27e72b30232f8ecaadbd5af0f70a38c78096863fe51b64f031c24?s=96&d=mm&r=g","width":96,"height":96,"caption":"admin"}},{"@type":"WebPage","@id":"https:\/\/www.rucashk.com\/es\/producto\/70mai-jump-starter-wholesale\/#webpage","url":"https:\/\/www.rucashk.com\/es\/producto\/70mai-jump-starter-wholesale\/","name":"70mai Jump Starter Wholesale - Rucas - Wholesale and Distribution","description":"11100mah Powerful Car Battery Jump Starter Multifunctional Power Bank Built-in LED battery Indicator Light, Waterproof and fireproof design Temperature Protection and Smart Clamps","inLanguage":"es-ES","isPartOf":{"@id":"https:\/\/www.rucashk.com\/es\/#website"},"breadcrumb":{"@id":"https:\/\/www.rucashk.com\/es\/producto\/70mai-jump-starter-wholesale\/#breadcrumblist"},"author":{"@id":"https:\/\/www.rucashk.com\/es\/author\/admin\/#author"},"creator":{"@id":"https:\/\/www.rucashk.com\/es\/author\/admin\/#author"},"image":{"@type":"ImageObject","url":"https:\/\/www.rucashk.com\/wp-content\/uploads\/2024\/01\/s-l500_\u526f\u672c.jpg","@id":"https:\/\/www.rucashk.com\/es\/producto\/70mai-jump-starter-wholesale\/#mainImage","width":800,"height":800},"primaryImageOfPage":{"@id":"https:\/\/www.rucashk.com\/es\/producto\/70mai-jump-starter-wholesale\/#mainImage"},"datePublished":"2024-01-09T16:00:36+00:00","dateModified":"2024-03-12T08:05:02+00:00"},{"@type":"WebSite","@id":"https:\/\/www.rucashk.com\/es\/#website","url":"https:\/\/www.rucashk.com\/es\/","name":"Rucas - Wholesale and distribution worldwide","alternateName":"Rucas - One-stop AIoT Distribution Worldwide","description":"One-stop AIoT Distribution Worldwide","inLanguage":"es-ES","publisher":{"@id":"https:\/\/www.rucashk.com\/es\/#organization"}}]}},"aioseo_meta_data":{"post_id":"24072","title":null,"description":null,"keywords":null,"keyphrases":null,"primary_term":null,"canonical_url":null,"og_title":null,"og_description":null,"og_object_type":"default","og_image_type":"default","og_image_url":null,"og_image_width":null,"og_image_height":null,"og_image_custom_url":null,"og_image_custom_fields":null,"og_video":null,"og_custom_url":null,"og_article_section":null,"og_article_tags":null,"twitter_use_og":false,"twitter_card":"default","twitter_image_type":"default","twitter_image_url":null,"twitter_image_custom_url":null,"twitter_image_custom_fields":null,"twitter_title":null,"twitter_description":null,"schema":{"blockGraphs":[],"customGraphs":[],"default":{"data":{"Article":[],"Course":[],"Dataset":[],"FAQPage":[],"Movie":[],"Person":[],"Product":[],"Recipe":[],"Service":[],"SoftwareApplication":[],"WebPage":[]},"graphName":"","isEnabled":true},"graphs":[]},"schema_type":"default","schema_type_options":null,"pillar_content":false,"robots_default":true,"robots_noindex":false,"robots_noarchive":false,"robots_nosnippet":false,"robots_nofollow":false,"robots_noimageindex":false,"robots_noodp":false,"robots_notranslate":false,"robots_max_snippet":null,"robots_max_videopreview":null,"robots_max_imagepreview":"large","priority":null,"frequency":null,"local_seo":null,"breadcrumb_settings":null,"limit_modified_date":false,"created":"2024-04-11 01:57:08","updated":"2025-06-22 17:21:56"},"aioseo_breadcrumb":"<div class=\"aioseo-breadcrumbs\"><span class=\"aioseo-breadcrumb\">\n\t<a href=\"https:\/\/www.rucashk.com\/es\" title=\"Home\">Home<\/a>\n<\/span><span class=\"aioseo-breadcrumb-separator\">&raquo;<\/span><span class=\"aioseo-breadcrumb\">\n\t<a href=\"https:\/\/www.rucashk.com\/es\/products\/\" title=\"Productos\">Productos<\/a>\n<\/span><span class=\"aioseo-breadcrumb-separator\">&raquo;<\/span><span class=\"aioseo-breadcrumb\">\n\t<a href=\"https:\/\/www.rucashk.com\/es\/categoria-producto\/e-vehicle-accessories\/\" title=\"E-Vehicle Accessories\">E-Vehicle Accessories<\/a>\n<\/span><span class=\"aioseo-breadcrumb-separator\">&raquo;<\/span><span class=\"aioseo-breadcrumb\">\n\t70mai\u00a0Jump Starter Wholesale\n<\/span><\/div>","aioseo_breadcrumb_json":[{"label":"Home","link":"https:\/\/www.rucashk.com\/es"},{"label":"Productos","link":"https:\/\/www.rucashk.com\/es\/products\/"},{"label":"E-Vehicle Accessories","link":"https:\/\/www.rucashk.com\/es\/categoria-producto\/e-vehicle-accessories\/"},{"label":"70mai\u00a0Jump Starter Wholesale","link":"https:\/\/www.rucashk.com\/es\/producto\/70mai-jump-starter-wholesale\/"}],"_links":{"self":[{"href":"https:\/\/www.rucashk.com\/es\/wp-json\/wp\/v2\/product\/24072","targetHints":{"allow":["GET"]}}],"collection":[{"href":"https:\/\/www.rucashk.com\/es\/wp-json\/wp\/v2\/product"}],"about":[{"href":"https:\/\/www.rucashk.com\/es\/wp-json\/wp\/v2\/types\/product"}],"wp:featuredmedia":[{"embeddable":true,"href":"https:\/\/www.rucashk.com\/es\/wp-json\/wp\/v2\/media\/24170"}],"wp:attachment":[{"href":"https:\/\/www.rucashk.com\/es\/wp-json\/wp\/v2\/media?parent=24072"}],"wp:term":[{"taxonomy":"product_brand","embeddable":true,"href":"https:\/\/www.rucashk.com\/es\/wp-json\/wp\/v2\/product_brand?post=24072"},{"taxonomy":"product_cat","embeddable":true,"href":"https:\/\/www.rucashk.com\/es\/wp-json\/wp\/v2\/product_cat?post=24072"},{"taxonomy":"product_tag","embeddable":true,"href":"https:\/\/www.rucashk.com\/es\/wp-json\/wp\/v2\/product_tag?post=24072"}],"curies":[{"name":"wp","href":"https:\/\/api.w.org\/{rel}","templated":true}]}}