{"id":23959,"date":"2024-01-09T15:59:23","date_gmt":"2024-01-09T15:59:23","guid":{"rendered":"http:\/\/rucashk.com\/?post_type=product&#038;p=23959"},"modified":"2024-01-21T08:33:07","modified_gmt":"2024-01-21T08:33:07","slug":"70mai-gps-wholesale","status":"publish","type":"product","link":"https:\/\/www.rucashk.com\/es\/producto\/70mai-gps-wholesale\/","title":{"rendered":"70mai GPS"},"content":{"rendered":"<p><img fetchpriority=\"high\" decoding=\"async\" class=\"aligncenter\" src=\"https:\/\/www.rucashk.com\/wp-content\/uploads\/2020\/07\/5df9c1300bff160a1e58b05d-15-large.jpg\" alt=\"70mai\u00a0GPS\" width=\"722\" height=\"722\" \/><img decoding=\"async\" class=\"aligncenter\" src=\"https:\/\/www.rucashk.com\/wp-content\/uploads\/2020\/07\/5df9c1300bff160a1e58b05d-1-large-1.jpg\" alt=\"70mai\u00a0GPS\" width=\"875\" height=\"875\" \/><\/p>\n<p><img decoding=\"async\" class=\"aligncenter\" src=\"https:\/\/www.rucashk.com\/wp-content\/uploads\/2020\/07\/5df9c1300bff160a1e58b05d-2-large.jpg\" alt=\"70mai\u00a0GPS\" width=\"856\" height=\"855\" \/><\/p>\n<p><img loading=\"lazy\" decoding=\"async\" class=\"aligncenter\" src=\"https:\/\/www.rucashk.com\/wp-content\/uploads\/2020\/07\/5df9c1300bff160a1e58b05d-3-large.jpg\" alt=\"70mai\u00a0GPS\" width=\"862\" height=\"862\" \/><\/p>\n<p><img loading=\"lazy\" decoding=\"async\" class=\"aligncenter\" src=\"https:\/\/www.rucashk.com\/wp-content\/uploads\/2020\/07\/5df9c1300bff160a1e58b05d-5-large.jpg\" alt=\"70mai\u00a0GPS\" width=\"848\" height=\"848\" \/><\/p>\n<p><img loading=\"lazy\" decoding=\"async\" class=\"aligncenter\" src=\"https:\/\/www.rucashk.com\/wp-content\/uploads\/2020\/07\/5df9c1300bff160a1e58b05d-6-large.jpg\" alt=\"70mai\u00a0GPS\" width=\"745\" height=\"745\" \/><\/p>\n<p><img loading=\"lazy\" decoding=\"async\" class=\"aligncenter\" src=\"https:\/\/www.rucashk.com\/wp-content\/uploads\/2020\/07\/5df9c1300bff160a1e58b05d-7-large.jpg\" alt=\"70mai\u00a0GPS\" width=\"738\" height=\"738\" \/><\/p>\n<div id=\"descriptionAndDetails\" class=\"a-section a-spacing-extra-large\">\n<div id=\"productDescription_feature_div\" class=\"celwidget\" data-feature-name=\"productDescription\" data-cel-widget=\"productDescription_feature_div\">\n<div id=\"productDescription_feature_div\" class=\"a-row feature\" data-feature-name=\"productDescription\" data-template-name=\"productDescription\" data-cel-widget=\"productDescription_feature_div\">\n<h2 class=\"default\">Descripci\u00f3n del Producto<\/h2>\n<div id=\"productDescription\" class=\"a-section a-spacing-small\">\n<p>El m\u00f3dulo GPS 70mai Pro es un complemento para la Smart Dash Cam Pro de 1944p (B083VXLZZ6) y la Dash Cam Lite de 1080p (B083W539JP)<br \/>\n*Tenga en cuenta que este m\u00f3dulo adicional de GPS no funciona por s\u00ed solo y solo funcionar\u00e1 cuando est\u00e9 conectado a productos de c\u00e1mara de tablero 70mai compatibles.<\/p>\n<p>\u25cf F\u00e1cil instalaci\u00f3n. M\u00f3dulo adicional GPS Plug-n-Go<br \/>\n\u25cf Habilite su 70mai Smart Dash Cam Pro con ADAS (Sistema avanzado de asistencia al conductor), una moderna caracter\u00edstica de seguridad impulsada por IA dise\u00f1ada para aumentar la seguridad en la conducci\u00f3n.<br \/>\n\u25cf Habilite su 70mai Smart Dash Cam Pro con LDWS (Sistema de advertencia de cambio de carril), que proporciona alertas de voz en tiempo real que le advierten cuando se est\u00e1 saliendo del carril.<br \/>\n\u25cf Habilite su 70mai Smart Dash Cam Pro con FCWS (Sistema de advertencia de colisi\u00f3n frontal), que previene eficazmente accidentes automovil\u00edsticos por alcance al ayudar a los conductores a mantener una distancia segura entre veh\u00edculos.<br \/>\n\u25cf Habilite su 70mai Dash Cam Lite con informaci\u00f3n de velocidad en tiempo real y coordenadas GPS<\/p>\n<p>El paquete incluye:<br \/>\n1 m\u00f3dulo GPS 70mai Pro.<br \/>\nAlmohadilla de montaje adhesiva x 1<br \/>\nManual de usuario x 1<\/p>\n<\/div>\n<\/div>\n<\/div>\n<\/div>\n<div id=\"renewedProgramDescriptionBtf_feature_div\" class=\"celwidget\" data-feature-name=\"renewedProgramDescriptionBtf\" data-cel-widget=\"renewedProgramDescriptionBtf_feature_div\"><\/div>\n<p><a id=\"productDetails\" name=\"productDetails\"><\/a><\/p>\n<div id=\"productDetails_feature_div\" class=\"celwidget\" data-feature-name=\"productDetails\" data-cel-widget=\"productDetails_feature_div\">\n<hr class=\"a-divider-normal\" \/>\n<div>\n<div id=\"prodDetails\" class=\"a-section\">\n<h2>Informaci\u00f3n del Producto<\/h2>\n<div class=\"a-row a-spacing-top-base\">\n<div class=\"a-column a-span6\">\n<div class=\"a-row a-spacing-base\">\n<div class=\"a-row a-expander-container a-expander-extend-container\">\n<div class=\"a-row\">\n<div class=\"a-column a-span6\">\n<h1 class=\"a-size-medium a-spacing-small\">Detalles t\u00e9cnicos<\/h1>\n<\/div>\n<\/div>\n<div class=\"a-expander-content a-expander-extend-content\">\n<div class=\"a-row a-expander-container a-expander-inline-container\">\n<div class=\"a-expander-content a-expander-section-content a-section-expander-inner\">\n<table id=\"productDetails_techSpec_section_1\" class=\"a-keyvalue prodDetTable\" role=\"presentation\">\n<tbody>\n<tr>\n<th class=\"a-color-secondary a-size-base prodDetSectionEntry\">Peso del art\u00edculo<\/th>\n<td class=\"a-size-base\">1,44 onzas<\/td>\n<\/tr>\n<tr>\n<th class=\"a-color-secondary a-size-base prodDetSectionEntry\">Dimensiones del producto<\/th>\n<td class=\"a-size-base\">2,76 x 1,97 x 0,39 pulgadas<\/td>\n<\/tr>\n<tr>\n<th class=\"a-color-secondary a-size-base prodDetSectionEntry\">Tipo de visualizaci\u00f3n<\/th>\n<td class=\"a-size-base\">LCD<\/td>\n<\/tr>\n<tr>\n<th class=\"a-color-secondary a-size-base prodDetSectionEntry\">Reproducci\u00f3n de medios compatible<\/th>\n<td class=\"a-size-base\">MP3<\/td>\n<\/tr>\n<\/tbody>\n<\/table>\n<\/div>\n<\/div>\n<\/div>\n<\/div>\n<\/div>\n<\/div>\n<\/div>\n<\/div>\n<\/div>\n<\/div>","protected":false},"excerpt":{"rendered":"<ul class=\"a-unordered-list a-vertical a-spacing-mini\">\n<li><span class=\"a-list-item\">F\u00e1cil instalaci\u00f3n. M\u00f3dulo adicional GPS Plug-n-Go<\/span><\/li>\n<li><span class=\"a-list-item\">Habilite su 70mai Dash Cam Lite con informaci\u00f3n de velocidad en tiempo real y coordenadas GPS<\/span><\/li>\n<li><span class=\"a-list-item\">Habilite su 70mai Smart Dash Cam Pro con ADAS (Sistema avanzado de asistencia al conductor)<\/span><\/li>\n<li><span class=\"a-list-item\">Una caracter\u00edstica de seguridad moderna impulsada por IA dise\u00f1ada para mejorar la conducci\u00f3n segura<\/span><\/li>\n<\/ul>","protected":false},"featured_media":24092,"template":"","meta":[],"product_brand":[],"product_cat":[1288],"product_tag":[995],"class_list":{"0":"post-23959","1":"product","2":"type-product","3":"status-publish","4":"has-post-thumbnail","6":"product_cat-e-vehicle-accessories","7":"product_tag-70mai-gps","9":"first","10":"instock","11":"shipping-taxable","12":"product-type-external"},"aioseo_notices":[],"aioseo_head":"\n\t\t<!-- All in One SEO Pro 4.5.9.2 - aioseo.com -->\n\t\t<meta name=\"description\" content=\"Easy Installation. Plug-n-Go GPS Add-on Module Enable your 70mai Dash Cam Lite with Real-time Speed Info and GPS Coordinates Enable your 70mai Smart Dash Cam Pro with ADAS (Advanced Driver Assistance System) A modern AI powered safety feature designed to boost driving safe\" \/>\n\t\t<meta name=\"robots\" content=\"max-image-preview:large\" \/>\n\t\t<link rel=\"canonical\" href=\"https:\/\/www.rucashk.com\/es\/producto\/70mai-gps-wholesale\/\" \/>\n\t\t<meta name=\"generator\" content=\"All in One SEO Pro (AIOSEO) 4.5.9.2\" \/>\n\t\t<meta property=\"og:locale\" content=\"es_ES\" \/>\n\t\t<meta property=\"og:site_name\" content=\"Rucas - One-stop AIoT Distribution Worldwide\" \/>\n\t\t<meta property=\"og:type\" content=\"article\" \/>\n\t\t<meta property=\"og:title\" content=\"70mai GPS Wholesale - Rucas - Wholesale and Distribution\" \/>\n\t\t<meta property=\"og:description\" content=\"Easy Installation. Plug-n-Go GPS Add-on Module Enable your 70mai Dash Cam Lite with Real-time Speed Info and GPS Coordinates Enable your 70mai Smart Dash Cam Pro with ADAS (Advanced Driver Assistance System) A modern AI powered safety feature designed to boost driving safe\" \/>\n\t\t<meta property=\"og:url\" content=\"https:\/\/www.rucashk.com\/es\/producto\/70mai-gps-wholesale\/\" \/>\n\t\t<meta property=\"og:image\" content=\"https:\/\/www.rucashk.com\/wp-content\/uploads\/replace\/503b8e645f128a97ccde2b6290747646.jpeg\" \/>\n\t\t<meta property=\"og:image:secure_url\" content=\"https:\/\/www.rucashk.com\/wp-content\/uploads\/replace\/503b8e645f128a97ccde2b6290747646.jpeg\" \/>\n\t\t<meta property=\"og:image:width\" content=\"1456\" \/>\n\t\t<meta property=\"og:image:height\" content=\"816\" \/>\n\t\t<meta property=\"article:published_time\" content=\"2024-01-09T15:59:23+00:00\" \/>\n\t\t<meta property=\"article:modified_time\" content=\"2024-01-21T08:33:07+00:00\" \/>\n\t\t<meta name=\"twitter:card\" content=\"summary_large_image\" \/>\n\t\t<meta name=\"twitter:title\" content=\"70mai GPS Wholesale - Rucas - Wholesale and Distribution\" \/>\n\t\t<meta name=\"twitter:description\" content=\"Easy Installation. Plug-n-Go GPS Add-on Module Enable your 70mai Dash Cam Lite with Real-time Speed Info and GPS Coordinates Enable your 70mai Smart Dash Cam Pro with ADAS (Advanced Driver Assistance System) A modern AI powered safety feature designed to boost driving safe\" \/>\n\t\t<meta name=\"twitter:image\" content=\"https:\/\/www.rucashk.com\/wp-content\/uploads\/replace\/503b8e645f128a97ccde2b6290747646.jpeg\" \/>\n\t\t<script type=\"application\/ld+json\" class=\"aioseo-schema\">\n\t\t\t{\"@context\":\"https:\\\/\\\/schema.org\",\"@graph\":[{\"@type\":\"BreadcrumbList\",\"@id\":\"https:\\\/\\\/www.rucashk.com\\\/es\\\/producto\\\/70mai-gps-wholesale\\\/#breadcrumblist\",\"itemListElement\":[{\"@type\":\"ListItem\",\"@id\":\"https:\\\/\\\/www.rucashk.com\\\/es\\\/#listItem\",\"position\":1,\"name\":\"Home\",\"item\":\"https:\\\/\\\/www.rucashk.com\\\/es\\\/\",\"nextItem\":\"https:\\\/\\\/www.rucashk.com\\\/es\\\/producto\\\/70mai-gps-wholesale\\\/#listItem\"},{\"@type\":\"ListItem\",\"@id\":\"https:\\\/\\\/www.rucashk.com\\\/es\\\/producto\\\/70mai-gps-wholesale\\\/#listItem\",\"position\":2,\"name\":\"70mai\\u00a0GPS Wholesale\",\"previousItem\":\"https:\\\/\\\/www.rucashk.com\\\/es\\\/#listItem\"}]},{\"@type\":\"Organization\",\"@id\":\"https:\\\/\\\/www.rucashk.com\\\/es\\\/#organization\",\"name\":\"Rucas\",\"url\":\"https:\\\/\\\/www.rucashk.com\\\/es\\\/\",\"logo\":{\"@type\":\"ImageObject\",\"url\":\"https:\\\/\\\/www.rucashk.com\\\/wp-content\\\/uploads\\\/2023\\\/12\\\/Rucas_campany_logo.png\",\"@id\":\"https:\\\/\\\/www.rucashk.com\\\/es\\\/producto\\\/70mai-gps-wholesale\\\/#organizationLogo\",\"width\":221,\"height\":65},\"image\":{\"@id\":\"https:\\\/\\\/www.rucashk.com\\\/es\\\/#organizationLogo\"}},{\"@type\":\"Person\",\"@id\":\"https:\\\/\\\/www.rucashk.com\\\/es\\\/author\\\/admin\\\/#author\",\"url\":\"https:\\\/\\\/www.rucashk.com\\\/es\\\/author\\\/admin\\\/\",\"name\":\"admin\",\"image\":{\"@type\":\"ImageObject\",\"@id\":\"https:\\\/\\\/www.rucashk.com\\\/es\\\/producto\\\/70mai-gps-wholesale\\\/#authorImage\",\"url\":\"https:\\\/\\\/secure.gravatar.com\\\/avatar\\\/b7c8925b09a27e72b30232f8ecaadbd5af0f70a38c78096863fe51b64f031c24?s=96&d=mm&r=g\",\"width\":96,\"height\":96,\"caption\":\"admin\"}},{\"@type\":\"WebPage\",\"@id\":\"https:\\\/\\\/www.rucashk.com\\\/es\\\/producto\\\/70mai-gps-wholesale\\\/#webpage\",\"url\":\"https:\\\/\\\/www.rucashk.com\\\/es\\\/producto\\\/70mai-gps-wholesale\\\/\",\"name\":\"70mai GPS Wholesale - Rucas - Wholesale and Distribution\",\"description\":\"Easy Installation. Plug-n-Go GPS Add-on Module Enable your 70mai Dash Cam Lite with Real-time Speed Info and GPS Coordinates Enable your 70mai Smart Dash Cam Pro with ADAS (Advanced Driver Assistance System) A modern AI powered safety feature designed to boost driving safe\",\"inLanguage\":\"es-ES\",\"isPartOf\":{\"@id\":\"https:\\\/\\\/www.rucashk.com\\\/es\\\/#website\"},\"breadcrumb\":{\"@id\":\"https:\\\/\\\/www.rucashk.com\\\/es\\\/producto\\\/70mai-gps-wholesale\\\/#breadcrumblist\"},\"author\":{\"@id\":\"https:\\\/\\\/www.rucashk.com\\\/es\\\/author\\\/admin\\\/#author\"},\"creator\":{\"@id\":\"https:\\\/\\\/www.rucashk.com\\\/es\\\/author\\\/admin\\\/#author\"},\"image\":{\"@type\":\"ImageObject\",\"url\":\"https:\\\/\\\/www.rucashk.com\\\/wp-content\\\/uploads\\\/2024\\\/01\\\/5df9c1300bff160a1e58b05d-large_\\u526f\\u672c.jpg\",\"@id\":\"https:\\\/\\\/www.rucashk.com\\\/es\\\/producto\\\/70mai-gps-wholesale\\\/#mainImage\",\"width\":800,\"height\":800},\"primaryImageOfPage\":{\"@id\":\"https:\\\/\\\/www.rucashk.com\\\/es\\\/producto\\\/70mai-gps-wholesale\\\/#mainImage\"},\"datePublished\":\"2024-01-09T15:59:23+00:00\",\"dateModified\":\"2024-01-21T08:33:07+00:00\"},{\"@type\":\"WebSite\",\"@id\":\"https:\\\/\\\/www.rucashk.com\\\/es\\\/#website\",\"url\":\"https:\\\/\\\/www.rucashk.com\\\/es\\\/\",\"name\":\"Rucas - Wholesale and distribution worldwide\",\"alternateName\":\"Rucas - One-stop AIoT Distribution Worldwide\",\"description\":\"One-stop AIoT Distribution Worldwide\",\"inLanguage\":\"es-ES\",\"publisher\":{\"@id\":\"https:\\\/\\\/www.rucashk.com\\\/es\\\/#organization\"}}]}\n\t\t<\/script>\n\t\t<!-- All in One SEO Pro -->\r\n\t\t<title>70mai GPS Wholesale - Rucas - Wholesale and Distribution<\/title>\n\n","aioseo_head_json":{"title":"70mai GPS Wholesale - Rucas - Wholesale and Distribution","description":"Easy Installation. Plug-n-Go GPS Add-on Module Enable your 70mai Dash Cam Lite with Real-time Speed Info and GPS Coordinates Enable your 70mai Smart Dash Cam Pro with ADAS (Advanced Driver Assistance System) A modern AI powered safety feature designed to boost driving safe","canonical_url":"https:\/\/www.rucashk.com\/es\/producto\/70mai-gps-wholesale\/","robots":"max-image-preview:large","keywords":"","webmasterTools":{"miscellaneous":""},"og:locale":"es_ES","og:site_name":"Rucas - One-stop AIoT Distribution Worldwide","og:type":"article","og:title":"70mai GPS Wholesale - Rucas - Wholesale and Distribution","og:description":"Easy Installation. Plug-n-Go GPS Add-on Module Enable your 70mai Dash Cam Lite with Real-time Speed Info and GPS Coordinates Enable your 70mai Smart Dash Cam Pro with ADAS (Advanced Driver Assistance System) A modern AI powered safety feature designed to boost driving safe","og:url":"https:\/\/www.rucashk.com\/es\/producto\/70mai-gps-wholesale\/","og:image":"https:\/\/www.rucashk.com\/wp-content\/uploads\/replace\/503b8e645f128a97ccde2b6290747646.jpeg","og:image:secure_url":"https:\/\/www.rucashk.com\/wp-content\/uploads\/replace\/503b8e645f128a97ccde2b6290747646.jpeg","og:image:width":1456,"og:image:height":816,"article:published_time":"2024-01-09T15:59:23+00:00","article:modified_time":"2024-01-21T08:33:07+00:00","twitter:card":"summary_large_image","twitter:title":"70mai GPS Wholesale - Rucas - Wholesale and Distribution","twitter:description":"Easy Installation. Plug-n-Go GPS Add-on Module Enable your 70mai Dash Cam Lite with Real-time Speed Info and GPS Coordinates Enable your 70mai Smart Dash Cam Pro with ADAS (Advanced Driver Assistance System) A modern AI powered safety feature designed to boost driving safe","twitter:image":"https:\/\/www.rucashk.com\/wp-content\/uploads\/replace\/503b8e645f128a97ccde2b6290747646.jpeg","schema":{"@context":"https:\/\/schema.org","@graph":[{"@type":"BreadcrumbList","@id":"https:\/\/www.rucashk.com\/es\/producto\/70mai-gps-wholesale\/#breadcrumblist","itemListElement":[{"@type":"ListItem","@id":"https:\/\/www.rucashk.com\/es\/#listItem","position":1,"name":"Home","item":"https:\/\/www.rucashk.com\/es\/","nextItem":"https:\/\/www.rucashk.com\/es\/producto\/70mai-gps-wholesale\/#listItem"},{"@type":"ListItem","@id":"https:\/\/www.rucashk.com\/es\/producto\/70mai-gps-wholesale\/#listItem","position":2,"name":"70mai\u00a0GPS Wholesale","previousItem":"https:\/\/www.rucashk.com\/es\/#listItem"}]},{"@type":"Organization","@id":"https:\/\/www.rucashk.com\/es\/#organization","name":"Rucas","url":"https:\/\/www.rucashk.com\/es\/","logo":{"@type":"ImageObject","url":"https:\/\/www.rucashk.com\/wp-content\/uploads\/2023\/12\/Rucas_campany_logo.png","@id":"https:\/\/www.rucashk.com\/es\/producto\/70mai-gps-wholesale\/#organizationLogo","width":221,"height":65},"image":{"@id":"https:\/\/www.rucashk.com\/es\/#organizationLogo"}},{"@type":"Person","@id":"https:\/\/www.rucashk.com\/es\/author\/admin\/#author","url":"https:\/\/www.rucashk.com\/es\/author\/admin\/","name":"admin","image":{"@type":"ImageObject","@id":"https:\/\/www.rucashk.com\/es\/producto\/70mai-gps-wholesale\/#authorImage","url":"https:\/\/secure.gravatar.com\/avatar\/b7c8925b09a27e72b30232f8ecaadbd5af0f70a38c78096863fe51b64f031c24?s=96&d=mm&r=g","width":96,"height":96,"caption":"admin"}},{"@type":"WebPage","@id":"https:\/\/www.rucashk.com\/es\/producto\/70mai-gps-wholesale\/#webpage","url":"https:\/\/www.rucashk.com\/es\/producto\/70mai-gps-wholesale\/","name":"70mai GPS Wholesale - Rucas - Wholesale and Distribution","description":"Easy Installation. Plug-n-Go GPS Add-on Module Enable your 70mai Dash Cam Lite with Real-time Speed Info and GPS Coordinates Enable your 70mai Smart Dash Cam Pro with ADAS (Advanced Driver Assistance System) A modern AI powered safety feature designed to boost driving safe","inLanguage":"es-ES","isPartOf":{"@id":"https:\/\/www.rucashk.com\/es\/#website"},"breadcrumb":{"@id":"https:\/\/www.rucashk.com\/es\/producto\/70mai-gps-wholesale\/#breadcrumblist"},"author":{"@id":"https:\/\/www.rucashk.com\/es\/author\/admin\/#author"},"creator":{"@id":"https:\/\/www.rucashk.com\/es\/author\/admin\/#author"},"image":{"@type":"ImageObject","url":"https:\/\/www.rucashk.com\/wp-content\/uploads\/2024\/01\/5df9c1300bff160a1e58b05d-large_\u526f\u672c.jpg","@id":"https:\/\/www.rucashk.com\/es\/producto\/70mai-gps-wholesale\/#mainImage","width":800,"height":800},"primaryImageOfPage":{"@id":"https:\/\/www.rucashk.com\/es\/producto\/70mai-gps-wholesale\/#mainImage"},"datePublished":"2024-01-09T15:59:23+00:00","dateModified":"2024-01-21T08:33:07+00:00"},{"@type":"WebSite","@id":"https:\/\/www.rucashk.com\/es\/#website","url":"https:\/\/www.rucashk.com\/es\/","name":"Rucas - Wholesale and distribution worldwide","alternateName":"Rucas - One-stop AIoT Distribution Worldwide","description":"One-stop AIoT Distribution Worldwide","inLanguage":"es-ES","publisher":{"@id":"https:\/\/www.rucashk.com\/es\/#organization"}}]}},"aioseo_meta_data":{"post_id":"23959","title":null,"description":null,"keywords":null,"keyphrases":null,"primary_term":null,"canonical_url":null,"og_title":null,"og_description":null,"og_object_type":"default","og_image_type":"default","og_image_url":null,"og_image_width":null,"og_image_height":null,"og_image_custom_url":null,"og_image_custom_fields":null,"og_video":null,"og_custom_url":null,"og_article_section":null,"og_article_tags":null,"twitter_use_og":false,"twitter_card":"default","twitter_image_type":"default","twitter_image_url":null,"twitter_image_custom_url":null,"twitter_image_custom_fields":null,"twitter_title":null,"twitter_description":null,"schema":{"blockGraphs":[],"customGraphs":[],"default":{"data":{"Article":[],"Course":[],"Dataset":[],"FAQPage":[],"Movie":[],"Person":[],"Product":[],"Recipe":[],"Service":[],"SoftwareApplication":[],"WebPage":[]},"graphName":"","isEnabled":true},"graphs":[]},"schema_type":"default","schema_type_options":null,"pillar_content":false,"robots_default":true,"robots_noindex":false,"robots_noarchive":false,"robots_nosnippet":false,"robots_nofollow":false,"robots_noimageindex":false,"robots_noodp":false,"robots_notranslate":false,"robots_max_snippet":null,"robots_max_videopreview":null,"robots_max_imagepreview":"large","priority":null,"frequency":null,"local_seo":null,"breadcrumb_settings":null,"limit_modified_date":false,"created":"2024-04-11 01:57:07","updated":"2025-06-22 17:20:05"},"aioseo_breadcrumb":"<div class=\"aioseo-breadcrumbs\"><span class=\"aioseo-breadcrumb\">\n\t<a href=\"https:\/\/www.rucashk.com\/es\" title=\"Home\">Home<\/a>\n<\/span><span class=\"aioseo-breadcrumb-separator\">&raquo;<\/span><span class=\"aioseo-breadcrumb\">\n\t<a href=\"https:\/\/www.rucashk.com\/es\/products\/\" title=\"Productos\">Productos<\/a>\n<\/span><span class=\"aioseo-breadcrumb-separator\">&raquo;<\/span><span class=\"aioseo-breadcrumb\">\n\t<a href=\"https:\/\/www.rucashk.com\/es\/categoria-producto\/e-vehicle-accessories\/\" title=\"E-Vehicle Accessories\">E-Vehicle Accessories<\/a>\n<\/span><span class=\"aioseo-breadcrumb-separator\">&raquo;<\/span><span class=\"aioseo-breadcrumb\">\n\t70mai\u00a0GPS Wholesale\n<\/span><\/div>","aioseo_breadcrumb_json":[{"label":"Home","link":"https:\/\/www.rucashk.com\/es"},{"label":"Productos","link":"https:\/\/www.rucashk.com\/es\/products\/"},{"label":"E-Vehicle Accessories","link":"https:\/\/www.rucashk.com\/es\/categoria-producto\/e-vehicle-accessories\/"},{"label":"70mai\u00a0GPS Wholesale","link":"https:\/\/www.rucashk.com\/es\/producto\/70mai-gps-wholesale\/"}],"_links":{"self":[{"href":"https:\/\/www.rucashk.com\/es\/wp-json\/wp\/v2\/product\/23959","targetHints":{"allow":["GET"]}}],"collection":[{"href":"https:\/\/www.rucashk.com\/es\/wp-json\/wp\/v2\/product"}],"about":[{"href":"https:\/\/www.rucashk.com\/es\/wp-json\/wp\/v2\/types\/product"}],"wp:featuredmedia":[{"embeddable":true,"href":"https:\/\/www.rucashk.com\/es\/wp-json\/wp\/v2\/media\/24092"}],"wp:attachment":[{"href":"https:\/\/www.rucashk.com\/es\/wp-json\/wp\/v2\/media?parent=23959"}],"wp:term":[{"taxonomy":"product_brand","embeddable":true,"href":"https:\/\/www.rucashk.com\/es\/wp-json\/wp\/v2\/product_brand?post=23959"},{"taxonomy":"product_cat","embeddable":true,"href":"https:\/\/www.rucashk.com\/es\/wp-json\/wp\/v2\/product_cat?post=23959"},{"taxonomy":"product_tag","embeddable":true,"href":"https:\/\/www.rucashk.com\/es\/wp-json\/wp\/v2\/product_tag?post=23959"}],"curies":[{"name":"wp","href":"https:\/\/api.w.org\/{rel}","templated":true}]}}