{"id":23956,"date":"2024-01-09T15:59:23","date_gmt":"2024-01-09T15:59:23","guid":{"rendered":"http:\/\/rucashk.com\/?post_type=product&#038;p=23956"},"modified":"2024-03-12T07:42:32","modified_gmt":"2024-03-12T07:42:32","slug":"ecovacs-deebot-ozmo-950-wholesale","status":"publish","type":"product","link":"https:\/\/www.rucashk.com\/es\/producto\/ecovacs-deebot-ozmo-950-wholesale\/","title":{"rendered":"Ecovacs Deebot OZMO 950 al por mayor"},"content":{"rendered":"<div class=\"celwidget aplus-module premium-module-13-carousel\" data-cel-widget=\"aplus-premium-module-13-carousel\">\n<div class=\"a-section a-spacing-none premium-aplus premium-aplus-module-13\">\n<div class=\"a-section a-spacing-none aplus-carousel-container\">\n<div id=\"premium-aplus-13-carousel-1-id\" class=\"a-begin a-carousel-container a-carousel-display-single a-carousel-transition-slideCircular a-carousel-initialized\" data-a-carousel-options=\"{&quot;peek_percentage&quot;:0,&quot;minimum_gutter_width&quot;:0,&quot;show_partial_next&quot;:false,&quot;name&quot;:&quot;premium-aplus-13-carousel-1&quot;}\" data-a-display-strategy=\"single\" data-a-transition-strategy=\"slideCircular\">\n<div class=\"a-row a-carousel-controls a-carousel-row a-carousel-has-buttons a-carousel-overlay-buttons a-carousel-rounded-buttons\">\n<div class=\"a-carousel-row-inner\">\n<div class=\"a-carousel-col a-carousel-center\">\n<div id=\"anonCarousel5\" class=\"a-carousel-viewport\">\n<div class=\"a-section a-spacing-none aplus-card-image\"><img fetchpriority=\"high\" decoding=\"async\" class=\"aligncenter\" src=\"\/wp-content\/uploads\/replace\/a109b98d9f9596a1d8a5c36f1efc6ac7.jpeg\" alt=\"Ecovacs Deebot OZMO 950\" width=\"1464\" height=\"600\" \/><\/div>\n<div class=\"a-section a-spacing-none aplus-card-image\"><img decoding=\"async\" class=\"aligncenter\" src=\"\/wp-content\/uploads\/replace\/5b4c5a18b2fcacfbda6fd0ca153b0802.jpeg\" alt=\"Ecovacs Deebot OZMO 950\" width=\"1464\" height=\"600\" \/><\/div>\n<div class=\"a-section a-spacing-none aplus-card-image\"><img decoding=\"async\" class=\"aligncenter\" src=\"\/wp-content\/uploads\/replace\/3d88de67e26fa281de640284a25d92c6.jpeg\" alt=\"Ecovacs Deebot OZMO 950\" width=\"1464\" height=\"600\" \/><\/div>\n<div class=\"a-section a-spacing-none aplus-card-image\"><img loading=\"lazy\" decoding=\"async\" class=\"aligncenter\" src=\"\/wp-content\/uploads\/replace\/f41dd5de3d77be11ec4925b76ba21cb4.jpeg\" alt=\"Ecovacs Deebot OZMO 950\" width=\"1464\" height=\"600\" \/><img loading=\"lazy\" decoding=\"async\" class=\"aligncenter\" src=\"\/wp-content\/uploads\/replace\/cf422a5ccaf0dc0426ae4fc431b14b45.jpeg\" alt=\"Ecovacs Deebot OZMO 950\" width=\"1464\" height=\"600\" \/><img loading=\"lazy\" decoding=\"async\" class=\"aligncenter\" src=\"\/wp-content\/uploads\/replace\/ca453a937641b920145fc1acf36c2fe7.jpeg\" alt=\"Ecovacs Deebot OZMO 950\" width=\"1464\" height=\"600\" \/><\/div>\n<\/div>\n<\/div>\n<\/div>\n<\/div>\n<\/div>\n<div class=\"a-section a-spacing-none aplus-pagination-wrapper\">\n<div class=\"aplus-mantle aplus-module\">\n<div class=\"aplus-carousel-nav\"><\/div>\n<\/div>\n<\/div>\n<\/div>\n<div class=\"a-section a-text-center\"><\/div>\n<\/div>\n<\/div>\n<div class=\"celwidget aplus-module premium-module-2-fullbackground-image\" data-cel-widget=\"aplus-premium-module-2-fullbackground-image\">\n<div class=\"a-section a-spacing-none premium-aplus premium-aplus-module-2\">\n<div class=\"a-section a-spacing-none premium-background-wrapper\">\n<div class=\"a-section a-spacing-none background-image\" role=\"img\"><img loading=\"lazy\" decoding=\"async\" class=\"aligncenter\" src=\"\/wp-content\/uploads\/replace\/c4deb02ce0a620a7402dfac9fd78fac3.jpeg\" alt=\"Ecovacs Deebot OZMO 950\" width=\"1464\" height=\"600\" data-src=\"\/wp-content\/uploads\/replace\/c4deb02ce0a620a7402dfac9fd78fac3.jpeg\" \/><\/div>\n<\/div>\n<div class=\"a-section a-text-center\"><\/div>\n<\/div>\n<\/div>\n<div class=\"celwidget aplus-module premium-module-2-fullbackground-image\" data-cel-widget=\"aplus-premium-module-2-fullbackground-image\">\n<div class=\"a-section a-spacing-none premium-aplus premium-aplus-module-2\">\n<div class=\"a-section a-spacing-none premium-background-wrapper\">\n<div class=\"a-section a-spacing-none background-image\" role=\"img\"><img loading=\"lazy\" decoding=\"async\" class=\"aligncenter\" src=\"\/wp-content\/uploads\/replace\/74b6067e4e3de6cac4ff4929bd877ef7.jpeg\" alt=\"Ecovacs Deebot OZMO 950\" width=\"1464\" height=\"600\" data-src=\"\/wp-content\/uploads\/replace\/74b6067e4e3de6cac4ff4929bd877ef7.jpeg\" \/><\/div>\n<\/div>\n<div class=\"a-section a-text-center\"><\/div>\n<\/div>\n<\/div>\n<div class=\"celwidget aplus-module premium-module-3-four-column-images\" data-cel-widget=\"aplus-premium-module-3-four-column-images\">\n<div class=\"a-section a-spacing-none premium-aplus premium-aplus-module-3 aplus-container-1\">\n<div class=\"a-section a-spacing-none premium-aplus-four-column\">\n<div class=\"a-section a-spacing-none premium-aplus-column\">\n<div class=\"a-section a-spacing-none {'column-image'}\"><img loading=\"lazy\" decoding=\"async\" class=\"alignleft\" src=\"\/wp-content\/uploads\/replace\/4800e7172d63592879dded7b3c0cc24e.jpeg\" alt=\"Ecovacs Deebot OZMO 950\" width=\"300\" height=\"225\" data-src=\"\/wp-content\/uploads\/replace\/4800e7172d63592879dded7b3c0cc24e.jpeg\" \/><\/div>\n<div class=\"a-section a-spacing-none column-heading\">\n<h1 class=\"aplus-h3 a-text-bold\">F\u00e1cil de usar<\/h1>\n<\/div>\n<div class=\"a-section a-spacing-none column-description\">\n<p class=\"aplus-p3\">Inicia, detiene, pausa y carga DEEBOT con Amazon Alexa, Google Assistant o la aplicaci\u00f3n ECOVACS Home. Programe limpiezas para volver siempre a un hogar limpio.<\/p>\n<\/div>\n<\/div>\n<div class=\"a-section a-spacing-none premium-aplus-column\">\n<div class=\"a-section a-spacing-none {'column-image'}\"><img loading=\"lazy\" decoding=\"async\" class=\"alignnone\" src=\"\/wp-content\/uploads\/replace\/62d402051012ccfe403ed4aaa3dca3ba.jpeg\" alt=\"Ecovacs Deebot OZMO 950\" width=\"300\" height=\"225\" data-src=\"\/wp-content\/uploads\/replace\/62d402051012ccfe403ed4aaa3dca3ba.jpeg\" \/><\/div>\n<div class=\"a-section a-spacing-none column-heading\">\n<h1 class=\"aplus-h3 a-text-bold\">Movilidad fuerte<\/h1>\n<\/div>\n<div class=\"a-section a-spacing-none column-description\">\n<p class=\"aplus-p3\">DEEBOT OZMO 950 puede cruzar f\u00e1cilmente obst\u00e1culos como umbrales de puertas de hasta 20 mm y limpiar debajo de lugares de dif\u00edcil acceso con su altura de 93 mm.<\/p>\n<\/div>\n<\/div>\n<div class=\"a-section a-spacing-none premium-aplus-column\">\n<div class=\"a-section a-spacing-none {'column-image'}\"><img loading=\"lazy\" decoding=\"async\" class=\"alignnone\" src=\"\/wp-content\/uploads\/replace\/cca83bd3a552d14f15fe7404967918cd.jpeg\" alt=\"Ecovacs Deebot OZMO 950\" width=\"300\" height=\"225\" data-src=\"\/wp-content\/uploads\/replace\/cca83bd3a552d14f15fe7404967918cd.jpeg\" \/><\/div>\n<div class=\"a-section a-spacing-none column-heading\">\n<h1 class=\"aplus-h3 a-text-bold\">Limpieza silenciosa<\/h1>\n<\/div>\n<div class=\"a-section a-spacing-none column-description\">\n<p class=\"aplus-p3\">DEEBOT limpia con un nivel de sonido bajo, lo que le permite realizar actividades diarias como conversar y mirar televisi\u00f3n sin interrupciones.<\/p>\n<\/div>\n<\/div>\n<div class=\"a-section a-spacing-none premium-aplus-column\">\n<div class=\"a-section a-spacing-none {'column-image'}\"><img loading=\"lazy\" decoding=\"async\" class=\"alignnone\" src=\"\/wp-content\/uploads\/replace\/b6b271d906db85637a4a4be58d5cfde2.jpeg\" alt=\"Ecovacs Deebot OZMO 950\" width=\"300\" height=\"225\" data-src=\"\/wp-content\/uploads\/replace\/b6b271d906db85637a4a4be58d5cfde2.jpeg\" \/><\/div>\n<div class=\"a-section a-spacing-none column-heading\">\n<h1 class=\"aplus-h3 a-text-bold\">Limpieza Continua<\/h1>\n<\/div>\n<div class=\"a-section a-spacing-none column-description\">\n<p class=\"aplus-p3\">Cuando la bater\u00eda del DEEBOT est\u00e9 baja, volver\u00e1 autom\u00e1ticamente a la base de carga, se recargar\u00e1 y reanudar\u00e1 la limpieza justo donde lo dej\u00f3.<\/p>\n<\/div>\n<\/div>\n<\/div>\n<\/div>\n<\/div>\n<div class=\"celwidget aplus-module premium-module-10-hotspot-plain-image\" data-cel-widget=\"aplus-premium-module-10-hotspot-plain-image\">\n<div class=\"a-section a-spacing-none premium-aplus premium-aplus-module-10\"><img loading=\"lazy\" decoding=\"async\" class=\"aligncenter\" src=\"\/wp-content\/uploads\/replace\/2353ab2850031ee27ee3ec4e0ebef289.jpeg\" alt=\"Ecovacs Deebot OZMO 950\" width=\"1464\" height=\"600\" data-src=\"\/wp-content\/uploads\/replace\/2353ab2850031ee27ee3ec4e0ebef289.jpeg\" \/><\/div>\n<div>\n<p>&nbsp;<\/p>\n<h3><strong>Informaci\u00f3n del Producto<\/strong><\/h3>\n<p>&nbsp;<\/p>\n<table width=\"0\">\n<tbody>\n<tr>\n<td width=\"352\">Dimensiones del producto<\/td>\n<td>13,7 x 13,7 x 3,66 pulgadas<\/td>\n<\/tr>\n<tr>\n<td width=\"352\">Peso del art\u00edculo<\/td>\n<td>6,7 onzas<\/td>\n<\/tr>\n<tr>\n<td width=\"352\">Fabricante<\/td>\n<td>Ecovacs<\/td>\n<\/tr>\n<tr>\n<td width=\"352\">COMO EN<\/td>\n<td>B07TL6CTLZ<\/td>\n<\/tr>\n<tr>\n<td width=\"352\">N\u00famero de modelo del art\u00edculo<\/td>\n<td>OZMO 950<\/td>\n<\/tr>\n<tr>\n<td width=\"352\">Bater\u00edas<\/td>\n<td>Se requieren 1 bater\u00edas de iones de litio. (incluido)<\/td>\n<\/tr>\n<tr>\n<td width=\"352\">Peso del art\u00edculo<\/td>\n<td>0,42 libras<\/td>\n<\/tr>\n<tr>\n<td width=\"352\">Bater\u00edas requeridas<\/td>\n<td>S\u00ed<\/td>\n<\/tr>\n<tr>\n<td width=\"352\">Componentes incluidos<\/td>\n<td>Cepillo Principal, Filtro, Dustin, Cepillos Laterales, Robot<\/td>\n<\/tr>\n<\/tbody>\n<\/table>\n<p>&nbsp;<\/p>\n<h3>Principales caracter\u00edsticas<\/h3>\n<ul class=\"a-unordered-list a-vertical a-spacing-mini\">\n<li><span class=\"a-list-item\">Ozmo Mopping: DEEBOT puede aspirar y trapear simult\u00e1neamente para eliminar hasta 99.26% de bacterias en los pisos (estudio del Centro de Investigaci\u00f3n de Higiene y Microbiolog\u00eda). La aplicaci\u00f3n Ecovacs Home te permite ajustar el nivel de agua de la fregona. Con la detecci\u00f3n de alfombras, DEEBOT evita autom\u00e1ticamente las alfombras cuando trapea.<\/span><\/li>\n<li><span class=\"a-list-item\">Smart NAVI 3, 0: Smart Navi 3, 0 permite que DEEBOT navegue eficientemente por su casa y asigne su plano a su tel\u00e9fono inteligente utilizando tecnolog\u00eda l\u00e1ser. El mapa interactivo le brinda la posibilidad de elegir c\u00f3mo y d\u00f3nde desea limpiar. Utilice l\u00edmites virtuales ilimitados, modo de \u00e1rea y modo personalizado para limpiar \u00e1reas\/habitaciones espec\u00edficas o evitar otras.<\/span><\/li>\n<li><span class=\"a-list-item\">M\u00e1s de 3 horas de funcionamiento: una mayor duraci\u00f3n de la bater\u00eda para hogares grandes.<\/span><\/li>\n<li><span class=\"a-list-item\">3 niveles de potencia de succi\u00f3n: utilice 3 niveles de potencia de succi\u00f3n (Normal, Max y Max Plus) para hacer frente a cualquier desorden.<\/span><\/li>\n<li><span class=\"a-list-item\">Mapeo de varios pisos: DEEBOT ahora puede crear hasta 3 mapas diferentes, perfectos para casas de varios niveles y m\u00faltiples espacios de limpieza; Cuando el DEEBOT comience a limpiar, reconocer\u00e1 autom\u00e1ticamente el \u00e1rea guardada que va a limpiar<\/span><\/li>\n<li><span class=\"a-list-item\">Controles de voz y aplicaciones: comandos de voz de Alexa y Google Assistant. La aplicaci\u00f3n Ecovacs Smart viene con m\u00e1s de 5 funciones avanzadas que incluyen control directo, programaci\u00f3n, actualizaciones de estado, modos de limpieza, estado de accesorios, etc.<\/span><\/li>\n<\/ul>\n<\/div>\n<\/div>","protected":false},"excerpt":{"rendered":"<p><strong>Caracter\u00edstica:<\/strong><\/p>\n<ul>\n<li>trapeador ozmo<\/li>\n<li>NAVI inteligente 3, 0<\/li>\n<li>M\u00e1s de 3 horas de tiempo de ejecuci\u00f3n<\/li>\n<li>3 niveles de potencia de succi\u00f3n<\/li>\n<li>Mapeo de varios pisos<\/li>\n<li>Controles de voz y aplicaciones<\/li>\n<\/ul>","protected":false},"featured_media":24078,"template":"","meta":[],"product_brand":[],"product_cat":[1337,1322],"product_tag":[992],"class_list":{"0":"post-23956","1":"product","2":"type-product","3":"status-publish","4":"has-post-thumbnail","6":"product_cat-ecovacs-other-a-brands","7":"product_cat-other-a-brands","8":"product_tag-ecovacs-deebot-ozmo-950","10":"first","11":"instock","12":"shipping-taxable","13":"product-type-external"},"aioseo_notices":[],"aioseo_head":"\n\t\t<!-- All in One SEO Pro 4.5.9.2 - aioseo.com -->\n\t\t<meta name=\"description\" content=\"Feature: Ozmo Mopping Smart NAVI 3. 0 Over 3 hours of run time 3 levels of suction power Multi-floor mapping Voice &amp; app controls\" \/>\n\t\t<meta name=\"robots\" content=\"max-image-preview:large\" \/>\n\t\t<link rel=\"canonical\" href=\"https:\/\/www.rucashk.com\/es\/producto\/ecovacs-deebot-ozmo-950-wholesale\/\" \/>\n\t\t<meta name=\"generator\" content=\"All in One SEO Pro (AIOSEO) 4.5.9.2\" \/>\n\t\t<meta property=\"og:locale\" content=\"es_ES\" \/>\n\t\t<meta property=\"og:site_name\" content=\"Rucas - One-stop AIoT Distribution Worldwide\" \/>\n\t\t<meta property=\"og:type\" content=\"article\" \/>\n\t\t<meta property=\"og:title\" content=\"Ecovacs Deebot OZMO 950 Wholesale - Rucas - Wholesale and Distribution\" \/>\n\t\t<meta property=\"og:description\" content=\"Feature: Ozmo Mopping Smart NAVI 3. 0 Over 3 hours of run time 3 levels of suction power Multi-floor mapping Voice &amp; app controls\" \/>\n\t\t<meta property=\"og:url\" content=\"https:\/\/www.rucashk.com\/es\/producto\/ecovacs-deebot-ozmo-950-wholesale\/\" \/>\n\t\t<meta property=\"og:image\" content=\"https:\/\/www.rucashk.com\/wp-content\/uploads\/replace\/503b8e645f128a97ccde2b6290747646.jpeg\" \/>\n\t\t<meta property=\"og:image:secure_url\" content=\"https:\/\/www.rucashk.com\/wp-content\/uploads\/replace\/503b8e645f128a97ccde2b6290747646.jpeg\" \/>\n\t\t<meta property=\"og:image:width\" content=\"1456\" \/>\n\t\t<meta property=\"og:image:height\" content=\"816\" \/>\n\t\t<meta property=\"article:published_time\" content=\"2024-01-09T15:59:23+00:00\" \/>\n\t\t<meta property=\"article:modified_time\" content=\"2024-03-12T07:42:32+00:00\" \/>\n\t\t<meta name=\"twitter:card\" content=\"summary_large_image\" \/>\n\t\t<meta name=\"twitter:title\" content=\"Ecovacs Deebot OZMO 950 Wholesale - Rucas - Wholesale and Distribution\" \/>\n\t\t<meta name=\"twitter:description\" content=\"Feature: Ozmo Mopping Smart NAVI 3. 0 Over 3 hours of run time 3 levels of suction power Multi-floor mapping Voice &amp; app controls\" \/>\n\t\t<meta name=\"twitter:image\" content=\"https:\/\/www.rucashk.com\/wp-content\/uploads\/replace\/503b8e645f128a97ccde2b6290747646.jpeg\" \/>\n\t\t<script type=\"application\/ld+json\" class=\"aioseo-schema\">\n\t\t\t{\"@context\":\"https:\\\/\\\/schema.org\",\"@graph\":[{\"@type\":\"BreadcrumbList\",\"@id\":\"https:\\\/\\\/www.rucashk.com\\\/es\\\/producto\\\/ecovacs-deebot-ozmo-950-wholesale\\\/#breadcrumblist\",\"itemListElement\":[{\"@type\":\"ListItem\",\"@id\":\"https:\\\/\\\/www.rucashk.com\\\/es\\\/#listItem\",\"position\":1,\"name\":\"Home\",\"item\":\"https:\\\/\\\/www.rucashk.com\\\/es\\\/\",\"nextItem\":\"https:\\\/\\\/www.rucashk.com\\\/es\\\/producto\\\/ecovacs-deebot-ozmo-950-wholesale\\\/#listItem\"},{\"@type\":\"ListItem\",\"@id\":\"https:\\\/\\\/www.rucashk.com\\\/es\\\/producto\\\/ecovacs-deebot-ozmo-950-wholesale\\\/#listItem\",\"position\":2,\"name\":\"Ecovacs Deebot OZMO 950 Wholesale\",\"previousItem\":\"https:\\\/\\\/www.rucashk.com\\\/es\\\/#listItem\"}]},{\"@type\":\"Organization\",\"@id\":\"https:\\\/\\\/www.rucashk.com\\\/es\\\/#organization\",\"name\":\"Rucas\",\"url\":\"https:\\\/\\\/www.rucashk.com\\\/es\\\/\",\"logo\":{\"@type\":\"ImageObject\",\"url\":\"https:\\\/\\\/www.rucashk.com\\\/wp-content\\\/uploads\\\/2023\\\/12\\\/Rucas_campany_logo.png\",\"@id\":\"https:\\\/\\\/www.rucashk.com\\\/es\\\/producto\\\/ecovacs-deebot-ozmo-950-wholesale\\\/#organizationLogo\",\"width\":221,\"height\":65},\"image\":{\"@id\":\"https:\\\/\\\/www.rucashk.com\\\/es\\\/#organizationLogo\"}},{\"@type\":\"Person\",\"@id\":\"https:\\\/\\\/www.rucashk.com\\\/es\\\/author\\\/admin\\\/#author\",\"url\":\"https:\\\/\\\/www.rucashk.com\\\/es\\\/author\\\/admin\\\/\",\"name\":\"admin\",\"image\":{\"@type\":\"ImageObject\",\"@id\":\"https:\\\/\\\/www.rucashk.com\\\/es\\\/producto\\\/ecovacs-deebot-ozmo-950-wholesale\\\/#authorImage\",\"url\":\"https:\\\/\\\/secure.gravatar.com\\\/avatar\\\/b7c8925b09a27e72b30232f8ecaadbd5af0f70a38c78096863fe51b64f031c24?s=96&d=mm&r=g\",\"width\":96,\"height\":96,\"caption\":\"admin\"}},{\"@type\":\"WebPage\",\"@id\":\"https:\\\/\\\/www.rucashk.com\\\/es\\\/producto\\\/ecovacs-deebot-ozmo-950-wholesale\\\/#webpage\",\"url\":\"https:\\\/\\\/www.rucashk.com\\\/es\\\/producto\\\/ecovacs-deebot-ozmo-950-wholesale\\\/\",\"name\":\"Ecovacs Deebot OZMO 950 Wholesale - Rucas - Wholesale and Distribution\",\"description\":\"Feature: Ozmo Mopping Smart NAVI 3. 0 Over 3 hours of run time 3 levels of suction power Multi-floor mapping Voice & app controls\",\"inLanguage\":\"es-ES\",\"isPartOf\":{\"@id\":\"https:\\\/\\\/www.rucashk.com\\\/es\\\/#website\"},\"breadcrumb\":{\"@id\":\"https:\\\/\\\/www.rucashk.com\\\/es\\\/producto\\\/ecovacs-deebot-ozmo-950-wholesale\\\/#breadcrumblist\"},\"author\":{\"@id\":\"https:\\\/\\\/www.rucashk.com\\\/es\\\/author\\\/admin\\\/#author\"},\"creator\":{\"@id\":\"https:\\\/\\\/www.rucashk.com\\\/es\\\/author\\\/admin\\\/#author\"},\"image\":{\"@type\":\"ImageObject\",\"url\":\"https:\\\/\\\/www.rucashk.com\\\/wp-content\\\/uploads\\\/2024\\\/01\\\/Ecovacs-Deebot-OZMO-950.jpg\",\"@id\":\"https:\\\/\\\/www.rucashk.com\\\/es\\\/producto\\\/ecovacs-deebot-ozmo-950-wholesale\\\/#mainImage\",\"width\":800,\"height\":800},\"primaryImageOfPage\":{\"@id\":\"https:\\\/\\\/www.rucashk.com\\\/es\\\/producto\\\/ecovacs-deebot-ozmo-950-wholesale\\\/#mainImage\"},\"datePublished\":\"2024-01-09T15:59:23+00:00\",\"dateModified\":\"2024-03-12T07:42:32+00:00\"},{\"@type\":\"WebSite\",\"@id\":\"https:\\\/\\\/www.rucashk.com\\\/es\\\/#website\",\"url\":\"https:\\\/\\\/www.rucashk.com\\\/es\\\/\",\"name\":\"Rucas - Wholesale and distribution worldwide\",\"alternateName\":\"Rucas - One-stop AIoT Distribution Worldwide\",\"description\":\"One-stop AIoT Distribution Worldwide\",\"inLanguage\":\"es-ES\",\"publisher\":{\"@id\":\"https:\\\/\\\/www.rucashk.com\\\/es\\\/#organization\"}}]}\n\t\t<\/script>\n\t\t<!-- All in One SEO Pro -->\r\n\t\t<title>Ecovacs Deebot OZMO 950 Wholesale - Rucas - Wholesale and Distribution<\/title>\n\n","aioseo_head_json":{"title":"Ecovacs Deebot OZMO 950 Wholesale - Rucas - Wholesale and Distribution","description":"Feature: Ozmo Mopping Smart NAVI 3. 0 Over 3 hours of run time 3 levels of suction power Multi-floor mapping Voice & app controls","canonical_url":"https:\/\/www.rucashk.com\/es\/producto\/ecovacs-deebot-ozmo-950-wholesale\/","robots":"max-image-preview:large","keywords":"","webmasterTools":{"miscellaneous":""},"og:locale":"es_ES","og:site_name":"Rucas - One-stop AIoT Distribution Worldwide","og:type":"article","og:title":"Ecovacs Deebot OZMO 950 Wholesale - Rucas - Wholesale and Distribution","og:description":"Feature: Ozmo Mopping Smart NAVI 3. 0 Over 3 hours of run time 3 levels of suction power Multi-floor mapping Voice &amp; app controls","og:url":"https:\/\/www.rucashk.com\/es\/producto\/ecovacs-deebot-ozmo-950-wholesale\/","og:image":"https:\/\/www.rucashk.com\/wp-content\/uploads\/replace\/503b8e645f128a97ccde2b6290747646.jpeg","og:image:secure_url":"https:\/\/www.rucashk.com\/wp-content\/uploads\/replace\/503b8e645f128a97ccde2b6290747646.jpeg","og:image:width":1456,"og:image:height":816,"article:published_time":"2024-01-09T15:59:23+00:00","article:modified_time":"2024-03-12T07:42:32+00:00","twitter:card":"summary_large_image","twitter:title":"Ecovacs Deebot OZMO 950 Wholesale - Rucas - Wholesale and Distribution","twitter:description":"Feature: Ozmo Mopping Smart NAVI 3. 0 Over 3 hours of run time 3 levels of suction power Multi-floor mapping Voice &amp; app controls","twitter:image":"https:\/\/www.rucashk.com\/wp-content\/uploads\/replace\/503b8e645f128a97ccde2b6290747646.jpeg","schema":{"@context":"https:\/\/schema.org","@graph":[{"@type":"BreadcrumbList","@id":"https:\/\/www.rucashk.com\/es\/producto\/ecovacs-deebot-ozmo-950-wholesale\/#breadcrumblist","itemListElement":[{"@type":"ListItem","@id":"https:\/\/www.rucashk.com\/es\/#listItem","position":1,"name":"Home","item":"https:\/\/www.rucashk.com\/es\/","nextItem":"https:\/\/www.rucashk.com\/es\/producto\/ecovacs-deebot-ozmo-950-wholesale\/#listItem"},{"@type":"ListItem","@id":"https:\/\/www.rucashk.com\/es\/producto\/ecovacs-deebot-ozmo-950-wholesale\/#listItem","position":2,"name":"Ecovacs Deebot OZMO 950 Wholesale","previousItem":"https:\/\/www.rucashk.com\/es\/#listItem"}]},{"@type":"Organization","@id":"https:\/\/www.rucashk.com\/es\/#organization","name":"Rucas","url":"https:\/\/www.rucashk.com\/es\/","logo":{"@type":"ImageObject","url":"https:\/\/www.rucashk.com\/wp-content\/uploads\/2023\/12\/Rucas_campany_logo.png","@id":"https:\/\/www.rucashk.com\/es\/producto\/ecovacs-deebot-ozmo-950-wholesale\/#organizationLogo","width":221,"height":65},"image":{"@id":"https:\/\/www.rucashk.com\/es\/#organizationLogo"}},{"@type":"Person","@id":"https:\/\/www.rucashk.com\/es\/author\/admin\/#author","url":"https:\/\/www.rucashk.com\/es\/author\/admin\/","name":"admin","image":{"@type":"ImageObject","@id":"https:\/\/www.rucashk.com\/es\/producto\/ecovacs-deebot-ozmo-950-wholesale\/#authorImage","url":"https:\/\/secure.gravatar.com\/avatar\/b7c8925b09a27e72b30232f8ecaadbd5af0f70a38c78096863fe51b64f031c24?s=96&d=mm&r=g","width":96,"height":96,"caption":"admin"}},{"@type":"WebPage","@id":"https:\/\/www.rucashk.com\/es\/producto\/ecovacs-deebot-ozmo-950-wholesale\/#webpage","url":"https:\/\/www.rucashk.com\/es\/producto\/ecovacs-deebot-ozmo-950-wholesale\/","name":"Ecovacs Deebot OZMO 950 Wholesale - Rucas - Wholesale and Distribution","description":"Feature: Ozmo Mopping Smart NAVI 3. 0 Over 3 hours of run time 3 levels of suction power Multi-floor mapping Voice & app controls","inLanguage":"es-ES","isPartOf":{"@id":"https:\/\/www.rucashk.com\/es\/#website"},"breadcrumb":{"@id":"https:\/\/www.rucashk.com\/es\/producto\/ecovacs-deebot-ozmo-950-wholesale\/#breadcrumblist"},"author":{"@id":"https:\/\/www.rucashk.com\/es\/author\/admin\/#author"},"creator":{"@id":"https:\/\/www.rucashk.com\/es\/author\/admin\/#author"},"image":{"@type":"ImageObject","url":"https:\/\/www.rucashk.com\/wp-content\/uploads\/2024\/01\/Ecovacs-Deebot-OZMO-950.jpg","@id":"https:\/\/www.rucashk.com\/es\/producto\/ecovacs-deebot-ozmo-950-wholesale\/#mainImage","width":800,"height":800},"primaryImageOfPage":{"@id":"https:\/\/www.rucashk.com\/es\/producto\/ecovacs-deebot-ozmo-950-wholesale\/#mainImage"},"datePublished":"2024-01-09T15:59:23+00:00","dateModified":"2024-03-12T07:42:32+00:00"},{"@type":"WebSite","@id":"https:\/\/www.rucashk.com\/es\/#website","url":"https:\/\/www.rucashk.com\/es\/","name":"Rucas - Wholesale and distribution worldwide","alternateName":"Rucas - One-stop AIoT Distribution Worldwide","description":"One-stop AIoT Distribution Worldwide","inLanguage":"es-ES","publisher":{"@id":"https:\/\/www.rucashk.com\/es\/#organization"}}]}},"aioseo_meta_data":{"post_id":"23956","title":null,"description":null,"keywords":null,"keyphrases":null,"primary_term":null,"canonical_url":null,"og_title":null,"og_description":null,"og_object_type":"default","og_image_type":"default","og_image_url":null,"og_image_width":null,"og_image_height":null,"og_image_custom_url":null,"og_image_custom_fields":null,"og_video":null,"og_custom_url":null,"og_article_section":null,"og_article_tags":null,"twitter_use_og":false,"twitter_card":"default","twitter_image_type":"default","twitter_image_url":null,"twitter_image_custom_url":null,"twitter_image_custom_fields":null,"twitter_title":null,"twitter_description":null,"schema":{"blockGraphs":[],"customGraphs":[],"default":{"data":{"Article":[],"Course":[],"Dataset":[],"FAQPage":[],"Movie":[],"Person":[],"Product":[],"Recipe":[],"Service":[],"SoftwareApplication":[],"WebPage":[]},"graphName":"","isEnabled":true},"graphs":[]},"schema_type":"default","schema_type_options":null,"pillar_content":false,"robots_default":true,"robots_noindex":false,"robots_noarchive":false,"robots_nosnippet":false,"robots_nofollow":false,"robots_noimageindex":false,"robots_noodp":false,"robots_notranslate":false,"robots_max_snippet":null,"robots_max_videopreview":null,"robots_max_imagepreview":"large","priority":null,"frequency":null,"local_seo":null,"breadcrumb_settings":null,"limit_modified_date":false,"created":"2024-04-11 01:57:07","updated":"2025-06-22 17:20:04"},"aioseo_breadcrumb":"<div class=\"aioseo-breadcrumbs\"><span class=\"aioseo-breadcrumb\">\n\t<a href=\"https:\/\/www.rucashk.com\/es\" title=\"Home\">Home<\/a>\n<\/span><span class=\"aioseo-breadcrumb-separator\">&raquo;<\/span><span class=\"aioseo-breadcrumb\">\n\t<a href=\"https:\/\/www.rucashk.com\/es\/products\/\" title=\"Productos\">Productos<\/a>\n<\/span><span class=\"aioseo-breadcrumb-separator\">&raquo;<\/span><span class=\"aioseo-breadcrumb\">\n\t<a href=\"https:\/\/www.rucashk.com\/es\/categoria-producto\/other-a-brands\/\" title=\"Other A-Brands\">Other A-Brands<\/a>\n<\/span><span class=\"aioseo-breadcrumb-separator\">&raquo;<\/span><span class=\"aioseo-breadcrumb\">\n\t<a href=\"https:\/\/www.rucashk.com\/es\/categoria-producto\/other-a-brands\/ecovacs-other-a-brands\/\" title=\"Ecovacs\">Ecovacs<\/a>\n<\/span><span class=\"aioseo-breadcrumb-separator\">&raquo;<\/span><span class=\"aioseo-breadcrumb\">\n\tEcovacs Deebot OZMO 950 Wholesale\n<\/span><\/div>","aioseo_breadcrumb_json":[{"label":"Home","link":"https:\/\/www.rucashk.com\/es"},{"label":"Productos","link":"https:\/\/www.rucashk.com\/es\/products\/"},{"label":"Other A-Brands","link":"https:\/\/www.rucashk.com\/es\/categoria-producto\/other-a-brands\/"},{"label":"Ecovacs","link":"https:\/\/www.rucashk.com\/es\/categoria-producto\/other-a-brands\/ecovacs-other-a-brands\/"},{"label":"Ecovacs Deebot OZMO 950 Wholesale","link":"https:\/\/www.rucashk.com\/es\/producto\/ecovacs-deebot-ozmo-950-wholesale\/"}],"_links":{"self":[{"href":"https:\/\/www.rucashk.com\/es\/wp-json\/wp\/v2\/product\/23956","targetHints":{"allow":["GET"]}}],"collection":[{"href":"https:\/\/www.rucashk.com\/es\/wp-json\/wp\/v2\/product"}],"about":[{"href":"https:\/\/www.rucashk.com\/es\/wp-json\/wp\/v2\/types\/product"}],"wp:featuredmedia":[{"embeddable":true,"href":"https:\/\/www.rucashk.com\/es\/wp-json\/wp\/v2\/media\/24078"}],"wp:attachment":[{"href":"https:\/\/www.rucashk.com\/es\/wp-json\/wp\/v2\/media?parent=23956"}],"wp:term":[{"taxonomy":"product_brand","embeddable":true,"href":"https:\/\/www.rucashk.com\/es\/wp-json\/wp\/v2\/product_brand?post=23956"},{"taxonomy":"product_cat","embeddable":true,"href":"https:\/\/www.rucashk.com\/es\/wp-json\/wp\/v2\/product_cat?post=23956"},{"taxonomy":"product_tag","embeddable":true,"href":"https:\/\/www.rucashk.com\/es\/wp-json\/wp\/v2\/product_tag?post=23956"}],"curies":[{"name":"wp","href":"https:\/\/api.w.org\/{rel}","templated":true}]}}