{"id":23955,"date":"2024-01-09T15:59:23","date_gmt":"2024-01-09T15:59:23","guid":{"rendered":"http:\/\/rucashk.com\/?post_type=product&#038;p=23955"},"modified":"2024-03-13T06:55:22","modified_gmt":"2024-03-13T06:55:22","slug":"ninebot-by-segway-es4-wholesale","status":"publish","type":"product","link":"https:\/\/www.rucashk.com\/es\/producto\/ninebot-by-segway-es4-wholesale\/","title":{"rendered":"Ninebot por Segway ES4 al por mayor"},"content":{"rendered":"<p><img fetchpriority=\"high\" decoding=\"async\" class=\"aligncenter wp-image-19049 size-full\" src=\"\/wp-content\/uploads\/replace\/f2b890637b66cf001d80fb6394370c2f.png\" alt=\"Ninebot\u00a0By Segway ES4\" width=\"1577\" height=\"636\" \/><img decoding=\"async\" class=\"aligncenter wp-image-19050 size-full\" src=\"\/wp-content\/uploads\/replace\/2d9cc4ef815a46f0d22646d38bc8d012.jpeg\" alt=\"Ninebot\u00a0By Segway ES4\" width=\"1590\" height=\"591\" \/><img decoding=\"async\" class=\"aligncenter wp-image-19051 size-full\" src=\"\/wp-content\/uploads\/replace\/02612a6a45718ce98d58653217177be2.jpeg\" alt=\"Ninebot\u00a0By Segway ES4\" width=\"1579\" height=\"584\" \/><img loading=\"lazy\" decoding=\"async\" class=\"aligncenter wp-image-19052 size-full\" src=\"\/wp-content\/uploads\/replace\/40a2f0140b8c0dcf8b97ea66418b2bae.jpeg\" alt=\"Ninebot\u00a0By Segway ES4\" width=\"1582\" height=\"543\" \/><img loading=\"lazy\" decoding=\"async\" class=\"aligncenter wp-image-19053 size-full\" src=\"\/wp-content\/uploads\/replace\/e8a505755dfa12d792daa0f49734b701.png\" alt=\"Ninebot\u00a0By Segway ES4\" width=\"1587\" height=\"485\" \/><img loading=\"lazy\" decoding=\"async\" class=\"aligncenter wp-image-19054 size-full\" src=\"\/wp-content\/uploads\/replace\/adcedd01d09bf15f6b7f6ad772c49f89.png\" alt=\"Ninebot\u00a0By Segway ES4\" width=\"1579\" height=\"434\" \/><img loading=\"lazy\" decoding=\"async\" class=\"aligncenter wp-image-19055 size-full\" src=\"\/wp-content\/uploads\/replace\/24062d12872ae4bfbfba0663840f3dd6.png\" alt=\"Ninebot\u00a0By Segway ES4\" width=\"1582\" height=\"427\" \/><img loading=\"lazy\" decoding=\"async\" class=\"aligncenter wp-image-19056 size-full\" src=\"\/wp-content\/uploads\/replace\/e076f7621d6edc0cdbd70607dcaab7ce.png\" alt=\"Ninebot\u00a0By Segway ES4\" width=\"1583\" height=\"521\" \/><\/p>","protected":false},"excerpt":{"rendered":"<p><strong>Caracter\u00edsticas:<\/strong><\/p>\n<ul>\n<li>Freno el\u00e9ctrico con sistema de frenos antibloqueo y freno mec\u00e1nico de dise\u00f1o ergon\u00f3mico<\/li>\n<li>La pantalla LED muestra la velocidad de conducci\u00f3n, la conexi\u00f3n Bluetooth, el modo de energ\u00eda y el nivel de la bater\u00eda.<\/li>\n<li>Control de crucero para viajes c\u00f3modos de distancias m\u00e1s largas<\/li>\n<li>La luz ambiental combina el color de la iluminaci\u00f3n ambiental con tu estilo y gusto personal.<\/li>\n<li>La absorci\u00f3n de impactos en las ruedas delanteras y traseras proporciona la m\u00e1xima comodidad al conductor<\/li>\n<li>Las luces LED delanteras y traseras se ven y se mantienen seguras en condiciones de poca luz.<\/li>\n<li>Certificado UL 2272. Consulte el manual del usuario para conocer todas las certificaciones.<\/li>\n<li>Conectividad Bluetooth, control remoto Bluetooth y actualizaciones de firmware a trav\u00e9s de la aplicaci\u00f3n Ninebot<\/li>\n<li>F\u00e1cil de guardar Ligero y plegable para un f\u00e1cil almacenamiento<\/li>\n<\/ul>\n<p>&nbsp;<\/p>","protected":false},"featured_media":24067,"template":"","meta":[],"product_brand":[],"product_cat":[1321,1305],"product_tag":[991],"class_list":{"0":"post-23955","1":"product","2":"type-product","3":"status-publish","4":"has-post-thumbnail","6":"product_cat-sports","7":"product_cat-xiaomi-eco","8":"product_tag-ninebot-by-segway-es4","10":"first","11":"instock","12":"shipping-taxable","13":"product-type-external"},"aioseo_notices":[],"aioseo_head":"\n\t\t<!-- All in One SEO Pro 4.5.9.2 - aioseo.com -->\n\t\t<meta name=\"description\" content=\"Features: Electrical Brake with anti-lock brake system, and ergonomically designed Mechanical Brake LED Display shows driving speed, Bluetooth connection, power mode, and battery level Cruise Control for convenient longer distance traveling Ambient Light match the ambient lighting color to your personal style and taste Front and Rear Wheel Shock Absorption provides maximum rider comfort LED Front and Rear Lights be seen and stay safe in low light conditions UL 2272 Certified, See user manual for all certifications Bluetooth Connectivity, Bluetooth remote control and firmware upgrades via Ninebot App Easy to Store Lightweight and foldable for easy storage\" \/>\n\t\t<meta name=\"robots\" content=\"max-image-preview:large\" \/>\n\t\t<link rel=\"canonical\" href=\"https:\/\/www.rucashk.com\/es\/producto\/ninebot-by-segway-es4-wholesale\/\" \/>\n\t\t<meta name=\"generator\" content=\"All in One SEO Pro (AIOSEO) 4.5.9.2\" \/>\n\t\t<meta property=\"og:locale\" content=\"es_ES\" \/>\n\t\t<meta property=\"og:site_name\" content=\"Rucas - One-stop AIoT Distribution Worldwide\" \/>\n\t\t<meta property=\"og:type\" content=\"article\" \/>\n\t\t<meta property=\"og:title\" content=\"Ninebot By Segway ES4 Wholesale - Rucas - Wholesale and Distribution\" \/>\n\t\t<meta property=\"og:description\" content=\"Features: Electrical Brake with anti-lock brake system, and ergonomically designed Mechanical Brake LED Display shows driving speed, Bluetooth connection, power mode, and battery level Cruise Control for convenient longer distance traveling Ambient Light match the ambient lighting color to your personal style and taste Front and Rear Wheel Shock Absorption provides maximum rider comfort LED Front and Rear Lights be seen and stay safe in low light conditions UL 2272 Certified, See user manual for all certifications Bluetooth Connectivity, Bluetooth remote control and firmware upgrades via Ninebot App Easy to Store Lightweight and foldable for easy storage\" \/>\n\t\t<meta property=\"og:url\" content=\"https:\/\/www.rucashk.com\/es\/producto\/ninebot-by-segway-es4-wholesale\/\" \/>\n\t\t<meta property=\"og:image\" content=\"https:\/\/www.rucashk.com\/wp-content\/uploads\/replace\/503b8e645f128a97ccde2b6290747646.jpeg\" \/>\n\t\t<meta property=\"og:image:secure_url\" content=\"https:\/\/www.rucashk.com\/wp-content\/uploads\/replace\/503b8e645f128a97ccde2b6290747646.jpeg\" \/>\n\t\t<meta property=\"og:image:width\" content=\"1456\" \/>\n\t\t<meta property=\"og:image:height\" content=\"816\" \/>\n\t\t<meta property=\"article:published_time\" content=\"2024-01-09T15:59:23+00:00\" \/>\n\t\t<meta property=\"article:modified_time\" content=\"2024-03-13T06:55:22+00:00\" \/>\n\t\t<meta name=\"twitter:card\" content=\"summary_large_image\" \/>\n\t\t<meta name=\"twitter:title\" content=\"Ninebot By Segway ES4 Wholesale - Rucas - Wholesale and Distribution\" \/>\n\t\t<meta name=\"twitter:description\" content=\"Features: Electrical Brake with anti-lock brake system, and ergonomically designed Mechanical Brake LED Display shows driving speed, Bluetooth connection, power mode, and battery level Cruise Control for convenient longer distance traveling Ambient Light match the ambient lighting color to your personal style and taste Front and Rear Wheel Shock Absorption provides maximum rider comfort LED Front and Rear Lights be seen and stay safe in low light conditions UL 2272 Certified, See user manual for all certifications Bluetooth Connectivity, Bluetooth remote control and firmware upgrades via Ninebot App Easy to Store Lightweight and foldable for easy storage\" \/>\n\t\t<meta name=\"twitter:image\" content=\"https:\/\/www.rucashk.com\/wp-content\/uploads\/replace\/503b8e645f128a97ccde2b6290747646.jpeg\" \/>\n\t\t<script type=\"application\/ld+json\" class=\"aioseo-schema\">\n\t\t\t{\"@context\":\"https:\\\/\\\/schema.org\",\"@graph\":[{\"@type\":\"BreadcrumbList\",\"@id\":\"https:\\\/\\\/www.rucashk.com\\\/es\\\/producto\\\/ninebot-by-segway-es4-wholesale\\\/#breadcrumblist\",\"itemListElement\":[{\"@type\":\"ListItem\",\"@id\":\"https:\\\/\\\/www.rucashk.com\\\/es\\\/#listItem\",\"position\":1,\"name\":\"Home\",\"item\":\"https:\\\/\\\/www.rucashk.com\\\/es\\\/\",\"nextItem\":\"https:\\\/\\\/www.rucashk.com\\\/es\\\/producto\\\/ninebot-by-segway-es4-wholesale\\\/#listItem\"},{\"@type\":\"ListItem\",\"@id\":\"https:\\\/\\\/www.rucashk.com\\\/es\\\/producto\\\/ninebot-by-segway-es4-wholesale\\\/#listItem\",\"position\":2,\"name\":\"Ninebot\\u00a0By Segway ES4 Wholesale\",\"previousItem\":\"https:\\\/\\\/www.rucashk.com\\\/es\\\/#listItem\"}]},{\"@type\":\"Organization\",\"@id\":\"https:\\\/\\\/www.rucashk.com\\\/es\\\/#organization\",\"name\":\"Rucas\",\"url\":\"https:\\\/\\\/www.rucashk.com\\\/es\\\/\",\"logo\":{\"@type\":\"ImageObject\",\"url\":\"https:\\\/\\\/www.rucashk.com\\\/wp-content\\\/uploads\\\/2023\\\/12\\\/Rucas_campany_logo.png\",\"@id\":\"https:\\\/\\\/www.rucashk.com\\\/es\\\/producto\\\/ninebot-by-segway-es4-wholesale\\\/#organizationLogo\",\"width\":221,\"height\":65},\"image\":{\"@id\":\"https:\\\/\\\/www.rucashk.com\\\/es\\\/#organizationLogo\"}},{\"@type\":\"Person\",\"@id\":\"https:\\\/\\\/www.rucashk.com\\\/es\\\/author\\\/admin\\\/#author\",\"url\":\"https:\\\/\\\/www.rucashk.com\\\/es\\\/author\\\/admin\\\/\",\"name\":\"admin\",\"image\":{\"@type\":\"ImageObject\",\"@id\":\"https:\\\/\\\/www.rucashk.com\\\/es\\\/producto\\\/ninebot-by-segway-es4-wholesale\\\/#authorImage\",\"url\":\"https:\\\/\\\/secure.gravatar.com\\\/avatar\\\/b7c8925b09a27e72b30232f8ecaadbd5af0f70a38c78096863fe51b64f031c24?s=96&d=mm&r=g\",\"width\":96,\"height\":96,\"caption\":\"admin\"}},{\"@type\":\"WebPage\",\"@id\":\"https:\\\/\\\/www.rucashk.com\\\/es\\\/producto\\\/ninebot-by-segway-es4-wholesale\\\/#webpage\",\"url\":\"https:\\\/\\\/www.rucashk.com\\\/es\\\/producto\\\/ninebot-by-segway-es4-wholesale\\\/\",\"name\":\"Ninebot By Segway ES4 Wholesale - Rucas - Wholesale and Distribution\",\"description\":\"Features: Electrical Brake with anti-lock brake system, and ergonomically designed Mechanical Brake LED Display shows driving speed, Bluetooth connection, power mode, and battery level Cruise Control for convenient longer distance traveling Ambient Light match the ambient lighting color to your personal style and taste Front and Rear Wheel Shock Absorption provides maximum rider comfort LED Front and Rear Lights be seen and stay safe in low light conditions UL 2272 Certified, See user manual for all certifications Bluetooth Connectivity, Bluetooth remote control and firmware upgrades via Ninebot App Easy to Store Lightweight and foldable for easy storage\",\"inLanguage\":\"es-ES\",\"isPartOf\":{\"@id\":\"https:\\\/\\\/www.rucashk.com\\\/es\\\/#website\"},\"breadcrumb\":{\"@id\":\"https:\\\/\\\/www.rucashk.com\\\/es\\\/producto\\\/ninebot-by-segway-es4-wholesale\\\/#breadcrumblist\"},\"author\":{\"@id\":\"https:\\\/\\\/www.rucashk.com\\\/es\\\/author\\\/admin\\\/#author\"},\"creator\":{\"@id\":\"https:\\\/\\\/www.rucashk.com\\\/es\\\/author\\\/admin\\\/#author\"},\"image\":{\"@type\":\"ImageObject\",\"url\":\"https:\\\/\\\/www.rucashk.com\\\/wp-content\\\/uploads\\\/2024\\\/01\\\/1_\\u526f\\u672c-14-1.jpg\",\"@id\":\"https:\\\/\\\/www.rucashk.com\\\/es\\\/producto\\\/ninebot-by-segway-es4-wholesale\\\/#mainImage\",\"width\":800,\"height\":800},\"primaryImageOfPage\":{\"@id\":\"https:\\\/\\\/www.rucashk.com\\\/es\\\/producto\\\/ninebot-by-segway-es4-wholesale\\\/#mainImage\"},\"datePublished\":\"2024-01-09T15:59:23+00:00\",\"dateModified\":\"2024-03-13T06:55:22+00:00\"},{\"@type\":\"WebSite\",\"@id\":\"https:\\\/\\\/www.rucashk.com\\\/es\\\/#website\",\"url\":\"https:\\\/\\\/www.rucashk.com\\\/es\\\/\",\"name\":\"Rucas - Wholesale and distribution worldwide\",\"alternateName\":\"Rucas - One-stop AIoT Distribution Worldwide\",\"description\":\"One-stop AIoT Distribution Worldwide\",\"inLanguage\":\"es-ES\",\"publisher\":{\"@id\":\"https:\\\/\\\/www.rucashk.com\\\/es\\\/#organization\"}}]}\n\t\t<\/script>\n\t\t<!-- All in One SEO Pro -->\r\n\t\t<title>Ninebot By Segway ES4 Wholesale - Rucas - Wholesale and Distribution<\/title>\n\n","aioseo_head_json":{"title":"Ninebot By Segway ES4 Wholesale - Rucas - Wholesale and Distribution","description":"Features: Electrical Brake with anti-lock brake system, and ergonomically designed Mechanical Brake LED Display shows driving speed, Bluetooth connection, power mode, and battery level Cruise Control for convenient longer distance traveling Ambient Light match the ambient lighting color to your personal style and taste Front and Rear Wheel Shock Absorption provides maximum rider comfort LED Front and Rear Lights be seen and stay safe in low light conditions UL 2272 Certified, See user manual for all certifications Bluetooth Connectivity, Bluetooth remote control and firmware upgrades via Ninebot App Easy to Store Lightweight and foldable for easy storage","canonical_url":"https:\/\/www.rucashk.com\/es\/producto\/ninebot-by-segway-es4-wholesale\/","robots":"max-image-preview:large","keywords":"","webmasterTools":{"miscellaneous":""},"og:locale":"es_ES","og:site_name":"Rucas - One-stop AIoT Distribution Worldwide","og:type":"article","og:title":"Ninebot By Segway ES4 Wholesale - Rucas - Wholesale and Distribution","og:description":"Features: Electrical Brake with anti-lock brake system, and ergonomically designed Mechanical Brake LED Display shows driving speed, Bluetooth connection, power mode, and battery level Cruise Control for convenient longer distance traveling Ambient Light match the ambient lighting color to your personal style and taste Front and Rear Wheel Shock Absorption provides maximum rider comfort LED Front and Rear Lights be seen and stay safe in low light conditions UL 2272 Certified, See user manual for all certifications Bluetooth Connectivity, Bluetooth remote control and firmware upgrades via Ninebot App Easy to Store Lightweight and foldable for easy storage","og:url":"https:\/\/www.rucashk.com\/es\/producto\/ninebot-by-segway-es4-wholesale\/","og:image":"https:\/\/www.rucashk.com\/wp-content\/uploads\/replace\/503b8e645f128a97ccde2b6290747646.jpeg","og:image:secure_url":"https:\/\/www.rucashk.com\/wp-content\/uploads\/replace\/503b8e645f128a97ccde2b6290747646.jpeg","og:image:width":1456,"og:image:height":816,"article:published_time":"2024-01-09T15:59:23+00:00","article:modified_time":"2024-03-13T06:55:22+00:00","twitter:card":"summary_large_image","twitter:title":"Ninebot By Segway ES4 Wholesale - Rucas - Wholesale and Distribution","twitter:description":"Features: Electrical Brake with anti-lock brake system, and ergonomically designed Mechanical Brake LED Display shows driving speed, Bluetooth connection, power mode, and battery level Cruise Control for convenient longer distance traveling Ambient Light match the ambient lighting color to your personal style and taste Front and Rear Wheel Shock Absorption provides maximum rider comfort LED Front and Rear Lights be seen and stay safe in low light conditions UL 2272 Certified, See user manual for all certifications Bluetooth Connectivity, Bluetooth remote control and firmware upgrades via Ninebot App Easy to Store Lightweight and foldable for easy storage","twitter:image":"https:\/\/www.rucashk.com\/wp-content\/uploads\/replace\/503b8e645f128a97ccde2b6290747646.jpeg","schema":{"@context":"https:\/\/schema.org","@graph":[{"@type":"BreadcrumbList","@id":"https:\/\/www.rucashk.com\/es\/producto\/ninebot-by-segway-es4-wholesale\/#breadcrumblist","itemListElement":[{"@type":"ListItem","@id":"https:\/\/www.rucashk.com\/es\/#listItem","position":1,"name":"Home","item":"https:\/\/www.rucashk.com\/es\/","nextItem":"https:\/\/www.rucashk.com\/es\/producto\/ninebot-by-segway-es4-wholesale\/#listItem"},{"@type":"ListItem","@id":"https:\/\/www.rucashk.com\/es\/producto\/ninebot-by-segway-es4-wholesale\/#listItem","position":2,"name":"Ninebot\u00a0By Segway ES4 Wholesale","previousItem":"https:\/\/www.rucashk.com\/es\/#listItem"}]},{"@type":"Organization","@id":"https:\/\/www.rucashk.com\/es\/#organization","name":"Rucas","url":"https:\/\/www.rucashk.com\/es\/","logo":{"@type":"ImageObject","url":"https:\/\/www.rucashk.com\/wp-content\/uploads\/2023\/12\/Rucas_campany_logo.png","@id":"https:\/\/www.rucashk.com\/es\/producto\/ninebot-by-segway-es4-wholesale\/#organizationLogo","width":221,"height":65},"image":{"@id":"https:\/\/www.rucashk.com\/es\/#organizationLogo"}},{"@type":"Person","@id":"https:\/\/www.rucashk.com\/es\/author\/admin\/#author","url":"https:\/\/www.rucashk.com\/es\/author\/admin\/","name":"admin","image":{"@type":"ImageObject","@id":"https:\/\/www.rucashk.com\/es\/producto\/ninebot-by-segway-es4-wholesale\/#authorImage","url":"https:\/\/secure.gravatar.com\/avatar\/b7c8925b09a27e72b30232f8ecaadbd5af0f70a38c78096863fe51b64f031c24?s=96&d=mm&r=g","width":96,"height":96,"caption":"admin"}},{"@type":"WebPage","@id":"https:\/\/www.rucashk.com\/es\/producto\/ninebot-by-segway-es4-wholesale\/#webpage","url":"https:\/\/www.rucashk.com\/es\/producto\/ninebot-by-segway-es4-wholesale\/","name":"Ninebot By Segway ES4 Wholesale - Rucas - Wholesale and Distribution","description":"Features: Electrical Brake with anti-lock brake system, and ergonomically designed Mechanical Brake LED Display shows driving speed, Bluetooth connection, power mode, and battery level Cruise Control for convenient longer distance traveling Ambient Light match the ambient lighting color to your personal style and taste Front and Rear Wheel Shock Absorption provides maximum rider comfort LED Front and Rear Lights be seen and stay safe in low light conditions UL 2272 Certified, See user manual for all certifications Bluetooth Connectivity, Bluetooth remote control and firmware upgrades via Ninebot App Easy to Store Lightweight and foldable for easy storage","inLanguage":"es-ES","isPartOf":{"@id":"https:\/\/www.rucashk.com\/es\/#website"},"breadcrumb":{"@id":"https:\/\/www.rucashk.com\/es\/producto\/ninebot-by-segway-es4-wholesale\/#breadcrumblist"},"author":{"@id":"https:\/\/www.rucashk.com\/es\/author\/admin\/#author"},"creator":{"@id":"https:\/\/www.rucashk.com\/es\/author\/admin\/#author"},"image":{"@type":"ImageObject","url":"https:\/\/www.rucashk.com\/wp-content\/uploads\/2024\/01\/1_\u526f\u672c-14-1.jpg","@id":"https:\/\/www.rucashk.com\/es\/producto\/ninebot-by-segway-es4-wholesale\/#mainImage","width":800,"height":800},"primaryImageOfPage":{"@id":"https:\/\/www.rucashk.com\/es\/producto\/ninebot-by-segway-es4-wholesale\/#mainImage"},"datePublished":"2024-01-09T15:59:23+00:00","dateModified":"2024-03-13T06:55:22+00:00"},{"@type":"WebSite","@id":"https:\/\/www.rucashk.com\/es\/#website","url":"https:\/\/www.rucashk.com\/es\/","name":"Rucas - Wholesale and distribution worldwide","alternateName":"Rucas - One-stop AIoT Distribution Worldwide","description":"One-stop AIoT Distribution Worldwide","inLanguage":"es-ES","publisher":{"@id":"https:\/\/www.rucashk.com\/es\/#organization"}}]}},"aioseo_meta_data":{"post_id":"23955","title":null,"description":null,"keywords":null,"keyphrases":null,"primary_term":null,"canonical_url":null,"og_title":null,"og_description":null,"og_object_type":"default","og_image_type":"default","og_image_url":null,"og_image_width":null,"og_image_height":null,"og_image_custom_url":null,"og_image_custom_fields":null,"og_video":null,"og_custom_url":null,"og_article_section":null,"og_article_tags":null,"twitter_use_og":false,"twitter_card":"default","twitter_image_type":"default","twitter_image_url":null,"twitter_image_custom_url":null,"twitter_image_custom_fields":null,"twitter_title":null,"twitter_description":null,"schema":{"blockGraphs":[],"customGraphs":[],"default":{"data":{"Article":[],"Course":[],"Dataset":[],"FAQPage":[],"Movie":[],"Person":[],"Product":[],"Recipe":[],"Service":[],"SoftwareApplication":[],"WebPage":[]},"graphName":"","isEnabled":true},"graphs":[]},"schema_type":"default","schema_type_options":null,"pillar_content":false,"robots_default":true,"robots_noindex":false,"robots_noarchive":false,"robots_nosnippet":false,"robots_nofollow":false,"robots_noimageindex":false,"robots_noodp":false,"robots_notranslate":false,"robots_max_snippet":null,"robots_max_videopreview":null,"robots_max_imagepreview":"large","priority":null,"frequency":null,"local_seo":null,"breadcrumb_settings":null,"limit_modified_date":false,"created":"2024-04-11 01:57:07","updated":"2025-06-22 17:20:04"},"aioseo_breadcrumb":"<div class=\"aioseo-breadcrumbs\"><span class=\"aioseo-breadcrumb\">\n\t<a href=\"https:\/\/www.rucashk.com\/es\" title=\"Home\">Home<\/a>\n<\/span><span class=\"aioseo-breadcrumb-separator\">&raquo;<\/span><span class=\"aioseo-breadcrumb\">\n\t<a href=\"https:\/\/www.rucashk.com\/es\/products\/\" title=\"Productos\">Productos<\/a>\n<\/span><span class=\"aioseo-breadcrumb-separator\">&raquo;<\/span><span class=\"aioseo-breadcrumb\">\n\t<a href=\"https:\/\/www.rucashk.com\/es\/categoria-producto\/xiaomi-eco\/\" title=\"Xiaomi Eco\">Xiaomi Eco<\/a>\n<\/span><span class=\"aioseo-breadcrumb-separator\">&raquo;<\/span><span class=\"aioseo-breadcrumb\">\n\t<a href=\"https:\/\/www.rucashk.com\/es\/categoria-producto\/xiaomi-eco\/sports\/\" title=\"Sports\">Sports<\/a>\n<\/span><span class=\"aioseo-breadcrumb-separator\">&raquo;<\/span><span class=\"aioseo-breadcrumb\">\n\tNinebot\u00a0By Segway ES4 Wholesale\n<\/span><\/div>","aioseo_breadcrumb_json":[{"label":"Home","link":"https:\/\/www.rucashk.com\/es"},{"label":"Productos","link":"https:\/\/www.rucashk.com\/es\/products\/"},{"label":"Xiaomi Eco","link":"https:\/\/www.rucashk.com\/es\/categoria-producto\/xiaomi-eco\/"},{"label":"Sports","link":"https:\/\/www.rucashk.com\/es\/categoria-producto\/xiaomi-eco\/sports\/"},{"label":"Ninebot\u00a0By Segway ES4 Wholesale","link":"https:\/\/www.rucashk.com\/es\/producto\/ninebot-by-segway-es4-wholesale\/"}],"_links":{"self":[{"href":"https:\/\/www.rucashk.com\/es\/wp-json\/wp\/v2\/product\/23955","targetHints":{"allow":["GET"]}}],"collection":[{"href":"https:\/\/www.rucashk.com\/es\/wp-json\/wp\/v2\/product"}],"about":[{"href":"https:\/\/www.rucashk.com\/es\/wp-json\/wp\/v2\/types\/product"}],"wp:featuredmedia":[{"embeddable":true,"href":"https:\/\/www.rucashk.com\/es\/wp-json\/wp\/v2\/media\/24067"}],"wp:attachment":[{"href":"https:\/\/www.rucashk.com\/es\/wp-json\/wp\/v2\/media?parent=23955"}],"wp:term":[{"taxonomy":"product_brand","embeddable":true,"href":"https:\/\/www.rucashk.com\/es\/wp-json\/wp\/v2\/product_brand?post=23955"},{"taxonomy":"product_cat","embeddable":true,"href":"https:\/\/www.rucashk.com\/es\/wp-json\/wp\/v2\/product_cat?post=23955"},{"taxonomy":"product_tag","embeddable":true,"href":"https:\/\/www.rucashk.com\/es\/wp-json\/wp\/v2\/product_tag?post=23955"}],"curies":[{"name":"wp","href":"https:\/\/api.w.org\/{rel}","templated":true}]}}