{"id":23953,"date":"2024-01-09T15:59:23","date_gmt":"2024-01-09T15:59:23","guid":{"rendered":"http:\/\/rucashk.com\/?post_type=product&#038;p=23953"},"modified":"2024-01-21T08:32:33","modified_gmt":"2024-01-21T08:32:33","slug":"70mai-dash-cam-pro-gps-wholesale","status":"publish","type":"product","link":"https:\/\/www.rucashk.com\/es\/producto\/70mai-dash-cam-pro-gps-wholesale\/","title":{"rendered":"70mai Dash Cam Pro GPS al por mayor"},"content":{"rendered":"<div class=\"detailmodule_html\">\n<div class=\"detail-desc-decorate-richtext\">\n<p data-spm-anchor-id=\"a2g0o.detail.1000023.i2.489a51ddHH7Xtz\"><img fetchpriority=\"high\" decoding=\"async\" class=\"alignnone\" src=\"https:\/\/www.rucashk.com\/wp-content\/uploads\/2020\/07\/H982dfeedba1c45a38892a39f80902b82l.gif\" alt=\"70mai\u00a0Dash Cam Pro GPS\" width=\"904\" height=\"452\" data-spm-anchor-id=\"a2g0o.detail.1000023.i3.489a51ddHH7Xtz\" \/><\/p>\n<\/div>\n<\/div>\n<div class=\"detailmodule_html\">\n<div class=\"detail-desc-decorate-richtext\">\n<div><strong>Nota:<\/strong><\/div>\n<div>Hay dos versiones para 70mai Dash Cam Pro: versi\u00f3n sin GPS y con versi\u00f3n GPS.<\/div>\n<div>Por favor, elija y compre el mejor que desee.<\/div>\n<div>\u200b<\/div>\n<p><strong>Original 70mai Pro Control de voz en ingl\u00e9s 70mai Dash Cam Pro 1944P 5Mega P\u00edxeles GPS Opcional 70mai Car Cam Pro Monitor de estacionamiento 24H 140FOV Visi\u00f3n nocturna Wifi gratis 70mai Car DVR Pro Sistema de estacionamiento con sensor G<\/strong><\/p>\n<\/div>\n<\/div>\n<div class=\"detailmodule_html\">\n<div class=\"detail-desc-decorate-richtext\">\n<p><img decoding=\"async\" class=\"alignnone\" src=\"https:\/\/www.rucashk.com\/wp-content\/uploads\/2020\/07\/H87bc159c10c54fffa459feb82ac3cc5cc.jpg\" alt=\"70mai\u00a0Dash Cam Pro GPS\" width=\"960\" height=\"1111\" \/><img decoding=\"async\" class=\"alignnone\" src=\"https:\/\/www.rucashk.com\/wp-content\/uploads\/2020\/07\/H074bfade0fee4086adbd9cae2c2fdb96m.jpg\" alt=\"70mai\u00a0Dash Cam Pro GPS\" width=\"960\" height=\"676\" \/><\/p>\n<p class=\"p\"><b>Resoluci\u00f3n s\u00faper alta de 1944P: 2,5 veces de 1080P<\/b><b><\/b><\/p>\n<p>&nbsp;<\/p>\n<p>&nbsp;<\/p>\n<p class=\"p\">Al ajustar el equilibrio de exposici\u00f3n, la c\u00e1mara de tablero 1944P captura mayores detalles en la oscuridad y el brillo.<\/p>\n<p><img loading=\"lazy\" decoding=\"async\" class=\"alignnone\" src=\"https:\/\/www.rucashk.com\/wp-content\/uploads\/2020\/07\/H4d474ba82c2042d0b0d7a04e5ce46f23Y.jpg\" alt=\"70mai\u00a0Dash Cam Pro GPS\" width=\"960\" height=\"837\" \/><\/p>\n<p><strong>Impresionantes fotograf\u00edas de d\u00eda y de noche<\/strong><\/p>\n<p>Equipado con una apertura F1.8 y lentes de cristal 6, puede mejorar enormemente la visi\u00f3n nocturna y obtener im\u00e1genes n\u00edtidas y con colores precisos.<\/p>\n<p><img loading=\"lazy\" decoding=\"async\" class=\"alignnone\" src=\"https:\/\/www.rucashk.com\/wp-content\/uploads\/2020\/07\/H7e313d8f7ddf45daa2df81dc150ae6c4j.jpg\" alt=\"70mai\u00a0Dash Cam Pro GPS\" width=\"960\" height=\"1086\" \/><\/p>\n<p><b>Procesador HiSillicon de doble n\u00facleo con sensor Sony de 5 megap\u00edxeles<\/b><\/p>\n<p>El sensible sensor SONY IMX335 y la potente Hi3556 V100 crean una c\u00e1mara extraordinaria para su reproducci\u00f3n.<img loading=\"lazy\" decoding=\"async\" class=\"alignnone\" src=\"https:\/\/www.rucashk.com\/wp-content\/uploads\/2020\/07\/H2f5f309a4c1f4f029e76a678e8cccd1d0.jpg\" alt=\"70mai\u00a0Dash Cam Pro GPS\" width=\"960\" height=\"671\" \/><\/p>\n<p class=\"p\"><b>El sistema avanzado de asistencia al conductor mejora su seguridad al conducir<\/b><b><\/b><\/p>\n<p>Advertencia de cambio de carril: la alerta en tiempo real le advierte cuando se sale del carril y antes de chocar con otro veh\u00edculo adelante.<\/p>\n<p class=\"p\">Advertencia de colisi\u00f3n frontal: le ayuda a mantener una distancia segura con el veh\u00edculo delantero. Prevenga eficazmente los choques por alcance y reduzca las lesiones relevantes. especialmente durante atascos de tr\u00e1fico. (Solo disponible con m\u00f3dulo GPS que debe comprarse por separado)<\/p>\n<p><img loading=\"lazy\" decoding=\"async\" class=\"alignnone\" src=\"https:\/\/www.rucashk.com\/wp-content\/uploads\/2020\/07\/Hc0ff72699a3d4c54897dff087f8d8840S.jpg\" alt=\"70mai\u00a0Dash Cam Pro GPS\" width=\"960\" height=\"1084\" \/><\/p>\n<p><img loading=\"lazy\" decoding=\"async\" class=\"alignnone\" src=\"https:\/\/www.rucashk.com\/wp-content\/uploads\/2020\/07\/He5860f45422547bcaf2764521be588e53.jpg\" alt=\"70mai\u00a0Dash Cam Pro GPS\" width=\"960\" height=\"1108\" \/><\/p>\n<p class=\"p\"><b>Vigilancia de estacionamiento las 24 horas<\/b><\/p>\n<p class=\"p\">La c\u00e1mara del tablero comenzar\u00e1 a grabar autom\u00e1ticamente cuando el sensor G incorporado detecte una colisi\u00f3n. Le recordar\u00e1 que revise el video del evento cuando regrese al autom\u00f3vil.<\/p>\n<p><img loading=\"lazy\" decoding=\"async\" class=\"alignnone\" src=\"https:\/\/www.rucashk.com\/wp-content\/uploads\/2020\/07\/H5836a3c04e4c456eb30869ed0723ab13z.jpg\" alt=\"70mai\u00a0Dash Cam Pro GPS\" width=\"960\" height=\"919\" \/><\/p>\n<p><strong>Grabaci\u00f3n de emergencia cuando no est\u00e1s<\/strong><\/p>\n<p>Con un sensor de alta sensibilidad, su c\u00e1mara de tablero 70mai estar\u00e1 disponible para grabaci\u00f3n autom\u00e1tica en el modo de estacionamiento. Est\u00e9 siempre atento a su precioso veh\u00edculo.<\/p>\n<p><img loading=\"lazy\" decoding=\"async\" class=\"alignnone\" src=\"https:\/\/www.rucashk.com\/wp-content\/uploads\/2020\/07\/H9bde06605790411d95d5866dc72af38cZ.jpg\" alt=\"70mai\u00a0Dash Cam Pro GPS\" width=\"960\" height=\"918\" \/><\/p>\n<p><b>Control de aplicaciones<\/b><\/p>\n<p class=\"p\">La aplicaci\u00f3n 70mai es compatible con sistemas IOS y Android, lo que le permite ver y descargar videos HD a trav\u00e9s de Wi-Fi en tiempo real. Adem\u00e1s, bloquee el v\u00eddeo de emergencia en &quot;Archivo de eventos&quot; para evitar una sobrescritura.<\/p>\n<p><img loading=\"lazy\" decoding=\"async\" class=\"alignnone\" src=\"https:\/\/www.rucashk.com\/wp-content\/uploads\/2020\/07\/H994ddc0065194f268a39f51f36b4bd8ds.jpg\" alt=\"70mai\u00a0Dash Cam Pro GPS\" width=\"960\" height=\"1076\" \/><\/p>\n<p>&nbsp;<\/p>\n<p class=\"p\"><b>Control Vioce (Solo disponible para la versi\u00f3n en ingl\u00e9s. La versi\u00f3n rusa no admite control por voz para problemas con acento)<\/b><b><\/b><\/p>\n<p>&nbsp;<\/p>\n<p>&nbsp;<\/p>\n<p>Puede controlar de manera eficiente 70mai dash cam Pro para tomar fotograf\u00edas, grabar videos y abrir pantallas sin manipulaci\u00f3n manual, sino mediante un conveniente comando de voz.\u00a0<img loading=\"lazy\" decoding=\"async\" class=\"alignnone\" src=\"https:\/\/www.rucashk.com\/wp-content\/uploads\/2020\/07\/H313685519ad1408eb9faaca533f1c073j.jpg\" alt=\"70mai\u00a0Dash Cam Pro GPS\" width=\"960\" height=\"752\" \/><\/p>\n<p><strong>Desempa\u00f1ado<\/strong><\/p>\n<p>El algoritmo de desempa\u00f1amiento puede reducir eficazmente la distorsi\u00f3n o degradaci\u00f3n de las im\u00e1genes y reproducir una visi\u00f3n clara mientras se conduce en ambientes de humo y neblina.<img loading=\"lazy\" decoding=\"async\" class=\"alignnone\" src=\"https:\/\/www.rucashk.com\/wp-content\/uploads\/2020\/07\/Hbccfd5ba062e4c6fabae18463d15895di.jpg\" alt=\"70mai\u00a0Dash Cam Pro GPS\" width=\"960\" height=\"808\" \/><\/p>\n<p><strong>WDR<\/strong><\/p>\n<p>La tecnolog\u00eda WDR puede ajustar el equilibrio de exposici\u00f3n, lo que permite que la c\u00e1mara capte m\u00e1s detalles en la oscuridad y las luces, lo que permite que la c\u00e1mara del tablero procese m\u00e1s luz en el sensor y produzca una imagen m\u00e1s vibrante.<\/p>\n<p><img loading=\"lazy\" decoding=\"async\" class=\"alignnone\" src=\"https:\/\/www.rucashk.com\/wp-content\/uploads\/2020\/07\/H295eb0e669f84a989a1803bb0af7fe04l.jpg\" alt=\"70mai\u00a0Dash Cam Pro GPS\" width=\"960\" height=\"896\" \/><\/p>\n<p><strong>Dise\u00f1o oculto<\/strong><\/p>\n<p>Dise\u00f1ado para adaptarse a todo el interior del coche y perfectamente oculto detr\u00e1s del espejo retrovisor.<img loading=\"lazy\" decoding=\"async\" class=\"alignnone\" src=\"https:\/\/www.rucashk.com\/wp-content\/uploads\/2020\/07\/H00ca60321be74622b7446e0edf6a8b1f1.jpg\" alt=\"70mai\u00a0Dash Cam Pro GPS\" width=\"960\" height=\"831\" \/><\/p>\n<p><strong>Retroceso de bucle<\/strong><\/p>\n<p>Sobrescritura autom\u00e1tica de las im\u00e1genes m\u00e1s antiguas con las m\u00e1s recientes para ahorrar espacio en su tarjeta de memoria micro. (La pantalla de velocidad y coordenadas GPS solo est\u00e1 disponible con el m\u00f3dulo GPS que debe comprarse por separado)<\/p>\n<p><img loading=\"lazy\" decoding=\"async\" class=\"alignnone\" src=\"https:\/\/www.rucashk.com\/wp-content\/uploads\/2020\/07\/H0e0d2461ebfb4bf5b3825ab937c4a7d2X.jpg\" alt=\"70mai\u00a0Dash Cam Pro GPS\" width=\"960\" height=\"840\" \/><\/p>\n<\/div>\n<\/div>\n<div class=\"detailmodule_image\"><img loading=\"lazy\" decoding=\"async\" class=\"detail-desc-decorate-image alignnone\" src=\"https:\/\/www.rucashk.com\/wp-content\/uploads\/2020\/07\/H4dd77fe03c234f31b38f1794b3f31cceP.jpg\" alt=\"70mai\u00a0Dash Cam Pro GPS\" width=\"960\" height=\"800\" \/><\/div>\n<div class=\"detailmodule_html\">\n<div class=\"detail-desc-decorate-richtext\">\n<div><strong>DATOS T\u00c9CNICOS<\/strong><\/div>\n<div>\n<ul>\n<li>Conjunto de chips: HiSilicon Hi3556V100<\/li>\n<li>Transductor de imagen: SONY IMX335<\/li>\n<li>Lente: gran angular 140 grados \/ lente F \/ 1.8<\/li>\n<li>M\u00f3dulo WIFI incorporado: S\u00cd<\/li>\n<li>Resoluci\u00f3n de grabaci\u00f3n:<\/li>\n<li>2592 \u00d7 1944p 30 fps (4: 3)<\/li>\n<li>2560 \u00d7 1440p 30 fps (16:9)<\/li>\n<li>Soporte ajustable: SI \u2013 fijaci\u00f3n de la c\u00e1mara con cinta<\/li>\n<li>Sensor de choque: S\u00cd<\/li>\n<li>MODO DE APARCAMIENTO: S\u00cd<\/li>\n<li>Grabaci\u00f3n en bucle: S\u00cd \u2013 sobrescritura de las grabaciones m\u00e1s antiguas<\/li>\n<li>Formato de archivo de v\u00eddeo y fotograf\u00eda: MP4, H.264<\/li>\n<li>Duraci\u00f3n de las secciones grabadas en minutos: 1min<\/li>\n<li>Ranura para tarjeta de memoria: microSD hasta 64GB<\/li>\n<li>Se puede configurar la fecha y la hora: S\u00cd<\/li>\n<li>Micr\u00f3fono y altavoz: SI<\/li>\n<li>Sello de fecha y hora: S\u00cd<\/li>\n<li>Conectores y puertos: USB 2.0 (conector de alimentaci\u00f3n), microSD<\/li>\n<li>Potencia: bater\u00eda de 500 mAh<\/li>\n<li>Carga: 5V (micro USB)<\/li>\n<li>Software m\u00f3vil: TAK \u2013 iOS, Android<\/li>\n<li>Temperatura de trabajo: -20\u00b0~+60\u00b0C<\/li>\n<\/ul>\n<\/div>\n<\/div>\n<\/div>","protected":false},"excerpt":{"rendered":"<ul>\n<li>Protecci\u00f3n las 24 horas<\/li>\n<li>1944P S\u00faper Alta Definici\u00f3n<\/li>\n<li>Compatible con ADAS<\/li>\n<\/ul>","protected":false},"featured_media":24058,"template":"","meta":[],"product_brand":[],"product_cat":[1289,1288],"product_tag":[989],"class_list":{"0":"post-23953","1":"product","2":"type-product","3":"status-publish","4":"has-post-thumbnail","6":"product_cat-dash-camera","7":"product_cat-e-vehicle-accessories","8":"product_tag-70mai-dash-cam-pro-gps","10":"first","11":"instock","12":"shipping-taxable","13":"product-type-external"},"aioseo_notices":[],"aioseo_head":"\n\t\t<!-- All in One SEO Pro 4.5.9.2 - aioseo.com -->\n\t\t<meta name=\"description\" content=\"24-Hour Protection 1944P Super High Definition ADAS Supported\" \/>\n\t\t<meta name=\"robots\" content=\"max-image-preview:large\" \/>\n\t\t<link rel=\"canonical\" href=\"https:\/\/www.rucashk.com\/es\/producto\/70mai-dash-cam-pro-gps-wholesale\/\" \/>\n\t\t<meta name=\"generator\" content=\"All in One SEO Pro (AIOSEO) 4.5.9.2\" \/>\n\t\t<meta property=\"og:locale\" content=\"es_ES\" \/>\n\t\t<meta property=\"og:site_name\" content=\"Rucas - One-stop AIoT Distribution Worldwide\" \/>\n\t\t<meta property=\"og:type\" content=\"article\" \/>\n\t\t<meta property=\"og:title\" content=\"70mai Dash Cam Pro GPS Wholesale - Rucas - Wholesale and Distribution\" \/>\n\t\t<meta property=\"og:description\" content=\"24-Hour Protection 1944P Super High Definition ADAS Supported\" \/>\n\t\t<meta property=\"og:url\" content=\"https:\/\/www.rucashk.com\/es\/producto\/70mai-dash-cam-pro-gps-wholesale\/\" \/>\n\t\t<meta property=\"og:image\" content=\"https:\/\/www.rucashk.com\/wp-content\/uploads\/replace\/503b8e645f128a97ccde2b6290747646.jpeg\" \/>\n\t\t<meta property=\"og:image:secure_url\" content=\"https:\/\/www.rucashk.com\/wp-content\/uploads\/replace\/503b8e645f128a97ccde2b6290747646.jpeg\" \/>\n\t\t<meta property=\"og:image:width\" content=\"1456\" \/>\n\t\t<meta property=\"og:image:height\" content=\"816\" \/>\n\t\t<meta property=\"article:published_time\" content=\"2024-01-09T15:59:23+00:00\" \/>\n\t\t<meta property=\"article:modified_time\" content=\"2024-01-21T08:32:33+00:00\" \/>\n\t\t<meta name=\"twitter:card\" content=\"summary_large_image\" \/>\n\t\t<meta name=\"twitter:title\" content=\"70mai Dash Cam Pro GPS Wholesale - Rucas - Wholesale and Distribution\" \/>\n\t\t<meta name=\"twitter:description\" content=\"24-Hour Protection 1944P Super High Definition ADAS Supported\" \/>\n\t\t<meta name=\"twitter:image\" content=\"https:\/\/www.rucashk.com\/wp-content\/uploads\/replace\/503b8e645f128a97ccde2b6290747646.jpeg\" \/>\n\t\t<script type=\"application\/ld+json\" class=\"aioseo-schema\">\n\t\t\t{\"@context\":\"https:\\\/\\\/schema.org\",\"@graph\":[{\"@type\":\"BreadcrumbList\",\"@id\":\"https:\\\/\\\/www.rucashk.com\\\/es\\\/producto\\\/70mai-dash-cam-pro-gps-wholesale\\\/#breadcrumblist\",\"itemListElement\":[{\"@type\":\"ListItem\",\"@id\":\"https:\\\/\\\/www.rucashk.com\\\/es\\\/#listItem\",\"position\":1,\"name\":\"Home\",\"item\":\"https:\\\/\\\/www.rucashk.com\\\/es\\\/\",\"nextItem\":\"https:\\\/\\\/www.rucashk.com\\\/es\\\/producto\\\/70mai-dash-cam-pro-gps-wholesale\\\/#listItem\"},{\"@type\":\"ListItem\",\"@id\":\"https:\\\/\\\/www.rucashk.com\\\/es\\\/producto\\\/70mai-dash-cam-pro-gps-wholesale\\\/#listItem\",\"position\":2,\"name\":\"70mai\\u00a0Dash Cam Pro GPS Wholesale\",\"previousItem\":\"https:\\\/\\\/www.rucashk.com\\\/es\\\/#listItem\"}]},{\"@type\":\"Organization\",\"@id\":\"https:\\\/\\\/www.rucashk.com\\\/es\\\/#organization\",\"name\":\"Rucas\",\"url\":\"https:\\\/\\\/www.rucashk.com\\\/es\\\/\",\"logo\":{\"@type\":\"ImageObject\",\"url\":\"https:\\\/\\\/www.rucashk.com\\\/wp-content\\\/uploads\\\/2023\\\/12\\\/Rucas_campany_logo.png\",\"@id\":\"https:\\\/\\\/www.rucashk.com\\\/es\\\/producto\\\/70mai-dash-cam-pro-gps-wholesale\\\/#organizationLogo\",\"width\":221,\"height\":65},\"image\":{\"@id\":\"https:\\\/\\\/www.rucashk.com\\\/es\\\/#organizationLogo\"}},{\"@type\":\"Person\",\"@id\":\"https:\\\/\\\/www.rucashk.com\\\/es\\\/author\\\/admin\\\/#author\",\"url\":\"https:\\\/\\\/www.rucashk.com\\\/es\\\/author\\\/admin\\\/\",\"name\":\"admin\",\"image\":{\"@type\":\"ImageObject\",\"@id\":\"https:\\\/\\\/www.rucashk.com\\\/es\\\/producto\\\/70mai-dash-cam-pro-gps-wholesale\\\/#authorImage\",\"url\":\"https:\\\/\\\/secure.gravatar.com\\\/avatar\\\/b7c8925b09a27e72b30232f8ecaadbd5af0f70a38c78096863fe51b64f031c24?s=96&d=mm&r=g\",\"width\":96,\"height\":96,\"caption\":\"admin\"}},{\"@type\":\"WebPage\",\"@id\":\"https:\\\/\\\/www.rucashk.com\\\/es\\\/producto\\\/70mai-dash-cam-pro-gps-wholesale\\\/#webpage\",\"url\":\"https:\\\/\\\/www.rucashk.com\\\/es\\\/producto\\\/70mai-dash-cam-pro-gps-wholesale\\\/\",\"name\":\"70mai Dash Cam Pro GPS Wholesale - Rucas - Wholesale and Distribution\",\"description\":\"24-Hour Protection 1944P Super High Definition ADAS Supported\",\"inLanguage\":\"es-ES\",\"isPartOf\":{\"@id\":\"https:\\\/\\\/www.rucashk.com\\\/es\\\/#website\"},\"breadcrumb\":{\"@id\":\"https:\\\/\\\/www.rucashk.com\\\/es\\\/producto\\\/70mai-dash-cam-pro-gps-wholesale\\\/#breadcrumblist\"},\"author\":{\"@id\":\"https:\\\/\\\/www.rucashk.com\\\/es\\\/author\\\/admin\\\/#author\"},\"creator\":{\"@id\":\"https:\\\/\\\/www.rucashk.com\\\/es\\\/author\\\/admin\\\/#author\"},\"image\":{\"@type\":\"ImageObject\",\"url\":\"https:\\\/\\\/www.rucashk.com\\\/wp-content\\\/uploads\\\/2024\\\/01\\\/4691589446367_.pic_1024x1024@2x_\\u526f\\u672c.jpg\",\"@id\":\"https:\\\/\\\/www.rucashk.com\\\/es\\\/producto\\\/70mai-dash-cam-pro-gps-wholesale\\\/#mainImage\",\"width\":800,\"height\":800},\"primaryImageOfPage\":{\"@id\":\"https:\\\/\\\/www.rucashk.com\\\/es\\\/producto\\\/70mai-dash-cam-pro-gps-wholesale\\\/#mainImage\"},\"datePublished\":\"2024-01-09T15:59:23+00:00\",\"dateModified\":\"2024-01-21T08:32:33+00:00\"},{\"@type\":\"WebSite\",\"@id\":\"https:\\\/\\\/www.rucashk.com\\\/es\\\/#website\",\"url\":\"https:\\\/\\\/www.rucashk.com\\\/es\\\/\",\"name\":\"Rucas - Wholesale and distribution worldwide\",\"alternateName\":\"Rucas - One-stop AIoT Distribution Worldwide\",\"description\":\"One-stop AIoT Distribution Worldwide\",\"inLanguage\":\"es-ES\",\"publisher\":{\"@id\":\"https:\\\/\\\/www.rucashk.com\\\/es\\\/#organization\"}}]}\n\t\t<\/script>\n\t\t<!-- All in One SEO Pro -->\r\n\t\t<title>70mai Dash Cam Pro GPS Wholesale - Rucas - Wholesale and Distribution<\/title>\n\n","aioseo_head_json":{"title":"70mai Dash Cam Pro GPS Wholesale - Rucas - Wholesale and Distribution","description":"24-Hour Protection 1944P Super High Definition ADAS Supported","canonical_url":"https:\/\/www.rucashk.com\/es\/producto\/70mai-dash-cam-pro-gps-wholesale\/","robots":"max-image-preview:large","keywords":"","webmasterTools":{"miscellaneous":""},"og:locale":"es_ES","og:site_name":"Rucas - One-stop AIoT Distribution Worldwide","og:type":"article","og:title":"70mai Dash Cam Pro GPS Wholesale - Rucas - Wholesale and Distribution","og:description":"24-Hour Protection 1944P Super High Definition ADAS Supported","og:url":"https:\/\/www.rucashk.com\/es\/producto\/70mai-dash-cam-pro-gps-wholesale\/","og:image":"https:\/\/www.rucashk.com\/wp-content\/uploads\/replace\/503b8e645f128a97ccde2b6290747646.jpeg","og:image:secure_url":"https:\/\/www.rucashk.com\/wp-content\/uploads\/replace\/503b8e645f128a97ccde2b6290747646.jpeg","og:image:width":1456,"og:image:height":816,"article:published_time":"2024-01-09T15:59:23+00:00","article:modified_time":"2024-01-21T08:32:33+00:00","twitter:card":"summary_large_image","twitter:title":"70mai Dash Cam Pro GPS Wholesale - Rucas - Wholesale and Distribution","twitter:description":"24-Hour Protection 1944P Super High Definition ADAS Supported","twitter:image":"https:\/\/www.rucashk.com\/wp-content\/uploads\/replace\/503b8e645f128a97ccde2b6290747646.jpeg","schema":{"@context":"https:\/\/schema.org","@graph":[{"@type":"BreadcrumbList","@id":"https:\/\/www.rucashk.com\/es\/producto\/70mai-dash-cam-pro-gps-wholesale\/#breadcrumblist","itemListElement":[{"@type":"ListItem","@id":"https:\/\/www.rucashk.com\/es\/#listItem","position":1,"name":"Home","item":"https:\/\/www.rucashk.com\/es\/","nextItem":"https:\/\/www.rucashk.com\/es\/producto\/70mai-dash-cam-pro-gps-wholesale\/#listItem"},{"@type":"ListItem","@id":"https:\/\/www.rucashk.com\/es\/producto\/70mai-dash-cam-pro-gps-wholesale\/#listItem","position":2,"name":"70mai\u00a0Dash Cam Pro GPS Wholesale","previousItem":"https:\/\/www.rucashk.com\/es\/#listItem"}]},{"@type":"Organization","@id":"https:\/\/www.rucashk.com\/es\/#organization","name":"Rucas","url":"https:\/\/www.rucashk.com\/es\/","logo":{"@type":"ImageObject","url":"https:\/\/www.rucashk.com\/wp-content\/uploads\/2023\/12\/Rucas_campany_logo.png","@id":"https:\/\/www.rucashk.com\/es\/producto\/70mai-dash-cam-pro-gps-wholesale\/#organizationLogo","width":221,"height":65},"image":{"@id":"https:\/\/www.rucashk.com\/es\/#organizationLogo"}},{"@type":"Person","@id":"https:\/\/www.rucashk.com\/es\/author\/admin\/#author","url":"https:\/\/www.rucashk.com\/es\/author\/admin\/","name":"admin","image":{"@type":"ImageObject","@id":"https:\/\/www.rucashk.com\/es\/producto\/70mai-dash-cam-pro-gps-wholesale\/#authorImage","url":"https:\/\/secure.gravatar.com\/avatar\/b7c8925b09a27e72b30232f8ecaadbd5af0f70a38c78096863fe51b64f031c24?s=96&d=mm&r=g","width":96,"height":96,"caption":"admin"}},{"@type":"WebPage","@id":"https:\/\/www.rucashk.com\/es\/producto\/70mai-dash-cam-pro-gps-wholesale\/#webpage","url":"https:\/\/www.rucashk.com\/es\/producto\/70mai-dash-cam-pro-gps-wholesale\/","name":"70mai Dash Cam Pro GPS Wholesale - Rucas - Wholesale and Distribution","description":"24-Hour Protection 1944P Super High Definition ADAS Supported","inLanguage":"es-ES","isPartOf":{"@id":"https:\/\/www.rucashk.com\/es\/#website"},"breadcrumb":{"@id":"https:\/\/www.rucashk.com\/es\/producto\/70mai-dash-cam-pro-gps-wholesale\/#breadcrumblist"},"author":{"@id":"https:\/\/www.rucashk.com\/es\/author\/admin\/#author"},"creator":{"@id":"https:\/\/www.rucashk.com\/es\/author\/admin\/#author"},"image":{"@type":"ImageObject","url":"https:\/\/www.rucashk.com\/wp-content\/uploads\/2024\/01\/4691589446367_.pic_1024x1024@2x_\u526f\u672c.jpg","@id":"https:\/\/www.rucashk.com\/es\/producto\/70mai-dash-cam-pro-gps-wholesale\/#mainImage","width":800,"height":800},"primaryImageOfPage":{"@id":"https:\/\/www.rucashk.com\/es\/producto\/70mai-dash-cam-pro-gps-wholesale\/#mainImage"},"datePublished":"2024-01-09T15:59:23+00:00","dateModified":"2024-01-21T08:32:33+00:00"},{"@type":"WebSite","@id":"https:\/\/www.rucashk.com\/es\/#website","url":"https:\/\/www.rucashk.com\/es\/","name":"Rucas - Wholesale and distribution worldwide","alternateName":"Rucas - One-stop AIoT Distribution Worldwide","description":"One-stop AIoT Distribution Worldwide","inLanguage":"es-ES","publisher":{"@id":"https:\/\/www.rucashk.com\/es\/#organization"}}]}},"aioseo_meta_data":{"post_id":"23953","title":null,"description":null,"keywords":null,"keyphrases":null,"primary_term":null,"canonical_url":null,"og_title":null,"og_description":null,"og_object_type":"default","og_image_type":"default","og_image_url":null,"og_image_width":null,"og_image_height":null,"og_image_custom_url":null,"og_image_custom_fields":null,"og_video":null,"og_custom_url":null,"og_article_section":null,"og_article_tags":null,"twitter_use_og":false,"twitter_card":"default","twitter_image_type":"default","twitter_image_url":null,"twitter_image_custom_url":null,"twitter_image_custom_fields":null,"twitter_title":null,"twitter_description":null,"schema":{"blockGraphs":[],"customGraphs":[],"default":{"data":{"Article":[],"Course":[],"Dataset":[],"FAQPage":[],"Movie":[],"Person":[],"Product":[],"Recipe":[],"Service":[],"SoftwareApplication":[],"WebPage":[]},"graphName":"","isEnabled":true},"graphs":[]},"schema_type":"default","schema_type_options":null,"pillar_content":false,"robots_default":true,"robots_noindex":false,"robots_noarchive":false,"robots_nosnippet":false,"robots_nofollow":false,"robots_noimageindex":false,"robots_noodp":false,"robots_notranslate":false,"robots_max_snippet":null,"robots_max_videopreview":null,"robots_max_imagepreview":"large","priority":null,"frequency":null,"local_seo":null,"breadcrumb_settings":null,"limit_modified_date":false,"created":"2024-04-11 01:57:07","updated":"2025-06-22 17:18:43"},"aioseo_breadcrumb":"<div class=\"aioseo-breadcrumbs\"><span class=\"aioseo-breadcrumb\">\n\t<a href=\"https:\/\/www.rucashk.com\/es\" title=\"Home\">Home<\/a>\n<\/span><span class=\"aioseo-breadcrumb-separator\">&raquo;<\/span><span class=\"aioseo-breadcrumb\">\n\t<a href=\"https:\/\/www.rucashk.com\/es\/products\/\" title=\"Productos\">Productos<\/a>\n<\/span><span class=\"aioseo-breadcrumb-separator\">&raquo;<\/span><span class=\"aioseo-breadcrumb\">\n\t<a href=\"https:\/\/www.rucashk.com\/es\/categoria-producto\/e-vehicle-accessories\/\" title=\"E-Vehicle Accessories\">E-Vehicle Accessories<\/a>\n<\/span><span class=\"aioseo-breadcrumb-separator\">&raquo;<\/span><span class=\"aioseo-breadcrumb\">\n\t<a href=\"https:\/\/www.rucashk.com\/es\/categoria-producto\/e-vehicle-accessories\/dash-camera\/\" title=\"Dash Camera\">Dash Camera<\/a>\n<\/span><span class=\"aioseo-breadcrumb-separator\">&raquo;<\/span><span class=\"aioseo-breadcrumb\">\n\t70mai\u00a0Dash Cam Pro GPS Wholesale\n<\/span><\/div>","aioseo_breadcrumb_json":[{"label":"Home","link":"https:\/\/www.rucashk.com\/es"},{"label":"Productos","link":"https:\/\/www.rucashk.com\/es\/products\/"},{"label":"E-Vehicle Accessories","link":"https:\/\/www.rucashk.com\/es\/categoria-producto\/e-vehicle-accessories\/"},{"label":"Dash Camera","link":"https:\/\/www.rucashk.com\/es\/categoria-producto\/e-vehicle-accessories\/dash-camera\/"},{"label":"70mai\u00a0Dash Cam Pro GPS Wholesale","link":"https:\/\/www.rucashk.com\/es\/producto\/70mai-dash-cam-pro-gps-wholesale\/"}],"_links":{"self":[{"href":"https:\/\/www.rucashk.com\/es\/wp-json\/wp\/v2\/product\/23953","targetHints":{"allow":["GET"]}}],"collection":[{"href":"https:\/\/www.rucashk.com\/es\/wp-json\/wp\/v2\/product"}],"about":[{"href":"https:\/\/www.rucashk.com\/es\/wp-json\/wp\/v2\/types\/product"}],"wp:featuredmedia":[{"embeddable":true,"href":"https:\/\/www.rucashk.com\/es\/wp-json\/wp\/v2\/media\/24058"}],"wp:attachment":[{"href":"https:\/\/www.rucashk.com\/es\/wp-json\/wp\/v2\/media?parent=23953"}],"wp:term":[{"taxonomy":"product_brand","embeddable":true,"href":"https:\/\/www.rucashk.com\/es\/wp-json\/wp\/v2\/product_brand?post=23953"},{"taxonomy":"product_cat","embeddable":true,"href":"https:\/\/www.rucashk.com\/es\/wp-json\/wp\/v2\/product_cat?post=23953"},{"taxonomy":"product_tag","embeddable":true,"href":"https:\/\/www.rucashk.com\/es\/wp-json\/wp\/v2\/product_tag?post=23953"}],"curies":[{"name":"wp","href":"https:\/\/api.w.org\/{rel}","templated":true}]}}