{"id":23952,"date":"2024-01-09T15:59:22","date_gmt":"2024-01-09T15:59:22","guid":{"rendered":"http:\/\/rucashk.com\/?post_type=product&#038;p=23952"},"modified":"2024-03-11T06:40:43","modified_gmt":"2024-03-11T06:40:43","slug":"huawei-band-4-pro-wholesale","status":"publish","type":"product","link":"https:\/\/www.rucashk.com\/es\/producto\/huawei-band-4-pro-wholesale\/","title":{"rendered":"Huawei Banda 4 Pro"},"content":{"rendered":"<div class=\"self-adaption\"><img fetchpriority=\"high\" decoding=\"async\" class=\"js-descLazyload lazy-loaded aligncenter\" title=\"Pulsera de movimiento del ox\u00edmetro Huawei 4Pro\" src=\"\/wp-content\/uploads\/replace\/506afb9f34e90e6a522d415e37bf9b80.jpeg\" alt=\"Huawei Band 4 Pro\" width=\"1000\" height=\"594\" data-lazy=\"\/wp-content\/uploads\/replace\/506afb9f34e90e6a522d415e37bf9b80.jpeg\" data-was-processed=\"true\" \/><\/div>\n<div class=\"self-adaption\"><img decoding=\"async\" class=\"js-descLazyload lazy-loaded aligncenter\" title=\"Pulsera de movimiento del ox\u00edmetro Huawei 4Pro con pantalla t\u00e1ctil completa y diversi\u00f3n\" src=\"\/wp-content\/uploads\/replace\/0185979a5851a9feb8fd9b154b0630b8.jpeg\" alt=\"Huawei Band 4 Pro\" width=\"1000\" height=\"632\" data-lazy=\"\/wp-content\/uploads\/replace\/0185979a5851a9feb8fd9b154b0630b8.jpeg\" data-was-processed=\"true\" \/><\/div>\n<div class=\"self-adaption\"><img decoding=\"async\" class=\"js-descLazyload lazy-loaded aligncenter\" title=\"Selecci\u00f3n rica de esferas en la pulsera de movimiento del ox\u00edmetro Huawei 4Pro\" src=\"\/wp-content\/uploads\/replace\/055c437d1923b81ff18fc86f67d68cbe.jpeg\" alt=\"Huawei Band 4 Pro\" width=\"1000\" height=\"532\" data-lazy=\"\/wp-content\/uploads\/replace\/055c437d1923b81ff18fc86f67d68cbe.jpeg\" data-was-processed=\"true\" \/><\/div>\n<div class=\"self-adaption\"><img loading=\"lazy\" decoding=\"async\" class=\"js-descLazyload lazy-loaded aligncenter\" title=\"Pulsera de movimiento con ox\u00edmetro Huawei 4Pro, detecci\u00f3n inteligente del ritmo card\u00edaco, gesti\u00f3n independiente de la salud card\u00edaca\" src=\"\/wp-content\/uploads\/replace\/3ead523c035b834b2a0adf1a79166946.jpeg\" alt=\"Huawei Band 4 Pro\" width=\"1000\" height=\"600\" data-lazy=\"\/wp-content\/uploads\/replace\/3ead523c035b834b2a0adf1a79166946.jpeg\" data-was-processed=\"true\" \/><\/div>\n<div class=\"self-adaption\"><img loading=\"lazy\" decoding=\"async\" class=\"js-descLazyload lazy-loaded aligncenter\" title=\"Pulsera de movimiento con ox\u00edmetro Huawei 4Pro An\u00e1lisis cient\u00edfico de las condiciones del sue\u00f1o para ayudarle a conciliar el sue\u00f1o\" src=\"\/wp-content\/uploads\/replace\/b815379230f60c03de017a5c0dccdab5.jpeg\" alt=\"Huawei Band 4 Pro\" width=\"1000\" height=\"566\" data-lazy=\"\/wp-content\/uploads\/replace\/b815379230f60c03de017a5c0dccdab5.jpeg\" data-was-processed=\"true\" \/><\/div>\n<div class=\"self-adaption\"><img loading=\"lazy\" decoding=\"async\" class=\"js-descLazyload lazy-loaded aligncenter\" title=\"Pulsera de movimiento con ox\u00edmetro Huawei 4Pro, GPS independiente, registra tu seguimiento de movimiento\" src=\"\/wp-content\/uploads\/replace\/375fd46440497ce1823751fb82e9420b.jpeg\" alt=\"Huawei Band 4 Pro\" width=\"1000\" height=\"554\" data-lazy=\"\/wp-content\/uploads\/replace\/375fd46440497ce1823751fb82e9420b.jpeg\" data-was-processed=\"true\" \/><\/div>\n<div class=\"self-adaption\"><img loading=\"lazy\" decoding=\"async\" class=\"js-descLazyload lazy-loaded aligncenter\" title=\"Huawei 4Pro Ox\u00edmetro Pulsera Movimiento 11 Modos Deportivos\" src=\"\/wp-content\/uploads\/replace\/39252f37a2f63160bd771c76ed9c3893.jpeg\" alt=\"Huawei Band 4 Pro\" width=\"1000\" height=\"507\" data-lazy=\"\/wp-content\/uploads\/replace\/39252f37a2f63160bd771c76ed9c3893.jpeg\" data-was-processed=\"true\" \/><\/div>\n<div class=\"self-adaption\"><img loading=\"lazy\" decoding=\"async\" class=\"js-descLazyload lazy-loaded aligncenter\" title=\"Los datos deportivos profesionales de la pulsera de movimiento del ox\u00edmetro Huawei 4Pro le permiten comprender m\u00e1s el ejercicio\" src=\"\/wp-content\/uploads\/replace\/9b3bb035ebb7dd4096cbc40ab666552b.jpeg\" alt=\"Huawei Band 4 Pro\" width=\"1000\" height=\"599\" data-lazy=\"\/wp-content\/uploads\/replace\/9b3bb035ebb7dd4096cbc40ab666552b.jpeg\" data-was-processed=\"true\" \/><\/div>\n<div class=\"self-adaption\"><img loading=\"lazy\" decoding=\"async\" class=\"js-descLazyload lazy-loaded aligncenter\" title=\"Pulsera de movimiento del ox\u00edmetro Huawei 4Pro Tr\u00e1fico eficiente, solo toque la pulsera\" src=\"\/wp-content\/uploads\/replace\/818c62f9c3f3ed56ab962bad779b3d39.jpeg\" alt=\"Huawei Band 4 Pro\" width=\"1000\" height=\"609\" data-lazy=\"\/wp-content\/uploads\/replace\/818c62f9c3f3ed56ab962bad779b3d39.jpeg\" data-was-processed=\"true\" \/><\/div>\n<div class=\"self-adaption\"><img loading=\"lazy\" decoding=\"async\" class=\"js-descLazyload lazy-loaded aligncenter\" title=\"Huawei 4Pro Ox\u00edmetro Movimiento Pulsera Smart Life, al alcance\" src=\"\/wp-content\/uploads\/replace\/37af2b4b476c5a012fb84d716b7c5c3f.jpeg\" alt=\"Huawei Band 4 Pro\" width=\"1000\" height=\"592\" data-lazy=\"\/wp-content\/uploads\/replace\/37af2b4b476c5a012fb84d716b7c5c3f.jpeg\" data-was-processed=\"true\" \/><\/div>\n<h4 class=\"expand_en_name\">Especificaci\u00f3n<\/h4>\n<div class=\"product_pz_info product_pz_style2\">\n<table>\n<tbody>\n<tr>\n<th>General<\/th>\n<td>Marca: HUAWEI<br \/>\nN\u00famero de modelo: 4 Pro<br \/>\nVersi\u00f3n de Bluetooth: Bluetooth 4.2<br \/>\nImpermeable\/Resistente al agua: S\u00ed<br \/>\nClasificaci\u00f3n impermeable: 5 ATM.<br \/>\nIdioma: ingl\u00e9s<\/td>\n<\/tr>\n<tr>\n<th>Bater\u00eda<\/th>\n<td>Capacidad de la bater\u00eda: 100 mAh<\/td>\n<\/tr>\n<tr>\n<th>Dial y banda<\/th>\n<td>Material de la caja: ABS<br \/>\nMaterial de la banda: Silicona<\/td>\n<\/tr>\n<tr>\n<th>Dimensiones y peso<\/th>\n<td>Peso del producto: 0,0600 kg<br \/>\nPeso del paquete: 0,0800 kg<br \/>\nTama\u00f1o del paquete (largo x ancho x alto): 16,00 x 10,00 x 5,00 cm \/ 6,3 x 3,94 x 1,97 pulgadas<\/td>\n<\/tr>\n<tr>\n<th>contenidos del paquete<\/th>\n<td>Contenido del Paquete: 1 x Pulsera, 1 x Base de Carga, 1 x Cable de Carga, 1 x Inicio R\u00e1pido e Informaci\u00f3n de Seguridad<\/td>\n<\/tr>\n<\/tbody>\n<\/table>\n<\/div>","protected":false},"excerpt":{"rendered":"<p><strong><b>Principales caracter\u00edsticas:<\/b><\/strong><\/p>\n<ul>\n<li><b><\/b>Pantalla t\u00e1ctil completa, llena de diversi\u00f3n<\/li>\n<li>Selecci\u00f3n de dial enriquecida<\/li>\n<li>An\u00e1lisis cient\u00edfico de las condiciones del sue\u00f1o para ayudarle a conciliar el sue\u00f1o<\/li>\n<li>GPS independiente, registra tu seguimiento de movimiento<\/li>\n<li>11 modos deportivos<\/li>\n<li>Datos deportivos profesionales que le permiten comprender mejor el ejercicio<\/li>\n<li>Tr\u00e1fico eficiente, solo toca la pulsera<\/li>\n<\/ul>","protected":false},"featured_media":24055,"template":"","meta":[],"product_brand":[],"product_cat":[1345,1322],"product_tag":[988],"class_list":{"0":"post-23952","1":"product","2":"type-product","3":"status-publish","4":"has-post-thumbnail","6":"product_cat-huawei-other-a-brands","7":"product_cat-other-a-brands","8":"product_tag-huawei-band-4","10":"first","11":"instock","12":"shipping-taxable","13":"product-type-external"},"aioseo_notices":[],"aioseo_head":"\n\t\t<!-- All in One SEO Pro 4.5.9.2 - aioseo.com -->\n\t\t<meta name=\"description\" content=\"Main Features: Full Touchscreen, Full of Fun Rich Dial Selection Scientific Analysis of Sleep Conditions to Help You Fall Asleep Independent GPS, Record Your Movement Track 11 Sport Modes Professional Sports Data, Let You Understand Exercise More Efficient Traffic, Just Touch The Bracelet\" \/>\n\t\t<meta name=\"robots\" content=\"max-image-preview:large\" \/>\n\t\t<link rel=\"canonical\" href=\"https:\/\/www.rucashk.com\/es\/producto\/huawei-band-4-pro-wholesale\/\" \/>\n\t\t<meta name=\"generator\" content=\"All in One SEO Pro (AIOSEO) 4.5.9.2\" \/>\n\t\t<meta property=\"og:locale\" content=\"es_ES\" \/>\n\t\t<meta property=\"og:site_name\" content=\"Rucas - One-stop AIoT Distribution Worldwide\" \/>\n\t\t<meta property=\"og:type\" content=\"article\" \/>\n\t\t<meta property=\"og:title\" content=\"Huawei Band 4 Pro - Rucas - Wholesale and Distribution\" \/>\n\t\t<meta property=\"og:description\" content=\"Main Features: Full Touchscreen, Full of Fun Rich Dial Selection Scientific Analysis of Sleep Conditions to Help You Fall Asleep Independent GPS, Record Your Movement Track 11 Sport Modes Professional Sports Data, Let You Understand Exercise More Efficient Traffic, Just Touch The Bracelet\" \/>\n\t\t<meta property=\"og:url\" content=\"https:\/\/www.rucashk.com\/es\/producto\/huawei-band-4-pro-wholesale\/\" \/>\n\t\t<meta property=\"og:image\" content=\"https:\/\/www.rucashk.com\/wp-content\/uploads\/replace\/503b8e645f128a97ccde2b6290747646.jpeg\" \/>\n\t\t<meta property=\"og:image:secure_url\" content=\"https:\/\/www.rucashk.com\/wp-content\/uploads\/replace\/503b8e645f128a97ccde2b6290747646.jpeg\" \/>\n\t\t<meta property=\"og:image:width\" content=\"1456\" \/>\n\t\t<meta property=\"og:image:height\" content=\"816\" \/>\n\t\t<meta property=\"article:published_time\" content=\"2024-01-09T15:59:22+00:00\" \/>\n\t\t<meta property=\"article:modified_time\" content=\"2024-03-11T06:40:43+00:00\" \/>\n\t\t<meta name=\"twitter:card\" content=\"summary_large_image\" \/>\n\t\t<meta name=\"twitter:title\" content=\"Huawei Band 4 Pro - Rucas - Wholesale and Distribution\" \/>\n\t\t<meta name=\"twitter:description\" content=\"Main Features: Full Touchscreen, Full of Fun Rich Dial Selection Scientific Analysis of Sleep Conditions to Help You Fall Asleep Independent GPS, Record Your Movement Track 11 Sport Modes Professional Sports Data, Let You Understand Exercise More Efficient Traffic, Just Touch The Bracelet\" \/>\n\t\t<meta name=\"twitter:image\" content=\"https:\/\/www.rucashk.com\/wp-content\/uploads\/replace\/503b8e645f128a97ccde2b6290747646.jpeg\" \/>\n\t\t<script type=\"application\/ld+json\" class=\"aioseo-schema\">\n\t\t\t{\"@context\":\"https:\\\/\\\/schema.org\",\"@graph\":[{\"@type\":\"BreadcrumbList\",\"@id\":\"https:\\\/\\\/www.rucashk.com\\\/es\\\/producto\\\/huawei-band-4-pro-wholesale\\\/#breadcrumblist\",\"itemListElement\":[{\"@type\":\"ListItem\",\"@id\":\"https:\\\/\\\/www.rucashk.com\\\/es\\\/#listItem\",\"position\":1,\"name\":\"Home\",\"item\":\"https:\\\/\\\/www.rucashk.com\\\/es\\\/\",\"nextItem\":\"https:\\\/\\\/www.rucashk.com\\\/es\\\/producto\\\/huawei-band-4-pro-wholesale\\\/#listItem\"},{\"@type\":\"ListItem\",\"@id\":\"https:\\\/\\\/www.rucashk.com\\\/es\\\/producto\\\/huawei-band-4-pro-wholesale\\\/#listItem\",\"position\":2,\"name\":\"Huawei Band 4 Pro\",\"previousItem\":\"https:\\\/\\\/www.rucashk.com\\\/es\\\/#listItem\"}]},{\"@type\":\"Organization\",\"@id\":\"https:\\\/\\\/www.rucashk.com\\\/es\\\/#organization\",\"name\":\"Rucas\",\"url\":\"https:\\\/\\\/www.rucashk.com\\\/es\\\/\",\"logo\":{\"@type\":\"ImageObject\",\"url\":\"https:\\\/\\\/www.rucashk.com\\\/wp-content\\\/uploads\\\/2023\\\/12\\\/Rucas_campany_logo.png\",\"@id\":\"https:\\\/\\\/www.rucashk.com\\\/es\\\/producto\\\/huawei-band-4-pro-wholesale\\\/#organizationLogo\",\"width\":221,\"height\":65},\"image\":{\"@id\":\"https:\\\/\\\/www.rucashk.com\\\/es\\\/#organizationLogo\"}},{\"@type\":\"Person\",\"@id\":\"https:\\\/\\\/www.rucashk.com\\\/es\\\/author\\\/admin\\\/#author\",\"url\":\"https:\\\/\\\/www.rucashk.com\\\/es\\\/author\\\/admin\\\/\",\"name\":\"admin\",\"image\":{\"@type\":\"ImageObject\",\"@id\":\"https:\\\/\\\/www.rucashk.com\\\/es\\\/producto\\\/huawei-band-4-pro-wholesale\\\/#authorImage\",\"url\":\"https:\\\/\\\/secure.gravatar.com\\\/avatar\\\/b7c8925b09a27e72b30232f8ecaadbd5af0f70a38c78096863fe51b64f031c24?s=96&d=mm&r=g\",\"width\":96,\"height\":96,\"caption\":\"admin\"}},{\"@type\":\"WebPage\",\"@id\":\"https:\\\/\\\/www.rucashk.com\\\/es\\\/producto\\\/huawei-band-4-pro-wholesale\\\/#webpage\",\"url\":\"https:\\\/\\\/www.rucashk.com\\\/es\\\/producto\\\/huawei-band-4-pro-wholesale\\\/\",\"name\":\"Huawei Band 4 Pro - Rucas - Wholesale and Distribution\",\"description\":\"Main Features: Full Touchscreen, Full of Fun Rich Dial Selection Scientific Analysis of Sleep Conditions to Help You Fall Asleep Independent GPS, Record Your Movement Track 11 Sport Modes Professional Sports Data, Let You Understand Exercise More Efficient Traffic, Just Touch The Bracelet\",\"inLanguage\":\"es-ES\",\"isPartOf\":{\"@id\":\"https:\\\/\\\/www.rucashk.com\\\/es\\\/#website\"},\"breadcrumb\":{\"@id\":\"https:\\\/\\\/www.rucashk.com\\\/es\\\/producto\\\/huawei-band-4-pro-wholesale\\\/#breadcrumblist\"},\"author\":{\"@id\":\"https:\\\/\\\/www.rucashk.com\\\/es\\\/author\\\/admin\\\/#author\"},\"creator\":{\"@id\":\"https:\\\/\\\/www.rucashk.com\\\/es\\\/author\\\/admin\\\/#author\"},\"image\":{\"@type\":\"ImageObject\",\"url\":\"https:\\\/\\\/www.rucashk.com\\\/wp-content\\\/uploads\\\/2024\\\/01\\\/huawei-band-4-pro-1.jpg\",\"@id\":\"https:\\\/\\\/www.rucashk.com\\\/es\\\/producto\\\/huawei-band-4-pro-wholesale\\\/#mainImage\",\"width\":800,\"height\":800},\"primaryImageOfPage\":{\"@id\":\"https:\\\/\\\/www.rucashk.com\\\/es\\\/producto\\\/huawei-band-4-pro-wholesale\\\/#mainImage\"},\"datePublished\":\"2024-01-09T15:59:22+00:00\",\"dateModified\":\"2024-03-11T06:40:43+00:00\"},{\"@type\":\"WebSite\",\"@id\":\"https:\\\/\\\/www.rucashk.com\\\/es\\\/#website\",\"url\":\"https:\\\/\\\/www.rucashk.com\\\/es\\\/\",\"name\":\"Rucas - Wholesale and distribution worldwide\",\"alternateName\":\"Rucas - One-stop AIoT Distribution Worldwide\",\"description\":\"One-stop AIoT Distribution Worldwide\",\"inLanguage\":\"es-ES\",\"publisher\":{\"@id\":\"https:\\\/\\\/www.rucashk.com\\\/es\\\/#organization\"}}]}\n\t\t<\/script>\n\t\t<!-- All in One SEO Pro -->\r\n\t\t<title>Huawei Band 4 Pro - Rucas - Wholesale and Distribution<\/title>\n\n","aioseo_head_json":{"title":"Huawei Band 4 Pro - Rucas - Wholesale and Distribution","description":"Main Features: Full Touchscreen, Full of Fun Rich Dial Selection Scientific Analysis of Sleep Conditions to Help You Fall Asleep Independent GPS, Record Your Movement Track 11 Sport Modes Professional Sports Data, Let You Understand Exercise More Efficient Traffic, Just Touch The Bracelet","canonical_url":"https:\/\/www.rucashk.com\/es\/producto\/huawei-band-4-pro-wholesale\/","robots":"max-image-preview:large","keywords":"","webmasterTools":{"miscellaneous":""},"og:locale":"es_ES","og:site_name":"Rucas - One-stop AIoT Distribution Worldwide","og:type":"article","og:title":"Huawei Band 4 Pro - Rucas - Wholesale and Distribution","og:description":"Main Features: Full Touchscreen, Full of Fun Rich Dial Selection Scientific Analysis of Sleep Conditions to Help You Fall Asleep Independent GPS, Record Your Movement Track 11 Sport Modes Professional Sports Data, Let You Understand Exercise More Efficient Traffic, Just Touch The Bracelet","og:url":"https:\/\/www.rucashk.com\/es\/producto\/huawei-band-4-pro-wholesale\/","og:image":"https:\/\/www.rucashk.com\/wp-content\/uploads\/replace\/503b8e645f128a97ccde2b6290747646.jpeg","og:image:secure_url":"https:\/\/www.rucashk.com\/wp-content\/uploads\/replace\/503b8e645f128a97ccde2b6290747646.jpeg","og:image:width":1456,"og:image:height":816,"article:published_time":"2024-01-09T15:59:22+00:00","article:modified_time":"2024-03-11T06:40:43+00:00","twitter:card":"summary_large_image","twitter:title":"Huawei Band 4 Pro - Rucas - Wholesale and Distribution","twitter:description":"Main Features: Full Touchscreen, Full of Fun Rich Dial Selection Scientific Analysis of Sleep Conditions to Help You Fall Asleep Independent GPS, Record Your Movement Track 11 Sport Modes Professional Sports Data, Let You Understand Exercise More Efficient Traffic, Just Touch The Bracelet","twitter:image":"https:\/\/www.rucashk.com\/wp-content\/uploads\/replace\/503b8e645f128a97ccde2b6290747646.jpeg","schema":{"@context":"https:\/\/schema.org","@graph":[{"@type":"BreadcrumbList","@id":"https:\/\/www.rucashk.com\/es\/producto\/huawei-band-4-pro-wholesale\/#breadcrumblist","itemListElement":[{"@type":"ListItem","@id":"https:\/\/www.rucashk.com\/es\/#listItem","position":1,"name":"Home","item":"https:\/\/www.rucashk.com\/es\/","nextItem":"https:\/\/www.rucashk.com\/es\/producto\/huawei-band-4-pro-wholesale\/#listItem"},{"@type":"ListItem","@id":"https:\/\/www.rucashk.com\/es\/producto\/huawei-band-4-pro-wholesale\/#listItem","position":2,"name":"Huawei Band 4 Pro","previousItem":"https:\/\/www.rucashk.com\/es\/#listItem"}]},{"@type":"Organization","@id":"https:\/\/www.rucashk.com\/es\/#organization","name":"Rucas","url":"https:\/\/www.rucashk.com\/es\/","logo":{"@type":"ImageObject","url":"https:\/\/www.rucashk.com\/wp-content\/uploads\/2023\/12\/Rucas_campany_logo.png","@id":"https:\/\/www.rucashk.com\/es\/producto\/huawei-band-4-pro-wholesale\/#organizationLogo","width":221,"height":65},"image":{"@id":"https:\/\/www.rucashk.com\/es\/#organizationLogo"}},{"@type":"Person","@id":"https:\/\/www.rucashk.com\/es\/author\/admin\/#author","url":"https:\/\/www.rucashk.com\/es\/author\/admin\/","name":"admin","image":{"@type":"ImageObject","@id":"https:\/\/www.rucashk.com\/es\/producto\/huawei-band-4-pro-wholesale\/#authorImage","url":"https:\/\/secure.gravatar.com\/avatar\/b7c8925b09a27e72b30232f8ecaadbd5af0f70a38c78096863fe51b64f031c24?s=96&d=mm&r=g","width":96,"height":96,"caption":"admin"}},{"@type":"WebPage","@id":"https:\/\/www.rucashk.com\/es\/producto\/huawei-band-4-pro-wholesale\/#webpage","url":"https:\/\/www.rucashk.com\/es\/producto\/huawei-band-4-pro-wholesale\/","name":"Huawei Band 4 Pro - Rucas - Wholesale and Distribution","description":"Main Features: Full Touchscreen, Full of Fun Rich Dial Selection Scientific Analysis of Sleep Conditions to Help You Fall Asleep Independent GPS, Record Your Movement Track 11 Sport Modes Professional Sports Data, Let You Understand Exercise More Efficient Traffic, Just Touch The Bracelet","inLanguage":"es-ES","isPartOf":{"@id":"https:\/\/www.rucashk.com\/es\/#website"},"breadcrumb":{"@id":"https:\/\/www.rucashk.com\/es\/producto\/huawei-band-4-pro-wholesale\/#breadcrumblist"},"author":{"@id":"https:\/\/www.rucashk.com\/es\/author\/admin\/#author"},"creator":{"@id":"https:\/\/www.rucashk.com\/es\/author\/admin\/#author"},"image":{"@type":"ImageObject","url":"https:\/\/www.rucashk.com\/wp-content\/uploads\/2024\/01\/huawei-band-4-pro-1.jpg","@id":"https:\/\/www.rucashk.com\/es\/producto\/huawei-band-4-pro-wholesale\/#mainImage","width":800,"height":800},"primaryImageOfPage":{"@id":"https:\/\/www.rucashk.com\/es\/producto\/huawei-band-4-pro-wholesale\/#mainImage"},"datePublished":"2024-01-09T15:59:22+00:00","dateModified":"2024-03-11T06:40:43+00:00"},{"@type":"WebSite","@id":"https:\/\/www.rucashk.com\/es\/#website","url":"https:\/\/www.rucashk.com\/es\/","name":"Rucas - Wholesale and distribution worldwide","alternateName":"Rucas - One-stop AIoT Distribution Worldwide","description":"One-stop AIoT Distribution Worldwide","inLanguage":"es-ES","publisher":{"@id":"https:\/\/www.rucashk.com\/es\/#organization"}}]}},"aioseo_meta_data":{"post_id":"23952","title":null,"description":null,"keywords":null,"keyphrases":null,"primary_term":null,"canonical_url":null,"og_title":null,"og_description":null,"og_object_type":"default","og_image_type":"default","og_image_url":null,"og_image_width":null,"og_image_height":null,"og_image_custom_url":null,"og_image_custom_fields":null,"og_video":null,"og_custom_url":null,"og_article_section":null,"og_article_tags":null,"twitter_use_og":false,"twitter_card":"default","twitter_image_type":"default","twitter_image_url":null,"twitter_image_custom_url":null,"twitter_image_custom_fields":null,"twitter_title":null,"twitter_description":null,"schema":{"blockGraphs":[],"customGraphs":[],"default":{"data":{"Article":[],"Course":[],"Dataset":[],"FAQPage":[],"Movie":[],"Person":[],"Product":[],"Recipe":[],"Service":[],"SoftwareApplication":[],"WebPage":[]},"graphName":"","isEnabled":true},"graphs":[]},"schema_type":"default","schema_type_options":null,"pillar_content":false,"robots_default":true,"robots_noindex":false,"robots_noarchive":false,"robots_nosnippet":false,"robots_nofollow":false,"robots_noimageindex":false,"robots_noodp":false,"robots_notranslate":false,"robots_max_snippet":null,"robots_max_videopreview":null,"robots_max_imagepreview":"large","priority":null,"frequency":null,"local_seo":null,"breadcrumb_settings":null,"limit_modified_date":false,"created":"2024-04-11 01:57:07","updated":"2025-06-22 17:18:42"},"aioseo_breadcrumb":"<div class=\"aioseo-breadcrumbs\"><span class=\"aioseo-breadcrumb\">\n\t<a href=\"https:\/\/www.rucashk.com\/es\" title=\"Home\">Home<\/a>\n<\/span><span class=\"aioseo-breadcrumb-separator\">&raquo;<\/span><span class=\"aioseo-breadcrumb\">\n\t<a href=\"https:\/\/www.rucashk.com\/es\/products\/\" title=\"Productos\">Productos<\/a>\n<\/span><span class=\"aioseo-breadcrumb-separator\">&raquo;<\/span><span class=\"aioseo-breadcrumb\">\n\t<a href=\"https:\/\/www.rucashk.com\/es\/categoria-producto\/other-a-brands\/\" title=\"Other A-Brands\">Other A-Brands<\/a>\n<\/span><span class=\"aioseo-breadcrumb-separator\">&raquo;<\/span><span class=\"aioseo-breadcrumb\">\n\t<a href=\"https:\/\/www.rucashk.com\/es\/categoria-producto\/other-a-brands\/huawei-other-a-brands\/\" title=\"Huawei\">Huawei<\/a>\n<\/span><span class=\"aioseo-breadcrumb-separator\">&raquo;<\/span><span class=\"aioseo-breadcrumb\">\n\tHuawei Band 4 Pro\n<\/span><\/div>","aioseo_breadcrumb_json":[{"label":"Home","link":"https:\/\/www.rucashk.com\/es"},{"label":"Productos","link":"https:\/\/www.rucashk.com\/es\/products\/"},{"label":"Other A-Brands","link":"https:\/\/www.rucashk.com\/es\/categoria-producto\/other-a-brands\/"},{"label":"Huawei","link":"https:\/\/www.rucashk.com\/es\/categoria-producto\/other-a-brands\/huawei-other-a-brands\/"},{"label":"Huawei Band 4 Pro","link":"https:\/\/www.rucashk.com\/es\/producto\/huawei-band-4-pro-wholesale\/"}],"_links":{"self":[{"href":"https:\/\/www.rucashk.com\/es\/wp-json\/wp\/v2\/product\/23952","targetHints":{"allow":["GET"]}}],"collection":[{"href":"https:\/\/www.rucashk.com\/es\/wp-json\/wp\/v2\/product"}],"about":[{"href":"https:\/\/www.rucashk.com\/es\/wp-json\/wp\/v2\/types\/product"}],"wp:featuredmedia":[{"embeddable":true,"href":"https:\/\/www.rucashk.com\/es\/wp-json\/wp\/v2\/media\/24055"}],"wp:attachment":[{"href":"https:\/\/www.rucashk.com\/es\/wp-json\/wp\/v2\/media?parent=23952"}],"wp:term":[{"taxonomy":"product_brand","embeddable":true,"href":"https:\/\/www.rucashk.com\/es\/wp-json\/wp\/v2\/product_brand?post=23952"},{"taxonomy":"product_cat","embeddable":true,"href":"https:\/\/www.rucashk.com\/es\/wp-json\/wp\/v2\/product_cat?post=23952"},{"taxonomy":"product_tag","embeddable":true,"href":"https:\/\/www.rucashk.com\/es\/wp-json\/wp\/v2\/product_tag?post=23952"}],"curies":[{"name":"wp","href":"https:\/\/api.w.org\/{rel}","templated":true}]}}