{"id":23951,"date":"2024-01-09T15:59:22","date_gmt":"2024-01-09T15:59:22","guid":{"rendered":"http:\/\/rucashk.com\/?post_type=product&#038;p=23951"},"modified":"2024-03-13T06:56:09","modified_gmt":"2024-03-13T06:56:09","slug":"ninebot-handlebar-mini-pro-wholesale","status":"publish","type":"product","link":"https:\/\/www.rucashk.com\/es\/producto\/ninebot-handlebar-mini-pro-wholesale\/","title":{"rendered":"Manillar Ninebot Mini Pro al por mayor"},"content":{"rendered":"<p><img fetchpriority=\"high\" decoding=\"async\" class=\"aligncenter\" src=\"\/wp-content\/uploads\/replace\/57643eb831704027ac04680b5378c13c.jpeg\" alt=\"Ninebot\u00a0Handlebar Mini Pro\" width=\"800\" height=\"800\" \/><img decoding=\"async\" class=\"aligncenter\" src=\"\/wp-content\/uploads\/replace\/364109795c8450cb6bfd090fce227b6f.jpeg\" alt=\"Ninebot\u00a0Handlebar Mini Pro\" width=\"800\" height=\"800\" \/><img decoding=\"async\" class=\"aligncenter\" src=\"\/wp-content\/uploads\/replace\/22540b6bc8041860b058cbbf60235a3b.jpeg\" alt=\"Ninebot\u00a0Handlebar Mini Pro\" width=\"800\" height=\"800\" \/><img loading=\"lazy\" decoding=\"async\" class=\"aligncenter\" src=\"\/wp-content\/uploads\/replace\/cdc2b47f81ac9882b35c5745bffc9d26.jpeg\" alt=\"Ninebot\u00a0Handlebar Mini Pro\" width=\"800\" height=\"800\" \/><img loading=\"lazy\" decoding=\"async\" class=\"aligncenter\" src=\"\/wp-content\/uploads\/replace\/7c8543fe557f2ee05842b44b08c95be6.jpeg\" alt=\"Ninebot\u00a0Handlebar Mini Pro\" width=\"800\" height=\"800\" \/><img loading=\"lazy\" decoding=\"async\" class=\"aligncenter\" src=\"\/wp-content\/uploads\/replace\/2b2595d97cc5af960e29e44d393c4370.jpeg\" alt=\"Ninebot\u00a0Handlebar Mini Pro\" width=\"800\" height=\"800\" \/><img loading=\"lazy\" decoding=\"async\" class=\"aligncenter\" src=\"\/wp-content\/uploads\/replace\/2c9aacda534ea6bbd7d9a049e1a340e6.jpeg\" alt=\"Ninebot\u00a0Handlebar Mini Pro\" width=\"800\" height=\"800\" \/><img loading=\"lazy\" decoding=\"async\" class=\"aligncenter\" src=\"\/wp-content\/uploads\/replace\/2c9aacda534ea6bbd7d9a049e1a340e6.jpeg\" alt=\"Ninebot\u00a0Handlebar Mini Pro\" width=\"800\" height=\"800\" \/><img loading=\"lazy\" decoding=\"async\" class=\"aligncenter\" src=\"\/wp-content\/uploads\/replace\/25f4d6041cc6bf932f0779524f60d239.jpeg\" alt=\"Ninebot\u00a0Handlebar Mini Pro\" width=\"800\" height=\"800\" \/><img loading=\"lazy\" decoding=\"async\" class=\"aligncenter\" src=\"\/wp-content\/uploads\/replace\/96326f1a8527fbb5360cf3aaafb44526.jpeg\" alt=\"Ninebot\u00a0Handlebar Mini Pro\" width=\"800\" height=\"800\" \/><img loading=\"lazy\" decoding=\"async\" class=\"aligncenter\" src=\"\/wp-content\/uploads\/replace\/da74c33c3f76223d6ad1c580d826f815.jpeg\" alt=\"Ninebot\u00a0Handlebar Mini Pro\" width=\"800\" height=\"800\" \/><img loading=\"lazy\" decoding=\"async\" class=\"aligncenter\" src=\"\/wp-content\/uploads\/replace\/08395413b801600dfd4239884ff404e5.jpeg\" alt=\"Ninebot\u00a0Handlebar Mini Pro\" width=\"800\" height=\"800\" \/><img loading=\"lazy\" decoding=\"async\" class=\"aligncenter\" src=\"\/wp-content\/uploads\/replace\/276f32d20db04b886fcd9116c8cd1a55.jpeg\" alt=\"Ninebot\u00a0Handlebar Mini Pro\" width=\"800\" height=\"800\" \/><img loading=\"lazy\" decoding=\"async\" class=\"aligncenter\" src=\"\/wp-content\/uploads\/replace\/aaf4a64d95c75cfac86d022519b92c03.jpeg\" alt=\"Ninebot\u00a0Handlebar Mini Pro\" width=\"1000\" height=\"1000\" \/><img loading=\"lazy\" decoding=\"async\" class=\"aligncenter\" src=\"\/wp-content\/uploads\/replace\/4f722513afefb49de11eb10855069c85.jpeg\" alt=\"Ninebot\u00a0Handlebar Mini Pro\" width=\"1000\" height=\"1000\" \/><img loading=\"lazy\" decoding=\"async\" class=\"aligncenter\" src=\"\/wp-content\/uploads\/replace\/36a3adfd408760b8f064dabeca751e25.jpeg\" alt=\"Ninebot\u00a0Handlebar Mini Pro\" width=\"800\" height=\"800\" \/><\/p>","protected":false},"excerpt":{"rendered":"<p style=\"margin: 0px;color: #000000;text-transform: none;line-height: inherit;text-indent: 0px;letter-spacing: normal;font-family: 'Open Sans', Arial, Helvetica, sans-serif, Heiti;font-size: 14px;font-style: normal;font-weight: 400;background-color: #ffffff\"><strong>Descripci\u00f3n:<\/strong><\/p>\n<p style=\"margin: 0px;color: #000000;text-transform: none;line-height: inherit;text-indent: 0px;letter-spacing: normal;font-family: 'Open Sans', Arial, Helvetica, sans-serif, Heiti;font-size: 14px;font-style: normal;font-weight: 400;background-color: #ffffff\">100% \u00a1Nuevo y de alta calidad! El poste telesc\u00f3pico ajusta libremente la altura del reposabrazos, lo que proporciona mayor seguridad al conducir a ni\u00f1os peque\u00f1os. Permite que una persona calificada utilice las articulaciones de las piernas para rotar. Trabajo fino, material resistente y durabilidad. Mango mate, varilla dura. Adecuado para Ninebot MiNi\/PRO.<\/p>\n<p style=\"margin: 0px;color: #000000;text-transform: none;line-height: inherit;text-indent: 0px;letter-spacing: normal;font-family: 'Open Sans', Arial, Helvetica, sans-serif, Heiti;font-size: 14px;font-style: normal;font-weight: 400;background-color: #ffffff\"><strong>Par\u00e1metros:<\/strong><\/p>\n<p style=\"margin: 0px;color: #000000;text-transform: none;line-height: inherit;text-indent: 0px;letter-spacing: normal;font-family: 'Open Sans', Arial, Helvetica, sans-serif, Heiti;font-size: 14px;font-style: normal;font-weight: 400;background-color: #ffffff\">Material: aleaci\u00f3n de aluminio<\/p>\n<p style=\"margin: 0px;color: #000000;text-transform: none;line-height: inherit;text-indent: 0px;letter-spacing: normal;font-family: 'Open Sans', Arial, Helvetica, sans-serif, Heiti;font-size: 14px;font-style: normal;font-weight: 400;background-color: #ffffff\">Color: negro, blanco<\/p>\n<p style=\"margin: 0px;color: #000000;text-transform: none;line-height: inherit;text-indent: 0px;letter-spacing: normal;font-family: 'Open Sans', Arial, Helvetica, sans-serif, Heiti;font-size: 14px;font-style: normal;font-weight: 400;background-color: #ffffff\">Adecuado para tama\u00f1o: 1,1-1,9 m<\/p>\n<p style=\"margin: 0px;color: #000000;text-transform: none;line-height: inherit;text-indent: 0px;letter-spacing: normal;font-family: 'Open Sans', Arial, Helvetica, sans-serif, Heiti;font-size: 14px;font-style: normal;font-weight: 400;background-color: #ffffff\">Altura plegada: Aprox. 55cm<\/p>\n<p style=\"margin: 0px;color: #000000;text-transform: none;line-height: inherit;text-indent: 0px;letter-spacing: normal;font-family: 'Open Sans', Arial, Helvetica, sans-serif, Heiti;font-size: 14px;font-style: normal;font-weight: 400;background-color: #ffffff\">Altura estirada: aproximadamente 120 cm<\/p>","protected":false},"featured_media":24051,"template":"","meta":[],"product_brand":[],"product_cat":[1321,1305],"product_tag":[987],"class_list":{"0":"post-23951","1":"product","2":"type-product","3":"status-publish","4":"has-post-thumbnail","6":"product_cat-sports","7":"product_cat-xiaomi-eco","8":"product_tag-ninebot-handlebar-mini-pro","10":"first","11":"instock","12":"shipping-taxable","13":"product-type-external"},"aioseo_notices":[],"aioseo_head":"\n\t\t<!-- All in One SEO Pro 4.5.9.2 - aioseo.com -->\n\t\t<meta name=\"description\" content=\"Description: 100% New and high quality! The telescopic pole freely adjusts the height of the armrest, which provides greater safety for driving young children. Allows a qualified person to use the joints of the legs to rotate. Thin work, strong material and durability. Matte handle, hard rod. Suitable for Ninebot MiNi \/ PRO. Parameters: Material: Aluminum alloy Color: Black, White Suitable for size: 1.1-1.9m Folded Height: Approx. 55 cm Stretched Height: Approx.120cm\" \/>\n\t\t<meta name=\"robots\" content=\"max-image-preview:large\" \/>\n\t\t<link rel=\"canonical\" href=\"https:\/\/www.rucashk.com\/es\/producto\/ninebot-handlebar-mini-pro-wholesale\/\" \/>\n\t\t<meta name=\"generator\" content=\"All in One SEO Pro (AIOSEO) 4.5.9.2\" \/>\n\t\t<meta property=\"og:locale\" content=\"es_ES\" \/>\n\t\t<meta property=\"og:site_name\" content=\"Rucas - One-stop AIoT Distribution Worldwide\" \/>\n\t\t<meta property=\"og:type\" content=\"article\" \/>\n\t\t<meta property=\"og:title\" content=\"Ninebot Handlebar Mini Pro Wholesale - Rucas - Wholesale and Distribution\" \/>\n\t\t<meta property=\"og:description\" content=\"Description: 100% New and high quality! The telescopic pole freely adjusts the height of the armrest, which provides greater safety for driving young children. Allows a qualified person to use the joints of the legs to rotate. Thin work, strong material and durability. Matte handle, hard rod. Suitable for Ninebot MiNi \/ PRO. Parameters: Material: Aluminum alloy Color: Black, White Suitable for size: 1.1-1.9m Folded Height: Approx. 55 cm Stretched Height: Approx.120cm\" \/>\n\t\t<meta property=\"og:url\" content=\"https:\/\/www.rucashk.com\/es\/producto\/ninebot-handlebar-mini-pro-wholesale\/\" \/>\n\t\t<meta property=\"og:image\" content=\"https:\/\/www.rucashk.com\/wp-content\/uploads\/replace\/503b8e645f128a97ccde2b6290747646.jpeg\" \/>\n\t\t<meta property=\"og:image:secure_url\" content=\"https:\/\/www.rucashk.com\/wp-content\/uploads\/replace\/503b8e645f128a97ccde2b6290747646.jpeg\" \/>\n\t\t<meta property=\"og:image:width\" content=\"1456\" \/>\n\t\t<meta property=\"og:image:height\" content=\"816\" \/>\n\t\t<meta property=\"article:published_time\" content=\"2024-01-09T15:59:22+00:00\" \/>\n\t\t<meta property=\"article:modified_time\" content=\"2024-03-13T06:56:09+00:00\" \/>\n\t\t<meta name=\"twitter:card\" content=\"summary_large_image\" \/>\n\t\t<meta name=\"twitter:title\" content=\"Ninebot Handlebar Mini Pro Wholesale - Rucas - Wholesale and Distribution\" \/>\n\t\t<meta name=\"twitter:description\" content=\"Description: 100% New and high quality! The telescopic pole freely adjusts the height of the armrest, which provides greater safety for driving young children. Allows a qualified person to use the joints of the legs to rotate. Thin work, strong material and durability. Matte handle, hard rod. Suitable for Ninebot MiNi \/ PRO. Parameters: Material: Aluminum alloy Color: Black, White Suitable for size: 1.1-1.9m Folded Height: Approx. 55 cm Stretched Height: Approx.120cm\" \/>\n\t\t<meta name=\"twitter:image\" content=\"https:\/\/www.rucashk.com\/wp-content\/uploads\/replace\/503b8e645f128a97ccde2b6290747646.jpeg\" \/>\n\t\t<script type=\"application\/ld+json\" class=\"aioseo-schema\">\n\t\t\t{\"@context\":\"https:\\\/\\\/schema.org\",\"@graph\":[{\"@type\":\"BreadcrumbList\",\"@id\":\"https:\\\/\\\/www.rucashk.com\\\/es\\\/producto\\\/ninebot-handlebar-mini-pro-wholesale\\\/#breadcrumblist\",\"itemListElement\":[{\"@type\":\"ListItem\",\"@id\":\"https:\\\/\\\/www.rucashk.com\\\/es\\\/#listItem\",\"position\":1,\"name\":\"Home\",\"item\":\"https:\\\/\\\/www.rucashk.com\\\/es\\\/\",\"nextItem\":\"https:\\\/\\\/www.rucashk.com\\\/es\\\/producto\\\/ninebot-handlebar-mini-pro-wholesale\\\/#listItem\"},{\"@type\":\"ListItem\",\"@id\":\"https:\\\/\\\/www.rucashk.com\\\/es\\\/producto\\\/ninebot-handlebar-mini-pro-wholesale\\\/#listItem\",\"position\":2,\"name\":\"Ninebot\\u00a0Handlebar Mini Pro Wholesale\",\"previousItem\":\"https:\\\/\\\/www.rucashk.com\\\/es\\\/#listItem\"}]},{\"@type\":\"Organization\",\"@id\":\"https:\\\/\\\/www.rucashk.com\\\/es\\\/#organization\",\"name\":\"Rucas\",\"url\":\"https:\\\/\\\/www.rucashk.com\\\/es\\\/\",\"logo\":{\"@type\":\"ImageObject\",\"url\":\"https:\\\/\\\/www.rucashk.com\\\/wp-content\\\/uploads\\\/2023\\\/12\\\/Rucas_campany_logo.png\",\"@id\":\"https:\\\/\\\/www.rucashk.com\\\/es\\\/producto\\\/ninebot-handlebar-mini-pro-wholesale\\\/#organizationLogo\",\"width\":221,\"height\":65},\"image\":{\"@id\":\"https:\\\/\\\/www.rucashk.com\\\/es\\\/#organizationLogo\"}},{\"@type\":\"Person\",\"@id\":\"https:\\\/\\\/www.rucashk.com\\\/es\\\/author\\\/admin\\\/#author\",\"url\":\"https:\\\/\\\/www.rucashk.com\\\/es\\\/author\\\/admin\\\/\",\"name\":\"admin\",\"image\":{\"@type\":\"ImageObject\",\"@id\":\"https:\\\/\\\/www.rucashk.com\\\/es\\\/producto\\\/ninebot-handlebar-mini-pro-wholesale\\\/#authorImage\",\"url\":\"https:\\\/\\\/secure.gravatar.com\\\/avatar\\\/b7c8925b09a27e72b30232f8ecaadbd5af0f70a38c78096863fe51b64f031c24?s=96&d=mm&r=g\",\"width\":96,\"height\":96,\"caption\":\"admin\"}},{\"@type\":\"WebPage\",\"@id\":\"https:\\\/\\\/www.rucashk.com\\\/es\\\/producto\\\/ninebot-handlebar-mini-pro-wholesale\\\/#webpage\",\"url\":\"https:\\\/\\\/www.rucashk.com\\\/es\\\/producto\\\/ninebot-handlebar-mini-pro-wholesale\\\/\",\"name\":\"Ninebot Handlebar Mini Pro Wholesale - Rucas - Wholesale and Distribution\",\"description\":\"Description: 100% New and high quality! The telescopic pole freely adjusts the height of the armrest, which provides greater safety for driving young children. Allows a qualified person to use the joints of the legs to rotate. Thin work, strong material and durability. Matte handle, hard rod. Suitable for Ninebot MiNi \\\/ PRO. Parameters: Material: Aluminum alloy Color: Black, White Suitable for size: 1.1-1.9m Folded Height: Approx. 55 cm Stretched Height: Approx.120cm\",\"inLanguage\":\"es-ES\",\"isPartOf\":{\"@id\":\"https:\\\/\\\/www.rucashk.com\\\/es\\\/#website\"},\"breadcrumb\":{\"@id\":\"https:\\\/\\\/www.rucashk.com\\\/es\\\/producto\\\/ninebot-handlebar-mini-pro-wholesale\\\/#breadcrumblist\"},\"author\":{\"@id\":\"https:\\\/\\\/www.rucashk.com\\\/es\\\/author\\\/admin\\\/#author\"},\"creator\":{\"@id\":\"https:\\\/\\\/www.rucashk.com\\\/es\\\/author\\\/admin\\\/#author\"},\"image\":{\"@type\":\"ImageObject\",\"url\":\"https:\\\/\\\/www.rucashk.com\\\/wp-content\\\/uploads\\\/2024\\\/01\\\/2-5-1.jpg\",\"@id\":\"https:\\\/\\\/www.rucashk.com\\\/es\\\/producto\\\/ninebot-handlebar-mini-pro-wholesale\\\/#mainImage\",\"width\":800,\"height\":800},\"primaryImageOfPage\":{\"@id\":\"https:\\\/\\\/www.rucashk.com\\\/es\\\/producto\\\/ninebot-handlebar-mini-pro-wholesale\\\/#mainImage\"},\"datePublished\":\"2024-01-09T15:59:22+00:00\",\"dateModified\":\"2024-03-13T06:56:09+00:00\"},{\"@type\":\"WebSite\",\"@id\":\"https:\\\/\\\/www.rucashk.com\\\/es\\\/#website\",\"url\":\"https:\\\/\\\/www.rucashk.com\\\/es\\\/\",\"name\":\"Rucas - Wholesale and distribution worldwide\",\"alternateName\":\"Rucas - One-stop AIoT Distribution Worldwide\",\"description\":\"One-stop AIoT Distribution Worldwide\",\"inLanguage\":\"es-ES\",\"publisher\":{\"@id\":\"https:\\\/\\\/www.rucashk.com\\\/es\\\/#organization\"}}]}\n\t\t<\/script>\n\t\t<!-- All in One SEO Pro -->\r\n\t\t<title>Ninebot Handlebar Mini Pro Wholesale - Rucas - Wholesale and Distribution<\/title>\n\n","aioseo_head_json":{"title":"Ninebot Handlebar Mini Pro Wholesale - Rucas - Wholesale and Distribution","description":"Description: 100% New and high quality! The telescopic pole freely adjusts the height of the armrest, which provides greater safety for driving young children. Allows a qualified person to use the joints of the legs to rotate. Thin work, strong material and durability. Matte handle, hard rod. Suitable for Ninebot MiNi \/ PRO. Parameters: Material: Aluminum alloy Color: Black, White Suitable for size: 1.1-1.9m Folded Height: Approx. 55 cm Stretched Height: Approx.120cm","canonical_url":"https:\/\/www.rucashk.com\/es\/producto\/ninebot-handlebar-mini-pro-wholesale\/","robots":"max-image-preview:large","keywords":"","webmasterTools":{"miscellaneous":""},"og:locale":"es_ES","og:site_name":"Rucas - One-stop AIoT Distribution Worldwide","og:type":"article","og:title":"Ninebot Handlebar Mini Pro Wholesale - Rucas - Wholesale and Distribution","og:description":"Description: 100% New and high quality! The telescopic pole freely adjusts the height of the armrest, which provides greater safety for driving young children. Allows a qualified person to use the joints of the legs to rotate. Thin work, strong material and durability. Matte handle, hard rod. Suitable for Ninebot MiNi \/ PRO. Parameters: Material: Aluminum alloy Color: Black, White Suitable for size: 1.1-1.9m Folded Height: Approx. 55 cm Stretched Height: Approx.120cm","og:url":"https:\/\/www.rucashk.com\/es\/producto\/ninebot-handlebar-mini-pro-wholesale\/","og:image":"https:\/\/www.rucashk.com\/wp-content\/uploads\/replace\/503b8e645f128a97ccde2b6290747646.jpeg","og:image:secure_url":"https:\/\/www.rucashk.com\/wp-content\/uploads\/replace\/503b8e645f128a97ccde2b6290747646.jpeg","og:image:width":1456,"og:image:height":816,"article:published_time":"2024-01-09T15:59:22+00:00","article:modified_time":"2024-03-13T06:56:09+00:00","twitter:card":"summary_large_image","twitter:title":"Ninebot Handlebar Mini Pro Wholesale - Rucas - Wholesale and Distribution","twitter:description":"Description: 100% New and high quality! The telescopic pole freely adjusts the height of the armrest, which provides greater safety for driving young children. Allows a qualified person to use the joints of the legs to rotate. Thin work, strong material and durability. Matte handle, hard rod. Suitable for Ninebot MiNi \/ PRO. Parameters: Material: Aluminum alloy Color: Black, White Suitable for size: 1.1-1.9m Folded Height: Approx. 55 cm Stretched Height: Approx.120cm","twitter:image":"https:\/\/www.rucashk.com\/wp-content\/uploads\/replace\/503b8e645f128a97ccde2b6290747646.jpeg","schema":{"@context":"https:\/\/schema.org","@graph":[{"@type":"BreadcrumbList","@id":"https:\/\/www.rucashk.com\/es\/producto\/ninebot-handlebar-mini-pro-wholesale\/#breadcrumblist","itemListElement":[{"@type":"ListItem","@id":"https:\/\/www.rucashk.com\/es\/#listItem","position":1,"name":"Home","item":"https:\/\/www.rucashk.com\/es\/","nextItem":"https:\/\/www.rucashk.com\/es\/producto\/ninebot-handlebar-mini-pro-wholesale\/#listItem"},{"@type":"ListItem","@id":"https:\/\/www.rucashk.com\/es\/producto\/ninebot-handlebar-mini-pro-wholesale\/#listItem","position":2,"name":"Ninebot\u00a0Handlebar Mini Pro Wholesale","previousItem":"https:\/\/www.rucashk.com\/es\/#listItem"}]},{"@type":"Organization","@id":"https:\/\/www.rucashk.com\/es\/#organization","name":"Rucas","url":"https:\/\/www.rucashk.com\/es\/","logo":{"@type":"ImageObject","url":"https:\/\/www.rucashk.com\/wp-content\/uploads\/2023\/12\/Rucas_campany_logo.png","@id":"https:\/\/www.rucashk.com\/es\/producto\/ninebot-handlebar-mini-pro-wholesale\/#organizationLogo","width":221,"height":65},"image":{"@id":"https:\/\/www.rucashk.com\/es\/#organizationLogo"}},{"@type":"Person","@id":"https:\/\/www.rucashk.com\/es\/author\/admin\/#author","url":"https:\/\/www.rucashk.com\/es\/author\/admin\/","name":"admin","image":{"@type":"ImageObject","@id":"https:\/\/www.rucashk.com\/es\/producto\/ninebot-handlebar-mini-pro-wholesale\/#authorImage","url":"https:\/\/secure.gravatar.com\/avatar\/b7c8925b09a27e72b30232f8ecaadbd5af0f70a38c78096863fe51b64f031c24?s=96&d=mm&r=g","width":96,"height":96,"caption":"admin"}},{"@type":"WebPage","@id":"https:\/\/www.rucashk.com\/es\/producto\/ninebot-handlebar-mini-pro-wholesale\/#webpage","url":"https:\/\/www.rucashk.com\/es\/producto\/ninebot-handlebar-mini-pro-wholesale\/","name":"Ninebot Handlebar Mini Pro Wholesale - Rucas - Wholesale and Distribution","description":"Description: 100% New and high quality! The telescopic pole freely adjusts the height of the armrest, which provides greater safety for driving young children. Allows a qualified person to use the joints of the legs to rotate. Thin work, strong material and durability. Matte handle, hard rod. Suitable for Ninebot MiNi \/ PRO. Parameters: Material: Aluminum alloy Color: Black, White Suitable for size: 1.1-1.9m Folded Height: Approx. 55 cm Stretched Height: Approx.120cm","inLanguage":"es-ES","isPartOf":{"@id":"https:\/\/www.rucashk.com\/es\/#website"},"breadcrumb":{"@id":"https:\/\/www.rucashk.com\/es\/producto\/ninebot-handlebar-mini-pro-wholesale\/#breadcrumblist"},"author":{"@id":"https:\/\/www.rucashk.com\/es\/author\/admin\/#author"},"creator":{"@id":"https:\/\/www.rucashk.com\/es\/author\/admin\/#author"},"image":{"@type":"ImageObject","url":"https:\/\/www.rucashk.com\/wp-content\/uploads\/2024\/01\/2-5-1.jpg","@id":"https:\/\/www.rucashk.com\/es\/producto\/ninebot-handlebar-mini-pro-wholesale\/#mainImage","width":800,"height":800},"primaryImageOfPage":{"@id":"https:\/\/www.rucashk.com\/es\/producto\/ninebot-handlebar-mini-pro-wholesale\/#mainImage"},"datePublished":"2024-01-09T15:59:22+00:00","dateModified":"2024-03-13T06:56:09+00:00"},{"@type":"WebSite","@id":"https:\/\/www.rucashk.com\/es\/#website","url":"https:\/\/www.rucashk.com\/es\/","name":"Rucas - Wholesale and distribution worldwide","alternateName":"Rucas - One-stop AIoT Distribution Worldwide","description":"One-stop AIoT Distribution Worldwide","inLanguage":"es-ES","publisher":{"@id":"https:\/\/www.rucashk.com\/es\/#organization"}}]}},"aioseo_meta_data":{"post_id":"23951","title":null,"description":null,"keywords":null,"keyphrases":null,"primary_term":null,"canonical_url":null,"og_title":null,"og_description":null,"og_object_type":"default","og_image_type":"default","og_image_url":null,"og_image_width":null,"og_image_height":null,"og_image_custom_url":null,"og_image_custom_fields":null,"og_video":null,"og_custom_url":null,"og_article_section":null,"og_article_tags":null,"twitter_use_og":false,"twitter_card":"default","twitter_image_type":"default","twitter_image_url":null,"twitter_image_custom_url":null,"twitter_image_custom_fields":null,"twitter_title":null,"twitter_description":null,"schema":{"blockGraphs":[],"customGraphs":[],"default":{"data":{"Article":[],"Course":[],"Dataset":[],"FAQPage":[],"Movie":[],"Person":[],"Product":[],"Recipe":[],"Service":[],"SoftwareApplication":[],"WebPage":[]},"graphName":"","isEnabled":true},"graphs":[]},"schema_type":"default","schema_type_options":null,"pillar_content":false,"robots_default":true,"robots_noindex":false,"robots_noarchive":false,"robots_nosnippet":false,"robots_nofollow":false,"robots_noimageindex":false,"robots_noodp":false,"robots_notranslate":false,"robots_max_snippet":null,"robots_max_videopreview":null,"robots_max_imagepreview":"large","priority":null,"frequency":null,"local_seo":null,"breadcrumb_settings":null,"limit_modified_date":false,"created":"2024-04-11 01:57:07","updated":"2025-06-22 17:18:42"},"aioseo_breadcrumb":"<div class=\"aioseo-breadcrumbs\"><span class=\"aioseo-breadcrumb\">\n\t<a href=\"https:\/\/www.rucashk.com\/es\" title=\"Home\">Home<\/a>\n<\/span><span class=\"aioseo-breadcrumb-separator\">&raquo;<\/span><span class=\"aioseo-breadcrumb\">\n\t<a href=\"https:\/\/www.rucashk.com\/es\/products\/\" title=\"Productos\">Productos<\/a>\n<\/span><span class=\"aioseo-breadcrumb-separator\">&raquo;<\/span><span class=\"aioseo-breadcrumb\">\n\t<a href=\"https:\/\/www.rucashk.com\/es\/categoria-producto\/xiaomi-eco\/\" title=\"Xiaomi Eco\">Xiaomi Eco<\/a>\n<\/span><span class=\"aioseo-breadcrumb-separator\">&raquo;<\/span><span class=\"aioseo-breadcrumb\">\n\t<a href=\"https:\/\/www.rucashk.com\/es\/categoria-producto\/xiaomi-eco\/sports\/\" title=\"Sports\">Sports<\/a>\n<\/span><span class=\"aioseo-breadcrumb-separator\">&raquo;<\/span><span class=\"aioseo-breadcrumb\">\n\tNinebot\u00a0Handlebar Mini Pro Wholesale\n<\/span><\/div>","aioseo_breadcrumb_json":[{"label":"Home","link":"https:\/\/www.rucashk.com\/es"},{"label":"Productos","link":"https:\/\/www.rucashk.com\/es\/products\/"},{"label":"Xiaomi Eco","link":"https:\/\/www.rucashk.com\/es\/categoria-producto\/xiaomi-eco\/"},{"label":"Sports","link":"https:\/\/www.rucashk.com\/es\/categoria-producto\/xiaomi-eco\/sports\/"},{"label":"Ninebot\u00a0Handlebar Mini Pro Wholesale","link":"https:\/\/www.rucashk.com\/es\/producto\/ninebot-handlebar-mini-pro-wholesale\/"}],"_links":{"self":[{"href":"https:\/\/www.rucashk.com\/es\/wp-json\/wp\/v2\/product\/23951","targetHints":{"allow":["GET"]}}],"collection":[{"href":"https:\/\/www.rucashk.com\/es\/wp-json\/wp\/v2\/product"}],"about":[{"href":"https:\/\/www.rucashk.com\/es\/wp-json\/wp\/v2\/types\/product"}],"wp:featuredmedia":[{"embeddable":true,"href":"https:\/\/www.rucashk.com\/es\/wp-json\/wp\/v2\/media\/24051"}],"wp:attachment":[{"href":"https:\/\/www.rucashk.com\/es\/wp-json\/wp\/v2\/media?parent=23951"}],"wp:term":[{"taxonomy":"product_brand","embeddable":true,"href":"https:\/\/www.rucashk.com\/es\/wp-json\/wp\/v2\/product_brand?post=23951"},{"taxonomy":"product_cat","embeddable":true,"href":"https:\/\/www.rucashk.com\/es\/wp-json\/wp\/v2\/product_cat?post=23951"},{"taxonomy":"product_tag","embeddable":true,"href":"https:\/\/www.rucashk.com\/es\/wp-json\/wp\/v2\/product_tag?post=23951"}],"curies":[{"name":"wp","href":"https:\/\/api.w.org\/{rel}","templated":true}]}}