{"id":23913,"date":"2024-01-09T15:58:59","date_gmt":"2024-01-09T15:58:59","guid":{"rendered":"http:\/\/rucashk.com\/?post_type=product&#038;p=23913"},"modified":"2024-03-12T07:43:43","modified_gmt":"2024-03-12T07:43:43","slug":"ecovacs-deebot-n79w-robotic-vacuum-wholesale","status":"publish","type":"product","link":"https:\/\/www.rucashk.com\/es\/producto\/ecovacs-deebot-n79w-robotic-vacuum-wholesale\/","title":{"rendered":"Aspiradora rob\u00f3tica Ecovacs Deebot N79W al por mayor"},"content":{"rendered":"<div class=\"tab\">\n<div>\n<div class=\"tab-header s1\">\n<div class=\"d-none d-md-block\">\n<div class=\"container\">\n<div class=\"link\"><img fetchpriority=\"high\" decoding=\"async\" class=\"alignnone\" src=\"\/wp-content\/uploads\/replace\/27b00cea89c7cee102e4805f09fe072a.jpeg\" alt=\"Ecovacs Deebot N79W Robotic Vacuum\" width=\"1600\" height=\"900\" \/><\/div>\n<\/div>\n<\/div>\n<\/div>\n<\/div>\n<div class=\"tab-content\">\n<div id=\"features\" class=\"mt-0 tab-pane active\">\n<div class=\"product-feature\">\n<div class=\"featurette-cover tpl-4\">\n<div class=\"wrap container\">\n<div class=\"text right s1\">\n<div class=\"light\">\n<div style=\"text-align: center\">Un robot vers\u00e1til para una limpieza profunda<\/div>\n<\/div>\n<\/div>\n<\/div>\n<\/div>\n<div class=\"featurette-seprate-vertical mt-normal tpl-13\">\n<figure class=\"img order-1 order-sm-12\"><img decoding=\"async\" class=\"img-fluid alignnone\" src=\"\/wp-content\/uploads\/replace\/88df4a0d60238ae704799cb1917c3737.jpeg\" alt=\"Ecovacs Deebot N79W Robotic Vacuum\" width=\"1600\" height=\"650\" \/><\/figure>\n<div class=\"text order-6\">\n<div class=\"wrap\">\n<div class=\"title\">El modo Max maximiza el rendimiento de limpieza<\/div>\n<div class=\"desc\">Si bien la potencia de succi\u00f3n est\u00e1ndar realiza f\u00e1cilmente las tareas diarias, la funci\u00f3n Modo M\u00e1ximo aumenta la potencia de succi\u00f3n a aproximadamente el doble que la del modo normal para una limpieza profunda y exhaustiva que es ideal para pisos duros, alfombras y para abordar esa suciedad particularmente problem\u00e1tica.<\/div>\n<\/div>\n<\/div>\n<\/div>\n<div class=\"featurette-cover mt-normal tpl-5\">\n<figure class=\"img\"><img decoding=\"async\" class=\"alignnone\" src=\"\/wp-content\/uploads\/replace\/b84b426e1ac625fa5592b27e51d9261a.jpeg\" alt=\"Ecovacs Deebot N79W Robotic Vacuum\" width=\"1600\" height=\"900\" \/><\/figure>\n<div class=\"wrap container\">\n<div class=\"text center s2\">\n<div class=\"dark\">\n<div class=\"title\">Sistema de limpieza de 3 etapas para una limpieza sin esfuerzo<\/div>\n<div class=\"desc\">El robot est\u00e1 equipado con un sistema de limpieza de 3 etapas que barre, levanta y aspira en una sola pasada, asegurando que se limpie m\u00e1s suciedad y polvo, especialmente en alfombras.<\/div>\n<\/div>\n<\/div>\n<\/div>\n<\/div>\n<div class=\"featurette-seprate container mt-normal tpl-12\">\n<figure class=\"img order-md-12\"><img loading=\"lazy\" decoding=\"async\" class=\"alignnone\" src=\"\/wp-content\/uploads\/replace\/1c1fdf0bdda793187b0ea5a7cfa79d99.jpeg\" alt=\"Ecovacs Deebot N79W Robotic Vacuum\" width=\"590\" height=\"485\" \/><\/figure>\n<div class=\"text\">\n<div class=\"title\">Modos de limpieza especializados para sus necesidades \u00fanicas<\/div>\n<div class=\"desc\">Dise\u00f1ado para satisfacer sus necesidades de limpieza \u00fanicas: modo AUTO para limpieza general, modo de bordes para limpiar bordes y esquinas y modo puntual para suciedad dif\u00edcil de limpiar.<\/div>\n<\/div>\n<\/div>\n<div class=\"featurette-seprate container tpl-11\">\n<figure class=\"img order-md-1\"><img loading=\"lazy\" decoding=\"async\" class=\"alignnone\" src=\"\/wp-content\/uploads\/replace\/0059e524e185621a16382082f364b3d9.jpeg\" alt=\"Ecovacs Deebot N79W Robotic Vacuum\" width=\"590\" height=\"485\" \/><\/figure>\n<div class=\"text\">\n<div class=\"title\">Compatible con Google Home y Amazon Echo<\/div>\n<div class=\"desc\">\u00a1Experimente controles convenientes y sin intervenci\u00f3n! Si es usuario de Google Home o Amazon Echo, puede vincular sus dispositivos dom\u00e9sticos inteligentes a su robot y decirle cu\u00e1ndo y c\u00f3mo comenzar a limpiar.<\/div>\n<\/div>\n<\/div>\n<div class=\"featurette-cover mt-normal tpl-9\">\n<figure class=\"img\"><img loading=\"lazy\" decoding=\"async\" class=\"alignnone\" src=\"\/wp-content\/uploads\/replace\/27aaac30793963efeba457bf8357e628.jpeg\" alt=\"Ecovacs Deebot N79W Robotic Vacuum\" width=\"1600\" height=\"900\" \/><\/figure>\n<div class=\"wrap container\">\n<div class=\"text right s3\">\n<div class=\"dark\">\n<div class=\"title\">Control de aplicaciones, en cualquier momento y en cualquier lugar<\/div>\n<div class=\"desc\">Con la aplicaci\u00f3n ECOVACS en sus manos, puede programar f\u00e1cilmente tiempos de limpieza y configurar modos de limpieza, monitorear el robot y el estado de limpieza y disfrutar de toda la comodidad de las tareas dom\u00e9sticas automatizadas.<\/div>\n<\/div>\n<\/div>\n<\/div>\n<\/div>\n<div class=\"featurette-seprate container mt-normal tpl-12\">\n<figure class=\"img order-md-12\"><img loading=\"lazy\" decoding=\"async\" class=\"alignnone\" src=\"\/wp-content\/uploads\/replace\/59860bd71b2b8f4b2c5cc1f43a2f0369.jpeg\" alt=\"Ecovacs Deebot N79W Robotic Vacuum\" width=\"590\" height=\"485\" \/><\/figure>\n<div class=\"text\">\n<div class=\"title\">Programaci\u00f3n de tiempo<\/div>\n<div class=\"desc\">Simplemente establezca un horario fijo, oc\u00fapese de sus asuntos y nunca m\u00e1s regrese a una casa sucia.<\/div>\n<\/div>\n<\/div>\n<div class=\"featurette-seprate container tpl-11\">\n<figure class=\"img order-md-1\"><img loading=\"lazy\" decoding=\"async\" class=\"alignnone\" src=\"\/wp-content\/uploads\/replace\/a465976eaef440c582b49252ecc58768.jpeg\" alt=\"Ecovacs Deebot N79W Robotic Vacuum\" width=\"590\" height=\"485\" \/><\/figure>\n<div class=\"text\">\n<div class=\"title\">Carga autom\u00e1tica<\/div>\n<div class=\"desc\">\u00a1No se requiere intervenci\u00f3n humana! Cuando la bater\u00eda se agota, el DEEBOT regresa autom\u00e1ticamente a su estaci\u00f3n de carga y se recarga por s\u00ed solo.<\/div>\n<\/div>\n<\/div>\n<div class=\"featurette-seprate container tpl-12\">\n<figure class=\"img order-md-12\"><img loading=\"lazy\" decoding=\"async\" class=\"alignnone\" src=\"\/wp-content\/uploads\/replace\/da06b3cd3b77c2e2adda99b3fe5ce207.jpeg\" alt=\"Ecovacs Deebot N79W Robotic Vacuum\" width=\"590\" height=\"485\" \/><\/figure>\n<div class=\"text\">\n<div class=\"title\">Tecnolog\u00eda de seguridad en escaleras<\/div>\n<div class=\"desc\">El DEEBOT se mueve de forma segura por tu casa mediante sensores antica\u00edda.<\/div>\n<\/div>\n<\/div>\n<div class=\"featurette-seprate container tpl-11\">\n<figure class=\"img order-md-1\"><img loading=\"lazy\" decoding=\"async\" class=\"alignnone\" src=\"\/wp-content\/uploads\/replace\/8727872f488449c39f10170c8eaddaae.jpeg\" alt=\"Ecovacs Deebot N79W Robotic Vacuum\" width=\"590\" height=\"485\" \/><\/figure>\n<p>&nbsp;<\/p>\n<div class=\"text\">\n<div class=\"title\">Tecnolog\u00eda de detecci\u00f3n de obst\u00e1culos<\/div>\n<div class=\"desc\">Con sus sensores anticolisi\u00f3n y sus suaves parachoques, el DEEBOT puede evitar obst\u00e1culos y proteger sus muebles.<\/div>\n<\/div>\n<\/div>\n<div class=\"featurette-seprate container tpl-12\">\n<figure class=\"img order-md-12\"><img loading=\"lazy\" decoding=\"async\" class=\"alignnone\" src=\"\/wp-content\/uploads\/replace\/3a506b2e577d72c83b3f7f291386cb1f.jpeg\" alt=\"Ecovacs Deebot N79W Robotic Vacuum\" width=\"590\" height=\"485\" \/><\/figure>\n<div class=\"text\">\n<div class=\"title\">Filtro de alta eficiencia<\/div>\n<div class=\"desc\">Respire m\u00e1s f\u00e1cilmente cuando limpie con el DEEBOT gracias a un sistema de filtraci\u00f3n de aire integrado que reduce los desencadenantes en el aire asociados con alergias y asma.<\/div>\n<\/div>\n<\/div>\n<\/div>\n<\/div>\n<\/div>\n<\/div>\n<div class=\"text-grey mt-4 container\"><\/div>\n<div>\n<p>&nbsp;<\/p>\n<p><strong>Informaci\u00f3n del Producto<\/strong><\/p>\n<p>Color:<strong>Blanco<\/strong><\/p>\n<table width=\"0\">\n<tbody>\n<tr>\n<td width=\"352\">Dimensiones del producto<\/td>\n<td>18 x 15,5 x 4,5 pulgadas<\/td>\n<\/tr>\n<tr>\n<td width=\"352\">Peso del art\u00edculo<\/td>\n<td>4,21 libras<\/td>\n<\/tr>\n<tr>\n<td width=\"352\">Fabricante<\/td>\n<td>ECOVACS<\/td>\n<\/tr>\n<tr>\n<td width=\"352\">COMO EN<\/td>\n<td>B07S412MZ8<\/td>\n<\/tr>\n<tr>\n<td width=\"352\">N\u00famero de modelo del art\u00edculo<\/td>\n<td>N79W<\/td>\n<\/tr>\n<tr>\n<td width=\"352\">Bater\u00edas<\/td>\n<td>Se requieren 1 pila AA. (incluido)<\/td>\n<\/tr>\n<tr>\n<td width=\"352\">Bater\u00edas requeridas<\/td>\n<td>S\u00ed<\/td>\n<\/tr>\n<\/tbody>\n<\/table>\n<h3>Principales caracter\u00edsticas<\/h3>\n<ul class=\"a-unordered-list a-vertical a-spacing-mini\">\n<li><span class=\"a-list-item\">Capacidad del contenedor de basura: 520 ml. LISTO PARA CUALQUIER DESORDEN: Equipado con dos cepillos laterales y un cepillo principal, DEEBOT barrer\u00e1, levantar\u00e1 y aspirar\u00e1 para limpiar un piso completo (modo autom\u00e1tico), un \u00e1rea peque\u00f1a (modo puntual) o el borde de su piso (modo de borde). ).<\/span><\/li>\n<li><span class=\"a-list-item\">CONTROLES DE VOZ Y APLICACIONES: Comandos de voz de Alexa y Google Assistant. La aplicaci\u00f3n ECOVACS Smart viene con m\u00e1s de 5 funciones avanzadas que incluyen control directo, programaci\u00f3n, actualizaciones de estado, modos de limpieza, estado de accesorios, etc.<\/span><\/li>\n<li><span class=\"a-list-item\">POTENCIA DEL MODO M\u00c1XIMO: Aumente la potencia de succi\u00f3n hasta 2 veces para situaciones particularmente problem\u00e1ticas.<\/span><\/li>\n<li><span class=\"a-list-item\">HASTA 110 MINUTOS DE FUNCIONAMIENTO: \u00a1Una mayor duraci\u00f3n de la bater\u00eda para una limpieza a\u00fan mayor! El retorno y la carga autom\u00e1ticos significan que su robot siempre estar\u00e1 listo para limpiar.<\/span><\/li>\n<\/ul>\n<\/div>","protected":false},"excerpt":{"rendered":"<p><strong>Caracter\u00edstica:<\/strong><\/p>\n<ul>\n<li>Movimiento inteligente<\/li>\n<li>Modos autom\u00e1tico, de borde y puntual<\/li>\n<li>Limpiezas programadas<\/li>\n<li>Carga autom\u00e1tica<\/li>\n<li>Hasta 110 min. Tiempo de ejecuci\u00f3n y contenedor de basura de 520 ml<\/li>\n<li>Funciona con Amazon Alexa y el Asistente de Google<\/li>\n<\/ul>","protected":false},"featured_media":24032,"template":"","meta":[],"product_brand":[],"product_cat":[1337,1322],"product_tag":[984],"class_list":{"0":"post-23913","1":"product","2":"type-product","3":"status-publish","4":"has-post-thumbnail","6":"product_cat-ecovacs-other-a-brands","7":"product_cat-other-a-brands","8":"product_tag-ecovacs-deebot-n79w-robotic-vacuum","10":"first","11":"instock","12":"shipping-taxable","13":"product-type-external"},"aioseo_notices":[],"aioseo_head":"\n\t\t<!-- All in One SEO Pro 4.5.9.2 - aioseo.com -->\n\t\t<meta name=\"description\" content=\"Feature: Smart Motion Auto, Edge, and Spot Modes Scheduled Cleanings Automatic Charging Up to 110 Min. Runtime and 520 mL Dustbin Works with Amazon Alexa and Google Assistant\" \/>\n\t\t<meta name=\"robots\" content=\"max-image-preview:large\" \/>\n\t\t<link rel=\"canonical\" href=\"https:\/\/www.rucashk.com\/es\/producto\/ecovacs-deebot-n79w-robotic-vacuum-wholesale\/\" \/>\n\t\t<meta name=\"generator\" content=\"All in One SEO Pro (AIOSEO) 4.5.9.2\" \/>\n\t\t<meta property=\"og:locale\" content=\"es_ES\" \/>\n\t\t<meta property=\"og:site_name\" content=\"Rucas - One-stop AIoT Distribution Worldwide\" \/>\n\t\t<meta property=\"og:type\" content=\"article\" \/>\n\t\t<meta property=\"og:title\" content=\"Ecovacs Deebot N79W Robotic Vacuum Wholesale - Rucas - Wholesale and Distribution\" \/>\n\t\t<meta property=\"og:description\" content=\"Feature: Smart Motion Auto, Edge, and Spot Modes Scheduled Cleanings Automatic Charging Up to 110 Min. Runtime and 520 mL Dustbin Works with Amazon Alexa and Google Assistant\" \/>\n\t\t<meta property=\"og:url\" content=\"https:\/\/www.rucashk.com\/es\/producto\/ecovacs-deebot-n79w-robotic-vacuum-wholesale\/\" \/>\n\t\t<meta property=\"og:image\" content=\"https:\/\/www.rucashk.com\/wp-content\/uploads\/replace\/503b8e645f128a97ccde2b6290747646.jpeg\" \/>\n\t\t<meta property=\"og:image:secure_url\" content=\"https:\/\/www.rucashk.com\/wp-content\/uploads\/replace\/503b8e645f128a97ccde2b6290747646.jpeg\" \/>\n\t\t<meta property=\"og:image:width\" content=\"1456\" \/>\n\t\t<meta property=\"og:image:height\" content=\"816\" \/>\n\t\t<meta property=\"article:published_time\" content=\"2024-01-09T15:58:59+00:00\" \/>\n\t\t<meta property=\"article:modified_time\" content=\"2024-03-12T07:43:43+00:00\" \/>\n\t\t<meta name=\"twitter:card\" content=\"summary_large_image\" \/>\n\t\t<meta name=\"twitter:title\" content=\"Ecovacs Deebot N79W Robotic Vacuum Wholesale - Rucas - Wholesale and Distribution\" \/>\n\t\t<meta name=\"twitter:description\" content=\"Feature: Smart Motion Auto, Edge, and Spot Modes Scheduled Cleanings Automatic Charging Up to 110 Min. Runtime and 520 mL Dustbin Works with Amazon Alexa and Google Assistant\" \/>\n\t\t<meta name=\"twitter:image\" content=\"https:\/\/www.rucashk.com\/wp-content\/uploads\/replace\/503b8e645f128a97ccde2b6290747646.jpeg\" \/>\n\t\t<script type=\"application\/ld+json\" class=\"aioseo-schema\">\n\t\t\t{\"@context\":\"https:\\\/\\\/schema.org\",\"@graph\":[{\"@type\":\"BreadcrumbList\",\"@id\":\"https:\\\/\\\/www.rucashk.com\\\/es\\\/producto\\\/ecovacs-deebot-n79w-robotic-vacuum-wholesale\\\/#breadcrumblist\",\"itemListElement\":[{\"@type\":\"ListItem\",\"@id\":\"https:\\\/\\\/www.rucashk.com\\\/es\\\/#listItem\",\"position\":1,\"name\":\"Home\",\"item\":\"https:\\\/\\\/www.rucashk.com\\\/es\\\/\",\"nextItem\":\"https:\\\/\\\/www.rucashk.com\\\/es\\\/producto\\\/ecovacs-deebot-n79w-robotic-vacuum-wholesale\\\/#listItem\"},{\"@type\":\"ListItem\",\"@id\":\"https:\\\/\\\/www.rucashk.com\\\/es\\\/producto\\\/ecovacs-deebot-n79w-robotic-vacuum-wholesale\\\/#listItem\",\"position\":2,\"name\":\"Ecovacs Deebot N79W Robotic Vacuum Wholesale\",\"previousItem\":\"https:\\\/\\\/www.rucashk.com\\\/es\\\/#listItem\"}]},{\"@type\":\"Organization\",\"@id\":\"https:\\\/\\\/www.rucashk.com\\\/es\\\/#organization\",\"name\":\"Rucas\",\"url\":\"https:\\\/\\\/www.rucashk.com\\\/es\\\/\",\"logo\":{\"@type\":\"ImageObject\",\"url\":\"https:\\\/\\\/www.rucashk.com\\\/wp-content\\\/uploads\\\/2023\\\/12\\\/Rucas_campany_logo.png\",\"@id\":\"https:\\\/\\\/www.rucashk.com\\\/es\\\/producto\\\/ecovacs-deebot-n79w-robotic-vacuum-wholesale\\\/#organizationLogo\",\"width\":221,\"height\":65},\"image\":{\"@id\":\"https:\\\/\\\/www.rucashk.com\\\/es\\\/#organizationLogo\"}},{\"@type\":\"Person\",\"@id\":\"https:\\\/\\\/www.rucashk.com\\\/es\\\/author\\\/admin\\\/#author\",\"url\":\"https:\\\/\\\/www.rucashk.com\\\/es\\\/author\\\/admin\\\/\",\"name\":\"admin\",\"image\":{\"@type\":\"ImageObject\",\"@id\":\"https:\\\/\\\/www.rucashk.com\\\/es\\\/producto\\\/ecovacs-deebot-n79w-robotic-vacuum-wholesale\\\/#authorImage\",\"url\":\"https:\\\/\\\/secure.gravatar.com\\\/avatar\\\/b7c8925b09a27e72b30232f8ecaadbd5af0f70a38c78096863fe51b64f031c24?s=96&d=mm&r=g\",\"width\":96,\"height\":96,\"caption\":\"admin\"}},{\"@type\":\"WebPage\",\"@id\":\"https:\\\/\\\/www.rucashk.com\\\/es\\\/producto\\\/ecovacs-deebot-n79w-robotic-vacuum-wholesale\\\/#webpage\",\"url\":\"https:\\\/\\\/www.rucashk.com\\\/es\\\/producto\\\/ecovacs-deebot-n79w-robotic-vacuum-wholesale\\\/\",\"name\":\"Ecovacs Deebot N79W Robotic Vacuum Wholesale - Rucas - Wholesale and Distribution\",\"description\":\"Feature: Smart Motion Auto, Edge, and Spot Modes Scheduled Cleanings Automatic Charging Up to 110 Min. Runtime and 520 mL Dustbin Works with Amazon Alexa and Google Assistant\",\"inLanguage\":\"es-ES\",\"isPartOf\":{\"@id\":\"https:\\\/\\\/www.rucashk.com\\\/es\\\/#website\"},\"breadcrumb\":{\"@id\":\"https:\\\/\\\/www.rucashk.com\\\/es\\\/producto\\\/ecovacs-deebot-n79w-robotic-vacuum-wholesale\\\/#breadcrumblist\"},\"author\":{\"@id\":\"https:\\\/\\\/www.rucashk.com\\\/es\\\/author\\\/admin\\\/#author\"},\"creator\":{\"@id\":\"https:\\\/\\\/www.rucashk.com\\\/es\\\/author\\\/admin\\\/#author\"},\"image\":{\"@type\":\"ImageObject\",\"url\":\"https:\\\/\\\/www.rucashk.com\\\/wp-content\\\/uploads\\\/2024\\\/01\\\/Ecovacs-Deebot-N79W-Robotic-Vacuum.jpg\",\"@id\":\"https:\\\/\\\/www.rucashk.com\\\/es\\\/producto\\\/ecovacs-deebot-n79w-robotic-vacuum-wholesale\\\/#mainImage\",\"width\":800,\"height\":800},\"primaryImageOfPage\":{\"@id\":\"https:\\\/\\\/www.rucashk.com\\\/es\\\/producto\\\/ecovacs-deebot-n79w-robotic-vacuum-wholesale\\\/#mainImage\"},\"datePublished\":\"2024-01-09T15:58:59+00:00\",\"dateModified\":\"2024-03-12T07:43:43+00:00\"},{\"@type\":\"WebSite\",\"@id\":\"https:\\\/\\\/www.rucashk.com\\\/es\\\/#website\",\"url\":\"https:\\\/\\\/www.rucashk.com\\\/es\\\/\",\"name\":\"Rucas - Wholesale and distribution worldwide\",\"alternateName\":\"Rucas - One-stop AIoT Distribution Worldwide\",\"description\":\"One-stop AIoT Distribution Worldwide\",\"inLanguage\":\"es-ES\",\"publisher\":{\"@id\":\"https:\\\/\\\/www.rucashk.com\\\/es\\\/#organization\"}}]}\n\t\t<\/script>\n\t\t<!-- All in One SEO Pro -->\r\n\t\t<title>Ecovacs Deebot N79W Robotic Vacuum Wholesale - Rucas - Wholesale and Distribution<\/title>\n\n","aioseo_head_json":{"title":"Ecovacs Deebot N79W Robotic Vacuum Wholesale - Rucas - Wholesale and Distribution","description":"Feature: Smart Motion Auto, Edge, and Spot Modes Scheduled Cleanings Automatic Charging Up to 110 Min. Runtime and 520 mL Dustbin Works with Amazon Alexa and Google Assistant","canonical_url":"https:\/\/www.rucashk.com\/es\/producto\/ecovacs-deebot-n79w-robotic-vacuum-wholesale\/","robots":"max-image-preview:large","keywords":"","webmasterTools":{"miscellaneous":""},"og:locale":"es_ES","og:site_name":"Rucas - One-stop AIoT Distribution Worldwide","og:type":"article","og:title":"Ecovacs Deebot N79W Robotic Vacuum Wholesale - Rucas - Wholesale and Distribution","og:description":"Feature: Smart Motion Auto, Edge, and Spot Modes Scheduled Cleanings Automatic Charging Up to 110 Min. Runtime and 520 mL Dustbin Works with Amazon Alexa and Google Assistant","og:url":"https:\/\/www.rucashk.com\/es\/producto\/ecovacs-deebot-n79w-robotic-vacuum-wholesale\/","og:image":"https:\/\/www.rucashk.com\/wp-content\/uploads\/replace\/503b8e645f128a97ccde2b6290747646.jpeg","og:image:secure_url":"https:\/\/www.rucashk.com\/wp-content\/uploads\/replace\/503b8e645f128a97ccde2b6290747646.jpeg","og:image:width":1456,"og:image:height":816,"article:published_time":"2024-01-09T15:58:59+00:00","article:modified_time":"2024-03-12T07:43:43+00:00","twitter:card":"summary_large_image","twitter:title":"Ecovacs Deebot N79W Robotic Vacuum Wholesale - Rucas - Wholesale and Distribution","twitter:description":"Feature: Smart Motion Auto, Edge, and Spot Modes Scheduled Cleanings Automatic Charging Up to 110 Min. Runtime and 520 mL Dustbin Works with Amazon Alexa and Google Assistant","twitter:image":"https:\/\/www.rucashk.com\/wp-content\/uploads\/replace\/503b8e645f128a97ccde2b6290747646.jpeg","schema":{"@context":"https:\/\/schema.org","@graph":[{"@type":"BreadcrumbList","@id":"https:\/\/www.rucashk.com\/es\/producto\/ecovacs-deebot-n79w-robotic-vacuum-wholesale\/#breadcrumblist","itemListElement":[{"@type":"ListItem","@id":"https:\/\/www.rucashk.com\/es\/#listItem","position":1,"name":"Home","item":"https:\/\/www.rucashk.com\/es\/","nextItem":"https:\/\/www.rucashk.com\/es\/producto\/ecovacs-deebot-n79w-robotic-vacuum-wholesale\/#listItem"},{"@type":"ListItem","@id":"https:\/\/www.rucashk.com\/es\/producto\/ecovacs-deebot-n79w-robotic-vacuum-wholesale\/#listItem","position":2,"name":"Ecovacs Deebot N79W Robotic Vacuum Wholesale","previousItem":"https:\/\/www.rucashk.com\/es\/#listItem"}]},{"@type":"Organization","@id":"https:\/\/www.rucashk.com\/es\/#organization","name":"Rucas","url":"https:\/\/www.rucashk.com\/es\/","logo":{"@type":"ImageObject","url":"https:\/\/www.rucashk.com\/wp-content\/uploads\/2023\/12\/Rucas_campany_logo.png","@id":"https:\/\/www.rucashk.com\/es\/producto\/ecovacs-deebot-n79w-robotic-vacuum-wholesale\/#organizationLogo","width":221,"height":65},"image":{"@id":"https:\/\/www.rucashk.com\/es\/#organizationLogo"}},{"@type":"Person","@id":"https:\/\/www.rucashk.com\/es\/author\/admin\/#author","url":"https:\/\/www.rucashk.com\/es\/author\/admin\/","name":"admin","image":{"@type":"ImageObject","@id":"https:\/\/www.rucashk.com\/es\/producto\/ecovacs-deebot-n79w-robotic-vacuum-wholesale\/#authorImage","url":"https:\/\/secure.gravatar.com\/avatar\/b7c8925b09a27e72b30232f8ecaadbd5af0f70a38c78096863fe51b64f031c24?s=96&d=mm&r=g","width":96,"height":96,"caption":"admin"}},{"@type":"WebPage","@id":"https:\/\/www.rucashk.com\/es\/producto\/ecovacs-deebot-n79w-robotic-vacuum-wholesale\/#webpage","url":"https:\/\/www.rucashk.com\/es\/producto\/ecovacs-deebot-n79w-robotic-vacuum-wholesale\/","name":"Ecovacs Deebot N79W Robotic Vacuum Wholesale - Rucas - Wholesale and Distribution","description":"Feature: Smart Motion Auto, Edge, and Spot Modes Scheduled Cleanings Automatic Charging Up to 110 Min. Runtime and 520 mL Dustbin Works with Amazon Alexa and Google Assistant","inLanguage":"es-ES","isPartOf":{"@id":"https:\/\/www.rucashk.com\/es\/#website"},"breadcrumb":{"@id":"https:\/\/www.rucashk.com\/es\/producto\/ecovacs-deebot-n79w-robotic-vacuum-wholesale\/#breadcrumblist"},"author":{"@id":"https:\/\/www.rucashk.com\/es\/author\/admin\/#author"},"creator":{"@id":"https:\/\/www.rucashk.com\/es\/author\/admin\/#author"},"image":{"@type":"ImageObject","url":"https:\/\/www.rucashk.com\/wp-content\/uploads\/2024\/01\/Ecovacs-Deebot-N79W-Robotic-Vacuum.jpg","@id":"https:\/\/www.rucashk.com\/es\/producto\/ecovacs-deebot-n79w-robotic-vacuum-wholesale\/#mainImage","width":800,"height":800},"primaryImageOfPage":{"@id":"https:\/\/www.rucashk.com\/es\/producto\/ecovacs-deebot-n79w-robotic-vacuum-wholesale\/#mainImage"},"datePublished":"2024-01-09T15:58:59+00:00","dateModified":"2024-03-12T07:43:43+00:00"},{"@type":"WebSite","@id":"https:\/\/www.rucashk.com\/es\/#website","url":"https:\/\/www.rucashk.com\/es\/","name":"Rucas - Wholesale and distribution worldwide","alternateName":"Rucas - One-stop AIoT Distribution Worldwide","description":"One-stop AIoT Distribution Worldwide","inLanguage":"es-ES","publisher":{"@id":"https:\/\/www.rucashk.com\/es\/#organization"}}]}},"aioseo_meta_data":{"post_id":"23913","title":null,"description":null,"keywords":null,"keyphrases":null,"primary_term":null,"canonical_url":null,"og_title":null,"og_description":null,"og_object_type":"default","og_image_type":"default","og_image_url":null,"og_image_width":null,"og_image_height":null,"og_image_custom_url":null,"og_image_custom_fields":null,"og_video":null,"og_custom_url":null,"og_article_section":null,"og_article_tags":null,"twitter_use_og":false,"twitter_card":"default","twitter_image_type":"default","twitter_image_url":null,"twitter_image_custom_url":null,"twitter_image_custom_fields":null,"twitter_title":null,"twitter_description":null,"schema":{"blockGraphs":[],"customGraphs":[],"default":{"data":{"Article":[],"Course":[],"Dataset":[],"FAQPage":[],"Movie":[],"Person":[],"Product":[],"Recipe":[],"Service":[],"SoftwareApplication":[],"WebPage":[]},"graphName":"","isEnabled":true},"graphs":[]},"schema_type":"default","schema_type_options":null,"pillar_content":false,"robots_default":true,"robots_noindex":false,"robots_noarchive":false,"robots_nosnippet":false,"robots_nofollow":false,"robots_noimageindex":false,"robots_noodp":false,"robots_notranslate":false,"robots_max_snippet":null,"robots_max_videopreview":null,"robots_max_imagepreview":"large","priority":null,"frequency":null,"local_seo":null,"breadcrumb_settings":null,"limit_modified_date":false,"created":"2024-04-11 01:57:07","updated":"2025-06-22 17:18:41"},"aioseo_breadcrumb":"<div class=\"aioseo-breadcrumbs\"><span class=\"aioseo-breadcrumb\">\n\t<a href=\"https:\/\/www.rucashk.com\/es\" title=\"Home\">Home<\/a>\n<\/span><span class=\"aioseo-breadcrumb-separator\">&raquo;<\/span><span class=\"aioseo-breadcrumb\">\n\t<a href=\"https:\/\/www.rucashk.com\/es\/products\/\" title=\"Productos\">Productos<\/a>\n<\/span><span class=\"aioseo-breadcrumb-separator\">&raquo;<\/span><span class=\"aioseo-breadcrumb\">\n\t<a href=\"https:\/\/www.rucashk.com\/es\/categoria-producto\/other-a-brands\/\" title=\"Other A-Brands\">Other A-Brands<\/a>\n<\/span><span class=\"aioseo-breadcrumb-separator\">&raquo;<\/span><span class=\"aioseo-breadcrumb\">\n\t<a href=\"https:\/\/www.rucashk.com\/es\/categoria-producto\/other-a-brands\/ecovacs-other-a-brands\/\" title=\"Ecovacs\">Ecovacs<\/a>\n<\/span><span class=\"aioseo-breadcrumb-separator\">&raquo;<\/span><span class=\"aioseo-breadcrumb\">\n\tEcovacs Deebot N79W Robotic Vacuum Wholesale\n<\/span><\/div>","aioseo_breadcrumb_json":[{"label":"Home","link":"https:\/\/www.rucashk.com\/es"},{"label":"Productos","link":"https:\/\/www.rucashk.com\/es\/products\/"},{"label":"Other A-Brands","link":"https:\/\/www.rucashk.com\/es\/categoria-producto\/other-a-brands\/"},{"label":"Ecovacs","link":"https:\/\/www.rucashk.com\/es\/categoria-producto\/other-a-brands\/ecovacs-other-a-brands\/"},{"label":"Ecovacs Deebot N79W Robotic Vacuum Wholesale","link":"https:\/\/www.rucashk.com\/es\/producto\/ecovacs-deebot-n79w-robotic-vacuum-wholesale\/"}],"_links":{"self":[{"href":"https:\/\/www.rucashk.com\/es\/wp-json\/wp\/v2\/product\/23913","targetHints":{"allow":["GET"]}}],"collection":[{"href":"https:\/\/www.rucashk.com\/es\/wp-json\/wp\/v2\/product"}],"about":[{"href":"https:\/\/www.rucashk.com\/es\/wp-json\/wp\/v2\/types\/product"}],"wp:featuredmedia":[{"embeddable":true,"href":"https:\/\/www.rucashk.com\/es\/wp-json\/wp\/v2\/media\/24032"}],"wp:attachment":[{"href":"https:\/\/www.rucashk.com\/es\/wp-json\/wp\/v2\/media?parent=23913"}],"wp:term":[{"taxonomy":"product_brand","embeddable":true,"href":"https:\/\/www.rucashk.com\/es\/wp-json\/wp\/v2\/product_brand?post=23913"},{"taxonomy":"product_cat","embeddable":true,"href":"https:\/\/www.rucashk.com\/es\/wp-json\/wp\/v2\/product_cat?post=23913"},{"taxonomy":"product_tag","embeddable":true,"href":"https:\/\/www.rucashk.com\/es\/wp-json\/wp\/v2\/product_tag?post=23913"}],"curies":[{"name":"wp","href":"https:\/\/api.w.org\/{rel}","templated":true}]}}