{"id":23908,"date":"2024-01-09T15:58:58","date_gmt":"2024-01-09T15:58:58","guid":{"rendered":"http:\/\/rucashk.com\/?post_type=product&#038;p=23908"},"modified":"2024-01-21T08:55:07","modified_gmt":"2024-01-21T08:55:07","slug":"70mai-backup-camera","status":"publish","type":"product","link":"https:\/\/www.rucashk.com\/es\/producto\/70mai-backup-camera\/","title":{"rendered":"c\u00e1mara de respaldo 70mai"},"content":{"rendered":"<div class=\"product_pz\">\n<div class=\"product_pz_info mainfeatures desc_simp\"><img decoding=\"async\" class=\"js-descLazyload lazy-loaded\" title=\"C\u00e1mara de respaldo para autom\u00f3vil Xiaomi 70mai 720P Visi\u00f3n nocturna IPX7 C\u00e1mara trasera de marcha atr\u00e1s para veh\u00edculo a prueba de agua - Negro\" src=\"https:\/\/www.rucashk.com\/wp-content\/uploads\/2020\/07\/20180614135815_38847.jpg\" alt=\"Xiaomi 70mai Car Backup Camera 720P Night Vision IPX7 Waterproof Vehicle Reversing Rear Camera- Black\" data-lazy=\"https:\/\/www.rucashk.com\/wp-content\/uploads\/2020\/07\/20180614135815_38847.jpg\" data-was-processed=\"true\" \/><\/div>\n<\/div>\n<div class=\"self-adaption\"><img decoding=\"async\" class=\"js-descLazyload lazy-loaded\" title=\"C\u00e1mara de respaldo para autom\u00f3vil Xiaomi 70mai 720P Visi\u00f3n nocturna IPX7 C\u00e1mara trasera de marcha atr\u00e1s para veh\u00edculo a prueba de agua - Negro\" src=\"https:\/\/www.rucashk.com\/wp-content\/uploads\/2020\/07\/20180614135815_63487.jpg\" alt=\"Xiaomi 70mai Car Backup Camera 720P Night Vision IPX7 Waterproof Vehicle Reversing Rear Camera- Black\" data-lazy=\"https:\/\/www.rucashk.com\/wp-content\/uploads\/2020\/07\/20180614135815_63487.jpg\" data-was-processed=\"true\" \/><\/div>\n<div class=\"self-adaption\"><img decoding=\"async\" class=\"js-descLazyload lazy-loaded\" title=\"C\u00e1mara de respaldo para autom\u00f3vil Xiaomi 70mai 720P Visi\u00f3n nocturna IPX7 C\u00e1mara trasera de marcha atr\u00e1s para veh\u00edculo a prueba de agua - Negro\" src=\"https:\/\/www.rucashk.com\/wp-content\/uploads\/2020\/07\/20180614135815_18801.jpg\" alt=\"Xiaomi 70mai Car Backup Camera 720P Night Vision IPX7 Waterproof Vehicle Reversing Rear Camera- Black\" data-lazy=\"https:\/\/www.rucashk.com\/wp-content\/uploads\/2020\/07\/20180614135815_18801.jpg\" data-was-processed=\"true\" \/><\/div>\n<div class=\"self-adaption\"><img decoding=\"async\" class=\"js-descLazyload lazy-loaded\" title=\"C\u00e1mara de respaldo para autom\u00f3vil Xiaomi 70mai 720P Visi\u00f3n nocturna IPX7 C\u00e1mara trasera de marcha atr\u00e1s para veh\u00edculo a prueba de agua - Negro\" src=\"https:\/\/www.rucashk.com\/wp-content\/uploads\/2020\/07\/20180614135815_42521.jpg\" alt=\"Xiaomi 70mai Car Backup Camera 720P Night Vision IPX7 Waterproof Vehicle Reversing Rear Camera- Black\" data-lazy=\"https:\/\/www.rucashk.com\/wp-content\/uploads\/2020\/07\/20180614135815_42521.jpg\" data-was-processed=\"true\" \/><\/div>\n<div class=\"self-adaption\"><img decoding=\"async\" class=\"js-descLazyload lazy-loaded\" title=\"C\u00e1mara de respaldo para autom\u00f3vil Xiaomi 70mai 720P Visi\u00f3n nocturna IPX7 C\u00e1mara trasera de marcha atr\u00e1s para veh\u00edculo a prueba de agua - Negro\" src=\"https:\/\/www.rucashk.com\/wp-content\/uploads\/2020\/07\/20180614135816_55849.jpg\" alt=\"Xiaomi 70mai Car Backup Camera 720P Night Vision IPX7 Waterproof Vehicle Reversing Rear Camera- Black\" data-lazy=\"https:\/\/www.rucashk.com\/wp-content\/uploads\/2020\/07\/20180614135816_55849.jpg\" data-was-processed=\"true\" \/><\/div>\n<div class=\"self-adaption\"><img decoding=\"async\" class=\"js-descLazyload lazy-loaded\" title=\"C\u00e1mara de respaldo para autom\u00f3vil Xiaomi 70mai 720P Visi\u00f3n nocturna IPX7 C\u00e1mara trasera de marcha atr\u00e1s para veh\u00edculo a prueba de agua - Negro\" src=\"https:\/\/www.rucashk.com\/wp-content\/uploads\/2020\/07\/20180614135816_20706.jpg\" alt=\"Xiaomi 70mai Car Backup Camera 720P Night Vision IPX7 Waterproof Vehicle Reversing Rear Camera- Black\" data-lazy=\"https:\/\/www.rucashk.com\/wp-content\/uploads\/2020\/07\/20180614135816_20706.jpg\" data-was-processed=\"true\" \/><\/div>\n<div class=\"self-adaption\"><img decoding=\"async\" class=\"js-descLazyload lazy-loaded\" title=\"C\u00e1mara de respaldo para autom\u00f3vil Xiaomi 70mai 720P Visi\u00f3n nocturna IPX7 C\u00e1mara trasera de marcha atr\u00e1s para veh\u00edculo a prueba de agua - Negro\" src=\"https:\/\/www.rucashk.com\/wp-content\/uploads\/2020\/07\/20180614135816_36859.jpg\" alt=\"Xiaomi 70mai Car Backup Camera 720P Night Vision IPX7 Waterproof Vehicle Reversing Rear Camera- Black\" data-lazy=\"https:\/\/www.rucashk.com\/wp-content\/uploads\/2020\/07\/20180614135816_36859.jpg\" data-was-processed=\"true\" \/><\/div>","protected":false},"excerpt":{"rendered":"<p><b>Principales caracter\u00edsticas:<\/b><br \/>\n\u25cf<b>C\u00e1mara s\u00faper HD:<\/b><br \/>\nLa adopci\u00f3n de un avanzado sensor de imagen 720P de alta sensibilidad hace que su visi\u00f3n nocturna sea tan brillante como la luz del d\u00eda.<br \/>\n\u25cf<b>Vista gran angular de 138 grados:<\/b><br \/>\nDise\u00f1ado para proporcionar una visi\u00f3n de 138 grados, evita \u00e1ngulos ciegos, perfecto para observar claramente el punto ciego invisible.<br \/>\n\u25cf<b>IPX7 resistente al agua:<\/b><br \/>\nNo hay necesidad de preocuparse por la entrada de niebla\/niebla incluso cuando est\u00e1 muy inundado de agua.<br \/>\n\u25cf<b>F\u00e1cil de usar:<\/b><br \/>\nAplicable a todos los monitores con conector RCA y navegador DVD<br \/>\n\u25cf El paquete incluye 1 x c\u00e1mara de marcha atr\u00e1s, 1 x cable de v\u00eddeo, 2 x tornillos de instalaci\u00f3n, 1 x manual de usuario<\/p>","protected":false},"featured_media":24010,"template":"","meta":[],"product_brand":[],"product_cat":[1289,1288],"product_tag":[979],"class_list":{"0":"post-23908","1":"product","2":"type-product","3":"status-publish","4":"has-post-thumbnail","6":"product_cat-dash-camera","7":"product_cat-e-vehicle-accessories","8":"product_tag-70mai-backup-camera","10":"first","11":"instock","12":"shipping-taxable","13":"product-type-external"},"aioseo_notices":[],"aioseo_head":"\n\t\t<!-- All in One SEO Pro 4.5.9.2 - aioseo.com -->\n\t\t<meta name=\"description\" content=\"Main Features: \u25cfSuper HD Camera: Adopting advanced high sensitive 720P image sensor, makes your night vision as bright as daylight \u25cf138 Degrees Wide Angle View: Designed to provide 138 degrees vision, avoids blind angles, perfect for you to observe the invisible blind spot clearly \u25cfIPX7 Waterproof: No need to worry about any fog \/ mist getting inside even when heavily flooded with water \u25cfEasy to Use: Applies to all monitors with RCA connector and DVD navigator \u25cf The package includes 1 x reversing camera, 1 x video cable, 2 x install screw, 1 x user manual\" \/>\n\t\t<meta name=\"robots\" content=\"max-image-preview:large\" \/>\n\t\t<link rel=\"canonical\" href=\"https:\/\/www.rucashk.com\/es\/producto\/70mai-backup-camera\/\" \/>\n\t\t<meta name=\"generator\" content=\"All in One SEO Pro (AIOSEO) 4.5.9.2\" \/>\n\t\t<meta property=\"og:locale\" content=\"es_ES\" \/>\n\t\t<meta property=\"og:site_name\" content=\"Rucas - One-stop AIoT Distribution Worldwide\" \/>\n\t\t<meta property=\"og:type\" content=\"article\" \/>\n\t\t<meta property=\"og:title\" content=\"70mai backup camera - Rucas - Wholesale and Distribution\" \/>\n\t\t<meta property=\"og:description\" content=\"Main Features: \u25cfSuper HD Camera: Adopting advanced high sensitive 720P image sensor, makes your night vision as bright as daylight \u25cf138 Degrees Wide Angle View: Designed to provide 138 degrees vision, avoids blind angles, perfect for you to observe the invisible blind spot clearly \u25cfIPX7 Waterproof: No need to worry about any fog \/ mist getting inside even when heavily flooded with water \u25cfEasy to Use: Applies to all monitors with RCA connector and DVD navigator \u25cf The package includes 1 x reversing camera, 1 x video cable, 2 x install screw, 1 x user manual\" \/>\n\t\t<meta property=\"og:url\" content=\"https:\/\/www.rucashk.com\/es\/producto\/70mai-backup-camera\/\" \/>\n\t\t<meta property=\"og:image\" content=\"https:\/\/www.rucashk.com\/wp-content\/uploads\/replace\/503b8e645f128a97ccde2b6290747646.jpeg\" \/>\n\t\t<meta property=\"og:image:secure_url\" content=\"https:\/\/www.rucashk.com\/wp-content\/uploads\/replace\/503b8e645f128a97ccde2b6290747646.jpeg\" \/>\n\t\t<meta property=\"og:image:width\" content=\"1456\" \/>\n\t\t<meta property=\"og:image:height\" content=\"816\" \/>\n\t\t<meta property=\"article:published_time\" content=\"2024-01-09T15:58:58+00:00\" \/>\n\t\t<meta property=\"article:modified_time\" content=\"2024-01-21T08:55:07+00:00\" \/>\n\t\t<meta name=\"twitter:card\" content=\"summary_large_image\" \/>\n\t\t<meta name=\"twitter:title\" content=\"70mai backup camera - Rucas - Wholesale and Distribution\" \/>\n\t\t<meta name=\"twitter:description\" content=\"Main Features: \u25cfSuper HD Camera: Adopting advanced high sensitive 720P image sensor, makes your night vision as bright as daylight \u25cf138 Degrees Wide Angle View: Designed to provide 138 degrees vision, avoids blind angles, perfect for you to observe the invisible blind spot clearly \u25cfIPX7 Waterproof: No need to worry about any fog \/ mist getting inside even when heavily flooded with water \u25cfEasy to Use: Applies to all monitors with RCA connector and DVD navigator \u25cf The package includes 1 x reversing camera, 1 x video cable, 2 x install screw, 1 x user manual\" \/>\n\t\t<meta name=\"twitter:image\" content=\"https:\/\/www.rucashk.com\/wp-content\/uploads\/replace\/503b8e645f128a97ccde2b6290747646.jpeg\" \/>\n\t\t<script type=\"application\/ld+json\" class=\"aioseo-schema\">\n\t\t\t{\"@context\":\"https:\\\/\\\/schema.org\",\"@graph\":[{\"@type\":\"BreadcrumbList\",\"@id\":\"https:\\\/\\\/www.rucashk.com\\\/es\\\/producto\\\/70mai-backup-camera\\\/#breadcrumblist\",\"itemListElement\":[{\"@type\":\"ListItem\",\"@id\":\"https:\\\/\\\/www.rucashk.com\\\/es\\\/#listItem\",\"position\":1,\"name\":\"Home\",\"item\":\"https:\\\/\\\/www.rucashk.com\\\/es\\\/\",\"nextItem\":\"https:\\\/\\\/www.rucashk.com\\\/es\\\/producto\\\/70mai-backup-camera\\\/#listItem\"},{\"@type\":\"ListItem\",\"@id\":\"https:\\\/\\\/www.rucashk.com\\\/es\\\/producto\\\/70mai-backup-camera\\\/#listItem\",\"position\":2,\"name\":\"70mai\\u00a0backup camera\",\"previousItem\":\"https:\\\/\\\/www.rucashk.com\\\/es\\\/#listItem\"}]},{\"@type\":\"Organization\",\"@id\":\"https:\\\/\\\/www.rucashk.com\\\/es\\\/#organization\",\"name\":\"Rucas\",\"url\":\"https:\\\/\\\/www.rucashk.com\\\/es\\\/\",\"logo\":{\"@type\":\"ImageObject\",\"url\":\"https:\\\/\\\/www.rucashk.com\\\/wp-content\\\/uploads\\\/2023\\\/12\\\/Rucas_campany_logo.png\",\"@id\":\"https:\\\/\\\/www.rucashk.com\\\/es\\\/producto\\\/70mai-backup-camera\\\/#organizationLogo\",\"width\":221,\"height\":65},\"image\":{\"@id\":\"https:\\\/\\\/www.rucashk.com\\\/es\\\/#organizationLogo\"}},{\"@type\":\"Person\",\"@id\":\"https:\\\/\\\/www.rucashk.com\\\/es\\\/author\\\/admin\\\/#author\",\"url\":\"https:\\\/\\\/www.rucashk.com\\\/es\\\/author\\\/admin\\\/\",\"name\":\"admin\",\"image\":{\"@type\":\"ImageObject\",\"@id\":\"https:\\\/\\\/www.rucashk.com\\\/es\\\/producto\\\/70mai-backup-camera\\\/#authorImage\",\"url\":\"https:\\\/\\\/secure.gravatar.com\\\/avatar\\\/b7c8925b09a27e72b30232f8ecaadbd5af0f70a38c78096863fe51b64f031c24?s=96&d=mm&r=g\",\"width\":96,\"height\":96,\"caption\":\"admin\"}},{\"@type\":\"WebPage\",\"@id\":\"https:\\\/\\\/www.rucashk.com\\\/es\\\/producto\\\/70mai-backup-camera\\\/#webpage\",\"url\":\"https:\\\/\\\/www.rucashk.com\\\/es\\\/producto\\\/70mai-backup-camera\\\/\",\"name\":\"70mai backup camera - Rucas - Wholesale and Distribution\",\"description\":\"Main Features: \\u25cfSuper HD Camera: Adopting advanced high sensitive 720P image sensor, makes your night vision as bright as daylight \\u25cf138 Degrees Wide Angle View: Designed to provide 138 degrees vision, avoids blind angles, perfect for you to observe the invisible blind spot clearly \\u25cfIPX7 Waterproof: No need to worry about any fog \\\/ mist getting inside even when heavily flooded with water \\u25cfEasy to Use: Applies to all monitors with RCA connector and DVD navigator \\u25cf The package includes 1 x reversing camera, 1 x video cable, 2 x install screw, 1 x user manual\",\"inLanguage\":\"es-ES\",\"isPartOf\":{\"@id\":\"https:\\\/\\\/www.rucashk.com\\\/es\\\/#website\"},\"breadcrumb\":{\"@id\":\"https:\\\/\\\/www.rucashk.com\\\/es\\\/producto\\\/70mai-backup-camera\\\/#breadcrumblist\"},\"author\":{\"@id\":\"https:\\\/\\\/www.rucashk.com\\\/es\\\/author\\\/admin\\\/#author\"},\"creator\":{\"@id\":\"https:\\\/\\\/www.rucashk.com\\\/es\\\/author\\\/admin\\\/#author\"},\"image\":{\"@type\":\"ImageObject\",\"url\":\"https:\\\/\\\/www.rucashk.com\\\/wp-content\\\/uploads\\\/2024\\\/01\\\/\\u5fae\\u4fe1\\u56fe\\u7247_20200708113843_\\u526f\\u672c.jpg\",\"@id\":\"https:\\\/\\\/www.rucashk.com\\\/es\\\/producto\\\/70mai-backup-camera\\\/#mainImage\",\"width\":800,\"height\":800},\"primaryImageOfPage\":{\"@id\":\"https:\\\/\\\/www.rucashk.com\\\/es\\\/producto\\\/70mai-backup-camera\\\/#mainImage\"},\"datePublished\":\"2024-01-09T15:58:58+00:00\",\"dateModified\":\"2024-01-21T08:55:07+00:00\"},{\"@type\":\"WebSite\",\"@id\":\"https:\\\/\\\/www.rucashk.com\\\/es\\\/#website\",\"url\":\"https:\\\/\\\/www.rucashk.com\\\/es\\\/\",\"name\":\"Rucas - Wholesale and distribution worldwide\",\"alternateName\":\"Rucas - One-stop AIoT Distribution Worldwide\",\"description\":\"One-stop AIoT Distribution Worldwide\",\"inLanguage\":\"es-ES\",\"publisher\":{\"@id\":\"https:\\\/\\\/www.rucashk.com\\\/es\\\/#organization\"}}]}\n\t\t<\/script>\n\t\t<!-- All in One SEO Pro -->\r\n\t\t<title>70mai backup camera - Rucas - Wholesale and Distribution<\/title>\n\n","aioseo_head_json":{"title":"70mai backup camera - Rucas - Wholesale and Distribution","description":"Main Features: \u25cfSuper HD Camera: Adopting advanced high sensitive 720P image sensor, makes your night vision as bright as daylight \u25cf138 Degrees Wide Angle View: Designed to provide 138 degrees vision, avoids blind angles, perfect for you to observe the invisible blind spot clearly \u25cfIPX7 Waterproof: No need to worry about any fog \/ mist getting inside even when heavily flooded with water \u25cfEasy to Use: Applies to all monitors with RCA connector and DVD navigator \u25cf The package includes 1 x reversing camera, 1 x video cable, 2 x install screw, 1 x user manual","canonical_url":"https:\/\/www.rucashk.com\/es\/producto\/70mai-backup-camera\/","robots":"max-image-preview:large","keywords":"","webmasterTools":{"miscellaneous":""},"og:locale":"es_ES","og:site_name":"Rucas - One-stop AIoT Distribution Worldwide","og:type":"article","og:title":"70mai backup camera - Rucas - Wholesale and Distribution","og:description":"Main Features: \u25cfSuper HD Camera: Adopting advanced high sensitive 720P image sensor, makes your night vision as bright as daylight \u25cf138 Degrees Wide Angle View: Designed to provide 138 degrees vision, avoids blind angles, perfect for you to observe the invisible blind spot clearly \u25cfIPX7 Waterproof: No need to worry about any fog \/ mist getting inside even when heavily flooded with water \u25cfEasy to Use: Applies to all monitors with RCA connector and DVD navigator \u25cf The package includes 1 x reversing camera, 1 x video cable, 2 x install screw, 1 x user manual","og:url":"https:\/\/www.rucashk.com\/es\/producto\/70mai-backup-camera\/","og:image":"https:\/\/www.rucashk.com\/wp-content\/uploads\/replace\/503b8e645f128a97ccde2b6290747646.jpeg","og:image:secure_url":"https:\/\/www.rucashk.com\/wp-content\/uploads\/replace\/503b8e645f128a97ccde2b6290747646.jpeg","og:image:width":1456,"og:image:height":816,"article:published_time":"2024-01-09T15:58:58+00:00","article:modified_time":"2024-01-21T08:55:07+00:00","twitter:card":"summary_large_image","twitter:title":"70mai backup camera - Rucas - Wholesale and Distribution","twitter:description":"Main Features: \u25cfSuper HD Camera: Adopting advanced high sensitive 720P image sensor, makes your night vision as bright as daylight \u25cf138 Degrees Wide Angle View: Designed to provide 138 degrees vision, avoids blind angles, perfect for you to observe the invisible blind spot clearly \u25cfIPX7 Waterproof: No need to worry about any fog \/ mist getting inside even when heavily flooded with water \u25cfEasy to Use: Applies to all monitors with RCA connector and DVD navigator \u25cf The package includes 1 x reversing camera, 1 x video cable, 2 x install screw, 1 x user manual","twitter:image":"https:\/\/www.rucashk.com\/wp-content\/uploads\/replace\/503b8e645f128a97ccde2b6290747646.jpeg","schema":{"@context":"https:\/\/schema.org","@graph":[{"@type":"BreadcrumbList","@id":"https:\/\/www.rucashk.com\/es\/producto\/70mai-backup-camera\/#breadcrumblist","itemListElement":[{"@type":"ListItem","@id":"https:\/\/www.rucashk.com\/es\/#listItem","position":1,"name":"Home","item":"https:\/\/www.rucashk.com\/es\/","nextItem":"https:\/\/www.rucashk.com\/es\/producto\/70mai-backup-camera\/#listItem"},{"@type":"ListItem","@id":"https:\/\/www.rucashk.com\/es\/producto\/70mai-backup-camera\/#listItem","position":2,"name":"70mai\u00a0backup camera","previousItem":"https:\/\/www.rucashk.com\/es\/#listItem"}]},{"@type":"Organization","@id":"https:\/\/www.rucashk.com\/es\/#organization","name":"Rucas","url":"https:\/\/www.rucashk.com\/es\/","logo":{"@type":"ImageObject","url":"https:\/\/www.rucashk.com\/wp-content\/uploads\/2023\/12\/Rucas_campany_logo.png","@id":"https:\/\/www.rucashk.com\/es\/producto\/70mai-backup-camera\/#organizationLogo","width":221,"height":65},"image":{"@id":"https:\/\/www.rucashk.com\/es\/#organizationLogo"}},{"@type":"Person","@id":"https:\/\/www.rucashk.com\/es\/author\/admin\/#author","url":"https:\/\/www.rucashk.com\/es\/author\/admin\/","name":"admin","image":{"@type":"ImageObject","@id":"https:\/\/www.rucashk.com\/es\/producto\/70mai-backup-camera\/#authorImage","url":"https:\/\/secure.gravatar.com\/avatar\/b7c8925b09a27e72b30232f8ecaadbd5af0f70a38c78096863fe51b64f031c24?s=96&d=mm&r=g","width":96,"height":96,"caption":"admin"}},{"@type":"WebPage","@id":"https:\/\/www.rucashk.com\/es\/producto\/70mai-backup-camera\/#webpage","url":"https:\/\/www.rucashk.com\/es\/producto\/70mai-backup-camera\/","name":"70mai backup camera - Rucas - Wholesale and Distribution","description":"Main Features: \u25cfSuper HD Camera: Adopting advanced high sensitive 720P image sensor, makes your night vision as bright as daylight \u25cf138 Degrees Wide Angle View: Designed to provide 138 degrees vision, avoids blind angles, perfect for you to observe the invisible blind spot clearly \u25cfIPX7 Waterproof: No need to worry about any fog \/ mist getting inside even when heavily flooded with water \u25cfEasy to Use: Applies to all monitors with RCA connector and DVD navigator \u25cf The package includes 1 x reversing camera, 1 x video cable, 2 x install screw, 1 x user manual","inLanguage":"es-ES","isPartOf":{"@id":"https:\/\/www.rucashk.com\/es\/#website"},"breadcrumb":{"@id":"https:\/\/www.rucashk.com\/es\/producto\/70mai-backup-camera\/#breadcrumblist"},"author":{"@id":"https:\/\/www.rucashk.com\/es\/author\/admin\/#author"},"creator":{"@id":"https:\/\/www.rucashk.com\/es\/author\/admin\/#author"},"image":{"@type":"ImageObject","url":"https:\/\/www.rucashk.com\/wp-content\/uploads\/2024\/01\/\u5fae\u4fe1\u56fe\u7247_20200708113843_\u526f\u672c.jpg","@id":"https:\/\/www.rucashk.com\/es\/producto\/70mai-backup-camera\/#mainImage","width":800,"height":800},"primaryImageOfPage":{"@id":"https:\/\/www.rucashk.com\/es\/producto\/70mai-backup-camera\/#mainImage"},"datePublished":"2024-01-09T15:58:58+00:00","dateModified":"2024-01-21T08:55:07+00:00"},{"@type":"WebSite","@id":"https:\/\/www.rucashk.com\/es\/#website","url":"https:\/\/www.rucashk.com\/es\/","name":"Rucas - Wholesale and distribution worldwide","alternateName":"Rucas - One-stop AIoT Distribution Worldwide","description":"One-stop AIoT Distribution Worldwide","inLanguage":"es-ES","publisher":{"@id":"https:\/\/www.rucashk.com\/es\/#organization"}}]}},"aioseo_meta_data":{"post_id":"23908","title":null,"description":null,"keywords":null,"keyphrases":null,"primary_term":null,"canonical_url":null,"og_title":null,"og_description":null,"og_object_type":"default","og_image_type":"default","og_image_url":null,"og_image_width":null,"og_image_height":null,"og_image_custom_url":null,"og_image_custom_fields":null,"og_video":null,"og_custom_url":null,"og_article_section":null,"og_article_tags":null,"twitter_use_og":false,"twitter_card":"default","twitter_image_type":"default","twitter_image_url":null,"twitter_image_custom_url":null,"twitter_image_custom_fields":null,"twitter_title":null,"twitter_description":null,"schema":{"blockGraphs":[],"customGraphs":[],"default":{"data":{"Article":[],"Course":[],"Dataset":[],"FAQPage":[],"Movie":[],"Person":[],"Product":[],"Recipe":[],"Service":[],"SoftwareApplication":[],"WebPage":[]},"graphName":"","isEnabled":true},"graphs":[]},"schema_type":"default","schema_type_options":null,"pillar_content":false,"robots_default":true,"robots_noindex":false,"robots_noarchive":false,"robots_nosnippet":false,"robots_nofollow":false,"robots_noimageindex":false,"robots_noodp":false,"robots_notranslate":false,"robots_max_snippet":null,"robots_max_videopreview":null,"robots_max_imagepreview":"large","priority":null,"frequency":null,"local_seo":null,"breadcrumb_settings":null,"limit_modified_date":false,"created":"2024-04-11 01:57:07","updated":"2025-06-22 17:17:07"},"aioseo_breadcrumb":"<div class=\"aioseo-breadcrumbs\"><span class=\"aioseo-breadcrumb\">\n\t<a href=\"https:\/\/www.rucashk.com\/es\" title=\"Home\">Home<\/a>\n<\/span><span class=\"aioseo-breadcrumb-separator\">&raquo;<\/span><span class=\"aioseo-breadcrumb\">\n\t<a href=\"https:\/\/www.rucashk.com\/es\/products\/\" title=\"Productos\">Productos<\/a>\n<\/span><span class=\"aioseo-breadcrumb-separator\">&raquo;<\/span><span class=\"aioseo-breadcrumb\">\n\t<a href=\"https:\/\/www.rucashk.com\/es\/categoria-producto\/e-vehicle-accessories\/\" title=\"E-Vehicle Accessories\">E-Vehicle Accessories<\/a>\n<\/span><span class=\"aioseo-breadcrumb-separator\">&raquo;<\/span><span class=\"aioseo-breadcrumb\">\n\t<a href=\"https:\/\/www.rucashk.com\/es\/categoria-producto\/e-vehicle-accessories\/dash-camera\/\" title=\"Dash Camera\">Dash Camera<\/a>\n<\/span><span class=\"aioseo-breadcrumb-separator\">&raquo;<\/span><span class=\"aioseo-breadcrumb\">\n\t70mai\u00a0backup camera\n<\/span><\/div>","aioseo_breadcrumb_json":[{"label":"Home","link":"https:\/\/www.rucashk.com\/es"},{"label":"Productos","link":"https:\/\/www.rucashk.com\/es\/products\/"},{"label":"E-Vehicle Accessories","link":"https:\/\/www.rucashk.com\/es\/categoria-producto\/e-vehicle-accessories\/"},{"label":"Dash Camera","link":"https:\/\/www.rucashk.com\/es\/categoria-producto\/e-vehicle-accessories\/dash-camera\/"},{"label":"70mai\u00a0backup camera","link":"https:\/\/www.rucashk.com\/es\/producto\/70mai-backup-camera\/"}],"_links":{"self":[{"href":"https:\/\/www.rucashk.com\/es\/wp-json\/wp\/v2\/product\/23908","targetHints":{"allow":["GET"]}}],"collection":[{"href":"https:\/\/www.rucashk.com\/es\/wp-json\/wp\/v2\/product"}],"about":[{"href":"https:\/\/www.rucashk.com\/es\/wp-json\/wp\/v2\/types\/product"}],"wp:featuredmedia":[{"embeddable":true,"href":"https:\/\/www.rucashk.com\/es\/wp-json\/wp\/v2\/media\/24010"}],"wp:attachment":[{"href":"https:\/\/www.rucashk.com\/es\/wp-json\/wp\/v2\/media?parent=23908"}],"wp:term":[{"taxonomy":"product_brand","embeddable":true,"href":"https:\/\/www.rucashk.com\/es\/wp-json\/wp\/v2\/product_brand?post=23908"},{"taxonomy":"product_cat","embeddable":true,"href":"https:\/\/www.rucashk.com\/es\/wp-json\/wp\/v2\/product_cat?post=23908"},{"taxonomy":"product_tag","embeddable":true,"href":"https:\/\/www.rucashk.com\/es\/wp-json\/wp\/v2\/product_tag?post=23908"}],"curies":[{"name":"wp","href":"https:\/\/api.w.org\/{rel}","templated":true}]}}