{"id":23870,"date":"2024-01-09T15:58:35","date_gmt":"2024-01-09T15:58:35","guid":{"rendered":"http:\/\/rucashk.com\/?post_type=product&#038;p=23870"},"modified":"2024-02-15T04:31:05","modified_gmt":"2024-02-15T04:31:05","slug":"xiaomi-mijia-smart-sterilization-humidifier","status":"publish","type":"product","link":"https:\/\/www.rucashk.com\/es\/producto\/xiaomi-mijia-smart-sterilization-humidifier\/","title":{"rendered":"Humidificador de esterilizaci\u00f3n inteligente Xiaomi Mijia"},"content":{"rendered":"<p><img decoding=\"async\" src=\"https:\/\/www.rucashk.com\/wp-content\/uploads\/2020\/07\/xiaomi-mijia-4-5l-akilli-ultrasonik-uv-sterilizasyonu-antiseptik-sterilizasyon-nemlendirici-ev-ile-calismak-mijia-app.jpg\" alt=\"Xiaomi Mijia 4.5L Ak\u0131ll\u0131 Ultrasonik Uv Sterilizasyonu Antiseptik Sterilizasyon Nemlendirici Ev Ile \u00c7al\u0131\u015fmak Mijia App\" \/><\/p>\n<p><img decoding=\"async\" src=\"https:\/\/www.rucashk.com\/wp-content\/uploads\/2020\/07\/xiaomi-mijia-4-5l-akilli-ultrasonik-uv-sterilizasyonu-antiseptik-sterilizasyon-nemlendirici-ev-ile-calismak-mijia-app-1.jpg\" alt=\"Xiaomi Mijia 4.5L Ak\u0131ll\u0131 Ultrasonik Uv Sterilizasyonu Antiseptik Sterilizasyon Nemlendirici Ev Ile \u00c7al\u0131\u015fmak Mijia App\" \/><\/p>\n<p><img decoding=\"async\" src=\"https:\/\/www.rucashk.com\/wp-content\/uploads\/2020\/07\/xiaomi-mijia-4-5l-akilli-ultrasonik-uv-sterilizasyonu-antiseptik-sterilizasyon-nemlendirici-ev-ile-calismak-mijia-app-2.jpg\" alt=\"Xiaomi Mijia 4.5L Ak\u0131ll\u0131 Ultrasonik Uv Sterilizasyonu Antiseptik Sterilizasyon Nemlendirici Ev Ile \u00c7al\u0131\u015fmak Mijia App\" \/><\/p>\n<p><img decoding=\"async\" src=\"https:\/\/www.rucashk.com\/wp-content\/uploads\/2020\/07\/xiaomi-mijia-4-5l-akilli-ultrasonik-uv-sterilizasyonu-antiseptik-sterilizasyon-nemlendirici-ev-ile-calismak-mijia-app-3.jpg\" alt=\"Xiaomi Mijia 4.5L Ak\u0131ll\u0131 Ultrasonik Uv Sterilizasyonu Antiseptik Sterilizasyon Nemlendirici Ev Ile \u00c7al\u0131\u015fmak Mijia App\" \/><\/p>\n<p><img decoding=\"async\" src=\"https:\/\/www.rucashk.com\/wp-content\/uploads\/2020\/07\/xiaomi-mijia-4-5l-akilli-ultrasonik-uv-sterilizasyonu-antiseptik-sterilizasyon-nemlendirici-ev-ile-calismak-mijia-app-4.jpg\" alt=\"Xiaomi Mijia 4.5L Ak\u0131ll\u0131 Ultrasonik Uv Sterilizasyonu Antiseptik Sterilizasyon Nemlendirici Ev Ile \u00c7al\u0131\u015fmak Mijia App\" \/><\/p>\n<p><img decoding=\"async\" src=\"https:\/\/www.rucashk.com\/wp-content\/uploads\/2020\/07\/xiaomi-mijia-4-5l-akilli-ultrasonik-uv-sterilizasyonu-antiseptik-sterilizasyon-nemlendirici-ev-ile-calismak-mijia-app-5.jpg\" alt=\"Xiaomi Mijia 4.5L Ak\u0131ll\u0131 Ultrasonik Uv Sterilizasyonu Antiseptik Sterilizasyon Nemlendirici Ev Ile \u00c7al\u0131\u015fmak Mijia App\" \/><\/p>\n<p><img decoding=\"async\" src=\"https:\/\/www.rucashk.com\/wp-content\/uploads\/2020\/07\/xiaomi-mijia-4-5l-akilli-ultrasonik-uv-sterilizasyonu-antiseptik-sterilizasyon-nemlendirici-ev-ile-calismak-mijia-app-6.jpg\" alt=\"Xiaomi Mijia 4.5L Ak\u0131ll\u0131 Ultrasonik Uv Sterilizasyonu Antiseptik Sterilizasyon Nemlendirici Ev Ile \u00c7al\u0131\u015fmak Mijia App\" \/><\/p>\n<p><img decoding=\"async\" src=\"https:\/\/www.rucashk.com\/wp-content\/uploads\/2020\/07\/xiaomi-mijia-4-5l-akilli-ultrasonik-uv-sterilizasyonu-antiseptik-sterilizasyon-nemlendirici-ev-ile-calismak-mijia-app-7.jpg\" alt=\"Xiaomi Mijia 4.5L Ak\u0131ll\u0131 Ultrasonik Uv Sterilizasyonu Antiseptik Sterilizasyon Nemlendirici Ev Ile \u00c7al\u0131\u015fmak Mijia App\" \/><\/p>\n<p><img decoding=\"async\" src=\"https:\/\/www.rucashk.com\/wp-content\/uploads\/2020\/07\/xiaomi-mijia-4-5l-akilli-ultrasonik-uv-sterilizasyonu-antiseptik-sterilizasyon-nemlendirici-ev-ile-calismak-mijia-app-8.jpg\" alt=\"Xiaomi Mijia 4.5L Ak\u0131ll\u0131 Ultrasonik Uv Sterilizasyonu Antiseptik Sterilizasyon Nemlendirici Ev Ile \u00c7al\u0131\u015fmak Mijia App\" \/><\/p>\n<p><img decoding=\"async\" src=\"https:\/\/www.rucashk.com\/wp-content\/uploads\/2020\/07\/xiaomi-mijia-4-5l-akilli-ultrasonik-uv-sterilizasyonu-antiseptik-sterilizasyon-nemlendirici-ev-ile-calismak-mijia-app-9.jpg\" alt=\"Xiaomi Mijia 4.5L Ak\u0131ll\u0131 Ultrasonik Uv Sterilizasyonu Antiseptik Sterilizasyon Nemlendirici Ev Ile \u00c7al\u0131\u015fmak Mijia App\" \/><\/p>\n<p><img decoding=\"async\" src=\"https:\/\/www.rucashk.com\/wp-content\/uploads\/2020\/07\/xiaomi-mijia-4-5l-akilli-ultrasonik-uv-sterilizasyonu-antiseptik-sterilizasyon-nemlendirici-ev-ile-calismak-mijia-app-10.jpg\" alt=\"Xiaomi Mijia 4.5L Ak\u0131ll\u0131 Ultrasonik Uv Sterilizasyonu Antiseptik Sterilizasyon Nemlendirici Ev Ile \u00c7al\u0131\u015fmak Mijia App\" \/><\/p>\n<p><img decoding=\"async\" src=\"https:\/\/www.rucashk.com\/wp-content\/uploads\/2020\/07\/xiaomi-mijia-4-5l-akilli-ultrasonik-uv-sterilizasyonu-antiseptik-sterilizasyon-nemlendirici-ev-ile-calismak-mijia-app-11.jpg\" alt=\"Xiaomi Mijia 4.5L Ak\u0131ll\u0131 Ultrasonik Uv Sterilizasyonu Antiseptik Sterilizasyon Nemlendirici Ev Ile \u00c7al\u0131\u015fmak Mijia App\" \/><\/p>\n<p><img decoding=\"async\" src=\"https:\/\/www.rucashk.com\/wp-content\/uploads\/2020\/07\/xiaomi-mijia-4-5l-akilli-ultrasonik-uv-sterilizasyonu-antiseptik-sterilizasyon-nemlendirici-ev-ile-calismak-mijia-app-12.jpg\" alt=\"Xiaomi Mijia 4.5L Ak\u0131ll\u0131 Ultrasonik Uv Sterilizasyonu Antiseptik Sterilizasyon Nemlendirici Ev Ile \u00c7al\u0131\u015fmak Mijia App\" \/><\/p>\n<p><img decoding=\"async\" src=\"https:\/\/www.rucashk.com\/wp-content\/uploads\/2020\/07\/xiaomi-mijia-4-5l-akilli-ultrasonik-uv-sterilizasyonu-antiseptik-sterilizasyon-nemlendirici-ev-ile-calismak-mijia-app-13.jpg\" alt=\"Xiaomi Mijia 4.5L Ak\u0131ll\u0131 Ultrasonik Uv Sterilizasyonu Antiseptik Sterilizasyon Nemlendirici Ev Ile \u00c7al\u0131\u015fmak Mijia App\" \/><\/p>\n<p><img decoding=\"async\" src=\"https:\/\/www.rucashk.com\/wp-content\/uploads\/2020\/07\/xiaomi-mijia-4-5l-akilli-ultrasonik-uv-sterilizasyonu-antiseptik-sterilizasyon-nemlendirici-ev-ile-calismak-mijia-app-14.jpg\" alt=\"Xiaomi Mijia 4.5L Ak\u0131ll\u0131 Ultrasonik Uv Sterilizasyonu Antiseptik Sterilizasyon Nemlendirici Ev Ile \u00c7al\u0131\u015fmak Mijia App\" \/><\/p>\n<p><strong>Especificaci\u00f3n:<\/strong><\/p>\n<table border=\"1\" cellspacing=\"1\" cellpadding=\"1\">\n<tbody>\n<tr>\n<td>Marca<\/td>\n<td>Xiaomi<\/td>\n<\/tr>\n<tr>\n<td>modelo<\/td>\n<td>SCK0A45<\/td>\n<\/tr>\n<tr>\n<td>Nombre<\/td>\n<td>Humidificador de aire inteligente Mijia<\/td>\n<\/tr>\n<tr>\n<td>Color<\/td>\n<td>Blanco<\/td>\n<\/tr>\n<tr>\n<td>Tensi\u00f3n nominal<\/td>\n<td>220V 50HZ<\/td>\n<\/tr>\n<tr>\n<td>Potencia nominal<\/td>\n<td>25W<\/td>\n<\/tr>\n<tr>\n<td>Sistema<\/td>\n<td>Sistema de esterilizaci\u00f3n instant\u00e1nea UV-C<\/td>\n<\/tr>\n<tr>\n<td>Capacidad del tanque de agua<\/td>\n<td>4.5L<\/td>\n<\/tr>\n<tr>\n<td>Ruido<\/td>\n<td>\u226438dB<\/td>\n<\/tr>\n<tr>\n<td>Engranaje<\/td>\n<td>3 engranajes<\/td>\n<\/tr>\n<tr>\n<td>Tama\u00f1o<\/td>\n<td>190x190x353mm<\/td>\n<\/tr>\n<tr>\n<td>Peso<\/td>\n<td>1,9 kg<\/td>\n<\/tr>\n<\/tbody>\n<\/table>\n<p><strong>3 engranajes\u00a0<span class=\"tlid-translation translation\" lang=\"en\"><span title=\"\">Volumen de niebla<\/span><\/span>\u00a0:<\/strong><br \/>\nMarcha baja perfecta para la temporada de primavera\u00a0<span class=\"tlid-translation translation\" lang=\"en\"><span title=\"\">Humidificaci\u00f3n<\/span><\/span><br \/>\nEquipo medio perfecto para la temporada de verano Humidificaci\u00f3n de habitaciones con aire acondicionado<br \/>\nAlta velocidad perfecta para\u00a0<span class=\"tlid-translation translation\" lang=\"en\"><span title=\"\">Temporada seca de oto\u00f1o e invierno<\/span><\/span>Humidificaci\u00f3n<\/p>\n<p>\u2013Un anillo de estado claramente segmentado. En la oscuridad, tambi\u00e9n puedes ver el estado de humidificaci\u00f3n. Tambi\u00e9n puede tocar el bot\u00f3n para depurar libremente.<br \/>\n\u2013Unas 18 botellas de agua mineral de 250mL, una vez a\u00f1adida agua, pueden aguantar humidificaci\u00f3n 12 horas 15 horas, dile adi\u00f3s a levantarte en mitad de la noche.<br \/>\n\u2013La v\u00e1lvula de agua el\u00e9ctrica desarrollada con tecnolog\u00eda de sonido ligero permite que el humidificador de esterilizaci\u00f3n inteligente Mijia determine de manera precisa y estable cu\u00e1ndo se repone el agua y se propague lentamente para minimizar el ruido al reponer el agua.<br \/>\n\u2013Se selecciona la l\u00e1mina de atomizaci\u00f3n de alta frecuencia del n\u00facleo cer\u00e1mico y la fuente de agua se atomiza en part\u00edculas de 1 \u03bc 5 micras, entra en erupci\u00f3n a un ritmo instant\u00e1neo a trav\u00e9s del canal de niebla y la cantidad de niebla emitida alcanza los 300 ml\/h. Las peque\u00f1as mol\u00e9culas penetran f\u00e1cilmente en la piel y llegan al fondo de la piel, dejando que la piel sea como una esponja llena de agua.<\/p>","protected":false},"excerpt":{"rendered":"<p>&#8216;&#8211;3 gear adjustable fog volume.<br \/>\n&#8211;Ultraviolet lamp tube &#8211; High light intensity.<br \/>\n&#8211;Less than 38dB noise, quiet and not interrupting.<br \/>\n&#8211;Transparent water gauge-Water quantity is clear.<br \/>\n&#8211;Bottom annular intake &#8211; Helps to speed up the release of moisture.<br \/>\n&#8211;UV-C instant sterilization system releases pure and healthy water mist.<br \/>\n&#8211;Agglomeration spray nozzle &#8211; The water fog is far from the table without make it wet.<\/p>","protected":false},"featured_media":23987,"template":"","meta":[],"product_brand":[],"product_cat":[1318,1305],"product_tag":[],"class_list":{"0":"post-23870","1":"product","2":"type-product","3":"status-publish","4":"has-post-thumbnail","6":"product_cat-gadgets","7":"product_cat-xiaomi-eco","9":"first","10":"instock","11":"shipping-taxable","12":"product-type-external"},"aioseo_notices":[],"aioseo_head":"\n\t\t<!-- All in One SEO Pro 4.5.9.2 - aioseo.com -->\n\t\t<meta name=\"description\" content=\"&#039;--3 gear adjustable fog volume. --Ultraviolet lamp tube - High light intensity. --Less than 38dB noise, quiet and not interrupting. --Transparent water gauge-Water quantity is clear. --Bottom annular intake - Helps to speed up the release of moisture. --UV-C instant sterilization system releases pure and healthy water mist. --Agglomeration spray nozzle - The water fog is far from the table without make it wet.\" \/>\n\t\t<meta name=\"robots\" content=\"max-image-preview:large\" \/>\n\t\t<link rel=\"canonical\" href=\"https:\/\/www.rucashk.com\/es\/producto\/xiaomi-mijia-smart-sterilization-humidifier\/\" \/>\n\t\t<meta name=\"generator\" content=\"All in One SEO Pro (AIOSEO) 4.5.9.2\" \/>\n\t\t<meta property=\"og:locale\" content=\"es_ES\" \/>\n\t\t<meta property=\"og:site_name\" content=\"Rucas - One-stop AIoT Distribution Worldwide\" \/>\n\t\t<meta property=\"og:type\" content=\"article\" \/>\n\t\t<meta property=\"og:title\" content=\"Xiaomi Mijia Smart Sterilization Humidifier - Rucas - Wholesale and Distribution\" \/>\n\t\t<meta property=\"og:description\" content=\"&#039;--3 gear adjustable fog volume. --Ultraviolet lamp tube - High light intensity. --Less than 38dB noise, quiet and not interrupting. --Transparent water gauge-Water quantity is clear. --Bottom annular intake - Helps to speed up the release of moisture. --UV-C instant sterilization system releases pure and healthy water mist. --Agglomeration spray nozzle - The water fog is far from the table without make it wet.\" \/>\n\t\t<meta property=\"og:url\" content=\"https:\/\/www.rucashk.com\/es\/producto\/xiaomi-mijia-smart-sterilization-humidifier\/\" \/>\n\t\t<meta property=\"og:image\" content=\"https:\/\/www.rucashk.com\/wp-content\/uploads\/replace\/503b8e645f128a97ccde2b6290747646.jpeg\" \/>\n\t\t<meta property=\"og:image:secure_url\" content=\"https:\/\/www.rucashk.com\/wp-content\/uploads\/replace\/503b8e645f128a97ccde2b6290747646.jpeg\" \/>\n\t\t<meta property=\"og:image:width\" content=\"1456\" \/>\n\t\t<meta property=\"og:image:height\" content=\"816\" \/>\n\t\t<meta property=\"article:published_time\" content=\"2024-01-09T15:58:35+00:00\" \/>\n\t\t<meta property=\"article:modified_time\" content=\"2024-02-15T04:31:05+00:00\" \/>\n\t\t<meta name=\"twitter:card\" content=\"summary_large_image\" \/>\n\t\t<meta name=\"twitter:title\" content=\"Xiaomi Mijia Smart Sterilization Humidifier - Rucas - Wholesale and Distribution\" \/>\n\t\t<meta name=\"twitter:description\" content=\"&#039;--3 gear adjustable fog volume. --Ultraviolet lamp tube - High light intensity. --Less than 38dB noise, quiet and not interrupting. --Transparent water gauge-Water quantity is clear. --Bottom annular intake - Helps to speed up the release of moisture. --UV-C instant sterilization system releases pure and healthy water mist. --Agglomeration spray nozzle - The water fog is far from the table without make it wet.\" \/>\n\t\t<meta name=\"twitter:image\" content=\"https:\/\/www.rucashk.com\/wp-content\/uploads\/replace\/503b8e645f128a97ccde2b6290747646.jpeg\" \/>\n\t\t<script type=\"application\/ld+json\" class=\"aioseo-schema\">\n\t\t\t{\"@context\":\"https:\\\/\\\/schema.org\",\"@graph\":[{\"@type\":\"BreadcrumbList\",\"@id\":\"https:\\\/\\\/www.rucashk.com\\\/es\\\/producto\\\/xiaomi-mijia-smart-sterilization-humidifier\\\/#breadcrumblist\",\"itemListElement\":[{\"@type\":\"ListItem\",\"@id\":\"https:\\\/\\\/www.rucashk.com\\\/es\\\/#listItem\",\"position\":1,\"name\":\"Home\",\"item\":\"https:\\\/\\\/www.rucashk.com\\\/es\\\/\",\"nextItem\":\"https:\\\/\\\/www.rucashk.com\\\/es\\\/producto\\\/xiaomi-mijia-smart-sterilization-humidifier\\\/#listItem\"},{\"@type\":\"ListItem\",\"@id\":\"https:\\\/\\\/www.rucashk.com\\\/es\\\/producto\\\/xiaomi-mijia-smart-sterilization-humidifier\\\/#listItem\",\"position\":2,\"name\":\"Xiaomi Mijia Smart Sterilization Humidifier\",\"previousItem\":\"https:\\\/\\\/www.rucashk.com\\\/es\\\/#listItem\"}]},{\"@type\":\"Organization\",\"@id\":\"https:\\\/\\\/www.rucashk.com\\\/es\\\/#organization\",\"name\":\"Rucas\",\"url\":\"https:\\\/\\\/www.rucashk.com\\\/es\\\/\",\"logo\":{\"@type\":\"ImageObject\",\"url\":\"https:\\\/\\\/www.rucashk.com\\\/wp-content\\\/uploads\\\/2023\\\/12\\\/Rucas_campany_logo.png\",\"@id\":\"https:\\\/\\\/www.rucashk.com\\\/es\\\/producto\\\/xiaomi-mijia-smart-sterilization-humidifier\\\/#organizationLogo\",\"width\":221,\"height\":65},\"image\":{\"@id\":\"https:\\\/\\\/www.rucashk.com\\\/es\\\/#organizationLogo\"}},{\"@type\":\"Person\",\"@id\":\"https:\\\/\\\/www.rucashk.com\\\/es\\\/author\\\/admin\\\/#author\",\"url\":\"https:\\\/\\\/www.rucashk.com\\\/es\\\/author\\\/admin\\\/\",\"name\":\"admin\",\"image\":{\"@type\":\"ImageObject\",\"@id\":\"https:\\\/\\\/www.rucashk.com\\\/es\\\/producto\\\/xiaomi-mijia-smart-sterilization-humidifier\\\/#authorImage\",\"url\":\"https:\\\/\\\/secure.gravatar.com\\\/avatar\\\/b7c8925b09a27e72b30232f8ecaadbd5af0f70a38c78096863fe51b64f031c24?s=96&d=mm&r=g\",\"width\":96,\"height\":96,\"caption\":\"admin\"}},{\"@type\":\"WebPage\",\"@id\":\"https:\\\/\\\/www.rucashk.com\\\/es\\\/producto\\\/xiaomi-mijia-smart-sterilization-humidifier\\\/#webpage\",\"url\":\"https:\\\/\\\/www.rucashk.com\\\/es\\\/producto\\\/xiaomi-mijia-smart-sterilization-humidifier\\\/\",\"name\":\"Xiaomi Mijia Smart Sterilization Humidifier - Rucas - Wholesale and Distribution\",\"description\":\"'--3 gear adjustable fog volume. --Ultraviolet lamp tube - High light intensity. --Less than 38dB noise, quiet and not interrupting. --Transparent water gauge-Water quantity is clear. --Bottom annular intake - Helps to speed up the release of moisture. --UV-C instant sterilization system releases pure and healthy water mist. --Agglomeration spray nozzle - The water fog is far from the table without make it wet.\",\"inLanguage\":\"es-ES\",\"isPartOf\":{\"@id\":\"https:\\\/\\\/www.rucashk.com\\\/es\\\/#website\"},\"breadcrumb\":{\"@id\":\"https:\\\/\\\/www.rucashk.com\\\/es\\\/producto\\\/xiaomi-mijia-smart-sterilization-humidifier\\\/#breadcrumblist\"},\"author\":{\"@id\":\"https:\\\/\\\/www.rucashk.com\\\/es\\\/author\\\/admin\\\/#author\"},\"creator\":{\"@id\":\"https:\\\/\\\/www.rucashk.com\\\/es\\\/author\\\/admin\\\/#author\"},\"image\":{\"@type\":\"ImageObject\",\"url\":\"https:\\\/\\\/www.rucashk.com\\\/wp-content\\\/uploads\\\/2024\\\/01\\\/07857c22-9820-40f1-8837-78af4483ebe0.jpg\",\"@id\":\"https:\\\/\\\/www.rucashk.com\\\/es\\\/producto\\\/xiaomi-mijia-smart-sterilization-humidifier\\\/#mainImage\",\"width\":1080,\"height\":1080},\"primaryImageOfPage\":{\"@id\":\"https:\\\/\\\/www.rucashk.com\\\/es\\\/producto\\\/xiaomi-mijia-smart-sterilization-humidifier\\\/#mainImage\"},\"datePublished\":\"2024-01-09T15:58:35+00:00\",\"dateModified\":\"2024-02-15T04:31:05+00:00\"},{\"@type\":\"WebSite\",\"@id\":\"https:\\\/\\\/www.rucashk.com\\\/es\\\/#website\",\"url\":\"https:\\\/\\\/www.rucashk.com\\\/es\\\/\",\"name\":\"Rucas - Wholesale and distribution worldwide\",\"alternateName\":\"Rucas - One-stop AIoT Distribution Worldwide\",\"description\":\"One-stop AIoT Distribution Worldwide\",\"inLanguage\":\"es-ES\",\"publisher\":{\"@id\":\"https:\\\/\\\/www.rucashk.com\\\/es\\\/#organization\"}}]}\n\t\t<\/script>\n\t\t<!-- All in One SEO Pro -->\r\n\t\t<title>Xiaomi Mijia Smart Sterilization Humidifier - Rucas - Wholesale and Distribution<\/title>\n\n","aioseo_head_json":{"title":"Xiaomi Mijia Smart Sterilization Humidifier - Rucas - Wholesale and Distribution","description":"'--3 gear adjustable fog volume. --Ultraviolet lamp tube - High light intensity. --Less than 38dB noise, quiet and not interrupting. --Transparent water gauge-Water quantity is clear. --Bottom annular intake - Helps to speed up the release of moisture. --UV-C instant sterilization system releases pure and healthy water mist. --Agglomeration spray nozzle - The water fog is far from the table without make it wet.","canonical_url":"https:\/\/www.rucashk.com\/es\/producto\/xiaomi-mijia-smart-sterilization-humidifier\/","robots":"max-image-preview:large","keywords":"","webmasterTools":{"miscellaneous":""},"og:locale":"es_ES","og:site_name":"Rucas - One-stop AIoT Distribution Worldwide","og:type":"article","og:title":"Xiaomi Mijia Smart Sterilization Humidifier - Rucas - Wholesale and Distribution","og:description":"'--3 gear adjustable fog volume. --Ultraviolet lamp tube - High light intensity. --Less than 38dB noise, quiet and not interrupting. --Transparent water gauge-Water quantity is clear. --Bottom annular intake - Helps to speed up the release of moisture. --UV-C instant sterilization system releases pure and healthy water mist. --Agglomeration spray nozzle - The water fog is far from the table without make it wet.","og:url":"https:\/\/www.rucashk.com\/es\/producto\/xiaomi-mijia-smart-sterilization-humidifier\/","og:image":"https:\/\/www.rucashk.com\/wp-content\/uploads\/replace\/503b8e645f128a97ccde2b6290747646.jpeg","og:image:secure_url":"https:\/\/www.rucashk.com\/wp-content\/uploads\/replace\/503b8e645f128a97ccde2b6290747646.jpeg","og:image:width":1456,"og:image:height":816,"article:published_time":"2024-01-09T15:58:35+00:00","article:modified_time":"2024-02-15T04:31:05+00:00","twitter:card":"summary_large_image","twitter:title":"Xiaomi Mijia Smart Sterilization Humidifier - Rucas - Wholesale and Distribution","twitter:description":"'--3 gear adjustable fog volume. --Ultraviolet lamp tube - High light intensity. --Less than 38dB noise, quiet and not interrupting. --Transparent water gauge-Water quantity is clear. --Bottom annular intake - Helps to speed up the release of moisture. --UV-C instant sterilization system releases pure and healthy water mist. --Agglomeration spray nozzle - The water fog is far from the table without make it wet.","twitter:image":"https:\/\/www.rucashk.com\/wp-content\/uploads\/replace\/503b8e645f128a97ccde2b6290747646.jpeg","schema":{"@context":"https:\/\/schema.org","@graph":[{"@type":"BreadcrumbList","@id":"https:\/\/www.rucashk.com\/es\/producto\/xiaomi-mijia-smart-sterilization-humidifier\/#breadcrumblist","itemListElement":[{"@type":"ListItem","@id":"https:\/\/www.rucashk.com\/es\/#listItem","position":1,"name":"Home","item":"https:\/\/www.rucashk.com\/es\/","nextItem":"https:\/\/www.rucashk.com\/es\/producto\/xiaomi-mijia-smart-sterilization-humidifier\/#listItem"},{"@type":"ListItem","@id":"https:\/\/www.rucashk.com\/es\/producto\/xiaomi-mijia-smart-sterilization-humidifier\/#listItem","position":2,"name":"Xiaomi Mijia Smart Sterilization Humidifier","previousItem":"https:\/\/www.rucashk.com\/es\/#listItem"}]},{"@type":"Organization","@id":"https:\/\/www.rucashk.com\/es\/#organization","name":"Rucas","url":"https:\/\/www.rucashk.com\/es\/","logo":{"@type":"ImageObject","url":"https:\/\/www.rucashk.com\/wp-content\/uploads\/2023\/12\/Rucas_campany_logo.png","@id":"https:\/\/www.rucashk.com\/es\/producto\/xiaomi-mijia-smart-sterilization-humidifier\/#organizationLogo","width":221,"height":65},"image":{"@id":"https:\/\/www.rucashk.com\/es\/#organizationLogo"}},{"@type":"Person","@id":"https:\/\/www.rucashk.com\/es\/author\/admin\/#author","url":"https:\/\/www.rucashk.com\/es\/author\/admin\/","name":"admin","image":{"@type":"ImageObject","@id":"https:\/\/www.rucashk.com\/es\/producto\/xiaomi-mijia-smart-sterilization-humidifier\/#authorImage","url":"https:\/\/secure.gravatar.com\/avatar\/b7c8925b09a27e72b30232f8ecaadbd5af0f70a38c78096863fe51b64f031c24?s=96&d=mm&r=g","width":96,"height":96,"caption":"admin"}},{"@type":"WebPage","@id":"https:\/\/www.rucashk.com\/es\/producto\/xiaomi-mijia-smart-sterilization-humidifier\/#webpage","url":"https:\/\/www.rucashk.com\/es\/producto\/xiaomi-mijia-smart-sterilization-humidifier\/","name":"Xiaomi Mijia Smart Sterilization Humidifier - Rucas - Wholesale and Distribution","description":"'--3 gear adjustable fog volume. --Ultraviolet lamp tube - High light intensity. --Less than 38dB noise, quiet and not interrupting. --Transparent water gauge-Water quantity is clear. --Bottom annular intake - Helps to speed up the release of moisture. --UV-C instant sterilization system releases pure and healthy water mist. --Agglomeration spray nozzle - The water fog is far from the table without make it wet.","inLanguage":"es-ES","isPartOf":{"@id":"https:\/\/www.rucashk.com\/es\/#website"},"breadcrumb":{"@id":"https:\/\/www.rucashk.com\/es\/producto\/xiaomi-mijia-smart-sterilization-humidifier\/#breadcrumblist"},"author":{"@id":"https:\/\/www.rucashk.com\/es\/author\/admin\/#author"},"creator":{"@id":"https:\/\/www.rucashk.com\/es\/author\/admin\/#author"},"image":{"@type":"ImageObject","url":"https:\/\/www.rucashk.com\/wp-content\/uploads\/2024\/01\/07857c22-9820-40f1-8837-78af4483ebe0.jpg","@id":"https:\/\/www.rucashk.com\/es\/producto\/xiaomi-mijia-smart-sterilization-humidifier\/#mainImage","width":1080,"height":1080},"primaryImageOfPage":{"@id":"https:\/\/www.rucashk.com\/es\/producto\/xiaomi-mijia-smart-sterilization-humidifier\/#mainImage"},"datePublished":"2024-01-09T15:58:35+00:00","dateModified":"2024-02-15T04:31:05+00:00"},{"@type":"WebSite","@id":"https:\/\/www.rucashk.com\/es\/#website","url":"https:\/\/www.rucashk.com\/es\/","name":"Rucas - Wholesale and distribution worldwide","alternateName":"Rucas - One-stop AIoT Distribution Worldwide","description":"One-stop AIoT Distribution Worldwide","inLanguage":"es-ES","publisher":{"@id":"https:\/\/www.rucashk.com\/es\/#organization"}}]}},"aioseo_meta_data":{"post_id":"23870","title":null,"description":null,"keywords":null,"keyphrases":null,"primary_term":null,"canonical_url":null,"og_title":null,"og_description":null,"og_object_type":"default","og_image_type":"default","og_image_url":null,"og_image_width":null,"og_image_height":null,"og_image_custom_url":null,"og_image_custom_fields":null,"og_video":null,"og_custom_url":null,"og_article_section":null,"og_article_tags":null,"twitter_use_og":false,"twitter_card":"default","twitter_image_type":"default","twitter_image_url":null,"twitter_image_custom_url":null,"twitter_image_custom_fields":null,"twitter_title":null,"twitter_description":null,"schema":{"blockGraphs":[],"customGraphs":[],"default":{"data":{"Article":[],"Course":[],"Dataset":[],"FAQPage":[],"Movie":[],"Person":[],"Product":[],"Recipe":[],"Service":[],"SoftwareApplication":[],"WebPage":[]},"graphName":"","isEnabled":true},"graphs":[]},"schema_type":"default","schema_type_options":null,"pillar_content":false,"robots_default":true,"robots_noindex":false,"robots_noarchive":false,"robots_nosnippet":false,"robots_nofollow":false,"robots_noimageindex":false,"robots_noodp":false,"robots_notranslate":false,"robots_max_snippet":null,"robots_max_videopreview":null,"robots_max_imagepreview":"large","priority":null,"frequency":null,"local_seo":null,"breadcrumb_settings":null,"limit_modified_date":false,"created":"2024-04-11 01:57:07","updated":"2025-06-22 17:17:06"},"aioseo_breadcrumb":"<div class=\"aioseo-breadcrumbs\"><span class=\"aioseo-breadcrumb\">\n\t<a href=\"https:\/\/www.rucashk.com\/es\" title=\"Home\">Home<\/a>\n<\/span><span class=\"aioseo-breadcrumb-separator\">&raquo;<\/span><span class=\"aioseo-breadcrumb\">\n\t<a href=\"https:\/\/www.rucashk.com\/es\/products\/\" title=\"Productos\">Productos<\/a>\n<\/span><span class=\"aioseo-breadcrumb-separator\">&raquo;<\/span><span class=\"aioseo-breadcrumb\">\n\t<a href=\"https:\/\/www.rucashk.com\/es\/categoria-producto\/xiaomi-eco\/\" title=\"Xiaomi Eco\">Xiaomi Eco<\/a>\n<\/span><span class=\"aioseo-breadcrumb-separator\">&raquo;<\/span><span class=\"aioseo-breadcrumb\">\n\t<a href=\"https:\/\/www.rucashk.com\/es\/categoria-producto\/xiaomi-eco\/gadgets\/\" title=\"Gadgets\">Gadgets<\/a>\n<\/span><span class=\"aioseo-breadcrumb-separator\">&raquo;<\/span><span class=\"aioseo-breadcrumb\">\n\tXiaomi Mijia Smart Sterilization Humidifier\n<\/span><\/div>","aioseo_breadcrumb_json":[{"label":"Home","link":"https:\/\/www.rucashk.com\/es"},{"label":"Productos","link":"https:\/\/www.rucashk.com\/es\/products\/"},{"label":"Xiaomi Eco","link":"https:\/\/www.rucashk.com\/es\/categoria-producto\/xiaomi-eco\/"},{"label":"Gadgets","link":"https:\/\/www.rucashk.com\/es\/categoria-producto\/xiaomi-eco\/gadgets\/"},{"label":"Xiaomi Mijia Smart Sterilization Humidifier","link":"https:\/\/www.rucashk.com\/es\/producto\/xiaomi-mijia-smart-sterilization-humidifier\/"}],"_links":{"self":[{"href":"https:\/\/www.rucashk.com\/es\/wp-json\/wp\/v2\/product\/23870","targetHints":{"allow":["GET"]}}],"collection":[{"href":"https:\/\/www.rucashk.com\/es\/wp-json\/wp\/v2\/product"}],"about":[{"href":"https:\/\/www.rucashk.com\/es\/wp-json\/wp\/v2\/types\/product"}],"wp:featuredmedia":[{"embeddable":true,"href":"https:\/\/www.rucashk.com\/es\/wp-json\/wp\/v2\/media\/23987"}],"wp:attachment":[{"href":"https:\/\/www.rucashk.com\/es\/wp-json\/wp\/v2\/media?parent=23870"}],"wp:term":[{"taxonomy":"product_brand","embeddable":true,"href":"https:\/\/www.rucashk.com\/es\/wp-json\/wp\/v2\/product_brand?post=23870"},{"taxonomy":"product_cat","embeddable":true,"href":"https:\/\/www.rucashk.com\/es\/wp-json\/wp\/v2\/product_cat?post=23870"},{"taxonomy":"product_tag","embeddable":true,"href":"https:\/\/www.rucashk.com\/es\/wp-json\/wp\/v2\/product_tag?post=23870"}],"curies":[{"name":"wp","href":"https:\/\/api.w.org\/{rel}","templated":true}]}}